{"id":10004,"date":"2025-04-14T04:28:00","date_gmt":"2025-04-14T01:28:00","guid":{"rendered":"https:\/\/gtmteknoloji.com\/b2b\/?post_type=product&#038;p=10004"},"modified":"2025-12-02T14:32:55","modified_gmt":"2025-12-02T11:32:55","slug":"superserver-sys-120tp-dc1tr-server","status":"publish","type":"product","link":"https:\/\/gtmteknoloji.com\/b2b\/magaza\/server\/multi-node-server\/twin-pro\/superserver-sys-120tp-dc1tr-server\/","title":{"rendered":"SuperServer SYS-120TP-DC1TR Server"},"content":{"rendered":"<p><strong>1U form fakt\u00f6r\u00fcnde \u00e7al\u0131\u015f\u0131r durumda tak\u0131labilir 2 sistem (d\u00fc\u011f\u00fcm). Her d\u00fc\u011f\u00fcm a\u015fa\u011f\u0131dakileri destekler:<\/strong><\/p>\n<table border=\"0\" width=\"337\" cellspacing=\"0\" cellpadding=\"0\">\n<tbody>\n<tr>\n<td class=\"feature border_b\" width=\"90\"><span class=\"w90\">Form Factor<\/span><\/td>\n<td class=\"description border_b\" width=\"247\">1U Rackmount<\/td>\n<\/tr>\n<\/tbody>\n<\/table>\n<table border=\"0\" width=\"337\" cellspacing=\"0\" cellpadding=\"0\">\n<tbody>\n<tr>\n<td class=\"feature border_b\" width=\"90\"><span class=\"w90\">CPU<\/span><\/td>\n<td class=\"description border_b\" width=\"247\">\n<ul class=\"desc\">\n<li class=\"desc\">Dual Socket P+ (LGA-4189)<\/li>\n<li class=\"desc\">3rd Generation Intel\u00ae Xeon\u00ae Scalable processors<\/li>\n<li class=\"desc\">Dual UPI up to 11.2GT\/s<\/li>\n<li class=\"desc\">Support CPU TDP 185W<strong><span style=\"color: red;\">\u00a0*<\/span><\/strong><\/li>\n<\/ul>\n<\/td>\n<\/tr>\n<tr>\n<td class=\"feature border_b\" width=\"90\"><span class=\"w90\">Cores<\/span><\/td>\n<td class=\"description border_b\" width=\"247\">\n<ul class=\"desc\">\n<li class=\"desc\">Up to 32C\/64T<\/li>\n<\/ul>\n<\/td>\n<\/tr>\n<\/tbody>\n<\/table>\n<table border=\"0\" width=\"337\" cellspacing=\"0\" cellpadding=\"0\">\n<tbody>\n<tr>\n<td class=\"feature border_b\" width=\"90\"><span class=\"w90\">Memory<\/span><\/td>\n<td class=\"description border_b\" width=\"247\">\n<ul class=\"desc\">\n<li class=\"desc\">Memory Capacity: 16 DIMM slots<\/li>\n<li class=\"desc\">UP to 4TB: 16x 256 GB DRAM<\/li>\n<li class=\"desc\">Memory Type: 3200\/2933\/2666MHz ECC DDR4 RDIM<span style=\"font-family: inherit; font-size: inherit;\">M<\/span><\/li>\n<\/ul>\n<\/td>\n<\/tr>\n<\/tbody>\n<\/table>\n<table border=\"0\" width=\"337\" cellspacing=\"0\" cellpadding=\"0\">\n<tbody>\n<tr>\n<td class=\"feature border_b\" width=\"90\"><span class=\"w90\">Hot-swap<\/span><\/td>\n<td class=\"description border_b\" width=\"247\">\n<ul class=\"desc\">\n<li class=\"desc\">4x 2.5&#8243; hot-swap SATA\/SAS drive bays<\/li>\n<\/ul>\n<\/td>\n<\/tr>\n<\/tbody>\n<\/table>\n<table border=\"0\" width=\"337\" cellspacing=\"0\" cellpadding=\"0\">\n<tbody>\n<tr>\n<td class=\"feature border_b\" width=\"90\"><span class=\"w90\">PCI-Express (PCI-E)<\/span><\/td>\n<td class=\"description border_b\" width=\"247\">\n<ul class=\"desc\">\n<li class=\"desc\">Slot 1: PCI-E 4.0 x16 LP<\/li>\n<li class=\"desc\">Slot 2: PCI-E 4.0 x16 LP<\/li>\n<li class=\"desc\">Internal Slot: M.<span style=\"font-family: inherit; font-size: inherit;\">2<\/span><\/li>\n<\/ul>\n<\/td>\n<\/tr>\n<\/tbody>\n<\/table>\n<table border=\"0\" width=\"337\" cellspacing=\"0\" cellpadding=\"0\">\n<tbody>\n<tr>\n<td class=\"feature border_b\" width=\"90\"><span class=\"w90\">Fans<\/span><\/td>\n<td class=\"description border_b\" width=\"247\">\n<ul class=\"desc\">\n<li class=\"desc\">6x 4cm heavy duty fans with optimal fan speed control<\/li>\n<\/ul>\n<\/td>\n<\/tr>\n<\/tbody>\n<\/table>\n<table border=\"0\" width=\"337\" cellspacing=\"0\" cellpadding=\"0\">\n<tbody>\n<tr>\n<td class=\"feature border_b\" width=\"90\"><span class=\"w90\">Chipset<\/span><\/td>\n<td class=\"description border_b\" width=\"247\">\n<ul class=\"desc\">\n<li class=\"desc\">Intel\u00ae C621A<\/li>\n<\/ul>\n<\/td>\n<\/tr>\n<tr>\n<td class=\"feature border_b\" width=\"90\"><span class=\"w90\">Network Connectivity<\/span><\/td>\n<td class=\"description border_b\" width=\"247\">\n<ul class=\"desc\">\n<li class=\"desc\">2x 10GbE BaseT with Intel\u00ae X710-AT2<\/li>\n<\/ul>\n<\/td>\n<\/tr>\n<tr>\n<td class=\"feature border_b\" width=\"90\"><span class=\"w90\">IPMI<\/span><\/td>\n<td class=\"description border_b\" width=\"247\">\n<ul class=\"desc\">\n<li class=\"desc\">Support for Intelligent Platform Management Interface v.2.0<\/li>\n<li class=\"desc\">IPMI 2.0 with virtual media over LAN and KVM-over-LAN support<\/li>\n<\/ul>\n<\/td>\n<\/tr>\n<\/tbody>\n<\/table>\n<table border=\"0\" width=\"337\" cellspacing=\"0\" cellpadding=\"0\">\n<tbody>\n<tr>\n<td class=\"feature border_b\" width=\"82\"><span class=\"w90\">LAN<\/span><\/td>\n<td class=\"description border_b\" width=\"255\">\n<ul class=\"desc\">\n<li class=\"desc\">1 RJ45 Dedicated IPMI LAN port<\/li>\n<\/ul>\n<\/td>\n<\/tr>\n<tr>\n<td class=\"feature border_b\" width=\"82\"><span class=\"w90\">USB<\/span><\/td>\n<td class=\"description border_b\" width=\"255\">\n<ul class=\"desc\">\n<li class=\"desc\">2 USB 3 port(s) (2 rear)<\/li>\n<\/ul>\n<\/td>\n<\/tr>\n<tr>\n<td class=\"feature border_b\" width=\"82\"><span class=\"w90\">Video<\/span><\/td>\n<td class=\"description border_b\" width=\"255\">\n<ul class=\"desc\">\n<li class=\"desc\">1 VGA port(s)<\/li>\n<\/ul>\n<\/td>\n<\/tr>\n<tr>\n<td class=\"feature border_b\" width=\"82\"><span class=\"w90\">DOM<\/span><\/td>\n<td class=\"description border_b\" width=\"255\">\n<ul class=\"desc\">\n<li class=\"desc\">2 SuperDOM\u00a0(Disk on Module) port<\/li>\n<\/ul>\n<\/td>\n<\/tr>\n<\/tbody>\n<\/table>\n<table border=\"0\" width=\"337\" cellspacing=\"0\" cellpadding=\"0\">\n<tbody>\n<tr>\n<td class=\"feature border_b\" width=\"90\"><span class=\"w90\">Software<\/span><\/td>\n<td class=\"description border_b\" width=\"247\">\n<ul class=\"desc\">\n<li class=\"desc\">Redfish API<\/li>\n<li class=\"desc\">IPMI 2.0<\/li>\n<li class=\"desc\">SSM<\/li>\n<li class=\"desc\">Intel\u00ae Node Manager<\/li>\n<li class=\"desc\">SPM<\/li>\n<li class=\"desc\">KVM with dedicated LAN<\/li>\n<li class=\"desc\">SUM<\/li>\n<li class=\"desc\">NMI<\/li>\n<li class=\"desc\">Watch Dog<\/li>\n<li class=\"desc\">SuperDoctor\u00ae 5<\/li>\n<\/ul>\n<\/td>\n<\/tr>\n<\/tbody>\n<\/table>\n<table border=\"0\" width=\"337\" cellspacing=\"0\" cellpadding=\"0\">\n<tbody>\n<tr>\n<td class=\"feature border_b\" width=\"82\"><span class=\"w90\">CPU<\/span><\/td>\n<td class=\"description border_b\" width=\"255\">\n<ul class=\"desc\">\n<li class=\"desc\">5 Phase-switching voltage regulator<\/li>\n<li class=\"desc\">Monitors for CPU Cores, Chipset Voltages, Memory<\/li>\n<\/ul>\n<\/td>\n<\/tr>\n<tr>\n<td class=\"feature border_b\" width=\"82\"><span class=\"w90\">FAN<\/span><\/td>\n<td class=\"description border_b\" width=\"255\">\n<ul class=\"desc\">\n<li class=\"desc\">Fans with tachometer monitoring<\/li>\n<li class=\"desc\">Pulse Width Modulated (PWM) fan connectors<\/li>\n<li class=\"desc\">Status monitor for speed control<\/li>\n<\/ul>\n<\/td>\n<\/tr>\n<\/tbody>\n<\/table>\n<table border=\"0\" width=\"337\" cellspacing=\"0\" cellpadding=\"0\">\n<tbody>\n<tr>\n<td class=\"feature border_b\" width=\"90\"><span class=\"w90\">Power Supply<\/span><\/td>\n<td class=\"description border_b\" width=\"247\">\n<ul class=\"desc\">\n<li class=\"desc\">1U 1000W Redundant, Titanium, 38(W) X 40(H) X 360(L) mm<\/li>\n<\/ul>\n<\/td>\n<\/tr>\n<\/tbody>\n<\/table>\n<p>Broadcom\u00ae 3108 SAS (12Gbps); 4 slots per node; RAID 0, 1, 5, 6, 10 support.<\/p>\n","protected":false},"excerpt":{"rendered":"<h1><a href=\"https:\/\/gtmteknoloji.com\/teklif-talep\/\">TEKL\u0130F A<\/a>L<\/h1>\n<div class=\"container_16 systembucket bucket4925\">\n<div class=\"grid_14 products\">\n<div class=\"container spec-container\">\n<div class=\"spec-main \">\n<div class=\"sku\">\n<div class=\"container spec-container\">\n<div class=\"spec-main \">\n<div class=\"sku\">\n<div class=\"container spec-container\">\n<div class=\"spec-main \">\n<div class=\"sku\">\n<div class=\"container spec-container\">\n<div class=\"spec-main \">\n<div class=\"sku\">\n<div class=\"container spec-container\">\n<div class=\"spec-main \">\n<div class=\"sku\">\n<div class=\"container spec-container\">\n<div class=\"spec-main \">\n<div class=\"sku\">\n<div class=\"container spec-container\">\n<div class=\"spec-main \">\n<div class=\"sku\">\n<div class=\"container spec-container\">\n<div class=\"spec-main \">\n<div class=\"sku\">\n<div class=\"container spec-container\">\n<div class=\"spec-main \">\n<div class=\"sku\">\n<div class=\"container spec-container\">\n<div class=\"spec-main \">\n<div class=\"sku\">\n<div class=\"container spec-container\">\n<div class=\"spec-main \">\n<div class=\"sku\">\n<div class=\"container spec-container\">\n<div class=\"spec-main \">\n<div class=\"sku\">\n<div class=\"container spec-container\">\n<div class=\"spec-main \">\n<div class=\"sku\">Twin SuperServer SYS-120TP-DC1TR<\/div>\n<\/div>\n<\/div>\n<\/div>\n<\/div>\n<\/div>\n<\/div>\n<\/div>\n<\/div>\n<\/div>\n<\/div>\n<\/div>\n<\/div>\n<\/div>\n<\/div>\n<\/div>\n<\/div>\n<\/div>\n<\/div>\n<\/div>\n<\/div>\n<\/div>\n<\/div>\n<\/div>\n<\/div>\n<\/div>\n<\/div>\n<\/div>\n<\/div>\n<\/div>\n<\/div>\n<\/div>\n<\/div>\n<div class=\"dialog-off-canvas-main-canvas\" data-off-canvas-main-canvas=\"\">\n<div class=\"breadcrumbs\">\n<div class=\"container\">\n<div class=\"content-inner\">\n<div>\n<div id=\"block-gavias-emon-breadcrumbs\" class=\"block block-system block-system-breadcrumb-block no-title\">\n<div class=\"content block-content\"><\/div>\n<\/div>\n<\/div>\n<\/div>\n<\/div>\n<\/div>\n<\/div>\n<\/div>\n<\/div>\n<\/div>\n<\/div>\n<\/div>\n<\/div>\n<div class=\"dialog-off-canvas-main-canvas\" data-off-canvas-main-canvas=\"\">\n<div class=\"breadcrumbs\">\n<div class=\"container\">\n<div class=\"content-inner\">\n<div>\n<div id=\"block-gavias-emon-breadcrumbs\" class=\"block block-system block-system-breadcrumb-block no-title\">\n<div class=\"content block-content\"><\/div>\n<\/div>\n<\/div>\n<\/div>\n<\/div>\n<\/div>\n<\/div>\n<\/div>\n<\/div>\n","protected":false},"featured_media":11114,"template":"","meta":[],"product_brand":[338],"product_cat":[1759,1883],"product_tag":[2665,2666,2578,1768,2706,2093],"class_list":{"0":"post-10004","1":"product","2":"type-product","3":"status-publish","4":"has-post-thumbnail","6":"product_brand-supermicro-server-turkiye","7":"product_cat-server","8":"product_cat-twin-pro","9":"product_tag-3-nesil-intel-xeon","10":"product_tag-3rd-gen-intel-xeon-scalable","11":"product_tag-high-performance","12":"product_tag-superserver","13":"product_tag-sys-120tp-dc1tr","14":"product_tag-twin-pro","16":"first","17":"instock","18":"taxable","19":"shipping-taxable","20":"product-type-external"},"yoast_head":"<!-- This site is optimized with the Yoast SEO Premium plugin v27.4 (Yoast SEO v27.4) - https:\/\/yoast.com\/product\/yoast-seo-premium-wordpress\/ -->\n<title>SuperServer SYS-120TP-DC1TR Server - GTM Teknoloji<\/title>\n<meta name=\"robots\" content=\"index, follow, max-snippet:-1, max-image-preview:large, max-video-preview:-1\" \/>\n<link rel=\"canonical\" href=\"https:\/\/gtmteknoloji.com\/b2b\/magaza\/server\/multi-node-server\/twin-pro\/superserver-sys-120tp-dc1tr-server\/\" \/>\n<meta property=\"og:locale\" content=\"tr_TR\" \/>\n<meta property=\"og:type\" content=\"article\" \/>\n<meta property=\"og:title\" content=\"SuperServer SYS-120TP-DC1TR Server\" \/>\n<meta property=\"og:description\" content=\"TEKL\u0130F AL                                         Twin SuperServer SYS-120TP-DC1TR\" \/>\n<meta property=\"og:url\" content=\"https:\/\/gtmteknoloji.com\/b2b\/magaza\/server\/multi-node-server\/twin-pro\/superserver-sys-120tp-dc1tr-server\/\" \/>\n<meta property=\"og:site_name\" content=\"GTM Teknoloji\" \/>\n<meta property=\"article:publisher\" content=\"https:\/\/www.facebook.com\/SupermicroTurkiye\/?locale=tr_TR\" \/>\n<meta property=\"article:modified_time\" content=\"2025-12-02T11:32:55+00:00\" \/>\n<meta property=\"og:image\" content=\"https:\/\/gtmteknoloji.com\/b2b\/wp-content\/uploads\/2025\/04\/supermicro-twin-server-sys-120tp-dc1tr-gtm-teknoloji.webp\" \/>\n\t<meta property=\"og:image:width\" content=\"1000\" \/>\n\t<meta property=\"og:image:height\" content=\"1000\" \/>\n\t<meta property=\"og:image:type\" content=\"image\/webp\" \/>\n<meta name=\"twitter:card\" content=\"summary_large_image\" \/>\n<meta name=\"twitter:site\" content=\"@gtmteknoloji\" \/>\n<meta name=\"twitter:label1\" content=\"Fiyat\" \/>\n\t<meta name=\"twitter:data1\" content=\"\" \/>\n\t<meta name=\"twitter:label2\" content=\"Durumu\" \/>\n\t<meta name=\"twitter:data2\" content=\"Stokta var\" \/>\n<script type=\"application\/ld+json\" class=\"yoast-schema-graph\">{\"@context\":\"https:\\\/\\\/schema.org\",\"@graph\":[{\"@type\":\"WebPage\",\"@id\":\"https:\\\/\\\/gtmteknoloji.com\\\/b2b\\\/magaza\\\/server\\\/multi-node-server\\\/twin-pro\\\/superserver-sys-120tp-dc1tr-server\\\/\",\"url\":\"https:\\\/\\\/gtmteknoloji.com\\\/b2b\\\/magaza\\\/server\\\/multi-node-server\\\/twin-pro\\\/superserver-sys-120tp-dc1tr-server\\\/\",\"name\":\"SuperServer SYS-120TP-DC1TR Server - GTM Teknoloji\",\"isPartOf\":{\"@id\":\"https:\\\/\\\/gtmteknoloji.com\\\/b2b\\\/#website\"},\"primaryImageOfPage\":{\"@id\":\"https:\\\/\\\/gtmteknoloji.com\\\/b2b\\\/magaza\\\/server\\\/multi-node-server\\\/twin-pro\\\/superserver-sys-120tp-dc1tr-server\\\/#primaryimage\"},\"image\":{\"@id\":\"https:\\\/\\\/gtmteknoloji.com\\\/b2b\\\/magaza\\\/server\\\/multi-node-server\\\/twin-pro\\\/superserver-sys-120tp-dc1tr-server\\\/#primaryimage\"},\"thumbnailUrl\":\"https:\\\/\\\/gtmteknoloji.com\\\/b2b\\\/wp-content\\\/uploads\\\/2025\\\/04\\\/supermicro-twin-server-sys-120tp-dc1tr-gtm-teknoloji.webp\",\"datePublished\":\"2025-04-14T01:28:00+00:00\",\"dateModified\":\"2025-12-02T11:32:55+00:00\",\"breadcrumb\":{\"@id\":\"https:\\\/\\\/gtmteknoloji.com\\\/b2b\\\/magaza\\\/server\\\/multi-node-server\\\/twin-pro\\\/superserver-sys-120tp-dc1tr-server\\\/#breadcrumb\"},\"inLanguage\":\"tr\",\"potentialAction\":[{\"@type\":\"ReadAction\",\"target\":[\"https:\\\/\\\/gtmteknoloji.com\\\/b2b\\\/magaza\\\/server\\\/multi-node-server\\\/twin-pro\\\/superserver-sys-120tp-dc1tr-server\\\/\"]}]},{\"@type\":\"ImageObject\",\"inLanguage\":\"tr\",\"@id\":\"https:\\\/\\\/gtmteknoloji.com\\\/b2b\\\/magaza\\\/server\\\/multi-node-server\\\/twin-pro\\\/superserver-sys-120tp-dc1tr-server\\\/#primaryimage\",\"url\":\"https:\\\/\\\/gtmteknoloji.com\\\/b2b\\\/wp-content\\\/uploads\\\/2025\\\/04\\\/supermicro-twin-server-sys-120tp-dc1tr-gtm-teknoloji.webp\",\"contentUrl\":\"https:\\\/\\\/gtmteknoloji.com\\\/b2b\\\/wp-content\\\/uploads\\\/2025\\\/04\\\/supermicro-twin-server-sys-120tp-dc1tr-gtm-teknoloji.webp\",\"width\":1000,\"height\":1000},{\"@type\":\"BreadcrumbList\",\"@id\":\"https:\\\/\\\/gtmteknoloji.com\\\/b2b\\\/magaza\\\/server\\\/multi-node-server\\\/twin-pro\\\/superserver-sys-120tp-dc1tr-server\\\/#breadcrumb\",\"itemListElement\":[{\"@type\":\"ListItem\",\"position\":1,\"name\":\"Home\",\"item\":\"https:\\\/\\\/gtmteknoloji.com\\\/b2b\\\/\"},{\"@type\":\"ListItem\",\"position\":2,\"name\":\"Ma\u011faza\",\"item\":\"https:\\\/\\\/gtmteknoloji.com\\\/b2b\\\/magaza\\\/\"},{\"@type\":\"ListItem\",\"position\":3,\"name\":\"SuperServer SYS-120TP-DC1TR Server\"}]},{\"@type\":\"WebSite\",\"@id\":\"https:\\\/\\\/gtmteknoloji.com\\\/b2b\\\/#website\",\"url\":\"https:\\\/\\\/gtmteknoloji.com\\\/b2b\\\/\",\"name\":\"GTM Teknoloji\",\"description\":\"B2B Sat\u0131\u015f Portal\u0131\",\"publisher\":{\"@id\":\"https:\\\/\\\/gtmteknoloji.com\\\/b2b\\\/#organization\"},\"potentialAction\":[{\"@type\":\"SearchAction\",\"target\":{\"@type\":\"EntryPoint\",\"urlTemplate\":\"https:\\\/\\\/gtmteknoloji.com\\\/b2b\\\/?s={search_term_string}\"},\"query-input\":{\"@type\":\"PropertyValueSpecification\",\"valueRequired\":true,\"valueName\":\"search_term_string\"}}],\"inLanguage\":\"tr\"},{\"@type\":\"Organization\",\"@id\":\"https:\\\/\\\/gtmteknoloji.com\\\/b2b\\\/#organization\",\"name\":\"GTM Teknoloji\",\"url\":\"https:\\\/\\\/gtmteknoloji.com\\\/b2b\\\/\",\"logo\":{\"@type\":\"ImageObject\",\"inLanguage\":\"tr\",\"@id\":\"https:\\\/\\\/gtmteknoloji.com\\\/b2b\\\/#\\\/schema\\\/logo\\\/image\\\/\",\"url\":\"https:\\\/\\\/gtmteknoloji.com\\\/b2b\\\/wp-content\\\/uploads\\\/2020\\\/12\\\/GTM-logo.png\",\"contentUrl\":\"https:\\\/\\\/gtmteknoloji.com\\\/b2b\\\/wp-content\\\/uploads\\\/2020\\\/12\\\/GTM-logo.png\",\"width\":400,\"height\":400,\"caption\":\"GTM Teknoloji\"},\"image\":{\"@id\":\"https:\\\/\\\/gtmteknoloji.com\\\/b2b\\\/#\\\/schema\\\/logo\\\/image\\\/\"},\"sameAs\":[\"https:\\\/\\\/www.facebook.com\\\/SupermicroTurkiye\\\/?locale=tr_TR\",\"https:\\\/\\\/x.com\\\/gtmteknoloji\"]}]}<\/script>\n<meta property=\"product:brand\" content=\"Supermicro\" \/>\n<meta property=\"product:price:currency\" content=\"USD\" \/>\n<meta property=\"og:availability\" content=\"instock\" \/>\n<meta property=\"product:availability\" content=\"instock\" \/>\n<meta property=\"product:retailer_item_id\" content=\"SYS-120TP-DC1TR\" \/>\n<meta property=\"product:condition\" content=\"new\" \/>\n<!-- \/ Yoast SEO Premium plugin. -->","yoast_head_json":{"title":"SuperServer SYS-120TP-DC1TR Server - GTM Teknoloji","robots":{"index":"index","follow":"follow","max-snippet":"max-snippet:-1","max-image-preview":"max-image-preview:large","max-video-preview":"max-video-preview:-1"},"canonical":"https:\/\/gtmteknoloji.com\/b2b\/magaza\/server\/multi-node-server\/twin-pro\/superserver-sys-120tp-dc1tr-server\/","og_locale":"tr_TR","og_type":"article","og_title":"SuperServer SYS-120TP-DC1TR Server","og_description":"TEKL\u0130F AL                                         Twin SuperServer SYS-120TP-DC1TR","og_url":"https:\/\/gtmteknoloji.com\/b2b\/magaza\/server\/multi-node-server\/twin-pro\/superserver-sys-120tp-dc1tr-server\/","og_site_name":"GTM Teknoloji","article_publisher":"https:\/\/www.facebook.com\/SupermicroTurkiye\/?locale=tr_TR","article_modified_time":"2025-12-02T11:32:55+00:00","og_image":[{"width":1000,"height":1000,"url":"https:\/\/gtmteknoloji.com\/b2b\/wp-content\/uploads\/2025\/04\/supermicro-twin-server-sys-120tp-dc1tr-gtm-teknoloji.webp","type":"image\/webp"}],"twitter_card":"summary_large_image","twitter_site":"@gtmteknoloji","twitter_misc":{"Fiyat":"","Durumu":"Stokta var"},"schema":{"@context":"https:\/\/schema.org","@graph":[{"@type":"WebPage","@id":"https:\/\/gtmteknoloji.com\/b2b\/magaza\/server\/multi-node-server\/twin-pro\/superserver-sys-120tp-dc1tr-server\/","url":"https:\/\/gtmteknoloji.com\/b2b\/magaza\/server\/multi-node-server\/twin-pro\/superserver-sys-120tp-dc1tr-server\/","name":"SuperServer SYS-120TP-DC1TR Server - GTM Teknoloji","isPartOf":{"@id":"https:\/\/gtmteknoloji.com\/b2b\/#website"},"primaryImageOfPage":{"@id":"https:\/\/gtmteknoloji.com\/b2b\/magaza\/server\/multi-node-server\/twin-pro\/superserver-sys-120tp-dc1tr-server\/#primaryimage"},"image":{"@id":"https:\/\/gtmteknoloji.com\/b2b\/magaza\/server\/multi-node-server\/twin-pro\/superserver-sys-120tp-dc1tr-server\/#primaryimage"},"thumbnailUrl":"https:\/\/gtmteknoloji.com\/b2b\/wp-content\/uploads\/2025\/04\/supermicro-twin-server-sys-120tp-dc1tr-gtm-teknoloji.webp","datePublished":"2025-04-14T01:28:00+00:00","dateModified":"2025-12-02T11:32:55+00:00","breadcrumb":{"@id":"https:\/\/gtmteknoloji.com\/b2b\/magaza\/server\/multi-node-server\/twin-pro\/superserver-sys-120tp-dc1tr-server\/#breadcrumb"},"inLanguage":"tr","potentialAction":[{"@type":"ReadAction","target":["https:\/\/gtmteknoloji.com\/b2b\/magaza\/server\/multi-node-server\/twin-pro\/superserver-sys-120tp-dc1tr-server\/"]}]},{"@type":"ImageObject","inLanguage":"tr","@id":"https:\/\/gtmteknoloji.com\/b2b\/magaza\/server\/multi-node-server\/twin-pro\/superserver-sys-120tp-dc1tr-server\/#primaryimage","url":"https:\/\/gtmteknoloji.com\/b2b\/wp-content\/uploads\/2025\/04\/supermicro-twin-server-sys-120tp-dc1tr-gtm-teknoloji.webp","contentUrl":"https:\/\/gtmteknoloji.com\/b2b\/wp-content\/uploads\/2025\/04\/supermicro-twin-server-sys-120tp-dc1tr-gtm-teknoloji.webp","width":1000,"height":1000},{"@type":"BreadcrumbList","@id":"https:\/\/gtmteknoloji.com\/b2b\/magaza\/server\/multi-node-server\/twin-pro\/superserver-sys-120tp-dc1tr-server\/#breadcrumb","itemListElement":[{"@type":"ListItem","position":1,"name":"Home","item":"https:\/\/gtmteknoloji.com\/b2b\/"},{"@type":"ListItem","position":2,"name":"Ma\u011faza","item":"https:\/\/gtmteknoloji.com\/b2b\/magaza\/"},{"@type":"ListItem","position":3,"name":"SuperServer SYS-120TP-DC1TR Server"}]},{"@type":"WebSite","@id":"https:\/\/gtmteknoloji.com\/b2b\/#website","url":"https:\/\/gtmteknoloji.com\/b2b\/","name":"GTM Teknoloji","description":"B2B Sat\u0131\u015f Portal\u0131","publisher":{"@id":"https:\/\/gtmteknoloji.com\/b2b\/#organization"},"potentialAction":[{"@type":"SearchAction","target":{"@type":"EntryPoint","urlTemplate":"https:\/\/gtmteknoloji.com\/b2b\/?s={search_term_string}"},"query-input":{"@type":"PropertyValueSpecification","valueRequired":true,"valueName":"search_term_string"}}],"inLanguage":"tr"},{"@type":"Organization","@id":"https:\/\/gtmteknoloji.com\/b2b\/#organization","name":"GTM Teknoloji","url":"https:\/\/gtmteknoloji.com\/b2b\/","logo":{"@type":"ImageObject","inLanguage":"tr","@id":"https:\/\/gtmteknoloji.com\/b2b\/#\/schema\/logo\/image\/","url":"https:\/\/gtmteknoloji.com\/b2b\/wp-content\/uploads\/2020\/12\/GTM-logo.png","contentUrl":"https:\/\/gtmteknoloji.com\/b2b\/wp-content\/uploads\/2020\/12\/GTM-logo.png","width":400,"height":400,"caption":"GTM Teknoloji"},"image":{"@id":"https:\/\/gtmteknoloji.com\/b2b\/#\/schema\/logo\/image\/"},"sameAs":["https:\/\/www.facebook.com\/SupermicroTurkiye\/?locale=tr_TR","https:\/\/x.com\/gtmteknoloji"]}]},"product_brand":"Supermicro","product_price_currency":"USD","og_availability":"instock","product_availability":"instock","product_retailer_item_id":"SYS-120TP-DC1TR","product_condition":"new"},"_links":{"self":[{"href":"https:\/\/gtmteknoloji.com\/b2b\/wp-json\/wp\/v2\/product\/10004","targetHints":{"allow":["GET"]}}],"collection":[{"href":"https:\/\/gtmteknoloji.com\/b2b\/wp-json\/wp\/v2\/product"}],"about":[{"href":"https:\/\/gtmteknoloji.com\/b2b\/wp-json\/wp\/v2\/types\/product"}],"version-history":[{"count":1,"href":"https:\/\/gtmteknoloji.com\/b2b\/wp-json\/wp\/v2\/product\/10004\/revisions"}],"predecessor-version":[{"id":10034,"href":"https:\/\/gtmteknoloji.com\/b2b\/wp-json\/wp\/v2\/product\/10004\/revisions\/10034"}],"wp:featuredmedia":[{"embeddable":true,"href":"https:\/\/gtmteknoloji.com\/b2b\/wp-json\/wp\/v2\/media\/11114"}],"wp:attachment":[{"href":"https:\/\/gtmteknoloji.com\/b2b\/wp-json\/wp\/v2\/media?parent=10004"}],"wp:term":[{"taxonomy":"product_brand","embeddable":true,"href":"https:\/\/gtmteknoloji.com\/b2b\/wp-json\/wp\/v2\/product_brand?post=10004"},{"taxonomy":"product_cat","embeddable":true,"href":"https:\/\/gtmteknoloji.com\/b2b\/wp-json\/wp\/v2\/product_cat?post=10004"},{"taxonomy":"product_tag","embeddable":true,"href":"https:\/\/gtmteknoloji.com\/b2b\/wp-json\/wp\/v2\/product_tag?post=10004"}],"curies":[{"name":"wp","href":"https:\/\/api.w.org\/{rel}","templated":true}]}}