{"id":10035,"date":"2025-04-14T04:28:04","date_gmt":"2025-04-14T01:28:04","guid":{"rendered":"https:\/\/gtmteknoloji.com\/b2b\/?post_type=product&#038;p=10035"},"modified":"2025-04-14T04:28:07","modified_gmt":"2025-04-14T01:28:07","slug":"super-workstation-sys-530a-il-workstation","status":"publish","type":"product","link":"https:\/\/gtmteknoloji.com\/b2b\/magaza\/workstation\/supermicro-workstation\/super-workstation-sys-530a-il-workstation\/","title":{"rendered":"Super Workstation SYS-530A-IL Workstation"},"content":{"rendered":"<table border=\"0\" width=\"337\" cellspacing=\"0\" cellpadding=\"0\">\n<tbody>\n<tr>\n<td class=\"feature border_b\" width=\"90\"><span class=\"w90\">Form Factor<\/span><\/td>\n<td class=\"description border_b\" width=\"247\">\n<ul class=\"desc\">\n<li class=\"desc\">Mid-Tower<\/li>\n<\/ul>\n<\/td>\n<\/tr>\n<\/tbody>\n<\/table>\n<table border=\"0\" width=\"337\" cellspacing=\"0\" cellpadding=\"0\">\n<tbody>\n<tr>\n<td class=\"feature border_b\" width=\"90\"><span class=\"w90\">CPU<\/span><\/td>\n<td class=\"description border_b\" width=\"247\">\n<ul class=\"desc\">\n<li class=\"desc\">Single Socket H5 (LGA-1200)<\/li>\n<li class=\"desc\">10th Generation Intel\u00ae Core\u2122 Processors,Intel\u00ae Xeon\u00ae W-1200 Processors<\/li>\n<li class=\"desc\">Support CPU TDP 125W<\/li>\n<\/ul>\n<\/td>\n<\/tr>\n<tr>\n<td class=\"feature border_b\" width=\"90\"><span class=\"w90\">Cores<\/span><\/td>\n<td class=\"description border_b\" width=\"247\">\n<ul class=\"desc\">\n<li class=\"desc\">Up to 10C\/20T; Up to 20MB Cache<\/li>\n<\/ul>\n<\/td>\n<\/tr>\n<\/tbody>\n<\/table>\n<table border=\"0\" width=\"337\" cellspacing=\"0\" cellpadding=\"0\">\n<tbody>\n<tr>\n<td class=\"feature border_b\" width=\"90\"><span class=\"w90\">Memory<\/span><\/td>\n<td class=\"description border_b\" width=\"247\">\n<ul class=\"desc\">\n<li class=\"desc\">Memory Capacity: 4 DIMM slots<\/li>\n<li class=\"desc\">Memory Type: 2933MHz ECC DDR4 UDIMM<\/li>\n<\/ul>\n<\/td>\n<\/tr>\n<\/tbody>\n<\/table>\n<table border=\"0\" width=\"337\" cellspacing=\"0\" cellpadding=\"0\">\n<tbody>\n<tr>\n<td class=\"feature border_b\" width=\"90\"><span class=\"w90\">Drive Bays<\/span><\/td>\n<td class=\"description border_b\" width=\"247\">\n<ul class=\"desc\">\n<li class=\"desc\">4x 3.5&#8243; SATA drive bays<\/li>\n<\/ul>\n<\/td>\n<\/tr>\n<tr>\n<td class=\"feature border_b\" width=\"82\"><span class=\"w90\">M.2<\/span><\/td>\n<td class=\"description border_b\" width=\"255\">\n<ul class=\"desc\">\n<li class=\"desc\">2x PCI-E 3.0 x4<\/li>\n<\/ul>\n<\/td>\n<\/tr>\n<tr>\n<td class=\"feature border_b\" width=\"82\"><span class=\"w90\">Peripheral Bays<\/span><\/td>\n<td class=\"description border_b\" width=\"255\">\n<ul class=\"desc\">\n<li class=\"desc\">2x 5.25&#8243; drive bays<\/li>\n<\/ul>\n<\/td>\n<\/tr>\n<\/tbody>\n<\/table>\n<table border=\"0\" width=\"337\" cellspacing=\"0\" cellpadding=\"0\">\n<tbody>\n<tr>\n<td class=\"feature border_b\" width=\"90\"><span class=\"w90\">PCI-Express (PCI-E)<\/span><\/td>\n<td class=\"description border_b\" width=\"247\">\n<ul class=\"desc\">\n<li style=\"list-style-type: none;\">\n<ul class=\"desc\">\n<li class=\"desc\">Slot 2: PCI-E 3.0 x4 FHFL<\/li>\n<li class=\"desc\">Slot 4: PCI-E 3.0 x16<\/li>\n<li class=\"desc\">Slot 6: PCI-E 3.0 x16<\/li>\n<li class=\"desc\">Slot 1: 5V PCI 32bit<\/li>\n<\/ul>\n<\/li>\n<\/ul>\n<p><span style=\"color: #ff0000;\">(Slot#4 and Slot#6 can be configured as 16\/NA or 8\/8)<\/span><\/td>\n<\/tr>\n<\/tbody>\n<\/table>\n<table border=\"0\" width=\"337\" cellspacing=\"0\" cellpadding=\"0\">\n<tbody>\n<tr>\n<td class=\"feature border_b\" width=\"90\"><span class=\"w90\">Fans<\/span><\/td>\n<td class=\"description border_b\" width=\"247\">\n<ul class=\"desc\">\n<li class=\"desc\">1x 120mm Fan(s)<\/li>\n<li class=\"desc\">1x 120mm Fan(s) (optional)<\/li>\n<\/ul>\n<\/td>\n<\/tr>\n<\/tbody>\n<\/table>\n<table border=\"0\" width=\"337\" cellspacing=\"0\" cellpadding=\"0\">\n<tbody>\n<tr>\n<td class=\"feature border_b\" width=\"90\"><span class=\"w90\">Chipset<\/span><\/td>\n<td class=\"description border_b\" width=\"247\">\n<ul class=\"desc\">\n<li class=\"desc\">Intel\u00ae W480<\/li>\n<\/ul>\n<\/td>\n<\/tr>\n<tr>\n<td class=\"feature border_b\" width=\"90\"><span class=\"w90\">Network Connectivity<\/span><\/td>\n<td class=\"description border_b\" width=\"247\">\n<ul class=\"desc\">\n<li class=\"desc\">1x 1GbE BaseT with Intel\u00ae i219LM<\/li>\n<li class=\"desc\">1x 2.5GbE BaseT with Intel\u00ae i225V<\/li>\n<\/ul>\n<\/td>\n<\/tr>\n<\/tbody>\n<\/table>\n<table border=\"0\" width=\"337\" cellspacing=\"0\" cellpadding=\"0\">\n<tbody>\n<tr>\n<td class=\"feature border_b\" width=\"82\"><span class=\"w90\">SATA<\/span><\/td>\n<td class=\"description border_b\" width=\"255\">\n<ul class=\"desc\">\n<li class=\"desc\">4 SATA (6Gbps) port(s)<\/li>\n<\/ul>\n<\/td>\n<\/tr>\n<tr>\n<td class=\"feature border_b\" width=\"82\"><span class=\"w90\">USB<\/span><\/td>\n<td class=\"description border_b\" width=\"255\">\n<ul class=\"desc\">\n<li class=\"desc\">3 USB 3.2 Gen 1 port(s) (1 front; 2 front)<\/li>\n<li class=\"desc\">4 USB 3.2 Gen 2 port(s) (1 rear; 3 rear)<\/li>\n<\/ul>\n<\/td>\n<\/tr>\n<tr>\n<td class=\"feature border_b\" width=\"82\"><span class=\"w90\">Serial Port<\/span><\/td>\n<td class=\"description border_b\" width=\"255\">\n<ul class=\"desc\">\n<li class=\"desc\">1 COM Port(s) (1 header)<\/li>\n<\/ul>\n<\/td>\n<\/tr>\n<\/tbody>\n<\/table>\n<table border=\"0\" width=\"337\" cellspacing=\"0\" cellpadding=\"0\">\n<tbody>\n<tr>\n<td class=\"feature border_b\" width=\"90\"><span class=\"w90\">Software<\/span><\/td>\n<td class=\"description border_b\" width=\"247\">\n<ul class=\"desc\">\n<li class=\"desc\">SuperDoctor 5<\/li>\n<\/ul>\n<\/td>\n<\/tr>\n<tr>\n<td class=\"feature border_b\" width=\"90\"><span class=\"w90\">Power Configurations<\/span><\/td>\n<td class=\"description border_b\" width=\"247\">\n<ul class=\"desc\">\n<li class=\"desc\">ACPI 6.0<\/li>\n<\/ul>\n<\/td>\n<\/tr>\n<\/tbody>\n<\/table>\n<table style=\"font-size: 1rem;\" border=\"0\" width=\"337\" cellspacing=\"0\" cellpadding=\"0\">\n<tbody>\n<tr>\n<td class=\"feature border_b\" width=\"90\"><span class=\"w90\">Power Supply<\/span><\/td>\n<td class=\"description border_b\" width=\"247\">\n<ul class=\"desc\">\n<li class=\"desc\">668W 80PLUS Platinum Power Supply<\/li>\n<\/ul>\n<\/td>\n<\/tr>\n<\/tbody>\n<\/table>\n","protected":false},"excerpt":{"rendered":"<h1><a href=\"https:\/\/gtmteknoloji.com\/teklif-talep\/\">TEKL\u0130F A<\/a>L<\/h1>\n<div class=\"container_16 systembucket bucket4925\">\n<div class=\"grid_14 products\">\n<div class=\"container spec-container\">\n<div class=\"spec-main \">\n<div class=\"sku\">\n<div class=\"container spec-container\">\n<div class=\"spec-main \">\n<div class=\"sku\">\n<div class=\"container spec-container\">\n<div class=\"spec-main \">\n<div class=\"sku\">\n<div class=\"container spec-container\">\n<div class=\"spec-main \">\n<div class=\"sku\">\n<div class=\"container spec-container\">\n<div class=\"spec-main \">\n<div class=\"sku\">\n<div class=\"container spec-container\">\n<div class=\"spec-main \">\n<div class=\"sku\">\n<div class=\"container spec-container\">\n<div class=\"spec-main \">\n<div class=\"sku\">\n<div class=\"container spec-container\">\n<div class=\"spec-main \">\n<div class=\"sku\">\n<div class=\"container spec-container\">\n<div class=\"spec-main \">\n<div class=\"sku\">\n<div class=\"container spec-container\">\n<div class=\"spec-main \">\n<div class=\"sku\">\n<div class=\"container spec-container\">\n<div class=\"spec-main \">\n<div class=\"sku\">\n<div class=\"container spec-container\">\n<div class=\"spec-main \">\n<div class=\"sku\">\n<div class=\"container spec-container\">\n<div class=\"spec-main \">\n<div class=\"sku\">\n<div class=\"container spec-container\">\n<div class=\"spec-main \">\n<div class=\"sku\">\n<div class=\"container spec-container\">\n<div class=\"spec-main \">\n<div class=\"sku\">\n<div class=\"container spec-container\">\n<div class=\"spec-main \">\n<div class=\"sku\">UP Workstation SYS-530A-IL<\/div>\n<\/div>\n<\/div>\n<\/div>\n<\/div>\n<\/div>\n<\/div>\n<\/div>\n<\/div>\n<\/div>\n<\/div>\n<\/div>\n<\/div>\n<\/div>\n<\/div>\n<\/div>\n<\/div>\n<\/div>\n<\/div>\n<\/div>\n<\/div>\n<\/div>\n<\/div>\n<\/div>\n<\/div>\n<\/div>\n<\/div>\n<\/div>\n<\/div>\n<\/div>\n<\/div>\n<\/div>\n<\/div>\n<\/div>\n<\/div>\n<\/div>\n<\/div>\n<\/div>\n<\/div>\n<\/div>\n<\/div>\n<\/div>\n<div class=\"dialog-off-canvas-main-canvas\" data-off-canvas-main-canvas=\"\">\n<div class=\"breadcrumbs\">\n<div class=\"container\">\n<div class=\"content-inner\">\n<div>\n<div id=\"block-gavias-emon-breadcrumbs\" class=\"block block-system block-system-breadcrumb-block no-title\">\n<div class=\"content block-content\"><\/div>\n<\/div>\n<\/div>\n<\/div>\n<\/div>\n<\/div>\n<\/div>\n<\/div>\n<\/div>\n<\/div>\n<\/div>\n<\/div>\n<\/div>\n<div class=\"dialog-off-canvas-main-canvas\" data-off-canvas-main-canvas=\"\">\n<div class=\"breadcrumbs\">\n<div class=\"container\">\n<div class=\"content-inner\">\n<div>\n<div id=\"block-gavias-emon-breadcrumbs\" class=\"block block-system block-system-breadcrumb-block no-title\">\n<div class=\"content block-content\"><\/div>\n<\/div>\n<\/div>\n<\/div>\n<\/div>\n<\/div>\n<\/div>\n<\/div>\n<\/div>\n","protected":false},"featured_media":7700,"template":"","meta":[],"product_brand":[338],"product_cat":[1836,1757],"product_tag":[2665,2666,2578,2300,2738],"class_list":{"0":"post-10035","1":"product","2":"type-product","3":"status-publish","4":"has-post-thumbnail","6":"product_brand-supermicro-server-turkiye","7":"product_cat-supermicro-workstation","8":"product_cat-workstation","9":"product_tag-3-nesil-intel-xeon","10":"product_tag-3rd-gen-intel-xeon-scalable","11":"product_tag-high-performance","12":"product_tag-supermicro-workstation","13":"product_tag-sys-530a-il","15":"first","16":"instock","17":"taxable","18":"shipping-taxable","19":"product-type-external"},"yoast_head":"<!-- This site is optimized with the Yoast SEO Premium plugin v27.4 (Yoast SEO v27.4) - https:\/\/yoast.com\/product\/yoast-seo-premium-wordpress\/ -->\n<title>Super Workstation SYS-530A-IL Workstation - GTM Teknoloji<\/title>\n<meta name=\"robots\" content=\"index, follow, max-snippet:-1, max-image-preview:large, max-video-preview:-1\" \/>\n<link rel=\"canonical\" href=\"https:\/\/gtmteknoloji.com\/b2b\/magaza\/workstation\/supermicro-workstation\/super-workstation-sys-530a-il-workstation\/\" \/>\n<meta property=\"og:locale\" content=\"tr_TR\" \/>\n<meta property=\"og:type\" content=\"article\" \/>\n<meta property=\"og:title\" content=\"Super Workstation SYS-530A-IL Workstation\" \/>\n<meta property=\"og:description\" content=\"TEKL\u0130F AL                                                  UP Workstation SYS-530A-IL\" \/>\n<meta property=\"og:url\" content=\"https:\/\/gtmteknoloji.com\/b2b\/magaza\/workstation\/supermicro-workstation\/super-workstation-sys-530a-il-workstation\/\" \/>\n<meta property=\"og:site_name\" content=\"GTM Teknoloji\" \/>\n<meta property=\"article:publisher\" content=\"https:\/\/www.facebook.com\/SupermicroTurkiye\/?locale=tr_TR\" \/>\n<meta property=\"article:modified_time\" content=\"2025-04-14T01:28:07+00:00\" \/>\n<meta property=\"og:image\" content=\"https:\/\/gtmteknoloji.com\/b2b\/wp-content\/uploads\/2021\/04\/SYS-530A-IL_main.png\" \/>\n\t<meta property=\"og:image:width\" content=\"480\" \/>\n\t<meta property=\"og:image:height\" content=\"480\" \/>\n\t<meta property=\"og:image:type\" content=\"image\/png\" \/>\n<meta name=\"twitter:card\" content=\"summary_large_image\" \/>\n<meta name=\"twitter:site\" content=\"@gtmteknoloji\" \/>\n<meta name=\"twitter:label1\" content=\"Fiyat\" \/>\n\t<meta name=\"twitter:data1\" content=\"\" \/>\n\t<meta name=\"twitter:label2\" content=\"Durumu\" \/>\n\t<meta name=\"twitter:data2\" content=\"Stokta var\" \/>\n<script type=\"application\/ld+json\" class=\"yoast-schema-graph\">{\"@context\":\"https:\\\/\\\/schema.org\",\"@graph\":[{\"@type\":\"WebPage\",\"@id\":\"https:\\\/\\\/gtmteknoloji.com\\\/b2b\\\/magaza\\\/workstation\\\/supermicro-workstation\\\/super-workstation-sys-530a-il-workstation\\\/\",\"url\":\"https:\\\/\\\/gtmteknoloji.com\\\/b2b\\\/magaza\\\/workstation\\\/supermicro-workstation\\\/super-workstation-sys-530a-il-workstation\\\/\",\"name\":\"Super Workstation SYS-530A-IL Workstation - GTM Teknoloji\",\"isPartOf\":{\"@id\":\"https:\\\/\\\/gtmteknoloji.com\\\/b2b\\\/#website\"},\"primaryImageOfPage\":{\"@id\":\"https:\\\/\\\/gtmteknoloji.com\\\/b2b\\\/magaza\\\/workstation\\\/supermicro-workstation\\\/super-workstation-sys-530a-il-workstation\\\/#primaryimage\"},\"image\":{\"@id\":\"https:\\\/\\\/gtmteknoloji.com\\\/b2b\\\/magaza\\\/workstation\\\/supermicro-workstation\\\/super-workstation-sys-530a-il-workstation\\\/#primaryimage\"},\"thumbnailUrl\":\"https:\\\/\\\/gtmteknoloji.com\\\/b2b\\\/wp-content\\\/uploads\\\/2021\\\/04\\\/SYS-530A-IL_main.png\",\"datePublished\":\"2025-04-14T01:28:04+00:00\",\"dateModified\":\"2025-04-14T01:28:07+00:00\",\"breadcrumb\":{\"@id\":\"https:\\\/\\\/gtmteknoloji.com\\\/b2b\\\/magaza\\\/workstation\\\/supermicro-workstation\\\/super-workstation-sys-530a-il-workstation\\\/#breadcrumb\"},\"inLanguage\":\"tr\",\"potentialAction\":[{\"@type\":\"ReadAction\",\"target\":[\"https:\\\/\\\/gtmteknoloji.com\\\/b2b\\\/magaza\\\/workstation\\\/supermicro-workstation\\\/super-workstation-sys-530a-il-workstation\\\/\"]}]},{\"@type\":\"ImageObject\",\"inLanguage\":\"tr\",\"@id\":\"https:\\\/\\\/gtmteknoloji.com\\\/b2b\\\/magaza\\\/workstation\\\/supermicro-workstation\\\/super-workstation-sys-530a-il-workstation\\\/#primaryimage\",\"url\":\"https:\\\/\\\/gtmteknoloji.com\\\/b2b\\\/wp-content\\\/uploads\\\/2021\\\/04\\\/SYS-530A-IL_main.png\",\"contentUrl\":\"https:\\\/\\\/gtmteknoloji.com\\\/b2b\\\/wp-content\\\/uploads\\\/2021\\\/04\\\/SYS-530A-IL_main.png\",\"width\":480,\"height\":480},{\"@type\":\"BreadcrumbList\",\"@id\":\"https:\\\/\\\/gtmteknoloji.com\\\/b2b\\\/magaza\\\/workstation\\\/supermicro-workstation\\\/super-workstation-sys-530a-il-workstation\\\/#breadcrumb\",\"itemListElement\":[{\"@type\":\"ListItem\",\"position\":1,\"name\":\"Home\",\"item\":\"https:\\\/\\\/gtmteknoloji.com\\\/b2b\\\/\"},{\"@type\":\"ListItem\",\"position\":2,\"name\":\"Ma\u011faza\",\"item\":\"https:\\\/\\\/gtmteknoloji.com\\\/b2b\\\/magaza\\\/\"},{\"@type\":\"ListItem\",\"position\":3,\"name\":\"Super Workstation SYS-530A-IL Workstation\"}]},{\"@type\":\"WebSite\",\"@id\":\"https:\\\/\\\/gtmteknoloji.com\\\/b2b\\\/#website\",\"url\":\"https:\\\/\\\/gtmteknoloji.com\\\/b2b\\\/\",\"name\":\"GTM Teknoloji\",\"description\":\"B2B Sat\u0131\u015f Portal\u0131\",\"publisher\":{\"@id\":\"https:\\\/\\\/gtmteknoloji.com\\\/b2b\\\/#organization\"},\"potentialAction\":[{\"@type\":\"SearchAction\",\"target\":{\"@type\":\"EntryPoint\",\"urlTemplate\":\"https:\\\/\\\/gtmteknoloji.com\\\/b2b\\\/?s={search_term_string}\"},\"query-input\":{\"@type\":\"PropertyValueSpecification\",\"valueRequired\":true,\"valueName\":\"search_term_string\"}}],\"inLanguage\":\"tr\"},{\"@type\":\"Organization\",\"@id\":\"https:\\\/\\\/gtmteknoloji.com\\\/b2b\\\/#organization\",\"name\":\"GTM Teknoloji\",\"url\":\"https:\\\/\\\/gtmteknoloji.com\\\/b2b\\\/\",\"logo\":{\"@type\":\"ImageObject\",\"inLanguage\":\"tr\",\"@id\":\"https:\\\/\\\/gtmteknoloji.com\\\/b2b\\\/#\\\/schema\\\/logo\\\/image\\\/\",\"url\":\"https:\\\/\\\/gtmteknoloji.com\\\/b2b\\\/wp-content\\\/uploads\\\/2020\\\/12\\\/GTM-logo.png\",\"contentUrl\":\"https:\\\/\\\/gtmteknoloji.com\\\/b2b\\\/wp-content\\\/uploads\\\/2020\\\/12\\\/GTM-logo.png\",\"width\":400,\"height\":400,\"caption\":\"GTM Teknoloji\"},\"image\":{\"@id\":\"https:\\\/\\\/gtmteknoloji.com\\\/b2b\\\/#\\\/schema\\\/logo\\\/image\\\/\"},\"sameAs\":[\"https:\\\/\\\/www.facebook.com\\\/SupermicroTurkiye\\\/?locale=tr_TR\",\"https:\\\/\\\/x.com\\\/gtmteknoloji\"]}]}<\/script>\n<meta property=\"product:brand\" content=\"Supermicro\" \/>\n<meta property=\"product:price:currency\" content=\"USD\" \/>\n<meta property=\"og:availability\" content=\"instock\" \/>\n<meta property=\"product:availability\" content=\"instock\" \/>\n<meta property=\"product:retailer_item_id\" content=\"SYS-530A-IL\" \/>\n<meta property=\"product:condition\" content=\"new\" \/>\n<!-- \/ Yoast SEO Premium plugin. -->","yoast_head_json":{"title":"Super Workstation SYS-530A-IL Workstation - GTM Teknoloji","robots":{"index":"index","follow":"follow","max-snippet":"max-snippet:-1","max-image-preview":"max-image-preview:large","max-video-preview":"max-video-preview:-1"},"canonical":"https:\/\/gtmteknoloji.com\/b2b\/magaza\/workstation\/supermicro-workstation\/super-workstation-sys-530a-il-workstation\/","og_locale":"tr_TR","og_type":"article","og_title":"Super Workstation SYS-530A-IL Workstation","og_description":"TEKL\u0130F AL                                                  UP Workstation SYS-530A-IL","og_url":"https:\/\/gtmteknoloji.com\/b2b\/magaza\/workstation\/supermicro-workstation\/super-workstation-sys-530a-il-workstation\/","og_site_name":"GTM Teknoloji","article_publisher":"https:\/\/www.facebook.com\/SupermicroTurkiye\/?locale=tr_TR","article_modified_time":"2025-04-14T01:28:07+00:00","og_image":[{"width":480,"height":480,"url":"https:\/\/gtmteknoloji.com\/b2b\/wp-content\/uploads\/2021\/04\/SYS-530A-IL_main.png","type":"image\/png"}],"twitter_card":"summary_large_image","twitter_site":"@gtmteknoloji","twitter_misc":{"Fiyat":"","Durumu":"Stokta var"},"schema":{"@context":"https:\/\/schema.org","@graph":[{"@type":"WebPage","@id":"https:\/\/gtmteknoloji.com\/b2b\/magaza\/workstation\/supermicro-workstation\/super-workstation-sys-530a-il-workstation\/","url":"https:\/\/gtmteknoloji.com\/b2b\/magaza\/workstation\/supermicro-workstation\/super-workstation-sys-530a-il-workstation\/","name":"Super Workstation SYS-530A-IL Workstation - GTM Teknoloji","isPartOf":{"@id":"https:\/\/gtmteknoloji.com\/b2b\/#website"},"primaryImageOfPage":{"@id":"https:\/\/gtmteknoloji.com\/b2b\/magaza\/workstation\/supermicro-workstation\/super-workstation-sys-530a-il-workstation\/#primaryimage"},"image":{"@id":"https:\/\/gtmteknoloji.com\/b2b\/magaza\/workstation\/supermicro-workstation\/super-workstation-sys-530a-il-workstation\/#primaryimage"},"thumbnailUrl":"https:\/\/gtmteknoloji.com\/b2b\/wp-content\/uploads\/2021\/04\/SYS-530A-IL_main.png","datePublished":"2025-04-14T01:28:04+00:00","dateModified":"2025-04-14T01:28:07+00:00","breadcrumb":{"@id":"https:\/\/gtmteknoloji.com\/b2b\/magaza\/workstation\/supermicro-workstation\/super-workstation-sys-530a-il-workstation\/#breadcrumb"},"inLanguage":"tr","potentialAction":[{"@type":"ReadAction","target":["https:\/\/gtmteknoloji.com\/b2b\/magaza\/workstation\/supermicro-workstation\/super-workstation-sys-530a-il-workstation\/"]}]},{"@type":"ImageObject","inLanguage":"tr","@id":"https:\/\/gtmteknoloji.com\/b2b\/magaza\/workstation\/supermicro-workstation\/super-workstation-sys-530a-il-workstation\/#primaryimage","url":"https:\/\/gtmteknoloji.com\/b2b\/wp-content\/uploads\/2021\/04\/SYS-530A-IL_main.png","contentUrl":"https:\/\/gtmteknoloji.com\/b2b\/wp-content\/uploads\/2021\/04\/SYS-530A-IL_main.png","width":480,"height":480},{"@type":"BreadcrumbList","@id":"https:\/\/gtmteknoloji.com\/b2b\/magaza\/workstation\/supermicro-workstation\/super-workstation-sys-530a-il-workstation\/#breadcrumb","itemListElement":[{"@type":"ListItem","position":1,"name":"Home","item":"https:\/\/gtmteknoloji.com\/b2b\/"},{"@type":"ListItem","position":2,"name":"Ma\u011faza","item":"https:\/\/gtmteknoloji.com\/b2b\/magaza\/"},{"@type":"ListItem","position":3,"name":"Super Workstation SYS-530A-IL Workstation"}]},{"@type":"WebSite","@id":"https:\/\/gtmteknoloji.com\/b2b\/#website","url":"https:\/\/gtmteknoloji.com\/b2b\/","name":"GTM Teknoloji","description":"B2B Sat\u0131\u015f Portal\u0131","publisher":{"@id":"https:\/\/gtmteknoloji.com\/b2b\/#organization"},"potentialAction":[{"@type":"SearchAction","target":{"@type":"EntryPoint","urlTemplate":"https:\/\/gtmteknoloji.com\/b2b\/?s={search_term_string}"},"query-input":{"@type":"PropertyValueSpecification","valueRequired":true,"valueName":"search_term_string"}}],"inLanguage":"tr"},{"@type":"Organization","@id":"https:\/\/gtmteknoloji.com\/b2b\/#organization","name":"GTM Teknoloji","url":"https:\/\/gtmteknoloji.com\/b2b\/","logo":{"@type":"ImageObject","inLanguage":"tr","@id":"https:\/\/gtmteknoloji.com\/b2b\/#\/schema\/logo\/image\/","url":"https:\/\/gtmteknoloji.com\/b2b\/wp-content\/uploads\/2020\/12\/GTM-logo.png","contentUrl":"https:\/\/gtmteknoloji.com\/b2b\/wp-content\/uploads\/2020\/12\/GTM-logo.png","width":400,"height":400,"caption":"GTM Teknoloji"},"image":{"@id":"https:\/\/gtmteknoloji.com\/b2b\/#\/schema\/logo\/image\/"},"sameAs":["https:\/\/www.facebook.com\/SupermicroTurkiye\/?locale=tr_TR","https:\/\/x.com\/gtmteknoloji"]}]},"product_brand":"Supermicro","product_price_currency":"USD","og_availability":"instock","product_availability":"instock","product_retailer_item_id":"SYS-530A-IL","product_condition":"new"},"_links":{"self":[{"href":"https:\/\/gtmteknoloji.com\/b2b\/wp-json\/wp\/v2\/product\/10035","targetHints":{"allow":["GET"]}}],"collection":[{"href":"https:\/\/gtmteknoloji.com\/b2b\/wp-json\/wp\/v2\/product"}],"about":[{"href":"https:\/\/gtmteknoloji.com\/b2b\/wp-json\/wp\/v2\/types\/product"}],"version-history":[{"count":1,"href":"https:\/\/gtmteknoloji.com\/b2b\/wp-json\/wp\/v2\/product\/10035\/revisions"}],"predecessor-version":[{"id":10065,"href":"https:\/\/gtmteknoloji.com\/b2b\/wp-json\/wp\/v2\/product\/10035\/revisions\/10065"}],"wp:featuredmedia":[{"embeddable":true,"href":"https:\/\/gtmteknoloji.com\/b2b\/wp-json\/wp\/v2\/media\/7700"}],"wp:attachment":[{"href":"https:\/\/gtmteknoloji.com\/b2b\/wp-json\/wp\/v2\/media?parent=10035"}],"wp:term":[{"taxonomy":"product_brand","embeddable":true,"href":"https:\/\/gtmteknoloji.com\/b2b\/wp-json\/wp\/v2\/product_brand?post=10035"},{"taxonomy":"product_cat","embeddable":true,"href":"https:\/\/gtmteknoloji.com\/b2b\/wp-json\/wp\/v2\/product_cat?post=10035"},{"taxonomy":"product_tag","embeddable":true,"href":"https:\/\/gtmteknoloji.com\/b2b\/wp-json\/wp\/v2\/product_tag?post=10035"}],"curies":[{"name":"wp","href":"https:\/\/api.w.org\/{rel}","templated":true}]}}