{"id":10210,"date":"2025-07-08T20:17:43","date_gmt":"2025-07-08T17:17:43","guid":{"rendered":"https:\/\/gtmteknoloji.com\/b2b\/?post_type=product&#038;p=10210"},"modified":"2025-07-08T22:17:07","modified_gmt":"2025-07-08T19:17:07","slug":"magnetar-nvr-serv-i08-pro-consumer-ip-kamera-kayit-sunucusu","status":"publish","type":"product","link":"https:\/\/gtmteknoloji.com\/b2b\/magaza\/server\/cctv-nvr-server\/magnetar-nvr-serv-i08-pro-consumer-ip-kamera-kayit-sunucusu\/","title":{"rendered":"Magnetar NVR SERV-i08 Pro Consumer | IP Kamera Kay\u0131t Sunucusu"},"content":{"rendered":"<h1 data-start=\"238\" data-end=\"291\">Magnetar NVR SERV-i08 Pro Consumer Kay\u0131t Sunucusu<\/h1>\n<p data-start=\"292\" data-end=\"391\"><strong data-start=\"292\" data-end=\"391\">2U Rackmount | 8x 3.5&#8243; HDD | 256+ Kamera Deste\u011fi | Y\u00fcksek Performansl\u0131 ve Uygun Maliyetli \u00c7\u00f6z\u00fcm<\/strong><\/p>\n<p data-start=\"393\" data-end=\"771\">Magnetar NVR SERV-i08, profesyonel IP kamera kay\u0131t sistemleri i\u00e7in optimize edilmi\u015f, y\u00fcksek frekansl\u0131 Intel Core i3\/i5\/i7 veya AMD Ryzen 7000 serisi i\u015flemcilerle donat\u0131lm\u0131\u015f <strong data-start=\"566\" data-end=\"643\">uygun maliyetli ve y\u00fcksek performansl\u0131 bir 2U Rackmount kay\u0131t sunucusudur<\/strong>. \u00c7ok kritik olmayan ama <strong data-start=\"668\" data-end=\"715\">y\u00fcksek performans gerektiren CCTV projeleri<\/strong>, kurumsal ve ticari uygulamalar i\u00e7in ideal \u00e7\u00f6z\u00fcm sunar.<\/p>\n<h2 data-start=\"773\" data-end=\"794\">Ba\u015fl\u0131ca \u00d6zellikler<\/h2>\n<ul data-start=\"796\" data-end=\"1587\">\n<li data-start=\"796\" data-end=\"885\">\n<p data-start=\"798\" data-end=\"885\">\u2705 <strong data-start=\"800\" data-end=\"831\">2U Rackmount Kasa Tasar\u0131m\u0131:<\/strong> Kabin i\u00e7i kurulum i\u00e7in optimize edilmi\u015f kompakt yap\u0131.<\/p>\n<\/li>\n<li data-start=\"886\" data-end=\"982\">\n<p data-start=\"888\" data-end=\"982\">\u2705 <strong data-start=\"890\" data-end=\"922\">8x 3.5\u201d HotSwap HDD Deste\u011fi:<\/strong> Maksimum 160TB kapasite ile uzun s\u00fcreli video kay\u0131t imkan\u0131.<\/p>\n<\/li>\n<li data-start=\"983\" data-end=\"1085\">\n<p data-start=\"985\" data-end=\"1085\">\u2705 <strong data-start=\"987\" data-end=\"1019\">Y\u00fcksek Frekansl\u0131 \u0130\u015flemciler:<\/strong> Intel Core i3, i5, i7 veya AMD Ryzen 7000 serisi CPU se\u00e7enekleri.<\/p>\n<\/li>\n<li data-start=\"1086\" data-end=\"1159\">\n<p data-start=\"1088\" data-end=\"1159\">\u2705 <strong data-start=\"1090\" data-end=\"1106\">DDR5 Bellek:<\/strong> Maksimum 64GB DDR5 RAM deste\u011fi ile ak\u0131c\u0131 performans.<\/p>\n<\/li>\n<li data-start=\"1160\" data-end=\"1253\">\n<p data-start=\"1162\" data-end=\"1253\">\u2705 <strong data-start=\"1164\" data-end=\"1207\">Onboard veya Opsiyonel Donan\u0131msal RAID:<\/strong> Verilerinizi koruyan geli\u015fmi\u015f RAID \u00e7\u00f6z\u00fcmleri.<\/p>\n<\/li>\n<li data-start=\"1254\" data-end=\"1334\">\n<p data-start=\"1256\" data-end=\"1334\">\u2705 <strong data-start=\"1258\" data-end=\"1282\">256+ Kamera Deste\u011fi:<\/strong> Orta ve b\u00fcy\u00fck \u00f6l\u00e7ekli projeler i\u00e7in geni\u015f kapasite.<\/p>\n<\/li>\n<li data-start=\"1335\" data-end=\"1404\">\n<p data-start=\"1337\" data-end=\"1404\">\u2705 <strong data-start=\"1339\" data-end=\"1371\">Gigabit Ethernet Ba\u011flant\u0131s\u0131:<\/strong> H\u0131zl\u0131 ve kararl\u0131 a\u011f performans\u0131.<\/p>\n<\/li>\n<li data-start=\"1405\" data-end=\"1499\">\n<p data-start=\"1407\" data-end=\"1499\">\u2705 <strong data-start=\"1409\" data-end=\"1437\">Opsiyonel Redundant PSU:<\/strong> Y\u00fcksek \u00e7al\u0131\u015fma s\u00fcreklili\u011fi i\u00e7in yedekli g\u00fc\u00e7 kayna\u011f\u0131 se\u00e7ene\u011fi.<\/p>\n<\/li>\n<li data-start=\"1500\" data-end=\"1587\">\n<p data-start=\"1502\" data-end=\"1587\">\u2705 <strong data-start=\"1504\" data-end=\"1587\">2 Y\u0131l Standart Garanti | 3 Y\u0131l Geni\u015fletilmi\u015f Garanti ve Yerinde Destek Se\u00e7ene\u011fi<\/strong><\/p>\n<\/li>\n<\/ul>\n<h2 data-start=\"1589\" data-end=\"1603\">Avantajlar\u0131<\/h2>\n<ul data-start=\"1605\" data-end=\"2111\">\n<li data-start=\"1605\" data-end=\"1699\">\n<p data-start=\"1607\" data-end=\"1699\">\ud83d\udd27 <strong data-start=\"1610\" data-end=\"1645\">Uygun Fiyata Y\u00fcksek Performans:<\/strong> Piyasadaki en iyi fiyat\/performans oranlar\u0131ndan biri.<\/p>\n<\/li>\n<li data-start=\"1700\" data-end=\"1806\">\n<p data-start=\"1702\" data-end=\"1806\">\ud83d\udd12 <strong data-start=\"1705\" data-end=\"1733\">G\u00fcvenilir RAID Korumas\u0131:<\/strong> Kritik olmayan ortamlarda veri kayb\u0131 riskini minimize eden RAID deste\u011fi.<\/p>\n<\/li>\n<li data-start=\"1807\" data-end=\"1897\">\n<p data-start=\"1809\" data-end=\"1897\">\ud83d\udcf9 <strong data-start=\"1812\" data-end=\"1834\">Uzun S\u00fcreli Kay\u0131t:<\/strong> Y\u00fcksek disk kapasitesi ile haftalarca kesintisiz kay\u0131t imkan\u0131.<\/p>\n<\/li>\n<li data-start=\"1898\" data-end=\"2001\">\n<p data-start=\"1900\" data-end=\"2001\">\ud83d\udee0\ufe0f <strong data-start=\"1904\" data-end=\"1922\">Kolay Kurulum:<\/strong> Rackmount yap\u0131s\u0131 sayesinde veri merkezlerinde ve kabinlerde h\u0131zl\u0131 entegrasyon.<\/p>\n<\/li>\n<li data-start=\"2002\" data-end=\"2111\">\n<p data-start=\"2004\" data-end=\"2111\">\ud83d\udca1 <strong data-start=\"2007\" data-end=\"2042\">Ticari ve Profesyonel Kullan\u0131m:<\/strong> AVM\u2019ler, ofisler, fabrikalar, okullar ve benzeri yap\u0131lar i\u00e7in ideal.<\/p>\n<\/li>\n<\/ul>\n<h2 data-start=\"2113\" data-end=\"2143\">Hangi Alanlarda Kullan\u0131l\u0131r?<\/h2>\n<ul data-start=\"2145\" data-end=\"2352\">\n<li data-start=\"2145\" data-end=\"2168\">\n<p data-start=\"2147\" data-end=\"2168\"><strong data-start=\"2147\" data-end=\"2168\">Ticari \u0130\u015fletmeler<\/strong><\/p>\n<\/li>\n<li data-start=\"2169\" data-end=\"2217\">\n<p data-start=\"2171\" data-end=\"2217\"><strong data-start=\"2171\" data-end=\"2217\">K\u00fc\u00e7\u00fck ve Orta \u00d6l\u00e7ekli Al\u0131\u015fveri\u015f Merkezleri<\/strong><\/p>\n<\/li>\n<li data-start=\"2218\" data-end=\"2251\">\n<p data-start=\"2220\" data-end=\"2251\"><strong data-start=\"2220\" data-end=\"2251\">Okullar ve E\u011fitim Kurumlar\u0131<\/strong><\/p>\n<\/li>\n<li data-start=\"2252\" data-end=\"2279\">\n<p data-start=\"2254\" data-end=\"2279\"><strong data-start=\"2254\" data-end=\"2279\">Fabrikalar ve Depolar<\/strong><\/p>\n<\/li>\n<li data-start=\"2280\" data-end=\"2313\">\n<p data-start=\"2282\" data-end=\"2313\"><strong data-start=\"2282\" data-end=\"2313\">Orta \u00d6l\u00e7ekli Kamu Kurumlar\u0131<\/strong><\/p>\n<\/li>\n<li data-start=\"2314\" data-end=\"2352\">\n<p data-start=\"2316\" data-end=\"2352\"><strong data-start=\"2316\" data-end=\"2352\">\u00c7oklu \u015eube ve Franchise Yap\u0131lar\u0131<\/strong><\/p>\n<\/li>\n<\/ul>\n<h2 data-start=\"2354\" data-end=\"2366\">Uyumluluk<\/h2>\n<p data-start=\"2368\" data-end=\"2581\">Magnetar NVR SERV-i08, piyasadaki yayg\u0131n <strong data-start=\"2409\" data-end=\"2477\">IP kamera markalar\u0131 (Hikvision, Dahua, Uniview, Axis, Bosch vb.)<\/strong> ve pop\u00fcler <strong data-start=\"2489\" data-end=\"2562\">VMS yaz\u0131l\u0131mlar\u0131 (Milestone, Nx Witness, Luxriot, iVMS4200, Axxonsoft, Trassir, iVMS, Blue Iris vb.)<\/strong> ile tam uyumludur.<\/p>\n<h1>Magnetar NVR SERV-i08<\/h1>\n<p>Pro Consumer Kay\u0131t Sunucu<br \/>\n2U Rackmount | 8x 3.5\u2033 HotSwap HDD max 160 TB<br \/>\nCore-i3 \/ i5 \/ i7 veya Ryzen 7000 | max. 64GB DDR5 Memory<br \/>\nonboard Raid veya Ops. Donan\u0131msal Raid<br \/>\n256+ Kamera Deste\u011fi | Gigabit Ethernet Portu<br \/>\nOpsiyonel Redundant PSU<br \/>\n2 Y\u0131l Garanti veya 3 Y\u0131l Geni\u015fletilmi\u015f Garanti ve Yerinde Destek Hizmetleri<\/p>\n<h3><span style=\"color: #ff0000;\"><a style=\"color: #ff0000;\" href=\"https:\/\/supermicrosunucu.com\/configurator\/44c0c16d-a970-4bdf-a1da-ebb79fabf736\" target=\"_blank\" rel=\"noopener\">KONF\u0130GURE ET &amp; SATIN AL<\/a><\/span><\/h3>\n","protected":false},"excerpt":{"rendered":"<p>Magnetar NVR SERV-i08 Pro Consumer Kay\u0131t Sunucusu 2U Rackmount | 8x 3.5&#8243; HDD | 256+ Kamera Deste\u011fi | Y\u00fcksek Performansl\u0131<\/p>\n","protected":false},"featured_media":10216,"template":"","meta":[],"product_brand":[339],"product_cat":[2951,1759],"product_tag":[2963,2957,2956,2979,2961,2984,2955,2952,2966,2978,2972,2968,2969,2977,2962,2958,1781,2954,2973,2980,2983,2976,2953,1897,2970,2967,2964,2982,2959,2965,2974,2975,2981,2960,2971],"class_list":{"0":"post-10210","1":"product","2":"type-product","3":"status-publish","4":"has-post-thumbnail","6":"product_brand-magnetar-kurumsal-sunucu-cozumleri","7":"product_cat-cctv-nvr-server","8":"product_cat-server","9":"product_tag-160tb-nvr-sunucu","10":"product_tag-2u-kamera-sunucusu","11":"product_tag-2u-rackmount-nvr","12":"product_tag-axis-uyumlu-cctv-sunucusu","13":"product_tag-cctv-icin-kayit-sunucusu","14":"product_tag-cctv-icin-uygun-fiyatli-sunucu","15":"product_tag-cctv-kayit-sunucu","16":"product_tag-cctv-server","17":"product_tag-cok-kamerali-kayit-sunucusu","18":"product_tag-dahua-uyumlu-sunucu","19":"product_tag-ekonomik-cctv-sunucusu","20":"product_tag-gigabit-ethernet-kayit-sunucusu","21":"product_tag-guvenilir-cctv-sunucusu","22":"product_tag-hikvision-uyumlu-nvr","23":"product_tag-hotswap-hdd-destekli-nvr","24":"product_tag-intel-nvr-sunucu","25":"product_tag-ip-kamera-kayit-sunucu","26":"product_tag-ip-kamera-kayit-sunucusu","27":"product_tag-kabin-tipi-nvr-sunucu","28":"product_tag-linux-tabanli-nvr-sunucu","29":"product_tag-magnetar-nvr-cozumleri","30":"product_tag-milestone-uyumlu-sunucu","31":"product_tag-nvr-kayit-sunucu","32":"product_tag-nvr-server","33":"product_tag-orta-olcekli-nvr-cozumu","34":"product_tag-profesyonel-ip-kamera-sunucusu","35":"product_tag-raid-destekli-nvr","36":"product_tag-redundant-psu-destekli-sunucu","37":"product_tag-ryzen-nvr-sunucu","38":"product_tag-uygun-fiyatli-cctv-sunucusu","39":"product_tag-uzun-sureli-video-kayit-sunucusu","40":"product_tag-vms-uyumlu-nvr","41":"product_tag-windows-tabanli-cctv-sunucusu","42":"product_tag-yuksek-kapasiteli-nvr-sunucu","43":"product_tag-yuksek-performansli-nvr-sunucu","45":"first","46":"instock","47":"taxable","48":"shipping-taxable","49":"product-type-external"},"yoast_head":"<!-- This site is optimized with the Yoast SEO Premium plugin v27.4 (Yoast SEO v27.4) - https:\/\/yoast.com\/product\/yoast-seo-premium-wordpress\/ -->\n<title>Magnetar NVR SERV-i08 Pro Consumer | IP Kamera Kay\u0131t Sunucusu - GTM Teknoloji<\/title>\n<meta name=\"robots\" content=\"index, follow, max-snippet:-1, max-image-preview:large, max-video-preview:-1\" \/>\n<link rel=\"canonical\" href=\"https:\/\/gtmteknoloji.com\/b2b\/magaza\/server\/cctv-nvr-server\/magnetar-nvr-serv-i08-pro-consumer-ip-kamera-kayit-sunucusu\/\" \/>\n<meta property=\"og:locale\" content=\"tr_TR\" \/>\n<meta property=\"og:type\" content=\"article\" \/>\n<meta property=\"og:title\" content=\"Magnetar NVR SERV-i08 Pro Consumer | IP Kamera Kay\u0131t Sunucusu\" \/>\n<meta property=\"og:description\" content=\"Magnetar NVR SERV-i08 Pro Consumer Kay\u0131t Sunucusu 2U Rackmount | 8x 3.5&#8243; HDD | 256+ Kamera Deste\u011fi | Y\u00fcksek Performansl\u0131\" \/>\n<meta property=\"og:url\" content=\"https:\/\/gtmteknoloji.com\/b2b\/magaza\/server\/cctv-nvr-server\/magnetar-nvr-serv-i08-pro-consumer-ip-kamera-kayit-sunucusu\/\" \/>\n<meta property=\"og:site_name\" content=\"GTM Teknoloji\" \/>\n<meta property=\"article:publisher\" content=\"https:\/\/www.facebook.com\/SupermicroTurkiye\/?locale=tr_TR\" \/>\n<meta property=\"article:modified_time\" content=\"2025-07-08T19:17:07+00:00\" \/>\n<meta property=\"og:image\" content=\"https:\/\/gtmteknoloji.com\/b2b\/wp-content\/uploads\/2025\/07\/Magnetar_NVR-SERV-i08-ip-kamera-kayit-sunucu-1.png\" \/>\n\t<meta property=\"og:image:width\" content=\"500\" \/>\n\t<meta property=\"og:image:height\" content=\"500\" \/>\n\t<meta property=\"og:image:type\" content=\"image\/png\" \/>\n<meta name=\"twitter:card\" content=\"summary_large_image\" \/>\n<meta name=\"twitter:site\" content=\"@gtmteknoloji\" \/>\n<meta name=\"twitter:label1\" content=\"Fiyat\" \/>\n\t<meta name=\"twitter:data1\" content=\"\" \/>\n\t<meta name=\"twitter:label2\" content=\"Durumu\" \/>\n\t<meta name=\"twitter:data2\" content=\"Stokta var\" \/>\n<script type=\"application\/ld+json\" class=\"yoast-schema-graph\">{\"@context\":\"https:\\\/\\\/schema.org\",\"@graph\":[{\"@type\":\"WebPage\",\"@id\":\"https:\\\/\\\/gtmteknoloji.com\\\/b2b\\\/magaza\\\/server\\\/cctv-nvr-server\\\/magnetar-nvr-serv-i08-pro-consumer-ip-kamera-kayit-sunucusu\\\/\",\"url\":\"https:\\\/\\\/gtmteknoloji.com\\\/b2b\\\/magaza\\\/server\\\/cctv-nvr-server\\\/magnetar-nvr-serv-i08-pro-consumer-ip-kamera-kayit-sunucusu\\\/\",\"name\":\"Magnetar NVR SERV-i08 Pro Consumer | IP Kamera Kay\u0131t Sunucusu - GTM Teknoloji\",\"isPartOf\":{\"@id\":\"https:\\\/\\\/gtmteknoloji.com\\\/b2b\\\/#website\"},\"primaryImageOfPage\":{\"@id\":\"https:\\\/\\\/gtmteknoloji.com\\\/b2b\\\/magaza\\\/server\\\/cctv-nvr-server\\\/magnetar-nvr-serv-i08-pro-consumer-ip-kamera-kayit-sunucusu\\\/#primaryimage\"},\"image\":{\"@id\":\"https:\\\/\\\/gtmteknoloji.com\\\/b2b\\\/magaza\\\/server\\\/cctv-nvr-server\\\/magnetar-nvr-serv-i08-pro-consumer-ip-kamera-kayit-sunucusu\\\/#primaryimage\"},\"thumbnailUrl\":\"https:\\\/\\\/gtmteknoloji.com\\\/b2b\\\/wp-content\\\/uploads\\\/2025\\\/07\\\/Magnetar_NVR-SERV-i08-ip-kamera-kayit-sunucu-1.png\",\"datePublished\":\"2025-07-08T17:17:43+00:00\",\"dateModified\":\"2025-07-08T19:17:07+00:00\",\"breadcrumb\":{\"@id\":\"https:\\\/\\\/gtmteknoloji.com\\\/b2b\\\/magaza\\\/server\\\/cctv-nvr-server\\\/magnetar-nvr-serv-i08-pro-consumer-ip-kamera-kayit-sunucusu\\\/#breadcrumb\"},\"inLanguage\":\"tr\",\"potentialAction\":[{\"@type\":\"ReadAction\",\"target\":[\"https:\\\/\\\/gtmteknoloji.com\\\/b2b\\\/magaza\\\/server\\\/cctv-nvr-server\\\/magnetar-nvr-serv-i08-pro-consumer-ip-kamera-kayit-sunucusu\\\/\"]}]},{\"@type\":\"ImageObject\",\"inLanguage\":\"tr\",\"@id\":\"https:\\\/\\\/gtmteknoloji.com\\\/b2b\\\/magaza\\\/server\\\/cctv-nvr-server\\\/magnetar-nvr-serv-i08-pro-consumer-ip-kamera-kayit-sunucusu\\\/#primaryimage\",\"url\":\"https:\\\/\\\/gtmteknoloji.com\\\/b2b\\\/wp-content\\\/uploads\\\/2025\\\/07\\\/Magnetar_NVR-SERV-i08-ip-kamera-kayit-sunucu-1.png\",\"contentUrl\":\"https:\\\/\\\/gtmteknoloji.com\\\/b2b\\\/wp-content\\\/uploads\\\/2025\\\/07\\\/Magnetar_NVR-SERV-i08-ip-kamera-kayit-sunucu-1.png\",\"width\":500,\"height\":500},{\"@type\":\"BreadcrumbList\",\"@id\":\"https:\\\/\\\/gtmteknoloji.com\\\/b2b\\\/magaza\\\/server\\\/cctv-nvr-server\\\/magnetar-nvr-serv-i08-pro-consumer-ip-kamera-kayit-sunucusu\\\/#breadcrumb\",\"itemListElement\":[{\"@type\":\"ListItem\",\"position\":1,\"name\":\"Home\",\"item\":\"https:\\\/\\\/gtmteknoloji.com\\\/b2b\\\/\"},{\"@type\":\"ListItem\",\"position\":2,\"name\":\"Ma\u011faza\",\"item\":\"https:\\\/\\\/gtmteknoloji.com\\\/b2b\\\/magaza\\\/\"},{\"@type\":\"ListItem\",\"position\":3,\"name\":\"Magnetar NVR SERV-i08 Pro Consumer | IP Kamera Kay\u0131t Sunucusu\"}]},{\"@type\":\"WebSite\",\"@id\":\"https:\\\/\\\/gtmteknoloji.com\\\/b2b\\\/#website\",\"url\":\"https:\\\/\\\/gtmteknoloji.com\\\/b2b\\\/\",\"name\":\"GTM Teknoloji\",\"description\":\"B2B Sat\u0131\u015f Portal\u0131\",\"publisher\":{\"@id\":\"https:\\\/\\\/gtmteknoloji.com\\\/b2b\\\/#organization\"},\"potentialAction\":[{\"@type\":\"SearchAction\",\"target\":{\"@type\":\"EntryPoint\",\"urlTemplate\":\"https:\\\/\\\/gtmteknoloji.com\\\/b2b\\\/?s={search_term_string}\"},\"query-input\":{\"@type\":\"PropertyValueSpecification\",\"valueRequired\":true,\"valueName\":\"search_term_string\"}}],\"inLanguage\":\"tr\"},{\"@type\":\"Organization\",\"@id\":\"https:\\\/\\\/gtmteknoloji.com\\\/b2b\\\/#organization\",\"name\":\"GTM Teknoloji\",\"url\":\"https:\\\/\\\/gtmteknoloji.com\\\/b2b\\\/\",\"logo\":{\"@type\":\"ImageObject\",\"inLanguage\":\"tr\",\"@id\":\"https:\\\/\\\/gtmteknoloji.com\\\/b2b\\\/#\\\/schema\\\/logo\\\/image\\\/\",\"url\":\"https:\\\/\\\/gtmteknoloji.com\\\/b2b\\\/wp-content\\\/uploads\\\/2020\\\/12\\\/GTM-logo.png\",\"contentUrl\":\"https:\\\/\\\/gtmteknoloji.com\\\/b2b\\\/wp-content\\\/uploads\\\/2020\\\/12\\\/GTM-logo.png\",\"width\":400,\"height\":400,\"caption\":\"GTM Teknoloji\"},\"image\":{\"@id\":\"https:\\\/\\\/gtmteknoloji.com\\\/b2b\\\/#\\\/schema\\\/logo\\\/image\\\/\"},\"sameAs\":[\"https:\\\/\\\/www.facebook.com\\\/SupermicroTurkiye\\\/?locale=tr_TR\",\"https:\\\/\\\/x.com\\\/gtmteknoloji\"]}]}<\/script>\n<meta property=\"product:brand\" content=\"Magnetar\" \/>\n<meta property=\"product:price:currency\" content=\"USD\" \/>\n<meta property=\"og:availability\" content=\"instock\" \/>\n<meta property=\"product:availability\" content=\"instock\" \/>\n<meta property=\"product:condition\" content=\"new\" \/>\n<!-- \/ Yoast SEO Premium plugin. -->","yoast_head_json":{"title":"Magnetar NVR SERV-i08 Pro Consumer | IP Kamera Kay\u0131t Sunucusu - GTM Teknoloji","robots":{"index":"index","follow":"follow","max-snippet":"max-snippet:-1","max-image-preview":"max-image-preview:large","max-video-preview":"max-video-preview:-1"},"canonical":"https:\/\/gtmteknoloji.com\/b2b\/magaza\/server\/cctv-nvr-server\/magnetar-nvr-serv-i08-pro-consumer-ip-kamera-kayit-sunucusu\/","og_locale":"tr_TR","og_type":"article","og_title":"Magnetar NVR SERV-i08 Pro Consumer | IP Kamera Kay\u0131t Sunucusu","og_description":"Magnetar NVR SERV-i08 Pro Consumer Kay\u0131t Sunucusu 2U Rackmount | 8x 3.5&#8243; HDD | 256+ Kamera Deste\u011fi | Y\u00fcksek Performansl\u0131","og_url":"https:\/\/gtmteknoloji.com\/b2b\/magaza\/server\/cctv-nvr-server\/magnetar-nvr-serv-i08-pro-consumer-ip-kamera-kayit-sunucusu\/","og_site_name":"GTM Teknoloji","article_publisher":"https:\/\/www.facebook.com\/SupermicroTurkiye\/?locale=tr_TR","article_modified_time":"2025-07-08T19:17:07+00:00","og_image":[{"width":500,"height":500,"url":"https:\/\/gtmteknoloji.com\/b2b\/wp-content\/uploads\/2025\/07\/Magnetar_NVR-SERV-i08-ip-kamera-kayit-sunucu-1.png","type":"image\/png"}],"twitter_card":"summary_large_image","twitter_site":"@gtmteknoloji","twitter_misc":{"Fiyat":"","Durumu":"Stokta var"},"schema":{"@context":"https:\/\/schema.org","@graph":[{"@type":"WebPage","@id":"https:\/\/gtmteknoloji.com\/b2b\/magaza\/server\/cctv-nvr-server\/magnetar-nvr-serv-i08-pro-consumer-ip-kamera-kayit-sunucusu\/","url":"https:\/\/gtmteknoloji.com\/b2b\/magaza\/server\/cctv-nvr-server\/magnetar-nvr-serv-i08-pro-consumer-ip-kamera-kayit-sunucusu\/","name":"Magnetar NVR SERV-i08 Pro Consumer | IP Kamera Kay\u0131t Sunucusu - GTM Teknoloji","isPartOf":{"@id":"https:\/\/gtmteknoloji.com\/b2b\/#website"},"primaryImageOfPage":{"@id":"https:\/\/gtmteknoloji.com\/b2b\/magaza\/server\/cctv-nvr-server\/magnetar-nvr-serv-i08-pro-consumer-ip-kamera-kayit-sunucusu\/#primaryimage"},"image":{"@id":"https:\/\/gtmteknoloji.com\/b2b\/magaza\/server\/cctv-nvr-server\/magnetar-nvr-serv-i08-pro-consumer-ip-kamera-kayit-sunucusu\/#primaryimage"},"thumbnailUrl":"https:\/\/gtmteknoloji.com\/b2b\/wp-content\/uploads\/2025\/07\/Magnetar_NVR-SERV-i08-ip-kamera-kayit-sunucu-1.png","datePublished":"2025-07-08T17:17:43+00:00","dateModified":"2025-07-08T19:17:07+00:00","breadcrumb":{"@id":"https:\/\/gtmteknoloji.com\/b2b\/magaza\/server\/cctv-nvr-server\/magnetar-nvr-serv-i08-pro-consumer-ip-kamera-kayit-sunucusu\/#breadcrumb"},"inLanguage":"tr","potentialAction":[{"@type":"ReadAction","target":["https:\/\/gtmteknoloji.com\/b2b\/magaza\/server\/cctv-nvr-server\/magnetar-nvr-serv-i08-pro-consumer-ip-kamera-kayit-sunucusu\/"]}]},{"@type":"ImageObject","inLanguage":"tr","@id":"https:\/\/gtmteknoloji.com\/b2b\/magaza\/server\/cctv-nvr-server\/magnetar-nvr-serv-i08-pro-consumer-ip-kamera-kayit-sunucusu\/#primaryimage","url":"https:\/\/gtmteknoloji.com\/b2b\/wp-content\/uploads\/2025\/07\/Magnetar_NVR-SERV-i08-ip-kamera-kayit-sunucu-1.png","contentUrl":"https:\/\/gtmteknoloji.com\/b2b\/wp-content\/uploads\/2025\/07\/Magnetar_NVR-SERV-i08-ip-kamera-kayit-sunucu-1.png","width":500,"height":500},{"@type":"BreadcrumbList","@id":"https:\/\/gtmteknoloji.com\/b2b\/magaza\/server\/cctv-nvr-server\/magnetar-nvr-serv-i08-pro-consumer-ip-kamera-kayit-sunucusu\/#breadcrumb","itemListElement":[{"@type":"ListItem","position":1,"name":"Home","item":"https:\/\/gtmteknoloji.com\/b2b\/"},{"@type":"ListItem","position":2,"name":"Ma\u011faza","item":"https:\/\/gtmteknoloji.com\/b2b\/magaza\/"},{"@type":"ListItem","position":3,"name":"Magnetar NVR SERV-i08 Pro Consumer | IP Kamera Kay\u0131t Sunucusu"}]},{"@type":"WebSite","@id":"https:\/\/gtmteknoloji.com\/b2b\/#website","url":"https:\/\/gtmteknoloji.com\/b2b\/","name":"GTM Teknoloji","description":"B2B Sat\u0131\u015f Portal\u0131","publisher":{"@id":"https:\/\/gtmteknoloji.com\/b2b\/#organization"},"potentialAction":[{"@type":"SearchAction","target":{"@type":"EntryPoint","urlTemplate":"https:\/\/gtmteknoloji.com\/b2b\/?s={search_term_string}"},"query-input":{"@type":"PropertyValueSpecification","valueRequired":true,"valueName":"search_term_string"}}],"inLanguage":"tr"},{"@type":"Organization","@id":"https:\/\/gtmteknoloji.com\/b2b\/#organization","name":"GTM Teknoloji","url":"https:\/\/gtmteknoloji.com\/b2b\/","logo":{"@type":"ImageObject","inLanguage":"tr","@id":"https:\/\/gtmteknoloji.com\/b2b\/#\/schema\/logo\/image\/","url":"https:\/\/gtmteknoloji.com\/b2b\/wp-content\/uploads\/2020\/12\/GTM-logo.png","contentUrl":"https:\/\/gtmteknoloji.com\/b2b\/wp-content\/uploads\/2020\/12\/GTM-logo.png","width":400,"height":400,"caption":"GTM Teknoloji"},"image":{"@id":"https:\/\/gtmteknoloji.com\/b2b\/#\/schema\/logo\/image\/"},"sameAs":["https:\/\/www.facebook.com\/SupermicroTurkiye\/?locale=tr_TR","https:\/\/x.com\/gtmteknoloji"]}]},"product_brand":"Magnetar","product_price_currency":"USD","og_availability":"instock","product_availability":"instock","product_condition":"new"},"_links":{"self":[{"href":"https:\/\/gtmteknoloji.com\/b2b\/wp-json\/wp\/v2\/product\/10210","targetHints":{"allow":["GET"]}}],"collection":[{"href":"https:\/\/gtmteknoloji.com\/b2b\/wp-json\/wp\/v2\/product"}],"about":[{"href":"https:\/\/gtmteknoloji.com\/b2b\/wp-json\/wp\/v2\/types\/product"}],"version-history":[{"count":4,"href":"https:\/\/gtmteknoloji.com\/b2b\/wp-json\/wp\/v2\/product\/10210\/revisions"}],"predecessor-version":[{"id":10218,"href":"https:\/\/gtmteknoloji.com\/b2b\/wp-json\/wp\/v2\/product\/10210\/revisions\/10218"}],"wp:featuredmedia":[{"embeddable":true,"href":"https:\/\/gtmteknoloji.com\/b2b\/wp-json\/wp\/v2\/media\/10216"}],"wp:attachment":[{"href":"https:\/\/gtmteknoloji.com\/b2b\/wp-json\/wp\/v2\/media?parent=10210"}],"wp:term":[{"taxonomy":"product_brand","embeddable":true,"href":"https:\/\/gtmteknoloji.com\/b2b\/wp-json\/wp\/v2\/product_brand?post=10210"},{"taxonomy":"product_cat","embeddable":true,"href":"https:\/\/gtmteknoloji.com\/b2b\/wp-json\/wp\/v2\/product_cat?post=10210"},{"taxonomy":"product_tag","embeddable":true,"href":"https:\/\/gtmteknoloji.com\/b2b\/wp-json\/wp\/v2\/product_tag?post=10210"}],"curies":[{"name":"wp","href":"https:\/\/api.w.org\/{rel}","templated":true}]}}