{"id":10222,"date":"2025-07-08T22:38:56","date_gmt":"2025-07-08T19:38:56","guid":{"rendered":"https:\/\/gtmteknoloji.com\/b2b\/?post_type=product&#038;p=10222"},"modified":"2025-07-08T22:46:49","modified_gmt":"2025-07-08T19:46:49","slug":"magnetar-nvr-serv-i16-pro-consumer-ip-kamera-kayit-sunucusu","status":"publish","type":"product","link":"https:\/\/gtmteknoloji.com\/b2b\/magaza\/server\/cctv-nvr-server\/magnetar-nvr-serv-i16-pro-consumer-ip-kamera-kayit-sunucusu\/","title":{"rendered":"Magnetar NVR SERV-i16 Pro Consumer | IP Kamera Kay\u0131t Sunucusu"},"content":{"rendered":"<h2 class=\"vc_custom_heading\">Magnetar NVR SERV-i16<\/h2>\n<h4 class=\"vc_custom_heading\">Pro Consumer Kay\u0131t Sunucu<\/h4>\n<div class=\"wpb_text_column wpb_content_element \">\n<div class=\"wpb_wrapper\">\n<ul>\n<li>3U Rackmount | 16x 3.5\u2033 HotSwap HDD max 320 TB<\/li>\n<li>Core-i3 \/ i5 \/ i7 veya Ryzen 7000 | max. 64GB DDR5 Memory<\/li>\n<li>onboard Raid veya Ops. Donan\u0131msal Raid<\/li>\n<li>256+ Kamera Deste\u011fi |\u00a0Gigabit Ethernet Portu<\/li>\n<li>Opsiyonel Redundant PSU<\/li>\n<li>2 Y\u0131l Garanti veya 3 Y\u0131l Geni\u015fletilmi\u015f Garanti ve Yerinde Destek Hizmetleri<\/li>\n<\/ul>\n<\/div>\n<\/div>\n<div class=\"wpb_text_column wpb_content_element \">\n<div class=\"wpb_wrapper\">\n<h3><span style=\"color: #ff0000;\"><a style=\"color: #ff0000;\" href=\"https:\/\/supermicrosunucu.com\/configurator\/7e3e844f-f758-4a60-b9b2-f92db718a900\" target=\"_blank\" rel=\"noopener\">KONF\u0130GURE ET &amp; SATIN AL<\/a><\/span><\/h3>\n<p>&nbsp;<\/p>\n<\/div>\n<\/div>\n<h1 data-start=\"116\" data-end=\"169\">Magnetar NVR SERV-i16 Pro Consumer Kay\u0131t Sunucusu<\/h1>\n<p data-start=\"170\" data-end=\"299\"><strong data-start=\"170\" data-end=\"299\">3U Rackmount | 16x 3.5&#8243; HotSwap HDD | Maksimum 320TB Kapasite | 256+ Kamera Deste\u011fi | Y\u00fcksek Performansl\u0131 CCTV Kay\u0131t Sunucusu<\/strong><\/p>\n<p data-start=\"301\" data-end=\"705\"><strong data-start=\"301\" data-end=\"326\">Magnetar NVR SERV-i16<\/strong>, y\u00fcksek kapasiteli ve uygun maliyetli profesyonel IP kamera kay\u0131t ihtiya\u00e7lar\u0131 i\u00e7in tasarlanm\u0131\u015f <strong data-start=\"422\" data-end=\"451\">3U rackmount yap\u0131ya sahip<\/strong>, g\u00fc\u00e7l\u00fc ve esnek bir \u00e7\u00f6z\u00fcmd\u00fcr. Intel Core i3, i5, i7 veya AMD Ryzen 7000 serisi i\u015flemci se\u00e7enekleriyle, <strong data-start=\"555\" data-end=\"586\">y\u00fcksek frekansl\u0131 i\u015flem g\u00fcc\u00fc<\/strong> ve <strong data-start=\"590\" data-end=\"622\">devasa depolama kapasitesini<\/strong> bir arada sunarak orta ve b\u00fcy\u00fck \u00f6l\u00e7ekli CCTV projelerinde \u00fcst\u00fcn performans sa\u011flar.<\/p>\n<h2 data-start=\"707\" data-end=\"726\">Temel \u00d6zellikler<\/h2>\n<ul data-start=\"728\" data-end=\"1555\">\n<li data-start=\"728\" data-end=\"844\">\n<p data-start=\"730\" data-end=\"844\">\u2705 <strong data-start=\"732\" data-end=\"766\">3U Rackmount End\u00fcstriyel Kasa:<\/strong> Veri merkezleri ve kabin i\u00e7i kurulumlar i\u00e7in optimize edilmi\u015f sa\u011flam tasar\u0131m.<\/p>\n<\/li>\n<li data-start=\"845\" data-end=\"946\">\n<p data-start=\"847\" data-end=\"946\">\u2705 <strong data-start=\"849\" data-end=\"874\">16x 3.5\u201d HotSwap HDD:<\/strong> Maksimum 320TB depolama kapasitesi ile uzun s\u00fcreli ve kesintisiz kay\u0131t.<\/p>\n<\/li>\n<li data-start=\"947\" data-end=\"1059\">\n<p data-start=\"949\" data-end=\"1059\">\u2705 <strong data-start=\"951\" data-end=\"995\">Intel Core i3\/i5\/i7 veya AMD Ryzen 7000:<\/strong> Y\u00fcksek frekansl\u0131 i\u015flemciler ile g\u00fc\u00e7l\u00fc video i\u015fleme performans\u0131.<\/p>\n<\/li>\n<li data-start=\"1060\" data-end=\"1163\">\n<p data-start=\"1062\" data-end=\"1163\">\u2705 <strong data-start=\"1064\" data-end=\"1090\">64GB\u2019a Kadar DDR5 RAM:<\/strong> H\u0131zl\u0131 veri i\u015fleme ve \u00e7oklu kamera deste\u011fi i\u00e7in y\u00fcksek bellek kapasitesi.<\/p>\n<\/li>\n<li data-start=\"1164\" data-end=\"1261\">\n<p data-start=\"1166\" data-end=\"1261\">\u2705 <strong data-start=\"1168\" data-end=\"1212\">Yerle\u015fik veya Opsiyonel Donan\u0131msal RAID:<\/strong> Veri g\u00fcvenli\u011fi i\u00e7in RAID 0, 1, 5, 6, 10 deste\u011fi.<\/p>\n<\/li>\n<li data-start=\"1262\" data-end=\"1334\">\n<p data-start=\"1264\" data-end=\"1334\">\u2705 <strong data-start=\"1266\" data-end=\"1290\">256+ Kamera Deste\u011fi:<\/strong> \u00c7ok kameral\u0131 sistemler i\u00e7in geni\u015f kapasite.<\/p>\n<\/li>\n<li data-start=\"1335\" data-end=\"1398\">\n<p data-start=\"1337\" data-end=\"1398\">\u2705 <strong data-start=\"1339\" data-end=\"1371\">Gigabit Ethernet Ba\u011flant\u0131s\u0131:<\/strong> Y\u00fcksek h\u0131zl\u0131 a\u011f ileti\u015fimi.<\/p>\n<\/li>\n<li data-start=\"1399\" data-end=\"1477\">\n<p data-start=\"1401\" data-end=\"1477\">\u2705 <strong data-start=\"1403\" data-end=\"1431\">Opsiyonel Redundant PSU:<\/strong> G\u00fc\u00e7 kesintilerine kar\u015f\u0131 yedekli yap\u0131 deste\u011fi.<\/p>\n<\/li>\n<li data-start=\"1478\" data-end=\"1555\">\n<p data-start=\"1480\" data-end=\"1555\">\u2705 <strong data-start=\"1482\" data-end=\"1555\">2 Y\u0131l Standart Garanti | 3 Y\u0131l Geni\u015fletilmi\u015f Garanti &amp; Yerinde Destek<\/strong><\/p>\n<\/li>\n<\/ul>\n<h2 data-start=\"1557\" data-end=\"1578\">Ba\u015fl\u0131ca Avantajlar<\/h2>\n<ul data-start=\"1580\" data-end=\"2117\">\n<li data-start=\"1580\" data-end=\"1706\">\n<p data-start=\"1582\" data-end=\"1706\">\ud83d\udd27 <strong data-start=\"1585\" data-end=\"1616\">Y\u00fcksek Depolama Kapasitesi:<\/strong> 320TB\u2019a kadar depolama ile y\u00fcksek \u00e7\u00f6z\u00fcn\u00fcrl\u00fckl\u00fc videolar i\u00e7in haftalarca kesintisiz kay\u0131t.<\/p>\n<\/li>\n<li data-start=\"1707\" data-end=\"1846\">\n<p data-start=\"1709\" data-end=\"1846\">\ud83d\udcb8 <strong data-start=\"1712\" data-end=\"1750\">Uygun Maliyetli Profesyonel \u00c7\u00f6z\u00fcm:<\/strong> Kritik olmayan ancak y\u00fcksek performans isteyen projeler i\u00e7in en iyi maliyet\/performans dengesi.<\/p>\n<\/li>\n<li data-start=\"1847\" data-end=\"1954\">\n<p data-start=\"1849\" data-end=\"1954\">\ud83d\udd12 <strong data-start=\"1852\" data-end=\"1878\">Geli\u015fmi\u015f RAID Deste\u011fi:<\/strong> Verilerinizi kay\u0131plara kar\u015f\u0131 koruma alt\u0131na al\u0131r, sistem s\u00fcreklili\u011fi sa\u011flar.<\/p>\n<\/li>\n<li data-start=\"1955\" data-end=\"2023\">\n<p data-start=\"1957\" data-end=\"2023\">\ud83d\udce6 <strong data-start=\"1960\" data-end=\"1980\">HotSwap Diskler:<\/strong> Kolay bak\u0131m ve h\u0131zl\u0131 disk de\u011fi\u015fimi imkan\u0131.<\/p>\n<\/li>\n<li data-start=\"2024\" data-end=\"2117\">\n<p data-start=\"2026\" data-end=\"2117\">\ud83d\udee1\ufe0f <strong data-start=\"2030\" data-end=\"2059\">End\u00fcstriyel G\u00fcvenilirlik:<\/strong> Ticari, kurumsal ve end\u00fcstriyel kullan\u0131m i\u00e7in ideal yap\u0131.<\/p>\n<\/li>\n<\/ul>\n<h2 data-start=\"2119\" data-end=\"2139\">Kullan\u0131m Alanlar\u0131<\/h2>\n<ul data-start=\"2141\" data-end=\"2440\">\n<li data-start=\"2141\" data-end=\"2196\">\n<p data-start=\"2143\" data-end=\"2196\"><strong data-start=\"2143\" data-end=\"2196\">Al\u0131\u015fveri\u015f Merkezleri, Zincir Ma\u011fazalar ve AVM\u2019ler<\/strong><\/p>\n<\/li>\n<li data-start=\"2197\" data-end=\"2245\">\n<p data-start=\"2199\" data-end=\"2245\"><strong data-start=\"2199\" data-end=\"2245\">\u00dcniversiteler, Okullar ve E\u011fitim Kurumlar\u0131<\/strong><\/p>\n<\/li>\n<li data-start=\"2246\" data-end=\"2303\">\n<p data-start=\"2248\" data-end=\"2303\"><strong data-start=\"2248\" data-end=\"2303\">Fabrikalar, \u00dcretim Tesisleri ve Lojistik Merkezleri<\/strong><\/p>\n<\/li>\n<li data-start=\"2304\" data-end=\"2357\">\n<p data-start=\"2306\" data-end=\"2357\"><strong data-start=\"2306\" data-end=\"2357\">Hastaneler, Sa\u011fl\u0131k Kurulu\u015flar\u0131 ve Kamu Binalar\u0131<\/strong><\/p>\n<\/li>\n<li data-start=\"2358\" data-end=\"2399\">\n<p data-start=\"2360\" data-end=\"2399\"><strong data-start=\"2360\" data-end=\"2399\">B\u00fcy\u00fck Ofisler ve Kurumsal Kamp\u00fcsler<\/strong><\/p>\n<\/li>\n<li data-start=\"2400\" data-end=\"2440\">\n<p data-start=\"2402\" data-end=\"2440\"><strong data-start=\"2402\" data-end=\"2440\">\u00c7ok \u015eubeli Yap\u0131lar ve Franchiseler<\/strong><\/p>\n<\/li>\n<\/ul>\n<h2 data-start=\"2442\" data-end=\"2454\">Uyumluluk<\/h2>\n<p data-start=\"2456\" data-end=\"2632\">T\u00fcm yayg\u0131n <strong data-start=\"2467\" data-end=\"2490\">IP kamera markalar\u0131<\/strong> (Hikvision, Dahua, Uniview, Axis, Bosch vb.) ve <strong data-start=\"2539\" data-end=\"2559\">VMS platformlar\u0131<\/strong> (Milestone, Nx Witness, Luxriot, iVMS, Blue Iris vb.) ile tam uyumludur.<\/p>\n","protected":false},"excerpt":{"rendered":"<p>Magnetar NVR SERV-i16 Pro Consumer Kay\u0131t Sunucu 3U Rackmount | 16x 3.5\u2033 HotSwap HDD max 320 TB Core-i3 \/ i5<\/p>\n","protected":false},"featured_media":10223,"template":"","meta":[],"product_brand":[339],"product_cat":[2951,1759],"product_tag":[2987,2988,2986,2979,2961,2984,2955,2952,2966,2978,2972,2968,2969,2977,2962,2958,1781,2954,2973,2980,2983,2976,2953,1897,2970,2967,2964,2982,2959,2965,2974,2975,2981,2960,2971],"class_list":{"0":"post-10222","1":"product","2":"type-product","3":"status-publish","4":"has-post-thumbnail","6":"product_brand-magnetar-kurumsal-sunucu-cozumleri","7":"product_cat-cctv-nvr-server","8":"product_cat-server","9":"product_tag-16-diskli-nvr","10":"product_tag-320tb-kayit-sunucusu","11":"product_tag-3u-rackmount-nvr","12":"product_tag-axis-uyumlu-cctv-sunucusu","13":"product_tag-cctv-icin-kayit-sunucusu","14":"product_tag-cctv-icin-uygun-fiyatli-sunucu","15":"product_tag-cctv-kayit-sunucu","16":"product_tag-cctv-server","17":"product_tag-cok-kamerali-kayit-sunucusu","18":"product_tag-dahua-uyumlu-sunucu","19":"product_tag-ekonomik-cctv-sunucusu","20":"product_tag-gigabit-ethernet-kayit-sunucusu","21":"product_tag-guvenilir-cctv-sunucusu","22":"product_tag-hikvision-uyumlu-nvr","23":"product_tag-hotswap-hdd-destekli-nvr","24":"product_tag-intel-nvr-sunucu","25":"product_tag-ip-kamera-kayit-sunucu","26":"product_tag-ip-kamera-kayit-sunucusu","27":"product_tag-kabin-tipi-nvr-sunucu","28":"product_tag-linux-tabanli-nvr-sunucu","29":"product_tag-magnetar-nvr-cozumleri","30":"product_tag-milestone-uyumlu-sunucu","31":"product_tag-nvr-kayit-sunucu","32":"product_tag-nvr-server","33":"product_tag-orta-olcekli-nvr-cozumu","34":"product_tag-profesyonel-ip-kamera-sunucusu","35":"product_tag-raid-destekli-nvr","36":"product_tag-redundant-psu-destekli-sunucu","37":"product_tag-ryzen-nvr-sunucu","38":"product_tag-uygun-fiyatli-cctv-sunucusu","39":"product_tag-uzun-sureli-video-kayit-sunucusu","40":"product_tag-vms-uyumlu-nvr","41":"product_tag-windows-tabanli-cctv-sunucusu","42":"product_tag-yuksek-kapasiteli-nvr-sunucu","43":"product_tag-yuksek-performansli-nvr-sunucu","45":"first","46":"instock","47":"taxable","48":"shipping-taxable","49":"product-type-external"},"yoast_head":"<!-- This site is optimized with the Yoast SEO Premium plugin v27.4 (Yoast SEO v27.4) - https:\/\/yoast.com\/product\/yoast-seo-premium-wordpress\/ -->\n<title>Magnetar NVR SERV-i16 Pro Consumer | IP Kamera Kay\u0131t Sunucusu - GTM Teknoloji<\/title>\n<meta name=\"robots\" content=\"index, follow, max-snippet:-1, max-image-preview:large, max-video-preview:-1\" \/>\n<link rel=\"canonical\" href=\"https:\/\/gtmteknoloji.com\/b2b\/magaza\/server\/cctv-nvr-server\/magnetar-nvr-serv-i16-pro-consumer-ip-kamera-kayit-sunucusu\/\" \/>\n<meta property=\"og:locale\" content=\"tr_TR\" \/>\n<meta property=\"og:type\" content=\"article\" \/>\n<meta property=\"og:title\" content=\"Magnetar NVR SERV-i16 Pro Consumer | IP Kamera Kay\u0131t Sunucusu\" \/>\n<meta property=\"og:description\" content=\"Magnetar NVR SERV-i16 Pro Consumer Kay\u0131t Sunucu 3U Rackmount | 16x 3.5\u2033 HotSwap HDD max 320 TB Core-i3 \/ i5\" \/>\n<meta property=\"og:url\" content=\"https:\/\/gtmteknoloji.com\/b2b\/magaza\/server\/cctv-nvr-server\/magnetar-nvr-serv-i16-pro-consumer-ip-kamera-kayit-sunucusu\/\" \/>\n<meta property=\"og:site_name\" content=\"GTM Teknoloji\" \/>\n<meta property=\"article:publisher\" content=\"https:\/\/www.facebook.com\/SupermicroTurkiye\/?locale=tr_TR\" \/>\n<meta property=\"article:modified_time\" content=\"2025-07-08T19:46:49+00:00\" \/>\n<meta property=\"og:image\" content=\"https:\/\/gtmteknoloji.com\/b2b\/wp-content\/uploads\/2025\/07\/Magnetar_NVR-SERV-i16-ip-kamera-kayit-sunucu-1.png\" \/>\n\t<meta property=\"og:image:width\" content=\"500\" \/>\n\t<meta property=\"og:image:height\" content=\"500\" \/>\n\t<meta property=\"og:image:type\" content=\"image\/png\" \/>\n<meta name=\"twitter:card\" content=\"summary_large_image\" \/>\n<meta name=\"twitter:site\" content=\"@gtmteknoloji\" \/>\n<meta name=\"twitter:label1\" content=\"Fiyat\" \/>\n\t<meta name=\"twitter:data1\" content=\"\" \/>\n\t<meta name=\"twitter:label2\" content=\"Durumu\" \/>\n\t<meta name=\"twitter:data2\" content=\"Stokta var\" \/>\n<script type=\"application\/ld+json\" class=\"yoast-schema-graph\">{\"@context\":\"https:\\\/\\\/schema.org\",\"@graph\":[{\"@type\":\"WebPage\",\"@id\":\"https:\\\/\\\/gtmteknoloji.com\\\/b2b\\\/magaza\\\/server\\\/cctv-nvr-server\\\/magnetar-nvr-serv-i16-pro-consumer-ip-kamera-kayit-sunucusu\\\/\",\"url\":\"https:\\\/\\\/gtmteknoloji.com\\\/b2b\\\/magaza\\\/server\\\/cctv-nvr-server\\\/magnetar-nvr-serv-i16-pro-consumer-ip-kamera-kayit-sunucusu\\\/\",\"name\":\"Magnetar NVR SERV-i16 Pro Consumer | IP Kamera Kay\u0131t Sunucusu - GTM Teknoloji\",\"isPartOf\":{\"@id\":\"https:\\\/\\\/gtmteknoloji.com\\\/b2b\\\/#website\"},\"primaryImageOfPage\":{\"@id\":\"https:\\\/\\\/gtmteknoloji.com\\\/b2b\\\/magaza\\\/server\\\/cctv-nvr-server\\\/magnetar-nvr-serv-i16-pro-consumer-ip-kamera-kayit-sunucusu\\\/#primaryimage\"},\"image\":{\"@id\":\"https:\\\/\\\/gtmteknoloji.com\\\/b2b\\\/magaza\\\/server\\\/cctv-nvr-server\\\/magnetar-nvr-serv-i16-pro-consumer-ip-kamera-kayit-sunucusu\\\/#primaryimage\"},\"thumbnailUrl\":\"https:\\\/\\\/gtmteknoloji.com\\\/b2b\\\/wp-content\\\/uploads\\\/2025\\\/07\\\/Magnetar_NVR-SERV-i16-ip-kamera-kayit-sunucu-1.png\",\"datePublished\":\"2025-07-08T19:38:56+00:00\",\"dateModified\":\"2025-07-08T19:46:49+00:00\",\"breadcrumb\":{\"@id\":\"https:\\\/\\\/gtmteknoloji.com\\\/b2b\\\/magaza\\\/server\\\/cctv-nvr-server\\\/magnetar-nvr-serv-i16-pro-consumer-ip-kamera-kayit-sunucusu\\\/#breadcrumb\"},\"inLanguage\":\"tr\",\"potentialAction\":[{\"@type\":\"ReadAction\",\"target\":[\"https:\\\/\\\/gtmteknoloji.com\\\/b2b\\\/magaza\\\/server\\\/cctv-nvr-server\\\/magnetar-nvr-serv-i16-pro-consumer-ip-kamera-kayit-sunucusu\\\/\"]}]},{\"@type\":\"ImageObject\",\"inLanguage\":\"tr\",\"@id\":\"https:\\\/\\\/gtmteknoloji.com\\\/b2b\\\/magaza\\\/server\\\/cctv-nvr-server\\\/magnetar-nvr-serv-i16-pro-consumer-ip-kamera-kayit-sunucusu\\\/#primaryimage\",\"url\":\"https:\\\/\\\/gtmteknoloji.com\\\/b2b\\\/wp-content\\\/uploads\\\/2025\\\/07\\\/Magnetar_NVR-SERV-i16-ip-kamera-kayit-sunucu-1.png\",\"contentUrl\":\"https:\\\/\\\/gtmteknoloji.com\\\/b2b\\\/wp-content\\\/uploads\\\/2025\\\/07\\\/Magnetar_NVR-SERV-i16-ip-kamera-kayit-sunucu-1.png\",\"width\":500,\"height\":500},{\"@type\":\"BreadcrumbList\",\"@id\":\"https:\\\/\\\/gtmteknoloji.com\\\/b2b\\\/magaza\\\/server\\\/cctv-nvr-server\\\/magnetar-nvr-serv-i16-pro-consumer-ip-kamera-kayit-sunucusu\\\/#breadcrumb\",\"itemListElement\":[{\"@type\":\"ListItem\",\"position\":1,\"name\":\"Home\",\"item\":\"https:\\\/\\\/gtmteknoloji.com\\\/b2b\\\/\"},{\"@type\":\"ListItem\",\"position\":2,\"name\":\"Ma\u011faza\",\"item\":\"https:\\\/\\\/gtmteknoloji.com\\\/b2b\\\/magaza\\\/\"},{\"@type\":\"ListItem\",\"position\":3,\"name\":\"Magnetar NVR SERV-i16 Pro Consumer | IP Kamera Kay\u0131t Sunucusu\"}]},{\"@type\":\"WebSite\",\"@id\":\"https:\\\/\\\/gtmteknoloji.com\\\/b2b\\\/#website\",\"url\":\"https:\\\/\\\/gtmteknoloji.com\\\/b2b\\\/\",\"name\":\"GTM Teknoloji\",\"description\":\"B2B Sat\u0131\u015f Portal\u0131\",\"publisher\":{\"@id\":\"https:\\\/\\\/gtmteknoloji.com\\\/b2b\\\/#organization\"},\"potentialAction\":[{\"@type\":\"SearchAction\",\"target\":{\"@type\":\"EntryPoint\",\"urlTemplate\":\"https:\\\/\\\/gtmteknoloji.com\\\/b2b\\\/?s={search_term_string}\"},\"query-input\":{\"@type\":\"PropertyValueSpecification\",\"valueRequired\":true,\"valueName\":\"search_term_string\"}}],\"inLanguage\":\"tr\"},{\"@type\":\"Organization\",\"@id\":\"https:\\\/\\\/gtmteknoloji.com\\\/b2b\\\/#organization\",\"name\":\"GTM Teknoloji\",\"url\":\"https:\\\/\\\/gtmteknoloji.com\\\/b2b\\\/\",\"logo\":{\"@type\":\"ImageObject\",\"inLanguage\":\"tr\",\"@id\":\"https:\\\/\\\/gtmteknoloji.com\\\/b2b\\\/#\\\/schema\\\/logo\\\/image\\\/\",\"url\":\"https:\\\/\\\/gtmteknoloji.com\\\/b2b\\\/wp-content\\\/uploads\\\/2020\\\/12\\\/GTM-logo.png\",\"contentUrl\":\"https:\\\/\\\/gtmteknoloji.com\\\/b2b\\\/wp-content\\\/uploads\\\/2020\\\/12\\\/GTM-logo.png\",\"width\":400,\"height\":400,\"caption\":\"GTM Teknoloji\"},\"image\":{\"@id\":\"https:\\\/\\\/gtmteknoloji.com\\\/b2b\\\/#\\\/schema\\\/logo\\\/image\\\/\"},\"sameAs\":[\"https:\\\/\\\/www.facebook.com\\\/SupermicroTurkiye\\\/?locale=tr_TR\",\"https:\\\/\\\/x.com\\\/gtmteknoloji\"]}]}<\/script>\n<meta property=\"product:brand\" content=\"Magnetar\" \/>\n<meta property=\"product:price:currency\" content=\"USD\" \/>\n<meta property=\"og:availability\" content=\"instock\" \/>\n<meta property=\"product:availability\" content=\"instock\" \/>\n<meta property=\"product:condition\" content=\"new\" \/>\n<!-- \/ Yoast SEO Premium plugin. -->","yoast_head_json":{"title":"Magnetar NVR SERV-i16 Pro Consumer | IP Kamera Kay\u0131t Sunucusu - GTM Teknoloji","robots":{"index":"index","follow":"follow","max-snippet":"max-snippet:-1","max-image-preview":"max-image-preview:large","max-video-preview":"max-video-preview:-1"},"canonical":"https:\/\/gtmteknoloji.com\/b2b\/magaza\/server\/cctv-nvr-server\/magnetar-nvr-serv-i16-pro-consumer-ip-kamera-kayit-sunucusu\/","og_locale":"tr_TR","og_type":"article","og_title":"Magnetar NVR SERV-i16 Pro Consumer | IP Kamera Kay\u0131t Sunucusu","og_description":"Magnetar NVR SERV-i16 Pro Consumer Kay\u0131t Sunucu 3U Rackmount | 16x 3.5\u2033 HotSwap HDD max 320 TB Core-i3 \/ i5","og_url":"https:\/\/gtmteknoloji.com\/b2b\/magaza\/server\/cctv-nvr-server\/magnetar-nvr-serv-i16-pro-consumer-ip-kamera-kayit-sunucusu\/","og_site_name":"GTM Teknoloji","article_publisher":"https:\/\/www.facebook.com\/SupermicroTurkiye\/?locale=tr_TR","article_modified_time":"2025-07-08T19:46:49+00:00","og_image":[{"width":500,"height":500,"url":"https:\/\/gtmteknoloji.com\/b2b\/wp-content\/uploads\/2025\/07\/Magnetar_NVR-SERV-i16-ip-kamera-kayit-sunucu-1.png","type":"image\/png"}],"twitter_card":"summary_large_image","twitter_site":"@gtmteknoloji","twitter_misc":{"Fiyat":"","Durumu":"Stokta var"},"schema":{"@context":"https:\/\/schema.org","@graph":[{"@type":"WebPage","@id":"https:\/\/gtmteknoloji.com\/b2b\/magaza\/server\/cctv-nvr-server\/magnetar-nvr-serv-i16-pro-consumer-ip-kamera-kayit-sunucusu\/","url":"https:\/\/gtmteknoloji.com\/b2b\/magaza\/server\/cctv-nvr-server\/magnetar-nvr-serv-i16-pro-consumer-ip-kamera-kayit-sunucusu\/","name":"Magnetar NVR SERV-i16 Pro Consumer | IP Kamera Kay\u0131t Sunucusu - GTM Teknoloji","isPartOf":{"@id":"https:\/\/gtmteknoloji.com\/b2b\/#website"},"primaryImageOfPage":{"@id":"https:\/\/gtmteknoloji.com\/b2b\/magaza\/server\/cctv-nvr-server\/magnetar-nvr-serv-i16-pro-consumer-ip-kamera-kayit-sunucusu\/#primaryimage"},"image":{"@id":"https:\/\/gtmteknoloji.com\/b2b\/magaza\/server\/cctv-nvr-server\/magnetar-nvr-serv-i16-pro-consumer-ip-kamera-kayit-sunucusu\/#primaryimage"},"thumbnailUrl":"https:\/\/gtmteknoloji.com\/b2b\/wp-content\/uploads\/2025\/07\/Magnetar_NVR-SERV-i16-ip-kamera-kayit-sunucu-1.png","datePublished":"2025-07-08T19:38:56+00:00","dateModified":"2025-07-08T19:46:49+00:00","breadcrumb":{"@id":"https:\/\/gtmteknoloji.com\/b2b\/magaza\/server\/cctv-nvr-server\/magnetar-nvr-serv-i16-pro-consumer-ip-kamera-kayit-sunucusu\/#breadcrumb"},"inLanguage":"tr","potentialAction":[{"@type":"ReadAction","target":["https:\/\/gtmteknoloji.com\/b2b\/magaza\/server\/cctv-nvr-server\/magnetar-nvr-serv-i16-pro-consumer-ip-kamera-kayit-sunucusu\/"]}]},{"@type":"ImageObject","inLanguage":"tr","@id":"https:\/\/gtmteknoloji.com\/b2b\/magaza\/server\/cctv-nvr-server\/magnetar-nvr-serv-i16-pro-consumer-ip-kamera-kayit-sunucusu\/#primaryimage","url":"https:\/\/gtmteknoloji.com\/b2b\/wp-content\/uploads\/2025\/07\/Magnetar_NVR-SERV-i16-ip-kamera-kayit-sunucu-1.png","contentUrl":"https:\/\/gtmteknoloji.com\/b2b\/wp-content\/uploads\/2025\/07\/Magnetar_NVR-SERV-i16-ip-kamera-kayit-sunucu-1.png","width":500,"height":500},{"@type":"BreadcrumbList","@id":"https:\/\/gtmteknoloji.com\/b2b\/magaza\/server\/cctv-nvr-server\/magnetar-nvr-serv-i16-pro-consumer-ip-kamera-kayit-sunucusu\/#breadcrumb","itemListElement":[{"@type":"ListItem","position":1,"name":"Home","item":"https:\/\/gtmteknoloji.com\/b2b\/"},{"@type":"ListItem","position":2,"name":"Ma\u011faza","item":"https:\/\/gtmteknoloji.com\/b2b\/magaza\/"},{"@type":"ListItem","position":3,"name":"Magnetar NVR SERV-i16 Pro Consumer | IP Kamera Kay\u0131t Sunucusu"}]},{"@type":"WebSite","@id":"https:\/\/gtmteknoloji.com\/b2b\/#website","url":"https:\/\/gtmteknoloji.com\/b2b\/","name":"GTM Teknoloji","description":"B2B Sat\u0131\u015f Portal\u0131","publisher":{"@id":"https:\/\/gtmteknoloji.com\/b2b\/#organization"},"potentialAction":[{"@type":"SearchAction","target":{"@type":"EntryPoint","urlTemplate":"https:\/\/gtmteknoloji.com\/b2b\/?s={search_term_string}"},"query-input":{"@type":"PropertyValueSpecification","valueRequired":true,"valueName":"search_term_string"}}],"inLanguage":"tr"},{"@type":"Organization","@id":"https:\/\/gtmteknoloji.com\/b2b\/#organization","name":"GTM Teknoloji","url":"https:\/\/gtmteknoloji.com\/b2b\/","logo":{"@type":"ImageObject","inLanguage":"tr","@id":"https:\/\/gtmteknoloji.com\/b2b\/#\/schema\/logo\/image\/","url":"https:\/\/gtmteknoloji.com\/b2b\/wp-content\/uploads\/2020\/12\/GTM-logo.png","contentUrl":"https:\/\/gtmteknoloji.com\/b2b\/wp-content\/uploads\/2020\/12\/GTM-logo.png","width":400,"height":400,"caption":"GTM Teknoloji"},"image":{"@id":"https:\/\/gtmteknoloji.com\/b2b\/#\/schema\/logo\/image\/"},"sameAs":["https:\/\/www.facebook.com\/SupermicroTurkiye\/?locale=tr_TR","https:\/\/x.com\/gtmteknoloji"]}]},"product_brand":"Magnetar","product_price_currency":"USD","og_availability":"instock","product_availability":"instock","product_condition":"new"},"_links":{"self":[{"href":"https:\/\/gtmteknoloji.com\/b2b\/wp-json\/wp\/v2\/product\/10222","targetHints":{"allow":["GET"]}}],"collection":[{"href":"https:\/\/gtmteknoloji.com\/b2b\/wp-json\/wp\/v2\/product"}],"about":[{"href":"https:\/\/gtmteknoloji.com\/b2b\/wp-json\/wp\/v2\/types\/product"}],"version-history":[{"count":2,"href":"https:\/\/gtmteknoloji.com\/b2b\/wp-json\/wp\/v2\/product\/10222\/revisions"}],"predecessor-version":[{"id":10227,"href":"https:\/\/gtmteknoloji.com\/b2b\/wp-json\/wp\/v2\/product\/10222\/revisions\/10227"}],"wp:featuredmedia":[{"embeddable":true,"href":"https:\/\/gtmteknoloji.com\/b2b\/wp-json\/wp\/v2\/media\/10223"}],"wp:attachment":[{"href":"https:\/\/gtmteknoloji.com\/b2b\/wp-json\/wp\/v2\/media?parent=10222"}],"wp:term":[{"taxonomy":"product_brand","embeddable":true,"href":"https:\/\/gtmteknoloji.com\/b2b\/wp-json\/wp\/v2\/product_brand?post=10222"},{"taxonomy":"product_cat","embeddable":true,"href":"https:\/\/gtmteknoloji.com\/b2b\/wp-json\/wp\/v2\/product_cat?post=10222"},{"taxonomy":"product_tag","embeddable":true,"href":"https:\/\/gtmteknoloji.com\/b2b\/wp-json\/wp\/v2\/product_tag?post=10222"}],"curies":[{"name":"wp","href":"https:\/\/api.w.org\/{rel}","templated":true}]}}