{"id":10226,"date":"2025-07-08T22:44:10","date_gmt":"2025-07-08T19:44:10","guid":{"rendered":"https:\/\/gtmteknoloji.com\/b2b\/?post_type=product&#038;p=10226"},"modified":"2025-07-08T22:52:03","modified_gmt":"2025-07-08T19:52:03","slug":"magnetar-nvr-serv-i24-pro-consumer-ip-kamera-kayit-sunucusu","status":"publish","type":"product","link":"https:\/\/gtmteknoloji.com\/b2b\/magaza\/server\/cctv-nvr-server\/magnetar-nvr-serv-i24-pro-consumer-ip-kamera-kayit-sunucusu\/","title":{"rendered":"Magnetar NVR SERV-i24 Pro Consumer | IP Kamera Kay\u0131t Sunucusu"},"content":{"rendered":"<h2 class=\"vc_custom_heading\">Magnetar NVR SERV-i24<\/h2>\n<h4 class=\"vc_custom_heading\">Pro Consumer Kay\u0131t Sunucu<\/h4>\n<div class=\"wpb_text_column wpb_content_element \">\n<div class=\"wpb_wrapper\">\n<ul>\n<li>4U Rackmount | 24x 3.5\u2033 HotSwap HDD max 480 TB<\/li>\n<li>Core-i3 \/ i5 \/ i7 veya Ryzen 7000 | max. 64GB DDR5 Memory<\/li>\n<li>onboard Raid veya Ops. Donan\u0131msal Raid<\/li>\n<li>256+ Kamera Deste\u011fi |\u00a0Gigabit Ethernet Portu<\/li>\n<li>Opsiyonel Redundant PSU<\/li>\n<li>2 Y\u0131l Garanti veya 3 Y\u0131l Geni\u015fletilmi\u015f Garanti ve Yerinde Destek Hizmetleri<\/li>\n<\/ul>\n<\/div>\n<\/div>\n<div class=\"wpb_text_column wpb_content_element \">\n<div class=\"wpb_wrapper\">\n<h3><span style=\"color: #ff0000;\"><a style=\"color: #ff0000;\" href=\"https:\/\/supermicrosunucu.com\/configurator\/e8f439a2-f634-4953-87b2-5dbdc58bab80\" target=\"_blank\" rel=\"noopener\">KONF\u0130GURE ET &amp; SATIN AL<\/a><\/span><\/h3>\n<\/div>\n<\/div>\n<h1 data-start=\"122\" data-end=\"175\">Magnetar NVR SERV-i24 Pro Consumer Kay\u0131t Sunucusu<\/h1>\n<p data-start=\"176\" data-end=\"306\"><strong data-start=\"176\" data-end=\"306\">4U Rackmount | 24x HotSwap HDD | Maksimum 480TB Kapasite | 256+ Kamera Deste\u011fi | B\u00fcy\u00fck \u00d6l\u00e7ekli Projeler \u0130\u00e7in Y\u00fcksek Performans<\/strong><\/p>\n<p data-start=\"308\" data-end=\"698\"><strong data-start=\"308\" data-end=\"333\">Magnetar NVR SERV-i24<\/strong>, b\u00fcy\u00fck \u00f6l\u00e7ekli IP kamera projeleri ve \u00e7ok uzun s\u00fcreli video kay\u0131t ihtiya\u00e7lar\u0131 i\u00e7in geli\u015ftirilmi\u015f <strong data-start=\"431\" data-end=\"483\">y\u00fcksek kapasiteli ve g\u00fc\u00e7l\u00fc bir kay\u0131t sunucusudur<\/strong>. 4U Rackmount form fakt\u00f6r\u00fc ile <strong data-start=\"515\" data-end=\"551\">24 adet 3.5\u201d HotSwap HDD deste\u011fi<\/strong>, Intel veya AMD tabanl\u0131 y\u00fcksek frekansl\u0131 i\u015flemciler ve RAID korumas\u0131 sayesinde hem performans hem de veri g\u00fcvenli\u011finde \u00fcst d\u00fczey \u00e7\u00f6z\u00fcmler sunar.<\/p>\n<h2 data-start=\"700\" data-end=\"719\">Temel \u00d6zellikler<\/h2>\n<ul data-start=\"721\" data-end=\"1603\">\n<li data-start=\"721\" data-end=\"836\">\n<p data-start=\"723\" data-end=\"836\">\u2705 <strong data-start=\"725\" data-end=\"750\">4U Rackmount Tasar\u0131m:<\/strong> Geni\u015fletilebilir, veri merkezi ve kabin i\u00e7i kullan\u0131ma uygun, end\u00fcstriyel kasa yap\u0131s\u0131.<\/p>\n<\/li>\n<li data-start=\"837\" data-end=\"932\">\n<p data-start=\"839\" data-end=\"932\">\u2705 <strong data-start=\"841\" data-end=\"866\">24x 3.5\u201d HotSwap HDD:<\/strong> Maksimum 480TB kapasite ile ultra uzun s\u00fcreli video kay\u0131t imkan\u0131.<\/p>\n<\/li>\n<li data-start=\"933\" data-end=\"1057\">\n<p data-start=\"935\" data-end=\"1057\">\u2705 <strong data-start=\"937\" data-end=\"1010\">Intel Core i3, i5, i7 veya AMD Ryzen 7000 Serisi \u0130\u015flemci Se\u00e7enekleri:<\/strong> Y\u00fcksek frekansl\u0131 ve \u00e7ok \u00e7ekirdekli performans.<\/p>\n<\/li>\n<li data-start=\"1058\" data-end=\"1154\">\n<p data-start=\"1060\" data-end=\"1154\">\u2705 <strong data-start=\"1062\" data-end=\"1099\">64GB&#8217;a Kadar DDR5 Bellek Deste\u011fi:<\/strong> Y\u00fcksek h\u0131zl\u0131 veri i\u015fleme ve stabil sistem performans\u0131.<\/p>\n<\/li>\n<li data-start=\"1155\" data-end=\"1254\">\n<p data-start=\"1157\" data-end=\"1254\">\u2705 <strong data-start=\"1159\" data-end=\"1207\">Onboard RAID veya Opsiyonel Donan\u0131msal RAID:<\/strong> RAID 0\/1\/5\/6\/10 se\u00e7enekleriyle veri g\u00fcvenli\u011fi.<\/p>\n<\/li>\n<li data-start=\"1255\" data-end=\"1346\">\n<p data-start=\"1257\" data-end=\"1346\">\u2705 <strong data-start=\"1259\" data-end=\"1283\">256+ Kamera Deste\u011fi:<\/strong> Y\u00fcksek kamera yo\u011funluklu projelerde rahatl\u0131kla kullan\u0131labilir.<\/p>\n<\/li>\n<li data-start=\"1347\" data-end=\"1439\">\n<p data-start=\"1349\" data-end=\"1439\">\u2705 <strong data-start=\"1351\" data-end=\"1383\">Gigabit Ethernet Ba\u011flant\u0131s\u0131:<\/strong> Y\u00fcksek h\u0131zl\u0131 a\u011f ba\u011flant\u0131s\u0131 ile sorunsuz veri transferi.<\/p>\n<\/li>\n<li data-start=\"1440\" data-end=\"1516\">\n<p data-start=\"1442\" data-end=\"1516\">\u2705 <strong data-start=\"1444\" data-end=\"1472\">Opsiyonel Redundant PSU:<\/strong> Yedekli g\u00fc\u00e7 kayna\u011f\u0131 ile kesintisiz \u00e7al\u0131\u015fma.<\/p>\n<\/li>\n<li data-start=\"1517\" data-end=\"1603\">\n<p data-start=\"1519\" data-end=\"1603\">\u2705 <strong data-start=\"1521\" data-end=\"1603\">2 Y\u0131l Standart Garanti | 3 Y\u0131l Geni\u015fletilmi\u015f Garanti + Yerinde Destek Se\u00e7ene\u011fi<\/strong><\/p>\n<\/li>\n<\/ul>\n<h2 data-start=\"1605\" data-end=\"1636\">Neden Magnetar NVR SERV-i24?<\/h2>\n<ul data-start=\"1638\" data-end=\"2199\">\n<li data-start=\"1638\" data-end=\"1728\">\n<p data-start=\"1640\" data-end=\"1728\">\ud83d\udd0b <strong data-start=\"1643\" data-end=\"1675\">480TB&#8217;ye Kadar Dev Depolama:<\/strong> Aylarca kesintisiz y\u00fcksek \u00e7\u00f6z\u00fcn\u00fcrl\u00fckl\u00fc kay\u0131t imkan\u0131.<\/p>\n<\/li>\n<li data-start=\"1729\" data-end=\"1817\">\n<p data-start=\"1731\" data-end=\"1817\">\u26a1 <strong data-start=\"1733\" data-end=\"1770\">Y\u00fcksek Frekansl\u0131 CPU Se\u00e7enekleri:<\/strong> Y\u00fcksek say\u0131da kamera kayd\u0131n\u0131 sorunsuz y\u00f6netir.<\/p>\n<\/li>\n<li data-start=\"1818\" data-end=\"1906\">\n<p data-start=\"1820\" data-end=\"1906\">\ud83d\udd10 <strong data-start=\"1823\" data-end=\"1850\">Geli\u015fmi\u015f RAID Korumas\u0131:<\/strong> Kritik projelerde veri kayb\u0131na kar\u015f\u0131 maksimum g\u00fcvenlik.<\/p>\n<\/li>\n<li data-start=\"1907\" data-end=\"2006\">\n<p data-start=\"1909\" data-end=\"2006\">\ud83d\udd27 <strong data-start=\"1912\" data-end=\"1938\">HotSwap HDD Kolayl\u0131\u011f\u0131:<\/strong> Disk de\u011fi\u015fimi veya bak\u0131m s\u00fcre\u00e7lerinde sistem kapat\u0131lmadan m\u00fcdahale.<\/p>\n<\/li>\n<li data-start=\"2007\" data-end=\"2097\">\n<p data-start=\"2009\" data-end=\"2097\">\ud83d\udcb0 <strong data-start=\"2012\" data-end=\"2056\">Uygun Maliyet \u2013 Y\u00fcksek Kapasite Dengesi:<\/strong> B\u00fcy\u00fck projeler i\u00e7in maliyet etkin \u00e7\u00f6z\u00fcm.<\/p>\n<\/li>\n<li data-start=\"2098\" data-end=\"2199\">\n<p data-start=\"2100\" data-end=\"2199\">\ud83d\udee0\ufe0f <strong data-start=\"2104\" data-end=\"2136\">End\u00fcstriyel Kullan\u0131ma Uygun:<\/strong> Yo\u011fun \u00e7al\u0131\u015fan, 7\/24 kesintisiz ortamlar i\u00e7in tasarlanm\u0131\u015f yap\u0131.<\/p>\n<\/li>\n<\/ul>\n<h2 data-start=\"2201\" data-end=\"2234\">Hangi Alanlarda Tercih Edilir?<\/h2>\n<ul data-start=\"2236\" data-end=\"2523\">\n<li data-start=\"2236\" data-end=\"2266\">\n<p data-start=\"2238\" data-end=\"2266\"><strong data-start=\"2238\" data-end=\"2264\">Ak\u0131ll\u0131 \u015eehir Projeleri<\/strong><\/p>\n<\/li>\n<li data-start=\"2267\" data-end=\"2303\">\n<p data-start=\"2269\" data-end=\"2303\"><strong data-start=\"2269\" data-end=\"2301\">Stadyum ve Spor Kompleksleri<\/strong><\/p>\n<\/li>\n<li data-start=\"2304\" data-end=\"2344\">\n<p data-start=\"2306\" data-end=\"2344\"><strong data-start=\"2306\" data-end=\"2342\">B\u00fcy\u00fck Kamp\u00fcsler ve \u00dcniversiteler<\/strong><\/p>\n<\/li>\n<li data-start=\"2345\" data-end=\"2378\">\n<p data-start=\"2347\" data-end=\"2378\"><strong data-start=\"2347\" data-end=\"2376\">Havalimanlar\u0131 ve Limanlar<\/strong><\/p>\n<\/li>\n<li data-start=\"2379\" data-end=\"2417\">\n<p data-start=\"2381\" data-end=\"2417\"><strong data-start=\"2381\" data-end=\"2415\">Lojistik Merkezleri ve Depolar<\/strong><\/p>\n<\/li>\n<li data-start=\"2418\" data-end=\"2470\">\n<p data-start=\"2420\" data-end=\"2470\"><strong data-start=\"2420\" data-end=\"2468\">Geni\u015f \u00d6l\u00e7ekli Fabrikalar ve \u00dcretim Tesisleri<\/strong><\/p>\n<\/li>\n<li data-start=\"2471\" data-end=\"2523\">\n<p data-start=\"2473\" data-end=\"2523\"><strong data-start=\"2473\" data-end=\"2523\">Al\u0131\u015fveri\u015f Merkezleri ve Zincir Market Gruplar\u0131<\/strong><\/p>\n<\/li>\n<\/ul>\n<h2 data-start=\"2525\" data-end=\"2537\">Uyumluluk<\/h2>\n<p data-start=\"2539\" data-end=\"2744\">Piyasadaki t\u00fcm pop\u00fcler <strong data-start=\"2562\" data-end=\"2585\">IP kamera markalar\u0131<\/strong> (Hikvision, Dahua, Axis, Uniview, Bosch, Hanwha Techwin) ve <strong data-start=\"2646\" data-end=\"2675\">video y\u00f6netim yaz\u0131l\u0131mlar\u0131<\/strong> (Milestone, Nx Witness, Luxriot, iVMS, Blue Iris) ile tam uyumludur.<\/p>\n","protected":false},"excerpt":{"rendered":"<p>Magnetar NVR SERV-i24 Pro Consumer Kay\u0131t Sunucu 4U Rackmount | 24x 3.5\u2033 HotSwap HDD max 480 TB Core-i3 \/ i5<\/p>\n","protected":false},"featured_media":10228,"template":"","meta":[],"product_brand":[339],"product_cat":[2951,1759],"product_tag":[2991,2989,2990,2979,2961,2984,2955,2952,2966,2978,2972,2968,2969,2977,2962,2958,1781,2954,2973,2980,2983,2976,2953,1897,2970,2967,2964,2982,2959,2965,2974,2975,2981,2960,2971],"class_list":{"0":"post-10226","1":"product","2":"type-product","3":"status-publish","4":"has-post-thumbnail","6":"product_brand-magnetar-kurumsal-sunucu-cozumleri","7":"product_cat-cctv-nvr-server","8":"product_cat-server","9":"product_tag-24-diskli-kayit-sunucu","10":"product_tag-480tb-kayit-kapasitesi","11":"product_tag-4u-raf-tipi-kayit-sunucu","12":"product_tag-axis-uyumlu-cctv-sunucusu","13":"product_tag-cctv-icin-kayit-sunucusu","14":"product_tag-cctv-icin-uygun-fiyatli-sunucu","15":"product_tag-cctv-kayit-sunucu","16":"product_tag-cctv-server","17":"product_tag-cok-kamerali-kayit-sunucusu","18":"product_tag-dahua-uyumlu-sunucu","19":"product_tag-ekonomik-cctv-sunucusu","20":"product_tag-gigabit-ethernet-kayit-sunucusu","21":"product_tag-guvenilir-cctv-sunucusu","22":"product_tag-hikvision-uyumlu-nvr","23":"product_tag-hotswap-hdd-destekli-nvr","24":"product_tag-intel-nvr-sunucu","25":"product_tag-ip-kamera-kayit-sunucu","26":"product_tag-ip-kamera-kayit-sunucusu","27":"product_tag-kabin-tipi-nvr-sunucu","28":"product_tag-linux-tabanli-nvr-sunucu","29":"product_tag-magnetar-nvr-cozumleri","30":"product_tag-milestone-uyumlu-sunucu","31":"product_tag-nvr-kayit-sunucu","32":"product_tag-nvr-server","33":"product_tag-orta-olcekli-nvr-cozumu","34":"product_tag-profesyonel-ip-kamera-sunucusu","35":"product_tag-raid-destekli-nvr","36":"product_tag-redundant-psu-destekli-sunucu","37":"product_tag-ryzen-nvr-sunucu","38":"product_tag-uygun-fiyatli-cctv-sunucusu","39":"product_tag-uzun-sureli-video-kayit-sunucusu","40":"product_tag-vms-uyumlu-nvr","41":"product_tag-windows-tabanli-cctv-sunucusu","42":"product_tag-yuksek-kapasiteli-nvr-sunucu","43":"product_tag-yuksek-performansli-nvr-sunucu","45":"first","46":"instock","47":"taxable","48":"shipping-taxable","49":"product-type-external"},"yoast_head":"<!-- This site is optimized with the Yoast SEO Premium plugin v27.4 (Yoast SEO v27.4) - https:\/\/yoast.com\/product\/yoast-seo-premium-wordpress\/ -->\n<title>Magnetar NVR SERV-i24 Pro Consumer | IP Kamera Kay\u0131t Sunucusu - GTM Teknoloji<\/title>\n<meta name=\"robots\" content=\"index, follow, max-snippet:-1, max-image-preview:large, max-video-preview:-1\" \/>\n<link rel=\"canonical\" href=\"https:\/\/gtmteknoloji.com\/b2b\/magaza\/server\/cctv-nvr-server\/magnetar-nvr-serv-i24-pro-consumer-ip-kamera-kayit-sunucusu\/\" \/>\n<meta property=\"og:locale\" content=\"tr_TR\" \/>\n<meta property=\"og:type\" content=\"article\" \/>\n<meta property=\"og:title\" content=\"Magnetar NVR SERV-i24 Pro Consumer | IP Kamera Kay\u0131t Sunucusu\" \/>\n<meta property=\"og:description\" content=\"Magnetar NVR SERV-i24 Pro Consumer Kay\u0131t Sunucu 4U Rackmount | 24x 3.5\u2033 HotSwap HDD max 480 TB Core-i3 \/ i5\" \/>\n<meta property=\"og:url\" content=\"https:\/\/gtmteknoloji.com\/b2b\/magaza\/server\/cctv-nvr-server\/magnetar-nvr-serv-i24-pro-consumer-ip-kamera-kayit-sunucusu\/\" \/>\n<meta property=\"og:site_name\" content=\"GTM Teknoloji\" \/>\n<meta property=\"article:publisher\" content=\"https:\/\/www.facebook.com\/SupermicroTurkiye\/?locale=tr_TR\" \/>\n<meta property=\"article:modified_time\" content=\"2025-07-08T19:52:03+00:00\" \/>\n<meta property=\"og:image\" content=\"https:\/\/gtmteknoloji.com\/b2b\/wp-content\/uploads\/2025\/07\/Magnetar_NVR-SERV-i24-ip-kamera-kayit-sunucu-1.png\" \/>\n\t<meta property=\"og:image:width\" content=\"500\" \/>\n\t<meta property=\"og:image:height\" content=\"500\" \/>\n\t<meta property=\"og:image:type\" content=\"image\/png\" \/>\n<meta name=\"twitter:card\" content=\"summary_large_image\" \/>\n<meta name=\"twitter:site\" content=\"@gtmteknoloji\" \/>\n<meta name=\"twitter:label1\" content=\"Fiyat\" \/>\n\t<meta name=\"twitter:data1\" content=\"\" \/>\n\t<meta name=\"twitter:label2\" content=\"Durumu\" \/>\n\t<meta name=\"twitter:data2\" content=\"Stokta var\" \/>\n<script type=\"application\/ld+json\" class=\"yoast-schema-graph\">{\"@context\":\"https:\\\/\\\/schema.org\",\"@graph\":[{\"@type\":\"WebPage\",\"@id\":\"https:\\\/\\\/gtmteknoloji.com\\\/b2b\\\/magaza\\\/server\\\/cctv-nvr-server\\\/magnetar-nvr-serv-i24-pro-consumer-ip-kamera-kayit-sunucusu\\\/\",\"url\":\"https:\\\/\\\/gtmteknoloji.com\\\/b2b\\\/magaza\\\/server\\\/cctv-nvr-server\\\/magnetar-nvr-serv-i24-pro-consumer-ip-kamera-kayit-sunucusu\\\/\",\"name\":\"Magnetar NVR SERV-i24 Pro Consumer | IP Kamera Kay\u0131t Sunucusu - GTM Teknoloji\",\"isPartOf\":{\"@id\":\"https:\\\/\\\/gtmteknoloji.com\\\/b2b\\\/#website\"},\"primaryImageOfPage\":{\"@id\":\"https:\\\/\\\/gtmteknoloji.com\\\/b2b\\\/magaza\\\/server\\\/cctv-nvr-server\\\/magnetar-nvr-serv-i24-pro-consumer-ip-kamera-kayit-sunucusu\\\/#primaryimage\"},\"image\":{\"@id\":\"https:\\\/\\\/gtmteknoloji.com\\\/b2b\\\/magaza\\\/server\\\/cctv-nvr-server\\\/magnetar-nvr-serv-i24-pro-consumer-ip-kamera-kayit-sunucusu\\\/#primaryimage\"},\"thumbnailUrl\":\"https:\\\/\\\/gtmteknoloji.com\\\/b2b\\\/wp-content\\\/uploads\\\/2025\\\/07\\\/Magnetar_NVR-SERV-i24-ip-kamera-kayit-sunucu-1.png\",\"datePublished\":\"2025-07-08T19:44:10+00:00\",\"dateModified\":\"2025-07-08T19:52:03+00:00\",\"breadcrumb\":{\"@id\":\"https:\\\/\\\/gtmteknoloji.com\\\/b2b\\\/magaza\\\/server\\\/cctv-nvr-server\\\/magnetar-nvr-serv-i24-pro-consumer-ip-kamera-kayit-sunucusu\\\/#breadcrumb\"},\"inLanguage\":\"tr\",\"potentialAction\":[{\"@type\":\"ReadAction\",\"target\":[\"https:\\\/\\\/gtmteknoloji.com\\\/b2b\\\/magaza\\\/server\\\/cctv-nvr-server\\\/magnetar-nvr-serv-i24-pro-consumer-ip-kamera-kayit-sunucusu\\\/\"]}]},{\"@type\":\"ImageObject\",\"inLanguage\":\"tr\",\"@id\":\"https:\\\/\\\/gtmteknoloji.com\\\/b2b\\\/magaza\\\/server\\\/cctv-nvr-server\\\/magnetar-nvr-serv-i24-pro-consumer-ip-kamera-kayit-sunucusu\\\/#primaryimage\",\"url\":\"https:\\\/\\\/gtmteknoloji.com\\\/b2b\\\/wp-content\\\/uploads\\\/2025\\\/07\\\/Magnetar_NVR-SERV-i24-ip-kamera-kayit-sunucu-1.png\",\"contentUrl\":\"https:\\\/\\\/gtmteknoloji.com\\\/b2b\\\/wp-content\\\/uploads\\\/2025\\\/07\\\/Magnetar_NVR-SERV-i24-ip-kamera-kayit-sunucu-1.png\",\"width\":500,\"height\":500},{\"@type\":\"BreadcrumbList\",\"@id\":\"https:\\\/\\\/gtmteknoloji.com\\\/b2b\\\/magaza\\\/server\\\/cctv-nvr-server\\\/magnetar-nvr-serv-i24-pro-consumer-ip-kamera-kayit-sunucusu\\\/#breadcrumb\",\"itemListElement\":[{\"@type\":\"ListItem\",\"position\":1,\"name\":\"Home\",\"item\":\"https:\\\/\\\/gtmteknoloji.com\\\/b2b\\\/\"},{\"@type\":\"ListItem\",\"position\":2,\"name\":\"Ma\u011faza\",\"item\":\"https:\\\/\\\/gtmteknoloji.com\\\/b2b\\\/magaza\\\/\"},{\"@type\":\"ListItem\",\"position\":3,\"name\":\"Magnetar NVR SERV-i24 Pro Consumer | IP Kamera Kay\u0131t Sunucusu\"}]},{\"@type\":\"WebSite\",\"@id\":\"https:\\\/\\\/gtmteknoloji.com\\\/b2b\\\/#website\",\"url\":\"https:\\\/\\\/gtmteknoloji.com\\\/b2b\\\/\",\"name\":\"GTM Teknoloji\",\"description\":\"B2B Sat\u0131\u015f Portal\u0131\",\"publisher\":{\"@id\":\"https:\\\/\\\/gtmteknoloji.com\\\/b2b\\\/#organization\"},\"potentialAction\":[{\"@type\":\"SearchAction\",\"target\":{\"@type\":\"EntryPoint\",\"urlTemplate\":\"https:\\\/\\\/gtmteknoloji.com\\\/b2b\\\/?s={search_term_string}\"},\"query-input\":{\"@type\":\"PropertyValueSpecification\",\"valueRequired\":true,\"valueName\":\"search_term_string\"}}],\"inLanguage\":\"tr\"},{\"@type\":\"Organization\",\"@id\":\"https:\\\/\\\/gtmteknoloji.com\\\/b2b\\\/#organization\",\"name\":\"GTM Teknoloji\",\"url\":\"https:\\\/\\\/gtmteknoloji.com\\\/b2b\\\/\",\"logo\":{\"@type\":\"ImageObject\",\"inLanguage\":\"tr\",\"@id\":\"https:\\\/\\\/gtmteknoloji.com\\\/b2b\\\/#\\\/schema\\\/logo\\\/image\\\/\",\"url\":\"https:\\\/\\\/gtmteknoloji.com\\\/b2b\\\/wp-content\\\/uploads\\\/2020\\\/12\\\/GTM-logo.png\",\"contentUrl\":\"https:\\\/\\\/gtmteknoloji.com\\\/b2b\\\/wp-content\\\/uploads\\\/2020\\\/12\\\/GTM-logo.png\",\"width\":400,\"height\":400,\"caption\":\"GTM Teknoloji\"},\"image\":{\"@id\":\"https:\\\/\\\/gtmteknoloji.com\\\/b2b\\\/#\\\/schema\\\/logo\\\/image\\\/\"},\"sameAs\":[\"https:\\\/\\\/www.facebook.com\\\/SupermicroTurkiye\\\/?locale=tr_TR\",\"https:\\\/\\\/x.com\\\/gtmteknoloji\"]}]}<\/script>\n<meta property=\"product:brand\" content=\"Magnetar\" \/>\n<meta property=\"product:price:currency\" content=\"USD\" \/>\n<meta property=\"og:availability\" content=\"instock\" \/>\n<meta property=\"product:availability\" content=\"instock\" \/>\n<meta property=\"product:condition\" content=\"new\" \/>\n<!-- \/ Yoast SEO Premium plugin. -->","yoast_head_json":{"title":"Magnetar NVR SERV-i24 Pro Consumer | IP Kamera Kay\u0131t Sunucusu - GTM Teknoloji","robots":{"index":"index","follow":"follow","max-snippet":"max-snippet:-1","max-image-preview":"max-image-preview:large","max-video-preview":"max-video-preview:-1"},"canonical":"https:\/\/gtmteknoloji.com\/b2b\/magaza\/server\/cctv-nvr-server\/magnetar-nvr-serv-i24-pro-consumer-ip-kamera-kayit-sunucusu\/","og_locale":"tr_TR","og_type":"article","og_title":"Magnetar NVR SERV-i24 Pro Consumer | IP Kamera Kay\u0131t Sunucusu","og_description":"Magnetar NVR SERV-i24 Pro Consumer Kay\u0131t Sunucu 4U Rackmount | 24x 3.5\u2033 HotSwap HDD max 480 TB Core-i3 \/ i5","og_url":"https:\/\/gtmteknoloji.com\/b2b\/magaza\/server\/cctv-nvr-server\/magnetar-nvr-serv-i24-pro-consumer-ip-kamera-kayit-sunucusu\/","og_site_name":"GTM Teknoloji","article_publisher":"https:\/\/www.facebook.com\/SupermicroTurkiye\/?locale=tr_TR","article_modified_time":"2025-07-08T19:52:03+00:00","og_image":[{"width":500,"height":500,"url":"https:\/\/gtmteknoloji.com\/b2b\/wp-content\/uploads\/2025\/07\/Magnetar_NVR-SERV-i24-ip-kamera-kayit-sunucu-1.png","type":"image\/png"}],"twitter_card":"summary_large_image","twitter_site":"@gtmteknoloji","twitter_misc":{"Fiyat":"","Durumu":"Stokta var"},"schema":{"@context":"https:\/\/schema.org","@graph":[{"@type":"WebPage","@id":"https:\/\/gtmteknoloji.com\/b2b\/magaza\/server\/cctv-nvr-server\/magnetar-nvr-serv-i24-pro-consumer-ip-kamera-kayit-sunucusu\/","url":"https:\/\/gtmteknoloji.com\/b2b\/magaza\/server\/cctv-nvr-server\/magnetar-nvr-serv-i24-pro-consumer-ip-kamera-kayit-sunucusu\/","name":"Magnetar NVR SERV-i24 Pro Consumer | IP Kamera Kay\u0131t Sunucusu - GTM Teknoloji","isPartOf":{"@id":"https:\/\/gtmteknoloji.com\/b2b\/#website"},"primaryImageOfPage":{"@id":"https:\/\/gtmteknoloji.com\/b2b\/magaza\/server\/cctv-nvr-server\/magnetar-nvr-serv-i24-pro-consumer-ip-kamera-kayit-sunucusu\/#primaryimage"},"image":{"@id":"https:\/\/gtmteknoloji.com\/b2b\/magaza\/server\/cctv-nvr-server\/magnetar-nvr-serv-i24-pro-consumer-ip-kamera-kayit-sunucusu\/#primaryimage"},"thumbnailUrl":"https:\/\/gtmteknoloji.com\/b2b\/wp-content\/uploads\/2025\/07\/Magnetar_NVR-SERV-i24-ip-kamera-kayit-sunucu-1.png","datePublished":"2025-07-08T19:44:10+00:00","dateModified":"2025-07-08T19:52:03+00:00","breadcrumb":{"@id":"https:\/\/gtmteknoloji.com\/b2b\/magaza\/server\/cctv-nvr-server\/magnetar-nvr-serv-i24-pro-consumer-ip-kamera-kayit-sunucusu\/#breadcrumb"},"inLanguage":"tr","potentialAction":[{"@type":"ReadAction","target":["https:\/\/gtmteknoloji.com\/b2b\/magaza\/server\/cctv-nvr-server\/magnetar-nvr-serv-i24-pro-consumer-ip-kamera-kayit-sunucusu\/"]}]},{"@type":"ImageObject","inLanguage":"tr","@id":"https:\/\/gtmteknoloji.com\/b2b\/magaza\/server\/cctv-nvr-server\/magnetar-nvr-serv-i24-pro-consumer-ip-kamera-kayit-sunucusu\/#primaryimage","url":"https:\/\/gtmteknoloji.com\/b2b\/wp-content\/uploads\/2025\/07\/Magnetar_NVR-SERV-i24-ip-kamera-kayit-sunucu-1.png","contentUrl":"https:\/\/gtmteknoloji.com\/b2b\/wp-content\/uploads\/2025\/07\/Magnetar_NVR-SERV-i24-ip-kamera-kayit-sunucu-1.png","width":500,"height":500},{"@type":"BreadcrumbList","@id":"https:\/\/gtmteknoloji.com\/b2b\/magaza\/server\/cctv-nvr-server\/magnetar-nvr-serv-i24-pro-consumer-ip-kamera-kayit-sunucusu\/#breadcrumb","itemListElement":[{"@type":"ListItem","position":1,"name":"Home","item":"https:\/\/gtmteknoloji.com\/b2b\/"},{"@type":"ListItem","position":2,"name":"Ma\u011faza","item":"https:\/\/gtmteknoloji.com\/b2b\/magaza\/"},{"@type":"ListItem","position":3,"name":"Magnetar NVR SERV-i24 Pro Consumer | IP Kamera Kay\u0131t Sunucusu"}]},{"@type":"WebSite","@id":"https:\/\/gtmteknoloji.com\/b2b\/#website","url":"https:\/\/gtmteknoloji.com\/b2b\/","name":"GTM Teknoloji","description":"B2B Sat\u0131\u015f Portal\u0131","publisher":{"@id":"https:\/\/gtmteknoloji.com\/b2b\/#organization"},"potentialAction":[{"@type":"SearchAction","target":{"@type":"EntryPoint","urlTemplate":"https:\/\/gtmteknoloji.com\/b2b\/?s={search_term_string}"},"query-input":{"@type":"PropertyValueSpecification","valueRequired":true,"valueName":"search_term_string"}}],"inLanguage":"tr"},{"@type":"Organization","@id":"https:\/\/gtmteknoloji.com\/b2b\/#organization","name":"GTM Teknoloji","url":"https:\/\/gtmteknoloji.com\/b2b\/","logo":{"@type":"ImageObject","inLanguage":"tr","@id":"https:\/\/gtmteknoloji.com\/b2b\/#\/schema\/logo\/image\/","url":"https:\/\/gtmteknoloji.com\/b2b\/wp-content\/uploads\/2020\/12\/GTM-logo.png","contentUrl":"https:\/\/gtmteknoloji.com\/b2b\/wp-content\/uploads\/2020\/12\/GTM-logo.png","width":400,"height":400,"caption":"GTM Teknoloji"},"image":{"@id":"https:\/\/gtmteknoloji.com\/b2b\/#\/schema\/logo\/image\/"},"sameAs":["https:\/\/www.facebook.com\/SupermicroTurkiye\/?locale=tr_TR","https:\/\/x.com\/gtmteknoloji"]}]},"product_brand":"Magnetar","product_price_currency":"USD","og_availability":"instock","product_availability":"instock","product_condition":"new"},"_links":{"self":[{"href":"https:\/\/gtmteknoloji.com\/b2b\/wp-json\/wp\/v2\/product\/10226","targetHints":{"allow":["GET"]}}],"collection":[{"href":"https:\/\/gtmteknoloji.com\/b2b\/wp-json\/wp\/v2\/product"}],"about":[{"href":"https:\/\/gtmteknoloji.com\/b2b\/wp-json\/wp\/v2\/types\/product"}],"version-history":[{"count":1,"href":"https:\/\/gtmteknoloji.com\/b2b\/wp-json\/wp\/v2\/product\/10226\/revisions"}],"predecessor-version":[{"id":10230,"href":"https:\/\/gtmteknoloji.com\/b2b\/wp-json\/wp\/v2\/product\/10226\/revisions\/10230"}],"wp:featuredmedia":[{"embeddable":true,"href":"https:\/\/gtmteknoloji.com\/b2b\/wp-json\/wp\/v2\/media\/10228"}],"wp:attachment":[{"href":"https:\/\/gtmteknoloji.com\/b2b\/wp-json\/wp\/v2\/media?parent=10226"}],"wp:term":[{"taxonomy":"product_brand","embeddable":true,"href":"https:\/\/gtmteknoloji.com\/b2b\/wp-json\/wp\/v2\/product_brand?post=10226"},{"taxonomy":"product_cat","embeddable":true,"href":"https:\/\/gtmteknoloji.com\/b2b\/wp-json\/wp\/v2\/product_cat?post=10226"},{"taxonomy":"product_tag","embeddable":true,"href":"https:\/\/gtmteknoloji.com\/b2b\/wp-json\/wp\/v2\/product_tag?post=10226"}],"curies":[{"name":"wp","href":"https:\/\/api.w.org\/{rel}","templated":true}]}}