{"id":10257,"date":"2025-11-13T12:15:19","date_gmt":"2025-11-13T09:15:19","guid":{"rendered":"https:\/\/gtmteknoloji.com\/b2b\/urun\/nvidia-a16-64gb-900-2g171-0000-100\/"},"modified":"2026-04-16T23:21:08","modified_gmt":"2026-04-16T20:21:08","slug":"nvidia-a16-64gb-900-2g171-0000-100","status":"publish","type":"product","link":"https:\/\/gtmteknoloji.com\/b2b\/magaza\/ekran-karti\/veri-merkezi-gpu-kartlari\/nvidia-a16-64gb-900-2g171-0000-100\/","title":{"rendered":"NVIDIA A16 64GB | 900-2G171-0000-100"},"content":{"rendered":"<h1 data-start=\"197\" data-end=\"273\"><strong data-start=\"199\" data-end=\"273\">NVIDIA A16 \u2013 Y\u00fcksek Yo\u011funluklu Sanalla\u015ft\u0131rma \u0130\u00e7in Optimize Edilmi\u015f GPU<\/strong><\/h1>\n<p data-start=\"275\" data-end=\"681\"><strong data-start=\"275\" data-end=\"289\">NVIDIA A16<\/strong>, modern kurumsal VDI (Virtual Desktop Infrastructure) ve \u00e7oklu kullan\u0131c\u0131 sanalla\u015ft\u0131rma ortamlar\u0131 i\u00e7in \u00f6zel olarak tasarlanm\u0131\u015f profesyonel bir GPU h\u0131zland\u0131r\u0131c\u0131s\u0131d\u0131r. NVIDIA Ampere mimarisinin g\u00fcc\u00fcn\u00fc ta\u015f\u0131yan A16, tek bir kart \u00fczerinde <strong data-start=\"523\" data-end=\"537\">4 adet GPU<\/strong> birimi sunarak rakipsiz \u00e7oklu oturum yo\u011funlu\u011fu sa\u011flar. Bu yap\u0131, \u015firketlere hem maliyet hem de enerji verimlili\u011fi a\u00e7\u0131s\u0131ndan b\u00fcy\u00fck avantaj sunar.<\/p>\n<p data-start=\"683\" data-end=\"990\">NVIDIA A16, NVIDIA vGPU teknolojisi (vPC, vApps, vWS) ile birlikte kullan\u0131ld\u0131\u011f\u0131nda, CAD uygulamalar\u0131, grafik yo\u011funluklu ofis i\u015fleri, uzaktan i\u015f istasyonu eri\u015fimi ve kurumsal uygulamalar i\u00e7in y\u00fcksek performansl\u0131 sanalla\u015ft\u0131rma deneyimi sunar. Kullan\u0131c\u0131lara daha ak\u0131c\u0131, stabil ve h\u0131zl\u0131 bir VDI deneyimi sa\u011flar.<\/p>\n<hr data-start=\"992\" data-end=\"995\" \/>\n<h2 data-start=\"997\" data-end=\"1024\"><strong data-start=\"1000\" data-end=\"1024\">\u00d6ne \u00c7\u0131kan \u00d6zellikler<\/strong><\/h2>\n<h3 data-start=\"1026\" data-end=\"1070\">\ud83d\udd39 <strong data-start=\"1033\" data-end=\"1070\">4 GPU\u2019lu Yo\u011funla\u015ft\u0131r\u0131lm\u0131\u015f Tasar\u0131m<\/strong><\/h3>\n<ul data-start=\"1071\" data-end=\"1191\">\n<li data-start=\"1071\" data-end=\"1124\">\n<p data-start=\"1073\" data-end=\"1124\">Tek bir karta entegre <strong data-start=\"1095\" data-end=\"1124\">4 adet Ampere tabanl\u0131 GPU<\/strong><\/p>\n<\/li>\n<li data-start=\"1125\" data-end=\"1191\">\n<p data-start=\"1127\" data-end=\"1191\">Y\u00fcksek kullan\u0131c\u0131 yo\u011funlu\u011fu (40\u201360 kullan\u0131c\u0131 ve \u00fczeri senaryolar)<\/p>\n<\/li>\n<\/ul>\n<h3 data-start=\"1193\" data-end=\"1236\">\ud83d\udd39 <strong data-start=\"1200\" data-end=\"1236\">Optimize Edilmi\u015f VDI Performans\u0131<\/strong><\/h3>\n<ul data-start=\"1237\" data-end=\"1378\">\n<li data-start=\"1237\" data-end=\"1320\">\n<p data-start=\"1239\" data-end=\"1320\">NVIDIA vGPU deste\u011fiyle farkl\u0131 kullan\u0131c\u0131 profilleri i\u00e7in \u00f6l\u00e7eklenebilir performans<\/p>\n<\/li>\n<li data-start=\"1321\" data-end=\"1378\">\n<p data-start=\"1323\" data-end=\"1378\">Tasar\u0131m, m\u00fchendislik, ofis ve grafik i\u015f y\u00fcklerine uygun<\/p>\n<\/li>\n<\/ul>\n<h3 data-start=\"1380\" data-end=\"1413\">\ud83d\udd39 <strong data-start=\"1387\" data-end=\"1413\">Geli\u015fmi\u015f Bellek Yap\u0131s\u0131<\/strong><\/h3>\n<ul data-start=\"1414\" data-end=\"1507\">\n<li data-start=\"1414\" data-end=\"1457\">\n<p data-start=\"1416\" data-end=\"1457\">Toplam <strong data-start=\"1423\" data-end=\"1438\">64 GB GDDR6<\/strong> (GPU ba\u015f\u0131na 16 GB)<\/p>\n<\/li>\n<li data-start=\"1458\" data-end=\"1507\">\n<p data-start=\"1460\" data-end=\"1507\">\u00c7oklu kullan\u0131c\u0131 senaryolar\u0131nda y\u00fcksek stabilite<\/p>\n<\/li>\n<\/ul>\n<h3 data-start=\"1509\" data-end=\"1540\">\ud83d\udd39 <strong data-start=\"1516\" data-end=\"1540\">Enerji Verimli \u00c7\u00f6z\u00fcm<\/strong><\/h3>\n<ul data-start=\"1541\" data-end=\"1614\">\n<li data-start=\"1541\" data-end=\"1614\">\n<p data-start=\"1543\" data-end=\"1614\">250W TDP ile 4 adet ayr\u0131 ekran kart\u0131 yerine \u00e7ok daha d\u00fc\u015f\u00fck g\u00fc\u00e7 t\u00fcketimi<\/p>\n<\/li>\n<\/ul>\n<h3 data-start=\"1616\" data-end=\"1653\">\ud83d\udd39 <strong data-start=\"1623\" data-end=\"1653\">Kurumsal \u00d6l\u00e7eklenebilirlik<\/strong><\/h3>\n<ul data-start=\"1654\" data-end=\"1790\">\n<li data-start=\"1654\" data-end=\"1749\">\n<p data-start=\"1656\" data-end=\"1749\">VMware, Citrix, Microsoft Hyper-V ve Proxmox gibi sanalla\u015ft\u0131rma platformlar\u0131yla tam uyumluluk<\/p>\n<\/li>\n<li data-start=\"1750\" data-end=\"1790\">\n<p data-start=\"1752\" data-end=\"1790\">Uzaktan \u00e7al\u0131\u015fma altyap\u0131lar\u0131 i\u00e7in ideal<\/p>\n<\/li>\n<\/ul>\n<hr data-start=\"1792\" data-end=\"1795\" \/>\n<h2 data-start=\"1797\" data-end=\"1824\"><strong data-start=\"1800\" data-end=\"1824\">Kullan\u0131m Senaryolar\u0131<\/strong><\/h2>\n<ul data-start=\"1826\" data-end=\"2096\">\n<li data-start=\"1826\" data-end=\"1865\">\n<p data-start=\"1828\" data-end=\"1865\">\ud83c\udf10 <strong data-start=\"1831\" data-end=\"1865\">VDI \u2013 Sanal Masa\u00fcst\u00fc \u00c7\u00f6z\u00fcmleri<\/strong><\/p>\n<\/li>\n<li data-start=\"1866\" data-end=\"1912\">\n<p data-start=\"1868\" data-end=\"1912\">\ud83c\udfe2 <strong data-start=\"1871\" data-end=\"1912\">Kurumsal Uzaktan \u00c7al\u0131\u015fma Platformlar\u0131<\/strong><\/p>\n<\/li>\n<li data-start=\"1913\" data-end=\"1957\">\n<p data-start=\"1915\" data-end=\"1957\">\ud83d\udee0\ufe0f <strong data-start=\"1919\" data-end=\"1957\">Tasar\u0131m ve M\u00fchendislik Yaz\u0131l\u0131mlar\u0131<\/strong><\/p>\n<\/li>\n<li data-start=\"1958\" data-end=\"2003\">\n<p data-start=\"1960\" data-end=\"2003\">\ud83d\udcca <strong data-start=\"1963\" data-end=\"2003\">Raporlama, Analiz ve \u0130\u015f Uygulamalar\u0131<\/strong><\/p>\n<\/li>\n<li data-start=\"2004\" data-end=\"2050\">\n<p data-start=\"2006\" data-end=\"2050\">\ud83d\udc68\u200d\ud83d\udcbb <strong data-start=\"2012\" data-end=\"2050\">\u00c7oklu kullan\u0131c\u0131 grafik h\u0131zland\u0131rma<\/strong><\/p>\n<\/li>\n<li data-start=\"2051\" data-end=\"2096\">\n<p data-start=\"2053\" data-end=\"2096\">\ud83d\udda5\ufe0f <strong data-start=\"2057\" data-end=\"2096\">Hafif ve orta seviye 3D uygulamalar<\/strong><\/p>\n<\/li>\n<\/ul>\n<hr data-start=\"2098\" data-end=\"2101\" \/>\n<h2 data-start=\"2103\" data-end=\"2142\"><strong data-start=\"2106\" data-end=\"2142\">NVIDIA A16 Kimler \u0130\u00e7in Uygundur?<\/strong><\/h2>\n<p data-start=\"2144\" data-end=\"2398\">\u2714 30\u2013100 aras\u0131 VDI kullan\u0131c\u0131s\u0131 olan i\u015fletmeler<br data-start=\"2190\" data-end=\"2193\" \/>\u2714 Grafik h\u0131zland\u0131rmas\u0131 isteyen ofis \u00e7al\u0131\u015fanlar\u0131<br data-start=\"2240\" data-end=\"2243\" \/>\u2714 Mimar, m\u00fchendis, tasar\u0131mc\u0131 a\u011f\u0131rl\u0131kl\u0131 ekipler<br data-start=\"2289\" data-end=\"2292\" \/>\u2714 Uzaktan masa\u00fcst\u00fc eri\u015fimi sunan kurumlar<br data-start=\"2333\" data-end=\"2336\" \/>\u2714 Enerji verimlili\u011fi ve y\u00fcksek yo\u011funluk arayan veri merkezleri<\/p>\n<hr data-start=\"2400\" data-end=\"2403\" \/>\n<h2 data-start=\"2405\" data-end=\"2417\"><strong data-start=\"2408\" data-end=\"2417\">Sonu\u00e7<\/strong><\/h2>\n<p data-start=\"2419\" data-end=\"2710\"><strong data-start=\"2419\" data-end=\"2433\">NVIDIA A16<\/strong>, hem performans hem de kullan\u0131c\u0131 yo\u011funlu\u011fu a\u00e7\u0131s\u0131ndan VDI altyap\u0131lar\u0131 i\u00e7in en ideal GPU \u00e7\u00f6z\u00fcmlerinden biridir. \u00c7oklu kullan\u0131c\u0131 destekleyen mimarisi, g\u00fc\u00e7l\u00fc bellek yap\u0131s\u0131 ve NVIDIA vGPU ekosisteminin avantajlar\u0131 ile kurumsal ortamlara en \u00fcst d\u00fczeyde sanalla\u015ft\u0131rma deneyimi sunar.<\/p>\n<p>PCI-Express x16 Gen 4.0,<br \/>\nDual Slot,<br \/>\n64 GB GDDR6 ECC<\/p>\n","protected":false},"excerpt":{"rendered":"<p>Nvidia A16 64GBVDI GPU | 900-2G171-0000-100<\/p>\n","protected":false},"featured_media":10262,"template":"","meta":[],"product_brand":[342,341,338],"product_cat":[3021,1736],"product_tag":[3029,3022,3027,3025,3026,3030,3023,1898,3024,3028],"class_list":{"0":"post-10257","1":"product","2":"type-product","3":"status-publish","4":"has-post-thumbnail","6":"product_brand-nvidia-npn-partner-gtmteknoloji","7":"product_brand-pny-ekran-karti","8":"product_brand-supermicro-server-turkiye","9":"product_cat-veri-merkezi-gpu-kartlari","10":"product_cat-ekran-karti","11":"product_tag-ai-virtualization","12":"product_tag-gpu","13":"product_tag-gpu-virtualization","14":"product_tag-masaustu-sanallastirma","15":"product_tag-nvidia-vgpu","16":"product_tag-remote-workstation-gpu","17":"product_tag-server","18":"product_tag-supermicro","19":"product_tag-vdi-gpu","20":"product_tag-virtual-desktop-infrastructure-gpu","21":"pa_marka-nvidia","22":"pa_marka-pny","24":"first","25":"instock","26":"taxable","27":"shipping-taxable","28":"product-type-external"},"yoast_head":"<!-- This site is optimized with the Yoast SEO Premium plugin v27.4 (Yoast SEO v27.4) - https:\/\/yoast.com\/product\/yoast-seo-premium-wordpress\/ -->\n<title>NVIDIA A16 64GB | 900-2G171-0000-100 - GTM Teknoloji<\/title>\n<meta name=\"robots\" content=\"index, follow, max-snippet:-1, max-image-preview:large, max-video-preview:-1\" \/>\n<link rel=\"canonical\" href=\"https:\/\/gtmteknoloji.com\/b2b\/magaza\/ekran-karti\/veri-merkezi-gpu-kartlari\/nvidia-a16-64gb-900-2g171-0000-100\/\" \/>\n<meta property=\"og:locale\" content=\"tr_TR\" \/>\n<meta property=\"og:type\" content=\"article\" \/>\n<meta property=\"og:title\" content=\"NVIDIA A16 64GB | 900-2G171-0000-100\" \/>\n<meta property=\"og:description\" content=\"Nvidia A16 64GBVDI GPU | 900-2G171-0000-100\" \/>\n<meta property=\"og:url\" content=\"https:\/\/gtmteknoloji.com\/b2b\/magaza\/ekran-karti\/veri-merkezi-gpu-kartlari\/nvidia-a16-64gb-900-2g171-0000-100\/\" \/>\n<meta property=\"og:site_name\" content=\"GTM Teknoloji\" \/>\n<meta property=\"article:publisher\" content=\"https:\/\/www.facebook.com\/SupermicroTurkiye\/?locale=tr_TR\" \/>\n<meta property=\"article:modified_time\" content=\"2026-04-16T20:21:08+00:00\" \/>\n<meta property=\"og:image\" content=\"https:\/\/gtmteknoloji.com\/b2b\/wp-content\/uploads\/2025\/11\/6000-server-edition-product-gtm-teknoloji.png\" \/>\n\t<meta property=\"og:image:width\" content=\"800\" \/>\n\t<meta property=\"og:image:height\" content=\"800\" \/>\n\t<meta property=\"og:image:type\" content=\"image\/png\" \/>\n<meta name=\"twitter:card\" content=\"summary_large_image\" \/>\n<meta name=\"twitter:site\" content=\"@gtmteknoloji\" \/>\n<meta name=\"twitter:label1\" content=\"Fiyat\" \/>\n\t<meta name=\"twitter:data1\" content=\"&#036;3.800,00 + KDV\" \/>\n\t<meta name=\"twitter:label2\" content=\"Durumu\" \/>\n\t<meta name=\"twitter:data2\" content=\"Stokta var\" \/>\n<script type=\"application\/ld+json\" class=\"yoast-schema-graph\">{\"@context\":\"https:\\\/\\\/schema.org\",\"@graph\":[{\"@type\":\"WebPage\",\"@id\":\"https:\\\/\\\/gtmteknoloji.com\\\/b2b\\\/magaza\\\/ekran-karti\\\/veri-merkezi-gpu-kartlari\\\/nvidia-a16-64gb-900-2g171-0000-100\\\/\",\"url\":\"https:\\\/\\\/gtmteknoloji.com\\\/b2b\\\/magaza\\\/ekran-karti\\\/veri-merkezi-gpu-kartlari\\\/nvidia-a16-64gb-900-2g171-0000-100\\\/\",\"name\":\"NVIDIA A16 64GB | 900-2G171-0000-100 - GTM Teknoloji\",\"isPartOf\":{\"@id\":\"https:\\\/\\\/gtmteknoloji.com\\\/b2b\\\/#website\"},\"primaryImageOfPage\":{\"@id\":\"https:\\\/\\\/gtmteknoloji.com\\\/b2b\\\/magaza\\\/ekran-karti\\\/veri-merkezi-gpu-kartlari\\\/nvidia-a16-64gb-900-2g171-0000-100\\\/#primaryimage\"},\"image\":{\"@id\":\"https:\\\/\\\/gtmteknoloji.com\\\/b2b\\\/magaza\\\/ekran-karti\\\/veri-merkezi-gpu-kartlari\\\/nvidia-a16-64gb-900-2g171-0000-100\\\/#primaryimage\"},\"thumbnailUrl\":\"https:\\\/\\\/gtmteknoloji.com\\\/b2b\\\/wp-content\\\/uploads\\\/2025\\\/11\\\/6000-server-edition-product-gtm-teknoloji.png\",\"datePublished\":\"2025-11-13T09:15:19+00:00\",\"dateModified\":\"2026-04-16T20:21:08+00:00\",\"breadcrumb\":{\"@id\":\"https:\\\/\\\/gtmteknoloji.com\\\/b2b\\\/magaza\\\/ekran-karti\\\/veri-merkezi-gpu-kartlari\\\/nvidia-a16-64gb-900-2g171-0000-100\\\/#breadcrumb\"},\"inLanguage\":\"tr\",\"potentialAction\":[{\"@type\":\"ReadAction\",\"target\":[\"https:\\\/\\\/gtmteknoloji.com\\\/b2b\\\/magaza\\\/ekran-karti\\\/veri-merkezi-gpu-kartlari\\\/nvidia-a16-64gb-900-2g171-0000-100\\\/\"]}]},{\"@type\":\"ImageObject\",\"inLanguage\":\"tr\",\"@id\":\"https:\\\/\\\/gtmteknoloji.com\\\/b2b\\\/magaza\\\/ekran-karti\\\/veri-merkezi-gpu-kartlari\\\/nvidia-a16-64gb-900-2g171-0000-100\\\/#primaryimage\",\"url\":\"https:\\\/\\\/gtmteknoloji.com\\\/b2b\\\/wp-content\\\/uploads\\\/2025\\\/11\\\/6000-server-edition-product-gtm-teknoloji.png\",\"contentUrl\":\"https:\\\/\\\/gtmteknoloji.com\\\/b2b\\\/wp-content\\\/uploads\\\/2025\\\/11\\\/6000-server-edition-product-gtm-teknoloji.png\",\"width\":800,\"height\":800},{\"@type\":\"BreadcrumbList\",\"@id\":\"https:\\\/\\\/gtmteknoloji.com\\\/b2b\\\/magaza\\\/ekran-karti\\\/veri-merkezi-gpu-kartlari\\\/nvidia-a16-64gb-900-2g171-0000-100\\\/#breadcrumb\",\"itemListElement\":[{\"@type\":\"ListItem\",\"position\":1,\"name\":\"Home\",\"item\":\"https:\\\/\\\/gtmteknoloji.com\\\/b2b\\\/\"},{\"@type\":\"ListItem\",\"position\":2,\"name\":\"Ma\u011faza\",\"item\":\"https:\\\/\\\/gtmteknoloji.com\\\/b2b\\\/magaza\\\/\"},{\"@type\":\"ListItem\",\"position\":3,\"name\":\"NVIDIA A16 64GB | 900-2G171-0000-100\"}]},{\"@type\":\"WebSite\",\"@id\":\"https:\\\/\\\/gtmteknoloji.com\\\/b2b\\\/#website\",\"url\":\"https:\\\/\\\/gtmteknoloji.com\\\/b2b\\\/\",\"name\":\"GTM Teknoloji\",\"description\":\"B2B Sat\u0131\u015f Portal\u0131\",\"publisher\":{\"@id\":\"https:\\\/\\\/gtmteknoloji.com\\\/b2b\\\/#organization\"},\"potentialAction\":[{\"@type\":\"SearchAction\",\"target\":{\"@type\":\"EntryPoint\",\"urlTemplate\":\"https:\\\/\\\/gtmteknoloji.com\\\/b2b\\\/?s={search_term_string}\"},\"query-input\":{\"@type\":\"PropertyValueSpecification\",\"valueRequired\":true,\"valueName\":\"search_term_string\"}}],\"inLanguage\":\"tr\"},{\"@type\":\"Organization\",\"@id\":\"https:\\\/\\\/gtmteknoloji.com\\\/b2b\\\/#organization\",\"name\":\"GTM Teknoloji\",\"url\":\"https:\\\/\\\/gtmteknoloji.com\\\/b2b\\\/\",\"logo\":{\"@type\":\"ImageObject\",\"inLanguage\":\"tr\",\"@id\":\"https:\\\/\\\/gtmteknoloji.com\\\/b2b\\\/#\\\/schema\\\/logo\\\/image\\\/\",\"url\":\"https:\\\/\\\/gtmteknoloji.com\\\/b2b\\\/wp-content\\\/uploads\\\/2020\\\/12\\\/GTM-logo.png\",\"contentUrl\":\"https:\\\/\\\/gtmteknoloji.com\\\/b2b\\\/wp-content\\\/uploads\\\/2020\\\/12\\\/GTM-logo.png\",\"width\":400,\"height\":400,\"caption\":\"GTM Teknoloji\"},\"image\":{\"@id\":\"https:\\\/\\\/gtmteknoloji.com\\\/b2b\\\/#\\\/schema\\\/logo\\\/image\\\/\"},\"sameAs\":[\"https:\\\/\\\/www.facebook.com\\\/SupermicroTurkiye\\\/?locale=tr_TR\",\"https:\\\/\\\/x.com\\\/gtmteknoloji\"]}]}<\/script>\n<meta property=\"product:brand\" content=\"Nvidia\" \/>\n<meta property=\"product:price:amount\" content=\"3800.00\" \/>\n<meta property=\"product:price:currency\" content=\"USD\" \/>\n<meta property=\"og:availability\" content=\"instock\" \/>\n<meta property=\"product:availability\" content=\"instock\" \/>\n<meta property=\"product:condition\" content=\"new\" \/>\n<!-- \/ Yoast SEO Premium plugin. -->","yoast_head_json":{"title":"NVIDIA A16 64GB | 900-2G171-0000-100 - GTM Teknoloji","robots":{"index":"index","follow":"follow","max-snippet":"max-snippet:-1","max-image-preview":"max-image-preview:large","max-video-preview":"max-video-preview:-1"},"canonical":"https:\/\/gtmteknoloji.com\/b2b\/magaza\/ekran-karti\/veri-merkezi-gpu-kartlari\/nvidia-a16-64gb-900-2g171-0000-100\/","og_locale":"tr_TR","og_type":"article","og_title":"NVIDIA A16 64GB | 900-2G171-0000-100","og_description":"Nvidia A16 64GBVDI GPU | 900-2G171-0000-100","og_url":"https:\/\/gtmteknoloji.com\/b2b\/magaza\/ekran-karti\/veri-merkezi-gpu-kartlari\/nvidia-a16-64gb-900-2g171-0000-100\/","og_site_name":"GTM Teknoloji","article_publisher":"https:\/\/www.facebook.com\/SupermicroTurkiye\/?locale=tr_TR","article_modified_time":"2026-04-16T20:21:08+00:00","og_image":[{"width":800,"height":800,"url":"https:\/\/gtmteknoloji.com\/b2b\/wp-content\/uploads\/2025\/11\/6000-server-edition-product-gtm-teknoloji.png","type":"image\/png"}],"twitter_card":"summary_large_image","twitter_site":"@gtmteknoloji","twitter_misc":{"Fiyat":"&#36;3.800,00 + KDV","Durumu":"Stokta var"},"schema":{"@context":"https:\/\/schema.org","@graph":[{"@type":"WebPage","@id":"https:\/\/gtmteknoloji.com\/b2b\/magaza\/ekran-karti\/veri-merkezi-gpu-kartlari\/nvidia-a16-64gb-900-2g171-0000-100\/","url":"https:\/\/gtmteknoloji.com\/b2b\/magaza\/ekran-karti\/veri-merkezi-gpu-kartlari\/nvidia-a16-64gb-900-2g171-0000-100\/","name":"NVIDIA A16 64GB | 900-2G171-0000-100 - GTM Teknoloji","isPartOf":{"@id":"https:\/\/gtmteknoloji.com\/b2b\/#website"},"primaryImageOfPage":{"@id":"https:\/\/gtmteknoloji.com\/b2b\/magaza\/ekran-karti\/veri-merkezi-gpu-kartlari\/nvidia-a16-64gb-900-2g171-0000-100\/#primaryimage"},"image":{"@id":"https:\/\/gtmteknoloji.com\/b2b\/magaza\/ekran-karti\/veri-merkezi-gpu-kartlari\/nvidia-a16-64gb-900-2g171-0000-100\/#primaryimage"},"thumbnailUrl":"https:\/\/gtmteknoloji.com\/b2b\/wp-content\/uploads\/2025\/11\/6000-server-edition-product-gtm-teknoloji.png","datePublished":"2025-11-13T09:15:19+00:00","dateModified":"2026-04-16T20:21:08+00:00","breadcrumb":{"@id":"https:\/\/gtmteknoloji.com\/b2b\/magaza\/ekran-karti\/veri-merkezi-gpu-kartlari\/nvidia-a16-64gb-900-2g171-0000-100\/#breadcrumb"},"inLanguage":"tr","potentialAction":[{"@type":"ReadAction","target":["https:\/\/gtmteknoloji.com\/b2b\/magaza\/ekran-karti\/veri-merkezi-gpu-kartlari\/nvidia-a16-64gb-900-2g171-0000-100\/"]}]},{"@type":"ImageObject","inLanguage":"tr","@id":"https:\/\/gtmteknoloji.com\/b2b\/magaza\/ekran-karti\/veri-merkezi-gpu-kartlari\/nvidia-a16-64gb-900-2g171-0000-100\/#primaryimage","url":"https:\/\/gtmteknoloji.com\/b2b\/wp-content\/uploads\/2025\/11\/6000-server-edition-product-gtm-teknoloji.png","contentUrl":"https:\/\/gtmteknoloji.com\/b2b\/wp-content\/uploads\/2025\/11\/6000-server-edition-product-gtm-teknoloji.png","width":800,"height":800},{"@type":"BreadcrumbList","@id":"https:\/\/gtmteknoloji.com\/b2b\/magaza\/ekran-karti\/veri-merkezi-gpu-kartlari\/nvidia-a16-64gb-900-2g171-0000-100\/#breadcrumb","itemListElement":[{"@type":"ListItem","position":1,"name":"Home","item":"https:\/\/gtmteknoloji.com\/b2b\/"},{"@type":"ListItem","position":2,"name":"Ma\u011faza","item":"https:\/\/gtmteknoloji.com\/b2b\/magaza\/"},{"@type":"ListItem","position":3,"name":"NVIDIA A16 64GB | 900-2G171-0000-100"}]},{"@type":"WebSite","@id":"https:\/\/gtmteknoloji.com\/b2b\/#website","url":"https:\/\/gtmteknoloji.com\/b2b\/","name":"GTM Teknoloji","description":"B2B Sat\u0131\u015f Portal\u0131","publisher":{"@id":"https:\/\/gtmteknoloji.com\/b2b\/#organization"},"potentialAction":[{"@type":"SearchAction","target":{"@type":"EntryPoint","urlTemplate":"https:\/\/gtmteknoloji.com\/b2b\/?s={search_term_string}"},"query-input":{"@type":"PropertyValueSpecification","valueRequired":true,"valueName":"search_term_string"}}],"inLanguage":"tr"},{"@type":"Organization","@id":"https:\/\/gtmteknoloji.com\/b2b\/#organization","name":"GTM Teknoloji","url":"https:\/\/gtmteknoloji.com\/b2b\/","logo":{"@type":"ImageObject","inLanguage":"tr","@id":"https:\/\/gtmteknoloji.com\/b2b\/#\/schema\/logo\/image\/","url":"https:\/\/gtmteknoloji.com\/b2b\/wp-content\/uploads\/2020\/12\/GTM-logo.png","contentUrl":"https:\/\/gtmteknoloji.com\/b2b\/wp-content\/uploads\/2020\/12\/GTM-logo.png","width":400,"height":400,"caption":"GTM Teknoloji"},"image":{"@id":"https:\/\/gtmteknoloji.com\/b2b\/#\/schema\/logo\/image\/"},"sameAs":["https:\/\/www.facebook.com\/SupermicroTurkiye\/?locale=tr_TR","https:\/\/x.com\/gtmteknoloji"]}]},"product_brand":"Nvidia","product_price_amount":"3800.00","product_price_currency":"USD","og_availability":"instock","product_availability":"instock","product_condition":"new"},"_links":{"self":[{"href":"https:\/\/gtmteknoloji.com\/b2b\/wp-json\/wp\/v2\/product\/10257","targetHints":{"allow":["GET"]}}],"collection":[{"href":"https:\/\/gtmteknoloji.com\/b2b\/wp-json\/wp\/v2\/product"}],"about":[{"href":"https:\/\/gtmteknoloji.com\/b2b\/wp-json\/wp\/v2\/types\/product"}],"version-history":[{"count":1,"href":"https:\/\/gtmteknoloji.com\/b2b\/wp-json\/wp\/v2\/product\/10257\/revisions"}],"predecessor-version":[{"id":10258,"href":"https:\/\/gtmteknoloji.com\/b2b\/wp-json\/wp\/v2\/product\/10257\/revisions\/10258"}],"wp:featuredmedia":[{"embeddable":true,"href":"https:\/\/gtmteknoloji.com\/b2b\/wp-json\/wp\/v2\/media\/10262"}],"wp:attachment":[{"href":"https:\/\/gtmteknoloji.com\/b2b\/wp-json\/wp\/v2\/media?parent=10257"}],"wp:term":[{"taxonomy":"product_brand","embeddable":true,"href":"https:\/\/gtmteknoloji.com\/b2b\/wp-json\/wp\/v2\/product_brand?post=10257"},{"taxonomy":"product_cat","embeddable":true,"href":"https:\/\/gtmteknoloji.com\/b2b\/wp-json\/wp\/v2\/product_cat?post=10257"},{"taxonomy":"product_tag","embeddable":true,"href":"https:\/\/gtmteknoloji.com\/b2b\/wp-json\/wp\/v2\/product_tag?post=10257"}],"curies":[{"name":"wp","href":"https:\/\/api.w.org\/{rel}","templated":true}]}}