{"id":10261,"date":"2025-11-13T13:10:03","date_gmt":"2025-11-13T10:10:03","guid":{"rendered":"https:\/\/gtmteknoloji.com\/b2b\/?post_type=product&#038;p=10261"},"modified":"2026-04-16T23:17:58","modified_gmt":"2026-04-16T20:17:58","slug":"nvidia-rtx-pro-6000-server-edition-passive-pcie-96gb-gpu-900-2g153-0000-000","status":"publish","type":"product","link":"https:\/\/gtmteknoloji.com\/b2b\/magaza\/ekran-karti\/veri-merkezi-gpu-kartlari\/nvidia-rtx-pro-6000-server-edition-passive-pcie-96gb-gpu-900-2g153-0000-000\/","title":{"rendered":"NVIDIA RTX PRO 6000 Server Edition &#8211; Passive PCIe 96GB | 900-2G153-0000-000"},"content":{"rendered":"<div class=\"nv-title text h--medium aem-GridColumn--tablet--12 aem-GridColumn--offset--tablet--0 aem-GridColumn--default--none aem-GridColumn--phone--none aem-GridColumn--phone--12 aem-GridColumn--tablet--none aem-GridColumn aem-GridColumn--default--7 aem-GridColumn--offset--phone--0 aem-GridColumn--offset--default--0\">\n<div id=\"nv-title-dd09b0b8c8\" class=\"general-container-text \">\n<div class=\"text-left lap-text-left tab-text-center mob-text-center\">\n<h2 class=\"title\"><span dir=\"auto\">Veri Merkezi i\u00e7in Evrensel Yapay Zeka ve G\u00f6rsel Hesaplama Performans\u0131<\/span><\/h2>\n<\/div>\n<\/div>\n<\/div>\n<div class=\"nv-text text aem-GridColumn--tablet--12 aem-GridColumn--offset--tablet--0 aem-GridColumn--default--none aem-GridColumn--phone--none aem-GridColumn--phone--12 aem-GridColumn--tablet--none aem-GridColumn aem-GridColumn--default--7 aem-GridColumn--offset--phone--0 aem-GridColumn--offset--default--0\">\n<div id=\"nv-text-279abe559e\" class=\"general-container-text \">\n<div class=\"text-left lap-text-left tab-text-center mob-text-center\">\n<div class=\"description \">\n<p><span class=\"p--large\"><span dir=\"auto\">\u00c7\u0131\u011f\u0131r a\u00e7an\u00a0<\/span><span dir=\"auto\">NVIDIA Blackwell mimarisi<\/span><span dir=\"auto\">\u00a0\u00fczerine in\u015fa edilen NVIDIA RTX PRO\u2122 6000 Blackwell Server Edition, kurumsal veri merkezi i\u015f y\u00fcklerini h\u0131zland\u0131rmak i\u00e7in yapay zeka ve g\u00f6rsel bilgi i\u015flem yeteneklerinin g\u00fc\u00e7l\u00fc bir kombinasyonunu sunar. 96 GB ultra h\u0131zl\u0131 GDDR7 bellekle donat\u0131lan NVIDIA RTX PRO 6000 Blackwell, arac\u0131 yapay zeka, fiziksel yapay zeka ve bilimsel hesaplamadan render, 3B grafikler ve videoya kadar \u00e7ok \u00e7e\u015fitli kullan\u0131m durumlar\u0131n\u0131 h\u0131zland\u0131rmak i\u00e7in benzersiz performans ve esneklik sa\u011flar.<\/span><\/span><\/p>\n<\/div>\n<h3><span tabindex=\"0\" aria-expanded=\"true\"><span dir=\"auto\">\u00d6zellikler<\/span><\/span><\/h3>\n<div class=\"accordion-content\">\n<ul class=\"columns-2 productTools-features gray-bullets\">\n<li><span aria-expanded=\"true\"><span dir=\"auto\">NVIDIA Blackwell Mimarisi<\/span><\/span><\/li>\n<li><span aria-expanded=\"false\"><span dir=\"auto\">ECC&#8217;li 96 GB GDDR7<\/span><\/span><\/li>\n<li><span aria-expanded=\"false\"><span dir=\"auto\">Bellek Bant Geni\u015fli\u011fi 1,6 TB\/sn&#8217;ye Kadar<\/span><\/span><\/li>\n<li><span dir=\"auto\">CUDA Paralel \u0130\u015flem \u00c7ekirdekleri <\/span><span dir=\"auto\">24.064<\/span><\/li>\n<li><span dir=\"auto\">NVIDIA Tensor \u00c7ekirdekleri <\/span><span dir=\"auto\">752 (5. Nesil)<\/span><\/li>\n<li>NVIDIA RT \u00c7ekirdekleri <span dir=\"auto\">188 (4. Nesil)<\/span><\/li>\n<li>GPU Belle\u011fi <span dir=\"auto\">ECC&#8217;li 96 GB GDDR7<\/span><\/li>\n<li>Form Fakt\u00f6r\u00fc <span dir=\"auto\">4,4\u201d Y x 10,5\u201d U, FHFL \u00c7ift Yuva<\/span><\/li>\n<\/ul>\n<div class=\"row h-softSmEnds\"><\/div>\n<\/div>\n<\/div>\n<\/div>\n<\/div>\n","protected":false},"excerpt":{"rendered":"<p><b>Nvidia RTX 6000 Server Edition<\/b>, veri merkezi sunucular\u0131 i\u00e7in optimize edilmi\u015f <b>pasif so\u011futma (passive cooling)<\/b> tasar\u0131m\u0131yla maksimum yo\u011funluk ve verimlilik sa\u011flar. <b>96GB<\/b> devasa bellek kapasitesi sayesinde; kurumsal <b>Sanal Masa\u00fcst\u00fc Altyap\u0131lar\u0131 (VDI)<\/b>, bulut tabanl\u0131 <b>Render<\/b> \u00e7iftlikleri ve geni\u015f \u00f6l\u00e7ekli <b>Yapay Zeka (AI)<\/b> projeleri i\u00e7in kesintisiz performans sunar. Sunucu tabanl\u0131 grafik g\u00fcc\u00fcnde zirveyi hedefleyenler i\u00e7in ideal \u00e7\u00f6z\u00fcm.<\/p>\n","protected":false},"featured_media":10262,"template":"","meta":[],"product_brand":[342,341,338],"product_cat":[3021,1736],"product_tag":[3041,3037,3036,3040,3035,3034,3033,3038,3039,3031,3043,3042,3032,2784],"class_list":{"0":"post-10261","1":"product","2":"type-product","3":"status-publish","4":"has-post-thumbnail","6":"product_brand-nvidia-npn-partner-gtmteknoloji","7":"product_brand-pny-ekran-karti","8":"product_brand-supermicro-server-turkiye","9":"product_cat-veri-merkezi-gpu-kartlari","10":"product_cat-ekran-karti","11":"product_tag-96gb-gpu-bellek","12":"product_tag-buyuk-bellek-gpu","13":"product_tag-enterprise-ai-gpu","14":"product_tag-mig-gpu","15":"product_tag-mig-support","16":"product_tag-nvidia-blackwell","17":"product_tag-nvidia-blackwell-gpu","18":"product_tag-nvidia-h100-alternatif","19":"product_tag-nvidia-h200-alternatif","20":"product_tag-nvidia-rtx-pro-6000-blackwell","21":"product_tag-nvidia-sanallastirma-gpu","22":"product_tag-nvidia-satin-al","23":"product_tag-rtx-pro-6000-server-edition","24":"product_tag-sanallastirma","25":"pa_marka-pny","27":"first","28":"instock","29":"taxable","30":"shipping-taxable","31":"product-type-external"},"yoast_head":"<!-- This site is optimized with the Yoast SEO Premium plugin v27.4 (Yoast SEO v27.4) - https:\/\/yoast.com\/product\/yoast-seo-premium-wordpress\/ -->\n<title>Nvidia RTX Pro 6000 Blackwell Server Edition Performans\u0131 - GTM Teknoloji<\/title>\n<meta name=\"description\" content=\"Nvidia RTX Pro 6000 Blackwell Server Edition ile kurumsal i\u015f y\u00fcklerinizi h\u0131zland\u0131r\u0131n. 96 GB GDDR7 bellekle t\u00fcm performans ihtiya\u00e7lar\u0131n\u0131z\u0131 kar\u015f\u0131lay\u0131n!\" \/>\n<meta name=\"robots\" content=\"index, follow, max-snippet:-1, max-image-preview:large, max-video-preview:-1\" \/>\n<link rel=\"canonical\" href=\"https:\/\/gtmteknoloji.com\/b2b\/magaza\/ekran-karti\/veri-merkezi-gpu-kartlari\/nvidia-rtx-pro-6000-server-edition-passive-pcie-96gb-gpu-900-2g153-0000-000\/\" \/>\n<meta property=\"og:locale\" content=\"tr_TR\" \/>\n<meta property=\"og:type\" content=\"article\" \/>\n<meta property=\"og:title\" content=\"NVIDIA RTX PRO 6000 Server Edition - Passive PCIe 96GB | 900-2G153-0000-000\" \/>\n<meta property=\"og:description\" content=\"Nvidia RTX Pro 6000 Blackwell Server Edition ile kurumsal i\u015f y\u00fcklerinizi h\u0131zland\u0131r\u0131n. 96 GB GDDR7 bellekle t\u00fcm performans ihtiya\u00e7lar\u0131n\u0131z\u0131 kar\u015f\u0131lay\u0131n!\" \/>\n<meta property=\"og:url\" content=\"https:\/\/gtmteknoloji.com\/b2b\/magaza\/ekran-karti\/veri-merkezi-gpu-kartlari\/nvidia-rtx-pro-6000-server-edition-passive-pcie-96gb-gpu-900-2g153-0000-000\/\" \/>\n<meta property=\"og:site_name\" content=\"GTM Teknoloji\" \/>\n<meta property=\"article:publisher\" content=\"https:\/\/www.facebook.com\/SupermicroTurkiye\/?locale=tr_TR\" \/>\n<meta property=\"article:modified_time\" content=\"2026-04-16T20:17:58+00:00\" \/>\n<meta property=\"og:image\" content=\"https:\/\/gtmteknoloji.com\/b2b\/wp-content\/uploads\/2025\/11\/6000-server-edition-product-gtm-teknoloji.png\" \/>\n\t<meta property=\"og:image:width\" content=\"800\" \/>\n\t<meta property=\"og:image:height\" content=\"800\" \/>\n\t<meta property=\"og:image:type\" content=\"image\/png\" \/>\n<meta name=\"twitter:card\" content=\"summary_large_image\" \/>\n<meta name=\"twitter:site\" content=\"@gtmteknoloji\" \/>\n<meta name=\"twitter:label1\" content=\"Fiyat\" \/>\n\t<meta name=\"twitter:data1\" content=\"&#036;10.469,00 + KDV\" \/>\n\t<meta name=\"twitter:label2\" content=\"Durumu\" \/>\n\t<meta name=\"twitter:data2\" content=\"Stokta var\" \/>\n<script type=\"application\/ld+json\" class=\"yoast-schema-graph\">{\"@context\":\"https:\\\/\\\/schema.org\",\"@graph\":[{\"@type\":\"WebPage\",\"@id\":\"https:\\\/\\\/gtmteknoloji.com\\\/b2b\\\/magaza\\\/ekran-karti\\\/veri-merkezi-gpu-kartlari\\\/nvidia-rtx-pro-6000-server-edition-passive-pcie-96gb-gpu-900-2g153-0000-000\\\/\",\"url\":\"https:\\\/\\\/gtmteknoloji.com\\\/b2b\\\/magaza\\\/ekran-karti\\\/veri-merkezi-gpu-kartlari\\\/nvidia-rtx-pro-6000-server-edition-passive-pcie-96gb-gpu-900-2g153-0000-000\\\/\",\"name\":\"Nvidia RTX Pro 6000 Blackwell Server Edition Performans\u0131 - GTM Teknoloji\",\"isPartOf\":{\"@id\":\"https:\\\/\\\/gtmteknoloji.com\\\/b2b\\\/#website\"},\"primaryImageOfPage\":{\"@id\":\"https:\\\/\\\/gtmteknoloji.com\\\/b2b\\\/magaza\\\/ekran-karti\\\/veri-merkezi-gpu-kartlari\\\/nvidia-rtx-pro-6000-server-edition-passive-pcie-96gb-gpu-900-2g153-0000-000\\\/#primaryimage\"},\"image\":{\"@id\":\"https:\\\/\\\/gtmteknoloji.com\\\/b2b\\\/magaza\\\/ekran-karti\\\/veri-merkezi-gpu-kartlari\\\/nvidia-rtx-pro-6000-server-edition-passive-pcie-96gb-gpu-900-2g153-0000-000\\\/#primaryimage\"},\"thumbnailUrl\":\"https:\\\/\\\/gtmteknoloji.com\\\/b2b\\\/wp-content\\\/uploads\\\/2025\\\/11\\\/6000-server-edition-product-gtm-teknoloji.png\",\"datePublished\":\"2025-11-13T10:10:03+00:00\",\"dateModified\":\"2026-04-16T20:17:58+00:00\",\"description\":\"Nvidia RTX Pro 6000 Blackwell Server Edition ile kurumsal i\u015f y\u00fcklerinizi h\u0131zland\u0131r\u0131n. 96 GB GDDR7 bellekle t\u00fcm performans ihtiya\u00e7lar\u0131n\u0131z\u0131 kar\u015f\u0131lay\u0131n!\",\"breadcrumb\":{\"@id\":\"https:\\\/\\\/gtmteknoloji.com\\\/b2b\\\/magaza\\\/ekran-karti\\\/veri-merkezi-gpu-kartlari\\\/nvidia-rtx-pro-6000-server-edition-passive-pcie-96gb-gpu-900-2g153-0000-000\\\/#breadcrumb\"},\"inLanguage\":\"tr\",\"potentialAction\":[{\"@type\":\"ReadAction\",\"target\":[\"https:\\\/\\\/gtmteknoloji.com\\\/b2b\\\/magaza\\\/ekran-karti\\\/veri-merkezi-gpu-kartlari\\\/nvidia-rtx-pro-6000-server-edition-passive-pcie-96gb-gpu-900-2g153-0000-000\\\/\"]}]},{\"@type\":\"ImageObject\",\"inLanguage\":\"tr\",\"@id\":\"https:\\\/\\\/gtmteknoloji.com\\\/b2b\\\/magaza\\\/ekran-karti\\\/veri-merkezi-gpu-kartlari\\\/nvidia-rtx-pro-6000-server-edition-passive-pcie-96gb-gpu-900-2g153-0000-000\\\/#primaryimage\",\"url\":\"https:\\\/\\\/gtmteknoloji.com\\\/b2b\\\/wp-content\\\/uploads\\\/2025\\\/11\\\/6000-server-edition-product-gtm-teknoloji.png\",\"contentUrl\":\"https:\\\/\\\/gtmteknoloji.com\\\/b2b\\\/wp-content\\\/uploads\\\/2025\\\/11\\\/6000-server-edition-product-gtm-teknoloji.png\",\"width\":800,\"height\":800},{\"@type\":\"BreadcrumbList\",\"@id\":\"https:\\\/\\\/gtmteknoloji.com\\\/b2b\\\/magaza\\\/ekran-karti\\\/veri-merkezi-gpu-kartlari\\\/nvidia-rtx-pro-6000-server-edition-passive-pcie-96gb-gpu-900-2g153-0000-000\\\/#breadcrumb\",\"itemListElement\":[{\"@type\":\"ListItem\",\"position\":1,\"name\":\"Home\",\"item\":\"https:\\\/\\\/gtmteknoloji.com\\\/b2b\\\/\"},{\"@type\":\"ListItem\",\"position\":2,\"name\":\"Ma\u011faza\",\"item\":\"https:\\\/\\\/gtmteknoloji.com\\\/b2b\\\/magaza\\\/\"},{\"@type\":\"ListItem\",\"position\":3,\"name\":\"NVIDIA RTX PRO 6000 Server Edition &#8211; Passive PCIe 96GB | 900-2G153-0000-000\"}]},{\"@type\":\"WebSite\",\"@id\":\"https:\\\/\\\/gtmteknoloji.com\\\/b2b\\\/#website\",\"url\":\"https:\\\/\\\/gtmteknoloji.com\\\/b2b\\\/\",\"name\":\"GTM Teknoloji\",\"description\":\"B2B Sat\u0131\u015f Portal\u0131\",\"publisher\":{\"@id\":\"https:\\\/\\\/gtmteknoloji.com\\\/b2b\\\/#organization\"},\"potentialAction\":[{\"@type\":\"SearchAction\",\"target\":{\"@type\":\"EntryPoint\",\"urlTemplate\":\"https:\\\/\\\/gtmteknoloji.com\\\/b2b\\\/?s={search_term_string}\"},\"query-input\":{\"@type\":\"PropertyValueSpecification\",\"valueRequired\":true,\"valueName\":\"search_term_string\"}}],\"inLanguage\":\"tr\"},{\"@type\":\"Organization\",\"@id\":\"https:\\\/\\\/gtmteknoloji.com\\\/b2b\\\/#organization\",\"name\":\"GTM Teknoloji\",\"url\":\"https:\\\/\\\/gtmteknoloji.com\\\/b2b\\\/\",\"logo\":{\"@type\":\"ImageObject\",\"inLanguage\":\"tr\",\"@id\":\"https:\\\/\\\/gtmteknoloji.com\\\/b2b\\\/#\\\/schema\\\/logo\\\/image\\\/\",\"url\":\"https:\\\/\\\/gtmteknoloji.com\\\/b2b\\\/wp-content\\\/uploads\\\/2020\\\/12\\\/GTM-logo.png\",\"contentUrl\":\"https:\\\/\\\/gtmteknoloji.com\\\/b2b\\\/wp-content\\\/uploads\\\/2020\\\/12\\\/GTM-logo.png\",\"width\":400,\"height\":400,\"caption\":\"GTM Teknoloji\"},\"image\":{\"@id\":\"https:\\\/\\\/gtmteknoloji.com\\\/b2b\\\/#\\\/schema\\\/logo\\\/image\\\/\"},\"sameAs\":[\"https:\\\/\\\/www.facebook.com\\\/SupermicroTurkiye\\\/?locale=tr_TR\",\"https:\\\/\\\/x.com\\\/gtmteknoloji\"]}]}<\/script>\n<meta property=\"product:brand\" content=\"PNY\" \/>\n<meta property=\"product:price:amount\" content=\"10469.00\" \/>\n<meta property=\"product:price:currency\" content=\"USD\" \/>\n<meta property=\"og:availability\" content=\"instock\" \/>\n<meta property=\"product:availability\" content=\"instock\" \/>\n<meta property=\"product:condition\" content=\"new\" \/>\n<!-- \/ Yoast SEO Premium plugin. -->","yoast_head_json":{"title":"Nvidia RTX Pro 6000 Blackwell Server Edition Performans\u0131 - GTM Teknoloji","description":"Nvidia RTX Pro 6000 Blackwell Server Edition ile kurumsal i\u015f y\u00fcklerinizi h\u0131zland\u0131r\u0131n. 96 GB GDDR7 bellekle t\u00fcm performans ihtiya\u00e7lar\u0131n\u0131z\u0131 kar\u015f\u0131lay\u0131n!","robots":{"index":"index","follow":"follow","max-snippet":"max-snippet:-1","max-image-preview":"max-image-preview:large","max-video-preview":"max-video-preview:-1"},"canonical":"https:\/\/gtmteknoloji.com\/b2b\/magaza\/ekran-karti\/veri-merkezi-gpu-kartlari\/nvidia-rtx-pro-6000-server-edition-passive-pcie-96gb-gpu-900-2g153-0000-000\/","og_locale":"tr_TR","og_type":"article","og_title":"NVIDIA RTX PRO 6000 Server Edition - Passive PCIe 96GB | 900-2G153-0000-000","og_description":"Nvidia RTX Pro 6000 Blackwell Server Edition ile kurumsal i\u015f y\u00fcklerinizi h\u0131zland\u0131r\u0131n. 96 GB GDDR7 bellekle t\u00fcm performans ihtiya\u00e7lar\u0131n\u0131z\u0131 kar\u015f\u0131lay\u0131n!","og_url":"https:\/\/gtmteknoloji.com\/b2b\/magaza\/ekran-karti\/veri-merkezi-gpu-kartlari\/nvidia-rtx-pro-6000-server-edition-passive-pcie-96gb-gpu-900-2g153-0000-000\/","og_site_name":"GTM Teknoloji","article_publisher":"https:\/\/www.facebook.com\/SupermicroTurkiye\/?locale=tr_TR","article_modified_time":"2026-04-16T20:17:58+00:00","og_image":[{"width":800,"height":800,"url":"https:\/\/gtmteknoloji.com\/b2b\/wp-content\/uploads\/2025\/11\/6000-server-edition-product-gtm-teknoloji.png","type":"image\/png"}],"twitter_card":"summary_large_image","twitter_site":"@gtmteknoloji","twitter_misc":{"Fiyat":"&#36;10.469,00 + KDV","Durumu":"Stokta var"},"schema":{"@context":"https:\/\/schema.org","@graph":[{"@type":"WebPage","@id":"https:\/\/gtmteknoloji.com\/b2b\/magaza\/ekran-karti\/veri-merkezi-gpu-kartlari\/nvidia-rtx-pro-6000-server-edition-passive-pcie-96gb-gpu-900-2g153-0000-000\/","url":"https:\/\/gtmteknoloji.com\/b2b\/magaza\/ekran-karti\/veri-merkezi-gpu-kartlari\/nvidia-rtx-pro-6000-server-edition-passive-pcie-96gb-gpu-900-2g153-0000-000\/","name":"Nvidia RTX Pro 6000 Blackwell Server Edition Performans\u0131 - GTM Teknoloji","isPartOf":{"@id":"https:\/\/gtmteknoloji.com\/b2b\/#website"},"primaryImageOfPage":{"@id":"https:\/\/gtmteknoloji.com\/b2b\/magaza\/ekran-karti\/veri-merkezi-gpu-kartlari\/nvidia-rtx-pro-6000-server-edition-passive-pcie-96gb-gpu-900-2g153-0000-000\/#primaryimage"},"image":{"@id":"https:\/\/gtmteknoloji.com\/b2b\/magaza\/ekran-karti\/veri-merkezi-gpu-kartlari\/nvidia-rtx-pro-6000-server-edition-passive-pcie-96gb-gpu-900-2g153-0000-000\/#primaryimage"},"thumbnailUrl":"https:\/\/gtmteknoloji.com\/b2b\/wp-content\/uploads\/2025\/11\/6000-server-edition-product-gtm-teknoloji.png","datePublished":"2025-11-13T10:10:03+00:00","dateModified":"2026-04-16T20:17:58+00:00","description":"Nvidia RTX Pro 6000 Blackwell Server Edition ile kurumsal i\u015f y\u00fcklerinizi h\u0131zland\u0131r\u0131n. 96 GB GDDR7 bellekle t\u00fcm performans ihtiya\u00e7lar\u0131n\u0131z\u0131 kar\u015f\u0131lay\u0131n!","breadcrumb":{"@id":"https:\/\/gtmteknoloji.com\/b2b\/magaza\/ekran-karti\/veri-merkezi-gpu-kartlari\/nvidia-rtx-pro-6000-server-edition-passive-pcie-96gb-gpu-900-2g153-0000-000\/#breadcrumb"},"inLanguage":"tr","potentialAction":[{"@type":"ReadAction","target":["https:\/\/gtmteknoloji.com\/b2b\/magaza\/ekran-karti\/veri-merkezi-gpu-kartlari\/nvidia-rtx-pro-6000-server-edition-passive-pcie-96gb-gpu-900-2g153-0000-000\/"]}]},{"@type":"ImageObject","inLanguage":"tr","@id":"https:\/\/gtmteknoloji.com\/b2b\/magaza\/ekran-karti\/veri-merkezi-gpu-kartlari\/nvidia-rtx-pro-6000-server-edition-passive-pcie-96gb-gpu-900-2g153-0000-000\/#primaryimage","url":"https:\/\/gtmteknoloji.com\/b2b\/wp-content\/uploads\/2025\/11\/6000-server-edition-product-gtm-teknoloji.png","contentUrl":"https:\/\/gtmteknoloji.com\/b2b\/wp-content\/uploads\/2025\/11\/6000-server-edition-product-gtm-teknoloji.png","width":800,"height":800},{"@type":"BreadcrumbList","@id":"https:\/\/gtmteknoloji.com\/b2b\/magaza\/ekran-karti\/veri-merkezi-gpu-kartlari\/nvidia-rtx-pro-6000-server-edition-passive-pcie-96gb-gpu-900-2g153-0000-000\/#breadcrumb","itemListElement":[{"@type":"ListItem","position":1,"name":"Home","item":"https:\/\/gtmteknoloji.com\/b2b\/"},{"@type":"ListItem","position":2,"name":"Ma\u011faza","item":"https:\/\/gtmteknoloji.com\/b2b\/magaza\/"},{"@type":"ListItem","position":3,"name":"NVIDIA RTX PRO 6000 Server Edition &#8211; Passive PCIe 96GB | 900-2G153-0000-000"}]},{"@type":"WebSite","@id":"https:\/\/gtmteknoloji.com\/b2b\/#website","url":"https:\/\/gtmteknoloji.com\/b2b\/","name":"GTM Teknoloji","description":"B2B Sat\u0131\u015f Portal\u0131","publisher":{"@id":"https:\/\/gtmteknoloji.com\/b2b\/#organization"},"potentialAction":[{"@type":"SearchAction","target":{"@type":"EntryPoint","urlTemplate":"https:\/\/gtmteknoloji.com\/b2b\/?s={search_term_string}"},"query-input":{"@type":"PropertyValueSpecification","valueRequired":true,"valueName":"search_term_string"}}],"inLanguage":"tr"},{"@type":"Organization","@id":"https:\/\/gtmteknoloji.com\/b2b\/#organization","name":"GTM Teknoloji","url":"https:\/\/gtmteknoloji.com\/b2b\/","logo":{"@type":"ImageObject","inLanguage":"tr","@id":"https:\/\/gtmteknoloji.com\/b2b\/#\/schema\/logo\/image\/","url":"https:\/\/gtmteknoloji.com\/b2b\/wp-content\/uploads\/2020\/12\/GTM-logo.png","contentUrl":"https:\/\/gtmteknoloji.com\/b2b\/wp-content\/uploads\/2020\/12\/GTM-logo.png","width":400,"height":400,"caption":"GTM Teknoloji"},"image":{"@id":"https:\/\/gtmteknoloji.com\/b2b\/#\/schema\/logo\/image\/"},"sameAs":["https:\/\/www.facebook.com\/SupermicroTurkiye\/?locale=tr_TR","https:\/\/x.com\/gtmteknoloji"]}]},"product_brand":"PNY","product_price_amount":"10469.00","product_price_currency":"USD","og_availability":"instock","product_availability":"instock","product_condition":"new"},"_links":{"self":[{"href":"https:\/\/gtmteknoloji.com\/b2b\/wp-json\/wp\/v2\/product\/10261","targetHints":{"allow":["GET"]}}],"collection":[{"href":"https:\/\/gtmteknoloji.com\/b2b\/wp-json\/wp\/v2\/product"}],"about":[{"href":"https:\/\/gtmteknoloji.com\/b2b\/wp-json\/wp\/v2\/types\/product"}],"version-history":[{"count":4,"href":"https:\/\/gtmteknoloji.com\/b2b\/wp-json\/wp\/v2\/product\/10261\/revisions"}],"predecessor-version":[{"id":10917,"href":"https:\/\/gtmteknoloji.com\/b2b\/wp-json\/wp\/v2\/product\/10261\/revisions\/10917"}],"wp:featuredmedia":[{"embeddable":true,"href":"https:\/\/gtmteknoloji.com\/b2b\/wp-json\/wp\/v2\/media\/10262"}],"wp:attachment":[{"href":"https:\/\/gtmteknoloji.com\/b2b\/wp-json\/wp\/v2\/media?parent=10261"}],"wp:term":[{"taxonomy":"product_brand","embeddable":true,"href":"https:\/\/gtmteknoloji.com\/b2b\/wp-json\/wp\/v2\/product_brand?post=10261"},{"taxonomy":"product_cat","embeddable":true,"href":"https:\/\/gtmteknoloji.com\/b2b\/wp-json\/wp\/v2\/product_cat?post=10261"},{"taxonomy":"product_tag","embeddable":true,"href":"https:\/\/gtmteknoloji.com\/b2b\/wp-json\/wp\/v2\/product_tag?post=10261"}],"curies":[{"name":"wp","href":"https:\/\/api.w.org\/{rel}","templated":true}]}}