{"id":10272,"date":"2025-11-13T14:21:41","date_gmt":"2025-11-13T11:21:41","guid":{"rendered":"https:\/\/gtmteknoloji.com\/b2b\/?post_type=product&#038;p=10272"},"modified":"2026-04-16T23:15:22","modified_gmt":"2026-04-16T20:15:22","slug":"nvidia-rtx-pro-6000-blackwell-workstation-edition-900-5g144-0000-000","status":"publish","type":"product","link":"https:\/\/gtmteknoloji.com\/b2b\/magaza\/ekran-karti\/profesyonel-grafik-kartlari\/nvidia-rtx-pro-6000-blackwell-workstation-edition-900-5g144-0000-000\/","title":{"rendered":"NVIDIA RTX PRO 6000 Blackwell Workstation Edition | 900-5G144-0000-000"},"content":{"rendered":"<h1><span dir=\"auto\">NVIDIA RTX PRO 6000 Blackwell \u0130\u015f \u0130stasyonu S\u00fcr\u00fcm\u00fc<\/span><\/h1>\n<p>NVIDIA RTX PRO\u2122 6000 Blackwell Workstation Edition, en g\u00fc\u00e7l\u00fc i\u015f istasyonu GPU&#8217;sudur ve profesyoneller i\u00e7in performans\u0131 yeniden tan\u0131mlar. E\u015fsiz yapay zeka g\u00fcc\u00fcyle, en geli\u015fmi\u015f yapay zeka modellerinin ve zorlu yarat\u0131c\u0131 i\u015f ak\u0131\u015flar\u0131n\u0131n \u00fcstesinden gelin. NVIDIA Blackwell mimarisi \u00fczerine kurulu ve 96 GB ultra h\u0131zl\u0131 GDDR7 bellekle donat\u0131lm\u0131\u015f bu ekran kart\u0131yla, benzersiz h\u0131z ve verimlilik parmaklar\u0131n\u0131z\u0131n ucunda.<\/p>\n<p>&nbsp;<\/p>\n<h3><span tabindex=\"0\" aria-expanded=\"true\"><span dir=\"auto\">\u00d6zellikler<\/span><\/span><\/h3>\n<div class=\"accordion-content\">\n<ul class=\"columns-2 productTools-features gray-bullets\">\n<li class=\"is-active\"><span aria-expanded=\"true\"><span dir=\"auto\">NVIDIA Blackwell Mimarisi<\/span><\/span><\/li>\n<li><span aria-expanded=\"false\"><span dir=\"auto\">ECC&#8217;li 96 GB GDDR7<\/span><\/span><\/li>\n<li><span aria-expanded=\"false\"><span dir=\"auto\">NVIDIA RTX PRO SYNC Uyumlu<\/span><\/span><\/li>\n<li><span aria-expanded=\"false\"><span dir=\"auto\">4 x Ekran Ba\u011flant\u0131 Noktas\u0131 2.1<\/span><\/span><\/li>\n<li><span aria-expanded=\"false\"><span dir=\"auto\">24.064 CUDA\u00a0<\/span><sup><span dir=\"auto\">\u00ae<\/span><\/sup><span dir=\"auto\">\u00a0\u00c7ekirde\u011fi<\/span><\/span><\/li>\n<li><span aria-expanded=\"false\"><span dir=\"auto\">Maksimum G\u00fc\u00e7 T\u00fcketimi 600 W<\/span><\/span><\/li>\n<li>\n<div class=\"row h-softSmEnds\">\n<div class=\"column med-10 productTools-specification\"><span dir=\"auto\">CUDA Paralel \u0130\u015flem \u00c7ekirdekleri <\/span><span dir=\"auto\">24.064<\/span><\/div>\n<div class=\"column med-10 productTools-specification\">NVIDIA Tensor \u00c7ekirdekleri 752<\/div>\n<\/div>\n<div class=\"row h-softSmEnds\">\n<div class=\"column med-10 productTools-specification\"><span dir=\"auto\">NVIDIA RT \u00c7ekirdekleri <\/span><span dir=\"auto\">188<\/span><\/div>\n<\/div>\n<div class=\"row h-softSmEnds\">\n<div class=\"column med-10 productTools-specification\"><span dir=\"auto\">GPU Belle\u011fi <\/span><span dir=\"auto\">ECC&#8217;li 96 GB GDDR7<\/span><\/div>\n<\/div>\n<div class=\"row h-softSmEnds\">\n<div class=\"column med-10 productTools-specification\"><span dir=\"auto\">Form Fakt\u00f6r\u00fc <\/span><span dir=\"auto\">5,4\u201d Y x 12\u201d U, XHFL \u00c7ift Yuva<\/span><\/div>\n<\/div>\n<\/li>\n<\/ul>\n<\/div>\n","protected":false},"excerpt":{"rendered":"<p>NVIDIA RTX PRO 6000 Blackwell \u0130\u015f \u0130stasyonu S\u00fcr\u00fcm\u00fc NVIDIA RTX PRO\u2122 6000 Blackwell Workstation Edition, en g\u00fc\u00e7l\u00fc i\u015f istasyonu GPU&#8217;sudur<\/p>\n","protected":false},"featured_media":10275,"template":"","meta":[],"product_brand":[342,341,338],"product_cat":[1736,1737],"product_tag":[3057,3050,3045,3051,3047,3060,3052,3059,3049,3055,3044,3046,3056,3048,3053,3054,3058,1827],"class_list":{"0":"post-10272","1":"product","2":"type-product","3":"status-publish","4":"has-post-thumbnail","6":"product_brand-nvidia-npn-partner-gtmteknoloji","7":"product_brand-pny-ekran-karti","8":"product_brand-supermicro-server-turkiye","9":"product_cat-ekran-karti","10":"product_cat-profesyonel-grafik-kartlari","11":"product_tag-24064-cuda-cekirdegi","12":"product_tag-96-gb-gddr7","13":"product_tag-96gb-iis-istasyonu-gpu","14":"product_tag-ai-is-istasyonu","15":"product_tag-blackwell-workstation-edition","16":"product_tag-dell-is-istasyonu","17":"product_tag-derin-ogrenme-karti","18":"product_tag-hp-is-istasyonu","19":"product_tag-is-istasyonu-ekran-karti","20":"product_tag-nvidia-blackwell-mimari","21":"product_tag-nvidia-pcie-nvidia-rtx-pro-6000-blackwell-workstation-edition","22":"product_tag-nvidia-rtx-pro-6000","23":"product_tag-pny-rtx-6000","24":"product_tag-profesyonel-gpu","25":"product_tag-ray-tracing-gpu","26":"product_tag-render-ekran-karti","27":"product_tag-supermicro-is-istasyonu","28":"product_tag-workstation","29":"pa_marka-pny","31":"first","32":"instock","33":"taxable","34":"shipping-taxable","35":"product-type-external"},"yoast_head":"<!-- This site is optimized with the Yoast SEO Premium plugin v27.4 (Yoast SEO v27.4) - https:\/\/yoast.com\/product\/yoast-seo-premium-wordpress\/ -->\n<title>Nvidia RTX Pro 6000 Blackwell Workstation ile G\u00fc\u00e7l\u00fc \u0130\u015f Ak\u0131\u015flar\u0131 - GTM Teknoloji<\/title>\n<meta name=\"description\" content=\"NVIDIA RTX Pro 6000 Blackwell Workstation ile 96 GB ultra h\u0131zl\u0131 bellek sayesinde profesyonel i\u015fler kolayla\u015f\u0131r. \u015eimdi sat\u0131n al\u0131n ve deneyimleyin! \ud83d\udcbb\" \/>\n<meta name=\"robots\" content=\"index, follow, max-snippet:-1, max-image-preview:large, max-video-preview:-1\" \/>\n<link rel=\"canonical\" href=\"https:\/\/gtmteknoloji.com\/b2b\/magaza\/ekran-karti\/profesyonel-grafik-kartlari\/nvidia-rtx-pro-6000-blackwell-workstation-edition-900-5g144-0000-000\/\" \/>\n<meta property=\"og:locale\" content=\"tr_TR\" \/>\n<meta property=\"og:type\" content=\"article\" \/>\n<meta property=\"og:title\" content=\"NVIDIA RTX PRO 6000 Blackwell Workstation Edition | 900-5G144-0000-000\" \/>\n<meta property=\"og:description\" content=\"NVIDIA RTX Pro 6000 Blackwell Workstation ile 96 GB ultra h\u0131zl\u0131 bellek sayesinde profesyonel i\u015fler kolayla\u015f\u0131r. \u015eimdi sat\u0131n al\u0131n ve deneyimleyin! \ud83d\udcbb\" \/>\n<meta property=\"og:url\" content=\"https:\/\/gtmteknoloji.com\/b2b\/magaza\/ekran-karti\/profesyonel-grafik-kartlari\/nvidia-rtx-pro-6000-blackwell-workstation-edition-900-5g144-0000-000\/\" \/>\n<meta property=\"og:site_name\" content=\"GTM Teknoloji\" \/>\n<meta property=\"article:publisher\" content=\"https:\/\/www.facebook.com\/SupermicroTurkiye\/?locale=tr_TR\" \/>\n<meta property=\"article:modified_time\" content=\"2026-04-16T20:15:22+00:00\" \/>\n<meta property=\"og:image\" content=\"https:\/\/gtmteknoloji.com\/b2b\/wp-content\/uploads\/2025\/11\/NVIDIA-RTX-PRO-6000-Blackwell-Workstation-Edition-gtm-teknoloji.png\" \/>\n\t<meta property=\"og:image:width\" content=\"800\" \/>\n\t<meta property=\"og:image:height\" content=\"800\" \/>\n\t<meta property=\"og:image:type\" content=\"image\/png\" \/>\n<meta name=\"twitter:card\" content=\"summary_large_image\" \/>\n<meta name=\"twitter:site\" content=\"@gtmteknoloji\" \/>\n<meta name=\"twitter:label1\" content=\"Fiyat\" \/>\n\t<meta name=\"twitter:data1\" content=\"&#036;9.990,00 + KDV\" \/>\n\t<meta name=\"twitter:label2\" content=\"Durumu\" \/>\n\t<meta name=\"twitter:data2\" content=\"Stokta var\" \/>\n<script type=\"application\/ld+json\" class=\"yoast-schema-graph\">{\"@context\":\"https:\\\/\\\/schema.org\",\"@graph\":[{\"@type\":\"WebPage\",\"@id\":\"https:\\\/\\\/gtmteknoloji.com\\\/b2b\\\/magaza\\\/ekran-karti\\\/profesyonel-grafik-kartlari\\\/nvidia-rtx-pro-6000-blackwell-workstation-edition-900-5g144-0000-000\\\/\",\"url\":\"https:\\\/\\\/gtmteknoloji.com\\\/b2b\\\/magaza\\\/ekran-karti\\\/profesyonel-grafik-kartlari\\\/nvidia-rtx-pro-6000-blackwell-workstation-edition-900-5g144-0000-000\\\/\",\"name\":\"Nvidia RTX Pro 6000 Blackwell Workstation ile G\u00fc\u00e7l\u00fc \u0130\u015f Ak\u0131\u015flar\u0131 - GTM Teknoloji\",\"isPartOf\":{\"@id\":\"https:\\\/\\\/gtmteknoloji.com\\\/b2b\\\/#website\"},\"primaryImageOfPage\":{\"@id\":\"https:\\\/\\\/gtmteknoloji.com\\\/b2b\\\/magaza\\\/ekran-karti\\\/profesyonel-grafik-kartlari\\\/nvidia-rtx-pro-6000-blackwell-workstation-edition-900-5g144-0000-000\\\/#primaryimage\"},\"image\":{\"@id\":\"https:\\\/\\\/gtmteknoloji.com\\\/b2b\\\/magaza\\\/ekran-karti\\\/profesyonel-grafik-kartlari\\\/nvidia-rtx-pro-6000-blackwell-workstation-edition-900-5g144-0000-000\\\/#primaryimage\"},\"thumbnailUrl\":\"https:\\\/\\\/gtmteknoloji.com\\\/b2b\\\/wp-content\\\/uploads\\\/2025\\\/11\\\/NVIDIA-RTX-PRO-6000-Blackwell-Workstation-Edition-gtm-teknoloji.png\",\"datePublished\":\"2025-11-13T11:21:41+00:00\",\"dateModified\":\"2026-04-16T20:15:22+00:00\",\"description\":\"NVIDIA RTX Pro 6000 Blackwell Workstation ile 96 GB ultra h\u0131zl\u0131 bellek sayesinde profesyonel i\u015fler kolayla\u015f\u0131r. \u015eimdi sat\u0131n al\u0131n ve deneyimleyin! \ud83d\udcbb\",\"breadcrumb\":{\"@id\":\"https:\\\/\\\/gtmteknoloji.com\\\/b2b\\\/magaza\\\/ekran-karti\\\/profesyonel-grafik-kartlari\\\/nvidia-rtx-pro-6000-blackwell-workstation-edition-900-5g144-0000-000\\\/#breadcrumb\"},\"inLanguage\":\"tr\",\"potentialAction\":[{\"@type\":\"ReadAction\",\"target\":[\"https:\\\/\\\/gtmteknoloji.com\\\/b2b\\\/magaza\\\/ekran-karti\\\/profesyonel-grafik-kartlari\\\/nvidia-rtx-pro-6000-blackwell-workstation-edition-900-5g144-0000-000\\\/\"]}]},{\"@type\":\"ImageObject\",\"inLanguage\":\"tr\",\"@id\":\"https:\\\/\\\/gtmteknoloji.com\\\/b2b\\\/magaza\\\/ekran-karti\\\/profesyonel-grafik-kartlari\\\/nvidia-rtx-pro-6000-blackwell-workstation-edition-900-5g144-0000-000\\\/#primaryimage\",\"url\":\"https:\\\/\\\/gtmteknoloji.com\\\/b2b\\\/wp-content\\\/uploads\\\/2025\\\/11\\\/NVIDIA-RTX-PRO-6000-Blackwell-Workstation-Edition-gtm-teknoloji.png\",\"contentUrl\":\"https:\\\/\\\/gtmteknoloji.com\\\/b2b\\\/wp-content\\\/uploads\\\/2025\\\/11\\\/NVIDIA-RTX-PRO-6000-Blackwell-Workstation-Edition-gtm-teknoloji.png\",\"width\":800,\"height\":800},{\"@type\":\"BreadcrumbList\",\"@id\":\"https:\\\/\\\/gtmteknoloji.com\\\/b2b\\\/magaza\\\/ekran-karti\\\/profesyonel-grafik-kartlari\\\/nvidia-rtx-pro-6000-blackwell-workstation-edition-900-5g144-0000-000\\\/#breadcrumb\",\"itemListElement\":[{\"@type\":\"ListItem\",\"position\":1,\"name\":\"Home\",\"item\":\"https:\\\/\\\/gtmteknoloji.com\\\/b2b\\\/\"},{\"@type\":\"ListItem\",\"position\":2,\"name\":\"Ma\u011faza\",\"item\":\"https:\\\/\\\/gtmteknoloji.com\\\/b2b\\\/magaza\\\/\"},{\"@type\":\"ListItem\",\"position\":3,\"name\":\"NVIDIA RTX PRO 6000 Blackwell Workstation Edition | 900-5G144-0000-000\"}]},{\"@type\":\"WebSite\",\"@id\":\"https:\\\/\\\/gtmteknoloji.com\\\/b2b\\\/#website\",\"url\":\"https:\\\/\\\/gtmteknoloji.com\\\/b2b\\\/\",\"name\":\"GTM Teknoloji\",\"description\":\"B2B Sat\u0131\u015f Portal\u0131\",\"publisher\":{\"@id\":\"https:\\\/\\\/gtmteknoloji.com\\\/b2b\\\/#organization\"},\"potentialAction\":[{\"@type\":\"SearchAction\",\"target\":{\"@type\":\"EntryPoint\",\"urlTemplate\":\"https:\\\/\\\/gtmteknoloji.com\\\/b2b\\\/?s={search_term_string}\"},\"query-input\":{\"@type\":\"PropertyValueSpecification\",\"valueRequired\":true,\"valueName\":\"search_term_string\"}}],\"inLanguage\":\"tr\"},{\"@type\":\"Organization\",\"@id\":\"https:\\\/\\\/gtmteknoloji.com\\\/b2b\\\/#organization\",\"name\":\"GTM Teknoloji\",\"url\":\"https:\\\/\\\/gtmteknoloji.com\\\/b2b\\\/\",\"logo\":{\"@type\":\"ImageObject\",\"inLanguage\":\"tr\",\"@id\":\"https:\\\/\\\/gtmteknoloji.com\\\/b2b\\\/#\\\/schema\\\/logo\\\/image\\\/\",\"url\":\"https:\\\/\\\/gtmteknoloji.com\\\/b2b\\\/wp-content\\\/uploads\\\/2020\\\/12\\\/GTM-logo.png\",\"contentUrl\":\"https:\\\/\\\/gtmteknoloji.com\\\/b2b\\\/wp-content\\\/uploads\\\/2020\\\/12\\\/GTM-logo.png\",\"width\":400,\"height\":400,\"caption\":\"GTM Teknoloji\"},\"image\":{\"@id\":\"https:\\\/\\\/gtmteknoloji.com\\\/b2b\\\/#\\\/schema\\\/logo\\\/image\\\/\"},\"sameAs\":[\"https:\\\/\\\/www.facebook.com\\\/SupermicroTurkiye\\\/?locale=tr_TR\",\"https:\\\/\\\/x.com\\\/gtmteknoloji\"]}]}<\/script>\n<meta property=\"product:brand\" content=\"PNY\" \/>\n<meta property=\"product:price:amount\" content=\"9990.00\" \/>\n<meta property=\"product:price:currency\" content=\"USD\" \/>\n<meta property=\"og:availability\" content=\"instock\" \/>\n<meta property=\"product:availability\" content=\"instock\" \/>\n<meta property=\"product:condition\" content=\"new\" \/>\n<!-- \/ Yoast SEO Premium plugin. -->","yoast_head_json":{"title":"Nvidia RTX Pro 6000 Blackwell Workstation ile G\u00fc\u00e7l\u00fc \u0130\u015f Ak\u0131\u015flar\u0131 - GTM Teknoloji","description":"NVIDIA RTX Pro 6000 Blackwell Workstation ile 96 GB ultra h\u0131zl\u0131 bellek sayesinde profesyonel i\u015fler kolayla\u015f\u0131r. \u015eimdi sat\u0131n al\u0131n ve deneyimleyin! \ud83d\udcbb","robots":{"index":"index","follow":"follow","max-snippet":"max-snippet:-1","max-image-preview":"max-image-preview:large","max-video-preview":"max-video-preview:-1"},"canonical":"https:\/\/gtmteknoloji.com\/b2b\/magaza\/ekran-karti\/profesyonel-grafik-kartlari\/nvidia-rtx-pro-6000-blackwell-workstation-edition-900-5g144-0000-000\/","og_locale":"tr_TR","og_type":"article","og_title":"NVIDIA RTX PRO 6000 Blackwell Workstation Edition | 900-5G144-0000-000","og_description":"NVIDIA RTX Pro 6000 Blackwell Workstation ile 96 GB ultra h\u0131zl\u0131 bellek sayesinde profesyonel i\u015fler kolayla\u015f\u0131r. \u015eimdi sat\u0131n al\u0131n ve deneyimleyin! \ud83d\udcbb","og_url":"https:\/\/gtmteknoloji.com\/b2b\/magaza\/ekran-karti\/profesyonel-grafik-kartlari\/nvidia-rtx-pro-6000-blackwell-workstation-edition-900-5g144-0000-000\/","og_site_name":"GTM Teknoloji","article_publisher":"https:\/\/www.facebook.com\/SupermicroTurkiye\/?locale=tr_TR","article_modified_time":"2026-04-16T20:15:22+00:00","og_image":[{"width":800,"height":800,"url":"https:\/\/gtmteknoloji.com\/b2b\/wp-content\/uploads\/2025\/11\/NVIDIA-RTX-PRO-6000-Blackwell-Workstation-Edition-gtm-teknoloji.png","type":"image\/png"}],"twitter_card":"summary_large_image","twitter_site":"@gtmteknoloji","twitter_misc":{"Fiyat":"&#36;9.990,00 + KDV","Durumu":"Stokta var"},"schema":{"@context":"https:\/\/schema.org","@graph":[{"@type":"WebPage","@id":"https:\/\/gtmteknoloji.com\/b2b\/magaza\/ekran-karti\/profesyonel-grafik-kartlari\/nvidia-rtx-pro-6000-blackwell-workstation-edition-900-5g144-0000-000\/","url":"https:\/\/gtmteknoloji.com\/b2b\/magaza\/ekran-karti\/profesyonel-grafik-kartlari\/nvidia-rtx-pro-6000-blackwell-workstation-edition-900-5g144-0000-000\/","name":"Nvidia RTX Pro 6000 Blackwell Workstation ile G\u00fc\u00e7l\u00fc \u0130\u015f Ak\u0131\u015flar\u0131 - GTM Teknoloji","isPartOf":{"@id":"https:\/\/gtmteknoloji.com\/b2b\/#website"},"primaryImageOfPage":{"@id":"https:\/\/gtmteknoloji.com\/b2b\/magaza\/ekran-karti\/profesyonel-grafik-kartlari\/nvidia-rtx-pro-6000-blackwell-workstation-edition-900-5g144-0000-000\/#primaryimage"},"image":{"@id":"https:\/\/gtmteknoloji.com\/b2b\/magaza\/ekran-karti\/profesyonel-grafik-kartlari\/nvidia-rtx-pro-6000-blackwell-workstation-edition-900-5g144-0000-000\/#primaryimage"},"thumbnailUrl":"https:\/\/gtmteknoloji.com\/b2b\/wp-content\/uploads\/2025\/11\/NVIDIA-RTX-PRO-6000-Blackwell-Workstation-Edition-gtm-teknoloji.png","datePublished":"2025-11-13T11:21:41+00:00","dateModified":"2026-04-16T20:15:22+00:00","description":"NVIDIA RTX Pro 6000 Blackwell Workstation ile 96 GB ultra h\u0131zl\u0131 bellek sayesinde profesyonel i\u015fler kolayla\u015f\u0131r. \u015eimdi sat\u0131n al\u0131n ve deneyimleyin! \ud83d\udcbb","breadcrumb":{"@id":"https:\/\/gtmteknoloji.com\/b2b\/magaza\/ekran-karti\/profesyonel-grafik-kartlari\/nvidia-rtx-pro-6000-blackwell-workstation-edition-900-5g144-0000-000\/#breadcrumb"},"inLanguage":"tr","potentialAction":[{"@type":"ReadAction","target":["https:\/\/gtmteknoloji.com\/b2b\/magaza\/ekran-karti\/profesyonel-grafik-kartlari\/nvidia-rtx-pro-6000-blackwell-workstation-edition-900-5g144-0000-000\/"]}]},{"@type":"ImageObject","inLanguage":"tr","@id":"https:\/\/gtmteknoloji.com\/b2b\/magaza\/ekran-karti\/profesyonel-grafik-kartlari\/nvidia-rtx-pro-6000-blackwell-workstation-edition-900-5g144-0000-000\/#primaryimage","url":"https:\/\/gtmteknoloji.com\/b2b\/wp-content\/uploads\/2025\/11\/NVIDIA-RTX-PRO-6000-Blackwell-Workstation-Edition-gtm-teknoloji.png","contentUrl":"https:\/\/gtmteknoloji.com\/b2b\/wp-content\/uploads\/2025\/11\/NVIDIA-RTX-PRO-6000-Blackwell-Workstation-Edition-gtm-teknoloji.png","width":800,"height":800},{"@type":"BreadcrumbList","@id":"https:\/\/gtmteknoloji.com\/b2b\/magaza\/ekran-karti\/profesyonel-grafik-kartlari\/nvidia-rtx-pro-6000-blackwell-workstation-edition-900-5g144-0000-000\/#breadcrumb","itemListElement":[{"@type":"ListItem","position":1,"name":"Home","item":"https:\/\/gtmteknoloji.com\/b2b\/"},{"@type":"ListItem","position":2,"name":"Ma\u011faza","item":"https:\/\/gtmteknoloji.com\/b2b\/magaza\/"},{"@type":"ListItem","position":3,"name":"NVIDIA RTX PRO 6000 Blackwell Workstation Edition | 900-5G144-0000-000"}]},{"@type":"WebSite","@id":"https:\/\/gtmteknoloji.com\/b2b\/#website","url":"https:\/\/gtmteknoloji.com\/b2b\/","name":"GTM Teknoloji","description":"B2B Sat\u0131\u015f Portal\u0131","publisher":{"@id":"https:\/\/gtmteknoloji.com\/b2b\/#organization"},"potentialAction":[{"@type":"SearchAction","target":{"@type":"EntryPoint","urlTemplate":"https:\/\/gtmteknoloji.com\/b2b\/?s={search_term_string}"},"query-input":{"@type":"PropertyValueSpecification","valueRequired":true,"valueName":"search_term_string"}}],"inLanguage":"tr"},{"@type":"Organization","@id":"https:\/\/gtmteknoloji.com\/b2b\/#organization","name":"GTM Teknoloji","url":"https:\/\/gtmteknoloji.com\/b2b\/","logo":{"@type":"ImageObject","inLanguage":"tr","@id":"https:\/\/gtmteknoloji.com\/b2b\/#\/schema\/logo\/image\/","url":"https:\/\/gtmteknoloji.com\/b2b\/wp-content\/uploads\/2020\/12\/GTM-logo.png","contentUrl":"https:\/\/gtmteknoloji.com\/b2b\/wp-content\/uploads\/2020\/12\/GTM-logo.png","width":400,"height":400,"caption":"GTM Teknoloji"},"image":{"@id":"https:\/\/gtmteknoloji.com\/b2b\/#\/schema\/logo\/image\/"},"sameAs":["https:\/\/www.facebook.com\/SupermicroTurkiye\/?locale=tr_TR","https:\/\/x.com\/gtmteknoloji"]}]},"product_brand":"PNY","product_price_amount":"9990.00","product_price_currency":"USD","og_availability":"instock","product_availability":"instock","product_condition":"new"},"_links":{"self":[{"href":"https:\/\/gtmteknoloji.com\/b2b\/wp-json\/wp\/v2\/product\/10272","targetHints":{"allow":["GET"]}}],"collection":[{"href":"https:\/\/gtmteknoloji.com\/b2b\/wp-json\/wp\/v2\/product"}],"about":[{"href":"https:\/\/gtmteknoloji.com\/b2b\/wp-json\/wp\/v2\/types\/product"}],"version-history":[{"count":1,"href":"https:\/\/gtmteknoloji.com\/b2b\/wp-json\/wp\/v2\/product\/10272\/revisions"}],"predecessor-version":[{"id":10277,"href":"https:\/\/gtmteknoloji.com\/b2b\/wp-json\/wp\/v2\/product\/10272\/revisions\/10277"}],"wp:featuredmedia":[{"embeddable":true,"href":"https:\/\/gtmteknoloji.com\/b2b\/wp-json\/wp\/v2\/media\/10275"}],"wp:attachment":[{"href":"https:\/\/gtmteknoloji.com\/b2b\/wp-json\/wp\/v2\/media?parent=10272"}],"wp:term":[{"taxonomy":"product_brand","embeddable":true,"href":"https:\/\/gtmteknoloji.com\/b2b\/wp-json\/wp\/v2\/product_brand?post=10272"},{"taxonomy":"product_cat","embeddable":true,"href":"https:\/\/gtmteknoloji.com\/b2b\/wp-json\/wp\/v2\/product_cat?post=10272"},{"taxonomy":"product_tag","embeddable":true,"href":"https:\/\/gtmteknoloji.com\/b2b\/wp-json\/wp\/v2\/product_tag?post=10272"}],"curies":[{"name":"wp","href":"https:\/\/api.w.org\/{rel}","templated":true}]}}