{"id":10290,"date":"2025-11-13T15:46:42","date_gmt":"2025-11-13T12:46:42","guid":{"rendered":"https:\/\/gtmteknoloji.com\/b2b\/?post_type=product&#038;p=10290"},"modified":"2025-11-29T03:04:40","modified_gmt":"2025-11-29T00:04:40","slug":"nvidia-rtx-pro-5000-blackwell-pcie-5-48gb-900-5g153-0050-000","status":"publish","type":"product","link":"https:\/\/gtmteknoloji.com\/b2b\/magaza\/ekran-karti\/profesyonel-grafik-kartlari\/nvidia-rtx-pro-5000-blackwell-pcie-5-48gb-900-5g153-0050-000\/","title":{"rendered":"NVIDIA RTX PRO 5000 Blackwell PCIe 5 48GB | 900-5G153-0050-000"},"content":{"rendered":"\t\t<div data-elementor-type=\"wp-post\" data-elementor-id=\"10290\" class=\"elementor elementor-10290\" data-elementor-post-type=\"product\">\n\t\t\t\t\t\t<section class=\"wd-negative-gap elementor-section elementor-top-section elementor-element elementor-element-ce44550 elementor-section-boxed elementor-section-height-default elementor-section-height-default\" data-id=\"ce44550\" data-element_type=\"section\" data-e-type=\"section\">\n\t\t\t\t\t\t<div class=\"elementor-container elementor-column-gap-default\">\n\t\t\t\t\t<div class=\"elementor-column elementor-col-16 elementor-top-column elementor-element elementor-element-2e12820\" data-id=\"2e12820\" data-element_type=\"column\" data-e-type=\"column\">\n\t\t\t<div class=\"elementor-widget-wrap\">\n\t\t\t\t\t\t\t<\/div>\n\t\t<\/div>\n\t\t\t\t<div class=\"elementor-column elementor-col-66 elementor-top-column elementor-element elementor-element-28f16e6\" data-id=\"28f16e6\" data-element_type=\"column\" data-e-type=\"column\">\n\t\t\t<div class=\"elementor-widget-wrap elementor-element-populated\">\n\t\t\t\t\t\t<div class=\"elementor-element elementor-element-b1d5beb elementor-widget elementor-widget-heading\" data-id=\"b1d5beb\" data-element_type=\"widget\" data-e-type=\"widget\" data-widget_type=\"heading.default\">\n\t\t\t\t<div class=\"elementor-widget-container\">\n\t\t\t\t\t<h2 class=\"elementor-heading-title elementor-size-default\">NVIDIA RTX PRO 5000 Blackwell GPU<\/h2>\t\t\t\t<\/div>\n\t\t\t\t<\/div>\n\t\t\t\t<div class=\"elementor-element elementor-element-c6b3143 elementor-widget elementor-widget-wd_text_block\" data-id=\"c6b3143\" data-element_type=\"widget\" data-e-type=\"widget\" data-widget_type=\"wd_text_block.default\">\n\t\t\t\t<div class=\"elementor-widget-container\">\n\t\t\t\t\t\t\t<div class=\"wd-text-block reset-last-child text-left\">\n\t\t\t\n\t\t\t<p>NVIDIA RTX PRO\u2122 5000 Blackwell Generation ile profesyonel i\u015f ak\u0131\u015flar\u0131n\u0131z\u0131 bir \u00fcst seviyeye ta\u015f\u0131y\u0131n. En yeni NVIDIA mimarisi ve 48 GB h\u0131zl\u0131 GDDR7 bellek ile donat\u0131lan bu GPU, ola\u011fan\u00fcst\u00fc performans, grafik ve yapay zeka yetenekleri sunarak en iyisini talep eden profesyoneller i\u00e7in m\u00fckemmel bir tercihtir. NVIDIA'n\u0131n yapay zeka destekli teknolojileriyle profesyoneller, i\u015f ak\u0131\u015flar\u0131n\u0131 h\u0131zland\u0131rabilir, karma\u015f\u0131k projeleri hayata ge\u00e7irebilir ve \u00e7arp\u0131c\u0131 sonu\u00e7lar elde edebilirken, ayn\u0131 zamanda kusursuz \u00e7oklu g\u00f6rev ve geli\u015fmi\u015f i\u015f birli\u011finin keyfini \u00e7\u0131karabilirler.<\/p>\n\t\t\t\t\t<\/div>\n\t\t\t\t\t\t<\/div>\n\t\t\t\t<\/div>\n\t\t\t\t\t<\/div>\n\t\t<\/div>\n\t\t\t\t<div class=\"elementor-column elementor-col-16 elementor-top-column elementor-element elementor-element-415e68e\" data-id=\"415e68e\" data-element_type=\"column\" data-e-type=\"column\">\n\t\t\t<div class=\"elementor-widget-wrap\">\n\t\t\t\t\t\t\t<\/div>\n\t\t<\/div>\n\t\t\t\t\t<\/div>\n\t\t<\/section>\n\t\t\t\t<section class=\"wd-negative-gap elementor-section elementor-top-section elementor-element elementor-element-d788d31 elementor-section-boxed elementor-section-height-default elementor-section-height-default\" data-id=\"d788d31\" data-element_type=\"section\" data-e-type=\"section\">\n\t\t\t\t\t\t<div class=\"elementor-container elementor-column-gap-default\">\n\t\t\t\t\t<div class=\"elementor-column elementor-col-16 elementor-top-column elementor-element elementor-element-573d708\" data-id=\"573d708\" data-element_type=\"column\" data-e-type=\"column\">\n\t\t\t<div class=\"elementor-widget-wrap\">\n\t\t\t\t\t\t\t<\/div>\n\t\t<\/div>\n\t\t\t\t<div class=\"elementor-column elementor-col-66 elementor-top-column elementor-element elementor-element-346d8a3\" data-id=\"346d8a3\" data-element_type=\"column\" data-e-type=\"column\">\n\t\t\t<div class=\"elementor-widget-wrap elementor-element-populated\">\n\t\t\t\t\t\t<div class=\"elementor-element elementor-element-919cfbd elementor-widget elementor-widget-wd_text_block\" data-id=\"919cfbd\" data-element_type=\"widget\" data-e-type=\"widget\" data-widget_type=\"wd_text_block.default\">\n\t\t\t\t<div class=\"elementor-widget-container\">\n\t\t\t\t\t\t\t<div class=\"wd-text-block reset-last-child text-left\">\n\t\t\t\n\t\t\t<p><span tabindex=\"0\" aria-expanded=\"true\"><span dir=\"auto\"><b>\u00d6zellikler<\/b><\/span><\/span><\/p><div class=\"accordion-content\"><ul class=\"columns-2 productTools-features gray-bullets\"><li class=\"is-active\"><span aria-expanded=\"true\"><span dir=\"auto\">NVIDIA Blackwell Mimarisi<\/span><\/span><\/li><li><span aria-expanded=\"false\"><span dir=\"auto\">ECC'li 48 GB GDDR7<\/span><\/span><\/li><li><span aria-expanded=\"false\"><span dir=\"auto\">NVIDIA RTX PRO SYNC Uyumlu<\/span><\/span><\/li><li><span aria-expanded=\"false\"><span dir=\"auto\">4 x Ekran Ba\u011flant\u0131 Noktas\u0131 2.1<\/span><\/span><\/li><li><span aria-expanded=\"false\"><span dir=\"auto\">14.080 CUDA\u00a0<\/span><sup><span dir=\"auto\">\u00ae<\/span><\/sup><span dir=\"auto\">\u00a0\u00c7ekirdek<\/span><\/span><\/li><li><span aria-expanded=\"false\"><span dir=\"auto\">Maksimum G\u00fc\u00e7 T\u00fcketimi 300 W<\/span><\/span><\/li><\/ul><\/div>\n\t\t\t\t\t<\/div>\n\t\t\t\t\t\t<\/div>\n\t\t\t\t<\/div>\n\t\t\t\t\t<\/div>\n\t\t<\/div>\n\t\t\t\t<div class=\"elementor-column elementor-col-16 elementor-top-column elementor-element elementor-element-777d0bf\" data-id=\"777d0bf\" data-element_type=\"column\" data-e-type=\"column\">\n\t\t\t<div class=\"elementor-widget-wrap\">\n\t\t\t\t\t\t\t<\/div>\n\t\t<\/div>\n\t\t\t\t\t<\/div>\n\t\t<\/section>\n\t\t\t\t<section class=\"wd-negative-gap elementor-section elementor-top-section elementor-element elementor-element-02ae255 elementor-section-boxed elementor-section-height-default elementor-section-height-default\" data-id=\"02ae255\" data-element_type=\"section\" data-e-type=\"section\" data-settings=\"{&quot;background_background&quot;:&quot;gradient&quot;}\">\n\t\t\t\t\t\t<div class=\"elementor-container elementor-column-gap-default\">\n\t\t\t\t\t<div class=\"elementor-column elementor-col-50 elementor-top-column elementor-element elementor-element-dc629b2\" data-id=\"dc629b2\" data-element_type=\"column\" data-e-type=\"column\">\n\t\t\t<div class=\"elementor-widget-wrap elementor-element-populated\">\n\t\t\t\t\t\t<div class=\"elementor-element elementor-element-d57cc32 elementor-widget__width-initial elementor-absolute elementor-widget elementor-widget-heading\" data-id=\"d57cc32\" data-element_type=\"widget\" data-e-type=\"widget\" data-settings=\"{&quot;_position&quot;:&quot;absolute&quot;}\" data-widget_type=\"heading.default\">\n\t\t\t\t<div class=\"elementor-widget-container\">\n\t\t\t\t\t<h1 class=\"elementor-heading-title elementor-size-default\">NVIDIA RTX PRO 5000 BLACKWELL GPU<\/h1>\t\t\t\t<\/div>\n\t\t\t\t<\/div>\n\t\t\t\t\t<\/div>\n\t\t<\/div>\n\t\t\t\t<div class=\"elementor-column elementor-col-50 elementor-top-column elementor-element elementor-element-66ed377\" data-id=\"66ed377\" data-element_type=\"column\" data-e-type=\"column\">\n\t\t\t<div class=\"elementor-widget-wrap elementor-element-populated\">\n\t\t\t\t\t\t<div class=\"elementor-element elementor-element-270f6ca elementor-widget__width-initial elementor-widget elementor-widget-wd_image_or_svg\" data-id=\"270f6ca\" data-element_type=\"widget\" data-e-type=\"widget\" data-widget_type=\"wd_image_or_svg.default\">\n\t\t\t\t<div class=\"elementor-widget-container\">\n\t\t\t\t\t\n\t\t<div class=\"wd-image text-left photoswipe-images\">\n\t\t\t\t\t\t\t<a  href=\"https:\/\/gtmteknoloji.com\/b2b\/wp-content\/uploads\/2025\/11\/RTX5000-PRO-gtm-teknoloji.png\"data-width=\"800\" data-height=\"800\" data-elementor-open-lightbox=\"no\" aria-label=\"Image link\">\n\t\t\t\t\t\t\t\t<img fetchpriority=\"high\" decoding=\"async\" width=\"800\" height=\"800\" src=\"https:\/\/gtmteknoloji.com\/b2b\/wp-content\/uploads\/2025\/11\/RTX5000-PRO-gtm-teknoloji.png\" class=\"attachment-full size-full\" alt=\"\" srcset=\"https:\/\/gtmteknoloji.com\/b2b\/wp-content\/uploads\/2025\/11\/RTX5000-PRO-gtm-teknoloji.png 800w, https:\/\/gtmteknoloji.com\/b2b\/wp-content\/uploads\/2025\/11\/RTX5000-PRO-gtm-teknoloji-150x150.png 150w, https:\/\/gtmteknoloji.com\/b2b\/wp-content\/uploads\/2025\/11\/RTX5000-PRO-gtm-teknoloji-300x300.png 300w, https:\/\/gtmteknoloji.com\/b2b\/wp-content\/uploads\/2025\/11\/RTX5000-PRO-gtm-teknoloji-768x768.png 768w, https:\/\/gtmteknoloji.com\/b2b\/wp-content\/uploads\/2025\/11\/RTX5000-PRO-gtm-teknoloji-600x600.png 600w\" sizes=\"(max-width: 800px) 100vw, 800px\" \/>\t\t\t\t\t\t\t<\/a>\n\t\t\t\t\t<\/div>\n\n\t\t\t\t\t\t<\/div>\n\t\t\t\t<\/div>\n\t\t\t\t\t<\/div>\n\t\t<\/div>\n\t\t\t\t\t<\/div>\n\t\t<\/section>\n\t\t\t\t<\/div>\n\t\t","protected":false},"excerpt":{"rendered":"<p>NVIDIA RTX PRO 5000 Blackwell GPU &nbsp; NVIDIA RTX PRO\u2122 5000 Blackwell Generation ile profesyonel i\u015f ak\u0131\u015flar\u0131n\u0131z\u0131 bir \u00fcst seviyeye<\/p>\n","protected":false},"featured_media":10295,"template":"","meta":[],"product_brand":[342,341],"product_cat":[1736,1737],"product_tag":[3064,3065,3062,3067,3060,3068,3073,3049,3071,3061,3069,3063,3066,3072,3070],"class_list":{"0":"post-10290","1":"product","2":"type-product","3":"status-publish","4":"has-post-thumbnail","6":"product_brand-nvidia","7":"product_brand-pny","8":"product_cat-ekran-karti","9":"product_cat-profesyonel-grafik-kartlari","10":"product_tag-48-gb-gddr7","11":"product_tag-ai-hizlandirma","12":"product_tag-blackwell-gpu","13":"product_tag-cuda-cekirdekleri","14":"product_tag-dell-is-istasyonu","15":"product_tag-displayport-2-1","16":"product_tag-hp-workstation","17":"product_tag-is-istasyonu-ekran-karti","18":"product_tag-muhendislik-is-akisi","19":"product_tag-nvidia-rtx-pro-5000","20":"product_tag-pny-rtx-pro","21":"product_tag-profesyonel-grafik-karti","22":"product_tag-render-karti","23":"product_tag-supermicro-is-istasyonu-gpu","24":"product_tag-tasarimci-gpu","26":"first","27":"instock","28":"taxable","29":"shipping-taxable","30":"product-type-external"},"yoast_head":"<!-- This site is optimized with the Yoast SEO Premium plugin v26.8 (Yoast SEO v26.8) - https:\/\/yoast.com\/product\/yoast-seo-premium-wordpress\/ -->\n<title>RTX Pro 5000 Blackwell: Yapay Zeka ve Grafik G\u00fcc\u00fc - GTM Teknoloji<\/title>\n<meta name=\"description\" content=\"NVIDIA RTX Pro 5000 Blackwell, en iyisini talep eden profesyoneller i\u00e7in tasarland\u0131! Y\u00fcksek grafik performans\u0131 ile projelerinizi ileri ta\u015f\u0131y\u0131n. \ud83d\udcbb\" \/>\n<meta name=\"robots\" content=\"index, follow, max-snippet:-1, max-image-preview:large, max-video-preview:-1\" \/>\n<link rel=\"canonical\" href=\"https:\/\/gtmteknoloji.com\/b2b\/magaza\/ekran-karti\/profesyonel-grafik-kartlari\/nvidia-rtx-pro-5000-blackwell-pcie-5-48gb-900-5g153-0050-000\/\" \/>\n<meta property=\"og:locale\" content=\"tr_TR\" \/>\n<meta property=\"og:type\" content=\"article\" \/>\n<meta property=\"og:title\" content=\"NVIDIA RTX PRO 5000 Blackwell PCIe 5 48GB | 900-5G153-0050-000\" \/>\n<meta property=\"og:description\" content=\"NVIDIA RTX Pro 5000 Blackwell, en iyisini talep eden profesyoneller i\u00e7in tasarland\u0131! Y\u00fcksek grafik performans\u0131 ile projelerinizi ileri ta\u015f\u0131y\u0131n. \ud83d\udcbb\" \/>\n<meta property=\"og:url\" content=\"https:\/\/gtmteknoloji.com\/b2b\/magaza\/ekran-karti\/profesyonel-grafik-kartlari\/nvidia-rtx-pro-5000-blackwell-pcie-5-48gb-900-5g153-0050-000\/\" \/>\n<meta property=\"og:site_name\" content=\"GTM Teknoloji\" \/>\n<meta property=\"article:publisher\" content=\"https:\/\/www.facebook.com\/SupermicroTurkiye\/?locale=tr_TR\" \/>\n<meta property=\"article:modified_time\" content=\"2025-11-29T00:04:40+00:00\" \/>\n<meta property=\"og:image\" content=\"https:\/\/gtmteknoloji.com\/b2b\/wp-content\/uploads\/2025\/11\/RTX5000-PRO-gtm-teknoloji.png\" \/>\n\t<meta property=\"og:image:width\" content=\"800\" \/>\n\t<meta property=\"og:image:height\" content=\"800\" \/>\n\t<meta property=\"og:image:type\" content=\"image\/png\" \/>\n<meta name=\"twitter:card\" content=\"summary_large_image\" \/>\n<meta name=\"twitter:site\" content=\"@gtmteknoloji\" \/>\n<meta name=\"twitter:label1\" content=\"Fiyat\" \/>\n\t<meta name=\"twitter:data1\" content=\"&#036;5.350,00 + KDV\" \/>\n\t<meta name=\"twitter:label2\" content=\"Durumu\" \/>\n\t<meta name=\"twitter:data2\" content=\"Stokta var\" \/>\n<script type=\"application\/ld+json\" class=\"yoast-schema-graph\">{\"@context\":\"https:\/\/schema.org\",\"@graph\":[{\"@type\":\"WebPage\",\"@id\":\"https:\/\/gtmteknoloji.com\/b2b\/magaza\/ekran-karti\/profesyonel-grafik-kartlari\/nvidia-rtx-pro-5000-blackwell-pcie-5-48gb-900-5g153-0050-000\/\",\"url\":\"https:\/\/gtmteknoloji.com\/b2b\/magaza\/ekran-karti\/profesyonel-grafik-kartlari\/nvidia-rtx-pro-5000-blackwell-pcie-5-48gb-900-5g153-0050-000\/\",\"name\":\"RTX Pro 5000 Blackwell: Yapay Zeka ve Grafik G\u00fcc\u00fc - GTM Teknoloji\",\"isPartOf\":{\"@id\":\"https:\/\/gtmteknoloji.com\/b2b\/#website\"},\"primaryImageOfPage\":{\"@id\":\"https:\/\/gtmteknoloji.com\/b2b\/magaza\/ekran-karti\/profesyonel-grafik-kartlari\/nvidia-rtx-pro-5000-blackwell-pcie-5-48gb-900-5g153-0050-000\/#primaryimage\"},\"image\":{\"@id\":\"https:\/\/gtmteknoloji.com\/b2b\/magaza\/ekran-karti\/profesyonel-grafik-kartlari\/nvidia-rtx-pro-5000-blackwell-pcie-5-48gb-900-5g153-0050-000\/#primaryimage\"},\"thumbnailUrl\":\"https:\/\/gtmteknoloji.com\/b2b\/wp-content\/uploads\/2025\/11\/RTX5000-PRO-gtm-teknoloji.png\",\"datePublished\":\"2025-11-13T12:46:42+00:00\",\"dateModified\":\"2025-11-29T00:04:40+00:00\",\"description\":\"NVIDIA RTX Pro 5000 Blackwell, en iyisini talep eden profesyoneller i\u00e7in tasarland\u0131! Y\u00fcksek grafik performans\u0131 ile projelerinizi ileri ta\u015f\u0131y\u0131n. \ud83d\udcbb\",\"breadcrumb\":{\"@id\":\"https:\/\/gtmteknoloji.com\/b2b\/magaza\/ekran-karti\/profesyonel-grafik-kartlari\/nvidia-rtx-pro-5000-blackwell-pcie-5-48gb-900-5g153-0050-000\/#breadcrumb\"},\"inLanguage\":\"tr\",\"potentialAction\":[{\"@type\":\"ReadAction\",\"target\":[\"https:\/\/gtmteknoloji.com\/b2b\/magaza\/ekran-karti\/profesyonel-grafik-kartlari\/nvidia-rtx-pro-5000-blackwell-pcie-5-48gb-900-5g153-0050-000\/\"]}]},{\"@type\":\"ImageObject\",\"inLanguage\":\"tr\",\"@id\":\"https:\/\/gtmteknoloji.com\/b2b\/magaza\/ekran-karti\/profesyonel-grafik-kartlari\/nvidia-rtx-pro-5000-blackwell-pcie-5-48gb-900-5g153-0050-000\/#primaryimage\",\"url\":\"https:\/\/gtmteknoloji.com\/b2b\/wp-content\/uploads\/2025\/11\/RTX5000-PRO-gtm-teknoloji.png\",\"contentUrl\":\"https:\/\/gtmteknoloji.com\/b2b\/wp-content\/uploads\/2025\/11\/RTX5000-PRO-gtm-teknoloji.png\",\"width\":800,\"height\":800},{\"@type\":\"BreadcrumbList\",\"@id\":\"https:\/\/gtmteknoloji.com\/b2b\/magaza\/ekran-karti\/profesyonel-grafik-kartlari\/nvidia-rtx-pro-5000-blackwell-pcie-5-48gb-900-5g153-0050-000\/#breadcrumb\",\"itemListElement\":[{\"@type\":\"ListItem\",\"position\":1,\"name\":\"Home\",\"item\":\"https:\/\/gtmteknoloji.com\/b2b\/\"},{\"@type\":\"ListItem\",\"position\":2,\"name\":\"Ma\u011faza\",\"item\":\"https:\/\/gtmteknoloji.com\/b2b\/magaza\/\"},{\"@type\":\"ListItem\",\"position\":3,\"name\":\"NVIDIA RTX PRO 5000 Blackwell PCIe 5 48GB | 900-5G153-0050-000\"}]},{\"@type\":\"WebSite\",\"@id\":\"https:\/\/gtmteknoloji.com\/b2b\/#website\",\"url\":\"https:\/\/gtmteknoloji.com\/b2b\/\",\"name\":\"GTM Teknoloji\",\"description\":\"B2B Sat\u0131\u015f Portal\u0131\",\"publisher\":{\"@id\":\"https:\/\/gtmteknoloji.com\/b2b\/#organization\"},\"potentialAction\":[{\"@type\":\"SearchAction\",\"target\":{\"@type\":\"EntryPoint\",\"urlTemplate\":\"https:\/\/gtmteknoloji.com\/b2b\/?s={search_term_string}\"},\"query-input\":{\"@type\":\"PropertyValueSpecification\",\"valueRequired\":true,\"valueName\":\"search_term_string\"}}],\"inLanguage\":\"tr\"},{\"@type\":\"Organization\",\"@id\":\"https:\/\/gtmteknoloji.com\/b2b\/#organization\",\"name\":\"GTM Teknoloji\",\"url\":\"https:\/\/gtmteknoloji.com\/b2b\/\",\"logo\":{\"@type\":\"ImageObject\",\"inLanguage\":\"tr\",\"@id\":\"https:\/\/gtmteknoloji.com\/b2b\/#\/schema\/logo\/image\/\",\"url\":\"https:\/\/gtmteknoloji.com\/b2b\/wp-content\/uploads\/2020\/12\/GTM-logo.png\",\"contentUrl\":\"https:\/\/gtmteknoloji.com\/b2b\/wp-content\/uploads\/2020\/12\/GTM-logo.png\",\"width\":400,\"height\":400,\"caption\":\"GTM Teknoloji\"},\"image\":{\"@id\":\"https:\/\/gtmteknoloji.com\/b2b\/#\/schema\/logo\/image\/\"},\"sameAs\":[\"https:\/\/www.facebook.com\/SupermicroTurkiye\/?locale=tr_TR\",\"https:\/\/x.com\/gtmteknoloji\"]}]}<\/script>\n<meta property=\"product:brand\" content=\"PNY\" \/>\n<meta property=\"product:price:amount\" content=\"5350.00\" \/>\n<meta property=\"product:price:currency\" content=\"USD\" \/>\n<meta property=\"og:availability\" content=\"instock\" \/>\n<meta property=\"product:availability\" content=\"instock\" \/>\n<meta property=\"product:condition\" content=\"new\" \/>\n<!-- \/ Yoast SEO Premium plugin. -->","yoast_head_json":{"title":"RTX Pro 5000 Blackwell: Yapay Zeka ve Grafik G\u00fcc\u00fc - GTM Teknoloji","description":"NVIDIA RTX Pro 5000 Blackwell, en iyisini talep eden profesyoneller i\u00e7in tasarland\u0131! Y\u00fcksek grafik performans\u0131 ile projelerinizi ileri ta\u015f\u0131y\u0131n. \ud83d\udcbb","robots":{"index":"index","follow":"follow","max-snippet":"max-snippet:-1","max-image-preview":"max-image-preview:large","max-video-preview":"max-video-preview:-1"},"canonical":"https:\/\/gtmteknoloji.com\/b2b\/magaza\/ekran-karti\/profesyonel-grafik-kartlari\/nvidia-rtx-pro-5000-blackwell-pcie-5-48gb-900-5g153-0050-000\/","og_locale":"tr_TR","og_type":"article","og_title":"NVIDIA RTX PRO 5000 Blackwell PCIe 5 48GB | 900-5G153-0050-000","og_description":"NVIDIA RTX Pro 5000 Blackwell, en iyisini talep eden profesyoneller i\u00e7in tasarland\u0131! Y\u00fcksek grafik performans\u0131 ile projelerinizi ileri ta\u015f\u0131y\u0131n. \ud83d\udcbb","og_url":"https:\/\/gtmteknoloji.com\/b2b\/magaza\/ekran-karti\/profesyonel-grafik-kartlari\/nvidia-rtx-pro-5000-blackwell-pcie-5-48gb-900-5g153-0050-000\/","og_site_name":"GTM Teknoloji","article_publisher":"https:\/\/www.facebook.com\/SupermicroTurkiye\/?locale=tr_TR","article_modified_time":"2025-11-29T00:04:40+00:00","og_image":[{"width":800,"height":800,"url":"https:\/\/gtmteknoloji.com\/b2b\/wp-content\/uploads\/2025\/11\/RTX5000-PRO-gtm-teknoloji.png","type":"image\/png"}],"twitter_card":"summary_large_image","twitter_site":"@gtmteknoloji","twitter_misc":{"Fiyat":"&#36;5.350,00 + KDV","Durumu":"Stokta var"},"schema":{"@context":"https:\/\/schema.org","@graph":[{"@type":"WebPage","@id":"https:\/\/gtmteknoloji.com\/b2b\/magaza\/ekran-karti\/profesyonel-grafik-kartlari\/nvidia-rtx-pro-5000-blackwell-pcie-5-48gb-900-5g153-0050-000\/","url":"https:\/\/gtmteknoloji.com\/b2b\/magaza\/ekran-karti\/profesyonel-grafik-kartlari\/nvidia-rtx-pro-5000-blackwell-pcie-5-48gb-900-5g153-0050-000\/","name":"RTX Pro 5000 Blackwell: Yapay Zeka ve Grafik G\u00fcc\u00fc - GTM Teknoloji","isPartOf":{"@id":"https:\/\/gtmteknoloji.com\/b2b\/#website"},"primaryImageOfPage":{"@id":"https:\/\/gtmteknoloji.com\/b2b\/magaza\/ekran-karti\/profesyonel-grafik-kartlari\/nvidia-rtx-pro-5000-blackwell-pcie-5-48gb-900-5g153-0050-000\/#primaryimage"},"image":{"@id":"https:\/\/gtmteknoloji.com\/b2b\/magaza\/ekran-karti\/profesyonel-grafik-kartlari\/nvidia-rtx-pro-5000-blackwell-pcie-5-48gb-900-5g153-0050-000\/#primaryimage"},"thumbnailUrl":"https:\/\/gtmteknoloji.com\/b2b\/wp-content\/uploads\/2025\/11\/RTX5000-PRO-gtm-teknoloji.png","datePublished":"2025-11-13T12:46:42+00:00","dateModified":"2025-11-29T00:04:40+00:00","description":"NVIDIA RTX Pro 5000 Blackwell, en iyisini talep eden profesyoneller i\u00e7in tasarland\u0131! Y\u00fcksek grafik performans\u0131 ile projelerinizi ileri ta\u015f\u0131y\u0131n. \ud83d\udcbb","breadcrumb":{"@id":"https:\/\/gtmteknoloji.com\/b2b\/magaza\/ekran-karti\/profesyonel-grafik-kartlari\/nvidia-rtx-pro-5000-blackwell-pcie-5-48gb-900-5g153-0050-000\/#breadcrumb"},"inLanguage":"tr","potentialAction":[{"@type":"ReadAction","target":["https:\/\/gtmteknoloji.com\/b2b\/magaza\/ekran-karti\/profesyonel-grafik-kartlari\/nvidia-rtx-pro-5000-blackwell-pcie-5-48gb-900-5g153-0050-000\/"]}]},{"@type":"ImageObject","inLanguage":"tr","@id":"https:\/\/gtmteknoloji.com\/b2b\/magaza\/ekran-karti\/profesyonel-grafik-kartlari\/nvidia-rtx-pro-5000-blackwell-pcie-5-48gb-900-5g153-0050-000\/#primaryimage","url":"https:\/\/gtmteknoloji.com\/b2b\/wp-content\/uploads\/2025\/11\/RTX5000-PRO-gtm-teknoloji.png","contentUrl":"https:\/\/gtmteknoloji.com\/b2b\/wp-content\/uploads\/2025\/11\/RTX5000-PRO-gtm-teknoloji.png","width":800,"height":800},{"@type":"BreadcrumbList","@id":"https:\/\/gtmteknoloji.com\/b2b\/magaza\/ekran-karti\/profesyonel-grafik-kartlari\/nvidia-rtx-pro-5000-blackwell-pcie-5-48gb-900-5g153-0050-000\/#breadcrumb","itemListElement":[{"@type":"ListItem","position":1,"name":"Home","item":"https:\/\/gtmteknoloji.com\/b2b\/"},{"@type":"ListItem","position":2,"name":"Ma\u011faza","item":"https:\/\/gtmteknoloji.com\/b2b\/magaza\/"},{"@type":"ListItem","position":3,"name":"NVIDIA RTX PRO 5000 Blackwell PCIe 5 48GB | 900-5G153-0050-000"}]},{"@type":"WebSite","@id":"https:\/\/gtmteknoloji.com\/b2b\/#website","url":"https:\/\/gtmteknoloji.com\/b2b\/","name":"GTM Teknoloji","description":"B2B Sat\u0131\u015f Portal\u0131","publisher":{"@id":"https:\/\/gtmteknoloji.com\/b2b\/#organization"},"potentialAction":[{"@type":"SearchAction","target":{"@type":"EntryPoint","urlTemplate":"https:\/\/gtmteknoloji.com\/b2b\/?s={search_term_string}"},"query-input":{"@type":"PropertyValueSpecification","valueRequired":true,"valueName":"search_term_string"}}],"inLanguage":"tr"},{"@type":"Organization","@id":"https:\/\/gtmteknoloji.com\/b2b\/#organization","name":"GTM Teknoloji","url":"https:\/\/gtmteknoloji.com\/b2b\/","logo":{"@type":"ImageObject","inLanguage":"tr","@id":"https:\/\/gtmteknoloji.com\/b2b\/#\/schema\/logo\/image\/","url":"https:\/\/gtmteknoloji.com\/b2b\/wp-content\/uploads\/2020\/12\/GTM-logo.png","contentUrl":"https:\/\/gtmteknoloji.com\/b2b\/wp-content\/uploads\/2020\/12\/GTM-logo.png","width":400,"height":400,"caption":"GTM Teknoloji"},"image":{"@id":"https:\/\/gtmteknoloji.com\/b2b\/#\/schema\/logo\/image\/"},"sameAs":["https:\/\/www.facebook.com\/SupermicroTurkiye\/?locale=tr_TR","https:\/\/x.com\/gtmteknoloji"]}]},"product_brand":"PNY","product_price_amount":"5350.00","product_price_currency":"USD","og_availability":"instock","product_availability":"instock","product_condition":"new"},"_links":{"self":[{"href":"https:\/\/gtmteknoloji.com\/b2b\/wp-json\/wp\/v2\/product\/10290","targetHints":{"allow":["GET"]}}],"collection":[{"href":"https:\/\/gtmteknoloji.com\/b2b\/wp-json\/wp\/v2\/product"}],"about":[{"href":"https:\/\/gtmteknoloji.com\/b2b\/wp-json\/wp\/v2\/types\/product"}],"version-history":[{"count":8,"href":"https:\/\/gtmteknoloji.com\/b2b\/wp-json\/wp\/v2\/product\/10290\/revisions"}],"predecessor-version":[{"id":10300,"href":"https:\/\/gtmteknoloji.com\/b2b\/wp-json\/wp\/v2\/product\/10290\/revisions\/10300"}],"wp:featuredmedia":[{"embeddable":true,"href":"https:\/\/gtmteknoloji.com\/b2b\/wp-json\/wp\/v2\/media\/10295"}],"wp:attachment":[{"href":"https:\/\/gtmteknoloji.com\/b2b\/wp-json\/wp\/v2\/media?parent=10290"}],"wp:term":[{"taxonomy":"product_brand","embeddable":true,"href":"https:\/\/gtmteknoloji.com\/b2b\/wp-json\/wp\/v2\/product_brand?post=10290"},{"taxonomy":"product_cat","embeddable":true,"href":"https:\/\/gtmteknoloji.com\/b2b\/wp-json\/wp\/v2\/product_cat?post=10290"},{"taxonomy":"product_tag","embeddable":true,"href":"https:\/\/gtmteknoloji.com\/b2b\/wp-json\/wp\/v2\/product_tag?post=10290"}],"curies":[{"name":"wp","href":"https:\/\/api.w.org\/{rel}","templated":true}]}}