{"id":10302,"date":"2025-11-13T16:08:03","date_gmt":"2025-11-13T13:08:03","guid":{"rendered":"https:\/\/gtmteknoloji.com\/b2b\/?post_type=product&#038;p=10302"},"modified":"2026-04-16T23:07:10","modified_gmt":"2026-04-16T20:07:10","slug":"nvidia-rtx-pro-5000-blackwell-pcie-5-72gb-ai-gpu","status":"publish","type":"product","link":"https:\/\/gtmteknoloji.com\/b2b\/magaza\/ekran-karti\/profesyonel-grafik-kartlari\/nvidia-rtx-pro-5000-blackwell-pcie-5-72gb-ai-gpu\/","title":{"rendered":"NVIDIA RTX PRO 5000 Blackwell PCIe 5 72GB | VCNRTXPRO5000B72-PB"},"content":{"rendered":"\t\t<div data-elementor-type=\"wp-post\" data-elementor-id=\"10302\" class=\"elementor elementor-10302\" data-elementor-post-type=\"product\">\n\t\t\t\t\t\t<section class=\"wd-negative-gap elementor-section elementor-top-section elementor-element elementor-element-441713e3 elementor-section-boxed elementor-section-height-default elementor-section-height-default\" data-id=\"441713e3\" data-element_type=\"section\" data-e-type=\"section\">\n\t\t\t\t\t\t<div class=\"elementor-container elementor-column-gap-default\">\n\t\t\t\t\t<div class=\"elementor-column elementor-col-100 elementor-top-column elementor-element elementor-element-60db7700\" data-id=\"60db7700\" data-element_type=\"column\" data-e-type=\"column\">\n\t\t\t<div class=\"elementor-widget-wrap elementor-element-populated\">\n\t\t\t\t\t\t<div class=\"elementor-element elementor-element-66ec6a69 wd-width-100 elementor-widget elementor-widget-wd_title\" data-id=\"66ec6a69\" data-element_type=\"widget\" data-e-type=\"widget\" data-widget_type=\"wd_title.default\">\n\t\t\t\t<div class=\"elementor-widget-container\">\n\t\t\t\t\t\t\t<div class=\"title-wrapper wd-set-mb reset-last-child wd-title-color-default wd-title-style-default wd-title-size-default text-center\">\n\n\t\t\t\n\t\t\t<div class=\"liner-continer\">\n\t\t\t\t<h4 class=\"woodmart-title-container title wd-fontsize-l\">NVIDIA RTX PRO\u2122 5000 72GB Blackwell<\/h4> \n\t\t\t\t\t\t\t<\/div>\n\n\t\t\t\t\t\t\t<div class=\"title-after_title reset-last-child wd-fontsize-xs\">\n\t\t\t\t\t<p>\u00a0<\/p><p>NVIDIA RTX PRO\u2122 5000 72GB Blackwell GPU<\/p>\t\t\t\t<\/div>\n\t\t\t\t\t<\/div>\n\t\t\t\t\t\t<\/div>\n\t\t\t\t<\/div>\n\t\t\t\t<div class=\"elementor-element elementor-element-38a2b9a3 elementor-widget elementor-widget-wd_text_block\" data-id=\"38a2b9a3\" data-element_type=\"widget\" data-e-type=\"widget\" data-widget_type=\"wd_text_block.default\">\n\t\t\t\t<div class=\"elementor-widget-container\">\n\t\t\t\t\t\t\t<div class=\"wd-text-block reset-last-child text-center\">\n\t\t\t\n\t\t\t<p>NVIDIA RTX PRO\u2122 5000 72GB Blackwell ile profesyonel i\u015f ak\u0131\u015flar\u0131n\u0131z\u0131 bir \u00fcst seviyeye ta\u015f\u0131y\u0131n. En yeni NVIDIA mimarisi ve 72 GB h\u0131zl\u0131 GDDR7 bellek ile donat\u0131lan bu GPU, ola\u011fan\u00fcst\u00fc performans, grafik ve yapay zeka yetenekleri sunarak en iyisini talep eden profesyoneller i\u00e7in m\u00fckemmel bir tercihtir. NVIDIA'n\u0131n yapay zeka destekli teknolojileriyle profesyoneller, i\u015f ak\u0131\u015flar\u0131n\u0131 h\u0131zland\u0131rabilir, karma\u015f\u0131k projeleri hayata ge\u00e7irebilir ve \u00e7arp\u0131c\u0131 sonu\u00e7lar elde edebilirken, ayn\u0131 zamanda kusursuz \u00e7oklu g\u00f6rev ve geli\u015fmi\u015f i\u015f birli\u011finin keyfini \u00e7\u0131karabilirler.<\/p>\n\t\t\t\t\t<\/div>\n\t\t\t\t\t\t<\/div>\n\t\t\t\t<\/div>\n\t\t\t\t\t<\/div>\n\t\t<\/div>\n\t\t\t\t\t<\/div>\n\t\t<\/section>\n\t\t\t\t<section class=\"wd-negative-gap elementor-section elementor-top-section elementor-element elementor-element-6eedfc6e elementor-section-content-middle elementor-section-boxed elementor-section-height-default elementor-section-height-default\" data-id=\"6eedfc6e\" data-element_type=\"section\" data-e-type=\"section\">\n\t\t\t\t\t\t<div class=\"elementor-container elementor-column-gap-default\">\n\t\t\t\t\t<div class=\"elementor-column elementor-col-50 elementor-top-column elementor-element elementor-element-1aaeaf01\" data-id=\"1aaeaf01\" data-element_type=\"column\" data-e-type=\"column\">\n\t\t\t<div class=\"elementor-widget-wrap elementor-element-populated\">\n\t\t\t\t\t\t<div class=\"elementor-element elementor-element-7fa7a4f0 elementor-widget elementor-widget-wd_text_block\" data-id=\"7fa7a4f0\" data-element_type=\"widget\" data-e-type=\"widget\" data-widget_type=\"wd_text_block.default\">\n\t\t\t\t<div class=\"elementor-widget-container\">\n\t\t\t\t\t\t\t<div class=\"wd-text-block reset-last-child text-left\">\n\t\t\t\n\t\t\t<p><span style=\"display: flex; flex: 1 1 auto; font-size: 24px; align-items: center; position: relative; padding-block: 13px; cursor: pointer; font-weight: 400; line-height: 1.6em; color: #000000; font-family: Roboto, Tahoma, Helvetica, sans-serif; border-style: none; font-style: normal; font-variant-ligatures: normal; font-variant-caps: normal; white-space-collapse: collapse;\" tabindex=\"0\" aria-expanded=\"true\"><span dir=\"auto\" style=\"vertical-align: inherit;\"><span dir=\"auto\" style=\"vertical-align: inherit;\">\u00d6zellikler<\/span><\/span><\/span><\/p><div class=\"accordion-content\" style=\"transition: 0.2s ease-in-out; flex: 0 0 100%; font-size: 16px; line-height: 1.85714; overflow: hidden; max-height: none; transform: scale(1, 1); transform-origin: center top; color: #222222; padding-right: 13px; padding-bottom: 13px; padding-left: 13px; background-image: initial; background-position: initial; background-size: initial; background-repeat: initial; background-attachment: initial; background-origin: initial; background-clip: initial; padding-inline: 0px; font-family: roboto, Helvetica, sans-serif; font-style: normal; font-variant-ligatures: normal; font-variant-caps: normal; font-weight: 400; white-space-collapse: collapse;\"><ul class=\"columns-2 productTools-features gray-bullets\" style=\"padding-left: 30px; columns: 2; column-gap: 25px; margin-bottom: 0px !important;\"><li class=\"is-active\" style=\"list-style-type: disc; font-family: Roboto, Tahoma, Helvetica, sans-serif; font-size: 16px; line-height: 1.6em; color: #000000; position: static;\"><span style=\"top: 0px; position: static;\" aria-expanded=\"true\"><span dir=\"auto\" style=\"vertical-align: inherit;\">NVIDIA Blackwell Mimarisi<\/span><\/span><\/li><li style=\"list-style-type: disc; font-family: Roboto, Tahoma, Helvetica, sans-serif; font-size: 16px; line-height: 1.6em; color: #000000; position: static;\"><span style=\"top: 0px; position: static;\" aria-expanded=\"false\"><span dir=\"auto\" style=\"vertical-align: inherit;\">ECC'li 72 GB GDDR7<\/span><\/span><\/li><li style=\"list-style-type: disc; font-family: Roboto, Tahoma, Helvetica, sans-serif; font-size: 16px; line-height: 1.6em; color: #000000; position: static;\"><span style=\"top: 0px; position: static;\" aria-expanded=\"false\"><span dir=\"auto\" style=\"vertical-align: inherit;\">NVIDIA RTX PRO Sync Uyumlu<\/span><\/span><\/li><li style=\"list-style-type: disc; font-family: Roboto, Tahoma, Helvetica, sans-serif; font-size: 16px; line-height: 1.6em; color: #000000; position: static;\"><span style=\"top: 0px; position: static;\" aria-expanded=\"false\"><span dir=\"auto\" style=\"vertical-align: inherit;\">4 x Ekran Ba\u011flant\u0131 Noktas\u0131 2.1<\/span><\/span><\/li><li style=\"list-style-type: disc; font-family: Roboto, Tahoma, Helvetica, sans-serif; font-size: 16px; line-height: 1.6em; color: #000000; position: static;\"><span style=\"top: 0px; position: static;\" aria-expanded=\"false\"><span dir=\"auto\" style=\"vertical-align: inherit;\"><span dir=\"auto\" style=\"vertical-align: inherit;\">14.080 CUDA\u00a0<\/span><\/span><span style=\"font-size: 12px; line-height: 0; position: relative; top: -0.5em;\"><span dir=\"auto\" style=\"vertical-align: inherit;\"><span dir=\"auto\" style=\"vertical-align: inherit;\">\u00ae<\/span><\/span><\/span><span dir=\"auto\" style=\"vertical-align: inherit;\"><span dir=\"auto\" style=\"vertical-align: inherit;\">\u00a0\u00c7ekirdek<\/span><\/span><\/span><\/li><li style=\"list-style-type: disc; font-family: Roboto, Tahoma, Helvetica, sans-serif; font-size: 16px; line-height: 1.6em; color: #000000; position: static;\"><span style=\"top: 0px; position: static;\" aria-expanded=\"false\"><span dir=\"auto\" style=\"vertical-align: inherit;\">Maksimum G\u00fc\u00e7 T\u00fcketimi 300 W<\/span><\/span><\/li><\/ul><\/div>\n\t\t\t\t\t<\/div>\n\t\t\t\t\t\t<\/div>\n\t\t\t\t<\/div>\n\t\t\t\t<div class=\"elementor-element elementor-element-cecb3a5 elementor-widget elementor-widget-wd_text_block\" data-id=\"cecb3a5\" data-element_type=\"widget\" data-e-type=\"widget\" data-widget_type=\"wd_text_block.default\">\n\t\t\t\t<div class=\"elementor-widget-container\">\n\t\t\t\t\t\t\t<div class=\"wd-text-block reset-last-child text-left\">\n\t\t\t\n\t\t\t<ul class=\"columns-2 productTools-features gray-bullets\"><li class=\"\"><span aria-expanded=\"true\"><span dir=\"auto\">NVIDIA Blackwell Mimarisi<\/span><\/span><\/li><li><span aria-expanded=\"false\"><span dir=\"auto\">ECC'li 72 GB GDDR7<\/span><\/span><\/li><li><span aria-expanded=\"false\"><span dir=\"auto\">NVIDIA RTX PRO Sync Uyumlu<\/span><\/span><\/li><li><span aria-expanded=\"false\"><span dir=\"auto\">4 x Ekran Ba\u011flant\u0131 Noktas\u0131 2.1<\/span><\/span><\/li><li><span aria-expanded=\"false\"><span dir=\"auto\">14.080 CUDA\u00a0<\/span><sup><span dir=\"auto\">\u00ae<\/span><\/sup><span dir=\"auto\">\u00a0\u00c7ekirdek<\/span><\/span><\/li><li><span aria-expanded=\"false\"><span dir=\"auto\">Maksimum G\u00fc\u00e7 T\u00fcketimi 300 W<\/span><\/span><\/li><\/ul>\n\t\t\t\t\t<\/div>\n\t\t\t\t\t\t<\/div>\n\t\t\t\t<\/div>\n\t\t\t\t\t<\/div>\n\t\t<\/div>\n\t\t\t\t<div class=\"elementor-column elementor-col-50 elementor-top-column elementor-element elementor-element-646b1942\" data-id=\"646b1942\" data-element_type=\"column\" data-e-type=\"column\">\n\t\t\t<div class=\"elementor-widget-wrap elementor-element-populated\">\n\t\t\t\t\t\t<div class=\"elementor-element elementor-element-16e69319 elementor-widget elementor-widget-wd_image_or_svg\" data-id=\"16e69319\" data-element_type=\"widget\" data-e-type=\"widget\" data-widget_type=\"wd_image_or_svg.default\">\n\t\t\t\t<div class=\"elementor-widget-container\">\n\t\t\t\t\t\n\t\t<div class=\"wd-image text-center\">\n\t\t\t\t\t\t\t\t<img decoding=\"async\" width=\"800\" height=\"800\" src=\"https:\/\/gtmteknoloji.com\/b2b\/wp-content\/uploads\/2025\/11\/RTX5000-PRO-gtm-teknoloji.png\" class=\"attachment-full size-full\" alt=\"\" srcset=\"https:\/\/gtmteknoloji.com\/b2b\/wp-content\/uploads\/2025\/11\/RTX5000-PRO-gtm-teknoloji.png 800w, https:\/\/gtmteknoloji.com\/b2b\/wp-content\/uploads\/2025\/11\/RTX5000-PRO-gtm-teknoloji-150x150.png 150w, https:\/\/gtmteknoloji.com\/b2b\/wp-content\/uploads\/2025\/11\/RTX5000-PRO-gtm-teknoloji-300x300.png 300w, https:\/\/gtmteknoloji.com\/b2b\/wp-content\/uploads\/2025\/11\/RTX5000-PRO-gtm-teknoloji-768x768.png 768w, https:\/\/gtmteknoloji.com\/b2b\/wp-content\/uploads\/2025\/11\/RTX5000-PRO-gtm-teknoloji-600x600.png 600w\" sizes=\"(max-width: 800px) 100vw, 800px\" \/>\t\t\t\t\t<\/div>\n\n\t\t\t\t\t\t<\/div>\n\t\t\t\t<\/div>\n\t\t\t\t\t<\/div>\n\t\t<\/div>\n\t\t\t\t\t<\/div>\n\t\t<\/section>\n\t\t\t\t<section class=\"wd-negative-gap elementor-section elementor-top-section elementor-element elementor-element-57c4207 elementor-section-boxed elementor-section-height-default elementor-section-height-default\" data-id=\"57c4207\" data-element_type=\"section\" data-e-type=\"section\">\n\t\t\t\t\t\t<div class=\"elementor-container elementor-column-gap-default\">\n\t\t\t\t\t<div class=\"elementor-column elementor-col-100 elementor-top-column elementor-element elementor-element-6e422db\" data-id=\"6e422db\" data-element_type=\"column\" data-e-type=\"column\">\n\t\t\t<div class=\"elementor-widget-wrap\">\n\t\t\t\t\t\t\t<\/div>\n\t\t<\/div>\n\t\t\t\t\t<\/div>\n\t\t<\/section>\n\t\t\t\t<\/div>\n\t\t","protected":false},"excerpt":{"rendered":"<p><b>Nvidia RTX Pro 5000 Blackwell Edition<\/b>, 72GB&#8217;l\u0131k devasa bellek kapasitesi ve yeni nesil Blackwell mimarisiyle profesyonel i\u015f istasyonlar\u0131 i\u00e7in s\u0131n\u0131rlar\u0131 yeniden \u00e7iziyor. PCIe 5.0 teknolojisi ve geli\u015fmi\u015f Tensor \u00e7ekirdekleri sayesinde; <b>B\u00fcy\u00fck Dil Modelleri (LLM)<\/b>, <b>Generative AI<\/b> projeleri ve karma\u015f\u0131k <b>3D sim\u00fclasyonlarda<\/b> benzersiz bir h\u0131z sunar. Veri bilimciler ve yarat\u0131c\u0131 profesyoneller i\u00e7in tasarlanan bu AI GPU ile i\u015flem s\u00fcrelerini minimize edin.<\/p>\n","protected":false},"featured_media":10295,"template":"","meta":[],"product_brand":[342,341],"product_cat":[1736,1737],"product_tag":[3074,3065,3062,3067,3060,3068,3073,3049,3071,3061,3069,3063,3066,3072,3070],"class_list":{"0":"post-10302","1":"product","2":"type-product","3":"status-publish","4":"has-post-thumbnail","6":"product_brand-nvidia-npn-partner-gtmteknoloji","7":"product_brand-pny-ekran-karti","8":"product_cat-ekran-karti","9":"product_cat-profesyonel-grafik-kartlari","10":"product_tag-72gb","11":"product_tag-ai-hizlandirma","12":"product_tag-blackwell-gpu","13":"product_tag-cuda-cekirdekleri","14":"product_tag-dell-is-istasyonu","15":"product_tag-displayport-2-1","16":"product_tag-hp-workstation","17":"product_tag-is-istasyonu-ekran-karti","18":"product_tag-muhendislik-is-akisi","19":"product_tag-nvidia-rtx-pro-5000","20":"product_tag-pny-rtx-pro","21":"product_tag-profesyonel-grafik-karti","22":"product_tag-render-karti","23":"product_tag-supermicro-is-istasyonu-gpu","24":"product_tag-tasarimci-gpu","25":"pa_marka-pny","27":"first","28":"instock","29":"taxable","30":"shipping-taxable","31":"product-type-external"},"yoast_head":"<!-- This site is optimized with the Yoast SEO Premium plugin v27.4 (Yoast SEO v27.4) - https:\/\/yoast.com\/product\/yoast-seo-premium-wordpress\/ -->\n<title>Nvidia Blackwell Pro 5000: Yapay Zeka i\u00e7in M\u00fckemmel - GTM Teknoloji<\/title>\n<meta name=\"description\" content=\"Nvidia Blackwell Pro 5000, 72 GB GDDR7 bellek ile ola\u011fan\u00fcst\u00fc performans\u0131 ke\u015ffedin. Profesyonel ihtiya\u00e7lar\u0131n\u0131z i\u00e7in m\u00fckemmel bir se\u00e7imdir!\" \/>\n<meta name=\"robots\" content=\"index, follow, max-snippet:-1, max-image-preview:large, max-video-preview:-1\" \/>\n<link rel=\"canonical\" href=\"https:\/\/gtmteknoloji.com\/b2b\/magaza\/ekran-karti\/profesyonel-grafik-kartlari\/nvidia-rtx-pro-5000-blackwell-pcie-5-72gb-ai-gpu\/\" \/>\n<meta property=\"og:locale\" content=\"tr_TR\" \/>\n<meta property=\"og:type\" content=\"article\" \/>\n<meta property=\"og:title\" content=\"NVIDIA RTX PRO 5000 Blackwell PCIe 5 72GB | VCNRTXPRO5000B72-PB\" \/>\n<meta property=\"og:description\" content=\"Nvidia Blackwell Pro 5000, 72 GB GDDR7 bellek ile ola\u011fan\u00fcst\u00fc performans\u0131 ke\u015ffedin. Profesyonel ihtiya\u00e7lar\u0131n\u0131z i\u00e7in m\u00fckemmel bir se\u00e7imdir!\" \/>\n<meta property=\"og:url\" content=\"https:\/\/gtmteknoloji.com\/b2b\/magaza\/ekran-karti\/profesyonel-grafik-kartlari\/nvidia-rtx-pro-5000-blackwell-pcie-5-72gb-ai-gpu\/\" \/>\n<meta property=\"og:site_name\" content=\"GTM Teknoloji\" \/>\n<meta property=\"article:publisher\" content=\"https:\/\/www.facebook.com\/SupermicroTurkiye\/?locale=tr_TR\" \/>\n<meta property=\"article:modified_time\" content=\"2026-04-16T20:07:10+00:00\" \/>\n<meta property=\"og:image\" content=\"https:\/\/gtmteknoloji.com\/b2b\/wp-content\/uploads\/2025\/11\/RTX5000-PRO-gtm-teknoloji.png\" \/>\n\t<meta property=\"og:image:width\" content=\"800\" \/>\n\t<meta property=\"og:image:height\" content=\"800\" \/>\n\t<meta property=\"og:image:type\" content=\"image\/png\" \/>\n<meta name=\"twitter:card\" content=\"summary_large_image\" \/>\n<meta name=\"twitter:site\" content=\"@gtmteknoloji\" \/>\n<meta name=\"twitter:label1\" content=\"Fiyat\" \/>\n\t<meta name=\"twitter:data1\" content=\"&#036;7.890,00 + KDV\" \/>\n\t<meta name=\"twitter:label2\" content=\"Durumu\" \/>\n\t<meta name=\"twitter:data2\" content=\"Stokta var\" \/>\n<script type=\"application\/ld+json\" class=\"yoast-schema-graph\">{\"@context\":\"https:\\\/\\\/schema.org\",\"@graph\":[{\"@type\":\"WebPage\",\"@id\":\"https:\\\/\\\/gtmteknoloji.com\\\/b2b\\\/magaza\\\/ekran-karti\\\/profesyonel-grafik-kartlari\\\/nvidia-rtx-pro-5000-blackwell-pcie-5-72gb-ai-gpu\\\/\",\"url\":\"https:\\\/\\\/gtmteknoloji.com\\\/b2b\\\/magaza\\\/ekran-karti\\\/profesyonel-grafik-kartlari\\\/nvidia-rtx-pro-5000-blackwell-pcie-5-72gb-ai-gpu\\\/\",\"name\":\"Nvidia Blackwell Pro 5000: Yapay Zeka i\u00e7in M\u00fckemmel - GTM Teknoloji\",\"isPartOf\":{\"@id\":\"https:\\\/\\\/gtmteknoloji.com\\\/b2b\\\/#website\"},\"primaryImageOfPage\":{\"@id\":\"https:\\\/\\\/gtmteknoloji.com\\\/b2b\\\/magaza\\\/ekran-karti\\\/profesyonel-grafik-kartlari\\\/nvidia-rtx-pro-5000-blackwell-pcie-5-72gb-ai-gpu\\\/#primaryimage\"},\"image\":{\"@id\":\"https:\\\/\\\/gtmteknoloji.com\\\/b2b\\\/magaza\\\/ekran-karti\\\/profesyonel-grafik-kartlari\\\/nvidia-rtx-pro-5000-blackwell-pcie-5-72gb-ai-gpu\\\/#primaryimage\"},\"thumbnailUrl\":\"https:\\\/\\\/gtmteknoloji.com\\\/b2b\\\/wp-content\\\/uploads\\\/2025\\\/11\\\/RTX5000-PRO-gtm-teknoloji.png\",\"datePublished\":\"2025-11-13T13:08:03+00:00\",\"dateModified\":\"2026-04-16T20:07:10+00:00\",\"description\":\"Nvidia Blackwell Pro 5000, 72 GB GDDR7 bellek ile ola\u011fan\u00fcst\u00fc performans\u0131 ke\u015ffedin. Profesyonel ihtiya\u00e7lar\u0131n\u0131z i\u00e7in m\u00fckemmel bir se\u00e7imdir!\",\"breadcrumb\":{\"@id\":\"https:\\\/\\\/gtmteknoloji.com\\\/b2b\\\/magaza\\\/ekran-karti\\\/profesyonel-grafik-kartlari\\\/nvidia-rtx-pro-5000-blackwell-pcie-5-72gb-ai-gpu\\\/#breadcrumb\"},\"inLanguage\":\"tr\",\"potentialAction\":[{\"@type\":\"ReadAction\",\"target\":[\"https:\\\/\\\/gtmteknoloji.com\\\/b2b\\\/magaza\\\/ekran-karti\\\/profesyonel-grafik-kartlari\\\/nvidia-rtx-pro-5000-blackwell-pcie-5-72gb-ai-gpu\\\/\"]}]},{\"@type\":\"ImageObject\",\"inLanguage\":\"tr\",\"@id\":\"https:\\\/\\\/gtmteknoloji.com\\\/b2b\\\/magaza\\\/ekran-karti\\\/profesyonel-grafik-kartlari\\\/nvidia-rtx-pro-5000-blackwell-pcie-5-72gb-ai-gpu\\\/#primaryimage\",\"url\":\"https:\\\/\\\/gtmteknoloji.com\\\/b2b\\\/wp-content\\\/uploads\\\/2025\\\/11\\\/RTX5000-PRO-gtm-teknoloji.png\",\"contentUrl\":\"https:\\\/\\\/gtmteknoloji.com\\\/b2b\\\/wp-content\\\/uploads\\\/2025\\\/11\\\/RTX5000-PRO-gtm-teknoloji.png\",\"width\":800,\"height\":800},{\"@type\":\"BreadcrumbList\",\"@id\":\"https:\\\/\\\/gtmteknoloji.com\\\/b2b\\\/magaza\\\/ekran-karti\\\/profesyonel-grafik-kartlari\\\/nvidia-rtx-pro-5000-blackwell-pcie-5-72gb-ai-gpu\\\/#breadcrumb\",\"itemListElement\":[{\"@type\":\"ListItem\",\"position\":1,\"name\":\"Home\",\"item\":\"https:\\\/\\\/gtmteknoloji.com\\\/b2b\\\/\"},{\"@type\":\"ListItem\",\"position\":2,\"name\":\"Ma\u011faza\",\"item\":\"https:\\\/\\\/gtmteknoloji.com\\\/b2b\\\/magaza\\\/\"},{\"@type\":\"ListItem\",\"position\":3,\"name\":\"NVIDIA RTX PRO 5000 Blackwell PCIe 5 72GB | VCNRTXPRO5000B72-PB\"}]},{\"@type\":\"WebSite\",\"@id\":\"https:\\\/\\\/gtmteknoloji.com\\\/b2b\\\/#website\",\"url\":\"https:\\\/\\\/gtmteknoloji.com\\\/b2b\\\/\",\"name\":\"GTM Teknoloji\",\"description\":\"B2B Sat\u0131\u015f Portal\u0131\",\"publisher\":{\"@id\":\"https:\\\/\\\/gtmteknoloji.com\\\/b2b\\\/#organization\"},\"potentialAction\":[{\"@type\":\"SearchAction\",\"target\":{\"@type\":\"EntryPoint\",\"urlTemplate\":\"https:\\\/\\\/gtmteknoloji.com\\\/b2b\\\/?s={search_term_string}\"},\"query-input\":{\"@type\":\"PropertyValueSpecification\",\"valueRequired\":true,\"valueName\":\"search_term_string\"}}],\"inLanguage\":\"tr\"},{\"@type\":\"Organization\",\"@id\":\"https:\\\/\\\/gtmteknoloji.com\\\/b2b\\\/#organization\",\"name\":\"GTM Teknoloji\",\"url\":\"https:\\\/\\\/gtmteknoloji.com\\\/b2b\\\/\",\"logo\":{\"@type\":\"ImageObject\",\"inLanguage\":\"tr\",\"@id\":\"https:\\\/\\\/gtmteknoloji.com\\\/b2b\\\/#\\\/schema\\\/logo\\\/image\\\/\",\"url\":\"https:\\\/\\\/gtmteknoloji.com\\\/b2b\\\/wp-content\\\/uploads\\\/2020\\\/12\\\/GTM-logo.png\",\"contentUrl\":\"https:\\\/\\\/gtmteknoloji.com\\\/b2b\\\/wp-content\\\/uploads\\\/2020\\\/12\\\/GTM-logo.png\",\"width\":400,\"height\":400,\"caption\":\"GTM Teknoloji\"},\"image\":{\"@id\":\"https:\\\/\\\/gtmteknoloji.com\\\/b2b\\\/#\\\/schema\\\/logo\\\/image\\\/\"},\"sameAs\":[\"https:\\\/\\\/www.facebook.com\\\/SupermicroTurkiye\\\/?locale=tr_TR\",\"https:\\\/\\\/x.com\\\/gtmteknoloji\"]}]}<\/script>\n<meta property=\"product:brand\" content=\"PNY\" \/>\n<meta property=\"product:price:amount\" content=\"7890.00\" \/>\n<meta property=\"product:price:currency\" content=\"USD\" \/>\n<meta property=\"og:availability\" content=\"instock\" \/>\n<meta property=\"product:availability\" content=\"instock\" \/>\n<meta property=\"product:condition\" content=\"new\" \/>\n<!-- \/ Yoast SEO Premium plugin. -->","yoast_head_json":{"title":"Nvidia Blackwell Pro 5000: Yapay Zeka i\u00e7in M\u00fckemmel - GTM Teknoloji","description":"Nvidia Blackwell Pro 5000, 72 GB GDDR7 bellek ile ola\u011fan\u00fcst\u00fc performans\u0131 ke\u015ffedin. Profesyonel ihtiya\u00e7lar\u0131n\u0131z i\u00e7in m\u00fckemmel bir se\u00e7imdir!","robots":{"index":"index","follow":"follow","max-snippet":"max-snippet:-1","max-image-preview":"max-image-preview:large","max-video-preview":"max-video-preview:-1"},"canonical":"https:\/\/gtmteknoloji.com\/b2b\/magaza\/ekran-karti\/profesyonel-grafik-kartlari\/nvidia-rtx-pro-5000-blackwell-pcie-5-72gb-ai-gpu\/","og_locale":"tr_TR","og_type":"article","og_title":"NVIDIA RTX PRO 5000 Blackwell PCIe 5 72GB | VCNRTXPRO5000B72-PB","og_description":"Nvidia Blackwell Pro 5000, 72 GB GDDR7 bellek ile ola\u011fan\u00fcst\u00fc performans\u0131 ke\u015ffedin. Profesyonel ihtiya\u00e7lar\u0131n\u0131z i\u00e7in m\u00fckemmel bir se\u00e7imdir!","og_url":"https:\/\/gtmteknoloji.com\/b2b\/magaza\/ekran-karti\/profesyonel-grafik-kartlari\/nvidia-rtx-pro-5000-blackwell-pcie-5-72gb-ai-gpu\/","og_site_name":"GTM Teknoloji","article_publisher":"https:\/\/www.facebook.com\/SupermicroTurkiye\/?locale=tr_TR","article_modified_time":"2026-04-16T20:07:10+00:00","og_image":[{"width":800,"height":800,"url":"https:\/\/gtmteknoloji.com\/b2b\/wp-content\/uploads\/2025\/11\/RTX5000-PRO-gtm-teknoloji.png","type":"image\/png"}],"twitter_card":"summary_large_image","twitter_site":"@gtmteknoloji","twitter_misc":{"Fiyat":"&#36;7.890,00 + KDV","Durumu":"Stokta var"},"schema":{"@context":"https:\/\/schema.org","@graph":[{"@type":"WebPage","@id":"https:\/\/gtmteknoloji.com\/b2b\/magaza\/ekran-karti\/profesyonel-grafik-kartlari\/nvidia-rtx-pro-5000-blackwell-pcie-5-72gb-ai-gpu\/","url":"https:\/\/gtmteknoloji.com\/b2b\/magaza\/ekran-karti\/profesyonel-grafik-kartlari\/nvidia-rtx-pro-5000-blackwell-pcie-5-72gb-ai-gpu\/","name":"Nvidia Blackwell Pro 5000: Yapay Zeka i\u00e7in M\u00fckemmel - GTM Teknoloji","isPartOf":{"@id":"https:\/\/gtmteknoloji.com\/b2b\/#website"},"primaryImageOfPage":{"@id":"https:\/\/gtmteknoloji.com\/b2b\/magaza\/ekran-karti\/profesyonel-grafik-kartlari\/nvidia-rtx-pro-5000-blackwell-pcie-5-72gb-ai-gpu\/#primaryimage"},"image":{"@id":"https:\/\/gtmteknoloji.com\/b2b\/magaza\/ekran-karti\/profesyonel-grafik-kartlari\/nvidia-rtx-pro-5000-blackwell-pcie-5-72gb-ai-gpu\/#primaryimage"},"thumbnailUrl":"https:\/\/gtmteknoloji.com\/b2b\/wp-content\/uploads\/2025\/11\/RTX5000-PRO-gtm-teknoloji.png","datePublished":"2025-11-13T13:08:03+00:00","dateModified":"2026-04-16T20:07:10+00:00","description":"Nvidia Blackwell Pro 5000, 72 GB GDDR7 bellek ile ola\u011fan\u00fcst\u00fc performans\u0131 ke\u015ffedin. Profesyonel ihtiya\u00e7lar\u0131n\u0131z i\u00e7in m\u00fckemmel bir se\u00e7imdir!","breadcrumb":{"@id":"https:\/\/gtmteknoloji.com\/b2b\/magaza\/ekran-karti\/profesyonel-grafik-kartlari\/nvidia-rtx-pro-5000-blackwell-pcie-5-72gb-ai-gpu\/#breadcrumb"},"inLanguage":"tr","potentialAction":[{"@type":"ReadAction","target":["https:\/\/gtmteknoloji.com\/b2b\/magaza\/ekran-karti\/profesyonel-grafik-kartlari\/nvidia-rtx-pro-5000-blackwell-pcie-5-72gb-ai-gpu\/"]}]},{"@type":"ImageObject","inLanguage":"tr","@id":"https:\/\/gtmteknoloji.com\/b2b\/magaza\/ekran-karti\/profesyonel-grafik-kartlari\/nvidia-rtx-pro-5000-blackwell-pcie-5-72gb-ai-gpu\/#primaryimage","url":"https:\/\/gtmteknoloji.com\/b2b\/wp-content\/uploads\/2025\/11\/RTX5000-PRO-gtm-teknoloji.png","contentUrl":"https:\/\/gtmteknoloji.com\/b2b\/wp-content\/uploads\/2025\/11\/RTX5000-PRO-gtm-teknoloji.png","width":800,"height":800},{"@type":"BreadcrumbList","@id":"https:\/\/gtmteknoloji.com\/b2b\/magaza\/ekran-karti\/profesyonel-grafik-kartlari\/nvidia-rtx-pro-5000-blackwell-pcie-5-72gb-ai-gpu\/#breadcrumb","itemListElement":[{"@type":"ListItem","position":1,"name":"Home","item":"https:\/\/gtmteknoloji.com\/b2b\/"},{"@type":"ListItem","position":2,"name":"Ma\u011faza","item":"https:\/\/gtmteknoloji.com\/b2b\/magaza\/"},{"@type":"ListItem","position":3,"name":"NVIDIA RTX PRO 5000 Blackwell PCIe 5 72GB | VCNRTXPRO5000B72-PB"}]},{"@type":"WebSite","@id":"https:\/\/gtmteknoloji.com\/b2b\/#website","url":"https:\/\/gtmteknoloji.com\/b2b\/","name":"GTM Teknoloji","description":"B2B Sat\u0131\u015f Portal\u0131","publisher":{"@id":"https:\/\/gtmteknoloji.com\/b2b\/#organization"},"potentialAction":[{"@type":"SearchAction","target":{"@type":"EntryPoint","urlTemplate":"https:\/\/gtmteknoloji.com\/b2b\/?s={search_term_string}"},"query-input":{"@type":"PropertyValueSpecification","valueRequired":true,"valueName":"search_term_string"}}],"inLanguage":"tr"},{"@type":"Organization","@id":"https:\/\/gtmteknoloji.com\/b2b\/#organization","name":"GTM Teknoloji","url":"https:\/\/gtmteknoloji.com\/b2b\/","logo":{"@type":"ImageObject","inLanguage":"tr","@id":"https:\/\/gtmteknoloji.com\/b2b\/#\/schema\/logo\/image\/","url":"https:\/\/gtmteknoloji.com\/b2b\/wp-content\/uploads\/2020\/12\/GTM-logo.png","contentUrl":"https:\/\/gtmteknoloji.com\/b2b\/wp-content\/uploads\/2020\/12\/GTM-logo.png","width":400,"height":400,"caption":"GTM Teknoloji"},"image":{"@id":"https:\/\/gtmteknoloji.com\/b2b\/#\/schema\/logo\/image\/"},"sameAs":["https:\/\/www.facebook.com\/SupermicroTurkiye\/?locale=tr_TR","https:\/\/x.com\/gtmteknoloji"]}]},"product_brand":"PNY","product_price_amount":"7890.00","product_price_currency":"USD","og_availability":"instock","product_availability":"instock","product_condition":"new"},"_links":{"self":[{"href":"https:\/\/gtmteknoloji.com\/b2b\/wp-json\/wp\/v2\/product\/10302","targetHints":{"allow":["GET"]}}],"collection":[{"href":"https:\/\/gtmteknoloji.com\/b2b\/wp-json\/wp\/v2\/product"}],"about":[{"href":"https:\/\/gtmteknoloji.com\/b2b\/wp-json\/wp\/v2\/types\/product"}],"version-history":[{"count":6,"href":"https:\/\/gtmteknoloji.com\/b2b\/wp-json\/wp\/v2\/product\/10302\/revisions"}],"predecessor-version":[{"id":10907,"href":"https:\/\/gtmteknoloji.com\/b2b\/wp-json\/wp\/v2\/product\/10302\/revisions\/10907"}],"wp:featuredmedia":[{"embeddable":true,"href":"https:\/\/gtmteknoloji.com\/b2b\/wp-json\/wp\/v2\/media\/10295"}],"wp:attachment":[{"href":"https:\/\/gtmteknoloji.com\/b2b\/wp-json\/wp\/v2\/media?parent=10302"}],"wp:term":[{"taxonomy":"product_brand","embeddable":true,"href":"https:\/\/gtmteknoloji.com\/b2b\/wp-json\/wp\/v2\/product_brand?post=10302"},{"taxonomy":"product_cat","embeddable":true,"href":"https:\/\/gtmteknoloji.com\/b2b\/wp-json\/wp\/v2\/product_cat?post=10302"},{"taxonomy":"product_tag","embeddable":true,"href":"https:\/\/gtmteknoloji.com\/b2b\/wp-json\/wp\/v2\/product_tag?post=10302"}],"curies":[{"name":"wp","href":"https:\/\/api.w.org\/{rel}","templated":true}]}}