{"id":10342,"date":"2025-11-13T17:03:24","date_gmt":"2025-11-13T14:03:24","guid":{"rendered":"https:\/\/gtmteknoloji.com\/b2b\/?post_type=product&#038;p=10342"},"modified":"2026-04-16T23:02:54","modified_gmt":"2026-04-16T20:02:54","slug":"nvidia-rtx-pro-4000-blackwell-pcie-5-24gb-900-5g147-0070-000","status":"publish","type":"product","link":"https:\/\/gtmteknoloji.com\/b2b\/magaza\/ekran-karti\/profesyonel-grafik-kartlari\/nvidia-rtx-pro-4000-blackwell-pcie-5-24gb-900-5g147-0070-000\/","title":{"rendered":"NVIDIA RTX PRO 4000 Blackwell PCIe 5 24GB | 900-5G147-0070-000"},"content":{"rendered":"<h1><span dir=\"auto\">NVIDIA RTX PRO 4000 Blackwell GPU<\/span><\/h1>\n<p>Profesyoneller i\u00e7in en geli\u015fmi\u015f tek yuval\u0131 GPU&#8217;nun g\u00fcc\u00fcn\u00fc deneyimleyin. NVIDIA Blackwell mimarisiyle g\u00fc\u00e7lendirilen NVIDIA RTX PRO 4000, \u00e7\u0131\u011f\u0131r a\u00e7an yapay zeka performans\u0131, sinirsel i\u015fleme ve e\u015fsiz verimlilik sunar.<\/p>\n<h3><span tabindex=\"0\" aria-expanded=\"true\"><span dir=\"auto\">\u00d6zellikler<\/span><\/span><\/h3>\n<div class=\"accordion-content\">\n<ul class=\"columns-2 productTools-features gray-bullets\">\n<li><span aria-expanded=\"true\"><span dir=\"auto\">NVIDIA Blackwell Mimarisi<\/span><\/span><\/li>\n<li><span aria-expanded=\"false\"><span dir=\"auto\">ECC&#8217;li 24 GB GDDR7<\/span><\/span><\/li>\n<li><span aria-expanded=\"false\"><span dir=\"auto\">NVIDIA RTX PRO SYNC Uyumlu<\/span><\/span><\/li>\n<li><span aria-expanded=\"false\"><span dir=\"auto\">4 x Ekran Ba\u011flant\u0131 Noktas\u0131 2.1<\/span><\/span><\/li>\n<li><span aria-expanded=\"false\"><span dir=\"auto\">8960 CUDA\u00a0<\/span><sup><span dir=\"auto\">\u00ae<\/span><\/sup><span dir=\"auto\">\u00a0\u00c7ekirdekleri<\/span><\/span><\/li>\n<li><span aria-expanded=\"false\"><span dir=\"auto\">140 W Maksimum G\u00fc\u00e7 T\u00fcketimi<\/span><\/span><\/li>\n<\/ul>\n<div class=\"row h-softSmEnds\">\n<div class=\"column med-10 productTools-specification\"><strong><span dir=\"auto\">CUDA Paralel \u0130\u015flem \u00c7ekirdekleri<\/span><\/strong><\/div>\n<div class=\"column med-14\"><span dir=\"auto\">8960<\/span><\/div>\n<\/div>\n<div class=\"row h-softSmEnds\">\n<div class=\"column med-10 productTools-specification\"><span dir=\"auto\">NVIDIA Tensor \u00c7ekirdekleri<\/span><\/div>\n<div class=\"column med-14\"><span dir=\"auto\">280<\/span><\/div>\n<\/div>\n<div class=\"row h-softSmEnds\">\n<div class=\"column med-10 productTools-specification\"><span dir=\"auto\">NVIDIA RT \u00c7ekirdekleri<\/span><\/div>\n<div class=\"column med-14\"><span dir=\"auto\">70<\/span><\/div>\n<\/div>\n<div class=\"row h-softSmEnds\">\n<div class=\"column med-10 productTools-specification\"><span dir=\"auto\">GPU Belle\u011fi<\/span><\/div>\n<div class=\"column med-14\"><span dir=\"auto\">ECC&#8217;li 24 GB GDDR7<\/span><\/div>\n<\/div>\n<div class=\"row h-softSmEnds\">\n<div class=\"column med-10 productTools-specification\"><span dir=\"auto\">Form Fakt\u00f6r\u00fc<\/span><\/div>\n<div class=\"column med-14\"><span dir=\"auto\">4,4\u201d Y x 9,5\u201d U, FHML Tek Yuva<\/span><\/div>\n<\/div>\n<\/div>\n","protected":false},"excerpt":{"rendered":"<p>NVIDIA RTX PRO 4000 Blackwell GPU Profesyoneller i\u00e7in en geli\u015fmi\u015f tek yuval\u0131 GPU&#8217;nun g\u00fcc\u00fcn\u00fc deneyimleyin. NVIDIA Blackwell mimarisiyle g\u00fc\u00e7lendirilen NVIDIA<\/p>\n","protected":false},"featured_media":10343,"template":"","meta":[],"product_brand":[342,341,338],"product_cat":[1736,1737],"product_tag":[3100,3098,3082,3105,3083,3104,3099,3102,3059,3107,3109,3108,3077,3096,3103,2378,3110,1898,3111,3101,3097,3106],"class_list":{"0":"post-10342","1":"product","2":"type-product","3":"status-publish","4":"has-post-thumbnail","6":"product_brand-nvidia-npn-partner-gtmteknoloji","7":"product_brand-pny-ekran-karti","8":"product_brand-supermicro-server-turkiye","9":"product_cat-ekran-karti","10":"product_cat-profesyonel-grafik-kartlari","11":"product_tag-140w-tdp","12":"product_tag-24-gb-gddr7-ecc","13":"product_tag-4-nesil-rt-cekirdek","14":"product_tag-4x-displayport-2-1","15":"product_tag-5-nesil-tensor-cekirdek","16":"product_tag-672-gb-s-bant-genisligi","17":"product_tag-8960-cuda-cekirdegi","18":"product_tag-blower-fan","19":"product_tag-hp-is-istasyonu","20":"product_tag-isin-izlemeli-render","21":"product_tag-llm-cikarimi","22":"product_tag-medya-produksiyonu","23":"product_tag-nvidia-blackwell-mimarisi","24":"product_tag-nvidia-rtx-pro-4000-blackwell","25":"product_tag-pcie-5-0-x16","26":"product_tag-profesyonel-gorsellestirme","27":"product_tag-single-slot","28":"product_tag-supermicro","29":"product_tag-tek-slot-ekran-karti","30":"product_tag-tek-yuvali-tasarim","31":"product_tag-workstation-gpu","32":"product_tag-yapay-zeka-is-yukleri","33":"pa_marka-pny","35":"first","36":"instock","37":"taxable","38":"shipping-taxable","39":"product-type-external"},"yoast_head":"<!-- This site is optimized with the Yoast SEO Premium plugin v27.4 (Yoast SEO v27.4) - https:\/\/yoast.com\/product\/yoast-seo-premium-wordpress\/ -->\n<title>Nvidia RTX Pro 4000: 24 GB GDDR7 Bellek Se\u00e7ene\u011fi - GTM Teknoloji<\/title>\n<meta name=\"description\" content=\"Profesyoneller i\u00e7in tasarlanm\u0131\u015f Nvidia RTX Pro 4000, 8960 CUDA \u00e7ekirde\u011fi ile enerji tasarrufu sa\u011flarken seri i\u015fleme imkan\u0131 yarat\u0131r. \u015eimdi ke\u015ffedin! \ud83d\udcbb\" \/>\n<meta name=\"robots\" content=\"index, follow, max-snippet:-1, max-image-preview:large, max-video-preview:-1\" \/>\n<link rel=\"canonical\" href=\"https:\/\/gtmteknoloji.com\/b2b\/magaza\/ekran-karti\/profesyonel-grafik-kartlari\/nvidia-rtx-pro-4000-blackwell-pcie-5-24gb-900-5g147-0070-000\/\" \/>\n<meta property=\"og:locale\" content=\"tr_TR\" \/>\n<meta property=\"og:type\" content=\"article\" \/>\n<meta property=\"og:title\" content=\"NVIDIA RTX PRO 4000 Blackwell PCIe 5 24GB | 900-5G147-0070-000\" \/>\n<meta property=\"og:description\" content=\"Profesyoneller i\u00e7in tasarlanm\u0131\u015f Nvidia RTX Pro 4000, 8960 CUDA \u00e7ekirde\u011fi ile enerji tasarrufu sa\u011flarken seri i\u015fleme imkan\u0131 yarat\u0131r. \u015eimdi ke\u015ffedin! \ud83d\udcbb\" \/>\n<meta property=\"og:url\" content=\"https:\/\/gtmteknoloji.com\/b2b\/magaza\/ekran-karti\/profesyonel-grafik-kartlari\/nvidia-rtx-pro-4000-blackwell-pcie-5-24gb-900-5g147-0070-000\/\" \/>\n<meta property=\"og:site_name\" content=\"GTM Teknoloji\" \/>\n<meta property=\"article:publisher\" content=\"https:\/\/www.facebook.com\/SupermicroTurkiye\/?locale=tr_TR\" \/>\n<meta property=\"article:modified_time\" content=\"2026-04-16T20:02:54+00:00\" \/>\n<meta property=\"og:image\" content=\"https:\/\/gtmteknoloji.com\/b2b\/wp-content\/uploads\/2025\/11\/nvidia-rtx-4000-pro-blackwell.webp\" \/>\n\t<meta property=\"og:image:width\" content=\"800\" \/>\n\t<meta property=\"og:image:height\" content=\"800\" \/>\n\t<meta property=\"og:image:type\" content=\"image\/webp\" \/>\n<meta name=\"twitter:card\" content=\"summary_large_image\" \/>\n<meta name=\"twitter:site\" content=\"@gtmteknoloji\" \/>\n<meta name=\"twitter:label1\" content=\"Fiyat\" \/>\n\t<meta name=\"twitter:data1\" content=\"&#036;1.755,00 + KDV\" \/>\n\t<meta name=\"twitter:label2\" content=\"Durumu\" \/>\n\t<meta name=\"twitter:data2\" content=\"Stokta var\" \/>\n<script type=\"application\/ld+json\" class=\"yoast-schema-graph\">{\"@context\":\"https:\\\/\\\/schema.org\",\"@graph\":[{\"@type\":\"WebPage\",\"@id\":\"https:\\\/\\\/gtmteknoloji.com\\\/b2b\\\/magaza\\\/ekran-karti\\\/profesyonel-grafik-kartlari\\\/nvidia-rtx-pro-4000-blackwell-pcie-5-24gb-900-5g147-0070-000\\\/\",\"url\":\"https:\\\/\\\/gtmteknoloji.com\\\/b2b\\\/magaza\\\/ekran-karti\\\/profesyonel-grafik-kartlari\\\/nvidia-rtx-pro-4000-blackwell-pcie-5-24gb-900-5g147-0070-000\\\/\",\"name\":\"Nvidia RTX Pro 4000: 24 GB GDDR7 Bellek Se\u00e7ene\u011fi - GTM Teknoloji\",\"isPartOf\":{\"@id\":\"https:\\\/\\\/gtmteknoloji.com\\\/b2b\\\/#website\"},\"primaryImageOfPage\":{\"@id\":\"https:\\\/\\\/gtmteknoloji.com\\\/b2b\\\/magaza\\\/ekran-karti\\\/profesyonel-grafik-kartlari\\\/nvidia-rtx-pro-4000-blackwell-pcie-5-24gb-900-5g147-0070-000\\\/#primaryimage\"},\"image\":{\"@id\":\"https:\\\/\\\/gtmteknoloji.com\\\/b2b\\\/magaza\\\/ekran-karti\\\/profesyonel-grafik-kartlari\\\/nvidia-rtx-pro-4000-blackwell-pcie-5-24gb-900-5g147-0070-000\\\/#primaryimage\"},\"thumbnailUrl\":\"https:\\\/\\\/gtmteknoloji.com\\\/b2b\\\/wp-content\\\/uploads\\\/2025\\\/11\\\/nvidia-rtx-4000-pro-blackwell.webp\",\"datePublished\":\"2025-11-13T14:03:24+00:00\",\"dateModified\":\"2026-04-16T20:02:54+00:00\",\"description\":\"Profesyoneller i\u00e7in tasarlanm\u0131\u015f Nvidia RTX Pro 4000, 8960 CUDA \u00e7ekirde\u011fi ile enerji tasarrufu sa\u011flarken seri i\u015fleme imkan\u0131 yarat\u0131r. \u015eimdi ke\u015ffedin! \ud83d\udcbb\",\"breadcrumb\":{\"@id\":\"https:\\\/\\\/gtmteknoloji.com\\\/b2b\\\/magaza\\\/ekran-karti\\\/profesyonel-grafik-kartlari\\\/nvidia-rtx-pro-4000-blackwell-pcie-5-24gb-900-5g147-0070-000\\\/#breadcrumb\"},\"inLanguage\":\"tr\",\"potentialAction\":[{\"@type\":\"ReadAction\",\"target\":[\"https:\\\/\\\/gtmteknoloji.com\\\/b2b\\\/magaza\\\/ekran-karti\\\/profesyonel-grafik-kartlari\\\/nvidia-rtx-pro-4000-blackwell-pcie-5-24gb-900-5g147-0070-000\\\/\"]}]},{\"@type\":\"ImageObject\",\"inLanguage\":\"tr\",\"@id\":\"https:\\\/\\\/gtmteknoloji.com\\\/b2b\\\/magaza\\\/ekran-karti\\\/profesyonel-grafik-kartlari\\\/nvidia-rtx-pro-4000-blackwell-pcie-5-24gb-900-5g147-0070-000\\\/#primaryimage\",\"url\":\"https:\\\/\\\/gtmteknoloji.com\\\/b2b\\\/wp-content\\\/uploads\\\/2025\\\/11\\\/nvidia-rtx-4000-pro-blackwell.webp\",\"contentUrl\":\"https:\\\/\\\/gtmteknoloji.com\\\/b2b\\\/wp-content\\\/uploads\\\/2025\\\/11\\\/nvidia-rtx-4000-pro-blackwell.webp\",\"width\":800,\"height\":800},{\"@type\":\"BreadcrumbList\",\"@id\":\"https:\\\/\\\/gtmteknoloji.com\\\/b2b\\\/magaza\\\/ekran-karti\\\/profesyonel-grafik-kartlari\\\/nvidia-rtx-pro-4000-blackwell-pcie-5-24gb-900-5g147-0070-000\\\/#breadcrumb\",\"itemListElement\":[{\"@type\":\"ListItem\",\"position\":1,\"name\":\"Home\",\"item\":\"https:\\\/\\\/gtmteknoloji.com\\\/b2b\\\/\"},{\"@type\":\"ListItem\",\"position\":2,\"name\":\"Ma\u011faza\",\"item\":\"https:\\\/\\\/gtmteknoloji.com\\\/b2b\\\/magaza\\\/\"},{\"@type\":\"ListItem\",\"position\":3,\"name\":\"NVIDIA RTX PRO 4000 Blackwell PCIe 5 24GB | 900-5G147-0070-000\"}]},{\"@type\":\"WebSite\",\"@id\":\"https:\\\/\\\/gtmteknoloji.com\\\/b2b\\\/#website\",\"url\":\"https:\\\/\\\/gtmteknoloji.com\\\/b2b\\\/\",\"name\":\"GTM Teknoloji\",\"description\":\"B2B Sat\u0131\u015f Portal\u0131\",\"publisher\":{\"@id\":\"https:\\\/\\\/gtmteknoloji.com\\\/b2b\\\/#organization\"},\"potentialAction\":[{\"@type\":\"SearchAction\",\"target\":{\"@type\":\"EntryPoint\",\"urlTemplate\":\"https:\\\/\\\/gtmteknoloji.com\\\/b2b\\\/?s={search_term_string}\"},\"query-input\":{\"@type\":\"PropertyValueSpecification\",\"valueRequired\":true,\"valueName\":\"search_term_string\"}}],\"inLanguage\":\"tr\"},{\"@type\":\"Organization\",\"@id\":\"https:\\\/\\\/gtmteknoloji.com\\\/b2b\\\/#organization\",\"name\":\"GTM Teknoloji\",\"url\":\"https:\\\/\\\/gtmteknoloji.com\\\/b2b\\\/\",\"logo\":{\"@type\":\"ImageObject\",\"inLanguage\":\"tr\",\"@id\":\"https:\\\/\\\/gtmteknoloji.com\\\/b2b\\\/#\\\/schema\\\/logo\\\/image\\\/\",\"url\":\"https:\\\/\\\/gtmteknoloji.com\\\/b2b\\\/wp-content\\\/uploads\\\/2020\\\/12\\\/GTM-logo.png\",\"contentUrl\":\"https:\\\/\\\/gtmteknoloji.com\\\/b2b\\\/wp-content\\\/uploads\\\/2020\\\/12\\\/GTM-logo.png\",\"width\":400,\"height\":400,\"caption\":\"GTM Teknoloji\"},\"image\":{\"@id\":\"https:\\\/\\\/gtmteknoloji.com\\\/b2b\\\/#\\\/schema\\\/logo\\\/image\\\/\"},\"sameAs\":[\"https:\\\/\\\/www.facebook.com\\\/SupermicroTurkiye\\\/?locale=tr_TR\",\"https:\\\/\\\/x.com\\\/gtmteknoloji\"]}]}<\/script>\n<meta property=\"product:brand\" content=\"PNY\" \/>\n<meta property=\"product:price:amount\" content=\"1755.00\" \/>\n<meta property=\"product:price:currency\" content=\"USD\" \/>\n<meta property=\"og:availability\" content=\"instock\" \/>\n<meta property=\"product:availability\" content=\"instock\" \/>\n<meta property=\"product:condition\" content=\"new\" \/>\n<!-- \/ Yoast SEO Premium plugin. -->","yoast_head_json":{"title":"Nvidia RTX Pro 4000: 24 GB GDDR7 Bellek Se\u00e7ene\u011fi - GTM Teknoloji","description":"Profesyoneller i\u00e7in tasarlanm\u0131\u015f Nvidia RTX Pro 4000, 8960 CUDA \u00e7ekirde\u011fi ile enerji tasarrufu sa\u011flarken seri i\u015fleme imkan\u0131 yarat\u0131r. \u015eimdi ke\u015ffedin! \ud83d\udcbb","robots":{"index":"index","follow":"follow","max-snippet":"max-snippet:-1","max-image-preview":"max-image-preview:large","max-video-preview":"max-video-preview:-1"},"canonical":"https:\/\/gtmteknoloji.com\/b2b\/magaza\/ekran-karti\/profesyonel-grafik-kartlari\/nvidia-rtx-pro-4000-blackwell-pcie-5-24gb-900-5g147-0070-000\/","og_locale":"tr_TR","og_type":"article","og_title":"NVIDIA RTX PRO 4000 Blackwell PCIe 5 24GB | 900-5G147-0070-000","og_description":"Profesyoneller i\u00e7in tasarlanm\u0131\u015f Nvidia RTX Pro 4000, 8960 CUDA \u00e7ekirde\u011fi ile enerji tasarrufu sa\u011flarken seri i\u015fleme imkan\u0131 yarat\u0131r. \u015eimdi ke\u015ffedin! \ud83d\udcbb","og_url":"https:\/\/gtmteknoloji.com\/b2b\/magaza\/ekran-karti\/profesyonel-grafik-kartlari\/nvidia-rtx-pro-4000-blackwell-pcie-5-24gb-900-5g147-0070-000\/","og_site_name":"GTM Teknoloji","article_publisher":"https:\/\/www.facebook.com\/SupermicroTurkiye\/?locale=tr_TR","article_modified_time":"2026-04-16T20:02:54+00:00","og_image":[{"width":800,"height":800,"url":"https:\/\/gtmteknoloji.com\/b2b\/wp-content\/uploads\/2025\/11\/nvidia-rtx-4000-pro-blackwell.webp","type":"image\/webp"}],"twitter_card":"summary_large_image","twitter_site":"@gtmteknoloji","twitter_misc":{"Fiyat":"&#36;1.755,00 + KDV","Durumu":"Stokta var"},"schema":{"@context":"https:\/\/schema.org","@graph":[{"@type":"WebPage","@id":"https:\/\/gtmteknoloji.com\/b2b\/magaza\/ekran-karti\/profesyonel-grafik-kartlari\/nvidia-rtx-pro-4000-blackwell-pcie-5-24gb-900-5g147-0070-000\/","url":"https:\/\/gtmteknoloji.com\/b2b\/magaza\/ekran-karti\/profesyonel-grafik-kartlari\/nvidia-rtx-pro-4000-blackwell-pcie-5-24gb-900-5g147-0070-000\/","name":"Nvidia RTX Pro 4000: 24 GB GDDR7 Bellek Se\u00e7ene\u011fi - GTM Teknoloji","isPartOf":{"@id":"https:\/\/gtmteknoloji.com\/b2b\/#website"},"primaryImageOfPage":{"@id":"https:\/\/gtmteknoloji.com\/b2b\/magaza\/ekran-karti\/profesyonel-grafik-kartlari\/nvidia-rtx-pro-4000-blackwell-pcie-5-24gb-900-5g147-0070-000\/#primaryimage"},"image":{"@id":"https:\/\/gtmteknoloji.com\/b2b\/magaza\/ekran-karti\/profesyonel-grafik-kartlari\/nvidia-rtx-pro-4000-blackwell-pcie-5-24gb-900-5g147-0070-000\/#primaryimage"},"thumbnailUrl":"https:\/\/gtmteknoloji.com\/b2b\/wp-content\/uploads\/2025\/11\/nvidia-rtx-4000-pro-blackwell.webp","datePublished":"2025-11-13T14:03:24+00:00","dateModified":"2026-04-16T20:02:54+00:00","description":"Profesyoneller i\u00e7in tasarlanm\u0131\u015f Nvidia RTX Pro 4000, 8960 CUDA \u00e7ekirde\u011fi ile enerji tasarrufu sa\u011flarken seri i\u015fleme imkan\u0131 yarat\u0131r. \u015eimdi ke\u015ffedin! \ud83d\udcbb","breadcrumb":{"@id":"https:\/\/gtmteknoloji.com\/b2b\/magaza\/ekran-karti\/profesyonel-grafik-kartlari\/nvidia-rtx-pro-4000-blackwell-pcie-5-24gb-900-5g147-0070-000\/#breadcrumb"},"inLanguage":"tr","potentialAction":[{"@type":"ReadAction","target":["https:\/\/gtmteknoloji.com\/b2b\/magaza\/ekran-karti\/profesyonel-grafik-kartlari\/nvidia-rtx-pro-4000-blackwell-pcie-5-24gb-900-5g147-0070-000\/"]}]},{"@type":"ImageObject","inLanguage":"tr","@id":"https:\/\/gtmteknoloji.com\/b2b\/magaza\/ekran-karti\/profesyonel-grafik-kartlari\/nvidia-rtx-pro-4000-blackwell-pcie-5-24gb-900-5g147-0070-000\/#primaryimage","url":"https:\/\/gtmteknoloji.com\/b2b\/wp-content\/uploads\/2025\/11\/nvidia-rtx-4000-pro-blackwell.webp","contentUrl":"https:\/\/gtmteknoloji.com\/b2b\/wp-content\/uploads\/2025\/11\/nvidia-rtx-4000-pro-blackwell.webp","width":800,"height":800},{"@type":"BreadcrumbList","@id":"https:\/\/gtmteknoloji.com\/b2b\/magaza\/ekran-karti\/profesyonel-grafik-kartlari\/nvidia-rtx-pro-4000-blackwell-pcie-5-24gb-900-5g147-0070-000\/#breadcrumb","itemListElement":[{"@type":"ListItem","position":1,"name":"Home","item":"https:\/\/gtmteknoloji.com\/b2b\/"},{"@type":"ListItem","position":2,"name":"Ma\u011faza","item":"https:\/\/gtmteknoloji.com\/b2b\/magaza\/"},{"@type":"ListItem","position":3,"name":"NVIDIA RTX PRO 4000 Blackwell PCIe 5 24GB | 900-5G147-0070-000"}]},{"@type":"WebSite","@id":"https:\/\/gtmteknoloji.com\/b2b\/#website","url":"https:\/\/gtmteknoloji.com\/b2b\/","name":"GTM Teknoloji","description":"B2B Sat\u0131\u015f Portal\u0131","publisher":{"@id":"https:\/\/gtmteknoloji.com\/b2b\/#organization"},"potentialAction":[{"@type":"SearchAction","target":{"@type":"EntryPoint","urlTemplate":"https:\/\/gtmteknoloji.com\/b2b\/?s={search_term_string}"},"query-input":{"@type":"PropertyValueSpecification","valueRequired":true,"valueName":"search_term_string"}}],"inLanguage":"tr"},{"@type":"Organization","@id":"https:\/\/gtmteknoloji.com\/b2b\/#organization","name":"GTM Teknoloji","url":"https:\/\/gtmteknoloji.com\/b2b\/","logo":{"@type":"ImageObject","inLanguage":"tr","@id":"https:\/\/gtmteknoloji.com\/b2b\/#\/schema\/logo\/image\/","url":"https:\/\/gtmteknoloji.com\/b2b\/wp-content\/uploads\/2020\/12\/GTM-logo.png","contentUrl":"https:\/\/gtmteknoloji.com\/b2b\/wp-content\/uploads\/2020\/12\/GTM-logo.png","width":400,"height":400,"caption":"GTM Teknoloji"},"image":{"@id":"https:\/\/gtmteknoloji.com\/b2b\/#\/schema\/logo\/image\/"},"sameAs":["https:\/\/www.facebook.com\/SupermicroTurkiye\/?locale=tr_TR","https:\/\/x.com\/gtmteknoloji"]}]},"product_brand":"PNY","product_price_amount":"1755.00","product_price_currency":"USD","og_availability":"instock","product_availability":"instock","product_condition":"new"},"_links":{"self":[{"href":"https:\/\/gtmteknoloji.com\/b2b\/wp-json\/wp\/v2\/product\/10342","targetHints":{"allow":["GET"]}}],"collection":[{"href":"https:\/\/gtmteknoloji.com\/b2b\/wp-json\/wp\/v2\/product"}],"about":[{"href":"https:\/\/gtmteknoloji.com\/b2b\/wp-json\/wp\/v2\/types\/product"}],"version-history":[{"count":2,"href":"https:\/\/gtmteknoloji.com\/b2b\/wp-json\/wp\/v2\/product\/10342\/revisions"}],"predecessor-version":[{"id":10916,"href":"https:\/\/gtmteknoloji.com\/b2b\/wp-json\/wp\/v2\/product\/10342\/revisions\/10916"}],"wp:featuredmedia":[{"embeddable":true,"href":"https:\/\/gtmteknoloji.com\/b2b\/wp-json\/wp\/v2\/media\/10343"}],"wp:attachment":[{"href":"https:\/\/gtmteknoloji.com\/b2b\/wp-json\/wp\/v2\/media?parent=10342"}],"wp:term":[{"taxonomy":"product_brand","embeddable":true,"href":"https:\/\/gtmteknoloji.com\/b2b\/wp-json\/wp\/v2\/product_brand?post=10342"},{"taxonomy":"product_cat","embeddable":true,"href":"https:\/\/gtmteknoloji.com\/b2b\/wp-json\/wp\/v2\/product_cat?post=10342"},{"taxonomy":"product_tag","embeddable":true,"href":"https:\/\/gtmteknoloji.com\/b2b\/wp-json\/wp\/v2\/product_tag?post=10342"}],"curies":[{"name":"wp","href":"https:\/\/api.w.org\/{rel}","templated":true}]}}