{"id":10346,"date":"2025-11-13T17:18:07","date_gmt":"2025-11-13T14:18:07","guid":{"rendered":"https:\/\/gtmteknoloji.com\/b2b\/?post_type=product&#038;p=10346"},"modified":"2026-04-16T22:59:56","modified_gmt":"2026-04-16T19:59:56","slug":"nvidia-rtx-pro-4500-blackwell-pcie-5-32gb-900-5g147-0050-000","status":"publish","type":"product","link":"https:\/\/gtmteknoloji.com\/b2b\/magaza\/ekran-karti\/profesyonel-grafik-kartlari\/nvidia-rtx-pro-4500-blackwell-pcie-5-32gb-900-5g147-0050-000\/","title":{"rendered":"NVIDIA RTX PRO 4500 Blackwell PCIe 5 32GB | 900-5G147-0050-000"},"content":{"rendered":"<p>&nbsp;<\/p>\n<table class=\"product-table\" dir=\"ltr\" cellspacing=\"0\" cellpadding=\"0\">\n<tbody>\n<tr>\n<td>\n<h1><span dir=\"auto\">NVIDIA RTX PRO 4500 Blackwell GPU<\/span><\/h1>\n<table class=\"product-table\" dir=\"ltr\" cellspacing=\"0\" cellpadding=\"0\">\n<tbody>\n<tr>\n<td><img decoding=\"async\" class=\"alignleft\" src=\"https:\/\/gtmteknoloji.com\/b2b\/wp-content\/uploads\/2025\/11\/RTX-PRO-4500-Blackwell-gtm-teknoloji.png\" alt=\"NVIDIA RTX PRO 4500 Blackwell GPU G\u00f6rseli\" width=\"500\" height=\"500\" \/><\/td>\n<td>**NVIDIA RTX PRO\u2122 4500 Blackwell Nesli**, \u00e7\u0131\u011f\u0131r a\u00e7an **yapay zeka h\u0131zland\u0131rmas\u0131**, sinirsel i\u015fleme ve **32 GB ultra h\u0131zl\u0131 bellek** ile yarat\u0131c\u0131, m\u00fchendislik ve bilimsel i\u015f ak\u0131\u015flar\u0131n\u0131 g\u00fc\u00e7lendiriyor. 5. Nesil Tens\u00f6r \u00c7ekirdekleri, 4. Nesil RT \u00c7ekirdekleri ve Blackwell&#8217;in geli\u015fmi\u015f **CUDA mimarisiyle** donat\u0131lan bu i\u015flemci, profesyonellerin \u00f6nc\u00fc yapay zeka sistemlerine \u00f6nc\u00fcl\u00fck etmesini, fotoger\u00e7ek\u00e7i fizik sim\u00fclasyonlar\u0131 yapmas\u0131n\u0131 ve sinematik 3B d\u00fcnyalar olu\u015fturmas\u0131n\u0131 sa\u011fl\u0131yor; t\u00fcm bunlar\u0131 yaparken de her zamankinden daha **b\u00fcy\u00fck veri k\u00fcmelerini** ve daha **karma\u015f\u0131k i\u015f y\u00fcklerini** ele al\u0131yor.<\/td>\n<\/tr>\n<\/tbody>\n<\/table>\n<div class=\"features-section\">\n<h3>\u00d6zellikler<\/h3>\n<ul class=\"product-features\">\n<li>NVIDIA Blackwell Mimarisi<\/li>\n<li>ECC&#8217;li 32 GB GDDR7<\/li>\n<li>NVIDIA RTX PRO SYNC Uyumlu<\/li>\n<li>4 x Ekran Ba\u011flant\u0131 Noktas\u0131 2.1<\/li>\n<li>10.496 CUDA \u00c7ekirdek<\/li>\n<li>Maksimum G\u00fc\u00e7 T\u00fcketimi 200 W<\/li>\n<\/ul>\n<hr \/>\n<h3>Teknik Detaylar<\/h3>\n<div class=\"spec-rows\">\n<div class=\"spec-row\"><span class=\"spec-label\">CUDA Paralel \u0130\u015flem \u00c7ekirdekleri<\/span><br \/>\n<span class=\"spec-value\">10.496<\/span><\/div>\n<div class=\"spec-row\"><span class=\"spec-label\">NVIDIA Tensor \u00c7ekirdekleri (5. Nesil)<\/span><br \/>\n<span class=\"spec-value\">328<\/span><\/div>\n<div class=\"spec-row\"><span class=\"spec-label\">NVIDIA RT \u00c7ekirdekleri (4. Nesil)<\/span><br \/>\n<span class=\"spec-value\">82<\/span><\/div>\n<div class=\"spec-row\"><span class=\"spec-label\">GPU Belle\u011fi<\/span><br \/>\n<span class=\"spec-value\">ECC&#8217;li 32 GB GDDR7<\/span><\/div>\n<div class=\"spec-row\"><span class=\"spec-label\">Form Fakt\u00f6r\u00fc<\/span><br \/>\n<span class=\"spec-value\">4,4\u201d Y x 10,5\u201d U, FHFL \u00c7ift Yuva<\/span><\/div>\n<\/div>\n<\/div>\n<\/td>\n<td><\/td>\n<\/tr>\n<\/tbody>\n<\/table>\n","protected":false},"excerpt":{"rendered":"<p>&nbsp; NVIDIA RTX PRO 4500 Blackwell GPU **NVIDIA RTX PRO\u2122 4500 Blackwell Nesli**, \u00e7\u0131\u011f\u0131r a\u00e7an **yapay zeka h\u0131zland\u0131rmas\u0131**, sinirsel i\u015fleme<\/p>\n","protected":false},"featured_media":10351,"template":"","meta":[],"product_brand":[342,341,338],"product_cat":[1736,1737],"product_tag":[3113,3114,3112,3094,3082,3118,3083,3116,3121,3115,3120,3124,3122,3077,3123,3117,3097,3119],"class_list":{"0":"post-10346","1":"product","2":"type-product","3":"status-publish","4":"has-post-thumbnail","6":"product_brand-nvidia-npn-partner-gtmteknoloji","7":"product_brand-pny-ekran-karti","8":"product_brand-supermicro-server-turkiye","9":"product_cat-ekran-karti","10":"product_cat-profesyonel-grafik-kartlari","11":"product_tag-10496-cuda-cekirdegi","12":"product_tag-200w-tdp","13":"product_tag-32-gb-gddr7-ecc","14":"product_tag-3d-modelleme","15":"product_tag-4-nesil-rt-cekirdek","16":"product_tag-4x-displayport-2-1b","17":"product_tag-5-nesil-tensor-cekirdek","18":"product_tag-896-gb-s-bant-genisligi","19":"product_tag-8k-render","20":"product_tag-cift-yuvali-tasarim","21":"product_tag-generative-ai","22":"product_tag-is-istasyonu-ekran-karti-satin-al","23":"product_tag-muhendislik-simulasyonlari","24":"product_tag-nvidia-blackwell-mimarisi","25":"product_tag-nvidia-gpu-satin-al","26":"product_tag-pci-express-5-0-x16","27":"product_tag-workstation-gpu","28":"product_tag-yapay-zeka-hizlandirma","29":"pa_marka-pny","31":"first","32":"instock","33":"taxable","34":"shipping-taxable","35":"product-type-external"},"yoast_head":"<!-- This site is optimized with the Yoast SEO Premium plugin v27.4 (Yoast SEO v27.4) - https:\/\/yoast.com\/product\/yoast-seo-premium-wordpress\/ -->\n<title>RTX Pro 4500 Blackwell ile 5. Nesil Tensor \u00c7ekirdekleri - GTM Teknoloji<\/title>\n<meta name=\"description\" content=\"32 GB ultra h\u0131zl\u0131 belle\u011fi ile RTX Pro 4500 Blackwell, yarat\u0131c\u0131 s\u00fcrecinizi h\u0131zland\u0131r\u0131r. Yeni bak\u0131\u015f a\u00e7\u0131lar\u0131 kazanmak i\u00e7in hemen ke\u015ffedin! \ud83c\udfa8\" \/>\n<meta name=\"robots\" content=\"index, follow, max-snippet:-1, max-image-preview:large, max-video-preview:-1\" \/>\n<link rel=\"canonical\" href=\"https:\/\/gtmteknoloji.com\/b2b\/magaza\/ekran-karti\/profesyonel-grafik-kartlari\/nvidia-rtx-pro-4500-blackwell-pcie-5-32gb-900-5g147-0050-000\/\" \/>\n<meta property=\"og:locale\" content=\"tr_TR\" \/>\n<meta property=\"og:type\" content=\"article\" \/>\n<meta property=\"og:title\" content=\"NVIDIA RTX PRO 4500 Blackwell PCIe 5 32GB | 900-5G147-0050-000\" \/>\n<meta property=\"og:description\" content=\"32 GB ultra h\u0131zl\u0131 belle\u011fi ile RTX Pro 4500 Blackwell, yarat\u0131c\u0131 s\u00fcrecinizi h\u0131zland\u0131r\u0131r. Yeni bak\u0131\u015f a\u00e7\u0131lar\u0131 kazanmak i\u00e7in hemen ke\u015ffedin! \ud83c\udfa8\" \/>\n<meta property=\"og:url\" content=\"https:\/\/gtmteknoloji.com\/b2b\/magaza\/ekran-karti\/profesyonel-grafik-kartlari\/nvidia-rtx-pro-4500-blackwell-pcie-5-32gb-900-5g147-0050-000\/\" \/>\n<meta property=\"og:site_name\" content=\"GTM Teknoloji\" \/>\n<meta property=\"article:publisher\" content=\"https:\/\/www.facebook.com\/SupermicroTurkiye\/?locale=tr_TR\" \/>\n<meta property=\"article:modified_time\" content=\"2026-04-16T19:59:56+00:00\" \/>\n<meta property=\"og:image\" content=\"https:\/\/gtmteknoloji.com\/b2b\/wp-content\/uploads\/2025\/11\/RTX-PRO-4500-Blackwell-gtm-teknoloji.png\" \/>\n\t<meta property=\"og:image:width\" content=\"800\" \/>\n\t<meta property=\"og:image:height\" content=\"800\" \/>\n\t<meta property=\"og:image:type\" content=\"image\/png\" \/>\n<meta name=\"twitter:card\" content=\"summary_large_image\" \/>\n<meta name=\"twitter:site\" content=\"@gtmteknoloji\" \/>\n<meta name=\"twitter:label1\" content=\"Fiyat\" \/>\n\t<meta name=\"twitter:data1\" content=\"&#036;2.909,00 + KDV\" \/>\n\t<meta name=\"twitter:label2\" content=\"Durumu\" \/>\n\t<meta name=\"twitter:data2\" content=\"Stokta var\" \/>\n<script type=\"application\/ld+json\" class=\"yoast-schema-graph\">{\"@context\":\"https:\\\/\\\/schema.org\",\"@graph\":[{\"@type\":\"WebPage\",\"@id\":\"https:\\\/\\\/gtmteknoloji.com\\\/b2b\\\/magaza\\\/ekran-karti\\\/profesyonel-grafik-kartlari\\\/nvidia-rtx-pro-4500-blackwell-pcie-5-32gb-900-5g147-0050-000\\\/\",\"url\":\"https:\\\/\\\/gtmteknoloji.com\\\/b2b\\\/magaza\\\/ekran-karti\\\/profesyonel-grafik-kartlari\\\/nvidia-rtx-pro-4500-blackwell-pcie-5-32gb-900-5g147-0050-000\\\/\",\"name\":\"RTX Pro 4500 Blackwell ile 5. Nesil Tensor \u00c7ekirdekleri - GTM Teknoloji\",\"isPartOf\":{\"@id\":\"https:\\\/\\\/gtmteknoloji.com\\\/b2b\\\/#website\"},\"primaryImageOfPage\":{\"@id\":\"https:\\\/\\\/gtmteknoloji.com\\\/b2b\\\/magaza\\\/ekran-karti\\\/profesyonel-grafik-kartlari\\\/nvidia-rtx-pro-4500-blackwell-pcie-5-32gb-900-5g147-0050-000\\\/#primaryimage\"},\"image\":{\"@id\":\"https:\\\/\\\/gtmteknoloji.com\\\/b2b\\\/magaza\\\/ekran-karti\\\/profesyonel-grafik-kartlari\\\/nvidia-rtx-pro-4500-blackwell-pcie-5-32gb-900-5g147-0050-000\\\/#primaryimage\"},\"thumbnailUrl\":\"https:\\\/\\\/gtmteknoloji.com\\\/b2b\\\/wp-content\\\/uploads\\\/2025\\\/11\\\/RTX-PRO-4500-Blackwell-gtm-teknoloji.png\",\"datePublished\":\"2025-11-13T14:18:07+00:00\",\"dateModified\":\"2026-04-16T19:59:56+00:00\",\"description\":\"32 GB ultra h\u0131zl\u0131 belle\u011fi ile RTX Pro 4500 Blackwell, yarat\u0131c\u0131 s\u00fcrecinizi h\u0131zland\u0131r\u0131r. Yeni bak\u0131\u015f a\u00e7\u0131lar\u0131 kazanmak i\u00e7in hemen ke\u015ffedin! \ud83c\udfa8\",\"breadcrumb\":{\"@id\":\"https:\\\/\\\/gtmteknoloji.com\\\/b2b\\\/magaza\\\/ekran-karti\\\/profesyonel-grafik-kartlari\\\/nvidia-rtx-pro-4500-blackwell-pcie-5-32gb-900-5g147-0050-000\\\/#breadcrumb\"},\"inLanguage\":\"tr\",\"potentialAction\":[{\"@type\":\"ReadAction\",\"target\":[\"https:\\\/\\\/gtmteknoloji.com\\\/b2b\\\/magaza\\\/ekran-karti\\\/profesyonel-grafik-kartlari\\\/nvidia-rtx-pro-4500-blackwell-pcie-5-32gb-900-5g147-0050-000\\\/\"]}]},{\"@type\":\"ImageObject\",\"inLanguage\":\"tr\",\"@id\":\"https:\\\/\\\/gtmteknoloji.com\\\/b2b\\\/magaza\\\/ekran-karti\\\/profesyonel-grafik-kartlari\\\/nvidia-rtx-pro-4500-blackwell-pcie-5-32gb-900-5g147-0050-000\\\/#primaryimage\",\"url\":\"https:\\\/\\\/gtmteknoloji.com\\\/b2b\\\/wp-content\\\/uploads\\\/2025\\\/11\\\/RTX-PRO-4500-Blackwell-gtm-teknoloji.png\",\"contentUrl\":\"https:\\\/\\\/gtmteknoloji.com\\\/b2b\\\/wp-content\\\/uploads\\\/2025\\\/11\\\/RTX-PRO-4500-Blackwell-gtm-teknoloji.png\",\"width\":800,\"height\":800},{\"@type\":\"BreadcrumbList\",\"@id\":\"https:\\\/\\\/gtmteknoloji.com\\\/b2b\\\/magaza\\\/ekran-karti\\\/profesyonel-grafik-kartlari\\\/nvidia-rtx-pro-4500-blackwell-pcie-5-32gb-900-5g147-0050-000\\\/#breadcrumb\",\"itemListElement\":[{\"@type\":\"ListItem\",\"position\":1,\"name\":\"Home\",\"item\":\"https:\\\/\\\/gtmteknoloji.com\\\/b2b\\\/\"},{\"@type\":\"ListItem\",\"position\":2,\"name\":\"Ma\u011faza\",\"item\":\"https:\\\/\\\/gtmteknoloji.com\\\/b2b\\\/magaza\\\/\"},{\"@type\":\"ListItem\",\"position\":3,\"name\":\"NVIDIA RTX PRO 4500 Blackwell PCIe 5 32GB | 900-5G147-0050-000\"}]},{\"@type\":\"WebSite\",\"@id\":\"https:\\\/\\\/gtmteknoloji.com\\\/b2b\\\/#website\",\"url\":\"https:\\\/\\\/gtmteknoloji.com\\\/b2b\\\/\",\"name\":\"GTM Teknoloji\",\"description\":\"B2B Sat\u0131\u015f Portal\u0131\",\"publisher\":{\"@id\":\"https:\\\/\\\/gtmteknoloji.com\\\/b2b\\\/#organization\"},\"potentialAction\":[{\"@type\":\"SearchAction\",\"target\":{\"@type\":\"EntryPoint\",\"urlTemplate\":\"https:\\\/\\\/gtmteknoloji.com\\\/b2b\\\/?s={search_term_string}\"},\"query-input\":{\"@type\":\"PropertyValueSpecification\",\"valueRequired\":true,\"valueName\":\"search_term_string\"}}],\"inLanguage\":\"tr\"},{\"@type\":\"Organization\",\"@id\":\"https:\\\/\\\/gtmteknoloji.com\\\/b2b\\\/#organization\",\"name\":\"GTM Teknoloji\",\"url\":\"https:\\\/\\\/gtmteknoloji.com\\\/b2b\\\/\",\"logo\":{\"@type\":\"ImageObject\",\"inLanguage\":\"tr\",\"@id\":\"https:\\\/\\\/gtmteknoloji.com\\\/b2b\\\/#\\\/schema\\\/logo\\\/image\\\/\",\"url\":\"https:\\\/\\\/gtmteknoloji.com\\\/b2b\\\/wp-content\\\/uploads\\\/2020\\\/12\\\/GTM-logo.png\",\"contentUrl\":\"https:\\\/\\\/gtmteknoloji.com\\\/b2b\\\/wp-content\\\/uploads\\\/2020\\\/12\\\/GTM-logo.png\",\"width\":400,\"height\":400,\"caption\":\"GTM Teknoloji\"},\"image\":{\"@id\":\"https:\\\/\\\/gtmteknoloji.com\\\/b2b\\\/#\\\/schema\\\/logo\\\/image\\\/\"},\"sameAs\":[\"https:\\\/\\\/www.facebook.com\\\/SupermicroTurkiye\\\/?locale=tr_TR\",\"https:\\\/\\\/x.com\\\/gtmteknoloji\"]}]}<\/script>\n<meta property=\"product:brand\" content=\"Nvidia\" \/>\n<meta property=\"product:price:amount\" content=\"2909.00\" \/>\n<meta property=\"product:price:currency\" content=\"USD\" \/>\n<meta property=\"og:availability\" content=\"instock\" \/>\n<meta property=\"product:availability\" content=\"instock\" \/>\n<meta property=\"product:condition\" content=\"new\" \/>\n<!-- \/ Yoast SEO Premium plugin. -->","yoast_head_json":{"title":"RTX Pro 4500 Blackwell ile 5. Nesil Tensor \u00c7ekirdekleri - GTM Teknoloji","description":"32 GB ultra h\u0131zl\u0131 belle\u011fi ile RTX Pro 4500 Blackwell, yarat\u0131c\u0131 s\u00fcrecinizi h\u0131zland\u0131r\u0131r. Yeni bak\u0131\u015f a\u00e7\u0131lar\u0131 kazanmak i\u00e7in hemen ke\u015ffedin! \ud83c\udfa8","robots":{"index":"index","follow":"follow","max-snippet":"max-snippet:-1","max-image-preview":"max-image-preview:large","max-video-preview":"max-video-preview:-1"},"canonical":"https:\/\/gtmteknoloji.com\/b2b\/magaza\/ekran-karti\/profesyonel-grafik-kartlari\/nvidia-rtx-pro-4500-blackwell-pcie-5-32gb-900-5g147-0050-000\/","og_locale":"tr_TR","og_type":"article","og_title":"NVIDIA RTX PRO 4500 Blackwell PCIe 5 32GB | 900-5G147-0050-000","og_description":"32 GB ultra h\u0131zl\u0131 belle\u011fi ile RTX Pro 4500 Blackwell, yarat\u0131c\u0131 s\u00fcrecinizi h\u0131zland\u0131r\u0131r. Yeni bak\u0131\u015f a\u00e7\u0131lar\u0131 kazanmak i\u00e7in hemen ke\u015ffedin! \ud83c\udfa8","og_url":"https:\/\/gtmteknoloji.com\/b2b\/magaza\/ekran-karti\/profesyonel-grafik-kartlari\/nvidia-rtx-pro-4500-blackwell-pcie-5-32gb-900-5g147-0050-000\/","og_site_name":"GTM Teknoloji","article_publisher":"https:\/\/www.facebook.com\/SupermicroTurkiye\/?locale=tr_TR","article_modified_time":"2026-04-16T19:59:56+00:00","og_image":[{"width":800,"height":800,"url":"https:\/\/gtmteknoloji.com\/b2b\/wp-content\/uploads\/2025\/11\/RTX-PRO-4500-Blackwell-gtm-teknoloji.png","type":"image\/png"}],"twitter_card":"summary_large_image","twitter_site":"@gtmteknoloji","twitter_misc":{"Fiyat":"&#36;2.909,00 + KDV","Durumu":"Stokta var"},"schema":{"@context":"https:\/\/schema.org","@graph":[{"@type":"WebPage","@id":"https:\/\/gtmteknoloji.com\/b2b\/magaza\/ekran-karti\/profesyonel-grafik-kartlari\/nvidia-rtx-pro-4500-blackwell-pcie-5-32gb-900-5g147-0050-000\/","url":"https:\/\/gtmteknoloji.com\/b2b\/magaza\/ekran-karti\/profesyonel-grafik-kartlari\/nvidia-rtx-pro-4500-blackwell-pcie-5-32gb-900-5g147-0050-000\/","name":"RTX Pro 4500 Blackwell ile 5. Nesil Tensor \u00c7ekirdekleri - GTM Teknoloji","isPartOf":{"@id":"https:\/\/gtmteknoloji.com\/b2b\/#website"},"primaryImageOfPage":{"@id":"https:\/\/gtmteknoloji.com\/b2b\/magaza\/ekran-karti\/profesyonel-grafik-kartlari\/nvidia-rtx-pro-4500-blackwell-pcie-5-32gb-900-5g147-0050-000\/#primaryimage"},"image":{"@id":"https:\/\/gtmteknoloji.com\/b2b\/magaza\/ekran-karti\/profesyonel-grafik-kartlari\/nvidia-rtx-pro-4500-blackwell-pcie-5-32gb-900-5g147-0050-000\/#primaryimage"},"thumbnailUrl":"https:\/\/gtmteknoloji.com\/b2b\/wp-content\/uploads\/2025\/11\/RTX-PRO-4500-Blackwell-gtm-teknoloji.png","datePublished":"2025-11-13T14:18:07+00:00","dateModified":"2026-04-16T19:59:56+00:00","description":"32 GB ultra h\u0131zl\u0131 belle\u011fi ile RTX Pro 4500 Blackwell, yarat\u0131c\u0131 s\u00fcrecinizi h\u0131zland\u0131r\u0131r. Yeni bak\u0131\u015f a\u00e7\u0131lar\u0131 kazanmak i\u00e7in hemen ke\u015ffedin! \ud83c\udfa8","breadcrumb":{"@id":"https:\/\/gtmteknoloji.com\/b2b\/magaza\/ekran-karti\/profesyonel-grafik-kartlari\/nvidia-rtx-pro-4500-blackwell-pcie-5-32gb-900-5g147-0050-000\/#breadcrumb"},"inLanguage":"tr","potentialAction":[{"@type":"ReadAction","target":["https:\/\/gtmteknoloji.com\/b2b\/magaza\/ekran-karti\/profesyonel-grafik-kartlari\/nvidia-rtx-pro-4500-blackwell-pcie-5-32gb-900-5g147-0050-000\/"]}]},{"@type":"ImageObject","inLanguage":"tr","@id":"https:\/\/gtmteknoloji.com\/b2b\/magaza\/ekran-karti\/profesyonel-grafik-kartlari\/nvidia-rtx-pro-4500-blackwell-pcie-5-32gb-900-5g147-0050-000\/#primaryimage","url":"https:\/\/gtmteknoloji.com\/b2b\/wp-content\/uploads\/2025\/11\/RTX-PRO-4500-Blackwell-gtm-teknoloji.png","contentUrl":"https:\/\/gtmteknoloji.com\/b2b\/wp-content\/uploads\/2025\/11\/RTX-PRO-4500-Blackwell-gtm-teknoloji.png","width":800,"height":800},{"@type":"BreadcrumbList","@id":"https:\/\/gtmteknoloji.com\/b2b\/magaza\/ekran-karti\/profesyonel-grafik-kartlari\/nvidia-rtx-pro-4500-blackwell-pcie-5-32gb-900-5g147-0050-000\/#breadcrumb","itemListElement":[{"@type":"ListItem","position":1,"name":"Home","item":"https:\/\/gtmteknoloji.com\/b2b\/"},{"@type":"ListItem","position":2,"name":"Ma\u011faza","item":"https:\/\/gtmteknoloji.com\/b2b\/magaza\/"},{"@type":"ListItem","position":3,"name":"NVIDIA RTX PRO 4500 Blackwell PCIe 5 32GB | 900-5G147-0050-000"}]},{"@type":"WebSite","@id":"https:\/\/gtmteknoloji.com\/b2b\/#website","url":"https:\/\/gtmteknoloji.com\/b2b\/","name":"GTM Teknoloji","description":"B2B Sat\u0131\u015f Portal\u0131","publisher":{"@id":"https:\/\/gtmteknoloji.com\/b2b\/#organization"},"potentialAction":[{"@type":"SearchAction","target":{"@type":"EntryPoint","urlTemplate":"https:\/\/gtmteknoloji.com\/b2b\/?s={search_term_string}"},"query-input":{"@type":"PropertyValueSpecification","valueRequired":true,"valueName":"search_term_string"}}],"inLanguage":"tr"},{"@type":"Organization","@id":"https:\/\/gtmteknoloji.com\/b2b\/#organization","name":"GTM Teknoloji","url":"https:\/\/gtmteknoloji.com\/b2b\/","logo":{"@type":"ImageObject","inLanguage":"tr","@id":"https:\/\/gtmteknoloji.com\/b2b\/#\/schema\/logo\/image\/","url":"https:\/\/gtmteknoloji.com\/b2b\/wp-content\/uploads\/2020\/12\/GTM-logo.png","contentUrl":"https:\/\/gtmteknoloji.com\/b2b\/wp-content\/uploads\/2020\/12\/GTM-logo.png","width":400,"height":400,"caption":"GTM Teknoloji"},"image":{"@id":"https:\/\/gtmteknoloji.com\/b2b\/#\/schema\/logo\/image\/"},"sameAs":["https:\/\/www.facebook.com\/SupermicroTurkiye\/?locale=tr_TR","https:\/\/x.com\/gtmteknoloji"]}]},"product_brand":"Nvidia","product_price_amount":"2909.00","product_price_currency":"USD","og_availability":"instock","product_availability":"instock","product_condition":"new"},"_links":{"self":[{"href":"https:\/\/gtmteknoloji.com\/b2b\/wp-json\/wp\/v2\/product\/10346","targetHints":{"allow":["GET"]}}],"collection":[{"href":"https:\/\/gtmteknoloji.com\/b2b\/wp-json\/wp\/v2\/product"}],"about":[{"href":"https:\/\/gtmteknoloji.com\/b2b\/wp-json\/wp\/v2\/types\/product"}],"version-history":[{"count":11,"href":"https:\/\/gtmteknoloji.com\/b2b\/wp-json\/wp\/v2\/product\/10346\/revisions"}],"predecessor-version":[{"id":10915,"href":"https:\/\/gtmteknoloji.com\/b2b\/wp-json\/wp\/v2\/product\/10346\/revisions\/10915"}],"wp:featuredmedia":[{"embeddable":true,"href":"https:\/\/gtmteknoloji.com\/b2b\/wp-json\/wp\/v2\/media\/10351"}],"wp:attachment":[{"href":"https:\/\/gtmteknoloji.com\/b2b\/wp-json\/wp\/v2\/media?parent=10346"}],"wp:term":[{"taxonomy":"product_brand","embeddable":true,"href":"https:\/\/gtmteknoloji.com\/b2b\/wp-json\/wp\/v2\/product_brand?post=10346"},{"taxonomy":"product_cat","embeddable":true,"href":"https:\/\/gtmteknoloji.com\/b2b\/wp-json\/wp\/v2\/product_cat?post=10346"},{"taxonomy":"product_tag","embeddable":true,"href":"https:\/\/gtmteknoloji.com\/b2b\/wp-json\/wp\/v2\/product_tag?post=10346"}],"curies":[{"name":"wp","href":"https:\/\/api.w.org\/{rel}","templated":true}]}}