{"id":10364,"date":"2025-11-13T17:57:01","date_gmt":"2025-11-13T14:57:01","guid":{"rendered":"https:\/\/gtmteknoloji.com\/b2b\/?post_type=product&#038;p=10364"},"modified":"2026-04-16T22:54:33","modified_gmt":"2026-04-16T19:54:33","slug":"nvidia-rtx-pro-2000-blackwell-pcie-5-16gb-pro-gpu-900-5g195-2250-000","status":"publish","type":"product","link":"https:\/\/gtmteknoloji.com\/b2b\/magaza\/ekran-karti\/profesyonel-grafik-kartlari\/nvidia-rtx-pro-2000-blackwell-pcie-5-16gb-pro-gpu-900-5g195-2250-000\/","title":{"rendered":"NVIDIA RTX PRO 2000 Blackwell PCIe 5 16GB | 900-5G195-2250-000"},"content":{"rendered":"<h1>NVIDIA RTX PRO 2000 Blackwell SFF 16GB<\/h1>\n<table class=\"product-table\" dir=\"ltr\" cellspacing=\"0\" cellpadding=\"0\">\n<tbody>\n<tr>\n<td><img decoding=\"async\" src=\"https:\/\/gtmteknoloji.com\/b2b\/wp-content\/uploads\/2025\/11\/RTX-PRO-4000-SFF-gtm-teknoloji-300x300.png\" alt=\"NVIDIA RTX PRO 2000 Blackwell SFF G\u00f6rseli\" width=\"400\" height=\"400\" \/><\/td>\n<td>**NVIDIA RTX PRO\u2122 2000 GPU**, g\u00fc\u00e7 a\u00e7\u0131s\u0131ndan verimli ve **kompakt (SFF) bir form fakt\u00f6r\u00fcnde** \u00e7\u0131\u011f\u0131r a\u00e7an bir performans sunar. **16 GB ultra h\u0131zl\u0131 GDDR7 bellek** ile bu g\u00fc\u00e7l\u00fc i\u015flemci, benzersiz \u00fcretkenlik i\u00e7in karma\u015f\u0131k **yapay zeka destekli** \u00e7oklu uygulama ve grafik i\u015f ak\u0131\u015flar\u0131n\u0131 h\u0131zland\u0131r\u0131r. S\u0131n\u0131rl\u0131 alana sahip profesyonel i\u015f istasyonlar\u0131 i\u00e7in idealdir.<\/td>\n<\/tr>\n<\/tbody>\n<\/table>\n<div class=\"features-section\">\n<h2>\u00d6zellikler ve Teknik Detaylar<\/h2>\n<ul class=\"spec-list\">\n<li><span class=\"spec-label\">Mimari<\/span><br \/>\n<span class=\"spec-value\">NVIDIA Blackwell Mimarisi<\/span><\/li>\n<li><span class=\"spec-label\">Bellek<\/span><br \/>\n<span class=\"spec-value\">ECC&#8217;li 16 GB GDDR7<\/span><\/li>\n<li><span class=\"spec-label\">Tensor \u00c7ekirdekleri (5. Nesil)<\/span><br \/>\n<span class=\"spec-value\">136<\/span><\/li>\n<li><span class=\"spec-label\">RT \u00c7ekirdekleri (4. Nesil)<\/span><br \/>\n<span class=\"spec-value\">34<\/span><\/li>\n<li><span class=\"spec-label\">CUDA Paralel \u0130\u015flem \u00c7ekirdekleri<\/span><br \/>\n<span class=\"spec-value\">4.352<\/span><\/li>\n<li><span class=\"spec-label\">Maksimum G\u00fc\u00e7 T\u00fcketimi<\/span><br \/>\n<span class=\"spec-value\">70 W<\/span><\/li>\n<li><span class=\"spec-label\">Form Fakt\u00f6r\u00fc<\/span><br \/>\n<span class=\"spec-value\">2,7&#8243; Y x 6,6&#8243; U, \u00c7ift Yuval\u0131 SFF (Small Form Factor)<\/span><\/li>\n<li><span class=\"spec-label\">So\u011futma<\/span><br \/>\n<span class=\"spec-value\">Aktif Fan<\/span><\/li>\n<\/ul>\n<\/div>\n<p>&nbsp;<\/p>\n","protected":false},"excerpt":{"rendered":"<p>NVIDIA RTX PRO 2000 Blackwell SFF 16GB **NVIDIA RTX PRO\u2122 2000 GPU**, g\u00fc\u00e7 a\u00e7\u0131s\u0131ndan verimli ve **kompakt (SFF) bir form<\/p>\n","protected":false},"featured_media":10326,"template":"","meta":[],"product_brand":[342,341],"product_cat":[1736,1737],"product_tag":[3128,3130,3082,3129,3132,3083,3084,3133,3137,3139,3138,3135,3126,3136,3077,3125,3131,3127,3078,3134],"class_list":{"0":"post-10364","1":"product","2":"type-product","3":"status-publish","4":"has-post-thumbnail","6":"product_brand-nvidia-npn-partner-gtmteknoloji","7":"product_brand-pny-ekran-karti","8":"product_cat-ekran-karti","9":"product_cat-profesyonel-grafik-kartlari","10":"product_tag-16-gb-gddr7-ecc","11":"product_tag-288-gb-s-bant-genisligi","12":"product_tag-4-nesil-rt-cekirdek","13":"product_tag-4352-cuda-cekirdegi","14":"product_tag-4x-mini-displayport-2-1b","15":"product_tag-5-nesil-tensor-cekirdek","16":"product_tag-70w-maksimum-guc-tuketimi","17":"product_tag-ana-akim-profesyonel-performans","18":"product_tag-animasyon-ekran-karti","19":"product_tag-dell-workstation","20":"product_tag-hp-ws","21":"product_tag-isv-sertifikali","22":"product_tag-kompakt-gpu","23":"product_tag-massaustu-is-istasyonu-gpu","24":"product_tag-nvidia-blackwell-mimarisi","25":"product_tag-nvidia-rtx-pro-2000-blackwell","26":"product_tag-pci-express-5-0-x8","27":"product_tag-sff-uyumlu","28":"product_tag-workstation-ekran-karti","29":"product_tag-yuksek-verimlilik","30":"pa_marka-pny","32":"first","33":"instock","34":"taxable","35":"shipping-taxable","36":"product-type-external"},"yoast_head":"<!-- This site is optimized with the Yoast SEO Premium plugin v27.4 (Yoast SEO v27.4) - https:\/\/yoast.com\/product\/yoast-seo-premium-wordpress\/ -->\n<title>RTX Pro 2000 ile Yapay Zeka Destekli Grafik \u0130\u015flemleri<\/title>\n<meta name=\"description\" content=\"Etkileyici performans sunan Nvidia RTX Pro 2000 ile karma\u015f\u0131k grafik i\u015f ak\u0131\u015flar\u0131n\u0131z\u0131 h\u0131zland\u0131r\u0131n. 16 GB GDDR7 bellek ile yarat\u0131c\u0131 olun!\" \/>\n<meta name=\"robots\" content=\"index, follow, max-snippet:-1, max-image-preview:large, max-video-preview:-1\" \/>\n<link rel=\"canonical\" href=\"https:\/\/gtmteknoloji.com\/b2b\/magaza\/ekran-karti\/profesyonel-grafik-kartlari\/nvidia-rtx-pro-2000-blackwell-pcie-5-16gb-pro-gpu-900-5g195-2250-000\/\" \/>\n<meta property=\"og:locale\" content=\"tr_TR\" \/>\n<meta property=\"og:type\" content=\"article\" \/>\n<meta property=\"og:title\" content=\"NVIDIA RTX PRO 2000 Blackwell PCIe 5 16GB | 900-5G195-2250-000\" \/>\n<meta property=\"og:description\" content=\"Etkileyici performans sunan Nvidia RTX Pro 2000 ile karma\u015f\u0131k grafik i\u015f ak\u0131\u015flar\u0131n\u0131z\u0131 h\u0131zland\u0131r\u0131n. 16 GB GDDR7 bellek ile yarat\u0131c\u0131 olun!\" \/>\n<meta property=\"og:url\" content=\"https:\/\/gtmteknoloji.com\/b2b\/magaza\/ekran-karti\/profesyonel-grafik-kartlari\/nvidia-rtx-pro-2000-blackwell-pcie-5-16gb-pro-gpu-900-5g195-2250-000\/\" \/>\n<meta property=\"og:site_name\" content=\"GTM Teknoloji\" \/>\n<meta property=\"article:publisher\" content=\"https:\/\/www.facebook.com\/SupermicroTurkiye\/?locale=tr_TR\" \/>\n<meta property=\"article:modified_time\" content=\"2026-04-16T19:54:33+00:00\" \/>\n<meta property=\"og:image\" content=\"https:\/\/gtmteknoloji.com\/b2b\/wp-content\/uploads\/2025\/11\/RTX-PRO-4000-SFF-gtm-teknoloji.png\" \/>\n\t<meta property=\"og:image:width\" content=\"800\" \/>\n\t<meta property=\"og:image:height\" content=\"800\" \/>\n\t<meta property=\"og:image:type\" content=\"image\/png\" \/>\n<meta name=\"twitter:card\" content=\"summary_large_image\" \/>\n<meta name=\"twitter:site\" content=\"@gtmteknoloji\" \/>\n<meta name=\"twitter:label1\" content=\"Fiyat\" \/>\n\t<meta name=\"twitter:data1\" content=\"&#036;850,00 + KDV\" \/>\n\t<meta name=\"twitter:label2\" content=\"Durumu\" \/>\n\t<meta name=\"twitter:data2\" content=\"Stokta var\" \/>\n<script type=\"application\/ld+json\" class=\"yoast-schema-graph\">{\"@context\":\"https:\\\/\\\/schema.org\",\"@graph\":[{\"@type\":\"WebPage\",\"@id\":\"https:\\\/\\\/gtmteknoloji.com\\\/b2b\\\/magaza\\\/ekran-karti\\\/profesyonel-grafik-kartlari\\\/nvidia-rtx-pro-2000-blackwell-pcie-5-16gb-pro-gpu-900-5g195-2250-000\\\/\",\"url\":\"https:\\\/\\\/gtmteknoloji.com\\\/b2b\\\/magaza\\\/ekran-karti\\\/profesyonel-grafik-kartlari\\\/nvidia-rtx-pro-2000-blackwell-pcie-5-16gb-pro-gpu-900-5g195-2250-000\\\/\",\"name\":\"RTX Pro 2000 ile Yapay Zeka Destekli Grafik \u0130\u015flemleri\",\"isPartOf\":{\"@id\":\"https:\\\/\\\/gtmteknoloji.com\\\/b2b\\\/#website\"},\"primaryImageOfPage\":{\"@id\":\"https:\\\/\\\/gtmteknoloji.com\\\/b2b\\\/magaza\\\/ekran-karti\\\/profesyonel-grafik-kartlari\\\/nvidia-rtx-pro-2000-blackwell-pcie-5-16gb-pro-gpu-900-5g195-2250-000\\\/#primaryimage\"},\"image\":{\"@id\":\"https:\\\/\\\/gtmteknoloji.com\\\/b2b\\\/magaza\\\/ekran-karti\\\/profesyonel-grafik-kartlari\\\/nvidia-rtx-pro-2000-blackwell-pcie-5-16gb-pro-gpu-900-5g195-2250-000\\\/#primaryimage\"},\"thumbnailUrl\":\"https:\\\/\\\/gtmteknoloji.com\\\/b2b\\\/wp-content\\\/uploads\\\/2025\\\/11\\\/RTX-PRO-4000-SFF-gtm-teknoloji.png\",\"datePublished\":\"2025-11-13T14:57:01+00:00\",\"dateModified\":\"2026-04-16T19:54:33+00:00\",\"description\":\"Etkileyici performans sunan Nvidia RTX Pro 2000 ile karma\u015f\u0131k grafik i\u015f ak\u0131\u015flar\u0131n\u0131z\u0131 h\u0131zland\u0131r\u0131n. 16 GB GDDR7 bellek ile yarat\u0131c\u0131 olun!\",\"breadcrumb\":{\"@id\":\"https:\\\/\\\/gtmteknoloji.com\\\/b2b\\\/magaza\\\/ekran-karti\\\/profesyonel-grafik-kartlari\\\/nvidia-rtx-pro-2000-blackwell-pcie-5-16gb-pro-gpu-900-5g195-2250-000\\\/#breadcrumb\"},\"inLanguage\":\"tr\",\"potentialAction\":[{\"@type\":\"ReadAction\",\"target\":[\"https:\\\/\\\/gtmteknoloji.com\\\/b2b\\\/magaza\\\/ekran-karti\\\/profesyonel-grafik-kartlari\\\/nvidia-rtx-pro-2000-blackwell-pcie-5-16gb-pro-gpu-900-5g195-2250-000\\\/\"]}]},{\"@type\":\"ImageObject\",\"inLanguage\":\"tr\",\"@id\":\"https:\\\/\\\/gtmteknoloji.com\\\/b2b\\\/magaza\\\/ekran-karti\\\/profesyonel-grafik-kartlari\\\/nvidia-rtx-pro-2000-blackwell-pcie-5-16gb-pro-gpu-900-5g195-2250-000\\\/#primaryimage\",\"url\":\"https:\\\/\\\/gtmteknoloji.com\\\/b2b\\\/wp-content\\\/uploads\\\/2025\\\/11\\\/RTX-PRO-4000-SFF-gtm-teknoloji.png\",\"contentUrl\":\"https:\\\/\\\/gtmteknoloji.com\\\/b2b\\\/wp-content\\\/uploads\\\/2025\\\/11\\\/RTX-PRO-4000-SFF-gtm-teknoloji.png\",\"width\":800,\"height\":800},{\"@type\":\"BreadcrumbList\",\"@id\":\"https:\\\/\\\/gtmteknoloji.com\\\/b2b\\\/magaza\\\/ekran-karti\\\/profesyonel-grafik-kartlari\\\/nvidia-rtx-pro-2000-blackwell-pcie-5-16gb-pro-gpu-900-5g195-2250-000\\\/#breadcrumb\",\"itemListElement\":[{\"@type\":\"ListItem\",\"position\":1,\"name\":\"Home\",\"item\":\"https:\\\/\\\/gtmteknoloji.com\\\/b2b\\\/\"},{\"@type\":\"ListItem\",\"position\":2,\"name\":\"Ma\u011faza\",\"item\":\"https:\\\/\\\/gtmteknoloji.com\\\/b2b\\\/magaza\\\/\"},{\"@type\":\"ListItem\",\"position\":3,\"name\":\"NVIDIA RTX PRO 2000 Blackwell PCIe 5 16GB | 900-5G195-2250-000\"}]},{\"@type\":\"WebSite\",\"@id\":\"https:\\\/\\\/gtmteknoloji.com\\\/b2b\\\/#website\",\"url\":\"https:\\\/\\\/gtmteknoloji.com\\\/b2b\\\/\",\"name\":\"GTM Teknoloji\",\"description\":\"B2B Sat\u0131\u015f Portal\u0131\",\"publisher\":{\"@id\":\"https:\\\/\\\/gtmteknoloji.com\\\/b2b\\\/#organization\"},\"potentialAction\":[{\"@type\":\"SearchAction\",\"target\":{\"@type\":\"EntryPoint\",\"urlTemplate\":\"https:\\\/\\\/gtmteknoloji.com\\\/b2b\\\/?s={search_term_string}\"},\"query-input\":{\"@type\":\"PropertyValueSpecification\",\"valueRequired\":true,\"valueName\":\"search_term_string\"}}],\"inLanguage\":\"tr\"},{\"@type\":\"Organization\",\"@id\":\"https:\\\/\\\/gtmteknoloji.com\\\/b2b\\\/#organization\",\"name\":\"GTM Teknoloji\",\"url\":\"https:\\\/\\\/gtmteknoloji.com\\\/b2b\\\/\",\"logo\":{\"@type\":\"ImageObject\",\"inLanguage\":\"tr\",\"@id\":\"https:\\\/\\\/gtmteknoloji.com\\\/b2b\\\/#\\\/schema\\\/logo\\\/image\\\/\",\"url\":\"https:\\\/\\\/gtmteknoloji.com\\\/b2b\\\/wp-content\\\/uploads\\\/2020\\\/12\\\/GTM-logo.png\",\"contentUrl\":\"https:\\\/\\\/gtmteknoloji.com\\\/b2b\\\/wp-content\\\/uploads\\\/2020\\\/12\\\/GTM-logo.png\",\"width\":400,\"height\":400,\"caption\":\"GTM Teknoloji\"},\"image\":{\"@id\":\"https:\\\/\\\/gtmteknoloji.com\\\/b2b\\\/#\\\/schema\\\/logo\\\/image\\\/\"},\"sameAs\":[\"https:\\\/\\\/www.facebook.com\\\/SupermicroTurkiye\\\/?locale=tr_TR\",\"https:\\\/\\\/x.com\\\/gtmteknoloji\"]}]}<\/script>\n<meta property=\"product:brand\" content=\"PNY\" \/>\n<meta property=\"product:price:amount\" content=\"850.00\" \/>\n<meta property=\"product:price:currency\" content=\"USD\" \/>\n<meta property=\"og:availability\" content=\"instock\" \/>\n<meta property=\"product:availability\" content=\"instock\" \/>\n<meta property=\"product:condition\" content=\"new\" \/>\n<!-- \/ Yoast SEO Premium plugin. -->","yoast_head_json":{"title":"RTX Pro 2000 ile Yapay Zeka Destekli Grafik \u0130\u015flemleri","description":"Etkileyici performans sunan Nvidia RTX Pro 2000 ile karma\u015f\u0131k grafik i\u015f ak\u0131\u015flar\u0131n\u0131z\u0131 h\u0131zland\u0131r\u0131n. 16 GB GDDR7 bellek ile yarat\u0131c\u0131 olun!","robots":{"index":"index","follow":"follow","max-snippet":"max-snippet:-1","max-image-preview":"max-image-preview:large","max-video-preview":"max-video-preview:-1"},"canonical":"https:\/\/gtmteknoloji.com\/b2b\/magaza\/ekran-karti\/profesyonel-grafik-kartlari\/nvidia-rtx-pro-2000-blackwell-pcie-5-16gb-pro-gpu-900-5g195-2250-000\/","og_locale":"tr_TR","og_type":"article","og_title":"NVIDIA RTX PRO 2000 Blackwell PCIe 5 16GB | 900-5G195-2250-000","og_description":"Etkileyici performans sunan Nvidia RTX Pro 2000 ile karma\u015f\u0131k grafik i\u015f ak\u0131\u015flar\u0131n\u0131z\u0131 h\u0131zland\u0131r\u0131n. 16 GB GDDR7 bellek ile yarat\u0131c\u0131 olun!","og_url":"https:\/\/gtmteknoloji.com\/b2b\/magaza\/ekran-karti\/profesyonel-grafik-kartlari\/nvidia-rtx-pro-2000-blackwell-pcie-5-16gb-pro-gpu-900-5g195-2250-000\/","og_site_name":"GTM Teknoloji","article_publisher":"https:\/\/www.facebook.com\/SupermicroTurkiye\/?locale=tr_TR","article_modified_time":"2026-04-16T19:54:33+00:00","og_image":[{"width":800,"height":800,"url":"https:\/\/gtmteknoloji.com\/b2b\/wp-content\/uploads\/2025\/11\/RTX-PRO-4000-SFF-gtm-teknoloji.png","type":"image\/png"}],"twitter_card":"summary_large_image","twitter_site":"@gtmteknoloji","twitter_misc":{"Fiyat":"&#36;850,00 + KDV","Durumu":"Stokta var"},"schema":{"@context":"https:\/\/schema.org","@graph":[{"@type":"WebPage","@id":"https:\/\/gtmteknoloji.com\/b2b\/magaza\/ekran-karti\/profesyonel-grafik-kartlari\/nvidia-rtx-pro-2000-blackwell-pcie-5-16gb-pro-gpu-900-5g195-2250-000\/","url":"https:\/\/gtmteknoloji.com\/b2b\/magaza\/ekran-karti\/profesyonel-grafik-kartlari\/nvidia-rtx-pro-2000-blackwell-pcie-5-16gb-pro-gpu-900-5g195-2250-000\/","name":"RTX Pro 2000 ile Yapay Zeka Destekli Grafik \u0130\u015flemleri","isPartOf":{"@id":"https:\/\/gtmteknoloji.com\/b2b\/#website"},"primaryImageOfPage":{"@id":"https:\/\/gtmteknoloji.com\/b2b\/magaza\/ekran-karti\/profesyonel-grafik-kartlari\/nvidia-rtx-pro-2000-blackwell-pcie-5-16gb-pro-gpu-900-5g195-2250-000\/#primaryimage"},"image":{"@id":"https:\/\/gtmteknoloji.com\/b2b\/magaza\/ekran-karti\/profesyonel-grafik-kartlari\/nvidia-rtx-pro-2000-blackwell-pcie-5-16gb-pro-gpu-900-5g195-2250-000\/#primaryimage"},"thumbnailUrl":"https:\/\/gtmteknoloji.com\/b2b\/wp-content\/uploads\/2025\/11\/RTX-PRO-4000-SFF-gtm-teknoloji.png","datePublished":"2025-11-13T14:57:01+00:00","dateModified":"2026-04-16T19:54:33+00:00","description":"Etkileyici performans sunan Nvidia RTX Pro 2000 ile karma\u015f\u0131k grafik i\u015f ak\u0131\u015flar\u0131n\u0131z\u0131 h\u0131zland\u0131r\u0131n. 16 GB GDDR7 bellek ile yarat\u0131c\u0131 olun!","breadcrumb":{"@id":"https:\/\/gtmteknoloji.com\/b2b\/magaza\/ekran-karti\/profesyonel-grafik-kartlari\/nvidia-rtx-pro-2000-blackwell-pcie-5-16gb-pro-gpu-900-5g195-2250-000\/#breadcrumb"},"inLanguage":"tr","potentialAction":[{"@type":"ReadAction","target":["https:\/\/gtmteknoloji.com\/b2b\/magaza\/ekran-karti\/profesyonel-grafik-kartlari\/nvidia-rtx-pro-2000-blackwell-pcie-5-16gb-pro-gpu-900-5g195-2250-000\/"]}]},{"@type":"ImageObject","inLanguage":"tr","@id":"https:\/\/gtmteknoloji.com\/b2b\/magaza\/ekran-karti\/profesyonel-grafik-kartlari\/nvidia-rtx-pro-2000-blackwell-pcie-5-16gb-pro-gpu-900-5g195-2250-000\/#primaryimage","url":"https:\/\/gtmteknoloji.com\/b2b\/wp-content\/uploads\/2025\/11\/RTX-PRO-4000-SFF-gtm-teknoloji.png","contentUrl":"https:\/\/gtmteknoloji.com\/b2b\/wp-content\/uploads\/2025\/11\/RTX-PRO-4000-SFF-gtm-teknoloji.png","width":800,"height":800},{"@type":"BreadcrumbList","@id":"https:\/\/gtmteknoloji.com\/b2b\/magaza\/ekran-karti\/profesyonel-grafik-kartlari\/nvidia-rtx-pro-2000-blackwell-pcie-5-16gb-pro-gpu-900-5g195-2250-000\/#breadcrumb","itemListElement":[{"@type":"ListItem","position":1,"name":"Home","item":"https:\/\/gtmteknoloji.com\/b2b\/"},{"@type":"ListItem","position":2,"name":"Ma\u011faza","item":"https:\/\/gtmteknoloji.com\/b2b\/magaza\/"},{"@type":"ListItem","position":3,"name":"NVIDIA RTX PRO 2000 Blackwell PCIe 5 16GB | 900-5G195-2250-000"}]},{"@type":"WebSite","@id":"https:\/\/gtmteknoloji.com\/b2b\/#website","url":"https:\/\/gtmteknoloji.com\/b2b\/","name":"GTM Teknoloji","description":"B2B Sat\u0131\u015f Portal\u0131","publisher":{"@id":"https:\/\/gtmteknoloji.com\/b2b\/#organization"},"potentialAction":[{"@type":"SearchAction","target":{"@type":"EntryPoint","urlTemplate":"https:\/\/gtmteknoloji.com\/b2b\/?s={search_term_string}"},"query-input":{"@type":"PropertyValueSpecification","valueRequired":true,"valueName":"search_term_string"}}],"inLanguage":"tr"},{"@type":"Organization","@id":"https:\/\/gtmteknoloji.com\/b2b\/#organization","name":"GTM Teknoloji","url":"https:\/\/gtmteknoloji.com\/b2b\/","logo":{"@type":"ImageObject","inLanguage":"tr","@id":"https:\/\/gtmteknoloji.com\/b2b\/#\/schema\/logo\/image\/","url":"https:\/\/gtmteknoloji.com\/b2b\/wp-content\/uploads\/2020\/12\/GTM-logo.png","contentUrl":"https:\/\/gtmteknoloji.com\/b2b\/wp-content\/uploads\/2020\/12\/GTM-logo.png","width":400,"height":400,"caption":"GTM Teknoloji"},"image":{"@id":"https:\/\/gtmteknoloji.com\/b2b\/#\/schema\/logo\/image\/"},"sameAs":["https:\/\/www.facebook.com\/SupermicroTurkiye\/?locale=tr_TR","https:\/\/x.com\/gtmteknoloji"]}]},"product_brand":"PNY","product_price_amount":"850.00","product_price_currency":"USD","og_availability":"instock","product_availability":"instock","product_condition":"new"},"_links":{"self":[{"href":"https:\/\/gtmteknoloji.com\/b2b\/wp-json\/wp\/v2\/product\/10364","targetHints":{"allow":["GET"]}}],"collection":[{"href":"https:\/\/gtmteknoloji.com\/b2b\/wp-json\/wp\/v2\/product"}],"about":[{"href":"https:\/\/gtmteknoloji.com\/b2b\/wp-json\/wp\/v2\/types\/product"}],"version-history":[{"count":4,"href":"https:\/\/gtmteknoloji.com\/b2b\/wp-json\/wp\/v2\/product\/10364\/revisions"}],"predecessor-version":[{"id":10913,"href":"https:\/\/gtmteknoloji.com\/b2b\/wp-json\/wp\/v2\/product\/10364\/revisions\/10913"}],"wp:featuredmedia":[{"embeddable":true,"href":"https:\/\/gtmteknoloji.com\/b2b\/wp-json\/wp\/v2\/media\/10326"}],"wp:attachment":[{"href":"https:\/\/gtmteknoloji.com\/b2b\/wp-json\/wp\/v2\/media?parent=10364"}],"wp:term":[{"taxonomy":"product_brand","embeddable":true,"href":"https:\/\/gtmteknoloji.com\/b2b\/wp-json\/wp\/v2\/product_brand?post=10364"},{"taxonomy":"product_cat","embeddable":true,"href":"https:\/\/gtmteknoloji.com\/b2b\/wp-json\/wp\/v2\/product_cat?post=10364"},{"taxonomy":"product_tag","embeddable":true,"href":"https:\/\/gtmteknoloji.com\/b2b\/wp-json\/wp\/v2\/product_tag?post=10364"}],"curies":[{"name":"wp","href":"https:\/\/api.w.org\/{rel}","templated":true}]}}