{"id":10390,"date":"2025-11-13T19:14:32","date_gmt":"2025-11-13T16:14:32","guid":{"rendered":"https:\/\/gtmteknoloji.com\/b2b\/?post_type=product&#038;p=10390"},"modified":"2026-04-16T22:57:26","modified_gmt":"2026-04-16T19:57:26","slug":"nvidia-rtx-a1000-8gb-900-5g172-2280-000","status":"publish","type":"product","link":"https:\/\/gtmteknoloji.com\/b2b\/magaza\/ekran-karti\/profesyonel-grafik-kartlari\/nvidia-rtx-a1000-8gb-900-5g172-2280-000\/","title":{"rendered":"NVIDIA RTX A1000 8GB Profesyonel GPU | 900-5G172-2280-000"},"content":{"rendered":"<div style=\"font-family: Arial, sans-serif; line-height: 1.8; color: #333;\">\n<div style=\"text-align: center; margin-bottom: 30px;\"><img decoding=\"async\" style=\"max-width: 100%; height: auto; border-radius: 10px; box-shadow: 0 5px 20px rgba(0,0,0,0.2);\" src=\"https:\/\/gtmteknoloji.com\/b2b\/wp-content\/uploads\/2025\/11\/04-NVIDIA-RTX-A1000-gtm-teknoloji.png\" alt=\"\u00dcr\u00fcn G\u00f6rseli\" \/><\/div>\n<h2 style=\"color: #76b900; font-size: 32px; font-weight: bold; margin: 30px 0 20px 0; text-transform: uppercase; letter-spacing: 1px; border-bottom: 3px solid #76B900; padding-bottom: 10px;\">NVIDIA RTX A1000 | Sonsuz olas\u0131l\u0131klar i\u00e7in performans<\/h2>\n<p style=\"font-size: 16px; margin-bottom: 20px; text-align: justify;\">Profesyoneller, performanstan \u00f6d\u00fcn vermeden masa\u00fcst\u00fc i\u015f istasyonlar\u0131n\u0131n kaplad\u0131\u011f\u0131 alan\u0131 en aza indirmeye \u00e7al\u0131\u015f\u0131rken, k\u00fc\u00e7\u00fck form fakt\u00f6rl\u00fc bilgi i\u015flem \u00e7\u00f6z\u00fcmleri giderek yayg\u0131nla\u015f\u0131yor. G\u00fcn\u00fcm\u00fcz\u00fcn profesyonel i\u015f ak\u0131\u015flar\u0131, kompakt bir pakette tam boyutlu \u00f6zellikler ve performans sunan k\u00fc\u00e7\u00fck form fakt\u00f6rl\u00fc i\u015f istasyonlar\u0131 gerektiriyor.<\/p>\n<p style=\"font-size: 16px; margin-bottom: 30px; text-align: justify;\">NVIDIA Ampere GPU mimarisi \u00fczerine in\u015fa edilen NVIDIA RTX\u2122 A1000 GPU, zorlu profesyonel uygulamalar\u0131n gerektirdi\u011fi performans ve yetenekleri sunan g\u00fc\u00e7l\u00fc ve d\u00fc\u015f\u00fck profilli bir \u00e7\u00f6z\u00fcmd\u00fcr. 2.304 CUDA\u00ae \u00c7ekirde\u011fi , 18 RT \u00c7ekirde\u011fi, 72 Tensor \u00c7ekirde\u011fi, 8 GB GDDR6 bellek ve d\u00f6rt adede kadar 5K ekran\u0131 destekleme \u00f6zelli\u011fiyle NVIDIA RTX A1000, \u00e7al\u0131\u015fmalar\u0131n\u0131z\u0131 bir \u00fcst seviyeye ta\u015f\u0131maya haz\u0131r.<\/p>\n<h3 style=\"color: #76b900; font-size: 24px; font-weight: bold; margin: 40px 0 20px 0; text-transform: uppercase;\">TEKN\u0130K \u00d6ZELL\u0130KLER<\/h3>\n<table style=\"width: 100%; border-collapse: collapse; margin: 20px 0; background: #f9f9f9; border-radius: 8px; overflow: hidden; box-shadow: 0 3px 10px rgba(0,0,0,0.1);\">\n<tbody>\n<tr style=\"background: #225dd3;\">\n<th style=\"padding: 15px; text-align: left; color: white; font-weight: bold; border-bottom: 2px solid #0e49bf;\">\u00d6ZELL\u0130K<\/th>\n<th style=\"padding: 15px; text-align: left; color: white; font-weight: bold; border-bottom: 2px solid #0e49bf;\">DE\u011eER<\/th>\n<\/tr>\n<tr style=\"background: #fff;\">\n<td style=\"padding: 12px 15px; border-bottom: 1px solid #e0e0e0; font-weight: 600;\">Par\u00e7a Numaras\u0131<\/td>\n<td style=\"padding: 12px 15px; border-bottom: 1px solid #e0e0e0;\">VCNRTXA1000ATX-PB<\/td>\n<\/tr>\n<tr style=\"background: #f5f5f5;\">\n<td style=\"padding: 12px 15px; border-bottom: 1px solid #e0e0e0; font-weight: 600;\">CUDA \u00c7ekirdekleri<\/td>\n<td style=\"padding: 12px 15px; border-bottom: 1px solid #e0e0e0;\">2304<\/td>\n<\/tr>\n<tr style=\"background: #fff;\">\n<td style=\"padding: 12px 15px; border-bottom: 1px solid #e0e0e0; font-weight: 600;\">Tens\u00f6r \u00c7ekirdekleri<\/td>\n<td style=\"padding: 12px 15px; border-bottom: 1px solid #e0e0e0;\">72<\/td>\n<\/tr>\n<tr style=\"background: #f5f5f5;\">\n<td style=\"padding: 12px 15px; border-bottom: 1px solid #e0e0e0; font-weight: 600;\">RT \u00c7ekirdekleri<\/td>\n<td style=\"padding: 12px 15px; border-bottom: 1px solid #e0e0e0;\">18<\/td>\n<\/tr>\n<tr style=\"background: #fff;\">\n<td style=\"padding: 12px 15px; border-bottom: 1px solid #e0e0e0; font-weight: 600;\">Tek Hassasiyetli Performans<\/td>\n<td style=\"padding: 12px 15px; border-bottom: 1px solid #e0e0e0;\">6,74 TFLOP<\/td>\n<\/tr>\n<tr style=\"background: #f5f5f5;\">\n<td style=\"padding: 12px 15px; border-bottom: 1px solid #e0e0e0; font-weight: 600;\">RT \u00c7ekirdek Performans\u0131<\/td>\n<td style=\"padding: 12px 15px; border-bottom: 1px solid #e0e0e0;\">13.2 TFLOP<\/td>\n<\/tr>\n<tr style=\"background: #fff;\">\n<td style=\"padding: 12px 15px; border-bottom: 1px solid #e0e0e0; font-weight: 600;\">Tens\u00f6r Performans\u0131<\/td>\n<td style=\"padding: 12px 15px; border-bottom: 1px solid #e0e0e0;\">53,8 TFLOPS<\/td>\n<\/tr>\n<tr style=\"background: #f5f5f5;\">\n<td style=\"padding: 12px 15px; border-bottom: 1px solid #e0e0e0; font-weight: 600;\">GPU Belle\u011fi<\/td>\n<td style=\"padding: 12px 15px; border-bottom: 1px solid #e0e0e0;\">8 GB GDDR6<\/td>\n<\/tr>\n<tr style=\"background: #fff;\">\n<td style=\"padding: 12px 15px; border-bottom: 1px solid #e0e0e0; font-weight: 600;\">Bellek Aray\u00fcz\u00fc<\/td>\n<td style=\"padding: 12px 15px; border-bottom: 1px solid #e0e0e0;\">128 bit<\/td>\n<\/tr>\n<tr style=\"background: #f5f5f5;\">\n<td style=\"padding: 12px 15px; border-bottom: 1px solid #e0e0e0; font-weight: 600;\">Bellek Bant Geni\u015fli\u011fi<\/td>\n<td style=\"padding: 12px 15px; border-bottom: 1px solid #e0e0e0;\">192 GB\/sn<\/td>\n<\/tr>\n<tr style=\"background: #fff;\">\n<td style=\"padding: 12px 15px; border-bottom: 1px solid #e0e0e0; font-weight: 600;\">Sistem Aray\u00fcz\u00fc<\/td>\n<td style=\"padding: 12px 15px; border-bottom: 1px solid #e0e0e0;\">PCI Express 4.0 x8<\/td>\n<\/tr>\n<tr style=\"background: #f5f5f5;\">\n<td style=\"padding: 12px 15px; border-bottom: 1px solid #e0e0e0; font-weight: 600;\">Ekran Ba\u011flay\u0131c\u0131lar\u0131<\/td>\n<td style=\"padding: 12px 15px; border-bottom: 1px solid #e0e0e0;\">4\u00d7 mDisplayPort 1.4a<\/td>\n<\/tr>\n<tr style=\"background: #fff;\">\n<td style=\"padding: 12px 15px; border-bottom: 1px solid #e0e0e0; font-weight: 600;\">Maksimum G\u00fc\u00e7 T\u00fcketimi<\/td>\n<td style=\"padding: 12px 15px; border-bottom: 1px solid #e0e0e0;\">50 W<\/td>\n<\/tr>\n<\/tbody>\n<\/table>\n<\/div>\n","protected":false},"excerpt":{"rendered":"<p>NVIDIA RTX A1000 | Sonsuz olas\u0131l\u0131klar i\u00e7in performans Profesyoneller, performanstan \u00f6d\u00fcn vermeden masa\u00fcst\u00fc i\u015f istasyonlar\u0131n\u0131n kaplad\u0131\u011f\u0131 alan\u0131 en aza indirmeye<\/p>\n","protected":false},"featured_media":10389,"template":"","meta":[],"product_brand":[342,341],"product_cat":[1736,1737],"product_tag":[3143,3146,3144,3145,3151,3147,3142,3152,3141,3153,3148,3155,3140,3150,3149,3154,3119],"class_list":{"0":"post-10390","1":"product","2":"type-product","3":"status-publish","4":"has-post-thumbnail","6":"product_brand-nvidia-npn-partner-gtmteknoloji","7":"product_brand-pny-ekran-karti","8":"product_cat-ekran-karti","9":"product_cat-profesyonel-grafik-kartlari","10":"product_tag-128-bit","11":"product_tag-2-nesil-rt-cekirdek","12":"product_tag-2304-cuda-cekirdegi","13":"product_tag-3-nesil-tensor-cekirdek","14":"product_tag-4x-mini-displayport-1-4a","15":"product_tag-50w-maksimum-guc-tuketimi","16":"product_tag-8-gb-gddr6-bellek","17":"product_tag-aec-sektoru","18":"product_tag-ampere-mimarisi","19":"product_tag-cad-modelleme","20":"product_tag-dusuk-profilli-gpu","21":"product_tag-kompakt-is-istasyonu","22":"product_tag-nvidia-rtx-a1000","23":"product_tag-pci-express-4-0-x8","24":"product_tag-tek-yuvali","25":"product_tag-video-duzenleme","26":"product_tag-yapay-zeka-hizlandirma","27":"pa_marka-pny","29":"first","30":"instock","31":"taxable","32":"shipping-taxable","33":"product-type-external"},"yoast_head":"<!-- This site is optimized with the Yoast SEO Premium plugin v27.4 (Yoast SEO v27.4) - https:\/\/yoast.com\/product\/yoast-seo-premium-wordpress\/ -->\n<title>Nvidia A1000 8GB: Profesyonel Uygulamalar \u0130\u00e7in \u0130deal - GTM Teknoloji<\/title>\n<meta name=\"description\" content=\"Nvidia A1000 8GB ile d\u00fc\u015f\u00fck profilli tasar\u0131mda y\u00fcksek performans elde edin! Zorlu uygulamalar\u0131 rahatl\u0131kla \u00e7al\u0131\u015ft\u0131rmaya haz\u0131r olun. \ud83d\udcbb\" \/>\n<meta name=\"robots\" content=\"index, follow, max-snippet:-1, max-image-preview:large, max-video-preview:-1\" \/>\n<link rel=\"canonical\" href=\"https:\/\/gtmteknoloji.com\/b2b\/magaza\/ekran-karti\/profesyonel-grafik-kartlari\/nvidia-rtx-a1000-8gb-900-5g172-2280-000\/\" \/>\n<meta property=\"og:locale\" content=\"tr_TR\" \/>\n<meta property=\"og:type\" content=\"article\" \/>\n<meta property=\"og:title\" content=\"NVIDIA RTX A1000 8GB Profesyonel GPU | 900-5G172-2280-000\" \/>\n<meta property=\"og:description\" content=\"Nvidia A1000 8GB ile d\u00fc\u015f\u00fck profilli tasar\u0131mda y\u00fcksek performans elde edin! Zorlu uygulamalar\u0131 rahatl\u0131kla \u00e7al\u0131\u015ft\u0131rmaya haz\u0131r olun. \ud83d\udcbb\" \/>\n<meta property=\"og:url\" content=\"https:\/\/gtmteknoloji.com\/b2b\/magaza\/ekran-karti\/profesyonel-grafik-kartlari\/nvidia-rtx-a1000-8gb-900-5g172-2280-000\/\" \/>\n<meta property=\"og:site_name\" content=\"GTM Teknoloji\" \/>\n<meta property=\"article:publisher\" content=\"https:\/\/www.facebook.com\/SupermicroTurkiye\/?locale=tr_TR\" \/>\n<meta property=\"article:modified_time\" content=\"2026-04-16T19:57:26+00:00\" \/>\n<meta property=\"og:image\" content=\"https:\/\/gtmteknoloji.com\/b2b\/wp-content\/uploads\/2025\/11\/04-NVIDIA-RTX-A1000-gtm-teknoloji.png\" \/>\n\t<meta property=\"og:image:width\" content=\"800\" \/>\n\t<meta property=\"og:image:height\" content=\"800\" \/>\n\t<meta property=\"og:image:type\" content=\"image\/png\" \/>\n<meta name=\"twitter:card\" content=\"summary_large_image\" \/>\n<meta name=\"twitter:site\" content=\"@gtmteknoloji\" \/>\n<meta name=\"twitter:label1\" content=\"Fiyat\" \/>\n\t<meta name=\"twitter:data1\" content=\"&#036;486,00 + KDV\" \/>\n\t<meta name=\"twitter:label2\" content=\"Durumu\" \/>\n\t<meta name=\"twitter:data2\" content=\"Stokta var\" \/>\n<script type=\"application\/ld+json\" class=\"yoast-schema-graph\">{\"@context\":\"https:\\\/\\\/schema.org\",\"@graph\":[{\"@type\":\"WebPage\",\"@id\":\"https:\\\/\\\/gtmteknoloji.com\\\/b2b\\\/magaza\\\/ekran-karti\\\/profesyonel-grafik-kartlari\\\/nvidia-rtx-a1000-8gb-900-5g172-2280-000\\\/\",\"url\":\"https:\\\/\\\/gtmteknoloji.com\\\/b2b\\\/magaza\\\/ekran-karti\\\/profesyonel-grafik-kartlari\\\/nvidia-rtx-a1000-8gb-900-5g172-2280-000\\\/\",\"name\":\"Nvidia A1000 8GB: Profesyonel Uygulamalar \u0130\u00e7in \u0130deal - GTM Teknoloji\",\"isPartOf\":{\"@id\":\"https:\\\/\\\/gtmteknoloji.com\\\/b2b\\\/#website\"},\"primaryImageOfPage\":{\"@id\":\"https:\\\/\\\/gtmteknoloji.com\\\/b2b\\\/magaza\\\/ekran-karti\\\/profesyonel-grafik-kartlari\\\/nvidia-rtx-a1000-8gb-900-5g172-2280-000\\\/#primaryimage\"},\"image\":{\"@id\":\"https:\\\/\\\/gtmteknoloji.com\\\/b2b\\\/magaza\\\/ekran-karti\\\/profesyonel-grafik-kartlari\\\/nvidia-rtx-a1000-8gb-900-5g172-2280-000\\\/#primaryimage\"},\"thumbnailUrl\":\"https:\\\/\\\/gtmteknoloji.com\\\/b2b\\\/wp-content\\\/uploads\\\/2025\\\/11\\\/04-NVIDIA-RTX-A1000-gtm-teknoloji.png\",\"datePublished\":\"2025-11-13T16:14:32+00:00\",\"dateModified\":\"2026-04-16T19:57:26+00:00\",\"description\":\"Nvidia A1000 8GB ile d\u00fc\u015f\u00fck profilli tasar\u0131mda y\u00fcksek performans elde edin! Zorlu uygulamalar\u0131 rahatl\u0131kla \u00e7al\u0131\u015ft\u0131rmaya haz\u0131r olun. \ud83d\udcbb\",\"breadcrumb\":{\"@id\":\"https:\\\/\\\/gtmteknoloji.com\\\/b2b\\\/magaza\\\/ekran-karti\\\/profesyonel-grafik-kartlari\\\/nvidia-rtx-a1000-8gb-900-5g172-2280-000\\\/#breadcrumb\"},\"inLanguage\":\"tr\",\"potentialAction\":[{\"@type\":\"ReadAction\",\"target\":[\"https:\\\/\\\/gtmteknoloji.com\\\/b2b\\\/magaza\\\/ekran-karti\\\/profesyonel-grafik-kartlari\\\/nvidia-rtx-a1000-8gb-900-5g172-2280-000\\\/\"]}]},{\"@type\":\"ImageObject\",\"inLanguage\":\"tr\",\"@id\":\"https:\\\/\\\/gtmteknoloji.com\\\/b2b\\\/magaza\\\/ekran-karti\\\/profesyonel-grafik-kartlari\\\/nvidia-rtx-a1000-8gb-900-5g172-2280-000\\\/#primaryimage\",\"url\":\"https:\\\/\\\/gtmteknoloji.com\\\/b2b\\\/wp-content\\\/uploads\\\/2025\\\/11\\\/04-NVIDIA-RTX-A1000-gtm-teknoloji.png\",\"contentUrl\":\"https:\\\/\\\/gtmteknoloji.com\\\/b2b\\\/wp-content\\\/uploads\\\/2025\\\/11\\\/04-NVIDIA-RTX-A1000-gtm-teknoloji.png\",\"width\":800,\"height\":800},{\"@type\":\"BreadcrumbList\",\"@id\":\"https:\\\/\\\/gtmteknoloji.com\\\/b2b\\\/magaza\\\/ekran-karti\\\/profesyonel-grafik-kartlari\\\/nvidia-rtx-a1000-8gb-900-5g172-2280-000\\\/#breadcrumb\",\"itemListElement\":[{\"@type\":\"ListItem\",\"position\":1,\"name\":\"Home\",\"item\":\"https:\\\/\\\/gtmteknoloji.com\\\/b2b\\\/\"},{\"@type\":\"ListItem\",\"position\":2,\"name\":\"Ma\u011faza\",\"item\":\"https:\\\/\\\/gtmteknoloji.com\\\/b2b\\\/magaza\\\/\"},{\"@type\":\"ListItem\",\"position\":3,\"name\":\"NVIDIA RTX A1000 8GB Profesyonel GPU | 900-5G172-2280-000\"}]},{\"@type\":\"WebSite\",\"@id\":\"https:\\\/\\\/gtmteknoloji.com\\\/b2b\\\/#website\",\"url\":\"https:\\\/\\\/gtmteknoloji.com\\\/b2b\\\/\",\"name\":\"GTM Teknoloji\",\"description\":\"B2B Sat\u0131\u015f Portal\u0131\",\"publisher\":{\"@id\":\"https:\\\/\\\/gtmteknoloji.com\\\/b2b\\\/#organization\"},\"potentialAction\":[{\"@type\":\"SearchAction\",\"target\":{\"@type\":\"EntryPoint\",\"urlTemplate\":\"https:\\\/\\\/gtmteknoloji.com\\\/b2b\\\/?s={search_term_string}\"},\"query-input\":{\"@type\":\"PropertyValueSpecification\",\"valueRequired\":true,\"valueName\":\"search_term_string\"}}],\"inLanguage\":\"tr\"},{\"@type\":\"Organization\",\"@id\":\"https:\\\/\\\/gtmteknoloji.com\\\/b2b\\\/#organization\",\"name\":\"GTM Teknoloji\",\"url\":\"https:\\\/\\\/gtmteknoloji.com\\\/b2b\\\/\",\"logo\":{\"@type\":\"ImageObject\",\"inLanguage\":\"tr\",\"@id\":\"https:\\\/\\\/gtmteknoloji.com\\\/b2b\\\/#\\\/schema\\\/logo\\\/image\\\/\",\"url\":\"https:\\\/\\\/gtmteknoloji.com\\\/b2b\\\/wp-content\\\/uploads\\\/2020\\\/12\\\/GTM-logo.png\",\"contentUrl\":\"https:\\\/\\\/gtmteknoloji.com\\\/b2b\\\/wp-content\\\/uploads\\\/2020\\\/12\\\/GTM-logo.png\",\"width\":400,\"height\":400,\"caption\":\"GTM Teknoloji\"},\"image\":{\"@id\":\"https:\\\/\\\/gtmteknoloji.com\\\/b2b\\\/#\\\/schema\\\/logo\\\/image\\\/\"},\"sameAs\":[\"https:\\\/\\\/www.facebook.com\\\/SupermicroTurkiye\\\/?locale=tr_TR\",\"https:\\\/\\\/x.com\\\/gtmteknoloji\"]}]}<\/script>\n<meta property=\"product:brand\" content=\"PNY\" \/>\n<meta property=\"product:price:amount\" content=\"486.00\" \/>\n<meta property=\"product:price:currency\" content=\"USD\" \/>\n<meta property=\"og:availability\" content=\"instock\" \/>\n<meta property=\"product:availability\" content=\"instock\" \/>\n<meta property=\"product:condition\" content=\"new\" \/>\n<!-- \/ Yoast SEO Premium plugin. -->","yoast_head_json":{"title":"Nvidia A1000 8GB: Profesyonel Uygulamalar \u0130\u00e7in \u0130deal - GTM Teknoloji","description":"Nvidia A1000 8GB ile d\u00fc\u015f\u00fck profilli tasar\u0131mda y\u00fcksek performans elde edin! Zorlu uygulamalar\u0131 rahatl\u0131kla \u00e7al\u0131\u015ft\u0131rmaya haz\u0131r olun. \ud83d\udcbb","robots":{"index":"index","follow":"follow","max-snippet":"max-snippet:-1","max-image-preview":"max-image-preview:large","max-video-preview":"max-video-preview:-1"},"canonical":"https:\/\/gtmteknoloji.com\/b2b\/magaza\/ekran-karti\/profesyonel-grafik-kartlari\/nvidia-rtx-a1000-8gb-900-5g172-2280-000\/","og_locale":"tr_TR","og_type":"article","og_title":"NVIDIA RTX A1000 8GB Profesyonel GPU | 900-5G172-2280-000","og_description":"Nvidia A1000 8GB ile d\u00fc\u015f\u00fck profilli tasar\u0131mda y\u00fcksek performans elde edin! Zorlu uygulamalar\u0131 rahatl\u0131kla \u00e7al\u0131\u015ft\u0131rmaya haz\u0131r olun. \ud83d\udcbb","og_url":"https:\/\/gtmteknoloji.com\/b2b\/magaza\/ekran-karti\/profesyonel-grafik-kartlari\/nvidia-rtx-a1000-8gb-900-5g172-2280-000\/","og_site_name":"GTM Teknoloji","article_publisher":"https:\/\/www.facebook.com\/SupermicroTurkiye\/?locale=tr_TR","article_modified_time":"2026-04-16T19:57:26+00:00","og_image":[{"width":800,"height":800,"url":"https:\/\/gtmteknoloji.com\/b2b\/wp-content\/uploads\/2025\/11\/04-NVIDIA-RTX-A1000-gtm-teknoloji.png","type":"image\/png"}],"twitter_card":"summary_large_image","twitter_site":"@gtmteknoloji","twitter_misc":{"Fiyat":"&#36;486,00 + KDV","Durumu":"Stokta var"},"schema":{"@context":"https:\/\/schema.org","@graph":[{"@type":"WebPage","@id":"https:\/\/gtmteknoloji.com\/b2b\/magaza\/ekran-karti\/profesyonel-grafik-kartlari\/nvidia-rtx-a1000-8gb-900-5g172-2280-000\/","url":"https:\/\/gtmteknoloji.com\/b2b\/magaza\/ekran-karti\/profesyonel-grafik-kartlari\/nvidia-rtx-a1000-8gb-900-5g172-2280-000\/","name":"Nvidia A1000 8GB: Profesyonel Uygulamalar \u0130\u00e7in \u0130deal - GTM Teknoloji","isPartOf":{"@id":"https:\/\/gtmteknoloji.com\/b2b\/#website"},"primaryImageOfPage":{"@id":"https:\/\/gtmteknoloji.com\/b2b\/magaza\/ekran-karti\/profesyonel-grafik-kartlari\/nvidia-rtx-a1000-8gb-900-5g172-2280-000\/#primaryimage"},"image":{"@id":"https:\/\/gtmteknoloji.com\/b2b\/magaza\/ekran-karti\/profesyonel-grafik-kartlari\/nvidia-rtx-a1000-8gb-900-5g172-2280-000\/#primaryimage"},"thumbnailUrl":"https:\/\/gtmteknoloji.com\/b2b\/wp-content\/uploads\/2025\/11\/04-NVIDIA-RTX-A1000-gtm-teknoloji.png","datePublished":"2025-11-13T16:14:32+00:00","dateModified":"2026-04-16T19:57:26+00:00","description":"Nvidia A1000 8GB ile d\u00fc\u015f\u00fck profilli tasar\u0131mda y\u00fcksek performans elde edin! Zorlu uygulamalar\u0131 rahatl\u0131kla \u00e7al\u0131\u015ft\u0131rmaya haz\u0131r olun. \ud83d\udcbb","breadcrumb":{"@id":"https:\/\/gtmteknoloji.com\/b2b\/magaza\/ekran-karti\/profesyonel-grafik-kartlari\/nvidia-rtx-a1000-8gb-900-5g172-2280-000\/#breadcrumb"},"inLanguage":"tr","potentialAction":[{"@type":"ReadAction","target":["https:\/\/gtmteknoloji.com\/b2b\/magaza\/ekran-karti\/profesyonel-grafik-kartlari\/nvidia-rtx-a1000-8gb-900-5g172-2280-000\/"]}]},{"@type":"ImageObject","inLanguage":"tr","@id":"https:\/\/gtmteknoloji.com\/b2b\/magaza\/ekran-karti\/profesyonel-grafik-kartlari\/nvidia-rtx-a1000-8gb-900-5g172-2280-000\/#primaryimage","url":"https:\/\/gtmteknoloji.com\/b2b\/wp-content\/uploads\/2025\/11\/04-NVIDIA-RTX-A1000-gtm-teknoloji.png","contentUrl":"https:\/\/gtmteknoloji.com\/b2b\/wp-content\/uploads\/2025\/11\/04-NVIDIA-RTX-A1000-gtm-teknoloji.png","width":800,"height":800},{"@type":"BreadcrumbList","@id":"https:\/\/gtmteknoloji.com\/b2b\/magaza\/ekran-karti\/profesyonel-grafik-kartlari\/nvidia-rtx-a1000-8gb-900-5g172-2280-000\/#breadcrumb","itemListElement":[{"@type":"ListItem","position":1,"name":"Home","item":"https:\/\/gtmteknoloji.com\/b2b\/"},{"@type":"ListItem","position":2,"name":"Ma\u011faza","item":"https:\/\/gtmteknoloji.com\/b2b\/magaza\/"},{"@type":"ListItem","position":3,"name":"NVIDIA RTX A1000 8GB Profesyonel GPU | 900-5G172-2280-000"}]},{"@type":"WebSite","@id":"https:\/\/gtmteknoloji.com\/b2b\/#website","url":"https:\/\/gtmteknoloji.com\/b2b\/","name":"GTM Teknoloji","description":"B2B Sat\u0131\u015f Portal\u0131","publisher":{"@id":"https:\/\/gtmteknoloji.com\/b2b\/#organization"},"potentialAction":[{"@type":"SearchAction","target":{"@type":"EntryPoint","urlTemplate":"https:\/\/gtmteknoloji.com\/b2b\/?s={search_term_string}"},"query-input":{"@type":"PropertyValueSpecification","valueRequired":true,"valueName":"search_term_string"}}],"inLanguage":"tr"},{"@type":"Organization","@id":"https:\/\/gtmteknoloji.com\/b2b\/#organization","name":"GTM Teknoloji","url":"https:\/\/gtmteknoloji.com\/b2b\/","logo":{"@type":"ImageObject","inLanguage":"tr","@id":"https:\/\/gtmteknoloji.com\/b2b\/#\/schema\/logo\/image\/","url":"https:\/\/gtmteknoloji.com\/b2b\/wp-content\/uploads\/2020\/12\/GTM-logo.png","contentUrl":"https:\/\/gtmteknoloji.com\/b2b\/wp-content\/uploads\/2020\/12\/GTM-logo.png","width":400,"height":400,"caption":"GTM Teknoloji"},"image":{"@id":"https:\/\/gtmteknoloji.com\/b2b\/#\/schema\/logo\/image\/"},"sameAs":["https:\/\/www.facebook.com\/SupermicroTurkiye\/?locale=tr_TR","https:\/\/x.com\/gtmteknoloji"]}]},"product_brand":"PNY","product_price_amount":"486.00","product_price_currency":"USD","og_availability":"instock","product_availability":"instock","product_condition":"new"},"_links":{"self":[{"href":"https:\/\/gtmteknoloji.com\/b2b\/wp-json\/wp\/v2\/product\/10390","targetHints":{"allow":["GET"]}}],"collection":[{"href":"https:\/\/gtmteknoloji.com\/b2b\/wp-json\/wp\/v2\/product"}],"about":[{"href":"https:\/\/gtmteknoloji.com\/b2b\/wp-json\/wp\/v2\/types\/product"}],"version-history":[{"count":3,"href":"https:\/\/gtmteknoloji.com\/b2b\/wp-json\/wp\/v2\/product\/10390\/revisions"}],"predecessor-version":[{"id":10911,"href":"https:\/\/gtmteknoloji.com\/b2b\/wp-json\/wp\/v2\/product\/10390\/revisions\/10911"}],"wp:featuredmedia":[{"embeddable":true,"href":"https:\/\/gtmteknoloji.com\/b2b\/wp-json\/wp\/v2\/media\/10389"}],"wp:attachment":[{"href":"https:\/\/gtmteknoloji.com\/b2b\/wp-json\/wp\/v2\/media?parent=10390"}],"wp:term":[{"taxonomy":"product_brand","embeddable":true,"href":"https:\/\/gtmteknoloji.com\/b2b\/wp-json\/wp\/v2\/product_brand?post=10390"},{"taxonomy":"product_cat","embeddable":true,"href":"https:\/\/gtmteknoloji.com\/b2b\/wp-json\/wp\/v2\/product_cat?post=10390"},{"taxonomy":"product_tag","embeddable":true,"href":"https:\/\/gtmteknoloji.com\/b2b\/wp-json\/wp\/v2\/product_tag?post=10390"}],"curies":[{"name":"wp","href":"https:\/\/api.w.org\/{rel}","templated":true}]}}