{"id":10892,"date":"2025-11-27T10:55:03","date_gmt":"2025-11-27T07:55:03","guid":{"rendered":"https:\/\/gtmteknoloji.com\/b2b\/?post_type=product&#038;p=10892"},"modified":"2026-04-22T21:14:43","modified_gmt":"2026-04-22T18:14:43","slug":"sys-a22ga-nbrt-g1-supermicro-10u-nvidia-b200-gold-serisi-gpu-sunucusu","status":"publish","type":"product","link":"https:\/\/gtmteknoloji.com\/b2b\/magaza\/genel\/sys-a22ga-nbrt-g1-supermicro-10u-nvidia-b200-gold-serisi-gpu-sunucusu\/","title":{"rendered":"Supermicro 10U B200 Gold Serisi GPU Sunucusu Gold Serisi H\u0131zl\u0131 Teslimat (SYS-A22GA-NBRT-G1) (EOL)"},"content":{"rendered":"<div class=\"page-title-wrapper product\">\n<h1 class=\"page-title\"><span class=\"base\" data-ui-id=\"page-title-wrapper\"><span dir=\"auto\">Supermicro 10U B200 Gold Serisi H\u0131zl\u0131 Teslimat GPU Sunucusu (SYS-A22GA-NBRT-G1)<\/span><\/span><\/h1>\n<h4><span style=\"color: #3366ff;\">Bu sistem haz\u0131r konfigurasyondur ve en h\u0131zl\u0131 \u015fekilde teslim etmek i\u00e7in \u00fcretici taraf\u0131ndan optimize edilmi\u015ftir.<\/span><\/h4>\n<\/div>\n<div id=\"description\" class=\"data item content\" role=\"tabpanel\" aria-labelledby=\"tab-label-description\" data-role=\"content\" aria-hidden=\"false\">\n<div class=\"product attribute description\">\n<div class=\"value\">\n<p><span dir=\"auto\">Son teknoloji uygulamalar i\u00e7in tasarlanan bu 10U tek d\u00fc\u011f\u00fcml\u00fc gpu sunucudur. Yapay Zeka\/Derin \u00d6\u011frenme, Konu\u015fmal\u0131 Yapay Zeka, Y\u00fcksek Performansl\u0131 Bilgi \u0130\u015flem (HPC), Bilimsel Ara\u015ft\u0131rma ve \u0130la\u00e7 Ke\u015ffi i\u00e7in ola\u011fan\u00fcst\u00fc performans sunar. <\/span><\/p>\n<p><span dir=\"auto\">Toplam 144 \u00e7ekirde\u011fe sahip \u00e7ift Intel\u00ae Xeon\u00ae 6960P i\u015flemci ve 24 adet y\u00fcksek kapasiteli 96 GB DDR5-6400 RDIMM ile desteklenen bu sistem, karma\u015f\u0131k hesaplamalar\u0131 kolayl\u0131kla ger\u00e7ekle\u015ftirir. <\/span><\/p>\n<p><span dir=\"auto\">Depolama, 2 adet 1,9 TB M.2 NVMe s\u00fcr\u00fcc\u00fc ve 4 adet 1,9 TB U.2 NVMe s\u00fcr\u00fcc\u00fc ile h\u0131z i\u00e7in optimize edilmi\u015ftir. <\/span><\/p>\n<p><span dir=\"auto\">8 adet NVIDIA HGX B200 GPU ile ara\u015ft\u0131rma ve e\u011fitiminizi h\u0131zland\u0131r\u0131n. <\/span><\/p>\n<p><span dir=\"auto\">8 adet 400 GbE OSFP ba\u011flant\u0131 noktas\u0131, \u00e7ift ba\u011flant\u0131 noktal\u0131 200 GbE DPU ve 2 adet 10 GbE RJ45 LAN ba\u011flant\u0131 noktas\u0131 sayesinde y\u00fcksek bant geni\u015fli\u011fine sahip ba\u011flant\u0131 sa\u011flan\u0131r. <\/span><\/p>\n<p><span dir=\"auto\">Hemen kullan\u0131ma haz\u0131r olan bu g\u00fc\u00e7l\u00fc sunucu, 2 &#8211; 4 hafta i\u00e7inde teslim edilerek kesinti s\u00fcresini en aza indirir ve \u00fcretkenli\u011fi en \u00fcst d\u00fczeye \u00e7\u0131kar\u0131r.<\/span><\/p>\n<\/div>\n<\/div>\n<\/div>\n","protected":false},"excerpt":{"rendered":"<div>\n<div><span dir=\"auto\">Acilen bir sunucuya m\u0131 ihtiyac\u0131n\u0131z var? \u00c7o\u011fu Gold Serisi Haz\u0131r Konfig sistemimiz kesin sipari\u015f sonras\u0131 2 ile 4 hafta i\u00e7inde teslim edilir. Gold Serisi (H\u0131zl\u0131 G\u00f6nderim) \u00e7\u00f6z\u00fcmlerimizi ke\u015ffedin.<\/span><\/div>\n<\/div>\n<div><\/div>\n<div>\n<ul>\n<li><strong><span dir=\"auto\">Temel \u00d6zellikler\/Uygulamalar<\/span><\/strong><span dir=\"auto\">\u00a0: Yapay Zeka \/ Derin \u00d6\u011frenme, Konu\u015fmal\u0131 Yapay Zeka, Y\u00fcksek Performansl\u0131 Bilgi \u0130\u015flem (HPC), Bilimsel Ara\u015ft\u0131rma, \u0130la\u00e7 Ke\u015ffi\u00a0<\/span><\/li>\n<li><strong><span dir=\"auto\">CPU<\/span><\/strong><span dir=\"auto\">\u00a0: \u00c7ift Intel\u00ae Xeon\u00ae 6960P \u0130\u015flemci (72 \u00c7ekirdek)<\/span><\/li>\n<li><strong><span dir=\"auto\">\u015easi<\/span><\/strong><span dir=\"auto\">\u00a0: 10U \/ 1 D\u00fc\u011f\u00fcm<\/span><\/li>\n<li><strong><span dir=\"auto\">S\u00fcr\u00fcc\u00fc<\/span><\/strong><span dir=\"auto\">\u00a0: 2 1,9 TB M.2 NVMe + 4 1,9 TB U.2 NVMe<\/span><\/li>\n<li><strong><span dir=\"auto\">RAM<\/span><\/strong><span dir=\"auto\">\u00a0: 24 96GB DDR5-6400 RDIMM Bellek<\/span><\/li>\n<li><strong><span dir=\"auto\">GPU<\/span><\/strong><span dir=\"auto\">\u00a0: 8 NVIDIA HGX B200\u00a0<\/span><\/li>\n<li><strong><span dir=\"auto\">A\u011f Ba\u011flant\u0131 Noktalar\u0131<\/span><\/strong><span dir=\"auto\">\u00a0: 8 400GbE OSFP + 1 200GbE DPU + 2 10GbE RJ45 LAN Ba\u011flant\u0131 Noktas\u0131<\/span><\/li>\n<\/ul>\n<\/div>\n","protected":false},"featured_media":11453,"template":"","meta":[],"product_brand":[338],"product_cat":[1735,3204,1813,3188],"product_tag":[3037,3210,3205,3207,3206,3208,3209],"class_list":{"0":"post-10892","1":"product","2":"type-product","3":"status-publish","4":"has-post-thumbnail","6":"product_brand-supermicro-server-turkiye","7":"product_cat-genel","8":"product_cat-gold-serisi-hizli-teslimat-sunucu","9":"product_cat-gpu-server","10":"product_cat-nvidia-dgx-hgx-server","11":"product_tag-buyuk-bellek-gpu","12":"product_tag-fast-delivery","13":"product_tag-gold-serisi-hizli-teslimat-sunucu","14":"product_tag-hazir-nvidia-b200-gpu-server","15":"product_tag-nvidia-b200-server","16":"product_tag-supermicro-hazir-sistem","17":"product_tag-supermicro-hgx-b200","19":"first","20":"instock","21":"taxable","22":"shipping-taxable","23":"product-type-external"},"yoast_head":"<!-- This site is optimized with the Yoast SEO Premium plugin v27.4 (Yoast SEO v27.4) - https:\/\/yoast.com\/product\/yoast-seo-premium-wordpress\/ -->\n<title>Supermicro Nvidia B200 H\u0131zl\u0131 Teslim En \u0130yi Yapay Zeka \u00c7\u00f6z\u00fcm\u00fc - GTM Teknoloji<\/title>\n<meta name=\"description\" content=\"Geli\u015fmi\u015f teknoloji ar\u0131yorsan\u0131z, Supermicro Nvidia B200 H\u0131zl\u0131 Teslim HGX B200 GPU Server en do\u011fru tercihtir. H\u0131zla teslim almak i\u00e7in t\u0131klay\u0131n! \ud83d\ude80\" \/>\n<meta name=\"robots\" content=\"index, follow, max-snippet:-1, max-image-preview:large, max-video-preview:-1\" \/>\n<link rel=\"canonical\" href=\"https:\/\/gtmteknoloji.com\/b2b\/magaza\/genel\/sys-a22ga-nbrt-g1-supermicro-10u-nvidia-b200-gold-serisi-gpu-sunucusu\/\" \/>\n<meta property=\"og:locale\" content=\"tr_TR\" \/>\n<meta property=\"og:type\" content=\"article\" \/>\n<meta property=\"og:title\" content=\"Supermicro 10U B200 Gold Serisi GPU Sunucusu Gold Serisi H\u0131zl\u0131 Teslimat (SYS-A22GA-NBRT-G1) (EOL)\" \/>\n<meta property=\"og:description\" content=\"Geli\u015fmi\u015f teknoloji ar\u0131yorsan\u0131z, Supermicro Nvidia B200 H\u0131zl\u0131 Teslim HGX B200 GPU Server en do\u011fru tercihtir. H\u0131zla teslim almak i\u00e7in t\u0131klay\u0131n! \ud83d\ude80\" \/>\n<meta property=\"og:url\" content=\"https:\/\/gtmteknoloji.com\/b2b\/magaza\/genel\/sys-a22ga-nbrt-g1-supermicro-10u-nvidia-b200-gold-serisi-gpu-sunucusu\/\" \/>\n<meta property=\"og:site_name\" content=\"GTM Teknoloji\" \/>\n<meta property=\"article:publisher\" content=\"https:\/\/www.facebook.com\/SupermicroTurkiye\/?locale=tr_TR\" \/>\n<meta property=\"article:modified_time\" content=\"2026-04-22T18:14:43+00:00\" \/>\n<meta property=\"og:image\" content=\"https:\/\/gtmteknoloji.com\/b2b\/wp-content\/uploads\/2025\/11\/supermicro-nvidia-b200-gpu-server-SYS-A22GA-NBRT-G1-gtm-teknoloji-turkiye-gpu-server-gold-serisi-hizli-teslimat.webp\" \/>\n\t<meta property=\"og:image:width\" content=\"800\" \/>\n\t<meta property=\"og:image:height\" content=\"800\" \/>\n\t<meta property=\"og:image:type\" content=\"image\/webp\" \/>\n<meta name=\"twitter:card\" content=\"summary_large_image\" \/>\n<meta name=\"twitter:site\" content=\"@gtmteknoloji\" \/>\n<meta name=\"twitter:label1\" content=\"Fiyat\" \/>\n\t<meta name=\"twitter:data1\" content=\"\" \/>\n\t<meta name=\"twitter:label2\" content=\"Durumu\" \/>\n\t<meta name=\"twitter:data2\" content=\"Stokta var\" \/>\n<script type=\"application\/ld+json\" class=\"yoast-schema-graph\">{\"@context\":\"https:\\\/\\\/schema.org\",\"@graph\":[{\"@type\":\"WebPage\",\"@id\":\"https:\\\/\\\/gtmteknoloji.com\\\/b2b\\\/magaza\\\/genel\\\/sys-a22ga-nbrt-g1-supermicro-10u-nvidia-b200-gold-serisi-gpu-sunucusu\\\/\",\"url\":\"https:\\\/\\\/gtmteknoloji.com\\\/b2b\\\/magaza\\\/genel\\\/sys-a22ga-nbrt-g1-supermicro-10u-nvidia-b200-gold-serisi-gpu-sunucusu\\\/\",\"name\":\"Supermicro Nvidia B200 H\u0131zl\u0131 Teslim En \u0130yi Yapay Zeka \u00c7\u00f6z\u00fcm\u00fc - GTM Teknoloji\",\"isPartOf\":{\"@id\":\"https:\\\/\\\/gtmteknoloji.com\\\/b2b\\\/#website\"},\"primaryImageOfPage\":{\"@id\":\"https:\\\/\\\/gtmteknoloji.com\\\/b2b\\\/magaza\\\/genel\\\/sys-a22ga-nbrt-g1-supermicro-10u-nvidia-b200-gold-serisi-gpu-sunucusu\\\/#primaryimage\"},\"image\":{\"@id\":\"https:\\\/\\\/gtmteknoloji.com\\\/b2b\\\/magaza\\\/genel\\\/sys-a22ga-nbrt-g1-supermicro-10u-nvidia-b200-gold-serisi-gpu-sunucusu\\\/#primaryimage\"},\"thumbnailUrl\":\"https:\\\/\\\/gtmteknoloji.com\\\/b2b\\\/wp-content\\\/uploads\\\/2025\\\/11\\\/supermicro-nvidia-b200-gpu-server-SYS-A22GA-NBRT-G1-gtm-teknoloji-turkiye-gpu-server-gold-serisi-hizli-teslimat.webp\",\"datePublished\":\"2025-11-27T07:55:03+00:00\",\"dateModified\":\"2026-04-22T18:14:43+00:00\",\"description\":\"Geli\u015fmi\u015f teknoloji ar\u0131yorsan\u0131z, Supermicro Nvidia B200 H\u0131zl\u0131 Teslim HGX B200 GPU Server en do\u011fru tercihtir. H\u0131zla teslim almak i\u00e7in t\u0131klay\u0131n! \ud83d\ude80\",\"breadcrumb\":{\"@id\":\"https:\\\/\\\/gtmteknoloji.com\\\/b2b\\\/magaza\\\/genel\\\/sys-a22ga-nbrt-g1-supermicro-10u-nvidia-b200-gold-serisi-gpu-sunucusu\\\/#breadcrumb\"},\"inLanguage\":\"tr\",\"potentialAction\":[{\"@type\":\"ReadAction\",\"target\":[\"https:\\\/\\\/gtmteknoloji.com\\\/b2b\\\/magaza\\\/genel\\\/sys-a22ga-nbrt-g1-supermicro-10u-nvidia-b200-gold-serisi-gpu-sunucusu\\\/\"]}]},{\"@type\":\"ImageObject\",\"inLanguage\":\"tr\",\"@id\":\"https:\\\/\\\/gtmteknoloji.com\\\/b2b\\\/magaza\\\/genel\\\/sys-a22ga-nbrt-g1-supermicro-10u-nvidia-b200-gold-serisi-gpu-sunucusu\\\/#primaryimage\",\"url\":\"https:\\\/\\\/gtmteknoloji.com\\\/b2b\\\/wp-content\\\/uploads\\\/2025\\\/11\\\/supermicro-nvidia-b200-gpu-server-SYS-A22GA-NBRT-G1-gtm-teknoloji-turkiye-gpu-server-gold-serisi-hizli-teslimat.webp\",\"contentUrl\":\"https:\\\/\\\/gtmteknoloji.com\\\/b2b\\\/wp-content\\\/uploads\\\/2025\\\/11\\\/supermicro-nvidia-b200-gpu-server-SYS-A22GA-NBRT-G1-gtm-teknoloji-turkiye-gpu-server-gold-serisi-hizli-teslimat.webp\",\"width\":800,\"height\":800},{\"@type\":\"BreadcrumbList\",\"@id\":\"https:\\\/\\\/gtmteknoloji.com\\\/b2b\\\/magaza\\\/genel\\\/sys-a22ga-nbrt-g1-supermicro-10u-nvidia-b200-gold-serisi-gpu-sunucusu\\\/#breadcrumb\",\"itemListElement\":[{\"@type\":\"ListItem\",\"position\":1,\"name\":\"Home\",\"item\":\"https:\\\/\\\/gtmteknoloji.com\\\/b2b\\\/\"},{\"@type\":\"ListItem\",\"position\":2,\"name\":\"Ma\u011faza\",\"item\":\"https:\\\/\\\/gtmteknoloji.com\\\/b2b\\\/magaza\\\/\"},{\"@type\":\"ListItem\",\"position\":3,\"name\":\"Supermicro 10U B200 Gold Serisi GPU Sunucusu Gold Serisi H\u0131zl\u0131 Teslimat (SYS-A22GA-NBRT-G1) (EOL)\"}]},{\"@type\":\"WebSite\",\"@id\":\"https:\\\/\\\/gtmteknoloji.com\\\/b2b\\\/#website\",\"url\":\"https:\\\/\\\/gtmteknoloji.com\\\/b2b\\\/\",\"name\":\"GTM Teknoloji\",\"description\":\"B2B Sat\u0131\u015f Portal\u0131\",\"publisher\":{\"@id\":\"https:\\\/\\\/gtmteknoloji.com\\\/b2b\\\/#organization\"},\"potentialAction\":[{\"@type\":\"SearchAction\",\"target\":{\"@type\":\"EntryPoint\",\"urlTemplate\":\"https:\\\/\\\/gtmteknoloji.com\\\/b2b\\\/?s={search_term_string}\"},\"query-input\":{\"@type\":\"PropertyValueSpecification\",\"valueRequired\":true,\"valueName\":\"search_term_string\"}}],\"inLanguage\":\"tr\"},{\"@type\":\"Organization\",\"@id\":\"https:\\\/\\\/gtmteknoloji.com\\\/b2b\\\/#organization\",\"name\":\"GTM Teknoloji\",\"url\":\"https:\\\/\\\/gtmteknoloji.com\\\/b2b\\\/\",\"logo\":{\"@type\":\"ImageObject\",\"inLanguage\":\"tr\",\"@id\":\"https:\\\/\\\/gtmteknoloji.com\\\/b2b\\\/#\\\/schema\\\/logo\\\/image\\\/\",\"url\":\"https:\\\/\\\/gtmteknoloji.com\\\/b2b\\\/wp-content\\\/uploads\\\/2020\\\/12\\\/GTM-logo.png\",\"contentUrl\":\"https:\\\/\\\/gtmteknoloji.com\\\/b2b\\\/wp-content\\\/uploads\\\/2020\\\/12\\\/GTM-logo.png\",\"width\":400,\"height\":400,\"caption\":\"GTM Teknoloji\"},\"image\":{\"@id\":\"https:\\\/\\\/gtmteknoloji.com\\\/b2b\\\/#\\\/schema\\\/logo\\\/image\\\/\"},\"sameAs\":[\"https:\\\/\\\/www.facebook.com\\\/SupermicroTurkiye\\\/?locale=tr_TR\",\"https:\\\/\\\/x.com\\\/gtmteknoloji\"]}]}<\/script>\n<meta property=\"product:brand\" content=\"Supermicro\" \/>\n<meta property=\"product:price:currency\" content=\"USD\" \/>\n<meta property=\"og:availability\" content=\"instock\" \/>\n<meta property=\"product:availability\" content=\"instock\" \/>\n<meta property=\"product:condition\" content=\"new\" \/>\n<!-- \/ Yoast SEO Premium plugin. -->","yoast_head_json":{"title":"Supermicro Nvidia B200 H\u0131zl\u0131 Teslim En \u0130yi Yapay Zeka \u00c7\u00f6z\u00fcm\u00fc - GTM Teknoloji","description":"Geli\u015fmi\u015f teknoloji ar\u0131yorsan\u0131z, Supermicro Nvidia B200 H\u0131zl\u0131 Teslim HGX B200 GPU Server en do\u011fru tercihtir. H\u0131zla teslim almak i\u00e7in t\u0131klay\u0131n! \ud83d\ude80","robots":{"index":"index","follow":"follow","max-snippet":"max-snippet:-1","max-image-preview":"max-image-preview:large","max-video-preview":"max-video-preview:-1"},"canonical":"https:\/\/gtmteknoloji.com\/b2b\/magaza\/genel\/sys-a22ga-nbrt-g1-supermicro-10u-nvidia-b200-gold-serisi-gpu-sunucusu\/","og_locale":"tr_TR","og_type":"article","og_title":"Supermicro 10U B200 Gold Serisi GPU Sunucusu Gold Serisi H\u0131zl\u0131 Teslimat (SYS-A22GA-NBRT-G1) (EOL)","og_description":"Geli\u015fmi\u015f teknoloji ar\u0131yorsan\u0131z, Supermicro Nvidia B200 H\u0131zl\u0131 Teslim HGX B200 GPU Server en do\u011fru tercihtir. H\u0131zla teslim almak i\u00e7in t\u0131klay\u0131n! \ud83d\ude80","og_url":"https:\/\/gtmteknoloji.com\/b2b\/magaza\/genel\/sys-a22ga-nbrt-g1-supermicro-10u-nvidia-b200-gold-serisi-gpu-sunucusu\/","og_site_name":"GTM Teknoloji","article_publisher":"https:\/\/www.facebook.com\/SupermicroTurkiye\/?locale=tr_TR","article_modified_time":"2026-04-22T18:14:43+00:00","og_image":[{"width":800,"height":800,"url":"https:\/\/gtmteknoloji.com\/b2b\/wp-content\/uploads\/2025\/11\/supermicro-nvidia-b200-gpu-server-SYS-A22GA-NBRT-G1-gtm-teknoloji-turkiye-gpu-server-gold-serisi-hizli-teslimat.webp","type":"image\/webp"}],"twitter_card":"summary_large_image","twitter_site":"@gtmteknoloji","twitter_misc":{"Fiyat":"","Durumu":"Stokta var"},"schema":{"@context":"https:\/\/schema.org","@graph":[{"@type":"WebPage","@id":"https:\/\/gtmteknoloji.com\/b2b\/magaza\/genel\/sys-a22ga-nbrt-g1-supermicro-10u-nvidia-b200-gold-serisi-gpu-sunucusu\/","url":"https:\/\/gtmteknoloji.com\/b2b\/magaza\/genel\/sys-a22ga-nbrt-g1-supermicro-10u-nvidia-b200-gold-serisi-gpu-sunucusu\/","name":"Supermicro Nvidia B200 H\u0131zl\u0131 Teslim En \u0130yi Yapay Zeka \u00c7\u00f6z\u00fcm\u00fc - GTM Teknoloji","isPartOf":{"@id":"https:\/\/gtmteknoloji.com\/b2b\/#website"},"primaryImageOfPage":{"@id":"https:\/\/gtmteknoloji.com\/b2b\/magaza\/genel\/sys-a22ga-nbrt-g1-supermicro-10u-nvidia-b200-gold-serisi-gpu-sunucusu\/#primaryimage"},"image":{"@id":"https:\/\/gtmteknoloji.com\/b2b\/magaza\/genel\/sys-a22ga-nbrt-g1-supermicro-10u-nvidia-b200-gold-serisi-gpu-sunucusu\/#primaryimage"},"thumbnailUrl":"https:\/\/gtmteknoloji.com\/b2b\/wp-content\/uploads\/2025\/11\/supermicro-nvidia-b200-gpu-server-SYS-A22GA-NBRT-G1-gtm-teknoloji-turkiye-gpu-server-gold-serisi-hizli-teslimat.webp","datePublished":"2025-11-27T07:55:03+00:00","dateModified":"2026-04-22T18:14:43+00:00","description":"Geli\u015fmi\u015f teknoloji ar\u0131yorsan\u0131z, Supermicro Nvidia B200 H\u0131zl\u0131 Teslim HGX B200 GPU Server en do\u011fru tercihtir. H\u0131zla teslim almak i\u00e7in t\u0131klay\u0131n! \ud83d\ude80","breadcrumb":{"@id":"https:\/\/gtmteknoloji.com\/b2b\/magaza\/genel\/sys-a22ga-nbrt-g1-supermicro-10u-nvidia-b200-gold-serisi-gpu-sunucusu\/#breadcrumb"},"inLanguage":"tr","potentialAction":[{"@type":"ReadAction","target":["https:\/\/gtmteknoloji.com\/b2b\/magaza\/genel\/sys-a22ga-nbrt-g1-supermicro-10u-nvidia-b200-gold-serisi-gpu-sunucusu\/"]}]},{"@type":"ImageObject","inLanguage":"tr","@id":"https:\/\/gtmteknoloji.com\/b2b\/magaza\/genel\/sys-a22ga-nbrt-g1-supermicro-10u-nvidia-b200-gold-serisi-gpu-sunucusu\/#primaryimage","url":"https:\/\/gtmteknoloji.com\/b2b\/wp-content\/uploads\/2025\/11\/supermicro-nvidia-b200-gpu-server-SYS-A22GA-NBRT-G1-gtm-teknoloji-turkiye-gpu-server-gold-serisi-hizli-teslimat.webp","contentUrl":"https:\/\/gtmteknoloji.com\/b2b\/wp-content\/uploads\/2025\/11\/supermicro-nvidia-b200-gpu-server-SYS-A22GA-NBRT-G1-gtm-teknoloji-turkiye-gpu-server-gold-serisi-hizli-teslimat.webp","width":800,"height":800},{"@type":"BreadcrumbList","@id":"https:\/\/gtmteknoloji.com\/b2b\/magaza\/genel\/sys-a22ga-nbrt-g1-supermicro-10u-nvidia-b200-gold-serisi-gpu-sunucusu\/#breadcrumb","itemListElement":[{"@type":"ListItem","position":1,"name":"Home","item":"https:\/\/gtmteknoloji.com\/b2b\/"},{"@type":"ListItem","position":2,"name":"Ma\u011faza","item":"https:\/\/gtmteknoloji.com\/b2b\/magaza\/"},{"@type":"ListItem","position":3,"name":"Supermicro 10U B200 Gold Serisi GPU Sunucusu Gold Serisi H\u0131zl\u0131 Teslimat (SYS-A22GA-NBRT-G1) (EOL)"}]},{"@type":"WebSite","@id":"https:\/\/gtmteknoloji.com\/b2b\/#website","url":"https:\/\/gtmteknoloji.com\/b2b\/","name":"GTM Teknoloji","description":"B2B Sat\u0131\u015f Portal\u0131","publisher":{"@id":"https:\/\/gtmteknoloji.com\/b2b\/#organization"},"potentialAction":[{"@type":"SearchAction","target":{"@type":"EntryPoint","urlTemplate":"https:\/\/gtmteknoloji.com\/b2b\/?s={search_term_string}"},"query-input":{"@type":"PropertyValueSpecification","valueRequired":true,"valueName":"search_term_string"}}],"inLanguage":"tr"},{"@type":"Organization","@id":"https:\/\/gtmteknoloji.com\/b2b\/#organization","name":"GTM Teknoloji","url":"https:\/\/gtmteknoloji.com\/b2b\/","logo":{"@type":"ImageObject","inLanguage":"tr","@id":"https:\/\/gtmteknoloji.com\/b2b\/#\/schema\/logo\/image\/","url":"https:\/\/gtmteknoloji.com\/b2b\/wp-content\/uploads\/2020\/12\/GTM-logo.png","contentUrl":"https:\/\/gtmteknoloji.com\/b2b\/wp-content\/uploads\/2020\/12\/GTM-logo.png","width":400,"height":400,"caption":"GTM Teknoloji"},"image":{"@id":"https:\/\/gtmteknoloji.com\/b2b\/#\/schema\/logo\/image\/"},"sameAs":["https:\/\/www.facebook.com\/SupermicroTurkiye\/?locale=tr_TR","https:\/\/x.com\/gtmteknoloji"]}]},"product_brand":"Supermicro","product_price_currency":"USD","og_availability":"instock","product_availability":"instock","product_condition":"new"},"_links":{"self":[{"href":"https:\/\/gtmteknoloji.com\/b2b\/wp-json\/wp\/v2\/product\/10892","targetHints":{"allow":["GET"]}}],"collection":[{"href":"https:\/\/gtmteknoloji.com\/b2b\/wp-json\/wp\/v2\/product"}],"about":[{"href":"https:\/\/gtmteknoloji.com\/b2b\/wp-json\/wp\/v2\/types\/product"}],"version-history":[{"count":7,"href":"https:\/\/gtmteknoloji.com\/b2b\/wp-json\/wp\/v2\/product\/10892\/revisions"}],"predecessor-version":[{"id":12524,"href":"https:\/\/gtmteknoloji.com\/b2b\/wp-json\/wp\/v2\/product\/10892\/revisions\/12524"}],"wp:featuredmedia":[{"embeddable":true,"href":"https:\/\/gtmteknoloji.com\/b2b\/wp-json\/wp\/v2\/media\/11453"}],"wp:attachment":[{"href":"https:\/\/gtmteknoloji.com\/b2b\/wp-json\/wp\/v2\/media?parent=10892"}],"wp:term":[{"taxonomy":"product_brand","embeddable":true,"href":"https:\/\/gtmteknoloji.com\/b2b\/wp-json\/wp\/v2\/product_brand?post=10892"},{"taxonomy":"product_cat","embeddable":true,"href":"https:\/\/gtmteknoloji.com\/b2b\/wp-json\/wp\/v2\/product_cat?post=10892"},{"taxonomy":"product_tag","embeddable":true,"href":"https:\/\/gtmteknoloji.com\/b2b\/wp-json\/wp\/v2\/product_tag?post=10892"}],"curies":[{"name":"wp","href":"https:\/\/api.w.org\/{rel}","templated":true}]}}