{"id":12146,"date":"2026-03-28T23:50:25","date_gmt":"2026-03-28T20:50:25","guid":{"rendered":"https:\/\/gtmteknoloji.com\/b2b\/?post_type=product&#038;p=12146"},"modified":"2026-04-16T22:45:15","modified_gmt":"2026-04-16T19:45:15","slug":"nvidia-l40s-48gb-datacenter-gpu-900-2g133-0080-000","status":"publish","type":"product","link":"https:\/\/gtmteknoloji.com\/b2b\/magaza\/ekran-karti\/nvidia-l40s-48gb-datacenter-gpu-900-2g133-0080-000\/","title":{"rendered":"Nvidia L40S 48GB Datacenter GPU | 900-2G133-0080-000"},"content":{"rendered":"\t\t<div data-elementor-type=\"product-post\" data-elementor-id=\"12146\" class=\"elementor elementor-12146\" data-elementor-post-type=\"product\">\n\t\t\t\t\t\t<section class=\"elementor-section elementor-top-section elementor-element elementor-element-6e76fa2 elementor-section-full_width elementor-section-height-default elementor-section-height-default\" data-id=\"6e76fa2\" data-element_type=\"section\" data-e-type=\"section\" data-settings=\"{&quot;background_background&quot;:&quot;gradient&quot;}\">\n\t\t\t\t\t\t\t<div class=\"elementor-background-overlay\"><\/div>\n\t\t\t\t\t\t\t<div class=\"elementor-container elementor-column-gap-default\">\n\t\t\t\t\t<div class=\"elementor-column elementor-col-50 elementor-top-column elementor-element elementor-element-0d98d40\" data-id=\"0d98d40\" data-element_type=\"column\" data-e-type=\"column\">\n\t\t\t<div class=\"elementor-widget-wrap elementor-element-populated\">\n\t\t\t\t\t\t<div class=\"elementor-element elementor-element-37109ef elementor-widget elementor-widget-heading\" data-id=\"37109ef\" data-element_type=\"widget\" data-e-type=\"widget\" data-widget_type=\"heading.default\">\n\t\t\t\t<div class=\"elementor-widget-container\">\n\t\t\t\t\t<h1 class=\"elementor-heading-title elementor-size-default\">NVIDIA L40S 48GB Datacenter GPU | 900-2G133-0080-000<\/h1>\t\t\t\t<\/div>\n\t\t\t\t<\/div>\n\t\t\t\t<div class=\"elementor-element elementor-element-a6d31db elementor-widget elementor-widget-heading\" data-id=\"a6d31db\" data-element_type=\"widget\" data-e-type=\"widget\" data-widget_type=\"heading.default\">\n\t\t\t\t<div class=\"elementor-widget-container\">\n\t\t\t\t\t<h2 class=\"elementor-heading-title elementor-size-default\">Veri Merkezi i\u00e7in Benzersiz Yapay Zeka ve Grafik Performans\u0131<\/h2>\t\t\t\t<\/div>\n\t\t\t\t<\/div>\n\t\t\t\t<div class=\"elementor-element elementor-element-3cc1098 elementor-widget elementor-widget-wd_text_block\" data-id=\"3cc1098\" data-element_type=\"widget\" data-e-type=\"widget\" data-widget_type=\"wd_text_block.default\">\n\t\t\t\t<div class=\"elementor-widget-container\">\n\t\t\t\t\t\t\t<div class=\"wd-text-block reset-last-child text-left\">\n\t\t\t\n\t\t\t<p>Ada Lovelace mimarisine dayanan NVIDIA L40S GPU, veri merkezleri i\u00e7in en g\u00fc\u00e7l\u00fc evrensel GPU olup, b\u00fcy\u00fck dil modeli (LLM) \u00e7\u0131kar\u0131m\u0131 ve e\u011fitimi, grafik ve video uygulamalar\u0131 i\u00e7in \u00e7\u0131\u011f\u0131r a\u00e7an \u00e7oklu i\u015f y\u00fck\u00fc h\u0131zland\u0131rmas\u0131 sunar. \u00c7ok modlu \u00fcretken yapay zeka i\u00e7in \u00f6nde gelen platform olan L40S GPU, yeni nesil yapay zeka destekli ses, konu\u015fma, 2D, video ve 3D uygulamalar\u0131na g\u00fc\u00e7 vermek i\u00e7in \u00e7\u0131kar\u0131m, e\u011fitim, grafik ve video i\u015f ak\u0131\u015flar\u0131 i\u00e7in u\u00e7tan uca h\u0131zland\u0131rma sa\u011flar.<\/p>\n\t\t\t\t\t<\/div>\n\t\t\t\t\t\t<\/div>\n\t\t\t\t<\/div>\n\t\t\t\t\t<\/div>\n\t\t<\/div>\n\t\t\t\t<div class=\"elementor-column elementor-col-50 elementor-top-column elementor-element elementor-element-20ea512\" data-id=\"20ea512\" data-element_type=\"column\" data-e-type=\"column\">\n\t\t\t<div class=\"elementor-widget-wrap elementor-element-populated\">\n\t\t\t\t\t\t<div class=\"elementor-element elementor-element-c9b19d6 elementor-widget elementor-widget-wd_image_or_svg\" data-id=\"c9b19d6\" data-element_type=\"widget\" data-e-type=\"widget\" data-widget_type=\"wd_image_or_svg.default\">\n\t\t\t\t<div class=\"elementor-widget-container\">\n\t\t\t\t\t\n\t\t<div class=\"wd-image text-left\">\n\t\t\t\t\t\t\t\t<img decoding=\"async\" width=\"800\" height=\"600\" src=\"https:\/\/gtmteknoloji.com\/b2b\/wp-content\/uploads\/2026\/03\/nvidia-l40s-900-2G133-0080-000-gtmteknoloji.webp\" class=\"attachment-full size-full\" alt=\"\" srcset=\"https:\/\/gtmteknoloji.com\/b2b\/wp-content\/uploads\/2026\/03\/nvidia-l40s-900-2G133-0080-000-gtmteknoloji.webp 800w, https:\/\/gtmteknoloji.com\/b2b\/wp-content\/uploads\/2026\/03\/nvidia-l40s-900-2G133-0080-000-gtmteknoloji-300x225.webp 300w, https:\/\/gtmteknoloji.com\/b2b\/wp-content\/uploads\/2026\/03\/nvidia-l40s-900-2G133-0080-000-gtmteknoloji-768x576.webp 768w, https:\/\/gtmteknoloji.com\/b2b\/wp-content\/uploads\/2026\/03\/nvidia-l40s-900-2G133-0080-000-gtmteknoloji-600x450.webp 600w, https:\/\/gtmteknoloji.com\/b2b\/wp-content\/uploads\/2026\/03\/nvidia-l40s-900-2G133-0080-000-gtmteknoloji-150x113.webp 150w\" sizes=\"(max-width: 800px) 100vw, 800px\" \/>\t\t\t\t\t<\/div>\n\n\t\t\t\t\t\t<\/div>\n\t\t\t\t<\/div>\n\t\t\t\t\t<\/div>\n\t\t<\/div>\n\t\t\t\t\t<\/div>\n\t\t<\/section>\n\t\t\t\t<section class=\"wd-negative-gap elementor-section elementor-top-section elementor-element elementor-element-ad73387 elementor-section-boxed elementor-section-height-default elementor-section-height-default\" data-id=\"ad73387\" data-element_type=\"section\" data-e-type=\"section\">\n\t\t\t\t\t\t<div class=\"elementor-container elementor-column-gap-default\">\n\t\t\t\t\t<div class=\"elementor-column elementor-col-100 elementor-top-column elementor-element elementor-element-ce47d9c\" data-id=\"ce47d9c\" data-element_type=\"column\" data-e-type=\"column\">\n\t\t\t<div class=\"elementor-widget-wrap\">\n\t\t\t\t\t\t\t<\/div>\n\t\t<\/div>\n\t\t\t\t\t<\/div>\n\t\t<\/section>\n\t\t\t\t<section class=\"wd-negative-gap elementor-section elementor-top-section elementor-element elementor-element-ebbe6f5 elementor-section-boxed elementor-section-height-default elementor-section-height-default\" data-id=\"ebbe6f5\" data-element_type=\"section\" data-e-type=\"section\">\n\t\t\t\t\t\t<div class=\"elementor-container elementor-column-gap-default\">\n\t\t\t\t\t<div class=\"elementor-column elementor-col-33 elementor-top-column elementor-element elementor-element-0fd526f\" data-id=\"0fd526f\" data-element_type=\"column\" data-e-type=\"column\">\n\t\t\t<div class=\"elementor-widget-wrap\">\n\t\t\t\t\t\t\t<\/div>\n\t\t<\/div>\n\t\t\t\t<div class=\"elementor-column elementor-col-33 elementor-top-column elementor-element elementor-element-f9474ad\" data-id=\"f9474ad\" data-element_type=\"column\" data-e-type=\"column\">\n\t\t\t<div class=\"elementor-widget-wrap elementor-element-populated\">\n\t\t\t\t\t\t<div class=\"elementor-element elementor-element-6e8cda7 elementor-widget elementor-widget-wd_text_block\" data-id=\"6e8cda7\" data-element_type=\"widget\" data-e-type=\"widget\" data-widget_type=\"wd_text_block.default\">\n\t\t\t\t<div class=\"elementor-widget-container\">\n\t\t\t\t\t\t\t<div class=\"wd-text-block reset-last-child text-left\">\n\t\t\t\n\t\t\t<table class=\"table\"><tbody><tr><th scope=\"row\"><h4 class=\"h-h6\">GPU Architecture<\/h4><\/th><td class=\"h-colorGrey\">NVIDIA Ada Lovelace Architecture<\/td><\/tr><tr><th scope=\"row\"><h4 class=\"h-h6\">GPU Memory<\/h4><\/th><td class=\"h-colorGrey\">48GB GDDR6 with ECC<\/td><\/tr><tr><th scope=\"row\"><h4 class=\"h-h6\">Memory Bandwidth<\/h4><\/th><td class=\"h-colorGrey\">864 GB\/s<\/td><\/tr><tr><th scope=\"row\"><h4 class=\"h-h6\">CUDA<sup>\u00ae<\/sup>\u00a0Cores<\/h4><\/th><td class=\"h-colorGrey\">18,176<\/td><\/tr><tr><th scope=\"row\"><h4 class=\"h-h6\">RT Cores<\/h4><\/th><td class=\"h-colorGrey\">142<\/td><\/tr><tr><th scope=\"row\"><h4 class=\"h-h6\">Tensor Cores<\/h4><\/th><td class=\"h-colorGrey\">568<\/td><\/tr><tr><th scope=\"row\"><h4 class=\"h-h6\">RT Core Performance<\/h4><\/th><td class=\"h-colorGrey\">212 TFLOPS<\/td><\/tr><tr><th scope=\"row\"><h4 class=\"h-h6\">FP32<\/h4><\/th><td class=\"h-colorGrey\">91.6 TFLOPS<\/td><\/tr><tr><th scope=\"row\"><h4 class=\"h-h6\">TF32 Tensor Core<\/h4><\/th><td class=\"h-colorGrey\">366 TFLOPS<\/td><\/tr><tr><th scope=\"row\"><h4 class=\"h-h6\">BFLOAT16 Tensor Core<\/h4><\/th><td class=\"h-colorGrey\">366 I 733<sup>2<\/sup>\u00a0TFLOPS<\/td><\/tr><tr><th scope=\"row\"><h4 class=\"h-h6\">FP16 Tensor Core<\/h4><\/th><td class=\"h-colorGrey\">366 I 733<sup>2<\/sup>\u00a0TFLOPS<\/td><\/tr><tr><th scope=\"row\"><h4 class=\"h-h6\">FP8 Tensor Core<\/h4><\/th><td class=\"h-colorGrey\">733 I 1466<sup>2<\/sup>\u00a0TFLOPS<\/td><\/tr><tr><th scope=\"row\"><h4 class=\"h-h6\">Peak INT8 Tensor<\/h4><\/th><td class=\"h-colorGrey\">733 I 1466<sup>2<\/sup>\u00a0TOPS<\/td><\/tr><tr><th scope=\"row\"><h4 class=\"h-h6\">Peak INT4 Tensor<\/h4><\/th><td class=\"h-colorGrey\">733 I 1466<sup>2<\/sup>\u00a0TOPS<\/td><\/tr><tr><th scope=\"row\"><h4 class=\"h-h6\">Form Factor<\/h4><\/th><td class=\"h-colorGrey\">4.4\" (H) x 10.5\" (L), dual slot<\/td><\/tr><tr><th scope=\"row\"><h4 class=\"h-h6\">Display Ports<\/h4><\/th><td class=\"h-colorGrey\">4 x DisplayPort 1.4a<\/td><\/tr><tr><th scope=\"row\"><h4 class=\"h-h6\">Max Power Consumption<\/h4><\/th><td class=\"h-colorGrey\">350W<\/td><\/tr><tr><th scope=\"row\"><h4 class=\"h-h6\">Power Connector<\/h4><\/th><td class=\"h-colorGrey\">16-pin<\/td><\/tr><tr><th scope=\"row\"><h4 class=\"h-h6\">Thermal<\/h4><\/th><td class=\"h-colorGrey\">Passive<\/td><\/tr><tr><th scope=\"row\"><h4 class=\"h-h6\">Virtual GPU (vGPU) Software Support<\/h4><\/th><td class=\"h-colorGrey\">Yes<\/td><\/tr><tr><th scope=\"row\"><h4 class=\"h-h6\">NVENC I NVDEC<\/h4><\/th><td class=\"h-colorGrey\">3x l 3x (Includes AV1 Encode and Decode)<\/td><\/tr><tr><th scope=\"row\"><h4 class=\"h-h6\">Secure Boot with Root of Trust<\/h4><\/th><td class=\"h-colorGrey\">Yes<\/td><\/tr><tr><th scope=\"row\"><h4 class=\"h-h6\">NEBS Ready<\/h4><\/th><td class=\"h-colorGrey\">Level 3<\/td><\/tr><tr><th scope=\"row\"><h4 class=\"h-h6\">MIG Support<\/h4><\/th><td class=\"h-colorGrey\">No<\/td><\/tr><\/tbody><\/table>\n\t\t\t\t\t<\/div>\n\t\t\t\t\t\t<\/div>\n\t\t\t\t<\/div>\n\t\t\t\t\t<\/div>\n\t\t<\/div>\n\t\t\t\t<div class=\"elementor-column elementor-col-33 elementor-top-column elementor-element elementor-element-432857f\" data-id=\"432857f\" data-element_type=\"column\" data-e-type=\"column\">\n\t\t\t<div class=\"elementor-widget-wrap\">\n\t\t\t\t\t\t\t<\/div>\n\t\t<\/div>\n\t\t\t\t\t<\/div>\n\t\t<\/section>\n\t\t\t\t<\/div>\n\t\t","protected":false},"excerpt":{"rendered":"<p>NVIDIA L40S 48GB Datacenter GPU | 900-2G133-0080-000 Veri Merkezi i\u00e7in Benzersiz Yapay Zeka ve Grafik Performans\u0131 Ada Lovelace mimarisine dayanan<\/p>\n","protected":false},"featured_media":12156,"template":"","meta":[],"product_brand":[342,341,338],"product_cat":[3021,1736],"product_tag":[3655,3654,3664,3665,3659,3666,3668,3669,3653,3657,3658,3663,3661,2946,3652,3667,3662,3670,3660,3656],"class_list":{"0":"post-12146","1":"product","2":"type-product","3":"status-publish","4":"has-post-thumbnail","6":"product_brand-nvidia-npn-partner-gtmteknoloji","7":"product_brand-pny-ekran-karti","8":"product_brand-supermicro-server-turkiye","9":"product_cat-veri-merkezi-gpu-kartlari","10":"product_cat-ekran-karti","11":"product_tag-48gb-gddr6-gpu","12":"product_tag-ada-lovelace-gpu","13":"product_tag-ai-workload-gpu","14":"product_tag-buyuk-dil-modeli-gpu","15":"product_tag-generatif-yapay-zeka-gpu","16":"product_tag-goruntu-isleme-gpu-sunucu","17":"product_tag-l40s-fiyat","18":"product_tag-l40s-satin-al","19":"product_tag-l40s-veri-merkezi-gpu","20":"product_tag-llm-egitim-gpu","21":"product_tag-llm-inference-gpu","22":"product_tag-nvidia-ada-lovelace-mimari","23":"product_tag-nvidia-data-center-gpu","24":"product_tag-nvidia-l40s","25":"product_tag-nvidia-l40s-gpu","26":"product_tag-nvidia-l40s-turkiye","27":"product_tag-profesyonel-gpu-karti","28":"product_tag-supermicro-l40s-sunucu","29":"product_tag-veri-merkezi-hizlandirici","30":"product_tag-yapay-zeka-gpu-sunucu","31":"pa_marka-nvidia","32":"pa_marka-pny","33":"pa_marka-supermicro","35":"first","36":"instock","37":"taxable","38":"shipping-taxable","39":"product-type-external"},"yoast_head":"<!-- This site is optimized with the Yoast SEO Premium plugin v27.4 (Yoast SEO v27.4) - https:\/\/yoast.com\/product\/yoast-seo-premium-wordpress\/ -->\n<title>Nvidia L40S Datacenter GPU: G\u00fc\u00e7l\u00fc Performans Sunar - GTM Teknoloji %<\/title>\n<meta name=\"description\" content=\"Nvidia L40S Datacenter GPU, g\u00fc\u00e7 ve verimlilik sunan \u00e7\u0131\u011f\u0131r a\u00e7an bir \u00e7\u00f6z\u00fcm. B\u00fcy\u00fck dil modelleri ve video uygulamalar\u0131 i\u00e7in idealdir.\" \/>\n<meta name=\"robots\" content=\"index, follow, max-snippet:-1, max-image-preview:large, max-video-preview:-1\" \/>\n<link rel=\"canonical\" href=\"https:\/\/gtmteknoloji.com\/b2b\/magaza\/ekran-karti\/nvidia-l40s-48gb-datacenter-gpu-900-2g133-0080-000\/\" \/>\n<meta property=\"og:locale\" content=\"tr_TR\" \/>\n<meta property=\"og:type\" content=\"article\" \/>\n<meta property=\"og:title\" content=\"Nvidia L40S 48GB Datacenter GPU | 900-2G133-0080-000\" \/>\n<meta property=\"og:description\" content=\"Nvidia L40S Datacenter GPU, g\u00fc\u00e7 ve verimlilik sunan \u00e7\u0131\u011f\u0131r a\u00e7an bir \u00e7\u00f6z\u00fcm. B\u00fcy\u00fck dil modelleri ve video uygulamalar\u0131 i\u00e7in idealdir.\" \/>\n<meta property=\"og:url\" content=\"https:\/\/gtmteknoloji.com\/b2b\/magaza\/ekran-karti\/nvidia-l40s-48gb-datacenter-gpu-900-2g133-0080-000\/\" \/>\n<meta property=\"og:site_name\" content=\"GTM Teknoloji\" \/>\n<meta property=\"article:publisher\" content=\"https:\/\/www.facebook.com\/SupermicroTurkiye\/?locale=tr_TR\" \/>\n<meta property=\"article:modified_time\" content=\"2026-04-16T19:45:15+00:00\" \/>\n<meta property=\"og:image\" content=\"https:\/\/gtmteknoloji.com\/b2b\/wp-content\/uploads\/2026\/03\/nvidia-l40s-front.webp\" \/>\n\t<meta property=\"og:image:width\" content=\"800\" \/>\n\t<meta property=\"og:image:height\" content=\"800\" \/>\n\t<meta property=\"og:image:type\" content=\"image\/webp\" \/>\n<meta name=\"twitter:card\" content=\"summary_large_image\" \/>\n<meta name=\"twitter:site\" content=\"@gtmteknoloji\" \/>\n<meta name=\"twitter:label1\" content=\"Fiyat\" \/>\n\t<meta name=\"twitter:data1\" content=\"\" \/>\n\t<meta name=\"twitter:label2\" content=\"Durumu\" \/>\n\t<meta name=\"twitter:data2\" content=\"Stokta var\" \/>\n<script type=\"application\/ld+json\" class=\"yoast-schema-graph\">{\"@context\":\"https:\\\/\\\/schema.org\",\"@graph\":[{\"@type\":\"WebPage\",\"@id\":\"https:\\\/\\\/gtmteknoloji.com\\\/b2b\\\/magaza\\\/ekran-karti\\\/nvidia-l40s-48gb-datacenter-gpu-900-2g133-0080-000\\\/\",\"url\":\"https:\\\/\\\/gtmteknoloji.com\\\/b2b\\\/magaza\\\/ekran-karti\\\/nvidia-l40s-48gb-datacenter-gpu-900-2g133-0080-000\\\/\",\"name\":\"Nvidia L40S Datacenter GPU: G\u00fc\u00e7l\u00fc Performans Sunar - GTM Teknoloji %\",\"isPartOf\":{\"@id\":\"https:\\\/\\\/gtmteknoloji.com\\\/b2b\\\/#website\"},\"primaryImageOfPage\":{\"@id\":\"https:\\\/\\\/gtmteknoloji.com\\\/b2b\\\/magaza\\\/ekran-karti\\\/nvidia-l40s-48gb-datacenter-gpu-900-2g133-0080-000\\\/#primaryimage\"},\"image\":{\"@id\":\"https:\\\/\\\/gtmteknoloji.com\\\/b2b\\\/magaza\\\/ekran-karti\\\/nvidia-l40s-48gb-datacenter-gpu-900-2g133-0080-000\\\/#primaryimage\"},\"thumbnailUrl\":\"https:\\\/\\\/gtmteknoloji.com\\\/b2b\\\/wp-content\\\/uploads\\\/2026\\\/03\\\/nvidia-l40s-front.webp\",\"datePublished\":\"2026-03-28T20:50:25+00:00\",\"dateModified\":\"2026-04-16T19:45:15+00:00\",\"description\":\"Nvidia L40S Datacenter GPU, g\u00fc\u00e7 ve verimlilik sunan \u00e7\u0131\u011f\u0131r a\u00e7an bir \u00e7\u00f6z\u00fcm. B\u00fcy\u00fck dil modelleri ve video uygulamalar\u0131 i\u00e7in idealdir.\",\"breadcrumb\":{\"@id\":\"https:\\\/\\\/gtmteknoloji.com\\\/b2b\\\/magaza\\\/ekran-karti\\\/nvidia-l40s-48gb-datacenter-gpu-900-2g133-0080-000\\\/#breadcrumb\"},\"inLanguage\":\"tr\",\"potentialAction\":[{\"@type\":\"ReadAction\",\"target\":[\"https:\\\/\\\/gtmteknoloji.com\\\/b2b\\\/magaza\\\/ekran-karti\\\/nvidia-l40s-48gb-datacenter-gpu-900-2g133-0080-000\\\/\"]}]},{\"@type\":\"ImageObject\",\"inLanguage\":\"tr\",\"@id\":\"https:\\\/\\\/gtmteknoloji.com\\\/b2b\\\/magaza\\\/ekran-karti\\\/nvidia-l40s-48gb-datacenter-gpu-900-2g133-0080-000\\\/#primaryimage\",\"url\":\"https:\\\/\\\/gtmteknoloji.com\\\/b2b\\\/wp-content\\\/uploads\\\/2026\\\/03\\\/nvidia-l40s-front.webp\",\"contentUrl\":\"https:\\\/\\\/gtmteknoloji.com\\\/b2b\\\/wp-content\\\/uploads\\\/2026\\\/03\\\/nvidia-l40s-front.webp\",\"width\":800,\"height\":800},{\"@type\":\"BreadcrumbList\",\"@id\":\"https:\\\/\\\/gtmteknoloji.com\\\/b2b\\\/magaza\\\/ekran-karti\\\/nvidia-l40s-48gb-datacenter-gpu-900-2g133-0080-000\\\/#breadcrumb\",\"itemListElement\":[{\"@type\":\"ListItem\",\"position\":1,\"name\":\"Home\",\"item\":\"https:\\\/\\\/gtmteknoloji.com\\\/b2b\\\/\"},{\"@type\":\"ListItem\",\"position\":2,\"name\":\"Ma\u011faza\",\"item\":\"https:\\\/\\\/gtmteknoloji.com\\\/b2b\\\/magaza\\\/\"},{\"@type\":\"ListItem\",\"position\":3,\"name\":\"Nvidia L40S 48GB Datacenter GPU | 900-2G133-0080-000\"}]},{\"@type\":\"WebSite\",\"@id\":\"https:\\\/\\\/gtmteknoloji.com\\\/b2b\\\/#website\",\"url\":\"https:\\\/\\\/gtmteknoloji.com\\\/b2b\\\/\",\"name\":\"GTM Teknoloji\",\"description\":\"B2B Sat\u0131\u015f Portal\u0131\",\"publisher\":{\"@id\":\"https:\\\/\\\/gtmteknoloji.com\\\/b2b\\\/#organization\"},\"potentialAction\":[{\"@type\":\"SearchAction\",\"target\":{\"@type\":\"EntryPoint\",\"urlTemplate\":\"https:\\\/\\\/gtmteknoloji.com\\\/b2b\\\/?s={search_term_string}\"},\"query-input\":{\"@type\":\"PropertyValueSpecification\",\"valueRequired\":true,\"valueName\":\"search_term_string\"}}],\"inLanguage\":\"tr\"},{\"@type\":\"Organization\",\"@id\":\"https:\\\/\\\/gtmteknoloji.com\\\/b2b\\\/#organization\",\"name\":\"GTM Teknoloji\",\"url\":\"https:\\\/\\\/gtmteknoloji.com\\\/b2b\\\/\",\"logo\":{\"@type\":\"ImageObject\",\"inLanguage\":\"tr\",\"@id\":\"https:\\\/\\\/gtmteknoloji.com\\\/b2b\\\/#\\\/schema\\\/logo\\\/image\\\/\",\"url\":\"https:\\\/\\\/gtmteknoloji.com\\\/b2b\\\/wp-content\\\/uploads\\\/2020\\\/12\\\/GTM-logo.png\",\"contentUrl\":\"https:\\\/\\\/gtmteknoloji.com\\\/b2b\\\/wp-content\\\/uploads\\\/2020\\\/12\\\/GTM-logo.png\",\"width\":400,\"height\":400,\"caption\":\"GTM Teknoloji\"},\"image\":{\"@id\":\"https:\\\/\\\/gtmteknoloji.com\\\/b2b\\\/#\\\/schema\\\/logo\\\/image\\\/\"},\"sameAs\":[\"https:\\\/\\\/www.facebook.com\\\/SupermicroTurkiye\\\/?locale=tr_TR\",\"https:\\\/\\\/x.com\\\/gtmteknoloji\"]}]}<\/script>\n<meta property=\"product:brand\" content=\"PNY\" \/>\n<meta property=\"product:price:currency\" content=\"USD\" \/>\n<meta property=\"og:availability\" content=\"instock\" \/>\n<meta property=\"product:availability\" content=\"instock\" \/>\n<meta property=\"product:condition\" content=\"new\" \/>\n<!-- \/ Yoast SEO Premium plugin. -->","yoast_head_json":{"title":"Nvidia L40S Datacenter GPU: G\u00fc\u00e7l\u00fc Performans Sunar - GTM Teknoloji %","description":"Nvidia L40S Datacenter GPU, g\u00fc\u00e7 ve verimlilik sunan \u00e7\u0131\u011f\u0131r a\u00e7an bir \u00e7\u00f6z\u00fcm. B\u00fcy\u00fck dil modelleri ve video uygulamalar\u0131 i\u00e7in idealdir.","robots":{"index":"index","follow":"follow","max-snippet":"max-snippet:-1","max-image-preview":"max-image-preview:large","max-video-preview":"max-video-preview:-1"},"canonical":"https:\/\/gtmteknoloji.com\/b2b\/magaza\/ekran-karti\/nvidia-l40s-48gb-datacenter-gpu-900-2g133-0080-000\/","og_locale":"tr_TR","og_type":"article","og_title":"Nvidia L40S 48GB Datacenter GPU | 900-2G133-0080-000","og_description":"Nvidia L40S Datacenter GPU, g\u00fc\u00e7 ve verimlilik sunan \u00e7\u0131\u011f\u0131r a\u00e7an bir \u00e7\u00f6z\u00fcm. B\u00fcy\u00fck dil modelleri ve video uygulamalar\u0131 i\u00e7in idealdir.","og_url":"https:\/\/gtmteknoloji.com\/b2b\/magaza\/ekran-karti\/nvidia-l40s-48gb-datacenter-gpu-900-2g133-0080-000\/","og_site_name":"GTM Teknoloji","article_publisher":"https:\/\/www.facebook.com\/SupermicroTurkiye\/?locale=tr_TR","article_modified_time":"2026-04-16T19:45:15+00:00","og_image":[{"width":800,"height":800,"url":"https:\/\/gtmteknoloji.com\/b2b\/wp-content\/uploads\/2026\/03\/nvidia-l40s-front.webp","type":"image\/webp"}],"twitter_card":"summary_large_image","twitter_site":"@gtmteknoloji","twitter_misc":{"Fiyat":"","Durumu":"Stokta var"},"schema":{"@context":"https:\/\/schema.org","@graph":[{"@type":"WebPage","@id":"https:\/\/gtmteknoloji.com\/b2b\/magaza\/ekran-karti\/nvidia-l40s-48gb-datacenter-gpu-900-2g133-0080-000\/","url":"https:\/\/gtmteknoloji.com\/b2b\/magaza\/ekran-karti\/nvidia-l40s-48gb-datacenter-gpu-900-2g133-0080-000\/","name":"Nvidia L40S Datacenter GPU: G\u00fc\u00e7l\u00fc Performans Sunar - GTM Teknoloji %","isPartOf":{"@id":"https:\/\/gtmteknoloji.com\/b2b\/#website"},"primaryImageOfPage":{"@id":"https:\/\/gtmteknoloji.com\/b2b\/magaza\/ekran-karti\/nvidia-l40s-48gb-datacenter-gpu-900-2g133-0080-000\/#primaryimage"},"image":{"@id":"https:\/\/gtmteknoloji.com\/b2b\/magaza\/ekran-karti\/nvidia-l40s-48gb-datacenter-gpu-900-2g133-0080-000\/#primaryimage"},"thumbnailUrl":"https:\/\/gtmteknoloji.com\/b2b\/wp-content\/uploads\/2026\/03\/nvidia-l40s-front.webp","datePublished":"2026-03-28T20:50:25+00:00","dateModified":"2026-04-16T19:45:15+00:00","description":"Nvidia L40S Datacenter GPU, g\u00fc\u00e7 ve verimlilik sunan \u00e7\u0131\u011f\u0131r a\u00e7an bir \u00e7\u00f6z\u00fcm. B\u00fcy\u00fck dil modelleri ve video uygulamalar\u0131 i\u00e7in idealdir.","breadcrumb":{"@id":"https:\/\/gtmteknoloji.com\/b2b\/magaza\/ekran-karti\/nvidia-l40s-48gb-datacenter-gpu-900-2g133-0080-000\/#breadcrumb"},"inLanguage":"tr","potentialAction":[{"@type":"ReadAction","target":["https:\/\/gtmteknoloji.com\/b2b\/magaza\/ekran-karti\/nvidia-l40s-48gb-datacenter-gpu-900-2g133-0080-000\/"]}]},{"@type":"ImageObject","inLanguage":"tr","@id":"https:\/\/gtmteknoloji.com\/b2b\/magaza\/ekran-karti\/nvidia-l40s-48gb-datacenter-gpu-900-2g133-0080-000\/#primaryimage","url":"https:\/\/gtmteknoloji.com\/b2b\/wp-content\/uploads\/2026\/03\/nvidia-l40s-front.webp","contentUrl":"https:\/\/gtmteknoloji.com\/b2b\/wp-content\/uploads\/2026\/03\/nvidia-l40s-front.webp","width":800,"height":800},{"@type":"BreadcrumbList","@id":"https:\/\/gtmteknoloji.com\/b2b\/magaza\/ekran-karti\/nvidia-l40s-48gb-datacenter-gpu-900-2g133-0080-000\/#breadcrumb","itemListElement":[{"@type":"ListItem","position":1,"name":"Home","item":"https:\/\/gtmteknoloji.com\/b2b\/"},{"@type":"ListItem","position":2,"name":"Ma\u011faza","item":"https:\/\/gtmteknoloji.com\/b2b\/magaza\/"},{"@type":"ListItem","position":3,"name":"Nvidia L40S 48GB Datacenter GPU | 900-2G133-0080-000"}]},{"@type":"WebSite","@id":"https:\/\/gtmteknoloji.com\/b2b\/#website","url":"https:\/\/gtmteknoloji.com\/b2b\/","name":"GTM Teknoloji","description":"B2B Sat\u0131\u015f Portal\u0131","publisher":{"@id":"https:\/\/gtmteknoloji.com\/b2b\/#organization"},"potentialAction":[{"@type":"SearchAction","target":{"@type":"EntryPoint","urlTemplate":"https:\/\/gtmteknoloji.com\/b2b\/?s={search_term_string}"},"query-input":{"@type":"PropertyValueSpecification","valueRequired":true,"valueName":"search_term_string"}}],"inLanguage":"tr"},{"@type":"Organization","@id":"https:\/\/gtmteknoloji.com\/b2b\/#organization","name":"GTM Teknoloji","url":"https:\/\/gtmteknoloji.com\/b2b\/","logo":{"@type":"ImageObject","inLanguage":"tr","@id":"https:\/\/gtmteknoloji.com\/b2b\/#\/schema\/logo\/image\/","url":"https:\/\/gtmteknoloji.com\/b2b\/wp-content\/uploads\/2020\/12\/GTM-logo.png","contentUrl":"https:\/\/gtmteknoloji.com\/b2b\/wp-content\/uploads\/2020\/12\/GTM-logo.png","width":400,"height":400,"caption":"GTM Teknoloji"},"image":{"@id":"https:\/\/gtmteknoloji.com\/b2b\/#\/schema\/logo\/image\/"},"sameAs":["https:\/\/www.facebook.com\/SupermicroTurkiye\/?locale=tr_TR","https:\/\/x.com\/gtmteknoloji"]}]},"product_brand":"PNY","product_price_currency":"USD","og_availability":"instock","product_availability":"instock","product_condition":"new"},"_links":{"self":[{"href":"https:\/\/gtmteknoloji.com\/b2b\/wp-json\/wp\/v2\/product\/12146","targetHints":{"allow":["GET"]}}],"collection":[{"href":"https:\/\/gtmteknoloji.com\/b2b\/wp-json\/wp\/v2\/product"}],"about":[{"href":"https:\/\/gtmteknoloji.com\/b2b\/wp-json\/wp\/v2\/types\/product"}],"version-history":[{"count":9,"href":"https:\/\/gtmteknoloji.com\/b2b\/wp-json\/wp\/v2\/product\/12146\/revisions"}],"predecessor-version":[{"id":12162,"href":"https:\/\/gtmteknoloji.com\/b2b\/wp-json\/wp\/v2\/product\/12146\/revisions\/12162"}],"wp:featuredmedia":[{"embeddable":true,"href":"https:\/\/gtmteknoloji.com\/b2b\/wp-json\/wp\/v2\/media\/12156"}],"wp:attachment":[{"href":"https:\/\/gtmteknoloji.com\/b2b\/wp-json\/wp\/v2\/media?parent=12146"}],"wp:term":[{"taxonomy":"product_brand","embeddable":true,"href":"https:\/\/gtmteknoloji.com\/b2b\/wp-json\/wp\/v2\/product_brand?post=12146"},{"taxonomy":"product_cat","embeddable":true,"href":"https:\/\/gtmteknoloji.com\/b2b\/wp-json\/wp\/v2\/product_cat?post=12146"},{"taxonomy":"product_tag","embeddable":true,"href":"https:\/\/gtmteknoloji.com\/b2b\/wp-json\/wp\/v2\/product_tag?post=12146"}],"curies":[{"name":"wp","href":"https:\/\/api.w.org\/{rel}","templated":true}]}}