{"id":12163,"date":"2026-03-29T00:02:00","date_gmt":"2026-03-28T21:02:00","guid":{"rendered":"https:\/\/gtmteknoloji.com\/b2b\/?post_type=product&#038;p=12163"},"modified":"2026-04-16T22:44:28","modified_gmt":"2026-04-16T19:44:28","slug":"nvidia-rtx-pro-4500-blackwell-server-edition-nvrtxpro4500tcgpu-kit","status":"publish","type":"product","link":"https:\/\/gtmteknoloji.com\/b2b\/magaza\/ekran-karti\/nvidia-rtx-pro-4500-blackwell-server-edition-nvrtxpro4500tcgpu-kit\/","title":{"rendered":"NVIDIA RTX PRO 4500 Blackwell Server Edition | NVRTXPRO4500TCGPU-KIT"},"content":{"rendered":"\t\t<div data-elementor-type=\"product-post\" data-elementor-id=\"12163\" class=\"elementor elementor-12163\" data-elementor-post-type=\"product\">\n\t\t\t\t\t\t<section class=\"elementor-section elementor-top-section elementor-element elementor-element-6e76fa2 elementor-section-full_width elementor-section-height-default elementor-section-height-default\" data-id=\"6e76fa2\" data-element_type=\"section\" data-e-type=\"section\" data-settings=\"{&quot;background_background&quot;:&quot;gradient&quot;}\">\n\t\t\t\t\t\t\t<div class=\"elementor-background-overlay\"><\/div>\n\t\t\t\t\t\t\t<div class=\"elementor-container elementor-column-gap-default\">\n\t\t\t\t\t<div class=\"elementor-column elementor-col-50 elementor-top-column elementor-element elementor-element-0d98d40\" data-id=\"0d98d40\" data-element_type=\"column\" data-e-type=\"column\">\n\t\t\t<div class=\"elementor-widget-wrap elementor-element-populated\">\n\t\t\t\t\t\t<div class=\"elementor-element elementor-element-a6d31db elementor-widget elementor-widget-heading\" data-id=\"a6d31db\" data-element_type=\"widget\" data-e-type=\"widget\" data-widget_type=\"heading.default\">\n\t\t\t\t<div class=\"elementor-widget-container\">\n\t\t\t\t\t<h2 class=\"elementor-heading-title elementor-size-default\">HER T\u00dcRL\u00dc KURUMSAL \u0130\u015e Y\u00dcK\u00dc \u0130\u00c7\u0130N TAV\u0130ZS\u0130Z PERFORMANS VE VER\u0130ML\u0130L\u0130K<\/h2>\t\t\t\t<\/div>\n\t\t\t\t<\/div>\n\t\t\t\t<div class=\"elementor-element elementor-element-37109ef elementor-widget elementor-widget-heading\" data-id=\"37109ef\" data-element_type=\"widget\" data-e-type=\"widget\" data-widget_type=\"heading.default\">\n\t\t\t\t<div class=\"elementor-widget-container\">\n\t\t\t\t\t<h1 class=\"elementor-heading-title elementor-size-default\">NVIDIA RTX PRO 4500 BLACKWELL SERVER EDITION<\/h1>\t\t\t\t<\/div>\n\t\t\t\t<\/div>\n\t\t\t\t<div class=\"elementor-element elementor-element-3cc1098 elementor-widget elementor-widget-wd_text_block\" data-id=\"3cc1098\" data-element_type=\"widget\" data-e-type=\"widget\" data-widget_type=\"wd_text_block.default\">\n\t\t\t\t<div class=\"elementor-widget-container\">\n\t\t\t\t\t\t\t<div class=\"wd-text-block reset-last-child text-left\">\n\t\t\t\n\t\t\t<p>NVIDIA RTX PRO\u2122 4500 Blackwell Server Edition, Blackwell mimarisinin devrim niteli\u011findeki yeteneklerini ana ak\u0131m kurumsal veri merkezi ve u\u00e7 platformlar\u0131na getiriyor. Be\u015finci nesil tens\u00f6r \u00e7ekirdekleri, d\u00f6rd\u00fcnc\u00fc nesil RT \u00e7ekirdekleri ve 32 GB y\u00fcksek h\u0131zl\u0131 GDDR7 belle\u011fi ile, tek yuval\u0131, enerji tasarruflu bir tasar\u0131mda zorlu veri i\u015fleme, yapay zeka, video ve g\u00f6rsel hesaplama i\u015f y\u00fckleri i\u00e7in \u00e7\u0131\u011f\u0131r a\u00e7an performans ve verimlilik sunuyor.<\/p>\n\t\t\t\t\t<\/div>\n\t\t\t\t\t\t<\/div>\n\t\t\t\t<\/div>\n\t\t\t\t\t<\/div>\n\t\t<\/div>\n\t\t\t\t<div class=\"elementor-column elementor-col-50 elementor-top-column elementor-element elementor-element-20ea512\" data-id=\"20ea512\" data-element_type=\"column\" data-e-type=\"column\">\n\t\t\t<div class=\"elementor-widget-wrap elementor-element-populated\">\n\t\t\t\t\t\t<div class=\"elementor-element elementor-element-c9b19d6 elementor-widget elementor-widget-wd_image_or_svg\" data-id=\"c9b19d6\" data-element_type=\"widget\" data-e-type=\"widget\" data-widget_type=\"wd_image_or_svg.default\">\n\t\t\t\t<div class=\"elementor-widget-container\">\n\t\t\t\t\t\n\t\t<div class=\"wd-image text-left\">\n\t\t\t\t\t\t\t\t<img decoding=\"async\" width=\"800\" height=\"800\" src=\"https:\/\/gtmteknoloji.com\/b2b\/wp-content\/uploads\/2026\/03\/rtx-pro-4500-bm-lg580-offset-left-d-2.webp\" class=\"attachment-full size-full\" alt=\"\" srcset=\"https:\/\/gtmteknoloji.com\/b2b\/wp-content\/uploads\/2026\/03\/rtx-pro-4500-bm-lg580-offset-left-d-2.webp 800w, https:\/\/gtmteknoloji.com\/b2b\/wp-content\/uploads\/2026\/03\/rtx-pro-4500-bm-lg580-offset-left-d-2-300x300.webp 300w, https:\/\/gtmteknoloji.com\/b2b\/wp-content\/uploads\/2026\/03\/rtx-pro-4500-bm-lg580-offset-left-d-2-150x150.webp 150w, https:\/\/gtmteknoloji.com\/b2b\/wp-content\/uploads\/2026\/03\/rtx-pro-4500-bm-lg580-offset-left-d-2-768x768.webp 768w, https:\/\/gtmteknoloji.com\/b2b\/wp-content\/uploads\/2026\/03\/rtx-pro-4500-bm-lg580-offset-left-d-2-600x600.webp 600w\" sizes=\"(max-width: 800px) 100vw, 800px\" \/>\t\t\t\t\t<\/div>\n\n\t\t\t\t\t\t<\/div>\n\t\t\t\t<\/div>\n\t\t\t\t\t<\/div>\n\t\t<\/div>\n\t\t\t\t\t<\/div>\n\t\t<\/section>\n\t\t\t\t<section class=\"wd-negative-gap elementor-section elementor-top-section elementor-element elementor-element-ebbe6f5 elementor-section-boxed elementor-section-height-default elementor-section-height-default\" data-id=\"ebbe6f5\" data-element_type=\"section\" data-e-type=\"section\">\n\t\t\t\t\t\t<div class=\"elementor-container elementor-column-gap-default\">\n\t\t\t\t\t<div class=\"elementor-column elementor-col-33 elementor-top-column elementor-element elementor-element-0fd526f\" data-id=\"0fd526f\" data-element_type=\"column\" data-e-type=\"column\">\n\t\t\t<div class=\"elementor-widget-wrap\">\n\t\t\t\t\t\t\t<\/div>\n\t\t<\/div>\n\t\t\t\t<div class=\"elementor-column elementor-col-33 elementor-top-column elementor-element elementor-element-f9474ad\" data-id=\"f9474ad\" data-element_type=\"column\" data-e-type=\"column\">\n\t\t\t<div class=\"elementor-widget-wrap elementor-element-populated\">\n\t\t\t\t\t\t<div class=\"elementor-element elementor-element-f366f0b elementor-widget elementor-widget-html\" data-id=\"f366f0b\" data-element_type=\"widget\" data-e-type=\"widget\" data-widget_type=\"html.default\">\n\t\t\t\t<div class=\"elementor-widget-container\">\n\t\t\t\t\t<table>\n  <tbody>\n    <tr><td><strong>PNY Part Number<\/strong><\/td><td>NVRTXPRO4500TCGPU-KIT<\/td><\/tr>\n    <tr><td><strong>Mimari<\/strong><\/td><td>NVIDIA Blackwell Architecture<\/td><\/tr>\n    <tr><td><strong>NVIDIA Tensor Cores<\/strong><\/td><td>203 (5. Nesil)<\/td><\/tr>\n    <tr><td><strong>Foundry<\/strong><\/td><td>TSMC<\/td><\/tr>\n    <tr><td><strong>S\u00fcre\u00e7 Boyutu<\/strong><\/td><td>4 nm Custom Process<\/td><\/tr>\n    <tr><td><strong>Transist\u00f6r Say\u0131s\u0131<\/strong><\/td><td>45.6 Milyar<\/td><\/tr>\n    <tr><td><strong>Die Boyutu<\/strong><\/td><td>378 mm\u00b2<\/td><\/tr>\n    <tr><td><strong>CUDA Paralel \u0130\u015flem \u00c7ekirde\u011fi<\/strong><\/td><td>10,496<\/td><\/tr>\n    <tr><td><strong>NVIDIA RT Cores<\/strong><\/td><td>82 (4. Nesil)<\/td><\/tr>\n    <tr><td><strong>Tek Hassasiyet Performans\u0131 (FP32)<\/strong><\/td><td>51 TFLOPS<\/td><\/tr>\n    <tr><td><strong>TF32 Tensor Core<\/strong><\/td><td>203 TFLOPS<\/td><\/tr>\n    <tr><td><strong>FP16 \/ BF16 Tensor Core<\/strong><\/td><td>406 TFLOPS<\/td><\/tr>\n    <tr><td><strong>FP8 Tensor Core<\/strong><\/td><td>811 TFLOPS<\/td><\/tr>\n    <tr><td><strong>FP4 Tensor Core<\/strong><\/td><td>1.6 PFLOPS<\/td><\/tr>\n    <tr><td><strong>INT8 Tensor Core<\/strong><\/td><td>811 TOPS<\/td><\/tr>\n    <tr><td><strong>Peak RT Core Performans\u0131<\/strong><\/td><td>154 TFLOPS<\/td><\/tr>\n    <tr><td><strong>GPU Belle\u011fi<\/strong><\/td><td>32GB GDDR7<\/td><\/tr>\n    <tr><td><strong>Bellek Aray\u00fcz\u00fc<\/strong><\/td><td>256-bit<\/td><\/tr>\n    <tr><td><strong>Bellek Bant Geni\u015fli\u011fi<\/strong><\/td><td>800 GB\/s<\/td><\/tr>\n    <tr><td><strong>G\u00fc\u00e7 T\u00fcketimi<\/strong><\/td><td>165W<\/td><\/tr>\n    <tr><td><strong>Multi-Instance GPU<\/strong><\/td><td>2x MIG @ 16GB'a kadar<\/td><\/tr>\n    <tr><td><strong>NVENC \/ NVDEC<\/strong><\/td><td>3x \/ 3x<\/td><\/tr>\n    <tr><td><strong>Gizli Hesaplama<\/strong><\/td><td>Destekleniyor<\/td><\/tr>\n    <tr><td><strong>Ara Ba\u011flant\u0131<\/strong><\/td><td>PCI Express 5.0 x16<\/td><\/tr>\n    <tr><td><strong>Form Fakt\u00f6r\u00fc<\/strong><\/td><td>4.4\" Y x 10.5\" U, FHFL Tek Slot<\/td><\/tr>\n    <tr><td><strong>\u00dcr\u00fcn A\u011f\u0131rl\u0131\u011f\u0131<\/strong><\/td><td>1055 gram<\/td><\/tr>\n    <tr><td><strong>Termal \u00c7\u00f6z\u00fcm<\/strong><\/td><td>Pasif<\/td><\/tr>\n    <tr><td><strong>G\u00fc\u00e7 Konnekt\u00f6r\u00fc<\/strong><\/td><td>1x PCIe CEM5 16-pin<\/td><\/tr>\n  <\/tbody>\n<\/table>\t\t\t\t<\/div>\n\t\t\t\t<\/div>\n\t\t\t\t\t<\/div>\n\t\t<\/div>\n\t\t\t\t<div class=\"elementor-column elementor-col-33 elementor-top-column elementor-element elementor-element-432857f\" data-id=\"432857f\" data-element_type=\"column\" data-e-type=\"column\">\n\t\t\t<div class=\"elementor-widget-wrap\">\n\t\t\t\t\t\t\t<\/div>\n\t\t<\/div>\n\t\t\t\t\t<\/div>\n\t\t<\/section>\n\t\t\t\t<\/div>\n\t\t","protected":false},"excerpt":{"rendered":"<p>HER T\u00dcRL\u00dc KURUMSAL \u0130\u015e Y\u00dcK\u00dc \u0130\u00c7\u0130N TAV\u0130ZS\u0130Z PERFORMANS VE VER\u0130ML\u0130L\u0130K NVIDIA RTX PRO 4500 BLACKWELL SERVER EDITION NVIDIA RTX PRO\u2122<\/p>\n","protected":false},"featured_media":12167,"template":"","meta":[],"product_brand":[342,341],"product_cat":[3021,1736],"product_tag":[3681,3675,3678,3674,3689,3680,3677,3685,3686,3040,3682,3683,3033,3671,3687,3688,3311,3672,3673,3676,3690,3679,3321,3684],"class_list":{"0":"post-12163","1":"product","2":"type-product","3":"status-publish","4":"has-post-thumbnail","6":"product_brand-nvidia-npn-partner-gtmteknoloji","7":"product_brand-pny-ekran-karti","8":"product_cat-veri-merkezi-gpu-kartlari","9":"product_cat-ekran-karti","10":"product_tag-165w-gpu-sunucu","11":"product_tag-32gb-gddr7-gpu","12":"product_tag-ai-inference-gpu-sunucu","13":"product_tag-blackwell-mimari-gpu","14":"product_tag-blackwell-sunucu-gpu-satin-al","15":"product_tag-dusuk-guc-tuketimli-gpu","16":"product_tag-edge-yapay-zeka-gpu","17":"product_tag-gorsel-hesaplama-gpu","18":"product_tag-kurumsal-gpu-sunucu","19":"product_tag-mig-gpu","20":"product_tag-multi-instance-gpu","21":"product_tag-nvenc-nvdec-gpu","22":"product_tag-nvidia-blackwell-gpu","23":"product_tag-nvidia-rtx-pro-4500","24":"product_tag-nvidia-rtx-pro-4500-fiyat","25":"product_tag-nvidia-rtx-pro-4500-turkiye","26":"product_tag-pcie-5-0-gpu","27":"product_tag-rtx-pro-4500-blackwell","28":"product_tag-rtx-pro-4500-server-edition","29":"product_tag-sunucu-gpu-karti","30":"product_tag-supermicro-rtx-pro-4500","31":"product_tag-tek-slot-profesyonel-gpu","32":"product_tag-veri-merkezi-gpu","33":"product_tag-video-streaming-gpu","35":"first","36":"instock","37":"taxable","38":"shipping-taxable","39":"product-type-external"},"yoast_head":"<!-- This site is optimized with the Yoast SEO Premium plugin v27.4 (Yoast SEO v27.4) - https:\/\/yoast.com\/product\/yoast-seo-premium-wordpress\/ -->\n<title>Nvidia L40S Datacenter GPU: G\u00fc\u00e7l\u00fc Performans Sunar - GTM Teknoloji %<\/title>\n<meta name=\"description\" content=\"Nvidia L40S Datacenter GPU, g\u00fc\u00e7 ve verimlilik sunan \u00e7\u0131\u011f\u0131r a\u00e7an bir \u00e7\u00f6z\u00fcm. B\u00fcy\u00fck dil modelleri ve video uygulamalar\u0131 i\u00e7in idealdir.\" \/>\n<meta name=\"robots\" content=\"index, follow, max-snippet:-1, max-image-preview:large, max-video-preview:-1\" \/>\n<link rel=\"canonical\" href=\"https:\/\/gtmteknoloji.com\/b2b\/magaza\/ekran-karti\/nvidia-rtx-pro-4500-blackwell-server-edition-nvrtxpro4500tcgpu-kit\/\" \/>\n<meta property=\"og:locale\" content=\"tr_TR\" \/>\n<meta property=\"og:type\" content=\"article\" \/>\n<meta property=\"og:title\" content=\"NVIDIA RTX PRO 4500 Blackwell Server Edition | NVRTXPRO4500TCGPU-KIT\" \/>\n<meta property=\"og:description\" content=\"Nvidia L40S Datacenter GPU, g\u00fc\u00e7 ve verimlilik sunan \u00e7\u0131\u011f\u0131r a\u00e7an bir \u00e7\u00f6z\u00fcm. B\u00fcy\u00fck dil modelleri ve video uygulamalar\u0131 i\u00e7in idealdir.\" \/>\n<meta property=\"og:url\" content=\"https:\/\/gtmteknoloji.com\/b2b\/magaza\/ekran-karti\/nvidia-rtx-pro-4500-blackwell-server-edition-nvrtxpro4500tcgpu-kit\/\" \/>\n<meta property=\"og:site_name\" content=\"GTM Teknoloji\" \/>\n<meta property=\"article:publisher\" content=\"https:\/\/www.facebook.com\/SupermicroTurkiye\/?locale=tr_TR\" \/>\n<meta property=\"article:modified_time\" content=\"2026-04-16T19:44:28+00:00\" \/>\n<meta property=\"og:image\" content=\"https:\/\/gtmteknoloji.com\/b2b\/wp-content\/uploads\/2026\/03\/rtx-pro-4500-bm-lg580-offset-left-d-1.webp\" \/>\n\t<meta property=\"og:image:width\" content=\"800\" \/>\n\t<meta property=\"og:image:height\" content=\"800\" \/>\n\t<meta property=\"og:image:type\" content=\"image\/webp\" \/>\n<meta name=\"twitter:card\" content=\"summary_large_image\" \/>\n<meta name=\"twitter:site\" content=\"@gtmteknoloji\" \/>\n<meta name=\"twitter:label1\" content=\"Fiyat\" \/>\n\t<meta name=\"twitter:data1\" content=\"\" \/>\n\t<meta name=\"twitter:label2\" content=\"Durumu\" \/>\n\t<meta name=\"twitter:data2\" content=\"Stokta var\" \/>\n<script type=\"application\/ld+json\" class=\"yoast-schema-graph\">{\"@context\":\"https:\\\/\\\/schema.org\",\"@graph\":[{\"@type\":\"WebPage\",\"@id\":\"https:\\\/\\\/gtmteknoloji.com\\\/b2b\\\/magaza\\\/ekran-karti\\\/nvidia-rtx-pro-4500-blackwell-server-edition-nvrtxpro4500tcgpu-kit\\\/\",\"url\":\"https:\\\/\\\/gtmteknoloji.com\\\/b2b\\\/magaza\\\/ekran-karti\\\/nvidia-rtx-pro-4500-blackwell-server-edition-nvrtxpro4500tcgpu-kit\\\/\",\"name\":\"Nvidia L40S Datacenter GPU: G\u00fc\u00e7l\u00fc Performans Sunar - GTM Teknoloji %\",\"isPartOf\":{\"@id\":\"https:\\\/\\\/gtmteknoloji.com\\\/b2b\\\/#website\"},\"primaryImageOfPage\":{\"@id\":\"https:\\\/\\\/gtmteknoloji.com\\\/b2b\\\/magaza\\\/ekran-karti\\\/nvidia-rtx-pro-4500-blackwell-server-edition-nvrtxpro4500tcgpu-kit\\\/#primaryimage\"},\"image\":{\"@id\":\"https:\\\/\\\/gtmteknoloji.com\\\/b2b\\\/magaza\\\/ekran-karti\\\/nvidia-rtx-pro-4500-blackwell-server-edition-nvrtxpro4500tcgpu-kit\\\/#primaryimage\"},\"thumbnailUrl\":\"https:\\\/\\\/gtmteknoloji.com\\\/b2b\\\/wp-content\\\/uploads\\\/2026\\\/03\\\/rtx-pro-4500-bm-lg580-offset-left-d-1.webp\",\"datePublished\":\"2026-03-28T21:02:00+00:00\",\"dateModified\":\"2026-04-16T19:44:28+00:00\",\"description\":\"Nvidia L40S Datacenter GPU, g\u00fc\u00e7 ve verimlilik sunan \u00e7\u0131\u011f\u0131r a\u00e7an bir \u00e7\u00f6z\u00fcm. B\u00fcy\u00fck dil modelleri ve video uygulamalar\u0131 i\u00e7in idealdir.\",\"breadcrumb\":{\"@id\":\"https:\\\/\\\/gtmteknoloji.com\\\/b2b\\\/magaza\\\/ekran-karti\\\/nvidia-rtx-pro-4500-blackwell-server-edition-nvrtxpro4500tcgpu-kit\\\/#breadcrumb\"},\"inLanguage\":\"tr\",\"potentialAction\":[{\"@type\":\"ReadAction\",\"target\":[\"https:\\\/\\\/gtmteknoloji.com\\\/b2b\\\/magaza\\\/ekran-karti\\\/nvidia-rtx-pro-4500-blackwell-server-edition-nvrtxpro4500tcgpu-kit\\\/\"]}]},{\"@type\":\"ImageObject\",\"inLanguage\":\"tr\",\"@id\":\"https:\\\/\\\/gtmteknoloji.com\\\/b2b\\\/magaza\\\/ekran-karti\\\/nvidia-rtx-pro-4500-blackwell-server-edition-nvrtxpro4500tcgpu-kit\\\/#primaryimage\",\"url\":\"https:\\\/\\\/gtmteknoloji.com\\\/b2b\\\/wp-content\\\/uploads\\\/2026\\\/03\\\/rtx-pro-4500-bm-lg580-offset-left-d-1.webp\",\"contentUrl\":\"https:\\\/\\\/gtmteknoloji.com\\\/b2b\\\/wp-content\\\/uploads\\\/2026\\\/03\\\/rtx-pro-4500-bm-lg580-offset-left-d-1.webp\",\"width\":800,\"height\":800},{\"@type\":\"BreadcrumbList\",\"@id\":\"https:\\\/\\\/gtmteknoloji.com\\\/b2b\\\/magaza\\\/ekran-karti\\\/nvidia-rtx-pro-4500-blackwell-server-edition-nvrtxpro4500tcgpu-kit\\\/#breadcrumb\",\"itemListElement\":[{\"@type\":\"ListItem\",\"position\":1,\"name\":\"Home\",\"item\":\"https:\\\/\\\/gtmteknoloji.com\\\/b2b\\\/\"},{\"@type\":\"ListItem\",\"position\":2,\"name\":\"Ma\u011faza\",\"item\":\"https:\\\/\\\/gtmteknoloji.com\\\/b2b\\\/magaza\\\/\"},{\"@type\":\"ListItem\",\"position\":3,\"name\":\"NVIDIA RTX PRO 4500 Blackwell Server Edition | NVRTXPRO4500TCGPU-KIT\"}]},{\"@type\":\"WebSite\",\"@id\":\"https:\\\/\\\/gtmteknoloji.com\\\/b2b\\\/#website\",\"url\":\"https:\\\/\\\/gtmteknoloji.com\\\/b2b\\\/\",\"name\":\"GTM Teknoloji\",\"description\":\"B2B Sat\u0131\u015f Portal\u0131\",\"publisher\":{\"@id\":\"https:\\\/\\\/gtmteknoloji.com\\\/b2b\\\/#organization\"},\"potentialAction\":[{\"@type\":\"SearchAction\",\"target\":{\"@type\":\"EntryPoint\",\"urlTemplate\":\"https:\\\/\\\/gtmteknoloji.com\\\/b2b\\\/?s={search_term_string}\"},\"query-input\":{\"@type\":\"PropertyValueSpecification\",\"valueRequired\":true,\"valueName\":\"search_term_string\"}}],\"inLanguage\":\"tr\"},{\"@type\":\"Organization\",\"@id\":\"https:\\\/\\\/gtmteknoloji.com\\\/b2b\\\/#organization\",\"name\":\"GTM Teknoloji\",\"url\":\"https:\\\/\\\/gtmteknoloji.com\\\/b2b\\\/\",\"logo\":{\"@type\":\"ImageObject\",\"inLanguage\":\"tr\",\"@id\":\"https:\\\/\\\/gtmteknoloji.com\\\/b2b\\\/#\\\/schema\\\/logo\\\/image\\\/\",\"url\":\"https:\\\/\\\/gtmteknoloji.com\\\/b2b\\\/wp-content\\\/uploads\\\/2020\\\/12\\\/GTM-logo.png\",\"contentUrl\":\"https:\\\/\\\/gtmteknoloji.com\\\/b2b\\\/wp-content\\\/uploads\\\/2020\\\/12\\\/GTM-logo.png\",\"width\":400,\"height\":400,\"caption\":\"GTM Teknoloji\"},\"image\":{\"@id\":\"https:\\\/\\\/gtmteknoloji.com\\\/b2b\\\/#\\\/schema\\\/logo\\\/image\\\/\"},\"sameAs\":[\"https:\\\/\\\/www.facebook.com\\\/SupermicroTurkiye\\\/?locale=tr_TR\",\"https:\\\/\\\/x.com\\\/gtmteknoloji\"]}]}<\/script>\n<meta property=\"product:brand\" content=\"PNY\" \/>\n<meta property=\"product:price:currency\" content=\"USD\" \/>\n<meta property=\"og:availability\" content=\"instock\" \/>\n<meta property=\"product:availability\" content=\"instock\" \/>\n<meta property=\"product:condition\" content=\"new\" \/>\n<!-- \/ Yoast SEO Premium plugin. -->","yoast_head_json":{"title":"Nvidia L40S Datacenter GPU: G\u00fc\u00e7l\u00fc Performans Sunar - GTM Teknoloji %","description":"Nvidia L40S Datacenter GPU, g\u00fc\u00e7 ve verimlilik sunan \u00e7\u0131\u011f\u0131r a\u00e7an bir \u00e7\u00f6z\u00fcm. B\u00fcy\u00fck dil modelleri ve video uygulamalar\u0131 i\u00e7in idealdir.","robots":{"index":"index","follow":"follow","max-snippet":"max-snippet:-1","max-image-preview":"max-image-preview:large","max-video-preview":"max-video-preview:-1"},"canonical":"https:\/\/gtmteknoloji.com\/b2b\/magaza\/ekran-karti\/nvidia-rtx-pro-4500-blackwell-server-edition-nvrtxpro4500tcgpu-kit\/","og_locale":"tr_TR","og_type":"article","og_title":"NVIDIA RTX PRO 4500 Blackwell Server Edition | NVRTXPRO4500TCGPU-KIT","og_description":"Nvidia L40S Datacenter GPU, g\u00fc\u00e7 ve verimlilik sunan \u00e7\u0131\u011f\u0131r a\u00e7an bir \u00e7\u00f6z\u00fcm. B\u00fcy\u00fck dil modelleri ve video uygulamalar\u0131 i\u00e7in idealdir.","og_url":"https:\/\/gtmteknoloji.com\/b2b\/magaza\/ekran-karti\/nvidia-rtx-pro-4500-blackwell-server-edition-nvrtxpro4500tcgpu-kit\/","og_site_name":"GTM Teknoloji","article_publisher":"https:\/\/www.facebook.com\/SupermicroTurkiye\/?locale=tr_TR","article_modified_time":"2026-04-16T19:44:28+00:00","og_image":[{"width":800,"height":800,"url":"https:\/\/gtmteknoloji.com\/b2b\/wp-content\/uploads\/2026\/03\/rtx-pro-4500-bm-lg580-offset-left-d-1.webp","type":"image\/webp"}],"twitter_card":"summary_large_image","twitter_site":"@gtmteknoloji","twitter_misc":{"Fiyat":"","Durumu":"Stokta var"},"schema":{"@context":"https:\/\/schema.org","@graph":[{"@type":"WebPage","@id":"https:\/\/gtmteknoloji.com\/b2b\/magaza\/ekran-karti\/nvidia-rtx-pro-4500-blackwell-server-edition-nvrtxpro4500tcgpu-kit\/","url":"https:\/\/gtmteknoloji.com\/b2b\/magaza\/ekran-karti\/nvidia-rtx-pro-4500-blackwell-server-edition-nvrtxpro4500tcgpu-kit\/","name":"Nvidia L40S Datacenter GPU: G\u00fc\u00e7l\u00fc Performans Sunar - GTM Teknoloji %","isPartOf":{"@id":"https:\/\/gtmteknoloji.com\/b2b\/#website"},"primaryImageOfPage":{"@id":"https:\/\/gtmteknoloji.com\/b2b\/magaza\/ekran-karti\/nvidia-rtx-pro-4500-blackwell-server-edition-nvrtxpro4500tcgpu-kit\/#primaryimage"},"image":{"@id":"https:\/\/gtmteknoloji.com\/b2b\/magaza\/ekran-karti\/nvidia-rtx-pro-4500-blackwell-server-edition-nvrtxpro4500tcgpu-kit\/#primaryimage"},"thumbnailUrl":"https:\/\/gtmteknoloji.com\/b2b\/wp-content\/uploads\/2026\/03\/rtx-pro-4500-bm-lg580-offset-left-d-1.webp","datePublished":"2026-03-28T21:02:00+00:00","dateModified":"2026-04-16T19:44:28+00:00","description":"Nvidia L40S Datacenter GPU, g\u00fc\u00e7 ve verimlilik sunan \u00e7\u0131\u011f\u0131r a\u00e7an bir \u00e7\u00f6z\u00fcm. B\u00fcy\u00fck dil modelleri ve video uygulamalar\u0131 i\u00e7in idealdir.","breadcrumb":{"@id":"https:\/\/gtmteknoloji.com\/b2b\/magaza\/ekran-karti\/nvidia-rtx-pro-4500-blackwell-server-edition-nvrtxpro4500tcgpu-kit\/#breadcrumb"},"inLanguage":"tr","potentialAction":[{"@type":"ReadAction","target":["https:\/\/gtmteknoloji.com\/b2b\/magaza\/ekran-karti\/nvidia-rtx-pro-4500-blackwell-server-edition-nvrtxpro4500tcgpu-kit\/"]}]},{"@type":"ImageObject","inLanguage":"tr","@id":"https:\/\/gtmteknoloji.com\/b2b\/magaza\/ekran-karti\/nvidia-rtx-pro-4500-blackwell-server-edition-nvrtxpro4500tcgpu-kit\/#primaryimage","url":"https:\/\/gtmteknoloji.com\/b2b\/wp-content\/uploads\/2026\/03\/rtx-pro-4500-bm-lg580-offset-left-d-1.webp","contentUrl":"https:\/\/gtmteknoloji.com\/b2b\/wp-content\/uploads\/2026\/03\/rtx-pro-4500-bm-lg580-offset-left-d-1.webp","width":800,"height":800},{"@type":"BreadcrumbList","@id":"https:\/\/gtmteknoloji.com\/b2b\/magaza\/ekran-karti\/nvidia-rtx-pro-4500-blackwell-server-edition-nvrtxpro4500tcgpu-kit\/#breadcrumb","itemListElement":[{"@type":"ListItem","position":1,"name":"Home","item":"https:\/\/gtmteknoloji.com\/b2b\/"},{"@type":"ListItem","position":2,"name":"Ma\u011faza","item":"https:\/\/gtmteknoloji.com\/b2b\/magaza\/"},{"@type":"ListItem","position":3,"name":"NVIDIA RTX PRO 4500 Blackwell Server Edition | NVRTXPRO4500TCGPU-KIT"}]},{"@type":"WebSite","@id":"https:\/\/gtmteknoloji.com\/b2b\/#website","url":"https:\/\/gtmteknoloji.com\/b2b\/","name":"GTM Teknoloji","description":"B2B Sat\u0131\u015f Portal\u0131","publisher":{"@id":"https:\/\/gtmteknoloji.com\/b2b\/#organization"},"potentialAction":[{"@type":"SearchAction","target":{"@type":"EntryPoint","urlTemplate":"https:\/\/gtmteknoloji.com\/b2b\/?s={search_term_string}"},"query-input":{"@type":"PropertyValueSpecification","valueRequired":true,"valueName":"search_term_string"}}],"inLanguage":"tr"},{"@type":"Organization","@id":"https:\/\/gtmteknoloji.com\/b2b\/#organization","name":"GTM Teknoloji","url":"https:\/\/gtmteknoloji.com\/b2b\/","logo":{"@type":"ImageObject","inLanguage":"tr","@id":"https:\/\/gtmteknoloji.com\/b2b\/#\/schema\/logo\/image\/","url":"https:\/\/gtmteknoloji.com\/b2b\/wp-content\/uploads\/2020\/12\/GTM-logo.png","contentUrl":"https:\/\/gtmteknoloji.com\/b2b\/wp-content\/uploads\/2020\/12\/GTM-logo.png","width":400,"height":400,"caption":"GTM Teknoloji"},"image":{"@id":"https:\/\/gtmteknoloji.com\/b2b\/#\/schema\/logo\/image\/"},"sameAs":["https:\/\/www.facebook.com\/SupermicroTurkiye\/?locale=tr_TR","https:\/\/x.com\/gtmteknoloji"]}]},"product_brand":"PNY","product_price_currency":"USD","og_availability":"instock","product_availability":"instock","product_condition":"new"},"_links":{"self":[{"href":"https:\/\/gtmteknoloji.com\/b2b\/wp-json\/wp\/v2\/product\/12163","targetHints":{"allow":["GET"]}}],"collection":[{"href":"https:\/\/gtmteknoloji.com\/b2b\/wp-json\/wp\/v2\/product"}],"about":[{"href":"https:\/\/gtmteknoloji.com\/b2b\/wp-json\/wp\/v2\/types\/product"}],"version-history":[{"count":9,"href":"https:\/\/gtmteknoloji.com\/b2b\/wp-json\/wp\/v2\/product\/12163\/revisions"}],"predecessor-version":[{"id":12176,"href":"https:\/\/gtmteknoloji.com\/b2b\/wp-json\/wp\/v2\/product\/12163\/revisions\/12176"}],"wp:featuredmedia":[{"embeddable":true,"href":"https:\/\/gtmteknoloji.com\/b2b\/wp-json\/wp\/v2\/media\/12167"}],"wp:attachment":[{"href":"https:\/\/gtmteknoloji.com\/b2b\/wp-json\/wp\/v2\/media?parent=12163"}],"wp:term":[{"taxonomy":"product_brand","embeddable":true,"href":"https:\/\/gtmteknoloji.com\/b2b\/wp-json\/wp\/v2\/product_brand?post=12163"},{"taxonomy":"product_cat","embeddable":true,"href":"https:\/\/gtmteknoloji.com\/b2b\/wp-json\/wp\/v2\/product_cat?post=12163"},{"taxonomy":"product_tag","embeddable":true,"href":"https:\/\/gtmteknoloji.com\/b2b\/wp-json\/wp\/v2\/product_tag?post=12163"}],"curies":[{"name":"wp","href":"https:\/\/api.w.org\/{rel}","templated":true}]}}