{"id":8926,"date":"2025-04-14T04:25:20","date_gmt":"2025-04-14T01:25:20","guid":{"rendered":"https:\/\/gtmteknoloji.com\/b2b\/?post_type=product&#038;p=8926"},"modified":"2025-04-14T04:25:24","modified_gmt":"2025-04-14T01:25:24","slug":"tesla-v100-module-32gb-hbm2","status":"publish","type":"product","link":"https:\/\/gtmteknoloji.com\/b2b\/magaza\/ekran-karti\/profesyonel-grafik-kartlari\/tesla-v100-module-32gb-hbm2\/","title":{"rendered":"TESLA V100 Module 32GB HBM2"},"content":{"rendered":"<ul id=\"productSpecsContainer\">\n<li class=\"product-spec-grouping row\">\n<div class=\"col-xs-12 col-sm-3\"><label for=\"product_spec_0\">Compatibility Notes<\/label><\/div>\n<div id=\"product_spec_0\" class=\"col-xs-12 col-sm-9\"><span aria-label=\"Compatibility Notes\"><span aria-label=\"Compatibility Notes\">Volta architecture:<br \/>\nBy pairing CUDA Cores and Tensor Cores within a unified architecture, a single server with Tesla V100 GPUs can replace commodity CPU servers for traditional HPC and Deep Learning.<\/span><\/span>Tensor Core:<br \/>\nEquipped with 640 Tensor Cores, Tesla V100 delivers 125 TeraFLOPS of deep learning performance. That&#8217;s more Tensor FLOPS for DL Training, and DL Inference.Advanced NVLink:<br \/>\nNVIDIA NVLink in Tesla V100 delivers higher throughput. Up to eight Tesla V100 accelerators can be interconnected at fast speed to unleash the high application performance possible on a single server.HBM2:<br \/>\nWith a combination of improved raw bandwidth and higher DRAM utilization efficiency, Tesla V100 delivers higher memory bandwidth.Maximum efficiency mode:<br \/>\nThe maximum efficiency mode allows data centers to achieve higher compute capacity per rack within the among small jobs. existing power budget. In this mode, Tesla V100 runs at peak processing efficiency, providing higher performance at less power consumption.Improved programmability:<br \/>\nTesla V100 is architected from the ground up to simplify programmability. Its independent thread scheduling enables finer-grain synchronization and improves GPU utilization by sharing resources.Compatible with HPE ProLiant XL270d Gen10<\/p>\n<\/div>\n<\/li>\n<li class=\"product-spec-grouping row\">\n<div class=\"col-xs-12 col-sm-3\"><label for=\"product_spec_1\">Contents<\/label><\/div>\n<div id=\"product_spec_1\" class=\"col-xs-12 col-sm-9\"><span aria-label=\"Contents\">GPU, documentation<\/span><\/div>\n<\/li>\n<li class=\"product-spec-grouping row\">\n<div class=\"col-xs-12 col-sm-3\"><label for=\"product_spec_2\">Memory <\/label><\/div>\n<div id=\"product_spec_2\" class=\"col-xs-12 col-sm-9\">\n<div aria-label=\"Memory \">\n<div><span class=\"strong\">RAM (installed): <\/span>32 GB<\/div>\n<\/div>\n<\/div>\n<\/li>\n<li class=\"product-spec-grouping row\">\n<div class=\"col-xs-12 col-sm-3\"><label for=\"product_spec_3\">Physical Dimensions<\/label><\/div>\n<div id=\"product_spec_3\" class=\"col-xs-12 col-sm-9\"><span aria-label=\"Physical Dimensions\">4.4&#8243;h x 1.5&#8243;w x 10.5&#8243;d<\/span><\/div>\n<\/li>\n<li class=\"product-spec-grouping row\">\n<div class=\"col-xs-12 col-sm-3\"><label for=\"product_spec_4\">Power Notes<\/label><\/div>\n<div id=\"product_spec_4\" class=\"col-xs-12 col-sm-9\"><span aria-label=\"Power Notes\">Consumption: 250W (typ.)<\/span><\/div>\n<\/li>\n<li class=\"product-spec-grouping row\">\n<div class=\"col-xs-12 col-sm-3\"><label for=\"product_spec_5\">Returns Policy<\/label><\/div>\n<div id=\"product_spec_5\" class=\"col-xs-12 col-sm-9\"><span aria-label=\"Returns Policy\">This product is subject to our return policy. Please see our complete <a href=\"https:\/\/www.connection.com\/IPA\/Content\/Support\/Returns\/Default.htm\" target=\"_new\" rel=\"noopener noreferrer\">return policy<\/a> for details.<\/span><\/div>\n<\/li>\n<li class=\"product-spec-grouping row\">\n<div class=\"col-xs-12 col-sm-3\"><label for=\"product_spec_6\">UNSPSC<\/label><\/div>\n<div id=\"product_spec_6\" class=\"col-xs-12 col-sm-9\"><span aria-label=\"UNSPSC\">43201401<\/span><\/div>\n<\/li>\n<li class=\"product-spec-grouping row\">\n<div class=\"col-xs-12 col-sm-3\"><label for=\"product_spec_7\">Video <\/label><\/div>\n<div id=\"product_spec_7\" class=\"col-xs-12 col-sm-9\">\n<div aria-label=\"Video \">\n<div><span class=\"strong\">Video Memory Technology: <\/span>HBM2<\/div>\n<div><span class=\"strong\">Video RAM (installed): <\/span>32 GB<\/div>\n<div><span class=\"strong\">Video Slot Type: <\/span>PCI Express 3.0 x16<\/div>\n<\/div>\n<\/div>\n<\/li>\n<\/ul>\n","protected":false},"excerpt":{"rendered":"<p>TESLA V100 Module 32GB HBM2<\/p>\n","protected":false},"featured_media":1888,"template":"","meta":[],"product_brand":[342,341],"product_cat":[1736,1737],"product_tag":[1738,1755],"class_list":{"0":"post-8926","1":"product","2":"type-product","3":"status-publish","4":"has-post-thumbnail","6":"product_brand-nvidia-npn-partner-gtmteknoloji","7":"product_brand-pny-ekran-karti","8":"product_cat-ekran-karti","9":"product_cat-profesyonel-grafik-kartlari","10":"product_tag-nvidia","11":"product_tag-tesla","13":"first","14":"instock","15":"taxable","16":"shipping-taxable","17":"product-type-external"},"yoast_head":"<!-- This site is optimized with the Yoast SEO Premium plugin v27.4 (Yoast SEO v27.4) - https:\/\/yoast.com\/product\/yoast-seo-premium-wordpress\/ -->\n<title>TESLA V100 Module 32GB HBM2 - GTM Teknoloji<\/title>\n<meta name=\"robots\" content=\"index, follow, max-snippet:-1, max-image-preview:large, max-video-preview:-1\" \/>\n<link rel=\"canonical\" href=\"https:\/\/gtmteknoloji.com\/b2b\/magaza\/ekran-karti\/profesyonel-grafik-kartlari\/tesla-v100-module-32gb-hbm2\/\" \/>\n<meta property=\"og:locale\" content=\"tr_TR\" \/>\n<meta property=\"og:type\" content=\"article\" \/>\n<meta property=\"og:title\" content=\"TESLA V100 Module 32GB HBM2\" \/>\n<meta property=\"og:description\" content=\"TESLA V100 Module 32GB HBM2\" \/>\n<meta property=\"og:url\" content=\"https:\/\/gtmteknoloji.com\/b2b\/magaza\/ekran-karti\/profesyonel-grafik-kartlari\/tesla-v100-module-32gb-hbm2\/\" \/>\n<meta property=\"og:site_name\" content=\"GTM Teknoloji\" \/>\n<meta property=\"article:publisher\" content=\"https:\/\/www.facebook.com\/SupermicroTurkiye\/?locale=tr_TR\" \/>\n<meta property=\"article:modified_time\" content=\"2025-04-14T01:25:24+00:00\" \/>\n<meta property=\"og:image\" content=\"https:\/\/gtmteknoloji.com\/b2b\/wp-content\/uploads\/2019\/08\/TESLA-V100-Module-32GB-HBM2.jpg\" \/>\n\t<meta property=\"og:image:width\" content=\"800\" \/>\n\t<meta property=\"og:image:height\" content=\"800\" \/>\n\t<meta property=\"og:image:type\" content=\"image\/jpeg\" \/>\n<meta name=\"twitter:card\" content=\"summary_large_image\" \/>\n<meta name=\"twitter:site\" content=\"@gtmteknoloji\" \/>\n<meta name=\"twitter:label1\" content=\"Fiyat\" \/>\n\t<meta name=\"twitter:data1\" content=\"\" \/>\n\t<meta name=\"twitter:label2\" content=\"Durumu\" \/>\n\t<meta name=\"twitter:data2\" content=\"Stokta var\" \/>\n<script type=\"application\/ld+json\" class=\"yoast-schema-graph\">{\"@context\":\"https:\\\/\\\/schema.org\",\"@graph\":[{\"@type\":\"WebPage\",\"@id\":\"https:\\\/\\\/gtmteknoloji.com\\\/b2b\\\/magaza\\\/ekran-karti\\\/profesyonel-grafik-kartlari\\\/tesla-v100-module-32gb-hbm2\\\/\",\"url\":\"https:\\\/\\\/gtmteknoloji.com\\\/b2b\\\/magaza\\\/ekran-karti\\\/profesyonel-grafik-kartlari\\\/tesla-v100-module-32gb-hbm2\\\/\",\"name\":\"TESLA V100 Module 32GB HBM2 - GTM Teknoloji\",\"isPartOf\":{\"@id\":\"https:\\\/\\\/gtmteknoloji.com\\\/b2b\\\/#website\"},\"primaryImageOfPage\":{\"@id\":\"https:\\\/\\\/gtmteknoloji.com\\\/b2b\\\/magaza\\\/ekran-karti\\\/profesyonel-grafik-kartlari\\\/tesla-v100-module-32gb-hbm2\\\/#primaryimage\"},\"image\":{\"@id\":\"https:\\\/\\\/gtmteknoloji.com\\\/b2b\\\/magaza\\\/ekran-karti\\\/profesyonel-grafik-kartlari\\\/tesla-v100-module-32gb-hbm2\\\/#primaryimage\"},\"thumbnailUrl\":\"https:\\\/\\\/gtmteknoloji.com\\\/b2b\\\/wp-content\\\/uploads\\\/2019\\\/08\\\/TESLA-V100-Module-32GB-HBM2.jpg\",\"datePublished\":\"2025-04-14T01:25:20+00:00\",\"dateModified\":\"2025-04-14T01:25:24+00:00\",\"breadcrumb\":{\"@id\":\"https:\\\/\\\/gtmteknoloji.com\\\/b2b\\\/magaza\\\/ekran-karti\\\/profesyonel-grafik-kartlari\\\/tesla-v100-module-32gb-hbm2\\\/#breadcrumb\"},\"inLanguage\":\"tr\",\"potentialAction\":[{\"@type\":\"ReadAction\",\"target\":[\"https:\\\/\\\/gtmteknoloji.com\\\/b2b\\\/magaza\\\/ekran-karti\\\/profesyonel-grafik-kartlari\\\/tesla-v100-module-32gb-hbm2\\\/\"]}]},{\"@type\":\"ImageObject\",\"inLanguage\":\"tr\",\"@id\":\"https:\\\/\\\/gtmteknoloji.com\\\/b2b\\\/magaza\\\/ekran-karti\\\/profesyonel-grafik-kartlari\\\/tesla-v100-module-32gb-hbm2\\\/#primaryimage\",\"url\":\"https:\\\/\\\/gtmteknoloji.com\\\/b2b\\\/wp-content\\\/uploads\\\/2019\\\/08\\\/TESLA-V100-Module-32GB-HBM2.jpg\",\"contentUrl\":\"https:\\\/\\\/gtmteknoloji.com\\\/b2b\\\/wp-content\\\/uploads\\\/2019\\\/08\\\/TESLA-V100-Module-32GB-HBM2.jpg\",\"width\":800,\"height\":800},{\"@type\":\"BreadcrumbList\",\"@id\":\"https:\\\/\\\/gtmteknoloji.com\\\/b2b\\\/magaza\\\/ekran-karti\\\/profesyonel-grafik-kartlari\\\/tesla-v100-module-32gb-hbm2\\\/#breadcrumb\",\"itemListElement\":[{\"@type\":\"ListItem\",\"position\":1,\"name\":\"Home\",\"item\":\"https:\\\/\\\/gtmteknoloji.com\\\/b2b\\\/\"},{\"@type\":\"ListItem\",\"position\":2,\"name\":\"Ma\u011faza\",\"item\":\"https:\\\/\\\/gtmteknoloji.com\\\/b2b\\\/magaza\\\/\"},{\"@type\":\"ListItem\",\"position\":3,\"name\":\"TESLA V100 Module 32GB HBM2\"}]},{\"@type\":\"WebSite\",\"@id\":\"https:\\\/\\\/gtmteknoloji.com\\\/b2b\\\/#website\",\"url\":\"https:\\\/\\\/gtmteknoloji.com\\\/b2b\\\/\",\"name\":\"GTM Teknoloji\",\"description\":\"B2B Sat\u0131\u015f Portal\u0131\",\"publisher\":{\"@id\":\"https:\\\/\\\/gtmteknoloji.com\\\/b2b\\\/#organization\"},\"potentialAction\":[{\"@type\":\"SearchAction\",\"target\":{\"@type\":\"EntryPoint\",\"urlTemplate\":\"https:\\\/\\\/gtmteknoloji.com\\\/b2b\\\/?s={search_term_string}\"},\"query-input\":{\"@type\":\"PropertyValueSpecification\",\"valueRequired\":true,\"valueName\":\"search_term_string\"}}],\"inLanguage\":\"tr\"},{\"@type\":\"Organization\",\"@id\":\"https:\\\/\\\/gtmteknoloji.com\\\/b2b\\\/#organization\",\"name\":\"GTM Teknoloji\",\"url\":\"https:\\\/\\\/gtmteknoloji.com\\\/b2b\\\/\",\"logo\":{\"@type\":\"ImageObject\",\"inLanguage\":\"tr\",\"@id\":\"https:\\\/\\\/gtmteknoloji.com\\\/b2b\\\/#\\\/schema\\\/logo\\\/image\\\/\",\"url\":\"https:\\\/\\\/gtmteknoloji.com\\\/b2b\\\/wp-content\\\/uploads\\\/2020\\\/12\\\/GTM-logo.png\",\"contentUrl\":\"https:\\\/\\\/gtmteknoloji.com\\\/b2b\\\/wp-content\\\/uploads\\\/2020\\\/12\\\/GTM-logo.png\",\"width\":400,\"height\":400,\"caption\":\"GTM Teknoloji\"},\"image\":{\"@id\":\"https:\\\/\\\/gtmteknoloji.com\\\/b2b\\\/#\\\/schema\\\/logo\\\/image\\\/\"},\"sameAs\":[\"https:\\\/\\\/www.facebook.com\\\/SupermicroTurkiye\\\/?locale=tr_TR\",\"https:\\\/\\\/x.com\\\/gtmteknoloji\"]}]}<\/script>\n<meta property=\"product:brand\" content=\"Nvidia\" \/>\n<meta property=\"product:price:currency\" content=\"USD\" \/>\n<meta property=\"og:availability\" content=\"instock\" \/>\n<meta property=\"product:availability\" content=\"instock\" \/>\n<meta property=\"product:condition\" content=\"new\" \/>\n<!-- \/ Yoast SEO Premium plugin. -->","yoast_head_json":{"title":"TESLA V100 Module 32GB HBM2 - GTM Teknoloji","robots":{"index":"index","follow":"follow","max-snippet":"max-snippet:-1","max-image-preview":"max-image-preview:large","max-video-preview":"max-video-preview:-1"},"canonical":"https:\/\/gtmteknoloji.com\/b2b\/magaza\/ekran-karti\/profesyonel-grafik-kartlari\/tesla-v100-module-32gb-hbm2\/","og_locale":"tr_TR","og_type":"article","og_title":"TESLA V100 Module 32GB HBM2","og_description":"TESLA V100 Module 32GB HBM2","og_url":"https:\/\/gtmteknoloji.com\/b2b\/magaza\/ekran-karti\/profesyonel-grafik-kartlari\/tesla-v100-module-32gb-hbm2\/","og_site_name":"GTM Teknoloji","article_publisher":"https:\/\/www.facebook.com\/SupermicroTurkiye\/?locale=tr_TR","article_modified_time":"2025-04-14T01:25:24+00:00","og_image":[{"width":800,"height":800,"url":"https:\/\/gtmteknoloji.com\/b2b\/wp-content\/uploads\/2019\/08\/TESLA-V100-Module-32GB-HBM2.jpg","type":"image\/jpeg"}],"twitter_card":"summary_large_image","twitter_site":"@gtmteknoloji","twitter_misc":{"Fiyat":"","Durumu":"Stokta var"},"schema":{"@context":"https:\/\/schema.org","@graph":[{"@type":"WebPage","@id":"https:\/\/gtmteknoloji.com\/b2b\/magaza\/ekran-karti\/profesyonel-grafik-kartlari\/tesla-v100-module-32gb-hbm2\/","url":"https:\/\/gtmteknoloji.com\/b2b\/magaza\/ekran-karti\/profesyonel-grafik-kartlari\/tesla-v100-module-32gb-hbm2\/","name":"TESLA V100 Module 32GB HBM2 - GTM Teknoloji","isPartOf":{"@id":"https:\/\/gtmteknoloji.com\/b2b\/#website"},"primaryImageOfPage":{"@id":"https:\/\/gtmteknoloji.com\/b2b\/magaza\/ekran-karti\/profesyonel-grafik-kartlari\/tesla-v100-module-32gb-hbm2\/#primaryimage"},"image":{"@id":"https:\/\/gtmteknoloji.com\/b2b\/magaza\/ekran-karti\/profesyonel-grafik-kartlari\/tesla-v100-module-32gb-hbm2\/#primaryimage"},"thumbnailUrl":"https:\/\/gtmteknoloji.com\/b2b\/wp-content\/uploads\/2019\/08\/TESLA-V100-Module-32GB-HBM2.jpg","datePublished":"2025-04-14T01:25:20+00:00","dateModified":"2025-04-14T01:25:24+00:00","breadcrumb":{"@id":"https:\/\/gtmteknoloji.com\/b2b\/magaza\/ekran-karti\/profesyonel-grafik-kartlari\/tesla-v100-module-32gb-hbm2\/#breadcrumb"},"inLanguage":"tr","potentialAction":[{"@type":"ReadAction","target":["https:\/\/gtmteknoloji.com\/b2b\/magaza\/ekran-karti\/profesyonel-grafik-kartlari\/tesla-v100-module-32gb-hbm2\/"]}]},{"@type":"ImageObject","inLanguage":"tr","@id":"https:\/\/gtmteknoloji.com\/b2b\/magaza\/ekran-karti\/profesyonel-grafik-kartlari\/tesla-v100-module-32gb-hbm2\/#primaryimage","url":"https:\/\/gtmteknoloji.com\/b2b\/wp-content\/uploads\/2019\/08\/TESLA-V100-Module-32GB-HBM2.jpg","contentUrl":"https:\/\/gtmteknoloji.com\/b2b\/wp-content\/uploads\/2019\/08\/TESLA-V100-Module-32GB-HBM2.jpg","width":800,"height":800},{"@type":"BreadcrumbList","@id":"https:\/\/gtmteknoloji.com\/b2b\/magaza\/ekran-karti\/profesyonel-grafik-kartlari\/tesla-v100-module-32gb-hbm2\/#breadcrumb","itemListElement":[{"@type":"ListItem","position":1,"name":"Home","item":"https:\/\/gtmteknoloji.com\/b2b\/"},{"@type":"ListItem","position":2,"name":"Ma\u011faza","item":"https:\/\/gtmteknoloji.com\/b2b\/magaza\/"},{"@type":"ListItem","position":3,"name":"TESLA V100 Module 32GB HBM2"}]},{"@type":"WebSite","@id":"https:\/\/gtmteknoloji.com\/b2b\/#website","url":"https:\/\/gtmteknoloji.com\/b2b\/","name":"GTM Teknoloji","description":"B2B Sat\u0131\u015f Portal\u0131","publisher":{"@id":"https:\/\/gtmteknoloji.com\/b2b\/#organization"},"potentialAction":[{"@type":"SearchAction","target":{"@type":"EntryPoint","urlTemplate":"https:\/\/gtmteknoloji.com\/b2b\/?s={search_term_string}"},"query-input":{"@type":"PropertyValueSpecification","valueRequired":true,"valueName":"search_term_string"}}],"inLanguage":"tr"},{"@type":"Organization","@id":"https:\/\/gtmteknoloji.com\/b2b\/#organization","name":"GTM Teknoloji","url":"https:\/\/gtmteknoloji.com\/b2b\/","logo":{"@type":"ImageObject","inLanguage":"tr","@id":"https:\/\/gtmteknoloji.com\/b2b\/#\/schema\/logo\/image\/","url":"https:\/\/gtmteknoloji.com\/b2b\/wp-content\/uploads\/2020\/12\/GTM-logo.png","contentUrl":"https:\/\/gtmteknoloji.com\/b2b\/wp-content\/uploads\/2020\/12\/GTM-logo.png","width":400,"height":400,"caption":"GTM Teknoloji"},"image":{"@id":"https:\/\/gtmteknoloji.com\/b2b\/#\/schema\/logo\/image\/"},"sameAs":["https:\/\/www.facebook.com\/SupermicroTurkiye\/?locale=tr_TR","https:\/\/x.com\/gtmteknoloji"]}]},"product_brand":"Nvidia","product_price_currency":"USD","og_availability":"instock","product_availability":"instock","product_condition":"new"},"_links":{"self":[{"href":"https:\/\/gtmteknoloji.com\/b2b\/wp-json\/wp\/v2\/product\/8926","targetHints":{"allow":["GET"]}}],"collection":[{"href":"https:\/\/gtmteknoloji.com\/b2b\/wp-json\/wp\/v2\/product"}],"about":[{"href":"https:\/\/gtmteknoloji.com\/b2b\/wp-json\/wp\/v2\/types\/product"}],"version-history":[{"count":1,"href":"https:\/\/gtmteknoloji.com\/b2b\/wp-json\/wp\/v2\/product\/8926\/revisions"}],"predecessor-version":[{"id":8954,"href":"https:\/\/gtmteknoloji.com\/b2b\/wp-json\/wp\/v2\/product\/8926\/revisions\/8954"}],"wp:featuredmedia":[{"embeddable":true,"href":"https:\/\/gtmteknoloji.com\/b2b\/wp-json\/wp\/v2\/media\/1888"}],"wp:attachment":[{"href":"https:\/\/gtmteknoloji.com\/b2b\/wp-json\/wp\/v2\/media?parent=8926"}],"wp:term":[{"taxonomy":"product_brand","embeddable":true,"href":"https:\/\/gtmteknoloji.com\/b2b\/wp-json\/wp\/v2\/product_brand?post=8926"},{"taxonomy":"product_cat","embeddable":true,"href":"https:\/\/gtmteknoloji.com\/b2b\/wp-json\/wp\/v2\/product_cat?post=8926"},{"taxonomy":"product_tag","embeddable":true,"href":"https:\/\/gtmteknoloji.com\/b2b\/wp-json\/wp\/v2\/product_tag?post=8926"}],"curies":[{"name":"wp","href":"https:\/\/api.w.org\/{rel}","templated":true}]}}