{"id":8931,"date":"2025-04-14T04:25:21","date_gmt":"2025-04-14T01:25:21","guid":{"rendered":"https:\/\/gtmteknoloji.com\/b2b\/?post_type=product&#038;p=8931"},"modified":"2025-04-14T04:25:25","modified_gmt":"2025-04-14T01:25:25","slug":"supermicro-muhasebe-sunucusu-xeon-e3-1220-v6-windows-server","status":"publish","type":"product","link":"https:\/\/gtmteknoloji.com\/b2b\/magaza\/workstation\/supermicro-muhasebe-sunucusu-xeon-e3-1220-v6-windows-server\/","title":{"rendered":"Supermicro Muhasebe Sunucusu Xeon E3-1220 v6 &#8211; Windows Server"},"content":{"rendered":"<table style=\"width: 100%;\" border=\"0\" width=\"714\" cellspacing=\"0\" cellpadding=\"0\">\n<colgroup>\n<col width=\"231\" \/>\n<col width=\"363\" \/>\n<col width=\"76\" \/>\n<col width=\"44\" \/><\/colgroup>\n<tbody>\n<tr>\n<td class=\"xl97\" style=\"width: 31.680000000000003%;\" width=\"231\" height=\"56\">\u00dcr\u00fcn<\/td>\n<td class=\"xl98\" style=\"width: 48.16%;\" width=\"363\">\u00dcr\u00fcn A\u00e7\u0131klamas\u0131<\/td>\n<td class=\"xl98\" style=\"width: 12%;\" width=\"76\"><\/td>\n<td class=\"xl98\" style=\"width: 8%;\" width=\"44\">Adet<\/td>\n<\/tr>\n<tr>\n<td class=\"xl108\" style=\"width: 31.680000000000003%;\" width=\"231\" height=\"268\">SYS-5039D-I<\/td>\n<td class=\"xl99\" style=\"width: 48.16%;\" width=\"363\">1. Single Socket H4 (LGA 1151) supports<br \/>\nIntel\u00ae Xeon\u00ae processor E3-1200 v6\/v5,<br \/>\nIntel\u00ae 7th\/6th Gen. Core\u2122 i3 series,<br \/>\nIntel\u00ae Celeron\u00ae and Intel\u00ae Pentium\u00ae<br \/>\n2. Intel\u00ae C232 chipset<br \/>\n3. Up to 64GB Unbuffered ECC UDIMM<br \/>\nDDR4 2400MHz; 4x DIMM slots<br \/>\n4. 1 PCI-E 3.0 x8 (in x16), 1 PCI-E 3.0 x8,<br \/>\nand 1 PCI-E 3.0 x4 (in x8 slot)<br \/>\n5. 1 VGA, 1 COM, 2 GbE LAN, dedicated<br \/>\nIPMI LAN, 2 USB 2.0 (front)<br \/>\n6. 4 Fixed 3.5&#8243; drive bays +<br \/>\n2 External 5.25&#8243; drive bays<br \/>\n7. 300W High-efficiency Power Supply<\/td>\n<td class=\"xl100\" style=\"width: 12%;\"><\/td>\n<td class=\"xl101\" style=\"width: 8%;\">1<\/td>\n<\/tr>\n<tr>\n<td class=\"xl102\" style=\"width: 31.680000000000003%;\" height=\"16\">\u0130\u015flemci<\/td>\n<td class=\"xl103\" style=\"width: 48.16%;\">Intel Xeon E3-1220 v6 @ 3.00GHz<\/td>\n<td class=\"xl103\" style=\"width: 12%;\"><\/td>\n<td class=\"xl104\" style=\"width: 8%;\"><\/td>\n<\/tr>\n<tr>\n<td class=\"xl102\" style=\"width: 31.680000000000003%;\" height=\"16\">Bellek<\/td>\n<td class=\"xl103\" style=\"width: 48.16%;\">16GB DDR4-2400 ECC Unbuffered Memory<\/td>\n<td class=\"xl103\" style=\"width: 12%;\"><\/td>\n<td class=\"xl104\" style=\"width: 8%;\"><\/td>\n<\/tr>\n<tr>\n<td class=\"xl102\" style=\"width: 31.680000000000003%;\" height=\"16\">SSD<\/td>\n<td class=\"xl103\" style=\"width: 48.16%;\">240GB SSD Drive<\/td>\n<td class=\"xl103\" style=\"width: 12%;\"><\/td>\n<td class=\"xl104\" style=\"width: 8%;\"><\/td>\n<\/tr>\n<tr>\n<td class=\"xl102\" style=\"width: 31.680000000000003%;\" height=\"16\">HDD<\/td>\n<td class=\"xl103\" style=\"width: 48.16%;\">2TB SATA HDD + RAID 1<\/td>\n<td class=\"xl103\" style=\"width: 12%;\"><\/td>\n<td class=\"xl104\" style=\"width: 8%;\"><\/td>\n<\/tr>\n<tr>\n<td class=\"xl102\" style=\"width: 31.680000000000003%;\" height=\"16\">A\u011f Adapt\u00f6r\u00fc<\/td>\n<td class=\"xl103\" style=\"width: 48.16%;\">Onboard Dual Port 1GbE NIC<\/td>\n<td class=\"xl109\" style=\"width: 12%;\"><\/td>\n<td class=\"xl104\" style=\"width: 8%;\"><\/td>\n<\/tr>\n<tr>\n<td class=\"xl102\" style=\"width: 31.680000000000003%;\" height=\"16\">\u0130\u015fletim Sistemi<\/td>\n<td class=\"xl110\" style=\"width: 48.16%;\">Windows Server\u00ae 2019 Essentials<\/td>\n<td class=\"xl103\" style=\"width: 12%;\"><\/td>\n<td class=\"xl104\" style=\"width: 8%;\"><\/td>\n<\/tr>\n<tr>\n<td class=\"xl105\" style=\"width: 31.680000000000003%;\" height=\"16\">Garanti \/ Destek<\/td>\n<td class=\"xl106\" style=\"width: 48.16%;\">Tek i\u015flemcili Sunucu Sistem 3Y\u0131l Sistem Garantisi<\/td>\n<td class=\"xl106\" style=\"width: 12%;\"><\/td>\n<td class=\"xl107\" style=\"width: 8%;\"><\/td>\n<\/tr>\n<\/tbody>\n<\/table>\n","protected":false},"excerpt":{"rendered":"<p>Supermicro Muhasebe Sunucusu &#8211;\u00a0Intel Xeon E3-1220 v6 &#8211; 16GB DDR4-2400 ECC &#8211; Windows Server\u00ae 2019 Essentials<\/p>\n","protected":false},"featured_media":1949,"template":"","meta":[],"product_brand":[],"product_cat":[1757],"product_tag":[1758],"class_list":{"0":"post-8931","1":"product","2":"type-product","3":"status-publish","4":"has-post-thumbnail","6":"product_cat-workstation","7":"product_tag-muhasebe-sunucusu","9":"first","10":"instock","11":"taxable","12":"shipping-taxable","13":"product-type-simple"},"yoast_head":"<!-- This site is optimized with the Yoast SEO Premium plugin v27.4 (Yoast SEO v27.4) - https:\/\/yoast.com\/product\/yoast-seo-premium-wordpress\/ -->\n<title>Supermicro Muhasebe Sunucusu Xeon E3-1220 v6 - Windows Server - GTM Teknoloji<\/title>\n<meta name=\"robots\" content=\"index, follow, max-snippet:-1, max-image-preview:large, max-video-preview:-1\" \/>\n<link rel=\"canonical\" href=\"https:\/\/gtmteknoloji.com\/b2b\/magaza\/workstation\/supermicro-muhasebe-sunucusu-xeon-e3-1220-v6-windows-server\/\" \/>\n<meta property=\"og:locale\" content=\"tr_TR\" \/>\n<meta property=\"og:type\" content=\"article\" \/>\n<meta property=\"og:title\" content=\"Supermicro Muhasebe Sunucusu Xeon E3-1220 v6 - Windows Server\" \/>\n<meta property=\"og:description\" content=\"Supermicro Muhasebe Sunucusu -\u00a0Intel Xeon E3-1220 v6 - 16GB DDR4-2400 ECC - Windows Server\u00ae 2019 Essentials\" \/>\n<meta property=\"og:url\" content=\"https:\/\/gtmteknoloji.com\/b2b\/magaza\/workstation\/supermicro-muhasebe-sunucusu-xeon-e3-1220-v6-windows-server\/\" \/>\n<meta property=\"og:site_name\" content=\"GTM Teknoloji\" \/>\n<meta property=\"article:publisher\" content=\"https:\/\/www.facebook.com\/SupermicroTurkiye\/?locale=tr_TR\" \/>\n<meta property=\"article:modified_time\" content=\"2025-04-14T01:25:25+00:00\" \/>\n<meta property=\"og:image\" content=\"https:\/\/gtmteknoloji.com\/b2b\/wp-content\/uploads\/2019\/08\/Supermicro-5039D-I.jpg\" \/>\n\t<meta property=\"og:image:width\" content=\"600\" \/>\n\t<meta property=\"og:image:height\" content=\"600\" \/>\n\t<meta property=\"og:image:type\" content=\"image\/jpeg\" \/>\n<meta name=\"twitter:card\" content=\"summary_large_image\" \/>\n<meta name=\"twitter:site\" content=\"@gtmteknoloji\" \/>\n<meta name=\"twitter:label1\" content=\"Fiyat\" \/>\n\t<meta name=\"twitter:data1\" content=\"\" \/>\n\t<meta name=\"twitter:label2\" content=\"Durumu\" \/>\n\t<meta name=\"twitter:data2\" content=\"Stokta var\" \/>\n<script type=\"application\/ld+json\" class=\"yoast-schema-graph\">{\"@context\":\"https:\\\/\\\/schema.org\",\"@graph\":[{\"@type\":\"WebPage\",\"@id\":\"https:\\\/\\\/gtmteknoloji.com\\\/b2b\\\/magaza\\\/workstation\\\/supermicro-muhasebe-sunucusu-xeon-e3-1220-v6-windows-server\\\/\",\"url\":\"https:\\\/\\\/gtmteknoloji.com\\\/b2b\\\/magaza\\\/workstation\\\/supermicro-muhasebe-sunucusu-xeon-e3-1220-v6-windows-server\\\/\",\"name\":\"Supermicro Muhasebe Sunucusu Xeon E3-1220 v6 - Windows Server - GTM Teknoloji\",\"isPartOf\":{\"@id\":\"https:\\\/\\\/gtmteknoloji.com\\\/b2b\\\/#website\"},\"primaryImageOfPage\":{\"@id\":\"https:\\\/\\\/gtmteknoloji.com\\\/b2b\\\/magaza\\\/workstation\\\/supermicro-muhasebe-sunucusu-xeon-e3-1220-v6-windows-server\\\/#primaryimage\"},\"image\":{\"@id\":\"https:\\\/\\\/gtmteknoloji.com\\\/b2b\\\/magaza\\\/workstation\\\/supermicro-muhasebe-sunucusu-xeon-e3-1220-v6-windows-server\\\/#primaryimage\"},\"thumbnailUrl\":\"https:\\\/\\\/gtmteknoloji.com\\\/b2b\\\/wp-content\\\/uploads\\\/2019\\\/08\\\/Supermicro-5039D-I.jpg\",\"datePublished\":\"2025-04-14T01:25:21+00:00\",\"dateModified\":\"2025-04-14T01:25:25+00:00\",\"breadcrumb\":{\"@id\":\"https:\\\/\\\/gtmteknoloji.com\\\/b2b\\\/magaza\\\/workstation\\\/supermicro-muhasebe-sunucusu-xeon-e3-1220-v6-windows-server\\\/#breadcrumb\"},\"inLanguage\":\"tr\",\"potentialAction\":[{\"@type\":\"ReadAction\",\"target\":[\"https:\\\/\\\/gtmteknoloji.com\\\/b2b\\\/magaza\\\/workstation\\\/supermicro-muhasebe-sunucusu-xeon-e3-1220-v6-windows-server\\\/\"]}]},{\"@type\":\"ImageObject\",\"inLanguage\":\"tr\",\"@id\":\"https:\\\/\\\/gtmteknoloji.com\\\/b2b\\\/magaza\\\/workstation\\\/supermicro-muhasebe-sunucusu-xeon-e3-1220-v6-windows-server\\\/#primaryimage\",\"url\":\"https:\\\/\\\/gtmteknoloji.com\\\/b2b\\\/wp-content\\\/uploads\\\/2019\\\/08\\\/Supermicro-5039D-I.jpg\",\"contentUrl\":\"https:\\\/\\\/gtmteknoloji.com\\\/b2b\\\/wp-content\\\/uploads\\\/2019\\\/08\\\/Supermicro-5039D-I.jpg\",\"width\":600,\"height\":600},{\"@type\":\"BreadcrumbList\",\"@id\":\"https:\\\/\\\/gtmteknoloji.com\\\/b2b\\\/magaza\\\/workstation\\\/supermicro-muhasebe-sunucusu-xeon-e3-1220-v6-windows-server\\\/#breadcrumb\",\"itemListElement\":[{\"@type\":\"ListItem\",\"position\":1,\"name\":\"Home\",\"item\":\"https:\\\/\\\/gtmteknoloji.com\\\/b2b\\\/\"},{\"@type\":\"ListItem\",\"position\":2,\"name\":\"Ma\u011faza\",\"item\":\"https:\\\/\\\/gtmteknoloji.com\\\/b2b\\\/magaza\\\/\"},{\"@type\":\"ListItem\",\"position\":3,\"name\":\"Supermicro Muhasebe Sunucusu Xeon E3-1220 v6 &#8211; Windows Server\"}]},{\"@type\":\"WebSite\",\"@id\":\"https:\\\/\\\/gtmteknoloji.com\\\/b2b\\\/#website\",\"url\":\"https:\\\/\\\/gtmteknoloji.com\\\/b2b\\\/\",\"name\":\"GTM Teknoloji\",\"description\":\"B2B Sat\u0131\u015f Portal\u0131\",\"publisher\":{\"@id\":\"https:\\\/\\\/gtmteknoloji.com\\\/b2b\\\/#organization\"},\"potentialAction\":[{\"@type\":\"SearchAction\",\"target\":{\"@type\":\"EntryPoint\",\"urlTemplate\":\"https:\\\/\\\/gtmteknoloji.com\\\/b2b\\\/?s={search_term_string}\"},\"query-input\":{\"@type\":\"PropertyValueSpecification\",\"valueRequired\":true,\"valueName\":\"search_term_string\"}}],\"inLanguage\":\"tr\"},{\"@type\":\"Organization\",\"@id\":\"https:\\\/\\\/gtmteknoloji.com\\\/b2b\\\/#organization\",\"name\":\"GTM Teknoloji\",\"url\":\"https:\\\/\\\/gtmteknoloji.com\\\/b2b\\\/\",\"logo\":{\"@type\":\"ImageObject\",\"inLanguage\":\"tr\",\"@id\":\"https:\\\/\\\/gtmteknoloji.com\\\/b2b\\\/#\\\/schema\\\/logo\\\/image\\\/\",\"url\":\"https:\\\/\\\/gtmteknoloji.com\\\/b2b\\\/wp-content\\\/uploads\\\/2020\\\/12\\\/GTM-logo.png\",\"contentUrl\":\"https:\\\/\\\/gtmteknoloji.com\\\/b2b\\\/wp-content\\\/uploads\\\/2020\\\/12\\\/GTM-logo.png\",\"width\":400,\"height\":400,\"caption\":\"GTM Teknoloji\"},\"image\":{\"@id\":\"https:\\\/\\\/gtmteknoloji.com\\\/b2b\\\/#\\\/schema\\\/logo\\\/image\\\/\"},\"sameAs\":[\"https:\\\/\\\/www.facebook.com\\\/SupermicroTurkiye\\\/?locale=tr_TR\",\"https:\\\/\\\/x.com\\\/gtmteknoloji\"]}]}<\/script>\n<meta property=\"product:price:currency\" content=\"USD\" \/>\n<meta property=\"og:availability\" content=\"instock\" \/>\n<meta property=\"product:availability\" content=\"instock\" \/>\n<meta property=\"product:condition\" content=\"new\" \/>\n<!-- \/ Yoast SEO Premium plugin. -->","yoast_head_json":{"title":"Supermicro Muhasebe Sunucusu Xeon E3-1220 v6 - Windows Server - GTM Teknoloji","robots":{"index":"index","follow":"follow","max-snippet":"max-snippet:-1","max-image-preview":"max-image-preview:large","max-video-preview":"max-video-preview:-1"},"canonical":"https:\/\/gtmteknoloji.com\/b2b\/magaza\/workstation\/supermicro-muhasebe-sunucusu-xeon-e3-1220-v6-windows-server\/","og_locale":"tr_TR","og_type":"article","og_title":"Supermicro Muhasebe Sunucusu Xeon E3-1220 v6 - Windows Server","og_description":"Supermicro Muhasebe Sunucusu -\u00a0Intel Xeon E3-1220 v6 - 16GB DDR4-2400 ECC - Windows Server\u00ae 2019 Essentials","og_url":"https:\/\/gtmteknoloji.com\/b2b\/magaza\/workstation\/supermicro-muhasebe-sunucusu-xeon-e3-1220-v6-windows-server\/","og_site_name":"GTM Teknoloji","article_publisher":"https:\/\/www.facebook.com\/SupermicroTurkiye\/?locale=tr_TR","article_modified_time":"2025-04-14T01:25:25+00:00","og_image":[{"width":600,"height":600,"url":"https:\/\/gtmteknoloji.com\/b2b\/wp-content\/uploads\/2019\/08\/Supermicro-5039D-I.jpg","type":"image\/jpeg"}],"twitter_card":"summary_large_image","twitter_site":"@gtmteknoloji","twitter_misc":{"Fiyat":"","Durumu":"Stokta var"},"schema":{"@context":"https:\/\/schema.org","@graph":[{"@type":"WebPage","@id":"https:\/\/gtmteknoloji.com\/b2b\/magaza\/workstation\/supermicro-muhasebe-sunucusu-xeon-e3-1220-v6-windows-server\/","url":"https:\/\/gtmteknoloji.com\/b2b\/magaza\/workstation\/supermicro-muhasebe-sunucusu-xeon-e3-1220-v6-windows-server\/","name":"Supermicro Muhasebe Sunucusu Xeon E3-1220 v6 - Windows Server - GTM Teknoloji","isPartOf":{"@id":"https:\/\/gtmteknoloji.com\/b2b\/#website"},"primaryImageOfPage":{"@id":"https:\/\/gtmteknoloji.com\/b2b\/magaza\/workstation\/supermicro-muhasebe-sunucusu-xeon-e3-1220-v6-windows-server\/#primaryimage"},"image":{"@id":"https:\/\/gtmteknoloji.com\/b2b\/magaza\/workstation\/supermicro-muhasebe-sunucusu-xeon-e3-1220-v6-windows-server\/#primaryimage"},"thumbnailUrl":"https:\/\/gtmteknoloji.com\/b2b\/wp-content\/uploads\/2019\/08\/Supermicro-5039D-I.jpg","datePublished":"2025-04-14T01:25:21+00:00","dateModified":"2025-04-14T01:25:25+00:00","breadcrumb":{"@id":"https:\/\/gtmteknoloji.com\/b2b\/magaza\/workstation\/supermicro-muhasebe-sunucusu-xeon-e3-1220-v6-windows-server\/#breadcrumb"},"inLanguage":"tr","potentialAction":[{"@type":"ReadAction","target":["https:\/\/gtmteknoloji.com\/b2b\/magaza\/workstation\/supermicro-muhasebe-sunucusu-xeon-e3-1220-v6-windows-server\/"]}]},{"@type":"ImageObject","inLanguage":"tr","@id":"https:\/\/gtmteknoloji.com\/b2b\/magaza\/workstation\/supermicro-muhasebe-sunucusu-xeon-e3-1220-v6-windows-server\/#primaryimage","url":"https:\/\/gtmteknoloji.com\/b2b\/wp-content\/uploads\/2019\/08\/Supermicro-5039D-I.jpg","contentUrl":"https:\/\/gtmteknoloji.com\/b2b\/wp-content\/uploads\/2019\/08\/Supermicro-5039D-I.jpg","width":600,"height":600},{"@type":"BreadcrumbList","@id":"https:\/\/gtmteknoloji.com\/b2b\/magaza\/workstation\/supermicro-muhasebe-sunucusu-xeon-e3-1220-v6-windows-server\/#breadcrumb","itemListElement":[{"@type":"ListItem","position":1,"name":"Home","item":"https:\/\/gtmteknoloji.com\/b2b\/"},{"@type":"ListItem","position":2,"name":"Ma\u011faza","item":"https:\/\/gtmteknoloji.com\/b2b\/magaza\/"},{"@type":"ListItem","position":3,"name":"Supermicro Muhasebe Sunucusu Xeon E3-1220 v6 &#8211; Windows Server"}]},{"@type":"WebSite","@id":"https:\/\/gtmteknoloji.com\/b2b\/#website","url":"https:\/\/gtmteknoloji.com\/b2b\/","name":"GTM Teknoloji","description":"B2B Sat\u0131\u015f Portal\u0131","publisher":{"@id":"https:\/\/gtmteknoloji.com\/b2b\/#organization"},"potentialAction":[{"@type":"SearchAction","target":{"@type":"EntryPoint","urlTemplate":"https:\/\/gtmteknoloji.com\/b2b\/?s={search_term_string}"},"query-input":{"@type":"PropertyValueSpecification","valueRequired":true,"valueName":"search_term_string"}}],"inLanguage":"tr"},{"@type":"Organization","@id":"https:\/\/gtmteknoloji.com\/b2b\/#organization","name":"GTM Teknoloji","url":"https:\/\/gtmteknoloji.com\/b2b\/","logo":{"@type":"ImageObject","inLanguage":"tr","@id":"https:\/\/gtmteknoloji.com\/b2b\/#\/schema\/logo\/image\/","url":"https:\/\/gtmteknoloji.com\/b2b\/wp-content\/uploads\/2020\/12\/GTM-logo.png","contentUrl":"https:\/\/gtmteknoloji.com\/b2b\/wp-content\/uploads\/2020\/12\/GTM-logo.png","width":400,"height":400,"caption":"GTM Teknoloji"},"image":{"@id":"https:\/\/gtmteknoloji.com\/b2b\/#\/schema\/logo\/image\/"},"sameAs":["https:\/\/www.facebook.com\/SupermicroTurkiye\/?locale=tr_TR","https:\/\/x.com\/gtmteknoloji"]}]},"product_price_currency":"USD","og_availability":"instock","product_availability":"instock","product_condition":"new"},"_links":{"self":[{"href":"https:\/\/gtmteknoloji.com\/b2b\/wp-json\/wp\/v2\/product\/8931","targetHints":{"allow":["GET"]}}],"collection":[{"href":"https:\/\/gtmteknoloji.com\/b2b\/wp-json\/wp\/v2\/product"}],"about":[{"href":"https:\/\/gtmteknoloji.com\/b2b\/wp-json\/wp\/v2\/types\/product"}],"version-history":[{"count":1,"href":"https:\/\/gtmteknoloji.com\/b2b\/wp-json\/wp\/v2\/product\/8931\/revisions"}],"predecessor-version":[{"id":8957,"href":"https:\/\/gtmteknoloji.com\/b2b\/wp-json\/wp\/v2\/product\/8931\/revisions\/8957"}],"wp:featuredmedia":[{"embeddable":true,"href":"https:\/\/gtmteknoloji.com\/b2b\/wp-json\/wp\/v2\/media\/1949"}],"wp:attachment":[{"href":"https:\/\/gtmteknoloji.com\/b2b\/wp-json\/wp\/v2\/media?parent=8931"}],"wp:term":[{"taxonomy":"product_brand","embeddable":true,"href":"https:\/\/gtmteknoloji.com\/b2b\/wp-json\/wp\/v2\/product_brand?post=8931"},{"taxonomy":"product_cat","embeddable":true,"href":"https:\/\/gtmteknoloji.com\/b2b\/wp-json\/wp\/v2\/product_cat?post=8931"},{"taxonomy":"product_tag","embeddable":true,"href":"https:\/\/gtmteknoloji.com\/b2b\/wp-json\/wp\/v2\/product_tag?post=8931"}],"curies":[{"name":"wp","href":"https:\/\/api.w.org\/{rel}","templated":true}]}}