{"id":8933,"date":"2025-04-14T04:25:21","date_gmt":"2025-04-14T01:25:21","guid":{"rendered":"https:\/\/gtmteknoloji.com\/b2b\/?post_type=product&#038;p=8933"},"modified":"2025-04-14T04:25:25","modified_gmt":"2025-04-14T01:25:25","slug":"nvidia-tesla-k40","status":"publish","type":"product","link":"https:\/\/gtmteknoloji.com\/b2b\/magaza\/ekran-karti\/profesyonel-grafik-kartlari\/nvidia-tesla-k40\/","title":{"rendered":"NVIDIA TESLA K40"},"content":{"rendered":"<p><strong>Teknik \u00d6zellikler<\/strong><\/p>\n<div class=\"group_K7YrQottgVsRZ4B6zAaGG\">\n<div class=\"name_3mapjiENorVzh8SvFyXVPc firstGroupInItem_k8WqCFToyTsIW3AYbSuui\" data-selenium=\"specsItemGroupName\"><\/div>\n<table class=\"table_o418fscimQZEg1oshu4aX\" data-selenium=\"specsItemGroupTable\">\n<tbody>\n<tr class=\"pair_3u9fnESIQrtuEu6ye_zM4k\" data-selenium=\"specsItemGroupTableRow\">\n<td class=\"label_3bLwbW8ibvYc5tUwpKVQsL \" data-selenium=\"specsItemGroupTableColumnLabel\">GPU<\/td>\n<td class=\"value_11Av1yGkVYn9TX48mQeu9v \" data-selenium=\"specsItemGroupTableColumnValue\">1 x Kepler GK110B<\/td>\n<\/tr>\n<tr class=\"pair_3u9fnESIQrtuEu6ye_zM4k\" data-selenium=\"specsItemGroupTableRow\">\n<td class=\"label_3bLwbW8ibvYc5tUwpKVQsL\" data-selenium=\"specsItemGroupTableColumnLabel\">GPU Clock<\/td>\n<td class=\"value_11Av1yGkVYn9TX48mQeu9v\" data-selenium=\"specsItemGroupTableColumnValue\">Base: 745 MHz<br \/>\nWith Boost: 810 \/ 875 MHz<\/td>\n<\/tr>\n<tr class=\"pair_3u9fnESIQrtuEu6ye_zM4k\" data-selenium=\"specsItemGroupTableRow\">\n<td class=\"label_3bLwbW8ibvYc5tUwpKVQsL\" data-selenium=\"specsItemGroupTableColumnLabel\">Stream Processors (CUDA Cores)<\/td>\n<td class=\"value_11Av1yGkVYn9TX48mQeu9v\" data-selenium=\"specsItemGroupTableColumnValue\">2880<\/td>\n<\/tr>\n<tr class=\"pair_3u9fnESIQrtuEu6ye_zM4k\" data-selenium=\"specsItemGroupTableRow\">\n<td class=\"label_3bLwbW8ibvYc5tUwpKVQsL\" data-selenium=\"specsItemGroupTableColumnLabel\">Memory<\/td>\n<td class=\"value_11Av1yGkVYn9TX48mQeu9v\" data-selenium=\"specsItemGroupTableColumnValue\">12 GB<\/td>\n<\/tr>\n<tr class=\"pair_3u9fnESIQrtuEu6ye_zM4k\" data-selenium=\"specsItemGroupTableRow\">\n<td class=\"label_3bLwbW8ibvYc5tUwpKVQsL\" data-selenium=\"specsItemGroupTableColumnLabel\">Memory Type<\/td>\n<td class=\"value_11Av1yGkVYn9TX48mQeu9v\" data-selenium=\"specsItemGroupTableColumnValue\">GDDR5<\/td>\n<\/tr>\n<tr class=\"pair_3u9fnESIQrtuEu6ye_zM4k\" data-selenium=\"specsItemGroupTableRow\">\n<td class=\"label_3bLwbW8ibvYc5tUwpKVQsL\" data-selenium=\"specsItemGroupTableColumnLabel\">Memory Clock<\/td>\n<td class=\"value_11Av1yGkVYn9TX48mQeu9v\" data-selenium=\"specsItemGroupTableColumnValue\">Actual: 750 MHz<br \/>\nEffective (QDR): 3 GHz<\/td>\n<\/tr>\n<tr class=\"pair_3u9fnESIQrtuEu6ye_zM4k\" data-selenium=\"specsItemGroupTableRow\">\n<td class=\"label_3bLwbW8ibvYc5tUwpKVQsL\" data-selenium=\"specsItemGroupTableColumnLabel\">Memory Interface<\/td>\n<td class=\"value_11Av1yGkVYn9TX48mQeu9v\" data-selenium=\"specsItemGroupTableColumnValue\">384-bit<\/td>\n<\/tr>\n<tr class=\"pair_3u9fnESIQrtuEu6ye_zM4k\" data-selenium=\"specsItemGroupTableRow\">\n<td class=\"label_3bLwbW8ibvYc5tUwpKVQsL\" data-selenium=\"specsItemGroupTableColumnLabel\">Memory Bandwidth<\/td>\n<td class=\"value_11Av1yGkVYn9TX48mQeu9v\" data-selenium=\"specsItemGroupTableColumnValue\">288 GB\/s<\/td>\n<\/tr>\n<tr class=\"pair_3u9fnESIQrtuEu6ye_zM4k\" data-selenium=\"specsItemGroupTableRow\">\n<td class=\"label_3bLwbW8ibvYc5tUwpKVQsL\" data-selenium=\"specsItemGroupTableColumnLabel\">BIOS<\/td>\n<td class=\"value_11Av1yGkVYn9TX48mQeu9v\" data-selenium=\"specsItemGroupTableColumnValue\">2 Mbit serial ROM<br \/>\nBAR1 Size: 16 GB<\/td>\n<\/tr>\n<tr class=\"pair_3u9fnESIQrtuEu6ye_zM4k\" data-selenium=\"specsItemGroupTableRow\">\n<td class=\"label_3bLwbW8ibvYc5tUwpKVQsL\" data-selenium=\"specsItemGroupTableColumnLabel\">Floating Point Performance<\/td>\n<td class=\"value_11Av1yGkVYn9TX48mQeu9v\" data-selenium=\"specsItemGroupTableColumnValue\">Double Precision: 1.43 TFLOPs<br \/>\nSingle Precision: 4.29 TFLOPs<\/td>\n<\/tr>\n<\/tbody>\n<\/table>\n<\/div>\n<div class=\"group_K7YrQottgVsRZ4B6zAaGG\">\n<div class=\"name_3mapjiENorVzh8SvFyXVPc\" data-selenium=\"specsItemGroupName\">System Requirements<\/div>\n<table class=\"table_o418fscimQZEg1oshu4aX\" data-selenium=\"specsItemGroupTable\">\n<tbody>\n<tr class=\"pair_3u9fnESIQrtuEu6ye_zM4k\" data-selenium=\"specsItemGroupTableRow\">\n<td class=\"label_3bLwbW8ibvYc5tUwpKVQsL \" data-selenium=\"specsItemGroupTableColumnLabel\">Software<\/td>\n<td class=\"value_11Av1yGkVYn9TX48mQeu9v \" data-selenium=\"specsItemGroupTableColumnValue\">Windows (32- and 64-bit): 8.1, 7, Vista, XP, Server 2008 R2<br \/>\nWindows (64-bit only): Server 2012 R2<br \/>\nLinux (x86 64-bit and ARM): Support varies depending on distribution<\/td>\n<\/tr>\n<tr class=\"pair_3u9fnESIQrtuEu6ye_zM4k\" data-selenium=\"specsItemGroupTableRow\">\n<td class=\"label_3bLwbW8ibvYc5tUwpKVQsL\" data-selenium=\"specsItemGroupTableColumnLabel\">Hardware<\/td>\n<td class=\"value_11Av1yGkVYn9TX48mQeu9v\" data-selenium=\"specsItemGroupTableColumnValue\">1 x Free PCI-E x16 slot for electrical interface (PCI-E 3.0 x16 recommended for best performance)<br \/>\n2 x Free PCI-E slots physical<br \/>\n1 x 6-pin PCI-E power connector<br \/>\n1 x 8-pin PCI-E power connector<\/td>\n<\/tr>\n<\/tbody>\n<\/table>\n<\/div>\n<div class=\"group_K7YrQottgVsRZ4B6zAaGG\">\n<div class=\"name_3mapjiENorVzh8SvFyXVPc\" data-selenium=\"specsItemGroupName\">General<\/div>\n<table class=\"table_o418fscimQZEg1oshu4aX\" data-selenium=\"specsItemGroupTable\">\n<tbody>\n<tr class=\"pair_3u9fnESIQrtuEu6ye_zM4k\" data-selenium=\"specsItemGroupTableRow\">\n<td class=\"label_3bLwbW8ibvYc5tUwpKVQsL \" data-selenium=\"specsItemGroupTableColumnLabel\">Thermal Solution<\/td>\n<td class=\"value_11Av1yGkVYn9TX48mQeu9v \" data-selenium=\"specsItemGroupTableColumnValue\">Active fansink<\/td>\n<\/tr>\n<tr class=\"pair_3u9fnESIQrtuEu6ye_zM4k\" data-selenium=\"specsItemGroupTableRow\">\n<td class=\"label_3bLwbW8ibvYc5tUwpKVQsL\" data-selenium=\"specsItemGroupTableColumnLabel\">Power Consumption<\/td>\n<td class=\"value_11Av1yGkVYn9TX48mQeu9v\" data-selenium=\"specsItemGroupTableColumnValue\">Maximum: 235 W<br \/>\nIdle: 20.6 W<\/td>\n<\/tr>\n<tr class=\"pair_3u9fnESIQrtuEu6ye_zM4k\" data-selenium=\"specsItemGroupTableRow\">\n<td class=\"label_3bLwbW8ibvYc5tUwpKVQsL\" data-selenium=\"specsItemGroupTableColumnLabel\">MTBF<\/td>\n<td class=\"value_11Av1yGkVYn9TX48mQeu9v\" data-selenium=\"specsItemGroupTableColumnValue\">GB@ 35C: 282,847 hours<br \/>\nGF@ 35C: 252,222 hours<\/td>\n<\/tr>\n<tr class=\"pair_3u9fnESIQrtuEu6ye_zM4k\" data-selenium=\"specsItemGroupTableRow\">\n<td class=\"label_3bLwbW8ibvYc5tUwpKVQsL\" data-selenium=\"specsItemGroupTableColumnLabel\">Form Factor<\/td>\n<td class=\"value_11Av1yGkVYn9TX48mQeu9v\" data-selenium=\"specsItemGroupTableColumnValue\">Dual Slot: Full-height, full-length (Tesla Form Factor B)<\/td>\n<\/tr>\n<tr class=\"pair_3u9fnESIQrtuEu6ye_zM4k\" data-selenium=\"specsItemGroupTableRow\">\n<td class=\"label_3bLwbW8ibvYc5tUwpKVQsL\" data-selenium=\"specsItemGroupTableColumnLabel\">Dimensions<\/td>\n<td class=\"value_11Av1yGkVYn9TX48mQeu9v\" data-selenium=\"specsItemGroupTableColumnValue\">4.4 x 10.5&#8243; x dual slot \/ 111.2 x 267 mm x dual slot<\/td>\n<\/tr>\n<tr class=\"pair_3u9fnESIQrtuEu6ye_zM4k\" data-selenium=\"specsItemGroupTableRow\">\n<td class=\"label_3bLwbW8ibvYc5tUwpKVQsL\" data-selenium=\"specsItemGroupTableColumnLabel\">Weight<\/td>\n<td class=\"value_11Av1yGkVYn9TX48mQeu9v\" data-selenium=\"specsItemGroupTableColumnValue\">29.1 oz \/ 826 g<\/td>\n<\/tr>\n<\/tbody>\n<\/table>\n<\/div>\n<div><\/div>\n","protected":false},"excerpt":{"rendered":"<p>NVIDIA TESLA K40<\/p>\n<p>F\u0130YAT TEKL\u0130F\u0130 ALIN<\/p>\n","protected":false},"featured_media":1985,"template":"","meta":[],"product_brand":[342,341],"product_cat":[1736,1737],"product_tag":[],"class_list":{"0":"post-8933","1":"product","2":"type-product","3":"status-publish","4":"has-post-thumbnail","6":"product_brand-nvidia-npn-partner-gtmteknoloji","7":"product_brand-pny-ekran-karti","8":"product_cat-ekran-karti","9":"product_cat-profesyonel-grafik-kartlari","11":"first","12":"instock","13":"taxable","14":"shipping-taxable","15":"product-type-external"},"yoast_head":"<!-- This site is optimized with the Yoast SEO Premium plugin v27.4 (Yoast SEO v27.4) - https:\/\/yoast.com\/product\/yoast-seo-premium-wordpress\/ -->\n<title>NVIDIA TESLA K40 - GTM Teknoloji<\/title>\n<meta name=\"robots\" content=\"index, follow, max-snippet:-1, max-image-preview:large, max-video-preview:-1\" \/>\n<link rel=\"canonical\" href=\"https:\/\/gtmteknoloji.com\/b2b\/magaza\/ekran-karti\/profesyonel-grafik-kartlari\/nvidia-tesla-k40\/\" \/>\n<meta property=\"og:locale\" content=\"tr_TR\" \/>\n<meta property=\"og:type\" content=\"article\" \/>\n<meta property=\"og:title\" content=\"NVIDIA TESLA K40\" \/>\n<meta property=\"og:description\" content=\"NVIDIA TESLA K40  F\u0130YAT TEKL\u0130F\u0130 ALIN\" \/>\n<meta property=\"og:url\" content=\"https:\/\/gtmteknoloji.com\/b2b\/magaza\/ekran-karti\/profesyonel-grafik-kartlari\/nvidia-tesla-k40\/\" \/>\n<meta property=\"og:site_name\" content=\"GTM Teknoloji\" \/>\n<meta property=\"article:publisher\" content=\"https:\/\/www.facebook.com\/SupermicroTurkiye\/?locale=tr_TR\" \/>\n<meta property=\"article:modified_time\" content=\"2025-04-14T01:25:25+00:00\" \/>\n<meta property=\"og:image\" content=\"https:\/\/gtmteknoloji.com\/b2b\/wp-content\/uploads\/2019\/08\/NVIDIA-TESLA-K40.jpg\" \/>\n\t<meta property=\"og:image:width\" content=\"650\" \/>\n\t<meta property=\"og:image:height\" content=\"650\" \/>\n\t<meta property=\"og:image:type\" content=\"image\/jpeg\" \/>\n<meta name=\"twitter:card\" content=\"summary_large_image\" \/>\n<meta name=\"twitter:site\" content=\"@gtmteknoloji\" \/>\n<meta name=\"twitter:label1\" content=\"Fiyat\" \/>\n\t<meta name=\"twitter:data1\" content=\"\" \/>\n\t<meta name=\"twitter:label2\" content=\"Durumu\" \/>\n\t<meta name=\"twitter:data2\" content=\"Stokta var\" \/>\n<script type=\"application\/ld+json\" class=\"yoast-schema-graph\">{\"@context\":\"https:\\\/\\\/schema.org\",\"@graph\":[{\"@type\":\"WebPage\",\"@id\":\"https:\\\/\\\/gtmteknoloji.com\\\/b2b\\\/magaza\\\/ekran-karti\\\/profesyonel-grafik-kartlari\\\/nvidia-tesla-k40\\\/\",\"url\":\"https:\\\/\\\/gtmteknoloji.com\\\/b2b\\\/magaza\\\/ekran-karti\\\/profesyonel-grafik-kartlari\\\/nvidia-tesla-k40\\\/\",\"name\":\"NVIDIA TESLA K40 - GTM Teknoloji\",\"isPartOf\":{\"@id\":\"https:\\\/\\\/gtmteknoloji.com\\\/b2b\\\/#website\"},\"primaryImageOfPage\":{\"@id\":\"https:\\\/\\\/gtmteknoloji.com\\\/b2b\\\/magaza\\\/ekran-karti\\\/profesyonel-grafik-kartlari\\\/nvidia-tesla-k40\\\/#primaryimage\"},\"image\":{\"@id\":\"https:\\\/\\\/gtmteknoloji.com\\\/b2b\\\/magaza\\\/ekran-karti\\\/profesyonel-grafik-kartlari\\\/nvidia-tesla-k40\\\/#primaryimage\"},\"thumbnailUrl\":\"https:\\\/\\\/gtmteknoloji.com\\\/b2b\\\/wp-content\\\/uploads\\\/2019\\\/08\\\/NVIDIA-TESLA-K40.jpg\",\"datePublished\":\"2025-04-14T01:25:21+00:00\",\"dateModified\":\"2025-04-14T01:25:25+00:00\",\"breadcrumb\":{\"@id\":\"https:\\\/\\\/gtmteknoloji.com\\\/b2b\\\/magaza\\\/ekran-karti\\\/profesyonel-grafik-kartlari\\\/nvidia-tesla-k40\\\/#breadcrumb\"},\"inLanguage\":\"tr\",\"potentialAction\":[{\"@type\":\"ReadAction\",\"target\":[\"https:\\\/\\\/gtmteknoloji.com\\\/b2b\\\/magaza\\\/ekran-karti\\\/profesyonel-grafik-kartlari\\\/nvidia-tesla-k40\\\/\"]}]},{\"@type\":\"ImageObject\",\"inLanguage\":\"tr\",\"@id\":\"https:\\\/\\\/gtmteknoloji.com\\\/b2b\\\/magaza\\\/ekran-karti\\\/profesyonel-grafik-kartlari\\\/nvidia-tesla-k40\\\/#primaryimage\",\"url\":\"https:\\\/\\\/gtmteknoloji.com\\\/b2b\\\/wp-content\\\/uploads\\\/2019\\\/08\\\/NVIDIA-TESLA-K40.jpg\",\"contentUrl\":\"https:\\\/\\\/gtmteknoloji.com\\\/b2b\\\/wp-content\\\/uploads\\\/2019\\\/08\\\/NVIDIA-TESLA-K40.jpg\",\"width\":650,\"height\":650},{\"@type\":\"BreadcrumbList\",\"@id\":\"https:\\\/\\\/gtmteknoloji.com\\\/b2b\\\/magaza\\\/ekran-karti\\\/profesyonel-grafik-kartlari\\\/nvidia-tesla-k40\\\/#breadcrumb\",\"itemListElement\":[{\"@type\":\"ListItem\",\"position\":1,\"name\":\"Home\",\"item\":\"https:\\\/\\\/gtmteknoloji.com\\\/b2b\\\/\"},{\"@type\":\"ListItem\",\"position\":2,\"name\":\"Ma\u011faza\",\"item\":\"https:\\\/\\\/gtmteknoloji.com\\\/b2b\\\/magaza\\\/\"},{\"@type\":\"ListItem\",\"position\":3,\"name\":\"NVIDIA TESLA K40\"}]},{\"@type\":\"WebSite\",\"@id\":\"https:\\\/\\\/gtmteknoloji.com\\\/b2b\\\/#website\",\"url\":\"https:\\\/\\\/gtmteknoloji.com\\\/b2b\\\/\",\"name\":\"GTM Teknoloji\",\"description\":\"B2B Sat\u0131\u015f Portal\u0131\",\"publisher\":{\"@id\":\"https:\\\/\\\/gtmteknoloji.com\\\/b2b\\\/#organization\"},\"potentialAction\":[{\"@type\":\"SearchAction\",\"target\":{\"@type\":\"EntryPoint\",\"urlTemplate\":\"https:\\\/\\\/gtmteknoloji.com\\\/b2b\\\/?s={search_term_string}\"},\"query-input\":{\"@type\":\"PropertyValueSpecification\",\"valueRequired\":true,\"valueName\":\"search_term_string\"}}],\"inLanguage\":\"tr\"},{\"@type\":\"Organization\",\"@id\":\"https:\\\/\\\/gtmteknoloji.com\\\/b2b\\\/#organization\",\"name\":\"GTM Teknoloji\",\"url\":\"https:\\\/\\\/gtmteknoloji.com\\\/b2b\\\/\",\"logo\":{\"@type\":\"ImageObject\",\"inLanguage\":\"tr\",\"@id\":\"https:\\\/\\\/gtmteknoloji.com\\\/b2b\\\/#\\\/schema\\\/logo\\\/image\\\/\",\"url\":\"https:\\\/\\\/gtmteknoloji.com\\\/b2b\\\/wp-content\\\/uploads\\\/2020\\\/12\\\/GTM-logo.png\",\"contentUrl\":\"https:\\\/\\\/gtmteknoloji.com\\\/b2b\\\/wp-content\\\/uploads\\\/2020\\\/12\\\/GTM-logo.png\",\"width\":400,\"height\":400,\"caption\":\"GTM Teknoloji\"},\"image\":{\"@id\":\"https:\\\/\\\/gtmteknoloji.com\\\/b2b\\\/#\\\/schema\\\/logo\\\/image\\\/\"},\"sameAs\":[\"https:\\\/\\\/www.facebook.com\\\/SupermicroTurkiye\\\/?locale=tr_TR\",\"https:\\\/\\\/x.com\\\/gtmteknoloji\"]}]}<\/script>\n<meta property=\"product:brand\" content=\"Nvidia\" \/>\n<meta property=\"product:price:currency\" content=\"USD\" \/>\n<meta property=\"og:availability\" content=\"instock\" \/>\n<meta property=\"product:availability\" content=\"instock\" \/>\n<meta property=\"product:condition\" content=\"new\" \/>\n<!-- \/ Yoast SEO Premium plugin. -->","yoast_head_json":{"title":"NVIDIA TESLA K40 - GTM Teknoloji","robots":{"index":"index","follow":"follow","max-snippet":"max-snippet:-1","max-image-preview":"max-image-preview:large","max-video-preview":"max-video-preview:-1"},"canonical":"https:\/\/gtmteknoloji.com\/b2b\/magaza\/ekran-karti\/profesyonel-grafik-kartlari\/nvidia-tesla-k40\/","og_locale":"tr_TR","og_type":"article","og_title":"NVIDIA TESLA K40","og_description":"NVIDIA TESLA K40  F\u0130YAT TEKL\u0130F\u0130 ALIN","og_url":"https:\/\/gtmteknoloji.com\/b2b\/magaza\/ekran-karti\/profesyonel-grafik-kartlari\/nvidia-tesla-k40\/","og_site_name":"GTM Teknoloji","article_publisher":"https:\/\/www.facebook.com\/SupermicroTurkiye\/?locale=tr_TR","article_modified_time":"2025-04-14T01:25:25+00:00","og_image":[{"width":650,"height":650,"url":"https:\/\/gtmteknoloji.com\/b2b\/wp-content\/uploads\/2019\/08\/NVIDIA-TESLA-K40.jpg","type":"image\/jpeg"}],"twitter_card":"summary_large_image","twitter_site":"@gtmteknoloji","twitter_misc":{"Fiyat":"","Durumu":"Stokta var"},"schema":{"@context":"https:\/\/schema.org","@graph":[{"@type":"WebPage","@id":"https:\/\/gtmteknoloji.com\/b2b\/magaza\/ekran-karti\/profesyonel-grafik-kartlari\/nvidia-tesla-k40\/","url":"https:\/\/gtmteknoloji.com\/b2b\/magaza\/ekran-karti\/profesyonel-grafik-kartlari\/nvidia-tesla-k40\/","name":"NVIDIA TESLA K40 - GTM Teknoloji","isPartOf":{"@id":"https:\/\/gtmteknoloji.com\/b2b\/#website"},"primaryImageOfPage":{"@id":"https:\/\/gtmteknoloji.com\/b2b\/magaza\/ekran-karti\/profesyonel-grafik-kartlari\/nvidia-tesla-k40\/#primaryimage"},"image":{"@id":"https:\/\/gtmteknoloji.com\/b2b\/magaza\/ekran-karti\/profesyonel-grafik-kartlari\/nvidia-tesla-k40\/#primaryimage"},"thumbnailUrl":"https:\/\/gtmteknoloji.com\/b2b\/wp-content\/uploads\/2019\/08\/NVIDIA-TESLA-K40.jpg","datePublished":"2025-04-14T01:25:21+00:00","dateModified":"2025-04-14T01:25:25+00:00","breadcrumb":{"@id":"https:\/\/gtmteknoloji.com\/b2b\/magaza\/ekran-karti\/profesyonel-grafik-kartlari\/nvidia-tesla-k40\/#breadcrumb"},"inLanguage":"tr","potentialAction":[{"@type":"ReadAction","target":["https:\/\/gtmteknoloji.com\/b2b\/magaza\/ekran-karti\/profesyonel-grafik-kartlari\/nvidia-tesla-k40\/"]}]},{"@type":"ImageObject","inLanguage":"tr","@id":"https:\/\/gtmteknoloji.com\/b2b\/magaza\/ekran-karti\/profesyonel-grafik-kartlari\/nvidia-tesla-k40\/#primaryimage","url":"https:\/\/gtmteknoloji.com\/b2b\/wp-content\/uploads\/2019\/08\/NVIDIA-TESLA-K40.jpg","contentUrl":"https:\/\/gtmteknoloji.com\/b2b\/wp-content\/uploads\/2019\/08\/NVIDIA-TESLA-K40.jpg","width":650,"height":650},{"@type":"BreadcrumbList","@id":"https:\/\/gtmteknoloji.com\/b2b\/magaza\/ekran-karti\/profesyonel-grafik-kartlari\/nvidia-tesla-k40\/#breadcrumb","itemListElement":[{"@type":"ListItem","position":1,"name":"Home","item":"https:\/\/gtmteknoloji.com\/b2b\/"},{"@type":"ListItem","position":2,"name":"Ma\u011faza","item":"https:\/\/gtmteknoloji.com\/b2b\/magaza\/"},{"@type":"ListItem","position":3,"name":"NVIDIA TESLA K40"}]},{"@type":"WebSite","@id":"https:\/\/gtmteknoloji.com\/b2b\/#website","url":"https:\/\/gtmteknoloji.com\/b2b\/","name":"GTM Teknoloji","description":"B2B Sat\u0131\u015f Portal\u0131","publisher":{"@id":"https:\/\/gtmteknoloji.com\/b2b\/#organization"},"potentialAction":[{"@type":"SearchAction","target":{"@type":"EntryPoint","urlTemplate":"https:\/\/gtmteknoloji.com\/b2b\/?s={search_term_string}"},"query-input":{"@type":"PropertyValueSpecification","valueRequired":true,"valueName":"search_term_string"}}],"inLanguage":"tr"},{"@type":"Organization","@id":"https:\/\/gtmteknoloji.com\/b2b\/#organization","name":"GTM Teknoloji","url":"https:\/\/gtmteknoloji.com\/b2b\/","logo":{"@type":"ImageObject","inLanguage":"tr","@id":"https:\/\/gtmteknoloji.com\/b2b\/#\/schema\/logo\/image\/","url":"https:\/\/gtmteknoloji.com\/b2b\/wp-content\/uploads\/2020\/12\/GTM-logo.png","contentUrl":"https:\/\/gtmteknoloji.com\/b2b\/wp-content\/uploads\/2020\/12\/GTM-logo.png","width":400,"height":400,"caption":"GTM Teknoloji"},"image":{"@id":"https:\/\/gtmteknoloji.com\/b2b\/#\/schema\/logo\/image\/"},"sameAs":["https:\/\/www.facebook.com\/SupermicroTurkiye\/?locale=tr_TR","https:\/\/x.com\/gtmteknoloji"]}]},"product_brand":"Nvidia","product_price_currency":"USD","og_availability":"instock","product_availability":"instock","product_condition":"new"},"_links":{"self":[{"href":"https:\/\/gtmteknoloji.com\/b2b\/wp-json\/wp\/v2\/product\/8933","targetHints":{"allow":["GET"]}}],"collection":[{"href":"https:\/\/gtmteknoloji.com\/b2b\/wp-json\/wp\/v2\/product"}],"about":[{"href":"https:\/\/gtmteknoloji.com\/b2b\/wp-json\/wp\/v2\/types\/product"}],"version-history":[{"count":1,"href":"https:\/\/gtmteknoloji.com\/b2b\/wp-json\/wp\/v2\/product\/8933\/revisions"}],"predecessor-version":[{"id":8958,"href":"https:\/\/gtmteknoloji.com\/b2b\/wp-json\/wp\/v2\/product\/8933\/revisions\/8958"}],"wp:featuredmedia":[{"embeddable":true,"href":"https:\/\/gtmteknoloji.com\/b2b\/wp-json\/wp\/v2\/media\/1985"}],"wp:attachment":[{"href":"https:\/\/gtmteknoloji.com\/b2b\/wp-json\/wp\/v2\/media?parent=8933"}],"wp:term":[{"taxonomy":"product_brand","embeddable":true,"href":"https:\/\/gtmteknoloji.com\/b2b\/wp-json\/wp\/v2\/product_brand?post=8933"},{"taxonomy":"product_cat","embeddable":true,"href":"https:\/\/gtmteknoloji.com\/b2b\/wp-json\/wp\/v2\/product_cat?post=8933"},{"taxonomy":"product_tag","embeddable":true,"href":"https:\/\/gtmteknoloji.com\/b2b\/wp-json\/wp\/v2\/product_tag?post=8933"}],"curies":[{"name":"wp","href":"https:\/\/api.w.org\/{rel}","templated":true}]}}