{"id":8950,"date":"2025-04-14T04:25:22","date_gmt":"2025-04-14T01:25:22","guid":{"rendered":"https:\/\/gtmteknoloji.com\/b2b\/?post_type=product&#038;p=8950"},"modified":"2025-04-14T04:25:26","modified_gmt":"2025-04-14T01:25:26","slug":"xn3004t-qsan-xcubenas-masaustu-nas-depolama","status":"publish","type":"product","link":"https:\/\/gtmteknoloji.com\/b2b\/magaza\/storage\/desktop-nas\/xn3004t-qsan-xcubenas-masaustu-nas-depolama\/","title":{"rendered":"XN3004T QSAN XCubeNAS Masa\u00fcst\u00fc NAS Depolama"},"content":{"rendered":"<div class=\"one-page-ct\">\n<div class=\"slice\">\n<div id=\"title-ct\" class=\"slice-ct\">\n<div class=\"two-column-ct\">\n<div id=\"ct-xn3004t\" class=\"left-ct tf\">\n<p id=\"custom-xcubenas-p\">XCubeNAS<\/p>\n<h1 id=\"custom-h1\" class=\"tf\">XN3004T<\/h1>\n<p>&nbsp;<\/p>\n<p><img decoding=\"async\" src=\"https:\/\/www.qsan.com\/data\/goods_info\/icons\/ic_gooddesign.jpg\" \/>\u00a0<img decoding=\"async\" src=\"https:\/\/www.qsan.com\/data\/goods_info\/icons\/ic_iFdesign.jpg\" \/><\/p>\n<\/div>\n<div class=\"right-ct\"><img decoding=\"async\" src=\"https:\/\/www.qsan.com\/data\/goods_info\/banner\/xn3004t.png\" \/><\/div>\n<\/div>\n<\/div>\n<\/div>\n<div id=\"anchor-feature\"><\/div>\n<\/div>\n<div class=\"one-page-ct product-tab feature active\">\n<div class=\"slice\">\n<div id=\"ct-4column\" class=\"slice-ct\">\n<div class=\"four-column-ct\">\n<div class=\"column-ct\">\n<p class=\"title\">\u0130\u015flemci<\/p>\n<p class=\"content\">Intel\u00ae Celeron\u00ae 2.2GHz&#8217;e Kadar D\u00f6rt \u00c7ekirdekli \u0130\u015flemci<\/p>\n<\/div>\n<div class=\"column-ct\">\n<p class=\"title\">Veri deposu<\/p>\n<p class=\"content\">4GB DDR3L SO-DIMM (Maksimum 8GB)<\/p>\n<\/div>\n<div class=\"column-ct\">\n<p class=\"title\">Hibrit Depolama<\/p>\n<p class=\"content\">Yenilik\u00e7i N + 1 S\u00fcr\u00fcc\u00fc Tepsisi Tasar\u0131m\u0131<\/p>\n<\/div>\n<div class=\"column-ct\">\n<p class=\"title\">Zahmetsizce Kurulum<\/p>\n<p class=\"content\">Aletsiz S\u00fcr\u00fcc\u00fc Tepsisi ve Servis Kapa\u011f\u0131 Tasar\u0131m\u0131<\/p>\n<\/div>\n<h3 id=\"custom-hardware\">Donan\u0131m \u00d6zellikleri<\/h3>\n<table class=\"spec-table\">\n<tbody>\n<tr>\n<td class=\"title\">Mimari<\/td>\n<td class=\"content\">Hepsi bir arada<\/td>\n<\/tr>\n<tr>\n<td class=\"title\">Depolama os<\/td>\n<td class=\"content no-border\">QSM 3\u00a0<a class=\"link\">\u00d6zellikleri<\/a><\/td>\n<\/tr>\n<tr class=\"enhance\">\n<th colspan=\"2\">\u0130\u015flemci<\/th>\n<\/tr>\n<tr>\n<td class=\"title\">\u0130\u015flemci<\/td>\n<td class=\"content\">Intel\u00ae Celeron\u00ae<\/td>\n<\/tr>\n<tr>\n<td class=\"title\">CPU Mimarisi<\/td>\n<td class=\"content\">64 bit<\/td>\n<\/tr>\n<tr>\n<td class=\"title\">CPU Frekans\u0131<\/td>\n<td class=\"content no-border\">2.2GHz&#8217;e kadar D\u00f6rt \u00c7ekirdekli<\/td>\n<\/tr>\n<tr class=\"enhance\">\n<th colspan=\"2\">Bellek<\/th>\n<\/tr>\n<tr>\n<td class=\"title\">Sistem Fla\u015f\u0131<\/td>\n<td class=\"content\">8GB USB DOM<\/td>\n<\/tr>\n<tr>\n<td class=\"title\">\u00d6nceden Tak\u0131lm\u0131\u015f Bellek Mod\u00fcl\u00fc<\/td>\n<td class=\"content\">4GB DDR3L SO-DIMM<\/td>\n<\/tr>\n<tr>\n<td class=\"title\">Toplam Bellek Yuvalar\u0131<\/td>\n<td class=\"content\">2<\/td>\n<\/tr>\n<tr>\n<td class=\"title\">Haf\u0131zaya kadar geni\u015fletilebilir<\/td>\n<td class=\"content\">8 GB<\/td>\n<\/tr>\n<tr>\n<td class=\"title\">notlar<\/td>\n<td class=\"content no-border\">&#8211;<\/td>\n<\/tr>\n<tr class=\"enhance\">\n<th colspan=\"2\">Depolama<\/th>\n<\/tr>\n<tr>\n<td class=\"title\">S\u00fcr\u00fcc\u00fc b\u00f6lmeleri<\/td>\n<td class=\"content\">3,5 &#8220;Yuva x 4<\/p>\n<p>2,5 &#8220;Yuvas\u0131 x 1<\/td>\n<\/tr>\n<tr>\n<td class=\"title\">Genle\u015fme \u00dcnitesi ile Maksimum Tahrik B\u00f6lmeleri<\/td>\n<td class=\"content\">&#8211;<\/td>\n<\/tr>\n<tr>\n<td class=\"title\">Uyumlu s\u00fcr\u00fcc\u00fc tipi<\/td>\n<td class=\"content\">3,5 &#8220;SATA HDD<\/p>\n<p>2,5 &#8220;SATA HDD<\/p>\n<p>2,5 &#8220;SATA SSD<\/td>\n<\/tr>\n<tr>\n<td class=\"title\">S\u00fcr\u00fcc\u00fc Arabirimi<\/td>\n<td class=\"content\">SATA 6 Gb \/ sn<br \/>\n(SATA 3Gb \/ s ile geriye d\u00f6n\u00fck uyumlu)<\/td>\n<\/tr>\n<tr>\n<td class=\"title\">Maksimum Dahili Ham Kapasite<\/td>\n<td class=\"content\">68TB<\/td>\n<\/tr>\n<tr>\n<td class=\"title\">Genle\u015fme \u00dcniteleri ile Maksimum Ham Kapasite<\/td>\n<td class=\"content\">&#8211;<\/td>\n<\/tr>\n<tr>\n<td class=\"title\">\u00c7al\u0131\u015f\u0131rken De\u011fi\u015ftirilebilir S\u00fcr\u00fcc\u00fc<\/td>\n<td class=\"content\"><\/td>\n<\/tr>\n<tr>\n<td class=\"title\">notlar<\/td>\n<td class=\"content no-border\">\n<ul>\n<li>Daha fazla bilgi i\u00e7in, l\u00fctfen uyumluluk matrisi ve donan\u0131m k\u0131lavuzuna bak\u0131n.<\/li>\n<li>Maksimum dahili ham kapasite = 16 TB s\u00fcr\u00fcc\u00fc x 4 + 3.84 TB s\u00fcr\u00fcc\u00fc x 1<\/li>\n<li>Kapasite RAID t\u00fcrlerine g\u00f6re de\u011fi\u015febilir<\/li>\n<\/ul>\n<\/td>\n<\/tr>\n<tr class=\"enhance\">\n<th colspan=\"2\">D\u0131\u015f liman<\/th>\n<\/tr>\n<tr>\n<td class=\"title\">USB 2.0 Ba\u011flant\u0131 Noktas\u0131<\/td>\n<td class=\"content\">2 (Arka)<\/td>\n<\/tr>\n<tr>\n<td class=\"title\">USB 3.0 Ba\u011flant\u0131 Noktas\u0131<\/td>\n<td class=\"content\">3 (\u00d6n: 1, Arka: 2)<\/td>\n<\/tr>\n<tr>\n<td class=\"title\">HDMI Ba\u011flant\u0131 Noktas\u0131<\/td>\n<td class=\"content\">1<\/td>\n<\/tr>\n<tr>\n<td class=\"title\">Di\u011ferleri<\/td>\n<td class=\"content\">&#8211;<\/td>\n<\/tr>\n<tr>\n<td class=\"title\">notlar<\/td>\n<td class=\"content no-border\">&#8211;<\/td>\n<\/tr>\n<tr class=\"enhance\">\n<th colspan=\"2\">Ba\u011flant\u0131 noktas\u0131<\/th>\n<\/tr>\n<tr>\n<td class=\"title\">1 GbE RJ45 LAN Ba\u011flant\u0131 Noktas\u0131<\/td>\n<td class=\"content\">2 (Teknede)<\/td>\n<\/tr>\n<tr>\n<td class=\"title\">10 GbE RJ45 LAN Ba\u011flant\u0131 Noktas\u0131<\/td>\n<td class=\"content\">&#8211;<\/td>\n<\/tr>\n<tr>\n<td class=\"title\">10 GbE SFP + LAN Ba\u011flant\u0131 Noktas\u0131<\/td>\n<td class=\"content\">&#8211;<\/td>\n<\/tr>\n<tr>\n<td class=\"title\">Thunderbolt 3<\/td>\n<td class=\"content\">&#8211;<\/td>\n<\/tr>\n<tr>\n<td class=\"title\">16 Gb SFP + Fiber Kanal<\/td>\n<td class=\"content\">&#8211;<\/td>\n<\/tr>\n<tr>\n<td class=\"title\">notlar<\/td>\n<td class=\"content no-border\">&#8211;<\/td>\n<\/tr>\n<tr class=\"enhance\">\n<th colspan=\"2\">Geni\u015fleme Liman\u0131<\/th>\n<\/tr>\n<tr>\n<td class=\"title\">12 Gb \/ s SAS Geni\u015f Ba\u011flant\u0131 Noktas\u0131<\/td>\n<td class=\"content\">&#8211;<\/td>\n<\/tr>\n<tr>\n<td class=\"title\">notlar<\/td>\n<td class=\"content no-border\">&#8211;<\/td>\n<\/tr>\n<tr class=\"enhance\">\n<th colspan=\"2\">PCIe Geni\u015fletme<\/th>\n<\/tr>\n<tr>\n<td class=\"title\">Gen3x8 Yuvas\u0131<\/td>\n<td class=\"content\">&#8211;<\/td>\n<\/tr>\n<tr>\n<td class=\"title\">Gen3x4 Yuvas\u0131<\/td>\n<td class=\"content\">&#8211;<\/td>\n<\/tr>\n<tr>\n<td class=\"title\">notlar<\/td>\n<td class=\"content no-border\">&#8211;<\/td>\n<\/tr>\n<tr class=\"enhance\">\n<th colspan=\"2\">Ana Kart Geni\u015fletme<\/th>\n<\/tr>\n<tr>\n<td class=\"title\">Gen3x8 Yuvas\u0131<\/td>\n<td class=\"content\">&#8211;<\/td>\n<\/tr>\n<tr>\n<td class=\"title\">Gen2x4 Yuvas\u0131<\/td>\n<td class=\"content\">&#8211;<\/td>\n<\/tr>\n<tr>\n<td class=\"title\">notlar<\/td>\n<td class=\"content no-border\">&#8211;<\/td>\n<\/tr>\n<tr class=\"enhance\">\n<th colspan=\"2\">G\u00f6r\u00fcn\u00fcm<\/th>\n<\/tr>\n<tr>\n<td class=\"title\">Boyut (Y x G x D) (mm)<\/td>\n<td class=\"content\">177 x 190 x 235<\/td>\n<\/tr>\n<tr>\n<td class=\"title\">\u015easi Form Fakt\u00f6r\u00fc<\/td>\n<td class=\"content\">Kule 4 + 1 K\u00f6rfezi<\/td>\n<\/tr>\n<tr>\n<td class=\"title\">Net a\u011f\u0131rl\u0131k \/ kilogram)<\/td>\n<td class=\"content\">3.6<\/td>\n<\/tr>\n<tr>\n<td class=\"title\">Br\u00fct A\u011f\u0131rl\u0131k (kg)<\/td>\n<td class=\"content\">4<\/td>\n<\/tr>\n<tr>\n<td class=\"title\">notlar<\/td>\n<td class=\"content no-border\">&#8211;<\/td>\n<\/tr>\n<tr class=\"enhance\">\n<th colspan=\"2\">Haf\u0131za Korumas\u0131<\/th>\n<\/tr>\n<tr>\n<td class=\"title\">\u00d6nbellek-Flash Mod\u00fcl\u00fc<\/td>\n<td class=\"content\">&#8211;<\/td>\n<\/tr>\n<tr>\n<td class=\"title\">Ak\u00fc Yedekleme Mod\u00fcl\u00fc + Fla\u015f Mod\u00fcl\u00fc<\/td>\n<td class=\"content\">&#8211;<\/td>\n<\/tr>\n<tr>\n<td class=\"title\">notlar<\/td>\n<td class=\"content no-border\">&#8211;<\/td>\n<\/tr>\n<tr class=\"enhance\">\n<th colspan=\"2\">Di\u011ferleri<\/th>\n<\/tr>\n<tr>\n<td class=\"title\">Sistem Fan\u0131<\/td>\n<td class=\"content\">120mm x 120mm x 1 adet<\/td>\n<\/tr>\n<tr>\n<td class=\"title\">De\u011fi\u015ftirilebilir Sistem Fan\u0131<\/td>\n<td class=\"content\">&#8211;<\/td>\n<\/tr>\n<tr>\n<td class=\"title\">G\u00fc\u00e7 kurtarma<\/td>\n<td class=\"content\"><\/td>\n<\/tr>\n<tr>\n<td class=\"title\">Zamanlanm\u0131\u015f G\u00fc\u00e7 A\u00e7ma \/ Kapama<\/td>\n<td class=\"content\"><\/td>\n<\/tr>\n<tr>\n<td class=\"title\">LAN \/ WAN&#8217;ta Uyan<\/td>\n<td class=\"content\"><\/td>\n<\/tr>\n<tr>\n<td class=\"title\">G\u00fc\u00e7 Kayna\u011f\u0131 \u00dcnitesi \/ Adapt\u00f6r<\/td>\n<td class=\"content\">Harici G\u00fc\u00e7 Adapt\u00f6r\u00fc, 90W<\/td>\n<\/tr>\n<tr>\n<td class=\"title\">Yedekli g\u00fc\u00e7 kayna\u011f\u0131<\/td>\n<td class=\"content\">&#8211;<\/td>\n<\/tr>\n<tr>\n<td class=\"title\">AC Giri\u015f G\u00fcc\u00fc Gerilimi<\/td>\n<td class=\"content\">100 V-240<\/td>\n<\/tr>\n<tr>\n<td class=\"title\">G\u00fc\u00e7 frekans\u0131<\/td>\n<td class=\"content\">50-60 Hz, Tek Fazl\u0131<\/td>\n<\/tr>\n<tr>\n<td class=\"title\">G\u00fc\u00e7 t\u00fcketimi<\/td>\n<td class=\"content\">&#8211;<\/td>\n<\/tr>\n<tr>\n<td class=\"title\">\u0130ngiliz Is\u0131 Birimi<\/td>\n<td class=\"content\">&#8211;<\/td>\n<\/tr>\n<tr>\n<td class=\"title\">LCM Deste\u011fi<\/td>\n<td class=\"content\"><\/td>\n<\/tr>\n<tr>\n<td class=\"title\">notlar<\/td>\n<td class=\"content no-border\">&#8211;<\/td>\n<\/tr>\n<tr class=\"enhance\">\n<th colspan=\"2\">\u00c7evre s\u0131cakl\u0131\u011f\u0131<\/th>\n<\/tr>\n<tr>\n<td class=\"title\">\u00c7al\u0131\u015fma s\u0131cakl\u0131\u011f\u0131<\/td>\n<td class=\"content\">0 &#8211; 40 \u00b0 C<\/td>\n<\/tr>\n<tr>\n<td class=\"title\">Depolama s\u0131cakl\u0131\u011f\u0131<\/td>\n<td class=\"content\">-10 \u00b0 C ila 50 \u00b0 C<\/td>\n<\/tr>\n<tr>\n<td class=\"title\">\u00c7al\u0131\u015fma Ba\u011f\u0131l Nem<\/td>\n<td class=\"content\">% 20 ila% 80 yo\u011fu\u015fmas\u0131z<\/td>\n<\/tr>\n<tr>\n<td class=\"title\">\u00c7al\u0131\u015fmayan Ba\u011f\u0131l Nem<\/td>\n<td class=\"content\">% 10 -% 90<\/td>\n<\/tr>\n<tr>\n<td class=\"title\">notlar<\/td>\n<td class=\"content no-border\">&#8211;<\/td>\n<\/tr>\n<tr class=\"enhance\">\n<th colspan=\"2\">belgeleme<\/th>\n<\/tr>\n<tr>\n<td class=\"title\">Sertifikalar<\/td>\n<td class=\"content\">CE<\/p>\n<p>FCC<\/p>\n<p>BSMI<\/p>\n<p>VCCI<\/p>\n<p>RCM<\/p>\n<p>KCC<\/p>\n<p>CCC<\/td>\n<\/tr>\n<tr>\n<td class=\"title\">notlar<\/td>\n<td class=\"content no-border\">&#8211;<\/td>\n<\/tr>\n<tr class=\"enhance\">\n<th colspan=\"2\">Garanti<\/th>\n<\/tr>\n<tr>\n<td class=\"title\">Standart garanti<\/td>\n<td class=\"content\">2 y\u0131l<\/td>\n<\/tr>\n<tr>\n<td class=\"title\">notlar<\/td>\n<td class=\"content no-border\">&#8211;<\/td>\n<\/tr>\n<\/tbody>\n<\/table>\n<\/div>\n<\/div>\n<\/div>\n<\/div>\n","protected":false},"excerpt":{"rendered":"<div class=\"woocommerce-product-details__short-description\">\n<p>XCubeNAS XN3002T<\/p>\n<\/div>\n","protected":false},"featured_media":2052,"template":"","meta":[],"product_brand":[],"product_cat":[1744,1743],"product_tag":[],"class_list":{"0":"post-8950","1":"product","2":"type-product","3":"status-publish","4":"has-post-thumbnail","6":"product_cat-desktop-nas","7":"product_cat-storage","9":"first","10":"instock","11":"taxable","12":"shipping-taxable","13":"product-type-external"},"yoast_head":"<!-- This site is optimized with the Yoast SEO Premium plugin v27.4 (Yoast SEO v27.4) - https:\/\/yoast.com\/product\/yoast-seo-premium-wordpress\/ -->\n<title>XN3004T QSAN XCubeNAS Masa\u00fcst\u00fc NAS Depolama - GTM Teknoloji<\/title>\n<meta name=\"robots\" content=\"index, follow, max-snippet:-1, max-image-preview:large, max-video-preview:-1\" \/>\n<link rel=\"canonical\" href=\"https:\/\/gtmteknoloji.com\/b2b\/magaza\/storage\/desktop-nas\/xn3004t-qsan-xcubenas-masaustu-nas-depolama\/\" \/>\n<meta property=\"og:locale\" content=\"tr_TR\" \/>\n<meta property=\"og:type\" content=\"article\" \/>\n<meta property=\"og:title\" content=\"XN3004T QSAN XCubeNAS Masa\u00fcst\u00fc NAS Depolama\" \/>\n<meta property=\"og:description\" content=\"XCubeNAS XN3002T\" \/>\n<meta property=\"og:url\" content=\"https:\/\/gtmteknoloji.com\/b2b\/magaza\/storage\/desktop-nas\/xn3004t-qsan-xcubenas-masaustu-nas-depolama\/\" \/>\n<meta property=\"og:site_name\" content=\"GTM Teknoloji\" \/>\n<meta property=\"article:publisher\" content=\"https:\/\/www.facebook.com\/SupermicroTurkiye\/?locale=tr_TR\" \/>\n<meta property=\"article:modified_time\" content=\"2025-04-14T01:25:26+00:00\" \/>\n<meta property=\"og:image\" content=\"https:\/\/gtmteknoloji.com\/b2b\/wp-content\/uploads\/2019\/08\/QSAN-3004T-1.png\" \/>\n\t<meta property=\"og:image:width\" content=\"2000\" \/>\n\t<meta property=\"og:image:height\" content=\"2000\" \/>\n\t<meta property=\"og:image:type\" content=\"image\/png\" \/>\n<meta name=\"twitter:card\" content=\"summary_large_image\" \/>\n<meta name=\"twitter:site\" content=\"@gtmteknoloji\" \/>\n<meta name=\"twitter:label1\" content=\"Fiyat\" \/>\n\t<meta name=\"twitter:data1\" content=\"\" \/>\n\t<meta name=\"twitter:label2\" content=\"Durumu\" \/>\n\t<meta name=\"twitter:data2\" content=\"Stokta var\" \/>\n<script type=\"application\/ld+json\" class=\"yoast-schema-graph\">{\"@context\":\"https:\\\/\\\/schema.org\",\"@graph\":[{\"@type\":\"WebPage\",\"@id\":\"https:\\\/\\\/gtmteknoloji.com\\\/b2b\\\/magaza\\\/storage\\\/desktop-nas\\\/xn3004t-qsan-xcubenas-masaustu-nas-depolama\\\/\",\"url\":\"https:\\\/\\\/gtmteknoloji.com\\\/b2b\\\/magaza\\\/storage\\\/desktop-nas\\\/xn3004t-qsan-xcubenas-masaustu-nas-depolama\\\/\",\"name\":\"XN3004T QSAN XCubeNAS Masa\u00fcst\u00fc NAS Depolama - GTM Teknoloji\",\"isPartOf\":{\"@id\":\"https:\\\/\\\/gtmteknoloji.com\\\/b2b\\\/#website\"},\"primaryImageOfPage\":{\"@id\":\"https:\\\/\\\/gtmteknoloji.com\\\/b2b\\\/magaza\\\/storage\\\/desktop-nas\\\/xn3004t-qsan-xcubenas-masaustu-nas-depolama\\\/#primaryimage\"},\"image\":{\"@id\":\"https:\\\/\\\/gtmteknoloji.com\\\/b2b\\\/magaza\\\/storage\\\/desktop-nas\\\/xn3004t-qsan-xcubenas-masaustu-nas-depolama\\\/#primaryimage\"},\"thumbnailUrl\":\"https:\\\/\\\/gtmteknoloji.com\\\/b2b\\\/wp-content\\\/uploads\\\/2019\\\/08\\\/QSAN-3004T-1.png\",\"datePublished\":\"2025-04-14T01:25:22+00:00\",\"dateModified\":\"2025-04-14T01:25:26+00:00\",\"breadcrumb\":{\"@id\":\"https:\\\/\\\/gtmteknoloji.com\\\/b2b\\\/magaza\\\/storage\\\/desktop-nas\\\/xn3004t-qsan-xcubenas-masaustu-nas-depolama\\\/#breadcrumb\"},\"inLanguage\":\"tr\",\"potentialAction\":[{\"@type\":\"ReadAction\",\"target\":[\"https:\\\/\\\/gtmteknoloji.com\\\/b2b\\\/magaza\\\/storage\\\/desktop-nas\\\/xn3004t-qsan-xcubenas-masaustu-nas-depolama\\\/\"]}]},{\"@type\":\"ImageObject\",\"inLanguage\":\"tr\",\"@id\":\"https:\\\/\\\/gtmteknoloji.com\\\/b2b\\\/magaza\\\/storage\\\/desktop-nas\\\/xn3004t-qsan-xcubenas-masaustu-nas-depolama\\\/#primaryimage\",\"url\":\"https:\\\/\\\/gtmteknoloji.com\\\/b2b\\\/wp-content\\\/uploads\\\/2019\\\/08\\\/QSAN-3004T-1.png\",\"contentUrl\":\"https:\\\/\\\/gtmteknoloji.com\\\/b2b\\\/wp-content\\\/uploads\\\/2019\\\/08\\\/QSAN-3004T-1.png\",\"width\":2000,\"height\":2000},{\"@type\":\"BreadcrumbList\",\"@id\":\"https:\\\/\\\/gtmteknoloji.com\\\/b2b\\\/magaza\\\/storage\\\/desktop-nas\\\/xn3004t-qsan-xcubenas-masaustu-nas-depolama\\\/#breadcrumb\",\"itemListElement\":[{\"@type\":\"ListItem\",\"position\":1,\"name\":\"Home\",\"item\":\"https:\\\/\\\/gtmteknoloji.com\\\/b2b\\\/\"},{\"@type\":\"ListItem\",\"position\":2,\"name\":\"Ma\u011faza\",\"item\":\"https:\\\/\\\/gtmteknoloji.com\\\/b2b\\\/magaza\\\/\"},{\"@type\":\"ListItem\",\"position\":3,\"name\":\"XN3004T QSAN XCubeNAS Masa\u00fcst\u00fc NAS Depolama\"}]},{\"@type\":\"WebSite\",\"@id\":\"https:\\\/\\\/gtmteknoloji.com\\\/b2b\\\/#website\",\"url\":\"https:\\\/\\\/gtmteknoloji.com\\\/b2b\\\/\",\"name\":\"GTM Teknoloji\",\"description\":\"B2B Sat\u0131\u015f Portal\u0131\",\"publisher\":{\"@id\":\"https:\\\/\\\/gtmteknoloji.com\\\/b2b\\\/#organization\"},\"potentialAction\":[{\"@type\":\"SearchAction\",\"target\":{\"@type\":\"EntryPoint\",\"urlTemplate\":\"https:\\\/\\\/gtmteknoloji.com\\\/b2b\\\/?s={search_term_string}\"},\"query-input\":{\"@type\":\"PropertyValueSpecification\",\"valueRequired\":true,\"valueName\":\"search_term_string\"}}],\"inLanguage\":\"tr\"},{\"@type\":\"Organization\",\"@id\":\"https:\\\/\\\/gtmteknoloji.com\\\/b2b\\\/#organization\",\"name\":\"GTM Teknoloji\",\"url\":\"https:\\\/\\\/gtmteknoloji.com\\\/b2b\\\/\",\"logo\":{\"@type\":\"ImageObject\",\"inLanguage\":\"tr\",\"@id\":\"https:\\\/\\\/gtmteknoloji.com\\\/b2b\\\/#\\\/schema\\\/logo\\\/image\\\/\",\"url\":\"https:\\\/\\\/gtmteknoloji.com\\\/b2b\\\/wp-content\\\/uploads\\\/2020\\\/12\\\/GTM-logo.png\",\"contentUrl\":\"https:\\\/\\\/gtmteknoloji.com\\\/b2b\\\/wp-content\\\/uploads\\\/2020\\\/12\\\/GTM-logo.png\",\"width\":400,\"height\":400,\"caption\":\"GTM Teknoloji\"},\"image\":{\"@id\":\"https:\\\/\\\/gtmteknoloji.com\\\/b2b\\\/#\\\/schema\\\/logo\\\/image\\\/\"},\"sameAs\":[\"https:\\\/\\\/www.facebook.com\\\/SupermicroTurkiye\\\/?locale=tr_TR\",\"https:\\\/\\\/x.com\\\/gtmteknoloji\"]}]}<\/script>\n<meta property=\"product:price:currency\" content=\"USD\" \/>\n<meta property=\"og:availability\" content=\"instock\" \/>\n<meta property=\"product:availability\" content=\"instock\" \/>\n<meta property=\"product:condition\" content=\"new\" \/>\n<!-- \/ Yoast SEO Premium plugin. -->","yoast_head_json":{"title":"XN3004T QSAN XCubeNAS Masa\u00fcst\u00fc NAS Depolama - GTM Teknoloji","robots":{"index":"index","follow":"follow","max-snippet":"max-snippet:-1","max-image-preview":"max-image-preview:large","max-video-preview":"max-video-preview:-1"},"canonical":"https:\/\/gtmteknoloji.com\/b2b\/magaza\/storage\/desktop-nas\/xn3004t-qsan-xcubenas-masaustu-nas-depolama\/","og_locale":"tr_TR","og_type":"article","og_title":"XN3004T QSAN XCubeNAS Masa\u00fcst\u00fc NAS Depolama","og_description":"XCubeNAS XN3002T","og_url":"https:\/\/gtmteknoloji.com\/b2b\/magaza\/storage\/desktop-nas\/xn3004t-qsan-xcubenas-masaustu-nas-depolama\/","og_site_name":"GTM Teknoloji","article_publisher":"https:\/\/www.facebook.com\/SupermicroTurkiye\/?locale=tr_TR","article_modified_time":"2025-04-14T01:25:26+00:00","og_image":[{"width":2000,"height":2000,"url":"https:\/\/gtmteknoloji.com\/b2b\/wp-content\/uploads\/2019\/08\/QSAN-3004T-1.png","type":"image\/png"}],"twitter_card":"summary_large_image","twitter_site":"@gtmteknoloji","twitter_misc":{"Fiyat":"","Durumu":"Stokta var"},"schema":{"@context":"https:\/\/schema.org","@graph":[{"@type":"WebPage","@id":"https:\/\/gtmteknoloji.com\/b2b\/magaza\/storage\/desktop-nas\/xn3004t-qsan-xcubenas-masaustu-nas-depolama\/","url":"https:\/\/gtmteknoloji.com\/b2b\/magaza\/storage\/desktop-nas\/xn3004t-qsan-xcubenas-masaustu-nas-depolama\/","name":"XN3004T QSAN XCubeNAS Masa\u00fcst\u00fc NAS Depolama - GTM Teknoloji","isPartOf":{"@id":"https:\/\/gtmteknoloji.com\/b2b\/#website"},"primaryImageOfPage":{"@id":"https:\/\/gtmteknoloji.com\/b2b\/magaza\/storage\/desktop-nas\/xn3004t-qsan-xcubenas-masaustu-nas-depolama\/#primaryimage"},"image":{"@id":"https:\/\/gtmteknoloji.com\/b2b\/magaza\/storage\/desktop-nas\/xn3004t-qsan-xcubenas-masaustu-nas-depolama\/#primaryimage"},"thumbnailUrl":"https:\/\/gtmteknoloji.com\/b2b\/wp-content\/uploads\/2019\/08\/QSAN-3004T-1.png","datePublished":"2025-04-14T01:25:22+00:00","dateModified":"2025-04-14T01:25:26+00:00","breadcrumb":{"@id":"https:\/\/gtmteknoloji.com\/b2b\/magaza\/storage\/desktop-nas\/xn3004t-qsan-xcubenas-masaustu-nas-depolama\/#breadcrumb"},"inLanguage":"tr","potentialAction":[{"@type":"ReadAction","target":["https:\/\/gtmteknoloji.com\/b2b\/magaza\/storage\/desktop-nas\/xn3004t-qsan-xcubenas-masaustu-nas-depolama\/"]}]},{"@type":"ImageObject","inLanguage":"tr","@id":"https:\/\/gtmteknoloji.com\/b2b\/magaza\/storage\/desktop-nas\/xn3004t-qsan-xcubenas-masaustu-nas-depolama\/#primaryimage","url":"https:\/\/gtmteknoloji.com\/b2b\/wp-content\/uploads\/2019\/08\/QSAN-3004T-1.png","contentUrl":"https:\/\/gtmteknoloji.com\/b2b\/wp-content\/uploads\/2019\/08\/QSAN-3004T-1.png","width":2000,"height":2000},{"@type":"BreadcrumbList","@id":"https:\/\/gtmteknoloji.com\/b2b\/magaza\/storage\/desktop-nas\/xn3004t-qsan-xcubenas-masaustu-nas-depolama\/#breadcrumb","itemListElement":[{"@type":"ListItem","position":1,"name":"Home","item":"https:\/\/gtmteknoloji.com\/b2b\/"},{"@type":"ListItem","position":2,"name":"Ma\u011faza","item":"https:\/\/gtmteknoloji.com\/b2b\/magaza\/"},{"@type":"ListItem","position":3,"name":"XN3004T QSAN XCubeNAS Masa\u00fcst\u00fc NAS Depolama"}]},{"@type":"WebSite","@id":"https:\/\/gtmteknoloji.com\/b2b\/#website","url":"https:\/\/gtmteknoloji.com\/b2b\/","name":"GTM Teknoloji","description":"B2B Sat\u0131\u015f Portal\u0131","publisher":{"@id":"https:\/\/gtmteknoloji.com\/b2b\/#organization"},"potentialAction":[{"@type":"SearchAction","target":{"@type":"EntryPoint","urlTemplate":"https:\/\/gtmteknoloji.com\/b2b\/?s={search_term_string}"},"query-input":{"@type":"PropertyValueSpecification","valueRequired":true,"valueName":"search_term_string"}}],"inLanguage":"tr"},{"@type":"Organization","@id":"https:\/\/gtmteknoloji.com\/b2b\/#organization","name":"GTM Teknoloji","url":"https:\/\/gtmteknoloji.com\/b2b\/","logo":{"@type":"ImageObject","inLanguage":"tr","@id":"https:\/\/gtmteknoloji.com\/b2b\/#\/schema\/logo\/image\/","url":"https:\/\/gtmteknoloji.com\/b2b\/wp-content\/uploads\/2020\/12\/GTM-logo.png","contentUrl":"https:\/\/gtmteknoloji.com\/b2b\/wp-content\/uploads\/2020\/12\/GTM-logo.png","width":400,"height":400,"caption":"GTM Teknoloji"},"image":{"@id":"https:\/\/gtmteknoloji.com\/b2b\/#\/schema\/logo\/image\/"},"sameAs":["https:\/\/www.facebook.com\/SupermicroTurkiye\/?locale=tr_TR","https:\/\/x.com\/gtmteknoloji"]}]},"product_price_currency":"USD","og_availability":"instock","product_availability":"instock","product_condition":"new"},"_links":{"self":[{"href":"https:\/\/gtmteknoloji.com\/b2b\/wp-json\/wp\/v2\/product\/8950","targetHints":{"allow":["GET"]}}],"collection":[{"href":"https:\/\/gtmteknoloji.com\/b2b\/wp-json\/wp\/v2\/product"}],"about":[{"href":"https:\/\/gtmteknoloji.com\/b2b\/wp-json\/wp\/v2\/types\/product"}],"version-history":[{"count":1,"href":"https:\/\/gtmteknoloji.com\/b2b\/wp-json\/wp\/v2\/product\/8950\/revisions"}],"predecessor-version":[{"id":8961,"href":"https:\/\/gtmteknoloji.com\/b2b\/wp-json\/wp\/v2\/product\/8950\/revisions\/8961"}],"wp:featuredmedia":[{"embeddable":true,"href":"https:\/\/gtmteknoloji.com\/b2b\/wp-json\/wp\/v2\/media\/2052"}],"wp:attachment":[{"href":"https:\/\/gtmteknoloji.com\/b2b\/wp-json\/wp\/v2\/media?parent=8950"}],"wp:term":[{"taxonomy":"product_brand","embeddable":true,"href":"https:\/\/gtmteknoloji.com\/b2b\/wp-json\/wp\/v2\/product_brand?post=8950"},{"taxonomy":"product_cat","embeddable":true,"href":"https:\/\/gtmteknoloji.com\/b2b\/wp-json\/wp\/v2\/product_cat?post=8950"},{"taxonomy":"product_tag","embeddable":true,"href":"https:\/\/gtmteknoloji.com\/b2b\/wp-json\/wp\/v2\/product_tag?post=8950"}],"curies":[{"name":"wp","href":"https:\/\/api.w.org\/{rel}","templated":true}]}}