{"id":9117,"date":"2025-04-14T04:25:43","date_gmt":"2025-04-14T01:25:43","guid":{"rendered":"https:\/\/gtmteknoloji.com\/b2b\/?post_type=product&#038;p=9117"},"modified":"2025-04-14T04:25:46","modified_gmt":"2025-04-14T01:25:46","slug":"superserver-7048r-c1r-server","status":"publish","type":"product","link":"https:\/\/gtmteknoloji.com\/b2b\/magaza\/server\/mainstream-server\/superserver-7048r-c1r-server\/","title":{"rendered":"SuperServer 7048R-C1R Server"},"content":{"rendered":"<table class=\"table_5_10 table_compare\" style=\"width: 140.96%; height: 1656px;\">\n<tbody>\n<tr class=\"details\" style=\"height: 48px;\">\n<td class=\"label\" style=\"width: 22.88%; height: 48px;\">\u00dcr\u00fcn<\/td>\n<td style=\"width: 75.2%; height: 48px;\">Supermicro SuperServer 7048R-C1R &#8211; 4U \/ Tower &#8211; 16x SATA \/ SAS &#8211; LSI 3108 12G SAS &#8211; \u00c7ift Gigabit Ethernet &#8211; 920W Yedekli<\/td>\n<td style=\"width: 42.72%; height: 48px;\"><\/td>\n<\/tr>\n<tr class=\"details\" style=\"height: 24px;\">\n<td class=\"label\" style=\"width: 22.88%; height: 24px;\"><\/td>\n<td style=\"width: 75.2%; height: 24px;\"><\/td>\n<td style=\"width: 42.72%; height: 24px;\"><\/td>\n<\/tr>\n<tr class=\"details\" style=\"height: 24px;\">\n<td class=\"label\" style=\"width: 22.88%; height: 24px;\"><\/td>\n<td style=\"width: 75.2%; height: 24px;\"><\/td>\n<td style=\"width: 42.72%; height: 24px;\"><\/td>\n<\/tr>\n<tr class=\"details\" style=\"height: 24px;\">\n<td class=\"label\" style=\"width: 22.88%; height: 24px;\">\u00dcretici firma<\/td>\n<td style=\"width: 75.2%; height: 24px;\">Supermicro<\/td>\n<td style=\"width: 42.72%; height: 24px;\"><\/td>\n<\/tr>\n<tr class=\"details\" style=\"height: 24px;\">\n<td class=\"label\" style=\"width: 22.88%; height: 24px;\">Par\u00e7a Numaras\u0131<\/td>\n<td style=\"width: 75.2%; height: 24px;\">SYS-7048R-C1R<\/td>\n<td style=\"width: 42.72%; height: 24px;\"><\/td>\n<\/tr>\n<tr class=\"category\" style=\"height: 24px;\">\n<td style=\"width: 140.8%; height: 24px;\" colspan=\"3\">Ana \u00d6zellikler<\/td>\n<\/tr>\n<tr class=\"details\" style=\"height: 24px;\">\n<td class=\"label\" style=\"width: 22.88%; height: 24px;\">Dizi<\/td>\n<td style=\"width: 75.2%; height: 24px;\">SuperServer<\/td>\n<td style=\"width: 42.72%; height: 24px;\"><\/td>\n<\/tr>\n<tr class=\"details\" style=\"height: 24px;\">\n<td class=\"label\" style=\"width: 22.88%; height: 24px;\">Desteklenen \u0130\u015flemci<\/td>\n<td style=\"width: 75.2%; height: 24px;\">Intel Xeon \u0130\u015flemci E5-2600 v4 \/ v3 Serisi<\/td>\n<td style=\"width: 42.72%; height: 24px;\"><\/td>\n<\/tr>\n<tr class=\"details\" style=\"height: 24px;\">\n<td class=\"label\" style=\"width: 22.88%; height: 24px;\">Sistem Veri Yolu<\/td>\n<td style=\"width: 75.2%; height: 24px;\">9.6 GT \/ s QPI<\/td>\n<td style=\"width: 42.72%; height: 24px;\"><\/td>\n<\/tr>\n<tr class=\"details\" style=\"height: 24px;\">\n<td class=\"label\" style=\"width: 22.88%; height: 24px;\">Bellek Teknolojisi<\/td>\n<td style=\"width: 75.2%; height: 24px;\">DDR4 ECC Kayd\u0131<\/td>\n<td style=\"width: 42.72%; height: 24px;\"><\/td>\n<\/tr>\n<tr class=\"details\" style=\"height: 24px;\">\n<td class=\"label\" style=\"width: 22.88%; height: 24px;\">Yonga seti<\/td>\n<td style=\"width: 75.2%; height: 24px;\">Intel C612<\/td>\n<td style=\"width: 42.72%; height: 24px;\"><\/td>\n<\/tr>\n<tr class=\"details\" style=\"height: 24px;\">\n<td class=\"label\" style=\"width: 22.88%; height: 24px;\">Form fakt\u00f6r\u00fc<\/td>\n<td style=\"width: 75.2%; height: 24px;\">4U \/ Kule<\/td>\n<td style=\"width: 42.72%; height: 24px;\"><\/td>\n<\/tr>\n<tr class=\"details\" style=\"height: 24px;\">\n<td class=\"label\" style=\"width: 22.88%; height: 24px;\">Renk<\/td>\n<td style=\"width: 75.2%; height: 24px;\">Siyah<\/td>\n<td style=\"width: 42.72%; height: 24px;\"><\/td>\n<\/tr>\n<tr class=\"details\" style=\"height: 24px;\">\n<td class=\"label\" style=\"width: 22.88%; height: 24px;\">Backplane<\/td>\n<td style=\"width: 75.2%; height: 24px;\">SATA3 \/ SAS3 Ayr\u0131k<\/td>\n<td style=\"width: 42.72%; height: 24px;\"><\/td>\n<\/tr>\n<tr class=\"category\" style=\"height: 24px;\">\n<td style=\"width: 140.8%; height: 24px;\" colspan=\"3\">Detayl\u0131 \u00d6zellikler<\/td>\n<\/tr>\n<tr class=\"details\" style=\"height: 24px;\">\n<td class=\"label\" style=\"width: 22.88%; height: 24px;\">Bellek Yuvalar\u0131<\/td>\n<td style=\"width: 75.2%; height: 24px;\">16&#215;288 pimli DIMM Soketleri<\/td>\n<td style=\"width: 42.72%; height: 24px;\"><\/td>\n<\/tr>\n<tr class=\"details\" style=\"height: 24px;\">\n<td class=\"label\" style=\"width: 22.88%; height: 24px;\">Grafik<\/td>\n<td style=\"width: 75.2%; height: 24px;\">ASPEED AST2400 BMC<\/td>\n<td style=\"width: 42.72%; height: 24px;\"><\/td>\n<\/tr>\n<tr class=\"details\" style=\"height: 24px;\">\n<td class=\"label\" style=\"width: 22.88%; height: 24px;\">Ethernet<\/td>\n<td style=\"width: 75.2%; height: 24px;\">Intel\u00ae i350 \u00c7ift Ba\u011flant\u0131 Noktal\u0131 Gigabit Ethernet<\/td>\n<td style=\"width: 42.72%; height: 24px;\"><\/td>\n<\/tr>\n<tr class=\"details\" style=\"height: 24px;\">\n<td class=\"label\" style=\"width: 22.88%; height: 24px;\">Seri ata<\/td>\n<td style=\"width: 75.2%; height: 24px;\">SATA3 (6Gbps);\u00a0RAID 0, 1, 5, 10<\/td>\n<td style=\"width: 42.72%; height: 24px;\"><\/td>\n<\/tr>\n<tr class=\"details\" style=\"height: 24px;\">\n<td class=\"label\" style=\"width: 22.88%; height: 24px;\">SAS<\/td>\n<td style=\"width: 75.2%; height: 24px;\">LSI 3108 SAS3 (12 Gb \/ sn)<\/td>\n<td style=\"width: 42.72%; height: 24px;\"><\/td>\n<\/tr>\n<tr class=\"details\" style=\"height: 24px;\">\n<td class=\"label\" style=\"width: 22.88%; height: 24px;\">G\u00fc\u00e7<\/td>\n<td style=\"width: 75.2%; height: 24px;\">920W Yedek Platin Y\u00fcksek Verimli G\u00fc\u00e7 Kayna\u011f\u0131<\/td>\n<td style=\"width: 42.72%; height: 24px;\"><\/td>\n<\/tr>\n<tr class=\"details\" style=\"height: 24px;\">\n<td class=\"label\" style=\"width: 22.88%; height: 24px;\">Optik s\u00fcr\u00fcc\u00fc<\/td>\n<td style=\"width: 75.2%; height: 24px;\">1x 5.25 &#8220;DVD-ROM (iste\u011fe ba\u011fl\u0131)<\/td>\n<td style=\"width: 42.72%; height: 24px;\"><\/td>\n<\/tr>\n<tr class=\"details\" style=\"height: 48px;\">\n<td class=\"label\" style=\"width: 22.88%; height: 48px;\">Harici Yuvalar<\/td>\n<td style=\"width: 75.2%; height: 48px;\">8x 3.5 &#8220;\u00c7al\u0131\u015f\u0131rken De\u011fi\u015ftirilebilir SATA3 Sabit S\u00fcr\u00fcc\u00fc<br \/>\nYuvalar\u0131 8x 2.5&#8221; \u00c7al\u0131\u015f\u0131rken De\u011fi\u015ftirilebilir SAS3 S\u00fcr\u00fcc\u00fcleri Mobil Rafta<\/td>\n<td style=\"width: 42.72%; height: 48px;\"><\/td>\n<\/tr>\n<tr class=\"details\" style=\"height: 48px;\">\n<td class=\"label\" style=\"width: 22.88%; height: 48px;\">Geni\u015fleme yuvalar\u0131<\/td>\n<td style=\"width: 75.2%; height: 48px;\">1x PCI-E 3.0 x16<br \/>\n6x PCI-E 3.0 x8 (FH \/ FL)<\/td>\n<td style=\"width: 42.72%; height: 48px;\"><\/td>\n<\/tr>\n<tr class=\"details\" style=\"height: 48px;\">\n<td class=\"label\" style=\"width: 22.88%; height: 48px;\">y\u00f6netim<\/td>\n<td style=\"width: 75.2%; height: 48px;\">\u00d6zel LAN<br \/>\nSuperDoctor 5, Watchdog\u00a0ile IPMI 2.0 + KVM<\/td>\n<td style=\"width: 42.72%; height: 48px;\"><\/td>\n<\/tr>\n<tr class=\"details\" style=\"height: 192px;\">\n<td class=\"label\" style=\"width: 22.88%; height: 192px;\">\u00d6n panel<\/td>\n<td style=\"width: 75.2%; height: 192px;\">G\u00fc\u00e7 A\u00e7ma \/ Kapama d\u00fc\u011fmesi<br \/>\nSistem S\u0131f\u0131rlama d\u00fc\u011fmesi<br \/>\nG\u00fc\u00e7 LED&#8217;i<br \/>\nSabit s\u00fcr\u00fcc\u00fc etkinlik LED&#8217;i<br \/>\n2x A\u011f etkinlik LED&#8217;leri<br \/>\nSistem A\u015f\u0131r\u0131 \u0131s\u0131nma LED&#8217;i<br \/>\nG\u00fc\u00e7 Kesintisi LED&#8217;i<br \/>\n2x USB Ba\u011flant\u0131 Noktalar\u0131<\/td>\n<td style=\"width: 42.72%; height: 192px;\"><\/td>\n<\/tr>\n<tr class=\"details\" style=\"height: 144px;\">\n<td class=\"label\" style=\"width: 22.88%; height: 144px;\">Arka panel<\/td>\n<td style=\"width: 75.2%; height: 144px;\">2x USB 3.0 ba\u011flant\u0131 noktas\u0131<br \/>\n2x USB 2.0 ba\u011flant\u0131 noktas\u0131<br \/>\n2x RJ45 Gigabit Ethernet LAN ba\u011flant\u0131 noktas\u0131<br \/>\n1x RJ45 \u00d6zel IPMI LAN ba\u011flant\u0131 noktas\u0131<br \/>\n1x VGA ba\u011flant\u0131 noktas\u0131<br \/>\n1x H\u0131zl\u0131 UART 16550 seri ba\u011flant\u0131 noktas\u0131<\/td>\n<td style=\"width: 42.72%; height: 144px;\"><\/td>\n<\/tr>\n<tr class=\"details\" style=\"height: 24px;\">\n<td class=\"label\" style=\"width: 22.88%; height: 24px;\">BIOS<\/td>\n<td style=\"width: 75.2%; height: 24px;\">AMI\u00ae BIOS&#8217;lu 128Mb SPI Flash EEPROM<\/td>\n<td style=\"width: 42.72%; height: 24px;\"><\/td>\n<\/tr>\n<tr class=\"details\" style=\"height: 48px;\">\n<td class=\"label\" style=\"width: 22.88%; height: 48px;\">So\u011futma<\/td>\n<td style=\"width: 75.2%; height: 48px;\">3x8cm \u00c7al\u0131\u015f\u0131rken de\u011fi\u015ftirilebilir yedekli PWM So\u011futma Fanlar\u0131<br \/>\n2x8cm \u00c7al\u0131\u015f\u0131rken de\u011fi\u015ftirilebilir Arka Egzoz PWM Fanlar\u0131 ve hava \u00f6rt\u00fcs\u00fc<\/td>\n<td style=\"width: 42.72%; height: 48px;\"><\/td>\n<\/tr>\n<tr class=\"details\" style=\"height: 24px;\">\n<td class=\"label\" style=\"width: 22.88%; height: 24px;\">Boyutlar (GxYxD)<\/td>\n<td style=\"width: 75.2%; height: 24px;\">45,8 mm (17,8 in\u00e7) x 7,0 in\u00e7 178 mm) x 25,5 in\u00e7 648 mm)<\/td>\n<td style=\"width: 42.72%; height: 24px;\"><\/td>\n<\/tr>\n<tr class=\"details\" style=\"height: 24px;\">\n<td class=\"label\" style=\"width: 22.88%; height: 24px;\">Br\u00fct a\u011f\u0131rl\u0131k<\/td>\n<td style=\"width: 75.2%; height: 24px;\">33,6 kg (73,5 lbs)<\/td>\n<td style=\"width: 42.72%; height: 24px;\"><\/td>\n<\/tr>\n<tr class=\"details\" style=\"height: 24px;\">\n<td class=\"label\" style=\"width: 22.88%; height: 24px;\">PCI Express x16<\/td>\n<td style=\"width: 75.2%; height: 24px;\">1<\/td>\n<td style=\"width: 42.72%; height: 24px;\"><\/td>\n<\/tr>\n<tr class=\"details\" style=\"height: 24px;\">\n<td class=\"label\" style=\"width: 22.88%; height: 24px;\">PCI Express x8<\/td>\n<td style=\"width: 75.2%; height: 24px;\">6<\/td>\n<td style=\"width: 42.72%; height: 24px;\"><\/td>\n<\/tr>\n<tr class=\"details\" style=\"height: 72px;\">\n<td class=\"label\" style=\"width: 22.88%; height: 72px;\">USB Ba\u011flant\u0131 Noktalar\u0131<\/td>\n<td style=\"width: 75.2%; height: 72px;\">2x USB 3.0 ba\u011flant\u0131 noktas\u0131 (2 arka)<br \/>\n4x USB 2.0 ba\u011flant\u0131 noktas\u0131 (2 arka, 2 \u00f6n)<br \/>\n1x USB Tip A<\/td>\n<td style=\"width: 42.72%; height: 72px;\"><\/td>\n<\/tr>\n<tr class=\"details\" style=\"height: 24px;\">\n<td class=\"label\" style=\"width: 22.88%; height: 24px;\">Seri ba\u011flant\u0131 giri\u015fleri<\/td>\n<td style=\"width: 75.2%; height: 24px;\">1x H\u0131zl\u0131 UART 16550 seri ba\u011flant\u0131 noktas\u0131<\/td>\n<td style=\"width: 42.72%; height: 24px;\"><\/td>\n<\/tr>\n<tr class=\"details\" style=\"height: 24px;\">\n<td class=\"label\" style=\"width: 22.88%; height: 24px;\">LAN Ba\u011flant\u0131 Noktalar\u0131<\/td>\n<td style=\"width: 75.2%; height: 24px;\">3 (2x LAN, 1x IPMI)<\/td>\n<td style=\"width: 42.72%; height: 24px;\"><\/td>\n<\/tr>\n<tr class=\"details\" style=\"height: 24px;\">\n<td class=\"label\" style=\"width: 22.88%; height: 24px;\">SAS 12Gbps Denetleyici<\/td>\n<td style=\"width: 75.2%; height: 24px;\">LSI 3108<\/td>\n<td style=\"width: 42.72%; height: 24px;\"><\/td>\n<\/tr>\n<tr class=\"details\" style=\"height: 24px;\">\n<td class=\"label\" style=\"width: 22.88%; height: 24px;\">SAS 12Gbps Ba\u011flant\u0131 Noktalar\u0131<\/td>\n<td style=\"width: 75.2%; height: 24px;\">8<\/td>\n<td style=\"width: 42.72%; height: 24px;\"><\/td>\n<\/tr>\n<tr class=\"details\" style=\"height: 24px;\">\n<td class=\"label\" style=\"width: 22.88%; height: 24px;\">SAS 12Gbps RAID Seviyeleri<\/td>\n<td style=\"width: 75.2%; height: 24px;\">0,1,5,6,10,50,60<\/td>\n<td style=\"width: 42.72%; height: 24px;\"><\/td>\n<\/tr>\n<tr class=\"details\" style=\"height: 24px;\">\n<td class=\"label\" style=\"width: 22.88%; height: 24px;\">SATA 6Gbps AHCI Denetleyici<\/td>\n<td style=\"width: 75.2%; height: 24px;\">Intel C612<\/td>\n<td style=\"width: 42.72%; height: 24px;\"><\/td>\n<\/tr>\n<tr class=\"details\" style=\"height: 48px;\">\n<td class=\"label\" style=\"width: 22.88%; height: 48px;\">SATA 6Gbps AHCI Ba\u011flant\u0131 Noktalar\u0131<\/td>\n<td style=\"width: 75.2%; height: 48px;\">6<\/td>\n<td style=\"width: 42.72%; height: 48px;\"><\/td>\n<\/tr>\n<tr class=\"details\" style=\"height: 24px;\">\n<td class=\"label\" style=\"width: 22.88%; height: 24px;\">SATA 6Gbps AHCI RAID Seviyeleri<\/td>\n<td style=\"width: 75.2%; height: 24px;\">0,1,5,10<\/td>\n<td style=\"width: 42.72%; height: 24px;\"><\/td>\n<\/tr>\n<tr class=\"details\" style=\"height: 24px;\">\n<td class=\"label\" style=\"width: 22.88%; height: 24px;\">SATA 6Gbps SCU Denetleyici<\/td>\n<td style=\"width: 75.2%; height: 24px;\">sSATA<\/td>\n<td style=\"width: 42.72%; height: 24px;\"><\/td>\n<\/tr>\n<tr class=\"details\" style=\"height: 48px;\">\n<td class=\"label\" style=\"width: 22.88%; height: 48px;\">SATA 6Gbps SCU Ba\u011flant\u0131 Noktalar\u0131<\/td>\n<td style=\"width: 75.2%; height: 48px;\">4<\/td>\n<td style=\"width: 42.72%; height: 48px;\"><\/td>\n<\/tr>\n<tr class=\"details\" style=\"height: 24px;\">\n<td class=\"label\" style=\"width: 22.88%; height: 24px;\">SATA 6Gbps SCU RAID Seviyeleri<\/td>\n<td style=\"width: 75.2%; height: 24px;\">0,1,5,10<\/td>\n<td style=\"width: 42.72%; height: 24px;\"><\/td>\n<\/tr>\n<tr class=\"details\" style=\"height: 24px;\">\n<td class=\"label\" style=\"width: 22.88%; height: 24px;\">SATA DOM<\/td>\n<td style=\"width: 75.2%; height: 24px;\">Dahili g\u00fc\u00e7 ile 2x SATA DOM deste\u011fi<\/td>\n<td style=\"width: 42.72%; height: 24px;\"><\/td>\n<\/tr>\n<tr class=\"details\" style=\"height: 24px;\">\n<td class=\"label\" style=\"width: 22.88%; height: 24px;\">T\u00fcmle\u015fik Grafik<\/td>\n<td style=\"width: 75.2%; height: 24px;\">Evet<\/td>\n<td style=\"width: 42.72%; height: 24px;\"><\/td>\n<\/tr>\n<tr class=\"details\" style=\"height: 24px;\">\n<td class=\"label\" style=\"width: 22.88%; height: 24px;\">VGA Ba\u011flant\u0131 Noktalar\u0131<\/td>\n<td style=\"width: 75.2%; height: 24px;\">1<\/td>\n<\/tr>\n<\/tbody>\n<\/table>\n","protected":false},"excerpt":{"rendered":"<h1 class=\"LC20lb DKV0Md\"><a href=\"https:\/\/gtmteknoloji.com\/teklif-talep\/\">TEKL\u0130F TALEP<\/a><\/h1>\n<p>Supermicro SuperServer 7048R-C1R &#8211; 4U \/ Tower &#8211; 16x SATA \/ SAS &#8211; LSI 3108 12G SAS &#8211; \u00c7ift Gigabit Ethernet &#8211; 920W Yedekli<\/p>\n","protected":false},"featured_media":3586,"template":"","meta":[],"product_brand":[338],"product_cat":[1762,1759,1836,1757],"product_tag":[1802,1803,1763,1804,1809,1806,1807,1765],"class_list":{"0":"post-9117","1":"product","2":"type-product","3":"status-publish","4":"has-post-thumbnail","6":"product_brand-supermicro-server-turkiye","7":"product_cat-mainstream-server","8":"product_cat-server","9":"product_cat-supermicro-workstation","10":"product_cat-workstation","11":"product_tag-dusuk-guc-tuketimi","12":"product_tag-giris-cihazli-sunucu","13":"product_tag-kompakt-ag-cihazi","14":"product_tag-mainstream","15":"product_tag-optimize-edilmis-veri-merkezi","16":"product_tag-uygulama-sunucusu","17":"product_tag-uygun-maliyetli-sunucu","18":"product_tag-web-hosting","20":"first","21":"instock","22":"taxable","23":"shipping-taxable","24":"product-type-external"},"yoast_head":"<!-- This site is optimized with the Yoast SEO Premium plugin v27.4 (Yoast SEO v27.4) - https:\/\/yoast.com\/product\/yoast-seo-premium-wordpress\/ -->\n<title>SuperServer 7048R-C1R Server - GTM Teknoloji<\/title>\n<meta name=\"robots\" content=\"index, follow, max-snippet:-1, max-image-preview:large, max-video-preview:-1\" \/>\n<link rel=\"canonical\" href=\"https:\/\/gtmteknoloji.com\/b2b\/magaza\/server\/mainstream-server\/superserver-7048r-c1r-server\/\" \/>\n<meta property=\"og:locale\" content=\"tr_TR\" \/>\n<meta property=\"og:type\" content=\"article\" \/>\n<meta property=\"og:title\" content=\"SuperServer 7048R-C1R Server\" \/>\n<meta property=\"og:description\" content=\"TEKL\u0130F TALEP Supermicro SuperServer 7048R-C1R - 4U \/ Tower - 16x SATA \/ SAS - LSI 3108 12G SAS - \u00c7ift Gigabit Ethernet - 920W Yedekli\" \/>\n<meta property=\"og:url\" content=\"https:\/\/gtmteknoloji.com\/b2b\/magaza\/server\/mainstream-server\/superserver-7048r-c1r-server\/\" \/>\n<meta property=\"og:site_name\" content=\"GTM Teknoloji\" \/>\n<meta property=\"article:publisher\" content=\"https:\/\/www.facebook.com\/SupermicroTurkiye\/?locale=tr_TR\" \/>\n<meta property=\"article:modified_time\" content=\"2025-04-14T01:25:46+00:00\" \/>\n<meta property=\"og:image\" content=\"https:\/\/gtmteknoloji.com\/b2b\/wp-content\/uploads\/2020\/02\/7048R-C1R.png\" \/>\n\t<meta property=\"og:image:width\" content=\"1080\" \/>\n\t<meta property=\"og:image:height\" content=\"1080\" \/>\n\t<meta property=\"og:image:type\" content=\"image\/png\" \/>\n<meta name=\"twitter:card\" content=\"summary_large_image\" \/>\n<meta name=\"twitter:site\" content=\"@gtmteknoloji\" \/>\n<meta name=\"twitter:label1\" content=\"Fiyat\" \/>\n\t<meta name=\"twitter:data1\" content=\"\" \/>\n\t<meta name=\"twitter:label2\" content=\"Durumu\" \/>\n\t<meta name=\"twitter:data2\" content=\"Stokta var\" \/>\n<script type=\"application\/ld+json\" class=\"yoast-schema-graph\">{\"@context\":\"https:\\\/\\\/schema.org\",\"@graph\":[{\"@type\":\"WebPage\",\"@id\":\"https:\\\/\\\/gtmteknoloji.com\\\/b2b\\\/magaza\\\/server\\\/mainstream-server\\\/superserver-7048r-c1r-server\\\/\",\"url\":\"https:\\\/\\\/gtmteknoloji.com\\\/b2b\\\/magaza\\\/server\\\/mainstream-server\\\/superserver-7048r-c1r-server\\\/\",\"name\":\"SuperServer 7048R-C1R Server - GTM Teknoloji\",\"isPartOf\":{\"@id\":\"https:\\\/\\\/gtmteknoloji.com\\\/b2b\\\/#website\"},\"primaryImageOfPage\":{\"@id\":\"https:\\\/\\\/gtmteknoloji.com\\\/b2b\\\/magaza\\\/server\\\/mainstream-server\\\/superserver-7048r-c1r-server\\\/#primaryimage\"},\"image\":{\"@id\":\"https:\\\/\\\/gtmteknoloji.com\\\/b2b\\\/magaza\\\/server\\\/mainstream-server\\\/superserver-7048r-c1r-server\\\/#primaryimage\"},\"thumbnailUrl\":\"https:\\\/\\\/gtmteknoloji.com\\\/b2b\\\/wp-content\\\/uploads\\\/2020\\\/02\\\/7048R-C1R.png\",\"datePublished\":\"2025-04-14T01:25:43+00:00\",\"dateModified\":\"2025-04-14T01:25:46+00:00\",\"breadcrumb\":{\"@id\":\"https:\\\/\\\/gtmteknoloji.com\\\/b2b\\\/magaza\\\/server\\\/mainstream-server\\\/superserver-7048r-c1r-server\\\/#breadcrumb\"},\"inLanguage\":\"tr\",\"potentialAction\":[{\"@type\":\"ReadAction\",\"target\":[\"https:\\\/\\\/gtmteknoloji.com\\\/b2b\\\/magaza\\\/server\\\/mainstream-server\\\/superserver-7048r-c1r-server\\\/\"]}]},{\"@type\":\"ImageObject\",\"inLanguage\":\"tr\",\"@id\":\"https:\\\/\\\/gtmteknoloji.com\\\/b2b\\\/magaza\\\/server\\\/mainstream-server\\\/superserver-7048r-c1r-server\\\/#primaryimage\",\"url\":\"https:\\\/\\\/gtmteknoloji.com\\\/b2b\\\/wp-content\\\/uploads\\\/2020\\\/02\\\/7048R-C1R.png\",\"contentUrl\":\"https:\\\/\\\/gtmteknoloji.com\\\/b2b\\\/wp-content\\\/uploads\\\/2020\\\/02\\\/7048R-C1R.png\",\"width\":1080,\"height\":1080},{\"@type\":\"BreadcrumbList\",\"@id\":\"https:\\\/\\\/gtmteknoloji.com\\\/b2b\\\/magaza\\\/server\\\/mainstream-server\\\/superserver-7048r-c1r-server\\\/#breadcrumb\",\"itemListElement\":[{\"@type\":\"ListItem\",\"position\":1,\"name\":\"Home\",\"item\":\"https:\\\/\\\/gtmteknoloji.com\\\/b2b\\\/\"},{\"@type\":\"ListItem\",\"position\":2,\"name\":\"Ma\u011faza\",\"item\":\"https:\\\/\\\/gtmteknoloji.com\\\/b2b\\\/magaza\\\/\"},{\"@type\":\"ListItem\",\"position\":3,\"name\":\"SuperServer 7048R-C1R Server\"}]},{\"@type\":\"WebSite\",\"@id\":\"https:\\\/\\\/gtmteknoloji.com\\\/b2b\\\/#website\",\"url\":\"https:\\\/\\\/gtmteknoloji.com\\\/b2b\\\/\",\"name\":\"GTM Teknoloji\",\"description\":\"B2B Sat\u0131\u015f Portal\u0131\",\"publisher\":{\"@id\":\"https:\\\/\\\/gtmteknoloji.com\\\/b2b\\\/#organization\"},\"potentialAction\":[{\"@type\":\"SearchAction\",\"target\":{\"@type\":\"EntryPoint\",\"urlTemplate\":\"https:\\\/\\\/gtmteknoloji.com\\\/b2b\\\/?s={search_term_string}\"},\"query-input\":{\"@type\":\"PropertyValueSpecification\",\"valueRequired\":true,\"valueName\":\"search_term_string\"}}],\"inLanguage\":\"tr\"},{\"@type\":\"Organization\",\"@id\":\"https:\\\/\\\/gtmteknoloji.com\\\/b2b\\\/#organization\",\"name\":\"GTM Teknoloji\",\"url\":\"https:\\\/\\\/gtmteknoloji.com\\\/b2b\\\/\",\"logo\":{\"@type\":\"ImageObject\",\"inLanguage\":\"tr\",\"@id\":\"https:\\\/\\\/gtmteknoloji.com\\\/b2b\\\/#\\\/schema\\\/logo\\\/image\\\/\",\"url\":\"https:\\\/\\\/gtmteknoloji.com\\\/b2b\\\/wp-content\\\/uploads\\\/2020\\\/12\\\/GTM-logo.png\",\"contentUrl\":\"https:\\\/\\\/gtmteknoloji.com\\\/b2b\\\/wp-content\\\/uploads\\\/2020\\\/12\\\/GTM-logo.png\",\"width\":400,\"height\":400,\"caption\":\"GTM Teknoloji\"},\"image\":{\"@id\":\"https:\\\/\\\/gtmteknoloji.com\\\/b2b\\\/#\\\/schema\\\/logo\\\/image\\\/\"},\"sameAs\":[\"https:\\\/\\\/www.facebook.com\\\/SupermicroTurkiye\\\/?locale=tr_TR\",\"https:\\\/\\\/x.com\\\/gtmteknoloji\"]}]}<\/script>\n<meta property=\"product:brand\" content=\"Supermicro\" \/>\n<meta property=\"product:price:currency\" content=\"USD\" \/>\n<meta property=\"og:availability\" content=\"instock\" \/>\n<meta property=\"product:availability\" content=\"instock\" \/>\n<meta property=\"product:retailer_item_id\" content=\"SYS-7048R-004\" \/>\n<meta property=\"product:condition\" content=\"new\" \/>\n<!-- \/ Yoast SEO Premium plugin. -->","yoast_head_json":{"title":"SuperServer 7048R-C1R Server - GTM Teknoloji","robots":{"index":"index","follow":"follow","max-snippet":"max-snippet:-1","max-image-preview":"max-image-preview:large","max-video-preview":"max-video-preview:-1"},"canonical":"https:\/\/gtmteknoloji.com\/b2b\/magaza\/server\/mainstream-server\/superserver-7048r-c1r-server\/","og_locale":"tr_TR","og_type":"article","og_title":"SuperServer 7048R-C1R Server","og_description":"TEKL\u0130F TALEP Supermicro SuperServer 7048R-C1R - 4U \/ Tower - 16x SATA \/ SAS - LSI 3108 12G SAS - \u00c7ift Gigabit Ethernet - 920W Yedekli","og_url":"https:\/\/gtmteknoloji.com\/b2b\/magaza\/server\/mainstream-server\/superserver-7048r-c1r-server\/","og_site_name":"GTM Teknoloji","article_publisher":"https:\/\/www.facebook.com\/SupermicroTurkiye\/?locale=tr_TR","article_modified_time":"2025-04-14T01:25:46+00:00","og_image":[{"width":1080,"height":1080,"url":"https:\/\/gtmteknoloji.com\/b2b\/wp-content\/uploads\/2020\/02\/7048R-C1R.png","type":"image\/png"}],"twitter_card":"summary_large_image","twitter_site":"@gtmteknoloji","twitter_misc":{"Fiyat":"","Durumu":"Stokta var"},"schema":{"@context":"https:\/\/schema.org","@graph":[{"@type":"WebPage","@id":"https:\/\/gtmteknoloji.com\/b2b\/magaza\/server\/mainstream-server\/superserver-7048r-c1r-server\/","url":"https:\/\/gtmteknoloji.com\/b2b\/magaza\/server\/mainstream-server\/superserver-7048r-c1r-server\/","name":"SuperServer 7048R-C1R Server - GTM Teknoloji","isPartOf":{"@id":"https:\/\/gtmteknoloji.com\/b2b\/#website"},"primaryImageOfPage":{"@id":"https:\/\/gtmteknoloji.com\/b2b\/magaza\/server\/mainstream-server\/superserver-7048r-c1r-server\/#primaryimage"},"image":{"@id":"https:\/\/gtmteknoloji.com\/b2b\/magaza\/server\/mainstream-server\/superserver-7048r-c1r-server\/#primaryimage"},"thumbnailUrl":"https:\/\/gtmteknoloji.com\/b2b\/wp-content\/uploads\/2020\/02\/7048R-C1R.png","datePublished":"2025-04-14T01:25:43+00:00","dateModified":"2025-04-14T01:25:46+00:00","breadcrumb":{"@id":"https:\/\/gtmteknoloji.com\/b2b\/magaza\/server\/mainstream-server\/superserver-7048r-c1r-server\/#breadcrumb"},"inLanguage":"tr","potentialAction":[{"@type":"ReadAction","target":["https:\/\/gtmteknoloji.com\/b2b\/magaza\/server\/mainstream-server\/superserver-7048r-c1r-server\/"]}]},{"@type":"ImageObject","inLanguage":"tr","@id":"https:\/\/gtmteknoloji.com\/b2b\/magaza\/server\/mainstream-server\/superserver-7048r-c1r-server\/#primaryimage","url":"https:\/\/gtmteknoloji.com\/b2b\/wp-content\/uploads\/2020\/02\/7048R-C1R.png","contentUrl":"https:\/\/gtmteknoloji.com\/b2b\/wp-content\/uploads\/2020\/02\/7048R-C1R.png","width":1080,"height":1080},{"@type":"BreadcrumbList","@id":"https:\/\/gtmteknoloji.com\/b2b\/magaza\/server\/mainstream-server\/superserver-7048r-c1r-server\/#breadcrumb","itemListElement":[{"@type":"ListItem","position":1,"name":"Home","item":"https:\/\/gtmteknoloji.com\/b2b\/"},{"@type":"ListItem","position":2,"name":"Ma\u011faza","item":"https:\/\/gtmteknoloji.com\/b2b\/magaza\/"},{"@type":"ListItem","position":3,"name":"SuperServer 7048R-C1R Server"}]},{"@type":"WebSite","@id":"https:\/\/gtmteknoloji.com\/b2b\/#website","url":"https:\/\/gtmteknoloji.com\/b2b\/","name":"GTM Teknoloji","description":"B2B Sat\u0131\u015f Portal\u0131","publisher":{"@id":"https:\/\/gtmteknoloji.com\/b2b\/#organization"},"potentialAction":[{"@type":"SearchAction","target":{"@type":"EntryPoint","urlTemplate":"https:\/\/gtmteknoloji.com\/b2b\/?s={search_term_string}"},"query-input":{"@type":"PropertyValueSpecification","valueRequired":true,"valueName":"search_term_string"}}],"inLanguage":"tr"},{"@type":"Organization","@id":"https:\/\/gtmteknoloji.com\/b2b\/#organization","name":"GTM Teknoloji","url":"https:\/\/gtmteknoloji.com\/b2b\/","logo":{"@type":"ImageObject","inLanguage":"tr","@id":"https:\/\/gtmteknoloji.com\/b2b\/#\/schema\/logo\/image\/","url":"https:\/\/gtmteknoloji.com\/b2b\/wp-content\/uploads\/2020\/12\/GTM-logo.png","contentUrl":"https:\/\/gtmteknoloji.com\/b2b\/wp-content\/uploads\/2020\/12\/GTM-logo.png","width":400,"height":400,"caption":"GTM Teknoloji"},"image":{"@id":"https:\/\/gtmteknoloji.com\/b2b\/#\/schema\/logo\/image\/"},"sameAs":["https:\/\/www.facebook.com\/SupermicroTurkiye\/?locale=tr_TR","https:\/\/x.com\/gtmteknoloji"]}]},"product_brand":"Supermicro","product_price_currency":"USD","og_availability":"instock","product_availability":"instock","product_retailer_item_id":"SYS-7048R-004","product_condition":"new"},"_links":{"self":[{"href":"https:\/\/gtmteknoloji.com\/b2b\/wp-json\/wp\/v2\/product\/9117","targetHints":{"allow":["GET"]}}],"collection":[{"href":"https:\/\/gtmteknoloji.com\/b2b\/wp-json\/wp\/v2\/product"}],"about":[{"href":"https:\/\/gtmteknoloji.com\/b2b\/wp-json\/wp\/v2\/types\/product"}],"version-history":[{"count":1,"href":"https:\/\/gtmteknoloji.com\/b2b\/wp-json\/wp\/v2\/product\/9117\/revisions"}],"predecessor-version":[{"id":9147,"href":"https:\/\/gtmteknoloji.com\/b2b\/wp-json\/wp\/v2\/product\/9117\/revisions\/9147"}],"wp:featuredmedia":[{"embeddable":true,"href":"https:\/\/gtmteknoloji.com\/b2b\/wp-json\/wp\/v2\/media\/3586"}],"wp:attachment":[{"href":"https:\/\/gtmteknoloji.com\/b2b\/wp-json\/wp\/v2\/media?parent=9117"}],"wp:term":[{"taxonomy":"product_brand","embeddable":true,"href":"https:\/\/gtmteknoloji.com\/b2b\/wp-json\/wp\/v2\/product_brand?post=9117"},{"taxonomy":"product_cat","embeddable":true,"href":"https:\/\/gtmteknoloji.com\/b2b\/wp-json\/wp\/v2\/product_cat?post=9117"},{"taxonomy":"product_tag","embeddable":true,"href":"https:\/\/gtmteknoloji.com\/b2b\/wp-json\/wp\/v2\/product_tag?post=9117"}],"curies":[{"name":"wp","href":"https:\/\/api.w.org\/{rel}","templated":true}]}}