{"id":9148,"date":"2025-04-14T04:25:47","date_gmt":"2025-04-14T01:25:47","guid":{"rendered":"https:\/\/gtmteknoloji.com\/b2b\/?post_type=product&#038;p=9148"},"modified":"2025-04-14T04:25:49","modified_gmt":"2025-04-14T01:25:49","slug":"superserver-1029p-wtrt-server","status":"publish","type":"product","link":"https:\/\/gtmteknoloji.com\/b2b\/magaza\/server\/wio-server\/superserver-1029p-wtrt-server\/","title":{"rendered":"SuperServer 1029P-WTRT Server"},"content":{"rendered":"<table class=\"table_5_10 table_compare\">\n<tbody>\n<tr class=\"details\">\n<td class=\"label\">\u00dcr\u00fcn<\/td>\n<td>Supermicro SuperServer 1029P-WTRT &#8211; 1U &#8211; 10x SATA &#8211; \u00c7ift 10 Gigabit Ethernet &#8211; 12x DDR4 &#8211; 750W Yedekli<\/td>\n<\/tr>\n<tr class=\"details\">\n<td class=\"label\"><\/td>\n<td><\/td>\n<\/tr>\n<tr class=\"details\">\n<td class=\"label\"><\/td>\n<td><\/td>\n<\/tr>\n<tr class=\"details\">\n<td class=\"label\">\u00dcretici firma<\/td>\n<td>Supermicro<\/td>\n<\/tr>\n<tr class=\"details\">\n<td class=\"label\">Par\u00e7a Numaras\u0131<\/td>\n<td>SYS-1029P-WTRT<\/td>\n<\/tr>\n<tr class=\"category\">\n<td colspan=\"2\">Ana \u00d6zellikler<\/td>\n<\/tr>\n<tr class=\"details\">\n<td class=\"label\">Dizi<\/td>\n<td>SuperServer<\/td>\n<\/tr>\n<tr class=\"details\">\n<td class=\"label\">Desteklenen \u0130\u015flemci<\/td>\n<td>Intel Xeon \u00d6l\u00e7eklenebilir \u0130\u015flemciler<\/td>\n<\/tr>\n<tr class=\"details\">\n<td class=\"label\">Sistem Veri Yolu<\/td>\n<td>10.4 GT \/ s&#8217;ye kadar UPI<\/td>\n<\/tr>\n<tr class=\"details\">\n<td class=\"label\">Bellek Teknolojisi<\/td>\n<td>DDR4 ECC Kayd\u0131<\/td>\n<\/tr>\n<tr class=\"details\">\n<td class=\"label\">Yonga seti<\/td>\n<td>Intel C622<\/td>\n<\/tr>\n<tr class=\"details\">\n<td class=\"label\">Form fakt\u00f6r\u00fc<\/td>\n<td>1U<\/td>\n<\/tr>\n<tr class=\"details\">\n<td class=\"label\">Renk<\/td>\n<td>Siyah<\/td>\n<\/tr>\n<tr class=\"category\">\n<td colspan=\"2\">Detayl\u0131 \u00d6zellikler<\/td>\n<\/tr>\n<tr class=\"details\">\n<td class=\"label\">Bellek Yuvalar\u0131<\/td>\n<td>12&#215;288 pimli DIMM Soketleri<\/td>\n<\/tr>\n<tr class=\"details\">\n<td class=\"label\">Maksimum Bellek Deste\u011fi<\/td>\n<td>1.5 TB&#8217;a kadar ECC 3DS LRDIMM, 768GB ECC RDIMM, 2666MHz&#8217;e kadar DDR4<\/td>\n<\/tr>\n<tr class=\"details\">\n<td class=\"label\">Grafik<\/td>\n<td>ASPEED AST2500 BMC<\/td>\n<\/tr>\n<tr class=\"details\">\n<td class=\"label\">Ethernet<\/td>\n<td>C622&#8217;den 10Gbase-T ile \u00e7ift LAN<\/td>\n<\/tr>\n<tr class=\"details\">\n<td class=\"label\">Seri ata<\/td>\n<td>14 SATA3 (6 Gbps) ba\u011flant\u0131 noktas\u0131 i\u00e7in Intel\u00ae C622 denetleyici;\u00a0RAID 0,1,5,10<\/td>\n<\/tr>\n<tr class=\"details\">\n<td class=\"label\">G\u00fc\u00e7<\/td>\n<td>PMBus ile 700W \/ 750W Yedek G\u00fc\u00e7 Kaynaklar\u0131<\/td>\n<\/tr>\n<tr class=\"details\">\n<td class=\"label\">Harici Yuvalar<\/td>\n<td>8 SATA3 (6Gbps) ba\u011flant\u0131 noktas\u0131 ve 2 NVMe \/ SATA3 karma ba\u011flant\u0131 noktas\u0131 (yerle\u015fik depolama denetleyicisine ba\u011fl\u0131)<\/td>\n<\/tr>\n<tr class=\"details\">\n<td class=\"label\">M.2<\/td>\n<td>1x M.2 NGFF konnekt\u00f6rleri<br \/>\nAray\u00fcz: PCIe 3.0 x4<br \/>\nForm Fakt\u00f6r\u00fc: M-Key 2260, 2280, 22110<\/td>\n<\/tr>\n<tr class=\"details\">\n<td class=\"label\">Geni\u015fleme yuvalar\u0131<\/td>\n<td>2 PCI-E 3.0 x16 (FHHL) yuva<br \/>\n1 PCI-E 3.0 x8 (LP) yuva<br \/>\n1 Eklenti Mod\u00fcl\u00fc (AOM) i\u00e7in PCI-E 3.0 x16<\/td>\n<\/tr>\n<tr class=\"details\">\n<td class=\"label\">y\u00f6netim<\/td>\n<td>Ak\u0131ll\u0131 Platform Y\u00f6netim Arabirimi v.2.0 Deste\u011fi<\/td>\n<\/tr>\n<tr class=\"details\">\n<td class=\"label\">\u00d6n panel<\/td>\n<td>G\u00fc\u00e7 A\u00e7ma \/ Kapama d\u00fc\u011fmesi<br \/>\nUID d\u00fc\u011fmesi<br \/>\nG\u00fc\u00e7 durumu LED&#8217;i<br \/>\nHDD etkinlik LED&#8217;i<br \/>\nA\u011f etkinlik LED&#8217;leri<br \/>\nEvrensel Bilgi (UID) LED&#8217;i<\/td>\n<\/tr>\n<tr class=\"details\">\n<td class=\"label\">BIOS<\/td>\n<td>AMI 32Mb SPI Flash ROM<\/td>\n<\/tr>\n<tr class=\"details\">\n<td class=\"label\">So\u011futma<\/td>\n<td>4 adet kar\u015f\u0131 d\u00f6nen 4cm PWM fan, AOC so\u011futma i\u00e7in 2 fan<\/td>\n<\/tr>\n<tr class=\"details\">\n<td class=\"label\">Boyutlar (GxYxD)<\/td>\n<td>437 mm (17,2 &#8220;) 437 mm (1,7 in\u00e7) x 23,5 in\u00e7 (597 mm)<\/td>\n<\/tr>\n<tr class=\"details\">\n<td class=\"label\">Br\u00fct a\u011f\u0131rl\u0131k<\/td>\n<td>20,9 kg (46 lbs)<\/td>\n<\/tr>\n<tr class=\"details\">\n<td class=\"label\">USB Ba\u011flant\u0131 Noktalar\u0131<\/td>\n<td>6 USB 3.0 ba\u011flant\u0131 noktas\u0131 (4 arka, 2 \u00f6n ba\u015fl\u0131k ile)<\/td>\n<\/tr>\n<tr class=\"details\">\n<td class=\"label\">Seri ba\u011flant\u0131 giri\u015fleri<\/td>\n<td>1 H\u0131zl\u0131 UART 16550 ba\u015fl\u0131\u011f\u0131<\/td>\n<\/tr>\n<tr class=\"details\">\n<td class=\"label\">LAN Ba\u011flant\u0131 Noktalar\u0131<\/td>\n<td>2x RJ45 10GBase-T ba\u011flant\u0131 noktas\u0131<br \/>\n1x RJ45 \u00d6zel IPMI LAN ba\u011flant\u0131 noktas\u0131<\/td>\n<\/tr>\n<tr class=\"details\">\n<td class=\"label\">SATA DOM<\/td>\n<td>2 SuperDOM (Diskteki Mod\u00fcl) ba\u011flant\u0131 noktas\u0131<\/td>\n<\/tr>\n<tr class=\"details\">\n<td class=\"label\">T\u00fcmle\u015fik Grafik<\/td>\n<td>Evet<\/td>\n<\/tr>\n<tr class=\"details\">\n<td class=\"label\">VGA Ba\u011flant\u0131 Noktalar\u0131<\/td>\n<td>1<\/td>\n<\/tr>\n<tr class=\"details\">\n<td class=\"label\">G\u00fcvenilir Platform Mod\u00fcl\u00fc<\/td>\n<td>1x TPM Ba\u015fl\u0131\u011f\u0131<\/td>\n<\/tr>\n<\/tbody>\n<\/table>\n","protected":false},"excerpt":{"rendered":"<h1 class=\"LC20lb DKV0Md\"><a href=\"https:\/\/gtmteknoloji.com\/teklif-talep\/\">TEKL\u0130F TALEP<\/a><\/h1>\n<p>Supermicro SuperServer 1029P-WTRT &#8211; 1U &#8211; 10x SATA &#8211; \u00c7ift 10 Gigabit Ethernet &#8211; 12x DDR4 &#8211; 750W Yedekli<\/p>\n","protected":false},"featured_media":3350,"template":"","meta":[],"product_brand":[338],"product_cat":[1759,1838],"product_tag":[1804,1809,1843,1811,1849,1812],"class_list":{"0":"post-9148","1":"product","2":"type-product","3":"status-publish","4":"has-post-thumbnail","6":"product_brand-supermicro-server-turkiye","7":"product_cat-server","8":"product_cat-wio-server","9":"product_tag-mainstream","10":"product_tag-optimize-edilmis-veri-merkezi","11":"product_tag-ust-duzey-kurumsal-sunucu","12":"product_tag-web-sunucusu","13":"product_tag-wio-server","14":"product_tag-yonetilebilir-sunucu","16":"first","17":"instock","18":"taxable","19":"shipping-taxable","20":"product-type-external"},"yoast_head":"<!-- This site is optimized with the Yoast SEO Premium plugin v27.4 (Yoast SEO v27.4) - https:\/\/yoast.com\/product\/yoast-seo-premium-wordpress\/ -->\n<title>SuperServer 1029P-WTRT Server - GTM Teknoloji<\/title>\n<meta name=\"robots\" content=\"index, follow, max-snippet:-1, max-image-preview:large, max-video-preview:-1\" \/>\n<link rel=\"canonical\" href=\"https:\/\/gtmteknoloji.com\/b2b\/magaza\/server\/wio-server\/superserver-1029p-wtrt-server\/\" \/>\n<meta property=\"og:locale\" content=\"tr_TR\" \/>\n<meta property=\"og:type\" content=\"article\" \/>\n<meta property=\"og:title\" content=\"SuperServer 1029P-WTRT Server\" \/>\n<meta property=\"og:description\" content=\"TEKL\u0130F TALEP Supermicro SuperServer 1029P-WTRT - 1U - 10x SATA - \u00c7ift 10 Gigabit Ethernet - 12x DDR4 - 750W Yedekli\" \/>\n<meta property=\"og:url\" content=\"https:\/\/gtmteknoloji.com\/b2b\/magaza\/server\/wio-server\/superserver-1029p-wtrt-server\/\" \/>\n<meta property=\"og:site_name\" content=\"GTM Teknoloji\" \/>\n<meta property=\"article:publisher\" content=\"https:\/\/www.facebook.com\/SupermicroTurkiye\/?locale=tr_TR\" \/>\n<meta property=\"article:modified_time\" content=\"2025-04-14T01:25:49+00:00\" \/>\n<meta property=\"og:image\" content=\"https:\/\/gtmteknoloji.com\/b2b\/wp-content\/uploads\/2020\/02\/1029P-WTRT.png\" \/>\n\t<meta property=\"og:image:width\" content=\"1080\" \/>\n\t<meta property=\"og:image:height\" content=\"1080\" \/>\n\t<meta property=\"og:image:type\" content=\"image\/png\" \/>\n<meta name=\"twitter:card\" content=\"summary_large_image\" \/>\n<meta name=\"twitter:site\" content=\"@gtmteknoloji\" \/>\n<meta name=\"twitter:label1\" content=\"Fiyat\" \/>\n\t<meta name=\"twitter:data1\" content=\"\" \/>\n\t<meta name=\"twitter:label2\" content=\"Durumu\" \/>\n\t<meta name=\"twitter:data2\" content=\"Stokta var\" \/>\n<script type=\"application\/ld+json\" class=\"yoast-schema-graph\">{\"@context\":\"https:\\\/\\\/schema.org\",\"@graph\":[{\"@type\":\"WebPage\",\"@id\":\"https:\\\/\\\/gtmteknoloji.com\\\/b2b\\\/magaza\\\/server\\\/wio-server\\\/superserver-1029p-wtrt-server\\\/\",\"url\":\"https:\\\/\\\/gtmteknoloji.com\\\/b2b\\\/magaza\\\/server\\\/wio-server\\\/superserver-1029p-wtrt-server\\\/\",\"name\":\"SuperServer 1029P-WTRT Server - GTM Teknoloji\",\"isPartOf\":{\"@id\":\"https:\\\/\\\/gtmteknoloji.com\\\/b2b\\\/#website\"},\"primaryImageOfPage\":{\"@id\":\"https:\\\/\\\/gtmteknoloji.com\\\/b2b\\\/magaza\\\/server\\\/wio-server\\\/superserver-1029p-wtrt-server\\\/#primaryimage\"},\"image\":{\"@id\":\"https:\\\/\\\/gtmteknoloji.com\\\/b2b\\\/magaza\\\/server\\\/wio-server\\\/superserver-1029p-wtrt-server\\\/#primaryimage\"},\"thumbnailUrl\":\"https:\\\/\\\/gtmteknoloji.com\\\/b2b\\\/wp-content\\\/uploads\\\/2020\\\/02\\\/1029P-WTRT.png\",\"datePublished\":\"2025-04-14T01:25:47+00:00\",\"dateModified\":\"2025-04-14T01:25:49+00:00\",\"breadcrumb\":{\"@id\":\"https:\\\/\\\/gtmteknoloji.com\\\/b2b\\\/magaza\\\/server\\\/wio-server\\\/superserver-1029p-wtrt-server\\\/#breadcrumb\"},\"inLanguage\":\"tr\",\"potentialAction\":[{\"@type\":\"ReadAction\",\"target\":[\"https:\\\/\\\/gtmteknoloji.com\\\/b2b\\\/magaza\\\/server\\\/wio-server\\\/superserver-1029p-wtrt-server\\\/\"]}]},{\"@type\":\"ImageObject\",\"inLanguage\":\"tr\",\"@id\":\"https:\\\/\\\/gtmteknoloji.com\\\/b2b\\\/magaza\\\/server\\\/wio-server\\\/superserver-1029p-wtrt-server\\\/#primaryimage\",\"url\":\"https:\\\/\\\/gtmteknoloji.com\\\/b2b\\\/wp-content\\\/uploads\\\/2020\\\/02\\\/1029P-WTRT.png\",\"contentUrl\":\"https:\\\/\\\/gtmteknoloji.com\\\/b2b\\\/wp-content\\\/uploads\\\/2020\\\/02\\\/1029P-WTRT.png\",\"width\":1080,\"height\":1080},{\"@type\":\"BreadcrumbList\",\"@id\":\"https:\\\/\\\/gtmteknoloji.com\\\/b2b\\\/magaza\\\/server\\\/wio-server\\\/superserver-1029p-wtrt-server\\\/#breadcrumb\",\"itemListElement\":[{\"@type\":\"ListItem\",\"position\":1,\"name\":\"Home\",\"item\":\"https:\\\/\\\/gtmteknoloji.com\\\/b2b\\\/\"},{\"@type\":\"ListItem\",\"position\":2,\"name\":\"Ma\u011faza\",\"item\":\"https:\\\/\\\/gtmteknoloji.com\\\/b2b\\\/magaza\\\/\"},{\"@type\":\"ListItem\",\"position\":3,\"name\":\"SuperServer 1029P-WTRT Server\"}]},{\"@type\":\"WebSite\",\"@id\":\"https:\\\/\\\/gtmteknoloji.com\\\/b2b\\\/#website\",\"url\":\"https:\\\/\\\/gtmteknoloji.com\\\/b2b\\\/\",\"name\":\"GTM Teknoloji\",\"description\":\"B2B Sat\u0131\u015f Portal\u0131\",\"publisher\":{\"@id\":\"https:\\\/\\\/gtmteknoloji.com\\\/b2b\\\/#organization\"},\"potentialAction\":[{\"@type\":\"SearchAction\",\"target\":{\"@type\":\"EntryPoint\",\"urlTemplate\":\"https:\\\/\\\/gtmteknoloji.com\\\/b2b\\\/?s={search_term_string}\"},\"query-input\":{\"@type\":\"PropertyValueSpecification\",\"valueRequired\":true,\"valueName\":\"search_term_string\"}}],\"inLanguage\":\"tr\"},{\"@type\":\"Organization\",\"@id\":\"https:\\\/\\\/gtmteknoloji.com\\\/b2b\\\/#organization\",\"name\":\"GTM Teknoloji\",\"url\":\"https:\\\/\\\/gtmteknoloji.com\\\/b2b\\\/\",\"logo\":{\"@type\":\"ImageObject\",\"inLanguage\":\"tr\",\"@id\":\"https:\\\/\\\/gtmteknoloji.com\\\/b2b\\\/#\\\/schema\\\/logo\\\/image\\\/\",\"url\":\"https:\\\/\\\/gtmteknoloji.com\\\/b2b\\\/wp-content\\\/uploads\\\/2020\\\/12\\\/GTM-logo.png\",\"contentUrl\":\"https:\\\/\\\/gtmteknoloji.com\\\/b2b\\\/wp-content\\\/uploads\\\/2020\\\/12\\\/GTM-logo.png\",\"width\":400,\"height\":400,\"caption\":\"GTM Teknoloji\"},\"image\":{\"@id\":\"https:\\\/\\\/gtmteknoloji.com\\\/b2b\\\/#\\\/schema\\\/logo\\\/image\\\/\"},\"sameAs\":[\"https:\\\/\\\/www.facebook.com\\\/SupermicroTurkiye\\\/?locale=tr_TR\",\"https:\\\/\\\/x.com\\\/gtmteknoloji\"]}]}<\/script>\n<meta property=\"product:brand\" content=\"Supermicro\" \/>\n<meta property=\"product:price:currency\" content=\"USD\" \/>\n<meta property=\"og:availability\" content=\"instock\" \/>\n<meta property=\"product:availability\" content=\"instock\" \/>\n<meta property=\"product:retailer_item_id\" content=\"SYS-1029P-001\" \/>\n<meta property=\"product:condition\" content=\"new\" \/>\n<!-- \/ Yoast SEO Premium plugin. -->","yoast_head_json":{"title":"SuperServer 1029P-WTRT Server - GTM Teknoloji","robots":{"index":"index","follow":"follow","max-snippet":"max-snippet:-1","max-image-preview":"max-image-preview:large","max-video-preview":"max-video-preview:-1"},"canonical":"https:\/\/gtmteknoloji.com\/b2b\/magaza\/server\/wio-server\/superserver-1029p-wtrt-server\/","og_locale":"tr_TR","og_type":"article","og_title":"SuperServer 1029P-WTRT Server","og_description":"TEKL\u0130F TALEP Supermicro SuperServer 1029P-WTRT - 1U - 10x SATA - \u00c7ift 10 Gigabit Ethernet - 12x DDR4 - 750W Yedekli","og_url":"https:\/\/gtmteknoloji.com\/b2b\/magaza\/server\/wio-server\/superserver-1029p-wtrt-server\/","og_site_name":"GTM Teknoloji","article_publisher":"https:\/\/www.facebook.com\/SupermicroTurkiye\/?locale=tr_TR","article_modified_time":"2025-04-14T01:25:49+00:00","og_image":[{"width":1080,"height":1080,"url":"https:\/\/gtmteknoloji.com\/b2b\/wp-content\/uploads\/2020\/02\/1029P-WTRT.png","type":"image\/png"}],"twitter_card":"summary_large_image","twitter_site":"@gtmteknoloji","twitter_misc":{"Fiyat":"","Durumu":"Stokta var"},"schema":{"@context":"https:\/\/schema.org","@graph":[{"@type":"WebPage","@id":"https:\/\/gtmteknoloji.com\/b2b\/magaza\/server\/wio-server\/superserver-1029p-wtrt-server\/","url":"https:\/\/gtmteknoloji.com\/b2b\/magaza\/server\/wio-server\/superserver-1029p-wtrt-server\/","name":"SuperServer 1029P-WTRT Server - GTM Teknoloji","isPartOf":{"@id":"https:\/\/gtmteknoloji.com\/b2b\/#website"},"primaryImageOfPage":{"@id":"https:\/\/gtmteknoloji.com\/b2b\/magaza\/server\/wio-server\/superserver-1029p-wtrt-server\/#primaryimage"},"image":{"@id":"https:\/\/gtmteknoloji.com\/b2b\/magaza\/server\/wio-server\/superserver-1029p-wtrt-server\/#primaryimage"},"thumbnailUrl":"https:\/\/gtmteknoloji.com\/b2b\/wp-content\/uploads\/2020\/02\/1029P-WTRT.png","datePublished":"2025-04-14T01:25:47+00:00","dateModified":"2025-04-14T01:25:49+00:00","breadcrumb":{"@id":"https:\/\/gtmteknoloji.com\/b2b\/magaza\/server\/wio-server\/superserver-1029p-wtrt-server\/#breadcrumb"},"inLanguage":"tr","potentialAction":[{"@type":"ReadAction","target":["https:\/\/gtmteknoloji.com\/b2b\/magaza\/server\/wio-server\/superserver-1029p-wtrt-server\/"]}]},{"@type":"ImageObject","inLanguage":"tr","@id":"https:\/\/gtmteknoloji.com\/b2b\/magaza\/server\/wio-server\/superserver-1029p-wtrt-server\/#primaryimage","url":"https:\/\/gtmteknoloji.com\/b2b\/wp-content\/uploads\/2020\/02\/1029P-WTRT.png","contentUrl":"https:\/\/gtmteknoloji.com\/b2b\/wp-content\/uploads\/2020\/02\/1029P-WTRT.png","width":1080,"height":1080},{"@type":"BreadcrumbList","@id":"https:\/\/gtmteknoloji.com\/b2b\/magaza\/server\/wio-server\/superserver-1029p-wtrt-server\/#breadcrumb","itemListElement":[{"@type":"ListItem","position":1,"name":"Home","item":"https:\/\/gtmteknoloji.com\/b2b\/"},{"@type":"ListItem","position":2,"name":"Ma\u011faza","item":"https:\/\/gtmteknoloji.com\/b2b\/magaza\/"},{"@type":"ListItem","position":3,"name":"SuperServer 1029P-WTRT Server"}]},{"@type":"WebSite","@id":"https:\/\/gtmteknoloji.com\/b2b\/#website","url":"https:\/\/gtmteknoloji.com\/b2b\/","name":"GTM Teknoloji","description":"B2B Sat\u0131\u015f Portal\u0131","publisher":{"@id":"https:\/\/gtmteknoloji.com\/b2b\/#organization"},"potentialAction":[{"@type":"SearchAction","target":{"@type":"EntryPoint","urlTemplate":"https:\/\/gtmteknoloji.com\/b2b\/?s={search_term_string}"},"query-input":{"@type":"PropertyValueSpecification","valueRequired":true,"valueName":"search_term_string"}}],"inLanguage":"tr"},{"@type":"Organization","@id":"https:\/\/gtmteknoloji.com\/b2b\/#organization","name":"GTM Teknoloji","url":"https:\/\/gtmteknoloji.com\/b2b\/","logo":{"@type":"ImageObject","inLanguage":"tr","@id":"https:\/\/gtmteknoloji.com\/b2b\/#\/schema\/logo\/image\/","url":"https:\/\/gtmteknoloji.com\/b2b\/wp-content\/uploads\/2020\/12\/GTM-logo.png","contentUrl":"https:\/\/gtmteknoloji.com\/b2b\/wp-content\/uploads\/2020\/12\/GTM-logo.png","width":400,"height":400,"caption":"GTM Teknoloji"},"image":{"@id":"https:\/\/gtmteknoloji.com\/b2b\/#\/schema\/logo\/image\/"},"sameAs":["https:\/\/www.facebook.com\/SupermicroTurkiye\/?locale=tr_TR","https:\/\/x.com\/gtmteknoloji"]}]},"product_brand":"Supermicro","product_price_currency":"USD","og_availability":"instock","product_availability":"instock","product_retailer_item_id":"SYS-1029P-001","product_condition":"new"},"_links":{"self":[{"href":"https:\/\/gtmteknoloji.com\/b2b\/wp-json\/wp\/v2\/product\/9148","targetHints":{"allow":["GET"]}}],"collection":[{"href":"https:\/\/gtmteknoloji.com\/b2b\/wp-json\/wp\/v2\/product"}],"about":[{"href":"https:\/\/gtmteknoloji.com\/b2b\/wp-json\/wp\/v2\/types\/product"}],"version-history":[{"count":1,"href":"https:\/\/gtmteknoloji.com\/b2b\/wp-json\/wp\/v2\/product\/9148\/revisions"}],"predecessor-version":[{"id":9178,"href":"https:\/\/gtmteknoloji.com\/b2b\/wp-json\/wp\/v2\/product\/9148\/revisions\/9178"}],"wp:featuredmedia":[{"embeddable":true,"href":"https:\/\/gtmteknoloji.com\/b2b\/wp-json\/wp\/v2\/media\/3350"}],"wp:attachment":[{"href":"https:\/\/gtmteknoloji.com\/b2b\/wp-json\/wp\/v2\/media?parent=9148"}],"wp:term":[{"taxonomy":"product_brand","embeddable":true,"href":"https:\/\/gtmteknoloji.com\/b2b\/wp-json\/wp\/v2\/product_brand?post=9148"},{"taxonomy":"product_cat","embeddable":true,"href":"https:\/\/gtmteknoloji.com\/b2b\/wp-json\/wp\/v2\/product_cat?post=9148"},{"taxonomy":"product_tag","embeddable":true,"href":"https:\/\/gtmteknoloji.com\/b2b\/wp-json\/wp\/v2\/product_tag?post=9148"}],"curies":[{"name":"wp","href":"https:\/\/api.w.org\/{rel}","templated":true}]}}