{"id":9210,"date":"2025-04-14T04:25:53","date_gmt":"2025-04-14T01:25:53","guid":{"rendered":"https:\/\/gtmteknoloji.com\/b2b\/?post_type=product&#038;p=9210"},"modified":"2025-04-14T04:25:56","modified_gmt":"2025-04-14T01:25:56","slug":"superserver-2028bt-htr-server","status":"publish","type":"product","link":"https:\/\/gtmteknoloji.com\/b2b\/magaza\/server\/multi-node-server\/bigtwin\/superserver-2028bt-htr-server\/","title":{"rendered":"SuperServer 2028BT-HTR+ Server"},"content":{"rendered":"<table class=\"table_5_10 table_compare\">\n<tbody>\n<tr class=\"details\">\n<td class=\"label\">\u00dcr\u00fcn<\/td>\n<td>Supermicro SuperServer 2028BT-HTR + &#8211; BigTwin &#8211; 24x SATA &#8211; 2200W Yedekli<\/td>\n<\/tr>\n<tr class=\"details\">\n<td class=\"label\"><\/td>\n<td><\/td>\n<\/tr>\n<tr class=\"details\">\n<td class=\"label\"><\/td>\n<td><\/td>\n<\/tr>\n<tr class=\"details\">\n<td class=\"label\">\u00dcretici firma<\/td>\n<td>Supermicro<\/td>\n<\/tr>\n<tr class=\"details\">\n<td class=\"label\">Par\u00e7a Numaras\u0131<\/td>\n<td>SYS-2028BT-HTR +<\/td>\n<\/tr>\n<tr class=\"category\">\n<td colspan=\"2\">Ana \u00d6zellikler<\/td>\n<\/tr>\n<tr class=\"details\">\n<td class=\"label\">Dizi<\/td>\n<td>BigTwin S\u00fcper Sunucu<\/td>\n<\/tr>\n<tr class=\"details\">\n<td class=\"label\">Desteklenen \u0130\u015flemci<\/td>\n<td>Intel Xeon \u0130\u015flemci E5-2600 v4 \/ v3 Serisi<\/td>\n<\/tr>\n<tr class=\"details\">\n<td class=\"label\">Sistem Veri Yolu<\/td>\n<td>9.6 GT \/ s QPI<\/td>\n<\/tr>\n<tr class=\"details\">\n<td class=\"label\">Bellek Teknolojisi<\/td>\n<td>DDR4 ECC Kayd\u0131<\/td>\n<\/tr>\n<tr class=\"details\">\n<td class=\"label\">Yonga seti<\/td>\n<td>Intel C612<\/td>\n<\/tr>\n<tr class=\"details\">\n<td class=\"label\">Form fakt\u00f6r\u00fc<\/td>\n<td>2U<\/td>\n<\/tr>\n<tr class=\"details\">\n<td class=\"label\">Renk<\/td>\n<td>Siyah<\/td>\n<\/tr>\n<tr class=\"details\">\n<td class=\"label\">Birimdeki d\u00fc\u011f\u00fcmler<\/td>\n<td>4<\/td>\n<\/tr>\n<tr class=\"category\">\n<td colspan=\"2\">Detayl\u0131 \u00d6zellikler<\/td>\n<\/tr>\n<tr class=\"details\">\n<td class=\"label\">Bellek Yuvalar\u0131<\/td>\n<td>24&#215;288 pimli DIMM Soketi (d\u00fc\u011f\u00fcm ba\u015f\u0131na)<\/td>\n<\/tr>\n<tr class=\"details\">\n<td class=\"label\">Grafik<\/td>\n<td>Aspeed AST2400 BMC<\/td>\n<\/tr>\n<tr class=\"details\">\n<td class=\"label\">Ethernet<\/td>\n<td>Esnek a\u011f se\u00e7enekleri i\u00e7in SIOM deste\u011fi<\/td>\n<\/tr>\n<tr class=\"details\">\n<td class=\"label\">Seri ata<\/td>\n<td>SATA3 (6Gbps);\u00a0RAID 0, 1, 5, 10<\/td>\n<\/tr>\n<tr class=\"details\">\n<td class=\"label\">G\u00fc\u00e7<\/td>\n<td>I\u00b2C ve PMbus ile 2200W Yedek Titanyum Seviyesi y\u00fcksek verimli g\u00fc\u00e7 kaynaklar\u0131<\/td>\n<\/tr>\n<tr class=\"details\">\n<td class=\"label\">Harici Yuvalar<\/td>\n<td>6x \u00c7al\u0131\u015f\u0131rken de\u011fi\u015ftirilebilir 2,5 in\u00e7 SATA s\u00fcr\u00fcc\u00fc b\u00f6lmeleri (d\u00fc\u011f\u00fcm ba\u015f\u0131na)<\/td>\n<\/tr>\n<tr class=\"details\">\n<td class=\"label\">Geni\u015fleme yuvalar\u0131<\/td>\n<td>2x PCI-E 3.0 X16 LP, 1x SIOM kart deste\u011fi (d\u00fc\u011f\u00fcm ba\u015f\u0131na)<br \/>\nNot: A\u011f Kart\u0131 ile\u00a0paketlenmelidir<\/td>\n<\/tr>\n<tr class=\"details\">\n<td class=\"label\">y\u00f6netim<\/td>\n<td>\u00d6zel LAN, SuperDoctor \u00ae 5, Bek\u00e7i k\u00f6pe\u011fi ile IPMI 2.0 + KVM<\/td>\n<\/tr>\n<tr class=\"details\">\n<td class=\"label\">So\u011futma<\/td>\n<td>Hava \u00f6rt\u00fcs\u00fc ile 4x8cm a\u011f\u0131r hizmet PWM fanlar\u0131<\/td>\n<\/tr>\n<tr class=\"details\">\n<td class=\"label\">PCI Express x16<\/td>\n<td>2 (d\u00fc\u011f\u00fcm ba\u015f\u0131na)<\/td>\n<\/tr>\n<tr class=\"details\">\n<td class=\"label\">USB Ba\u011flant\u0131 Noktalar\u0131<\/td>\n<td>Toplam 2x USB 2.0 ba\u011flant\u0131 noktas\u0131 (d\u00fc\u011f\u00fcm ba\u015f\u0131na)<\/td>\n<\/tr>\n<tr class=\"details\">\n<td class=\"label\">LAN Ba\u011flant\u0131 Noktalar\u0131<\/td>\n<td>1x RJ45 \u00d6zel IPMI LAN ba\u011flant\u0131 noktas\u0131 (d\u00fc\u011f\u00fcm ba\u015f\u0131na)<\/td>\n<\/tr>\n<tr class=\"details\">\n<td class=\"label\">SATA 6Gbps AHCI Ba\u011flant\u0131 Noktalar\u0131<\/td>\n<td>24 (d\u00fc\u011f\u00fcm ba\u015f\u0131na 6)<\/td>\n<\/tr>\n<tr class=\"details\">\n<td class=\"label\">SATA 6Gbps AHCI RAID Seviyeleri<\/td>\n<td>0,1,5,10<\/td>\n<\/tr>\n<tr class=\"details\">\n<td class=\"label\">M.2 Denetleyici<\/td>\n<td>2x \u0130ste\u011fe Ba\u011fl\u0131 M.2 NVMe \/ SATA<\/td>\n<\/tr>\n<tr class=\"details\">\n<td class=\"label\">T\u00fcmle\u015fik Grafik<\/td>\n<td>Evet<\/td>\n<\/tr>\n<tr class=\"details\">\n<td class=\"label\">VGA Ba\u011flant\u0131 Noktalar\u0131<\/td>\n<td>1 (d\u00fc\u011f\u00fcm ba\u015f\u0131na)<\/td>\n<\/tr>\n<\/tbody>\n<\/table>\n","protected":false},"excerpt":{"rendered":"<h1 class=\"LC20lb DKV0Md\"><a href=\"https:\/\/gtmteknoloji.com\/teklif-talep\/\">TEKL\u0130F TALEP<\/a><\/h1>\n<p>Supermicro SuperServer SYS-2028BT-HTR + &#8211; BigTwin &#8211; 24x SATA &#8211; 2200W Yedekli<\/p>\n","protected":false},"featured_media":3227,"template":"","meta":[],"product_brand":[338],"product_cat":[1862,1861,1759],"product_tag":[1863,1864,1868,1865,1809,1879,1843,1866,1867],"class_list":{"0":"post-9210","1":"product","2":"type-product","3":"status-publish","4":"has-post-thumbnail","6":"product_brand-supermicro-server-turkiye","7":"product_cat-bigtwin","8":"product_cat-multi-node-server","9":"product_cat-server","10":"product_tag-big-twin-server","11":"product_tag-hpc","12":"product_tag-hyperconverge-server","13":"product_tag-multi-node-server","14":"product_tag-optimize-edilmis-veri-merkezi","15":"product_tag-sys-2028bt-htr","16":"product_tag-ust-duzey-kurumsal-sunucu","17":"product_tag-yogun-bilgi-islem-uygulamasi","18":"product_tag-yuksek-olcekli-yakinsama","20":"first","21":"instock","22":"taxable","23":"shipping-taxable","24":"product-type-external"},"yoast_head":"<!-- This site is optimized with the Yoast SEO Premium plugin v27.4 (Yoast SEO v27.4) - https:\/\/yoast.com\/product\/yoast-seo-premium-wordpress\/ -->\n<title>SuperServer 2028BT-HTR+ Server - GTM Teknoloji<\/title>\n<meta name=\"robots\" content=\"index, follow, max-snippet:-1, max-image-preview:large, max-video-preview:-1\" \/>\n<link rel=\"canonical\" href=\"https:\/\/gtmteknoloji.com\/b2b\/magaza\/server\/multi-node-server\/bigtwin\/superserver-2028bt-htr-server\/\" \/>\n<meta property=\"og:locale\" content=\"tr_TR\" \/>\n<meta property=\"og:type\" content=\"article\" \/>\n<meta property=\"og:title\" content=\"SuperServer 2028BT-HTR+ Server\" \/>\n<meta property=\"og:description\" content=\"TEKL\u0130F TALEP Supermicro SuperServer SYS-2028BT-HTR + - BigTwin - 24x SATA - 2200W Yedekli\" \/>\n<meta property=\"og:url\" content=\"https:\/\/gtmteknoloji.com\/b2b\/magaza\/server\/multi-node-server\/bigtwin\/superserver-2028bt-htr-server\/\" \/>\n<meta property=\"og:site_name\" content=\"GTM Teknoloji\" \/>\n<meta property=\"article:publisher\" content=\"https:\/\/www.facebook.com\/SupermicroTurkiye\/?locale=tr_TR\" \/>\n<meta property=\"article:modified_time\" content=\"2025-04-14T01:25:56+00:00\" \/>\n<meta property=\"og:image\" content=\"https:\/\/gtmteknoloji.com\/b2b\/wp-content\/uploads\/2020\/02\/2028BT-HTR.png\" \/>\n\t<meta property=\"og:image:width\" content=\"500\" \/>\n\t<meta property=\"og:image:height\" content=\"500\" \/>\n\t<meta property=\"og:image:type\" content=\"image\/png\" \/>\n<meta name=\"twitter:card\" content=\"summary_large_image\" \/>\n<meta name=\"twitter:site\" content=\"@gtmteknoloji\" \/>\n<meta name=\"twitter:label1\" content=\"Fiyat\" \/>\n\t<meta name=\"twitter:data1\" content=\"\" \/>\n\t<meta name=\"twitter:label2\" content=\"Durumu\" \/>\n\t<meta name=\"twitter:data2\" content=\"Stokta var\" \/>\n<script type=\"application\/ld+json\" class=\"yoast-schema-graph\">{\"@context\":\"https:\\\/\\\/schema.org\",\"@graph\":[{\"@type\":\"WebPage\",\"@id\":\"https:\\\/\\\/gtmteknoloji.com\\\/b2b\\\/magaza\\\/server\\\/multi-node-server\\\/bigtwin\\\/superserver-2028bt-htr-server\\\/\",\"url\":\"https:\\\/\\\/gtmteknoloji.com\\\/b2b\\\/magaza\\\/server\\\/multi-node-server\\\/bigtwin\\\/superserver-2028bt-htr-server\\\/\",\"name\":\"SuperServer 2028BT-HTR+ Server - GTM Teknoloji\",\"isPartOf\":{\"@id\":\"https:\\\/\\\/gtmteknoloji.com\\\/b2b\\\/#website\"},\"primaryImageOfPage\":{\"@id\":\"https:\\\/\\\/gtmteknoloji.com\\\/b2b\\\/magaza\\\/server\\\/multi-node-server\\\/bigtwin\\\/superserver-2028bt-htr-server\\\/#primaryimage\"},\"image\":{\"@id\":\"https:\\\/\\\/gtmteknoloji.com\\\/b2b\\\/magaza\\\/server\\\/multi-node-server\\\/bigtwin\\\/superserver-2028bt-htr-server\\\/#primaryimage\"},\"thumbnailUrl\":\"https:\\\/\\\/gtmteknoloji.com\\\/b2b\\\/wp-content\\\/uploads\\\/2020\\\/02\\\/2028BT-HTR.png\",\"datePublished\":\"2025-04-14T01:25:53+00:00\",\"dateModified\":\"2025-04-14T01:25:56+00:00\",\"breadcrumb\":{\"@id\":\"https:\\\/\\\/gtmteknoloji.com\\\/b2b\\\/magaza\\\/server\\\/multi-node-server\\\/bigtwin\\\/superserver-2028bt-htr-server\\\/#breadcrumb\"},\"inLanguage\":\"tr\",\"potentialAction\":[{\"@type\":\"ReadAction\",\"target\":[\"https:\\\/\\\/gtmteknoloji.com\\\/b2b\\\/magaza\\\/server\\\/multi-node-server\\\/bigtwin\\\/superserver-2028bt-htr-server\\\/\"]}]},{\"@type\":\"ImageObject\",\"inLanguage\":\"tr\",\"@id\":\"https:\\\/\\\/gtmteknoloji.com\\\/b2b\\\/magaza\\\/server\\\/multi-node-server\\\/bigtwin\\\/superserver-2028bt-htr-server\\\/#primaryimage\",\"url\":\"https:\\\/\\\/gtmteknoloji.com\\\/b2b\\\/wp-content\\\/uploads\\\/2020\\\/02\\\/2028BT-HTR.png\",\"contentUrl\":\"https:\\\/\\\/gtmteknoloji.com\\\/b2b\\\/wp-content\\\/uploads\\\/2020\\\/02\\\/2028BT-HTR.png\",\"width\":500,\"height\":500},{\"@type\":\"BreadcrumbList\",\"@id\":\"https:\\\/\\\/gtmteknoloji.com\\\/b2b\\\/magaza\\\/server\\\/multi-node-server\\\/bigtwin\\\/superserver-2028bt-htr-server\\\/#breadcrumb\",\"itemListElement\":[{\"@type\":\"ListItem\",\"position\":1,\"name\":\"Home\",\"item\":\"https:\\\/\\\/gtmteknoloji.com\\\/b2b\\\/\"},{\"@type\":\"ListItem\",\"position\":2,\"name\":\"Ma\u011faza\",\"item\":\"https:\\\/\\\/gtmteknoloji.com\\\/b2b\\\/magaza\\\/\"},{\"@type\":\"ListItem\",\"position\":3,\"name\":\"SuperServer 2028BT-HTR+ Server\"}]},{\"@type\":\"WebSite\",\"@id\":\"https:\\\/\\\/gtmteknoloji.com\\\/b2b\\\/#website\",\"url\":\"https:\\\/\\\/gtmteknoloji.com\\\/b2b\\\/\",\"name\":\"GTM Teknoloji\",\"description\":\"B2B Sat\u0131\u015f Portal\u0131\",\"publisher\":{\"@id\":\"https:\\\/\\\/gtmteknoloji.com\\\/b2b\\\/#organization\"},\"potentialAction\":[{\"@type\":\"SearchAction\",\"target\":{\"@type\":\"EntryPoint\",\"urlTemplate\":\"https:\\\/\\\/gtmteknoloji.com\\\/b2b\\\/?s={search_term_string}\"},\"query-input\":{\"@type\":\"PropertyValueSpecification\",\"valueRequired\":true,\"valueName\":\"search_term_string\"}}],\"inLanguage\":\"tr\"},{\"@type\":\"Organization\",\"@id\":\"https:\\\/\\\/gtmteknoloji.com\\\/b2b\\\/#organization\",\"name\":\"GTM Teknoloji\",\"url\":\"https:\\\/\\\/gtmteknoloji.com\\\/b2b\\\/\",\"logo\":{\"@type\":\"ImageObject\",\"inLanguage\":\"tr\",\"@id\":\"https:\\\/\\\/gtmteknoloji.com\\\/b2b\\\/#\\\/schema\\\/logo\\\/image\\\/\",\"url\":\"https:\\\/\\\/gtmteknoloji.com\\\/b2b\\\/wp-content\\\/uploads\\\/2020\\\/12\\\/GTM-logo.png\",\"contentUrl\":\"https:\\\/\\\/gtmteknoloji.com\\\/b2b\\\/wp-content\\\/uploads\\\/2020\\\/12\\\/GTM-logo.png\",\"width\":400,\"height\":400,\"caption\":\"GTM Teknoloji\"},\"image\":{\"@id\":\"https:\\\/\\\/gtmteknoloji.com\\\/b2b\\\/#\\\/schema\\\/logo\\\/image\\\/\"},\"sameAs\":[\"https:\\\/\\\/www.facebook.com\\\/SupermicroTurkiye\\\/?locale=tr_TR\",\"https:\\\/\\\/x.com\\\/gtmteknoloji\"]}]}<\/script>\n<meta property=\"product:brand\" content=\"Supermicro\" \/>\n<meta property=\"product:price:currency\" content=\"USD\" \/>\n<meta property=\"og:availability\" content=\"instock\" \/>\n<meta property=\"product:availability\" content=\"instock\" \/>\n<meta property=\"product:retailer_item_id\" content=\"SYS-2028BT-002\" \/>\n<meta property=\"product:condition\" content=\"new\" \/>\n<!-- \/ Yoast SEO Premium plugin. -->","yoast_head_json":{"title":"SuperServer 2028BT-HTR+ Server - GTM Teknoloji","robots":{"index":"index","follow":"follow","max-snippet":"max-snippet:-1","max-image-preview":"max-image-preview:large","max-video-preview":"max-video-preview:-1"},"canonical":"https:\/\/gtmteknoloji.com\/b2b\/magaza\/server\/multi-node-server\/bigtwin\/superserver-2028bt-htr-server\/","og_locale":"tr_TR","og_type":"article","og_title":"SuperServer 2028BT-HTR+ Server","og_description":"TEKL\u0130F TALEP Supermicro SuperServer SYS-2028BT-HTR + - BigTwin - 24x SATA - 2200W Yedekli","og_url":"https:\/\/gtmteknoloji.com\/b2b\/magaza\/server\/multi-node-server\/bigtwin\/superserver-2028bt-htr-server\/","og_site_name":"GTM Teknoloji","article_publisher":"https:\/\/www.facebook.com\/SupermicroTurkiye\/?locale=tr_TR","article_modified_time":"2025-04-14T01:25:56+00:00","og_image":[{"width":500,"height":500,"url":"https:\/\/gtmteknoloji.com\/b2b\/wp-content\/uploads\/2020\/02\/2028BT-HTR.png","type":"image\/png"}],"twitter_card":"summary_large_image","twitter_site":"@gtmteknoloji","twitter_misc":{"Fiyat":"","Durumu":"Stokta var"},"schema":{"@context":"https:\/\/schema.org","@graph":[{"@type":"WebPage","@id":"https:\/\/gtmteknoloji.com\/b2b\/magaza\/server\/multi-node-server\/bigtwin\/superserver-2028bt-htr-server\/","url":"https:\/\/gtmteknoloji.com\/b2b\/magaza\/server\/multi-node-server\/bigtwin\/superserver-2028bt-htr-server\/","name":"SuperServer 2028BT-HTR+ Server - GTM Teknoloji","isPartOf":{"@id":"https:\/\/gtmteknoloji.com\/b2b\/#website"},"primaryImageOfPage":{"@id":"https:\/\/gtmteknoloji.com\/b2b\/magaza\/server\/multi-node-server\/bigtwin\/superserver-2028bt-htr-server\/#primaryimage"},"image":{"@id":"https:\/\/gtmteknoloji.com\/b2b\/magaza\/server\/multi-node-server\/bigtwin\/superserver-2028bt-htr-server\/#primaryimage"},"thumbnailUrl":"https:\/\/gtmteknoloji.com\/b2b\/wp-content\/uploads\/2020\/02\/2028BT-HTR.png","datePublished":"2025-04-14T01:25:53+00:00","dateModified":"2025-04-14T01:25:56+00:00","breadcrumb":{"@id":"https:\/\/gtmteknoloji.com\/b2b\/magaza\/server\/multi-node-server\/bigtwin\/superserver-2028bt-htr-server\/#breadcrumb"},"inLanguage":"tr","potentialAction":[{"@type":"ReadAction","target":["https:\/\/gtmteknoloji.com\/b2b\/magaza\/server\/multi-node-server\/bigtwin\/superserver-2028bt-htr-server\/"]}]},{"@type":"ImageObject","inLanguage":"tr","@id":"https:\/\/gtmteknoloji.com\/b2b\/magaza\/server\/multi-node-server\/bigtwin\/superserver-2028bt-htr-server\/#primaryimage","url":"https:\/\/gtmteknoloji.com\/b2b\/wp-content\/uploads\/2020\/02\/2028BT-HTR.png","contentUrl":"https:\/\/gtmteknoloji.com\/b2b\/wp-content\/uploads\/2020\/02\/2028BT-HTR.png","width":500,"height":500},{"@type":"BreadcrumbList","@id":"https:\/\/gtmteknoloji.com\/b2b\/magaza\/server\/multi-node-server\/bigtwin\/superserver-2028bt-htr-server\/#breadcrumb","itemListElement":[{"@type":"ListItem","position":1,"name":"Home","item":"https:\/\/gtmteknoloji.com\/b2b\/"},{"@type":"ListItem","position":2,"name":"Ma\u011faza","item":"https:\/\/gtmteknoloji.com\/b2b\/magaza\/"},{"@type":"ListItem","position":3,"name":"SuperServer 2028BT-HTR+ Server"}]},{"@type":"WebSite","@id":"https:\/\/gtmteknoloji.com\/b2b\/#website","url":"https:\/\/gtmteknoloji.com\/b2b\/","name":"GTM Teknoloji","description":"B2B Sat\u0131\u015f Portal\u0131","publisher":{"@id":"https:\/\/gtmteknoloji.com\/b2b\/#organization"},"potentialAction":[{"@type":"SearchAction","target":{"@type":"EntryPoint","urlTemplate":"https:\/\/gtmteknoloji.com\/b2b\/?s={search_term_string}"},"query-input":{"@type":"PropertyValueSpecification","valueRequired":true,"valueName":"search_term_string"}}],"inLanguage":"tr"},{"@type":"Organization","@id":"https:\/\/gtmteknoloji.com\/b2b\/#organization","name":"GTM Teknoloji","url":"https:\/\/gtmteknoloji.com\/b2b\/","logo":{"@type":"ImageObject","inLanguage":"tr","@id":"https:\/\/gtmteknoloji.com\/b2b\/#\/schema\/logo\/image\/","url":"https:\/\/gtmteknoloji.com\/b2b\/wp-content\/uploads\/2020\/12\/GTM-logo.png","contentUrl":"https:\/\/gtmteknoloji.com\/b2b\/wp-content\/uploads\/2020\/12\/GTM-logo.png","width":400,"height":400,"caption":"GTM Teknoloji"},"image":{"@id":"https:\/\/gtmteknoloji.com\/b2b\/#\/schema\/logo\/image\/"},"sameAs":["https:\/\/www.facebook.com\/SupermicroTurkiye\/?locale=tr_TR","https:\/\/x.com\/gtmteknoloji"]}]},"product_brand":"Supermicro","product_price_currency":"USD","og_availability":"instock","product_availability":"instock","product_retailer_item_id":"SYS-2028BT-002","product_condition":"new"},"_links":{"self":[{"href":"https:\/\/gtmteknoloji.com\/b2b\/wp-json\/wp\/v2\/product\/9210","targetHints":{"allow":["GET"]}}],"collection":[{"href":"https:\/\/gtmteknoloji.com\/b2b\/wp-json\/wp\/v2\/product"}],"about":[{"href":"https:\/\/gtmteknoloji.com\/b2b\/wp-json\/wp\/v2\/types\/product"}],"version-history":[{"count":1,"href":"https:\/\/gtmteknoloji.com\/b2b\/wp-json\/wp\/v2\/product\/9210\/revisions"}],"predecessor-version":[{"id":9240,"href":"https:\/\/gtmteknoloji.com\/b2b\/wp-json\/wp\/v2\/product\/9210\/revisions\/9240"}],"wp:featuredmedia":[{"embeddable":true,"href":"https:\/\/gtmteknoloji.com\/b2b\/wp-json\/wp\/v2\/media\/3227"}],"wp:attachment":[{"href":"https:\/\/gtmteknoloji.com\/b2b\/wp-json\/wp\/v2\/media?parent=9210"}],"wp:term":[{"taxonomy":"product_brand","embeddable":true,"href":"https:\/\/gtmteknoloji.com\/b2b\/wp-json\/wp\/v2\/product_brand?post=9210"},{"taxonomy":"product_cat","embeddable":true,"href":"https:\/\/gtmteknoloji.com\/b2b\/wp-json\/wp\/v2\/product_cat?post=9210"},{"taxonomy":"product_tag","embeddable":true,"href":"https:\/\/gtmteknoloji.com\/b2b\/wp-json\/wp\/v2\/product_tag?post=9210"}],"curies":[{"name":"wp","href":"https:\/\/api.w.org\/{rel}","templated":true}]}}