{"id":9241,"date":"2025-04-14T04:25:57","date_gmt":"2025-04-14T01:25:57","guid":{"rendered":"https:\/\/gtmteknoloji.com\/b2b\/?post_type=product&#038;p=9241"},"modified":"2026-04-17T01:23:46","modified_gmt":"2026-04-16T22:23:46","slug":"superstorage-6049sp-e1cr60-storage","status":"publish","type":"product","link":"https:\/\/gtmteknoloji.com\/b2b\/magaza\/storage-server\/top-loading-storage\/superstorage-6049sp-e1cr60-storage\/","title":{"rendered":"SuperStorage 6049SP-E1CR60 Storage (EOL)"},"content":{"rendered":"<p>(Complete System Only)<\/p>\n<table class=\"table_5_10 table_compare\">\n<tbody>\n<tr class=\"category\">\n<td colspan=\"2\">Main Specifications<\/td>\n<\/tr>\n<tr class=\"details\">\n<td class=\"label\">Series<\/td>\n<td>SuperStorage<\/td>\n<\/tr>\n<tr class=\"details\">\n<td class=\"label\">Supported Processor<\/td>\n<td>Intel Xeon Scalable Processors<\/td>\n<\/tr>\n<tr class=\"details\">\n<td class=\"label\">System Bus<\/td>\n<td>3 UPI up to 10.4GT\/s<\/td>\n<\/tr>\n<tr class=\"details\">\n<td class=\"label\">Memory Technology<\/td>\n<td>DDR4 ECC Reg<\/td>\n<\/tr>\n<tr class=\"details\">\n<td class=\"label\">Chipset<\/td>\n<td>Intel C621<\/td>\n<\/tr>\n<tr class=\"details\">\n<td class=\"label\">Form Factor<\/td>\n<td>4U<\/td>\n<\/tr>\n<tr class=\"details\">\n<td class=\"label\">Color<\/td>\n<td>Black<\/td>\n<\/tr>\n<tr class=\"details\">\n<td class=\"label\">Backplane<\/td>\n<td>SAS3\/SATA3 single expander per backplane<\/td>\n<\/tr>\n<tr class=\"category\">\n<td colspan=\"2\">Detailed Specifications<\/td>\n<\/tr>\n<tr class=\"details\">\n<td class=\"label\">Memory Slots<\/td>\n<td>16x 288-pin DIMM Sockets<\/td>\n<\/tr>\n<tr class=\"details\">\n<td class=\"label\">Max Memory Support<\/td>\n<td>Up to 4TB 3DS ECC DDR4-2933MHz RDIMM\/LRDIMM<br \/>\nSupports Intel\u00ae Optane\u2122 DCPMM<\/td>\n<\/tr>\n<tr class=\"details\">\n<td class=\"label\">Graphics<\/td>\n<td>ASPEED AST2500 BMC<\/td>\n<\/tr>\n<tr class=\"details\">\n<td class=\"label\">Ethernet<\/td>\n<td>Dual 10GBase-T LAN ports via Intel X550<\/td>\n<\/tr>\n<tr class=\"details\">\n<td class=\"label\">SAS<\/td>\n<td>Dual Broadcom 3616 controllers (IT Mode) or Broadcom 3916 (H\/W RAID)<\/td>\n<\/tr>\n<tr class=\"details\">\n<td class=\"label\">Power<\/td>\n<td>2000W Redundant Power Supplies with PMBus<\/td>\n<\/tr>\n<tr class=\"details\">\n<td class=\"label\">External Bays<\/td>\n<td>60x 3.5&#8243;\/2.5&#8243; Hot-swap SAS3\/SATA3<\/td>\n<\/tr>\n<tr class=\"details\">\n<td class=\"label\">Internal Bays<\/td>\n<td>2x 2.5&#8243; internal fixed slim SATA SSD<\/td>\n<\/tr>\n<tr class=\"details\">\n<td class=\"label\">M.2<\/td>\n<td>2x NVMe M.2 (form factor: 22110)<\/td>\n<\/tr>\n<tr class=\"details\">\n<td class=\"label\">Expansion Slots<\/td>\n<td>2 PCI-E 3.0 x16 (HHHL) slots<br \/>\n1 PCI-E 3.0 x8 (HHHL) slot<\/td>\n<\/tr>\n<tr class=\"details\">\n<td class=\"label\">Management<\/td>\n<td>Support for Intelligent Platform Management Interface v.2.0<br \/>\nIPMI 2.0 with virtual media over LAN and KVM-over-LAN support<\/td>\n<\/tr>\n<tr class=\"details\">\n<td class=\"label\">Front Panel<\/td>\n<td>Power On\/Off button<br \/>\nSystem Reset button<br \/>\nPower status LED<br \/>\nHard drive activity LED<br \/>\nNetwork activity LEDs<br \/>\nSystem Overheat LED<br \/>\nPower fail LED<\/td>\n<\/tr>\n<tr class=\"details\">\n<td class=\"label\">BIOS<\/td>\n<td>AMI UEFI<\/td>\n<\/tr>\n<tr class=\"details\">\n<td class=\"label\">Cooling<\/td>\n<td>6x 8cm hot-swap counter-rotate redundant PWM cooling fans<\/td>\n<\/tr>\n<tr class=\"details\">\n<td class=\"label\">Dimensions (WxHxD)<\/td>\n<td>17.68&#8243; (449mm) x 6.96&#8243; (177mm) x 34.1&#8243; (866mm)<\/td>\n<\/tr>\n<tr class=\"details\">\n<td class=\"label\">Gross Weight<\/td>\n<td>170.5 lbs (77.3kg)<\/td>\n<\/tr>\n<tr class=\"details\">\n<td class=\"label\">USB Ports<\/td>\n<td>2 USB 3.0 ports (rear)<br \/>\n1 Type A<\/td>\n<\/tr>\n<tr class=\"details\">\n<td class=\"label\">Serial Ports<\/td>\n<td>1 Fast UART 16550 port \/ 1 Header<\/td>\n<\/tr>\n<tr class=\"details\">\n<td class=\"label\">LAN Ports<\/td>\n<td>2 RJ45 10GBase-T ports<br \/>\n1 RJ45 Dedicated IPMI LAN port<\/td>\n<\/tr>\n<tr class=\"details\">\n<td class=\"label\">Integrated Graphics<\/td>\n<td>Yes<\/td>\n<\/tr>\n<tr class=\"details\">\n<td class=\"label\">VGA Ports<\/td>\n<td>1 VGA D-Sub connector port<\/td>\n<\/tr>\n<\/tbody>\n<\/table>\n","protected":false},"excerpt":{"rendered":"<h1 class=\"LC20lb DKV0Md\"><a href=\"https:\/\/gtmteknoloji.com\/teklif-talep\/\">TEKL\u0130F TALEP<\/a><\/h1>\n<p><strong class=\"textA\">\u00a0&#8211; Big Data &amp; Analytics, Data Lake<br \/>\n&#8211; HPC and AI\/ML Workloads<br \/>\n&#8211; Telco &amp; Cloud Service Providers<br \/>\n&#8211; Financial Services &amp; Healthcare Image Archives<br \/>\n&#8211; Content Repositories<br \/>\n&#8211; Government Data Protection<\/strong><\/p>\n<p>SuperStorage SSG-6049SP-E1CR60 Storage<\/p>\n","protected":false},"featured_media":4185,"template":"","meta":[],"product_brand":[338],"product_cat":[1779,1909],"product_tag":[1845,1903,1910,1777,1899,1911],"class_list":{"0":"post-9241","1":"product","2":"type-product","3":"status-publish","4":"has-post-thumbnail","6":"product_brand-supermicro-server-turkiye","7":"product_cat-storage-server","8":"product_cat-top-loading-storage","9":"product_tag-4u-rackmount","10":"product_tag-sanallastirma-sunucu","11":"product_tag-ssg-6049sp-e1cr60","12":"product_tag-storage-server","13":"product_tag-superstorage","14":"product_tag-top-loading-storage","16":"first","17":"instock","18":"taxable","19":"shipping-taxable","20":"product-type-external"},"yoast_head":"<!-- This site is optimized with the Yoast SEO Premium plugin v27.4 (Yoast SEO v27.4) - https:\/\/yoast.com\/product\/yoast-seo-premium-wordpress\/ -->\n<title>SuperStorage 6049SP-E1CR60 Storage (EOL) - GTM Teknoloji<\/title>\n<meta name=\"robots\" content=\"index, follow, max-snippet:-1, max-image-preview:large, max-video-preview:-1\" \/>\n<link rel=\"canonical\" href=\"https:\/\/gtmteknoloji.com\/b2b\/magaza\/storage-server\/top-loading-storage\/superstorage-6049sp-e1cr60-storage\/\" \/>\n<meta property=\"og:locale\" content=\"tr_TR\" \/>\n<meta property=\"og:type\" content=\"article\" \/>\n<meta property=\"og:title\" content=\"SuperStorage 6049SP-E1CR60 Storage (EOL)\" \/>\n<meta property=\"og:description\" content=\"TEKL\u0130F TALEP \u00a0- Big Data &amp; Analytics, Data Lake - HPC and AI\/ML Workloads - Telco &amp; Cloud Service Providers - Financial Services &amp; Healthcare Image Archives - Content Repositories - Government Data Protection  SuperStorage SSG-6049SP-E1CR60 Storage\" \/>\n<meta property=\"og:url\" content=\"https:\/\/gtmteknoloji.com\/b2b\/magaza\/storage-server\/top-loading-storage\/superstorage-6049sp-e1cr60-storage\/\" \/>\n<meta property=\"og:site_name\" content=\"GTM Teknoloji\" \/>\n<meta property=\"article:publisher\" content=\"https:\/\/www.facebook.com\/SupermicroTurkiye\/?locale=tr_TR\" \/>\n<meta property=\"article:modified_time\" content=\"2026-04-16T22:23:46+00:00\" \/>\n<meta property=\"og:image\" content=\"https:\/\/gtmteknoloji.com\/b2b\/wp-content\/uploads\/2020\/12\/SSG-6049SP-E1CR60.png\" \/>\n\t<meta property=\"og:image:width\" content=\"261\" \/>\n\t<meta property=\"og:image:height\" content=\"222\" \/>\n\t<meta property=\"og:image:type\" content=\"image\/png\" \/>\n<meta name=\"twitter:card\" content=\"summary_large_image\" \/>\n<meta name=\"twitter:site\" content=\"@gtmteknoloji\" \/>\n<meta name=\"twitter:label1\" content=\"Fiyat\" \/>\n\t<meta name=\"twitter:data1\" content=\"\" \/>\n\t<meta name=\"twitter:label2\" content=\"Durumu\" \/>\n\t<meta name=\"twitter:data2\" content=\"Stokta var\" \/>\n<script type=\"application\/ld+json\" class=\"yoast-schema-graph\">{\"@context\":\"https:\\\/\\\/schema.org\",\"@graph\":[{\"@type\":\"WebPage\",\"@id\":\"https:\\\/\\\/gtmteknoloji.com\\\/b2b\\\/magaza\\\/storage-server\\\/top-loading-storage\\\/superstorage-6049sp-e1cr60-storage\\\/\",\"url\":\"https:\\\/\\\/gtmteknoloji.com\\\/b2b\\\/magaza\\\/storage-server\\\/top-loading-storage\\\/superstorage-6049sp-e1cr60-storage\\\/\",\"name\":\"SuperStorage 6049SP-E1CR60 Storage (EOL) - GTM Teknoloji\",\"isPartOf\":{\"@id\":\"https:\\\/\\\/gtmteknoloji.com\\\/b2b\\\/#website\"},\"primaryImageOfPage\":{\"@id\":\"https:\\\/\\\/gtmteknoloji.com\\\/b2b\\\/magaza\\\/storage-server\\\/top-loading-storage\\\/superstorage-6049sp-e1cr60-storage\\\/#primaryimage\"},\"image\":{\"@id\":\"https:\\\/\\\/gtmteknoloji.com\\\/b2b\\\/magaza\\\/storage-server\\\/top-loading-storage\\\/superstorage-6049sp-e1cr60-storage\\\/#primaryimage\"},\"thumbnailUrl\":\"https:\\\/\\\/gtmteknoloji.com\\\/b2b\\\/wp-content\\\/uploads\\\/2020\\\/12\\\/SSG-6049SP-E1CR60.png\",\"datePublished\":\"2025-04-14T01:25:57+00:00\",\"dateModified\":\"2026-04-16T22:23:46+00:00\",\"breadcrumb\":{\"@id\":\"https:\\\/\\\/gtmteknoloji.com\\\/b2b\\\/magaza\\\/storage-server\\\/top-loading-storage\\\/superstorage-6049sp-e1cr60-storage\\\/#breadcrumb\"},\"inLanguage\":\"tr\",\"potentialAction\":[{\"@type\":\"ReadAction\",\"target\":[\"https:\\\/\\\/gtmteknoloji.com\\\/b2b\\\/magaza\\\/storage-server\\\/top-loading-storage\\\/superstorage-6049sp-e1cr60-storage\\\/\"]}]},{\"@type\":\"ImageObject\",\"inLanguage\":\"tr\",\"@id\":\"https:\\\/\\\/gtmteknoloji.com\\\/b2b\\\/magaza\\\/storage-server\\\/top-loading-storage\\\/superstorage-6049sp-e1cr60-storage\\\/#primaryimage\",\"url\":\"https:\\\/\\\/gtmteknoloji.com\\\/b2b\\\/wp-content\\\/uploads\\\/2020\\\/12\\\/SSG-6049SP-E1CR60.png\",\"contentUrl\":\"https:\\\/\\\/gtmteknoloji.com\\\/b2b\\\/wp-content\\\/uploads\\\/2020\\\/12\\\/SSG-6049SP-E1CR60.png\",\"width\":261,\"height\":222},{\"@type\":\"BreadcrumbList\",\"@id\":\"https:\\\/\\\/gtmteknoloji.com\\\/b2b\\\/magaza\\\/storage-server\\\/top-loading-storage\\\/superstorage-6049sp-e1cr60-storage\\\/#breadcrumb\",\"itemListElement\":[{\"@type\":\"ListItem\",\"position\":1,\"name\":\"Home\",\"item\":\"https:\\\/\\\/gtmteknoloji.com\\\/b2b\\\/\"},{\"@type\":\"ListItem\",\"position\":2,\"name\":\"Ma\u011faza\",\"item\":\"https:\\\/\\\/gtmteknoloji.com\\\/b2b\\\/magaza\\\/\"},{\"@type\":\"ListItem\",\"position\":3,\"name\":\"SuperStorage 6049SP-E1CR60 Storage (EOL)\"}]},{\"@type\":\"WebSite\",\"@id\":\"https:\\\/\\\/gtmteknoloji.com\\\/b2b\\\/#website\",\"url\":\"https:\\\/\\\/gtmteknoloji.com\\\/b2b\\\/\",\"name\":\"GTM Teknoloji\",\"description\":\"B2B Sat\u0131\u015f Portal\u0131\",\"publisher\":{\"@id\":\"https:\\\/\\\/gtmteknoloji.com\\\/b2b\\\/#organization\"},\"potentialAction\":[{\"@type\":\"SearchAction\",\"target\":{\"@type\":\"EntryPoint\",\"urlTemplate\":\"https:\\\/\\\/gtmteknoloji.com\\\/b2b\\\/?s={search_term_string}\"},\"query-input\":{\"@type\":\"PropertyValueSpecification\",\"valueRequired\":true,\"valueName\":\"search_term_string\"}}],\"inLanguage\":\"tr\"},{\"@type\":\"Organization\",\"@id\":\"https:\\\/\\\/gtmteknoloji.com\\\/b2b\\\/#organization\",\"name\":\"GTM Teknoloji\",\"url\":\"https:\\\/\\\/gtmteknoloji.com\\\/b2b\\\/\",\"logo\":{\"@type\":\"ImageObject\",\"inLanguage\":\"tr\",\"@id\":\"https:\\\/\\\/gtmteknoloji.com\\\/b2b\\\/#\\\/schema\\\/logo\\\/image\\\/\",\"url\":\"https:\\\/\\\/gtmteknoloji.com\\\/b2b\\\/wp-content\\\/uploads\\\/2020\\\/12\\\/GTM-logo.png\",\"contentUrl\":\"https:\\\/\\\/gtmteknoloji.com\\\/b2b\\\/wp-content\\\/uploads\\\/2020\\\/12\\\/GTM-logo.png\",\"width\":400,\"height\":400,\"caption\":\"GTM Teknoloji\"},\"image\":{\"@id\":\"https:\\\/\\\/gtmteknoloji.com\\\/b2b\\\/#\\\/schema\\\/logo\\\/image\\\/\"},\"sameAs\":[\"https:\\\/\\\/www.facebook.com\\\/SupermicroTurkiye\\\/?locale=tr_TR\",\"https:\\\/\\\/x.com\\\/gtmteknoloji\"]}]}<\/script>\n<meta property=\"product:brand\" content=\"Supermicro\" \/>\n<meta property=\"product:price:currency\" content=\"USD\" \/>\n<meta property=\"og:availability\" content=\"instock\" \/>\n<meta property=\"product:availability\" content=\"instock\" \/>\n<meta property=\"product:retailer_item_id\" content=\"SSG-6049SP-001\" \/>\n<meta property=\"product:condition\" content=\"new\" \/>\n<!-- \/ Yoast SEO Premium plugin. -->","yoast_head_json":{"title":"SuperStorage 6049SP-E1CR60 Storage (EOL) - GTM Teknoloji","robots":{"index":"index","follow":"follow","max-snippet":"max-snippet:-1","max-image-preview":"max-image-preview:large","max-video-preview":"max-video-preview:-1"},"canonical":"https:\/\/gtmteknoloji.com\/b2b\/magaza\/storage-server\/top-loading-storage\/superstorage-6049sp-e1cr60-storage\/","og_locale":"tr_TR","og_type":"article","og_title":"SuperStorage 6049SP-E1CR60 Storage (EOL)","og_description":"TEKL\u0130F TALEP \u00a0- Big Data &amp; Analytics, Data Lake - HPC and AI\/ML Workloads - Telco &amp; Cloud Service Providers - Financial Services &amp; Healthcare Image Archives - Content Repositories - Government Data Protection  SuperStorage SSG-6049SP-E1CR60 Storage","og_url":"https:\/\/gtmteknoloji.com\/b2b\/magaza\/storage-server\/top-loading-storage\/superstorage-6049sp-e1cr60-storage\/","og_site_name":"GTM Teknoloji","article_publisher":"https:\/\/www.facebook.com\/SupermicroTurkiye\/?locale=tr_TR","article_modified_time":"2026-04-16T22:23:46+00:00","og_image":[{"width":261,"height":222,"url":"https:\/\/gtmteknoloji.com\/b2b\/wp-content\/uploads\/2020\/12\/SSG-6049SP-E1CR60.png","type":"image\/png"}],"twitter_card":"summary_large_image","twitter_site":"@gtmteknoloji","twitter_misc":{"Fiyat":"","Durumu":"Stokta var"},"schema":{"@context":"https:\/\/schema.org","@graph":[{"@type":"WebPage","@id":"https:\/\/gtmteknoloji.com\/b2b\/magaza\/storage-server\/top-loading-storage\/superstorage-6049sp-e1cr60-storage\/","url":"https:\/\/gtmteknoloji.com\/b2b\/magaza\/storage-server\/top-loading-storage\/superstorage-6049sp-e1cr60-storage\/","name":"SuperStorage 6049SP-E1CR60 Storage (EOL) - GTM Teknoloji","isPartOf":{"@id":"https:\/\/gtmteknoloji.com\/b2b\/#website"},"primaryImageOfPage":{"@id":"https:\/\/gtmteknoloji.com\/b2b\/magaza\/storage-server\/top-loading-storage\/superstorage-6049sp-e1cr60-storage\/#primaryimage"},"image":{"@id":"https:\/\/gtmteknoloji.com\/b2b\/magaza\/storage-server\/top-loading-storage\/superstorage-6049sp-e1cr60-storage\/#primaryimage"},"thumbnailUrl":"https:\/\/gtmteknoloji.com\/b2b\/wp-content\/uploads\/2020\/12\/SSG-6049SP-E1CR60.png","datePublished":"2025-04-14T01:25:57+00:00","dateModified":"2026-04-16T22:23:46+00:00","breadcrumb":{"@id":"https:\/\/gtmteknoloji.com\/b2b\/magaza\/storage-server\/top-loading-storage\/superstorage-6049sp-e1cr60-storage\/#breadcrumb"},"inLanguage":"tr","potentialAction":[{"@type":"ReadAction","target":["https:\/\/gtmteknoloji.com\/b2b\/magaza\/storage-server\/top-loading-storage\/superstorage-6049sp-e1cr60-storage\/"]}]},{"@type":"ImageObject","inLanguage":"tr","@id":"https:\/\/gtmteknoloji.com\/b2b\/magaza\/storage-server\/top-loading-storage\/superstorage-6049sp-e1cr60-storage\/#primaryimage","url":"https:\/\/gtmteknoloji.com\/b2b\/wp-content\/uploads\/2020\/12\/SSG-6049SP-E1CR60.png","contentUrl":"https:\/\/gtmteknoloji.com\/b2b\/wp-content\/uploads\/2020\/12\/SSG-6049SP-E1CR60.png","width":261,"height":222},{"@type":"BreadcrumbList","@id":"https:\/\/gtmteknoloji.com\/b2b\/magaza\/storage-server\/top-loading-storage\/superstorage-6049sp-e1cr60-storage\/#breadcrumb","itemListElement":[{"@type":"ListItem","position":1,"name":"Home","item":"https:\/\/gtmteknoloji.com\/b2b\/"},{"@type":"ListItem","position":2,"name":"Ma\u011faza","item":"https:\/\/gtmteknoloji.com\/b2b\/magaza\/"},{"@type":"ListItem","position":3,"name":"SuperStorage 6049SP-E1CR60 Storage (EOL)"}]},{"@type":"WebSite","@id":"https:\/\/gtmteknoloji.com\/b2b\/#website","url":"https:\/\/gtmteknoloji.com\/b2b\/","name":"GTM Teknoloji","description":"B2B Sat\u0131\u015f Portal\u0131","publisher":{"@id":"https:\/\/gtmteknoloji.com\/b2b\/#organization"},"potentialAction":[{"@type":"SearchAction","target":{"@type":"EntryPoint","urlTemplate":"https:\/\/gtmteknoloji.com\/b2b\/?s={search_term_string}"},"query-input":{"@type":"PropertyValueSpecification","valueRequired":true,"valueName":"search_term_string"}}],"inLanguage":"tr"},{"@type":"Organization","@id":"https:\/\/gtmteknoloji.com\/b2b\/#organization","name":"GTM Teknoloji","url":"https:\/\/gtmteknoloji.com\/b2b\/","logo":{"@type":"ImageObject","inLanguage":"tr","@id":"https:\/\/gtmteknoloji.com\/b2b\/#\/schema\/logo\/image\/","url":"https:\/\/gtmteknoloji.com\/b2b\/wp-content\/uploads\/2020\/12\/GTM-logo.png","contentUrl":"https:\/\/gtmteknoloji.com\/b2b\/wp-content\/uploads\/2020\/12\/GTM-logo.png","width":400,"height":400,"caption":"GTM Teknoloji"},"image":{"@id":"https:\/\/gtmteknoloji.com\/b2b\/#\/schema\/logo\/image\/"},"sameAs":["https:\/\/www.facebook.com\/SupermicroTurkiye\/?locale=tr_TR","https:\/\/x.com\/gtmteknoloji"]}]},"product_brand":"Supermicro","product_price_currency":"USD","og_availability":"instock","product_availability":"instock","product_retailer_item_id":"SSG-6049SP-001","product_condition":"new"},"_links":{"self":[{"href":"https:\/\/gtmteknoloji.com\/b2b\/wp-json\/wp\/v2\/product\/9241","targetHints":{"allow":["GET"]}}],"collection":[{"href":"https:\/\/gtmteknoloji.com\/b2b\/wp-json\/wp\/v2\/product"}],"about":[{"href":"https:\/\/gtmteknoloji.com\/b2b\/wp-json\/wp\/v2\/types\/product"}],"version-history":[{"count":2,"href":"https:\/\/gtmteknoloji.com\/b2b\/wp-json\/wp\/v2\/product\/9241\/revisions"}],"predecessor-version":[{"id":12295,"href":"https:\/\/gtmteknoloji.com\/b2b\/wp-json\/wp\/v2\/product\/9241\/revisions\/12295"}],"wp:featuredmedia":[{"embeddable":true,"href":"https:\/\/gtmteknoloji.com\/b2b\/wp-json\/wp\/v2\/media\/4185"}],"wp:attachment":[{"href":"https:\/\/gtmteknoloji.com\/b2b\/wp-json\/wp\/v2\/media?parent=9241"}],"wp:term":[{"taxonomy":"product_brand","embeddable":true,"href":"https:\/\/gtmteknoloji.com\/b2b\/wp-json\/wp\/v2\/product_brand?post=9241"},{"taxonomy":"product_cat","embeddable":true,"href":"https:\/\/gtmteknoloji.com\/b2b\/wp-json\/wp\/v2\/product_cat?post=9241"},{"taxonomy":"product_tag","embeddable":true,"href":"https:\/\/gtmteknoloji.com\/b2b\/wp-json\/wp\/v2\/product_tag?post=9241"}],"curies":[{"name":"wp","href":"https:\/\/api.w.org\/{rel}","templated":true}]}}