{"id":9263,"date":"2025-04-14T04:25:58","date_gmt":"2025-04-14T01:25:58","guid":{"rendered":"https:\/\/gtmteknoloji.com\/b2b\/?post_type=product&#038;p=9263"},"modified":"2025-04-14T04:26:02","modified_gmt":"2025-04-14T01:26:02","slug":"xn8016d-qsan-xcubenxt-16-bay-dual-unified-storage","status":"publish","type":"product","link":"https:\/\/gtmteknoloji.com\/b2b\/magaza\/storage\/unified-san-nas\/xn8016d-qsan-xcubenxt-16-bay-dual-unified-storage\/","title":{"rendered":"XN8016D QSAN XCubeNXT  16-bay Dual Unified Storage"},"content":{"rendered":"<h3 id=\"custom-hardware\">Hardware Specifications<\/h3>\n<table class=\"spec-table\">\n<tbody>\n<tr>\n<td class=\"title\">Architecture<\/td>\n<td class=\"content\">Active-Active dual-controller<\/td>\n<\/tr>\n<tr>\n<td class=\"title\">Storage OS<\/td>\n<td class=\"content no-border\">QSM 3\u00a0<a class=\"link\">Specification Details<\/a><\/td>\n<\/tr>\n<tr class=\"enhance\">\n<th colspan=\"2\">CPU<\/th>\n<\/tr>\n<tr>\n<td class=\"title\">Processor<\/td>\n<td class=\"content\">Intel\u00ae Xeon\u00ae<\/td>\n<\/tr>\n<tr>\n<td class=\"title\">CPU Architecture<\/td>\n<td class=\"content\">64-bit<\/td>\n<\/tr>\n<tr>\n<td class=\"title\">CPU Frequency<\/td>\n<td class=\"content no-border\">Quad-Core (Also support 8 core model)<\/td>\n<\/tr>\n<tr class=\"enhance\">\n<th colspan=\"2\">Memory<\/th>\n<\/tr>\n<tr>\n<td class=\"title\">System Flash<\/td>\n<td class=\"content\">16GB USB DOM<\/td>\n<\/tr>\n<tr>\n<td class=\"title\">Memory Module Pre-installed<\/td>\n<td class=\"content\">16GB DDR4 ECC DIMM (per controller)<\/td>\n<\/tr>\n<tr>\n<td class=\"title\">Total Memory Slots<\/td>\n<td class=\"content\">4 (per controller)<\/td>\n<\/tr>\n<tr>\n<td class=\"title\">Memory Expandable up to<\/td>\n<td class=\"content\">128GB (per controller)<\/td>\n<\/tr>\n<tr>\n<td class=\"title\">Notes<\/td>\n<td class=\"content no-border\">&#8211;<\/td>\n<\/tr>\n<tr class=\"enhance\">\n<th colspan=\"2\">Storage<\/th>\n<\/tr>\n<tr>\n<td class=\"title\">Drive Bays<\/td>\n<td class=\"content\">3.5&#8243; Slot x 16<\/td>\n<\/tr>\n<tr>\n<td class=\"title\">Maximum Drive Bays with Expansion Unit<\/td>\n<td class=\"content\">424<\/td>\n<\/tr>\n<tr>\n<td class=\"title\">Compatible Drive Type<\/td>\n<td class=\"content\">3.5&#8243; SAS HDD<\/p>\n<p>3.5&#8243; SAS SED HDD<\/p>\n<p>3.5&#8243; NL-SAS HDD<\/p>\n<p>3.5&#8243; NL-SAS SED HDD<\/p>\n<p>2.5&#8243; SAS SSD<\/p>\n<p>2.5&#8243; SAS SED SSD<\/p>\n<p>2.5&#8243; SATA SSD<\/p>\n<p>2.5&#8243; SATA SED SSD<\/p>\n<p>2.5&#8243; SAS HDD<\/p>\n<p>2.5&#8243; SAS SED HDD<\/p>\n<p>2.5&#8243; NL-SAS HDD<\/p>\n<p>2.5&#8243; NL-SAS SED HDD<\/td>\n<\/tr>\n<tr>\n<td class=\"title\">Drive Interface<\/td>\n<td class=\"content\">SAS 12Gb\/s and SATA 6Gb\/s<\/p>\n<p>(backward compatible with SAS 6Gb\/s and SATA 3Gb\/s)<\/td>\n<\/tr>\n<tr>\n<td class=\"title\">Maximum Internal Raw Capacity<\/td>\n<td class=\"content\">288TB<\/td>\n<\/tr>\n<tr>\n<td class=\"title\">Maximum Raw Capacity with Expansion Units<\/td>\n<td class=\"content\">7632TB<\/td>\n<\/tr>\n<tr>\n<td class=\"title\">Hot Swappable Drive<\/td>\n<td class=\"content\"><\/td>\n<\/tr>\n<tr>\n<td class=\"title\">Notes<\/td>\n<td class=\"content no-border\">\n<ul>\n<li>For more information, please refer to compatibility matrix and hardware manual<\/li>\n<li>Support up to 18 TB\/ per disk<\/li>\n<li>Capacity may vary by RAID types<\/li>\n<li>In dual-controller system, 2.5 SATA HHD need 6G MUX board<\/li>\n<\/ul>\n<\/td>\n<\/tr>\n<tr class=\"enhance\">\n<th colspan=\"2\">External Port<\/th>\n<\/tr>\n<tr>\n<td class=\"title\">USB 2.0 Port<\/td>\n<td class=\"content\">1 (Front)<\/td>\n<\/tr>\n<tr>\n<td class=\"title\">USB 3.0 Port<\/td>\n<td class=\"content\">2 (Rear)<\/td>\n<\/tr>\n<tr>\n<td class=\"title\">HDMI Port<\/td>\n<td class=\"content\">&#8211;<\/td>\n<\/tr>\n<tr>\n<td class=\"title\">Others<\/td>\n<td class=\"content\">UPS Port x1<br \/>\nController port x 1<\/td>\n<\/tr>\n<tr>\n<td class=\"title\">Notes<\/td>\n<td class=\"content no-border\">&#8211;<\/td>\n<\/tr>\n<tr class=\"enhance\">\n<th colspan=\"2\">Connectivity Port<\/th>\n<\/tr>\n<tr>\n<td class=\"title\">1GbE RJ45 LAN Port<\/td>\n<td class=\"content\">1 (Onboard)<\/td>\n<\/tr>\n<tr>\n<td class=\"title\">10GbE RJ45 LAN Port<\/td>\n<td class=\"content\">2 (Onboard)<br \/>\n2 iSCSI (Option: HQ-10G2T)<\/td>\n<\/tr>\n<tr>\n<td class=\"title\">10GbE SFP+ LAN Port<\/td>\n<td class=\"content\">4 iSCSI (Option: HQ-10G4S2)<\/td>\n<\/tr>\n<tr>\n<td class=\"title\">Thunderbolt 3<\/td>\n<td class=\"content\">&#8211;<\/td>\n<\/tr>\n<tr>\n<td class=\"title\">25GbE SFP28 LAN Port<\/td>\n<td class=\"content\">2 iSCSI (Option: RHCE25P2)<\/td>\n<\/tr>\n<tr>\n<td class=\"title\">16Gb SFP+ Fibre Channel<\/td>\n<td class=\"content\">4 FCP (Option: HQ-16F4S2)<br \/>\n2 FCP (Option: HQ-16F2S2)<\/td>\n<\/tr>\n<tr>\n<td class=\"title\">32Gb SFP28 Fibre Channel<\/td>\n<td class=\"content\">2 FCP (Option: RHCF32P2)<\/td>\n<\/tr>\n<tr>\n<td class=\"title\">Notes<\/td>\n<td class=\"content no-border\">For more information, please refer to accessory book<\/p>\n<p>Please refer to the section below for expansion slot specification<\/p>\n<p>RHCF32P2 Option card will be available soon, please\u00a0<a href=\"https:\/\/www.qsan.com\/technical_support\">contact us\u00a0<\/a>for more detail.<\/td>\n<\/tr>\n<tr class=\"enhance\">\n<th colspan=\"2\">Expansion Port<\/th>\n<\/tr>\n<tr>\n<td class=\"title\">12Gb\/s SAS Wide Port<\/td>\n<td class=\"content\">2 (Onboard)<\/td>\n<\/tr>\n<tr>\n<td class=\"title\">Notes<\/td>\n<td class=\"content no-border\">&#8211;<\/td>\n<\/tr>\n<tr class=\"enhance\">\n<th colspan=\"2\">PCIe Expansion<\/th>\n<\/tr>\n<tr>\n<td class=\"title\">Gen3x8 Slot<\/td>\n<td class=\"content\">&#8211;<\/td>\n<\/tr>\n<tr>\n<td class=\"title\">Gen3x4 Slot<\/td>\n<td class=\"content\">&#8211;<\/td>\n<\/tr>\n<tr>\n<td class=\"title\">Notes<\/td>\n<td class=\"content no-border\">&#8211;<\/td>\n<\/tr>\n<tr class=\"enhance\">\n<th colspan=\"2\">Host Card Expansion<\/th>\n<\/tr>\n<tr>\n<td class=\"title\">Gen3x8 Slot<\/td>\n<td class=\"content\">1<\/td>\n<\/tr>\n<tr>\n<td class=\"title\">Gen2x4 Slot<\/td>\n<td class=\"content\">1<\/td>\n<\/tr>\n<tr>\n<td class=\"title\">Notes<\/td>\n<td class=\"content no-border\">Gen2x4 slot provides 20Gb bandwidth<\/td>\n<\/tr>\n<tr class=\"enhance\">\n<th colspan=\"2\">Appearance<\/th>\n<\/tr>\n<tr>\n<td class=\"title\">Dimension (H x W x D) (mm)<\/td>\n<td class=\"content\">130.3 x 438 x 515<\/td>\n<\/tr>\n<tr>\n<td class=\"title\">Chassis Form Factor<\/td>\n<td class=\"content\">19&#8243; Rackmount 3U 16 Bay<\/td>\n<\/tr>\n<tr>\n<td class=\"title\">Net Weight (kg)<\/td>\n<td class=\"content\">22<\/td>\n<\/tr>\n<tr>\n<td class=\"title\">Gross Weight (kg)<\/td>\n<td class=\"content\">31.1<\/td>\n<\/tr>\n<tr>\n<td class=\"title\">Notes<\/td>\n<td class=\"content no-border\">&#8211;<\/td>\n<\/tr>\n<tr class=\"enhance\">\n<th colspan=\"2\">Memory Protection<\/th>\n<\/tr>\n<tr>\n<td class=\"title\">Cache-to-Flash Module<\/td>\n<td class=\"content\"><\/td>\n<\/tr>\n<tr>\n<td class=\"title\">Battery Backup Module + Flash Module<\/td>\n<td class=\"content\">&#8211;<\/td>\n<\/tr>\n<tr>\n<td class=\"title\">Notes<\/td>\n<td class=\"content no-border\">Does not need Battery Backup Module<\/td>\n<\/tr>\n<tr class=\"enhance\">\n<th colspan=\"2\">Others<\/th>\n<\/tr>\n<tr>\n<td class=\"title\">System Fan<\/td>\n<td class=\"content\">4 pcs<\/td>\n<\/tr>\n<tr>\n<td class=\"title\">Replaceable System Fan<\/td>\n<td class=\"content\"><\/td>\n<\/tr>\n<tr>\n<td class=\"title\">Power Recovery<\/td>\n<td class=\"content\"><\/td>\n<\/tr>\n<tr>\n<td class=\"title\">Scheduled Power On\/Off<\/td>\n<td class=\"content\">&#8211;<\/td>\n<\/tr>\n<tr>\n<td class=\"title\">Wake on LAN\/WAN<\/td>\n<td class=\"content\"><\/td>\n<\/tr>\n<tr>\n<td class=\"title\">Power Supply Unit \/ Adapter<\/td>\n<td class=\"content\">770W\/850W x 2 (80 PLUS Platinum)<\/td>\n<\/tr>\n<tr>\n<td class=\"title\">Redundant Power Supply<\/td>\n<td class=\"content\"><\/td>\n<\/tr>\n<tr>\n<td class=\"title\">AC Input Power Voltage<\/td>\n<td class=\"content\">100V-240V<\/td>\n<\/tr>\n<tr>\n<td class=\"title\">Power Frequency<\/td>\n<td class=\"content\">50-60 Hz, Single Phase<\/td>\n<\/tr>\n<tr>\n<td class=\"title\">Power Consumption<\/td>\n<td class=\"content\">534W<\/td>\n<\/tr>\n<tr>\n<td class=\"title\">British Thermal Unit<\/td>\n<td class=\"content\">1,822BTU<\/td>\n<\/tr>\n<tr>\n<td class=\"title\">LCM Support<\/td>\n<td class=\"content\"><\/td>\n<\/tr>\n<tr>\n<td class=\"title\">Notes<\/td>\n<td class=\"content no-border\">&#8211;<\/td>\n<\/tr>\n<tr class=\"enhance\">\n<th colspan=\"2\">Environment Temperature<\/th>\n<\/tr>\n<tr>\n<td class=\"title\">Operating Temperature<\/td>\n<td class=\"content\">0 to 40\u00b0C<\/td>\n<\/tr>\n<tr>\n<td class=\"title\">Storage Temperature<\/td>\n<td class=\"content\">-10\u00b0C to 50\u00b0C<\/td>\n<\/tr>\n<tr>\n<td class=\"title\">Operating Relative Humidity<\/td>\n<td class=\"content\">20% to 80% non-condensing<\/td>\n<\/tr>\n<tr>\n<td class=\"title\">Non-operating Relative Humidity<\/td>\n<td class=\"content\">10% to 90%<\/td>\n<\/tr>\n<tr>\n<td class=\"title\">Notes<\/td>\n<td class=\"content no-border\">&#8211;<\/td>\n<\/tr>\n<tr class=\"enhance\">\n<th colspan=\"2\">Certification<\/th>\n<\/tr>\n<tr>\n<td class=\"title\">Certifications<\/td>\n<td class=\"content\">CE<\/p>\n<p>FCC<\/p>\n<p>CCC<\/p>\n<p>BSMI<\/p>\n<p>VCCI<\/p>\n<p>KCC<\/td>\n<\/tr>\n<tr>\n<td class=\"title\">Notes<\/td>\n<td class=\"content no-border\">&#8211;<\/td>\n<\/tr>\n<tr class=\"enhance\">\n<th colspan=\"2\">Warranty<\/th>\n<\/tr>\n<tr>\n<td class=\"title\">Standard Warranty<\/td>\n<td class=\"content\">3 years<\/td>\n<\/tr>\n<\/tbody>\n<\/table>\n<p>&nbsp;<\/p>\n","protected":false},"excerpt":{"rendered":"<h1 class=\"LC20lb DKV0Md\"><a href=\"https:\/\/gtmteknoloji.com\/teklif-talep\/\">TEKL\u0130F TALEP<\/a><\/h1>\n<h5 class=\"LC20lb DKV0Md\">QSAN 16-bay Dual Unified Storage &#8211; XCubeNXT XN8016D<\/h5>\n","protected":false},"featured_media":4328,"template":"","meta":[],"product_brand":[340],"product_cat":[1743,1935],"product_tag":[1942,1936,1940,1752,1943,1938],"class_list":{"0":"post-9263","1":"product","2":"type-product","3":"status-publish","4":"has-post-thumbnail","6":"product_brand-qsan-san-storage","7":"product_cat-storage","8":"product_cat-unified-san-nas","9":"product_tag-3u-16bay","10":"product_tag-dual-controller-unified-san-nas-storage","11":"product_tag-gtm-teknoloji","12":"product_tag-qsan","13":"product_tag-qsan-xn8016d","14":"product_tag-unified-storage","16":"first","17":"instock","18":"taxable","19":"shipping-taxable","20":"product-type-external"},"yoast_head":"<!-- This site is optimized with the Yoast SEO Premium plugin v27.4 (Yoast SEO v27.4) - https:\/\/yoast.com\/product\/yoast-seo-premium-wordpress\/ -->\n<title>XN8016D QSAN XCubeNXT 16-bay Dual Unified Storage - GTM Teknoloji<\/title>\n<meta name=\"robots\" content=\"index, follow, max-snippet:-1, max-image-preview:large, max-video-preview:-1\" \/>\n<link rel=\"canonical\" href=\"https:\/\/gtmteknoloji.com\/b2b\/magaza\/storage\/unified-san-nas\/xn8016d-qsan-xcubenxt-16-bay-dual-unified-storage\/\" \/>\n<meta property=\"og:locale\" content=\"tr_TR\" \/>\n<meta property=\"og:type\" content=\"article\" \/>\n<meta property=\"og:title\" content=\"XN8016D QSAN XCubeNXT 16-bay Dual Unified Storage\" \/>\n<meta property=\"og:description\" content=\"TEKL\u0130F TALEP QSAN 16-bay Dual Unified Storage - XCubeNXT XN8016D\" \/>\n<meta property=\"og:url\" content=\"https:\/\/gtmteknoloji.com\/b2b\/magaza\/storage\/unified-san-nas\/xn8016d-qsan-xcubenxt-16-bay-dual-unified-storage\/\" \/>\n<meta property=\"og:site_name\" content=\"GTM Teknoloji\" \/>\n<meta property=\"article:publisher\" content=\"https:\/\/www.facebook.com\/SupermicroTurkiye\/?locale=tr_TR\" \/>\n<meta property=\"article:modified_time\" content=\"2025-04-14T01:26:02+00:00\" \/>\n<meta property=\"og:image\" content=\"https:\/\/gtmteknoloji.com\/b2b\/wp-content\/uploads\/2020\/12\/QSAN_XN8016D_1.png\" \/>\n\t<meta property=\"og:image:width\" content=\"2000\" \/>\n\t<meta property=\"og:image:height\" content=\"2000\" \/>\n\t<meta property=\"og:image:type\" content=\"image\/png\" \/>\n<meta name=\"twitter:card\" content=\"summary_large_image\" \/>\n<meta name=\"twitter:site\" content=\"@gtmteknoloji\" \/>\n<meta name=\"twitter:label1\" content=\"Fiyat\" \/>\n\t<meta name=\"twitter:data1\" content=\"\" \/>\n\t<meta name=\"twitter:label2\" content=\"Durumu\" \/>\n\t<meta name=\"twitter:data2\" content=\"Stokta var\" \/>\n<script type=\"application\/ld+json\" class=\"yoast-schema-graph\">{\"@context\":\"https:\\\/\\\/schema.org\",\"@graph\":[{\"@type\":\"WebPage\",\"@id\":\"https:\\\/\\\/gtmteknoloji.com\\\/b2b\\\/magaza\\\/storage\\\/unified-san-nas\\\/xn8016d-qsan-xcubenxt-16-bay-dual-unified-storage\\\/\",\"url\":\"https:\\\/\\\/gtmteknoloji.com\\\/b2b\\\/magaza\\\/storage\\\/unified-san-nas\\\/xn8016d-qsan-xcubenxt-16-bay-dual-unified-storage\\\/\",\"name\":\"XN8016D QSAN XCubeNXT 16-bay Dual Unified Storage - GTM Teknoloji\",\"isPartOf\":{\"@id\":\"https:\\\/\\\/gtmteknoloji.com\\\/b2b\\\/#website\"},\"primaryImageOfPage\":{\"@id\":\"https:\\\/\\\/gtmteknoloji.com\\\/b2b\\\/magaza\\\/storage\\\/unified-san-nas\\\/xn8016d-qsan-xcubenxt-16-bay-dual-unified-storage\\\/#primaryimage\"},\"image\":{\"@id\":\"https:\\\/\\\/gtmteknoloji.com\\\/b2b\\\/magaza\\\/storage\\\/unified-san-nas\\\/xn8016d-qsan-xcubenxt-16-bay-dual-unified-storage\\\/#primaryimage\"},\"thumbnailUrl\":\"https:\\\/\\\/gtmteknoloji.com\\\/b2b\\\/wp-content\\\/uploads\\\/2020\\\/12\\\/QSAN_XN8016D_1.png\",\"datePublished\":\"2025-04-14T01:25:58+00:00\",\"dateModified\":\"2025-04-14T01:26:02+00:00\",\"breadcrumb\":{\"@id\":\"https:\\\/\\\/gtmteknoloji.com\\\/b2b\\\/magaza\\\/storage\\\/unified-san-nas\\\/xn8016d-qsan-xcubenxt-16-bay-dual-unified-storage\\\/#breadcrumb\"},\"inLanguage\":\"tr\",\"potentialAction\":[{\"@type\":\"ReadAction\",\"target\":[\"https:\\\/\\\/gtmteknoloji.com\\\/b2b\\\/magaza\\\/storage\\\/unified-san-nas\\\/xn8016d-qsan-xcubenxt-16-bay-dual-unified-storage\\\/\"]}]},{\"@type\":\"ImageObject\",\"inLanguage\":\"tr\",\"@id\":\"https:\\\/\\\/gtmteknoloji.com\\\/b2b\\\/magaza\\\/storage\\\/unified-san-nas\\\/xn8016d-qsan-xcubenxt-16-bay-dual-unified-storage\\\/#primaryimage\",\"url\":\"https:\\\/\\\/gtmteknoloji.com\\\/b2b\\\/wp-content\\\/uploads\\\/2020\\\/12\\\/QSAN_XN8016D_1.png\",\"contentUrl\":\"https:\\\/\\\/gtmteknoloji.com\\\/b2b\\\/wp-content\\\/uploads\\\/2020\\\/12\\\/QSAN_XN8016D_1.png\",\"width\":2000,\"height\":2000},{\"@type\":\"BreadcrumbList\",\"@id\":\"https:\\\/\\\/gtmteknoloji.com\\\/b2b\\\/magaza\\\/storage\\\/unified-san-nas\\\/xn8016d-qsan-xcubenxt-16-bay-dual-unified-storage\\\/#breadcrumb\",\"itemListElement\":[{\"@type\":\"ListItem\",\"position\":1,\"name\":\"Home\",\"item\":\"https:\\\/\\\/gtmteknoloji.com\\\/b2b\\\/\"},{\"@type\":\"ListItem\",\"position\":2,\"name\":\"Ma\u011faza\",\"item\":\"https:\\\/\\\/gtmteknoloji.com\\\/b2b\\\/magaza\\\/\"},{\"@type\":\"ListItem\",\"position\":3,\"name\":\"XN8016D QSAN XCubeNXT 16-bay Dual Unified Storage\"}]},{\"@type\":\"WebSite\",\"@id\":\"https:\\\/\\\/gtmteknoloji.com\\\/b2b\\\/#website\",\"url\":\"https:\\\/\\\/gtmteknoloji.com\\\/b2b\\\/\",\"name\":\"GTM Teknoloji\",\"description\":\"B2B Sat\u0131\u015f Portal\u0131\",\"publisher\":{\"@id\":\"https:\\\/\\\/gtmteknoloji.com\\\/b2b\\\/#organization\"},\"potentialAction\":[{\"@type\":\"SearchAction\",\"target\":{\"@type\":\"EntryPoint\",\"urlTemplate\":\"https:\\\/\\\/gtmteknoloji.com\\\/b2b\\\/?s={search_term_string}\"},\"query-input\":{\"@type\":\"PropertyValueSpecification\",\"valueRequired\":true,\"valueName\":\"search_term_string\"}}],\"inLanguage\":\"tr\"},{\"@type\":\"Organization\",\"@id\":\"https:\\\/\\\/gtmteknoloji.com\\\/b2b\\\/#organization\",\"name\":\"GTM Teknoloji\",\"url\":\"https:\\\/\\\/gtmteknoloji.com\\\/b2b\\\/\",\"logo\":{\"@type\":\"ImageObject\",\"inLanguage\":\"tr\",\"@id\":\"https:\\\/\\\/gtmteknoloji.com\\\/b2b\\\/#\\\/schema\\\/logo\\\/image\\\/\",\"url\":\"https:\\\/\\\/gtmteknoloji.com\\\/b2b\\\/wp-content\\\/uploads\\\/2020\\\/12\\\/GTM-logo.png\",\"contentUrl\":\"https:\\\/\\\/gtmteknoloji.com\\\/b2b\\\/wp-content\\\/uploads\\\/2020\\\/12\\\/GTM-logo.png\",\"width\":400,\"height\":400,\"caption\":\"GTM Teknoloji\"},\"image\":{\"@id\":\"https:\\\/\\\/gtmteknoloji.com\\\/b2b\\\/#\\\/schema\\\/logo\\\/image\\\/\"},\"sameAs\":[\"https:\\\/\\\/www.facebook.com\\\/SupermicroTurkiye\\\/?locale=tr_TR\",\"https:\\\/\\\/x.com\\\/gtmteknoloji\"]}]}<\/script>\n<meta property=\"product:brand\" content=\"QSAN\" \/>\n<meta property=\"product:price:currency\" content=\"USD\" \/>\n<meta property=\"og:availability\" content=\"instock\" \/>\n<meta property=\"product:availability\" content=\"instock\" \/>\n<meta property=\"product:retailer_item_id\" content=\"XN8016D\" \/>\n<meta property=\"product:condition\" content=\"new\" \/>\n<!-- \/ Yoast SEO Premium plugin. -->","yoast_head_json":{"title":"XN8016D QSAN XCubeNXT 16-bay Dual Unified Storage - GTM Teknoloji","robots":{"index":"index","follow":"follow","max-snippet":"max-snippet:-1","max-image-preview":"max-image-preview:large","max-video-preview":"max-video-preview:-1"},"canonical":"https:\/\/gtmteknoloji.com\/b2b\/magaza\/storage\/unified-san-nas\/xn8016d-qsan-xcubenxt-16-bay-dual-unified-storage\/","og_locale":"tr_TR","og_type":"article","og_title":"XN8016D QSAN XCubeNXT 16-bay Dual Unified Storage","og_description":"TEKL\u0130F TALEP QSAN 16-bay Dual Unified Storage - XCubeNXT XN8016D","og_url":"https:\/\/gtmteknoloji.com\/b2b\/magaza\/storage\/unified-san-nas\/xn8016d-qsan-xcubenxt-16-bay-dual-unified-storage\/","og_site_name":"GTM Teknoloji","article_publisher":"https:\/\/www.facebook.com\/SupermicroTurkiye\/?locale=tr_TR","article_modified_time":"2025-04-14T01:26:02+00:00","og_image":[{"width":2000,"height":2000,"url":"https:\/\/gtmteknoloji.com\/b2b\/wp-content\/uploads\/2020\/12\/QSAN_XN8016D_1.png","type":"image\/png"}],"twitter_card":"summary_large_image","twitter_site":"@gtmteknoloji","twitter_misc":{"Fiyat":"","Durumu":"Stokta var"},"schema":{"@context":"https:\/\/schema.org","@graph":[{"@type":"WebPage","@id":"https:\/\/gtmteknoloji.com\/b2b\/magaza\/storage\/unified-san-nas\/xn8016d-qsan-xcubenxt-16-bay-dual-unified-storage\/","url":"https:\/\/gtmteknoloji.com\/b2b\/magaza\/storage\/unified-san-nas\/xn8016d-qsan-xcubenxt-16-bay-dual-unified-storage\/","name":"XN8016D QSAN XCubeNXT 16-bay Dual Unified Storage - GTM Teknoloji","isPartOf":{"@id":"https:\/\/gtmteknoloji.com\/b2b\/#website"},"primaryImageOfPage":{"@id":"https:\/\/gtmteknoloji.com\/b2b\/magaza\/storage\/unified-san-nas\/xn8016d-qsan-xcubenxt-16-bay-dual-unified-storage\/#primaryimage"},"image":{"@id":"https:\/\/gtmteknoloji.com\/b2b\/magaza\/storage\/unified-san-nas\/xn8016d-qsan-xcubenxt-16-bay-dual-unified-storage\/#primaryimage"},"thumbnailUrl":"https:\/\/gtmteknoloji.com\/b2b\/wp-content\/uploads\/2020\/12\/QSAN_XN8016D_1.png","datePublished":"2025-04-14T01:25:58+00:00","dateModified":"2025-04-14T01:26:02+00:00","breadcrumb":{"@id":"https:\/\/gtmteknoloji.com\/b2b\/magaza\/storage\/unified-san-nas\/xn8016d-qsan-xcubenxt-16-bay-dual-unified-storage\/#breadcrumb"},"inLanguage":"tr","potentialAction":[{"@type":"ReadAction","target":["https:\/\/gtmteknoloji.com\/b2b\/magaza\/storage\/unified-san-nas\/xn8016d-qsan-xcubenxt-16-bay-dual-unified-storage\/"]}]},{"@type":"ImageObject","inLanguage":"tr","@id":"https:\/\/gtmteknoloji.com\/b2b\/magaza\/storage\/unified-san-nas\/xn8016d-qsan-xcubenxt-16-bay-dual-unified-storage\/#primaryimage","url":"https:\/\/gtmteknoloji.com\/b2b\/wp-content\/uploads\/2020\/12\/QSAN_XN8016D_1.png","contentUrl":"https:\/\/gtmteknoloji.com\/b2b\/wp-content\/uploads\/2020\/12\/QSAN_XN8016D_1.png","width":2000,"height":2000},{"@type":"BreadcrumbList","@id":"https:\/\/gtmteknoloji.com\/b2b\/magaza\/storage\/unified-san-nas\/xn8016d-qsan-xcubenxt-16-bay-dual-unified-storage\/#breadcrumb","itemListElement":[{"@type":"ListItem","position":1,"name":"Home","item":"https:\/\/gtmteknoloji.com\/b2b\/"},{"@type":"ListItem","position":2,"name":"Ma\u011faza","item":"https:\/\/gtmteknoloji.com\/b2b\/magaza\/"},{"@type":"ListItem","position":3,"name":"XN8016D QSAN XCubeNXT 16-bay Dual Unified Storage"}]},{"@type":"WebSite","@id":"https:\/\/gtmteknoloji.com\/b2b\/#website","url":"https:\/\/gtmteknoloji.com\/b2b\/","name":"GTM Teknoloji","description":"B2B Sat\u0131\u015f Portal\u0131","publisher":{"@id":"https:\/\/gtmteknoloji.com\/b2b\/#organization"},"potentialAction":[{"@type":"SearchAction","target":{"@type":"EntryPoint","urlTemplate":"https:\/\/gtmteknoloji.com\/b2b\/?s={search_term_string}"},"query-input":{"@type":"PropertyValueSpecification","valueRequired":true,"valueName":"search_term_string"}}],"inLanguage":"tr"},{"@type":"Organization","@id":"https:\/\/gtmteknoloji.com\/b2b\/#organization","name":"GTM Teknoloji","url":"https:\/\/gtmteknoloji.com\/b2b\/","logo":{"@type":"ImageObject","inLanguage":"tr","@id":"https:\/\/gtmteknoloji.com\/b2b\/#\/schema\/logo\/image\/","url":"https:\/\/gtmteknoloji.com\/b2b\/wp-content\/uploads\/2020\/12\/GTM-logo.png","contentUrl":"https:\/\/gtmteknoloji.com\/b2b\/wp-content\/uploads\/2020\/12\/GTM-logo.png","width":400,"height":400,"caption":"GTM Teknoloji"},"image":{"@id":"https:\/\/gtmteknoloji.com\/b2b\/#\/schema\/logo\/image\/"},"sameAs":["https:\/\/www.facebook.com\/SupermicroTurkiye\/?locale=tr_TR","https:\/\/x.com\/gtmteknoloji"]}]},"product_brand":"QSAN","product_price_currency":"USD","og_availability":"instock","product_availability":"instock","product_retailer_item_id":"XN8016D","product_condition":"new"},"_links":{"self":[{"href":"https:\/\/gtmteknoloji.com\/b2b\/wp-json\/wp\/v2\/product\/9263","targetHints":{"allow":["GET"]}}],"collection":[{"href":"https:\/\/gtmteknoloji.com\/b2b\/wp-json\/wp\/v2\/product"}],"about":[{"href":"https:\/\/gtmteknoloji.com\/b2b\/wp-json\/wp\/v2\/types\/product"}],"version-history":[{"count":1,"href":"https:\/\/gtmteknoloji.com\/b2b\/wp-json\/wp\/v2\/product\/9263\/revisions"}],"predecessor-version":[{"id":9276,"href":"https:\/\/gtmteknoloji.com\/b2b\/wp-json\/wp\/v2\/product\/9263\/revisions\/9276"}],"wp:featuredmedia":[{"embeddable":true,"href":"https:\/\/gtmteknoloji.com\/b2b\/wp-json\/wp\/v2\/media\/4328"}],"wp:attachment":[{"href":"https:\/\/gtmteknoloji.com\/b2b\/wp-json\/wp\/v2\/media?parent=9263"}],"wp:term":[{"taxonomy":"product_brand","embeddable":true,"href":"https:\/\/gtmteknoloji.com\/b2b\/wp-json\/wp\/v2\/product_brand?post=9263"},{"taxonomy":"product_cat","embeddable":true,"href":"https:\/\/gtmteknoloji.com\/b2b\/wp-json\/wp\/v2\/product_cat?post=9263"},{"taxonomy":"product_tag","embeddable":true,"href":"https:\/\/gtmteknoloji.com\/b2b\/wp-json\/wp\/v2\/product_tag?post=9263"}],"curies":[{"name":"wp","href":"https:\/\/api.w.org\/{rel}","templated":true}]}}