{"id":9363,"date":"2025-04-14T04:26:22","date_gmt":"2025-04-14T01:26:22","guid":{"rendered":"https:\/\/gtmteknoloji.com\/b2b\/?post_type=product&#038;p=9363"},"modified":"2026-04-17T01:24:37","modified_gmt":"2026-04-16T22:24:37","slug":"superstorage-2028r-dn2r48l-storage","status":"publish","type":"product","link":"https:\/\/gtmteknoloji.com\/b2b\/magaza\/storage-server\/general-purpose-storage\/superstorage-2028r-dn2r48l-storage\/","title":{"rendered":"SuperStorage 2028R-DN2R48L Storage (EOL)"},"content":{"rendered":"<p>(Complete System Only)<\/p>\n<table class=\"table_5_10 table_compare\">\n<tbody>\n<tr class=\"category\">\n<td colspan=\"2\">Main Specifications<\/td>\n<\/tr>\n<tr class=\"details\">\n<td class=\"label\">Series<\/td>\n<td>SuperStorage<\/td>\n<\/tr>\n<tr class=\"details\">\n<td class=\"label\">Supported Processor<\/td>\n<td>Intel Xeon Processor E5-2600 v4 \/ v3 Series<\/td>\n<\/tr>\n<tr class=\"details\">\n<td class=\"label\">System Bus<\/td>\n<td>9.6 GT\/s QPI<\/td>\n<\/tr>\n<tr class=\"details\">\n<td class=\"label\">Memory Technology<\/td>\n<td>DDR4 ECC Reg<\/td>\n<\/tr>\n<tr class=\"details\">\n<td class=\"label\">Chipset<\/td>\n<td>Intel C612<\/td>\n<\/tr>\n<tr class=\"details\">\n<td class=\"label\">Form Factor<\/td>\n<td>2U<\/td>\n<\/tr>\n<tr class=\"details\">\n<td class=\"label\">Color<\/td>\n<td>Black<\/td>\n<\/tr>\n<tr class=\"details\">\n<td class=\"label\">Nodes in unit<\/td>\n<td>2<\/td>\n<\/tr>\n<tr class=\"category\">\n<td colspan=\"2\">Detailed Specifications<\/td>\n<\/tr>\n<tr class=\"details\">\n<td class=\"label\">Memory Slots<\/td>\n<td>16x 288-pin DIMM Sockets (per node)<\/td>\n<\/tr>\n<tr class=\"details\">\n<td class=\"label\">Graphics<\/td>\n<td>ASPEED AST2400 BMC<\/td>\n<\/tr>\n<tr class=\"details\">\n<td class=\"label\">Ethernet<\/td>\n<td>Intel\u00ae X540 Dual Port 10GBase-T<\/td>\n<\/tr>\n<tr class=\"details\">\n<td class=\"label\">Serial ATA<\/td>\n<td>SATA3 (6Gbps); RAID 0, 1<\/td>\n<\/tr>\n<tr class=\"details\">\n<td class=\"label\">Power<\/td>\n<td>2000W Redundant Power Supplies with PMBus<\/td>\n<\/tr>\n<tr class=\"details\">\n<td class=\"label\">External Bays<\/td>\n<td>48x Hot-swap 2.5&#8243; dual port NVMe drive bays<\/td>\n<\/tr>\n<tr class=\"details\">\n<td class=\"label\">Expansion Slots<\/td>\n<td>1x PCI-E 3.0 x16 HHHL slot<br \/>\n1x PCI-E 3.0 x8 HHHL slot<br \/>\n1x SIOM slot<\/td>\n<\/tr>\n<tr class=\"details\">\n<td class=\"label\">Management<\/td>\n<td>Support for Intelligent Platform Management Interface v.2.0<\/td>\n<\/tr>\n<tr class=\"details\">\n<td class=\"label\">Front Panel<\/td>\n<td>Power On\/Off button<br \/>\nPower LED<br \/>\nHeartbeat LED<br \/>\n2 Network activity LEDs<br \/>\nPower Fail LED<br \/>\nOverheat\/Fan Fail LED<\/td>\n<\/tr>\n<tr class=\"details\">\n<td class=\"label\">Back Panel<\/td>\n<td>2x USB 3.0 ports<br \/>\n2x RJ45 10GBase-T LAN ports<br \/>\n1x RJ45 Dedicated IPMI LAN port<br \/>\n1x VGA port<\/td>\n<\/tr>\n<tr class=\"details\">\n<td class=\"label\">BIOS<\/td>\n<td>128Mb SPI Flash EEPROM with AMI BIOS<\/td>\n<\/tr>\n<tr class=\"details\">\n<td class=\"label\">Cooling<\/td>\n<td>5x 8cm high-performance PWM fans<\/td>\n<\/tr>\n<tr class=\"details\">\n<td class=\"label\">Dimensions (WxHxD)<\/td>\n<td>17.2&#8243; (437mm) x 3.5&#8243; (89mm) x 33.3&#8243; (846mm)<\/td>\n<\/tr>\n<tr class=\"details\">\n<td class=\"label\">Gross Weight<\/td>\n<td>86.9 lbs (39.42 kg)<\/td>\n<\/tr>\n<tr class=\"details\">\n<td class=\"label\">USB Ports<\/td>\n<td>3x USB 3.0 ports (2 rear, 1 Type A)<\/td>\n<\/tr>\n<tr class=\"details\">\n<td class=\"label\">Serial Ports<\/td>\n<td>1x COM port via riser<\/td>\n<\/tr>\n<tr class=\"details\">\n<td class=\"label\">LAN Ports<\/td>\n<td>2x RJ45 10GBase-T LAN ports<br \/>\n1x RJ45 Dedicated IPMI LAN port<\/td>\n<\/tr>\n<tr class=\"details\">\n<td class=\"label\">SATA DOM<\/td>\n<td>2x SATA DOM support with built-in power (per node)<\/td>\n<\/tr>\n<tr class=\"details\">\n<td class=\"label\">Integrated Graphics<\/td>\n<td>Yes<\/td>\n<\/tr>\n<tr class=\"details\">\n<td class=\"label\">VGA Ports<\/td>\n<td>1<\/td>\n<\/tr>\n<tr class=\"details\">\n<td class=\"label\">Trusted Platform Module<\/td>\n<td>1 TPM Header<\/td>\n<\/tr>\n<\/tbody>\n<\/table>\n<p>&nbsp;<\/p>\n","protected":false},"excerpt":{"rendered":"<h1><a href=\"https:\/\/gtmteknoloji.com\/teklif-talep\/\">TEKL\u0130F AL<\/a><\/h1>\n<div class=\"grid_2 alignCenter\">\n<div class=\"container spec-container\">\n<div class=\"spec-main \">\n<div class=\"sku\">\n<div class=\"container spec-container\">\n<div class=\"spec-main \">\n<div class=\"sku\">\n<div class=\"grid_2 alignCenter\">\n<div class=\"seoimage\">\n<div class=\"grid_2 alignCenter\">\n<div class=\"seoimage\">Supermicro SuperStorage Server SSG-2028R-DN2R48L &#8211; 48x NVMe &#8211; Dual 10-Gigabit Ethernet &#8211; 2000W Redundant<\/div>\n<\/div>\n<\/div>\n<\/div>\n<\/div>\n<\/div>\n<\/div>\n<\/div>\n<\/div>\n<\/div>\n<\/div>\n","protected":false},"featured_media":4655,"template":"","meta":[],"product_brand":[338],"product_cat":[1986,1779],"product_tag":[1766,1987,1903,2044,1777,1899],"class_list":{"0":"post-9363","1":"product","2":"type-product","3":"status-publish","4":"has-post-thumbnail","6":"product_brand-supermicro-server-turkiye","7":"product_cat-general-purpose-storage","8":"product_cat-storage-server","9":"product_tag-2u-rackmount","10":"product_tag-general-purpose-storage","11":"product_tag-sanallastirma-sunucu","12":"product_tag-ssg-2028r-dn2r48l","13":"product_tag-storage-server","14":"product_tag-superstorage","16":"first","17":"instock","18":"taxable","19":"shipping-taxable","20":"product-type-external"},"yoast_head":"<!-- This site is optimized with the Yoast SEO Premium plugin v27.4 (Yoast SEO v27.4) - https:\/\/yoast.com\/product\/yoast-seo-premium-wordpress\/ -->\n<title>SuperStorage 2028R-DN2R48L Storage (EOL) - GTM Teknoloji<\/title>\n<meta name=\"robots\" content=\"index, follow, max-snippet:-1, max-image-preview:large, max-video-preview:-1\" \/>\n<link rel=\"canonical\" href=\"https:\/\/gtmteknoloji.com\/b2b\/magaza\/storage-server\/general-purpose-storage\/superstorage-2028r-dn2r48l-storage\/\" \/>\n<meta property=\"og:locale\" content=\"tr_TR\" \/>\n<meta property=\"og:type\" content=\"article\" \/>\n<meta property=\"og:title\" content=\"SuperStorage 2028R-DN2R48L Storage (EOL)\" \/>\n<meta property=\"og:description\" content=\"TEKL\u0130F AL           Supermicro SuperStorage Server SSG-2028R-DN2R48L - 48x NVMe - Dual 10-Gigabit Ethernet - 2000W Redundant\" \/>\n<meta property=\"og:url\" content=\"https:\/\/gtmteknoloji.com\/b2b\/magaza\/storage-server\/general-purpose-storage\/superstorage-2028r-dn2r48l-storage\/\" \/>\n<meta property=\"og:site_name\" content=\"GTM Teknoloji\" \/>\n<meta property=\"article:publisher\" content=\"https:\/\/www.facebook.com\/SupermicroTurkiye\/?locale=tr_TR\" \/>\n<meta property=\"article:modified_time\" content=\"2026-04-16T22:24:37+00:00\" \/>\n<meta property=\"og:image\" content=\"https:\/\/gtmteknoloji.com\/b2b\/wp-content\/uploads\/2020\/12\/SSG-2028R-DN2R48L.png\" \/>\n\t<meta property=\"og:image:width\" content=\"261\" \/>\n\t<meta property=\"og:image:height\" content=\"222\" \/>\n\t<meta property=\"og:image:type\" content=\"image\/png\" \/>\n<meta name=\"twitter:card\" content=\"summary_large_image\" \/>\n<meta name=\"twitter:site\" content=\"@gtmteknoloji\" \/>\n<meta name=\"twitter:label1\" content=\"Fiyat\" \/>\n\t<meta name=\"twitter:data1\" content=\"\" \/>\n\t<meta name=\"twitter:label2\" content=\"Durumu\" \/>\n\t<meta name=\"twitter:data2\" content=\"Stokta var\" \/>\n<script type=\"application\/ld+json\" class=\"yoast-schema-graph\">{\"@context\":\"https:\\\/\\\/schema.org\",\"@graph\":[{\"@type\":\"WebPage\",\"@id\":\"https:\\\/\\\/gtmteknoloji.com\\\/b2b\\\/magaza\\\/storage-server\\\/general-purpose-storage\\\/superstorage-2028r-dn2r48l-storage\\\/\",\"url\":\"https:\\\/\\\/gtmteknoloji.com\\\/b2b\\\/magaza\\\/storage-server\\\/general-purpose-storage\\\/superstorage-2028r-dn2r48l-storage\\\/\",\"name\":\"SuperStorage 2028R-DN2R48L Storage (EOL) - GTM Teknoloji\",\"isPartOf\":{\"@id\":\"https:\\\/\\\/gtmteknoloji.com\\\/b2b\\\/#website\"},\"primaryImageOfPage\":{\"@id\":\"https:\\\/\\\/gtmteknoloji.com\\\/b2b\\\/magaza\\\/storage-server\\\/general-purpose-storage\\\/superstorage-2028r-dn2r48l-storage\\\/#primaryimage\"},\"image\":{\"@id\":\"https:\\\/\\\/gtmteknoloji.com\\\/b2b\\\/magaza\\\/storage-server\\\/general-purpose-storage\\\/superstorage-2028r-dn2r48l-storage\\\/#primaryimage\"},\"thumbnailUrl\":\"https:\\\/\\\/gtmteknoloji.com\\\/b2b\\\/wp-content\\\/uploads\\\/2020\\\/12\\\/SSG-2028R-DN2R48L.png\",\"datePublished\":\"2025-04-14T01:26:22+00:00\",\"dateModified\":\"2026-04-16T22:24:37+00:00\",\"breadcrumb\":{\"@id\":\"https:\\\/\\\/gtmteknoloji.com\\\/b2b\\\/magaza\\\/storage-server\\\/general-purpose-storage\\\/superstorage-2028r-dn2r48l-storage\\\/#breadcrumb\"},\"inLanguage\":\"tr\",\"potentialAction\":[{\"@type\":\"ReadAction\",\"target\":[\"https:\\\/\\\/gtmteknoloji.com\\\/b2b\\\/magaza\\\/storage-server\\\/general-purpose-storage\\\/superstorage-2028r-dn2r48l-storage\\\/\"]}]},{\"@type\":\"ImageObject\",\"inLanguage\":\"tr\",\"@id\":\"https:\\\/\\\/gtmteknoloji.com\\\/b2b\\\/magaza\\\/storage-server\\\/general-purpose-storage\\\/superstorage-2028r-dn2r48l-storage\\\/#primaryimage\",\"url\":\"https:\\\/\\\/gtmteknoloji.com\\\/b2b\\\/wp-content\\\/uploads\\\/2020\\\/12\\\/SSG-2028R-DN2R48L.png\",\"contentUrl\":\"https:\\\/\\\/gtmteknoloji.com\\\/b2b\\\/wp-content\\\/uploads\\\/2020\\\/12\\\/SSG-2028R-DN2R48L.png\",\"width\":261,\"height\":222},{\"@type\":\"BreadcrumbList\",\"@id\":\"https:\\\/\\\/gtmteknoloji.com\\\/b2b\\\/magaza\\\/storage-server\\\/general-purpose-storage\\\/superstorage-2028r-dn2r48l-storage\\\/#breadcrumb\",\"itemListElement\":[{\"@type\":\"ListItem\",\"position\":1,\"name\":\"Home\",\"item\":\"https:\\\/\\\/gtmteknoloji.com\\\/b2b\\\/\"},{\"@type\":\"ListItem\",\"position\":2,\"name\":\"Ma\u011faza\",\"item\":\"https:\\\/\\\/gtmteknoloji.com\\\/b2b\\\/magaza\\\/\"},{\"@type\":\"ListItem\",\"position\":3,\"name\":\"SuperStorage 2028R-DN2R48L Storage (EOL)\"}]},{\"@type\":\"WebSite\",\"@id\":\"https:\\\/\\\/gtmteknoloji.com\\\/b2b\\\/#website\",\"url\":\"https:\\\/\\\/gtmteknoloji.com\\\/b2b\\\/\",\"name\":\"GTM Teknoloji\",\"description\":\"B2B Sat\u0131\u015f Portal\u0131\",\"publisher\":{\"@id\":\"https:\\\/\\\/gtmteknoloji.com\\\/b2b\\\/#organization\"},\"potentialAction\":[{\"@type\":\"SearchAction\",\"target\":{\"@type\":\"EntryPoint\",\"urlTemplate\":\"https:\\\/\\\/gtmteknoloji.com\\\/b2b\\\/?s={search_term_string}\"},\"query-input\":{\"@type\":\"PropertyValueSpecification\",\"valueRequired\":true,\"valueName\":\"search_term_string\"}}],\"inLanguage\":\"tr\"},{\"@type\":\"Organization\",\"@id\":\"https:\\\/\\\/gtmteknoloji.com\\\/b2b\\\/#organization\",\"name\":\"GTM Teknoloji\",\"url\":\"https:\\\/\\\/gtmteknoloji.com\\\/b2b\\\/\",\"logo\":{\"@type\":\"ImageObject\",\"inLanguage\":\"tr\",\"@id\":\"https:\\\/\\\/gtmteknoloji.com\\\/b2b\\\/#\\\/schema\\\/logo\\\/image\\\/\",\"url\":\"https:\\\/\\\/gtmteknoloji.com\\\/b2b\\\/wp-content\\\/uploads\\\/2020\\\/12\\\/GTM-logo.png\",\"contentUrl\":\"https:\\\/\\\/gtmteknoloji.com\\\/b2b\\\/wp-content\\\/uploads\\\/2020\\\/12\\\/GTM-logo.png\",\"width\":400,\"height\":400,\"caption\":\"GTM Teknoloji\"},\"image\":{\"@id\":\"https:\\\/\\\/gtmteknoloji.com\\\/b2b\\\/#\\\/schema\\\/logo\\\/image\\\/\"},\"sameAs\":[\"https:\\\/\\\/www.facebook.com\\\/SupermicroTurkiye\\\/?locale=tr_TR\",\"https:\\\/\\\/x.com\\\/gtmteknoloji\"]}]}<\/script>\n<meta property=\"product:brand\" content=\"Supermicro\" \/>\n<meta property=\"product:price:currency\" content=\"USD\" \/>\n<meta property=\"og:availability\" content=\"instock\" \/>\n<meta property=\"product:availability\" content=\"instock\" \/>\n<meta property=\"product:retailer_item_id\" content=\"SSG-2028R-029\" \/>\n<meta property=\"product:condition\" content=\"new\" \/>\n<!-- \/ Yoast SEO Premium plugin. -->","yoast_head_json":{"title":"SuperStorage 2028R-DN2R48L Storage (EOL) - GTM Teknoloji","robots":{"index":"index","follow":"follow","max-snippet":"max-snippet:-1","max-image-preview":"max-image-preview:large","max-video-preview":"max-video-preview:-1"},"canonical":"https:\/\/gtmteknoloji.com\/b2b\/magaza\/storage-server\/general-purpose-storage\/superstorage-2028r-dn2r48l-storage\/","og_locale":"tr_TR","og_type":"article","og_title":"SuperStorage 2028R-DN2R48L Storage (EOL)","og_description":"TEKL\u0130F AL           Supermicro SuperStorage Server SSG-2028R-DN2R48L - 48x NVMe - Dual 10-Gigabit Ethernet - 2000W Redundant","og_url":"https:\/\/gtmteknoloji.com\/b2b\/magaza\/storage-server\/general-purpose-storage\/superstorage-2028r-dn2r48l-storage\/","og_site_name":"GTM Teknoloji","article_publisher":"https:\/\/www.facebook.com\/SupermicroTurkiye\/?locale=tr_TR","article_modified_time":"2026-04-16T22:24:37+00:00","og_image":[{"width":261,"height":222,"url":"https:\/\/gtmteknoloji.com\/b2b\/wp-content\/uploads\/2020\/12\/SSG-2028R-DN2R48L.png","type":"image\/png"}],"twitter_card":"summary_large_image","twitter_site":"@gtmteknoloji","twitter_misc":{"Fiyat":"","Durumu":"Stokta var"},"schema":{"@context":"https:\/\/schema.org","@graph":[{"@type":"WebPage","@id":"https:\/\/gtmteknoloji.com\/b2b\/magaza\/storage-server\/general-purpose-storage\/superstorage-2028r-dn2r48l-storage\/","url":"https:\/\/gtmteknoloji.com\/b2b\/magaza\/storage-server\/general-purpose-storage\/superstorage-2028r-dn2r48l-storage\/","name":"SuperStorage 2028R-DN2R48L Storage (EOL) - GTM Teknoloji","isPartOf":{"@id":"https:\/\/gtmteknoloji.com\/b2b\/#website"},"primaryImageOfPage":{"@id":"https:\/\/gtmteknoloji.com\/b2b\/magaza\/storage-server\/general-purpose-storage\/superstorage-2028r-dn2r48l-storage\/#primaryimage"},"image":{"@id":"https:\/\/gtmteknoloji.com\/b2b\/magaza\/storage-server\/general-purpose-storage\/superstorage-2028r-dn2r48l-storage\/#primaryimage"},"thumbnailUrl":"https:\/\/gtmteknoloji.com\/b2b\/wp-content\/uploads\/2020\/12\/SSG-2028R-DN2R48L.png","datePublished":"2025-04-14T01:26:22+00:00","dateModified":"2026-04-16T22:24:37+00:00","breadcrumb":{"@id":"https:\/\/gtmteknoloji.com\/b2b\/magaza\/storage-server\/general-purpose-storage\/superstorage-2028r-dn2r48l-storage\/#breadcrumb"},"inLanguage":"tr","potentialAction":[{"@type":"ReadAction","target":["https:\/\/gtmteknoloji.com\/b2b\/magaza\/storage-server\/general-purpose-storage\/superstorage-2028r-dn2r48l-storage\/"]}]},{"@type":"ImageObject","inLanguage":"tr","@id":"https:\/\/gtmteknoloji.com\/b2b\/magaza\/storage-server\/general-purpose-storage\/superstorage-2028r-dn2r48l-storage\/#primaryimage","url":"https:\/\/gtmteknoloji.com\/b2b\/wp-content\/uploads\/2020\/12\/SSG-2028R-DN2R48L.png","contentUrl":"https:\/\/gtmteknoloji.com\/b2b\/wp-content\/uploads\/2020\/12\/SSG-2028R-DN2R48L.png","width":261,"height":222},{"@type":"BreadcrumbList","@id":"https:\/\/gtmteknoloji.com\/b2b\/magaza\/storage-server\/general-purpose-storage\/superstorage-2028r-dn2r48l-storage\/#breadcrumb","itemListElement":[{"@type":"ListItem","position":1,"name":"Home","item":"https:\/\/gtmteknoloji.com\/b2b\/"},{"@type":"ListItem","position":2,"name":"Ma\u011faza","item":"https:\/\/gtmteknoloji.com\/b2b\/magaza\/"},{"@type":"ListItem","position":3,"name":"SuperStorage 2028R-DN2R48L Storage (EOL)"}]},{"@type":"WebSite","@id":"https:\/\/gtmteknoloji.com\/b2b\/#website","url":"https:\/\/gtmteknoloji.com\/b2b\/","name":"GTM Teknoloji","description":"B2B Sat\u0131\u015f Portal\u0131","publisher":{"@id":"https:\/\/gtmteknoloji.com\/b2b\/#organization"},"potentialAction":[{"@type":"SearchAction","target":{"@type":"EntryPoint","urlTemplate":"https:\/\/gtmteknoloji.com\/b2b\/?s={search_term_string}"},"query-input":{"@type":"PropertyValueSpecification","valueRequired":true,"valueName":"search_term_string"}}],"inLanguage":"tr"},{"@type":"Organization","@id":"https:\/\/gtmteknoloji.com\/b2b\/#organization","name":"GTM Teknoloji","url":"https:\/\/gtmteknoloji.com\/b2b\/","logo":{"@type":"ImageObject","inLanguage":"tr","@id":"https:\/\/gtmteknoloji.com\/b2b\/#\/schema\/logo\/image\/","url":"https:\/\/gtmteknoloji.com\/b2b\/wp-content\/uploads\/2020\/12\/GTM-logo.png","contentUrl":"https:\/\/gtmteknoloji.com\/b2b\/wp-content\/uploads\/2020\/12\/GTM-logo.png","width":400,"height":400,"caption":"GTM Teknoloji"},"image":{"@id":"https:\/\/gtmteknoloji.com\/b2b\/#\/schema\/logo\/image\/"},"sameAs":["https:\/\/www.facebook.com\/SupermicroTurkiye\/?locale=tr_TR","https:\/\/x.com\/gtmteknoloji"]}]},"product_brand":"Supermicro","product_price_currency":"USD","og_availability":"instock","product_availability":"instock","product_retailer_item_id":"SSG-2028R-029","product_condition":"new"},"_links":{"self":[{"href":"https:\/\/gtmteknoloji.com\/b2b\/wp-json\/wp\/v2\/product\/9363","targetHints":{"allow":["GET"]}}],"collection":[{"href":"https:\/\/gtmteknoloji.com\/b2b\/wp-json\/wp\/v2\/product"}],"about":[{"href":"https:\/\/gtmteknoloji.com\/b2b\/wp-json\/wp\/v2\/types\/product"}],"version-history":[{"count":2,"href":"https:\/\/gtmteknoloji.com\/b2b\/wp-json\/wp\/v2\/product\/9363\/revisions"}],"predecessor-version":[{"id":12298,"href":"https:\/\/gtmteknoloji.com\/b2b\/wp-json\/wp\/v2\/product\/9363\/revisions\/12298"}],"wp:featuredmedia":[{"embeddable":true,"href":"https:\/\/gtmteknoloji.com\/b2b\/wp-json\/wp\/v2\/media\/4655"}],"wp:attachment":[{"href":"https:\/\/gtmteknoloji.com\/b2b\/wp-json\/wp\/v2\/media?parent=9363"}],"wp:term":[{"taxonomy":"product_brand","embeddable":true,"href":"https:\/\/gtmteknoloji.com\/b2b\/wp-json\/wp\/v2\/product_brand?post=9363"},{"taxonomy":"product_cat","embeddable":true,"href":"https:\/\/gtmteknoloji.com\/b2b\/wp-json\/wp\/v2\/product_cat?post=9363"},{"taxonomy":"product_tag","embeddable":true,"href":"https:\/\/gtmteknoloji.com\/b2b\/wp-json\/wp\/v2\/product_tag?post=9363"}],"curies":[{"name":"wp","href":"https:\/\/api.w.org\/{rel}","templated":true}]}}