{"id":9436,"date":"2025-04-14T04:26:34","date_gmt":"2025-04-14T01:26:34","guid":{"rendered":"https:\/\/gtmteknoloji.com\/b2b\/?post_type=product&#038;p=9436"},"modified":"2025-04-14T04:26:36","modified_gmt":"2025-04-14T01:26:36","slug":"superchassis-216be1c-r741jbod-jbod-storage","status":"publish","type":"product","link":"https:\/\/gtmteknoloji.com\/b2b\/magaza\/storage\/jbod-storage\/superchassis-216be1c-r741jbod-jbod-storage\/","title":{"rendered":"SuperChassis 216BE1C-R741JBOD JBOD Storage"},"content":{"rendered":"<div class=\"row \">\n<div class=\"col col-xs-12 col-sm-5 col-md-4 \">\n<div class=\"col col-xs-12 col-sm-5 col-md-4 \">\n<p><span class=\"tertiaryNavSection\">Key Features<\/span><\/p>\n<div class=\"keyFeaturesLine\"><\/div>\n<ol class=\"key-feature-list\">\n<li><b><span style=\"color: red;\">Cloud Backup, Data Replication, or High Density Archive Storage Applications<\/span><\/b>2U Storage JBOD Chassis with capacity 24\u00a0x 2.5&#8243; hot-swappable\u00a0HDDs bays<\/li>\n<li>Single Expander Backplane Boards support SAS3\/2 or SATA3 HDDs with 12Gb\/s throughput<\/li>\n<li>4 x Mini-SAS HD ports for Internal \/ External Cascading Expander Combination for high performance, high availability or high redundancy requirements<\/li>\n<li>1x IPMI port for Remote System Power on\/off and system monitoring<\/li>\n<li>Support NTP for time synchronization &amp; RTC battery backup<\/li>\n<li>740W (1+1) 95% efficient Platinum level power supplies<\/li>\n<li>3 x 80mm high\u00a0efficient hot-swappable fans for best system cooling<\/li>\n<li>Ideal for Cloud\u00a0backup, data Replication\u00a0or High desnsity Archive Storage Applications<\/li>\n<li>Qualified SAS HBA \/ controller:<br \/>\n<b>AOC-SAS3-9300-8E<\/b>\u00a0&#8211; 12Gb\/s 2-external ports SAS3 HBA<br \/>\n<b>AOC-SAS3-9380-8E<\/b>\u00a0&#8211; 12Gb\/s 2-external ports SAS3 RAID Controller<\/li>\n<\/ol>\n<\/div>\n<\/div>\n<\/div>\n","protected":false},"excerpt":{"rendered":"<h1><a href=\"https:\/\/gtmteknoloji.com\/teklif-talep\/\">TEKL\u0130F AL<\/a><\/h1>\n<div class=\"grid_2 alignCenter\">\n<div class=\"seoimage\">\n<div class=\"container\">\n<div class=\"spec-main template\">\n<div class=\"sku\">Supermicro SuperChassis CSE-216BE1C-R741JBOD &#8211; 2U &#8211; 24x 2.5&#8243; SAS3 &#8211; Single Expander &#8211; 740W Redundant<\/div>\n<\/div>\n<\/div>\n<\/div>\n<\/div>\n","protected":false},"featured_media":4889,"template":"","meta":[],"product_brand":[338],"product_cat":[2105,1743],"product_tag":[1855,2113,2107,1903],"class_list":{"0":"post-9436","1":"product","2":"type-product","3":"status-publish","4":"has-post-thumbnail","6":"product_brand-supermicro-server-turkiye","7":"product_cat-jbod-storage","8":"product_cat-storage","9":"product_tag-2u","10":"product_tag-cse-216be1c-r741jbod","11":"product_tag-jbod-storage","12":"product_tag-sanallastirma-sunucu","14":"first","15":"instock","16":"taxable","17":"shipping-taxable","18":"product-type-external"},"yoast_head":"<!-- This site is optimized with the Yoast SEO Premium plugin v27.4 (Yoast SEO v27.4) - https:\/\/yoast.com\/product\/yoast-seo-premium-wordpress\/ -->\n<title>SuperChassis 216BE1C-R741JBOD JBOD Storage - GTM Teknoloji<\/title>\n<meta name=\"robots\" content=\"index, follow, max-snippet:-1, max-image-preview:large, max-video-preview:-1\" \/>\n<link rel=\"canonical\" href=\"https:\/\/gtmteknoloji.com\/b2b\/magaza\/storage\/jbod-storage\/superchassis-216be1c-r741jbod-jbod-storage\/\" \/>\n<meta property=\"og:locale\" content=\"tr_TR\" \/>\n<meta property=\"og:type\" content=\"article\" \/>\n<meta property=\"og:title\" content=\"SuperChassis 216BE1C-R741JBOD JBOD Storage\" \/>\n<meta property=\"og:description\" content=\"TEKL\u0130F AL     Supermicro SuperChassis CSE-216BE1C-R741JBOD - 2U - 24x 2.5&quot; SAS3 - Single Expander - 740W Redundant\" \/>\n<meta property=\"og:url\" content=\"https:\/\/gtmteknoloji.com\/b2b\/magaza\/storage\/jbod-storage\/superchassis-216be1c-r741jbod-jbod-storage\/\" \/>\n<meta property=\"og:site_name\" content=\"GTM Teknoloji\" \/>\n<meta property=\"article:publisher\" content=\"https:\/\/www.facebook.com\/SupermicroTurkiye\/?locale=tr_TR\" \/>\n<meta property=\"article:modified_time\" content=\"2025-04-14T01:26:36+00:00\" \/>\n<meta property=\"og:image\" content=\"https:\/\/gtmteknoloji.com\/b2b\/wp-content\/uploads\/2020\/12\/cse-216be2c-920jbod_front-scaled.jpg\" \/>\n\t<meta property=\"og:image:width\" content=\"2560\" \/>\n\t<meta property=\"og:image:height\" content=\"646\" \/>\n\t<meta property=\"og:image:type\" content=\"image\/jpeg\" \/>\n<meta name=\"twitter:card\" content=\"summary_large_image\" \/>\n<meta name=\"twitter:site\" content=\"@gtmteknoloji\" \/>\n<meta name=\"twitter:label1\" content=\"Fiyat\" \/>\n\t<meta name=\"twitter:data1\" content=\"\" \/>\n\t<meta name=\"twitter:label2\" content=\"Durumu\" \/>\n\t<meta name=\"twitter:data2\" content=\"Stokta var\" \/>\n<script type=\"application\/ld+json\" class=\"yoast-schema-graph\">{\"@context\":\"https:\\\/\\\/schema.org\",\"@graph\":[{\"@type\":\"WebPage\",\"@id\":\"https:\\\/\\\/gtmteknoloji.com\\\/b2b\\\/magaza\\\/storage\\\/jbod-storage\\\/superchassis-216be1c-r741jbod-jbod-storage\\\/\",\"url\":\"https:\\\/\\\/gtmteknoloji.com\\\/b2b\\\/magaza\\\/storage\\\/jbod-storage\\\/superchassis-216be1c-r741jbod-jbod-storage\\\/\",\"name\":\"SuperChassis 216BE1C-R741JBOD JBOD Storage - GTM Teknoloji\",\"isPartOf\":{\"@id\":\"https:\\\/\\\/gtmteknoloji.com\\\/b2b\\\/#website\"},\"primaryImageOfPage\":{\"@id\":\"https:\\\/\\\/gtmteknoloji.com\\\/b2b\\\/magaza\\\/storage\\\/jbod-storage\\\/superchassis-216be1c-r741jbod-jbod-storage\\\/#primaryimage\"},\"image\":{\"@id\":\"https:\\\/\\\/gtmteknoloji.com\\\/b2b\\\/magaza\\\/storage\\\/jbod-storage\\\/superchassis-216be1c-r741jbod-jbod-storage\\\/#primaryimage\"},\"thumbnailUrl\":\"https:\\\/\\\/gtmteknoloji.com\\\/b2b\\\/wp-content\\\/uploads\\\/2020\\\/12\\\/cse-216be2c-920jbod_front-scaled.jpg\",\"datePublished\":\"2025-04-14T01:26:34+00:00\",\"dateModified\":\"2025-04-14T01:26:36+00:00\",\"breadcrumb\":{\"@id\":\"https:\\\/\\\/gtmteknoloji.com\\\/b2b\\\/magaza\\\/storage\\\/jbod-storage\\\/superchassis-216be1c-r741jbod-jbod-storage\\\/#breadcrumb\"},\"inLanguage\":\"tr\",\"potentialAction\":[{\"@type\":\"ReadAction\",\"target\":[\"https:\\\/\\\/gtmteknoloji.com\\\/b2b\\\/magaza\\\/storage\\\/jbod-storage\\\/superchassis-216be1c-r741jbod-jbod-storage\\\/\"]}]},{\"@type\":\"ImageObject\",\"inLanguage\":\"tr\",\"@id\":\"https:\\\/\\\/gtmteknoloji.com\\\/b2b\\\/magaza\\\/storage\\\/jbod-storage\\\/superchassis-216be1c-r741jbod-jbod-storage\\\/#primaryimage\",\"url\":\"https:\\\/\\\/gtmteknoloji.com\\\/b2b\\\/wp-content\\\/uploads\\\/2020\\\/12\\\/cse-216be2c-920jbod_front-scaled.jpg\",\"contentUrl\":\"https:\\\/\\\/gtmteknoloji.com\\\/b2b\\\/wp-content\\\/uploads\\\/2020\\\/12\\\/cse-216be2c-920jbod_front-scaled.jpg\",\"width\":2560,\"height\":646,\"caption\":\"SYS_Front\"},{\"@type\":\"BreadcrumbList\",\"@id\":\"https:\\\/\\\/gtmteknoloji.com\\\/b2b\\\/magaza\\\/storage\\\/jbod-storage\\\/superchassis-216be1c-r741jbod-jbod-storage\\\/#breadcrumb\",\"itemListElement\":[{\"@type\":\"ListItem\",\"position\":1,\"name\":\"Home\",\"item\":\"https:\\\/\\\/gtmteknoloji.com\\\/b2b\\\/\"},{\"@type\":\"ListItem\",\"position\":2,\"name\":\"Ma\u011faza\",\"item\":\"https:\\\/\\\/gtmteknoloji.com\\\/b2b\\\/magaza\\\/\"},{\"@type\":\"ListItem\",\"position\":3,\"name\":\"SuperChassis 216BE1C-R741JBOD JBOD Storage\"}]},{\"@type\":\"WebSite\",\"@id\":\"https:\\\/\\\/gtmteknoloji.com\\\/b2b\\\/#website\",\"url\":\"https:\\\/\\\/gtmteknoloji.com\\\/b2b\\\/\",\"name\":\"GTM Teknoloji\",\"description\":\"B2B Sat\u0131\u015f Portal\u0131\",\"publisher\":{\"@id\":\"https:\\\/\\\/gtmteknoloji.com\\\/b2b\\\/#organization\"},\"potentialAction\":[{\"@type\":\"SearchAction\",\"target\":{\"@type\":\"EntryPoint\",\"urlTemplate\":\"https:\\\/\\\/gtmteknoloji.com\\\/b2b\\\/?s={search_term_string}\"},\"query-input\":{\"@type\":\"PropertyValueSpecification\",\"valueRequired\":true,\"valueName\":\"search_term_string\"}}],\"inLanguage\":\"tr\"},{\"@type\":\"Organization\",\"@id\":\"https:\\\/\\\/gtmteknoloji.com\\\/b2b\\\/#organization\",\"name\":\"GTM Teknoloji\",\"url\":\"https:\\\/\\\/gtmteknoloji.com\\\/b2b\\\/\",\"logo\":{\"@type\":\"ImageObject\",\"inLanguage\":\"tr\",\"@id\":\"https:\\\/\\\/gtmteknoloji.com\\\/b2b\\\/#\\\/schema\\\/logo\\\/image\\\/\",\"url\":\"https:\\\/\\\/gtmteknoloji.com\\\/b2b\\\/wp-content\\\/uploads\\\/2020\\\/12\\\/GTM-logo.png\",\"contentUrl\":\"https:\\\/\\\/gtmteknoloji.com\\\/b2b\\\/wp-content\\\/uploads\\\/2020\\\/12\\\/GTM-logo.png\",\"width\":400,\"height\":400,\"caption\":\"GTM Teknoloji\"},\"image\":{\"@id\":\"https:\\\/\\\/gtmteknoloji.com\\\/b2b\\\/#\\\/schema\\\/logo\\\/image\\\/\"},\"sameAs\":[\"https:\\\/\\\/www.facebook.com\\\/SupermicroTurkiye\\\/?locale=tr_TR\",\"https:\\\/\\\/x.com\\\/gtmteknoloji\"]}]}<\/script>\n<meta property=\"product:brand\" content=\"Supermicro\" \/>\n<meta property=\"product:price:currency\" content=\"USD\" \/>\n<meta property=\"og:availability\" content=\"instock\" \/>\n<meta property=\"product:availability\" content=\"instock\" \/>\n<meta property=\"product:retailer_item_id\" content=\"CSE-216BE1C-004\" \/>\n<meta property=\"product:condition\" content=\"new\" \/>\n<!-- \/ Yoast SEO Premium plugin. -->","yoast_head_json":{"title":"SuperChassis 216BE1C-R741JBOD JBOD Storage - GTM Teknoloji","robots":{"index":"index","follow":"follow","max-snippet":"max-snippet:-1","max-image-preview":"max-image-preview:large","max-video-preview":"max-video-preview:-1"},"canonical":"https:\/\/gtmteknoloji.com\/b2b\/magaza\/storage\/jbod-storage\/superchassis-216be1c-r741jbod-jbod-storage\/","og_locale":"tr_TR","og_type":"article","og_title":"SuperChassis 216BE1C-R741JBOD JBOD Storage","og_description":"TEKL\u0130F AL     Supermicro SuperChassis CSE-216BE1C-R741JBOD - 2U - 24x 2.5\" SAS3 - Single Expander - 740W Redundant","og_url":"https:\/\/gtmteknoloji.com\/b2b\/magaza\/storage\/jbod-storage\/superchassis-216be1c-r741jbod-jbod-storage\/","og_site_name":"GTM Teknoloji","article_publisher":"https:\/\/www.facebook.com\/SupermicroTurkiye\/?locale=tr_TR","article_modified_time":"2025-04-14T01:26:36+00:00","og_image":[{"width":2560,"height":646,"url":"https:\/\/gtmteknoloji.com\/b2b\/wp-content\/uploads\/2020\/12\/cse-216be2c-920jbod_front-scaled.jpg","type":"image\/jpeg"}],"twitter_card":"summary_large_image","twitter_site":"@gtmteknoloji","twitter_misc":{"Fiyat":"","Durumu":"Stokta var"},"schema":{"@context":"https:\/\/schema.org","@graph":[{"@type":"WebPage","@id":"https:\/\/gtmteknoloji.com\/b2b\/magaza\/storage\/jbod-storage\/superchassis-216be1c-r741jbod-jbod-storage\/","url":"https:\/\/gtmteknoloji.com\/b2b\/magaza\/storage\/jbod-storage\/superchassis-216be1c-r741jbod-jbod-storage\/","name":"SuperChassis 216BE1C-R741JBOD JBOD Storage - GTM Teknoloji","isPartOf":{"@id":"https:\/\/gtmteknoloji.com\/b2b\/#website"},"primaryImageOfPage":{"@id":"https:\/\/gtmteknoloji.com\/b2b\/magaza\/storage\/jbod-storage\/superchassis-216be1c-r741jbod-jbod-storage\/#primaryimage"},"image":{"@id":"https:\/\/gtmteknoloji.com\/b2b\/magaza\/storage\/jbod-storage\/superchassis-216be1c-r741jbod-jbod-storage\/#primaryimage"},"thumbnailUrl":"https:\/\/gtmteknoloji.com\/b2b\/wp-content\/uploads\/2020\/12\/cse-216be2c-920jbod_front-scaled.jpg","datePublished":"2025-04-14T01:26:34+00:00","dateModified":"2025-04-14T01:26:36+00:00","breadcrumb":{"@id":"https:\/\/gtmteknoloji.com\/b2b\/magaza\/storage\/jbod-storage\/superchassis-216be1c-r741jbod-jbod-storage\/#breadcrumb"},"inLanguage":"tr","potentialAction":[{"@type":"ReadAction","target":["https:\/\/gtmteknoloji.com\/b2b\/magaza\/storage\/jbod-storage\/superchassis-216be1c-r741jbod-jbod-storage\/"]}]},{"@type":"ImageObject","inLanguage":"tr","@id":"https:\/\/gtmteknoloji.com\/b2b\/magaza\/storage\/jbod-storage\/superchassis-216be1c-r741jbod-jbod-storage\/#primaryimage","url":"https:\/\/gtmteknoloji.com\/b2b\/wp-content\/uploads\/2020\/12\/cse-216be2c-920jbod_front-scaled.jpg","contentUrl":"https:\/\/gtmteknoloji.com\/b2b\/wp-content\/uploads\/2020\/12\/cse-216be2c-920jbod_front-scaled.jpg","width":2560,"height":646,"caption":"SYS_Front"},{"@type":"BreadcrumbList","@id":"https:\/\/gtmteknoloji.com\/b2b\/magaza\/storage\/jbod-storage\/superchassis-216be1c-r741jbod-jbod-storage\/#breadcrumb","itemListElement":[{"@type":"ListItem","position":1,"name":"Home","item":"https:\/\/gtmteknoloji.com\/b2b\/"},{"@type":"ListItem","position":2,"name":"Ma\u011faza","item":"https:\/\/gtmteknoloji.com\/b2b\/magaza\/"},{"@type":"ListItem","position":3,"name":"SuperChassis 216BE1C-R741JBOD JBOD Storage"}]},{"@type":"WebSite","@id":"https:\/\/gtmteknoloji.com\/b2b\/#website","url":"https:\/\/gtmteknoloji.com\/b2b\/","name":"GTM Teknoloji","description":"B2B Sat\u0131\u015f Portal\u0131","publisher":{"@id":"https:\/\/gtmteknoloji.com\/b2b\/#organization"},"potentialAction":[{"@type":"SearchAction","target":{"@type":"EntryPoint","urlTemplate":"https:\/\/gtmteknoloji.com\/b2b\/?s={search_term_string}"},"query-input":{"@type":"PropertyValueSpecification","valueRequired":true,"valueName":"search_term_string"}}],"inLanguage":"tr"},{"@type":"Organization","@id":"https:\/\/gtmteknoloji.com\/b2b\/#organization","name":"GTM Teknoloji","url":"https:\/\/gtmteknoloji.com\/b2b\/","logo":{"@type":"ImageObject","inLanguage":"tr","@id":"https:\/\/gtmteknoloji.com\/b2b\/#\/schema\/logo\/image\/","url":"https:\/\/gtmteknoloji.com\/b2b\/wp-content\/uploads\/2020\/12\/GTM-logo.png","contentUrl":"https:\/\/gtmteknoloji.com\/b2b\/wp-content\/uploads\/2020\/12\/GTM-logo.png","width":400,"height":400,"caption":"GTM Teknoloji"},"image":{"@id":"https:\/\/gtmteknoloji.com\/b2b\/#\/schema\/logo\/image\/"},"sameAs":["https:\/\/www.facebook.com\/SupermicroTurkiye\/?locale=tr_TR","https:\/\/x.com\/gtmteknoloji"]}]},"product_brand":"Supermicro","product_price_currency":"USD","og_availability":"instock","product_availability":"instock","product_retailer_item_id":"CSE-216BE1C-004","product_condition":"new"},"_links":{"self":[{"href":"https:\/\/gtmteknoloji.com\/b2b\/wp-json\/wp\/v2\/product\/9436","targetHints":{"allow":["GET"]}}],"collection":[{"href":"https:\/\/gtmteknoloji.com\/b2b\/wp-json\/wp\/v2\/product"}],"about":[{"href":"https:\/\/gtmteknoloji.com\/b2b\/wp-json\/wp\/v2\/types\/product"}],"version-history":[{"count":1,"href":"https:\/\/gtmteknoloji.com\/b2b\/wp-json\/wp\/v2\/product\/9436\/revisions"}],"predecessor-version":[{"id":9466,"href":"https:\/\/gtmteknoloji.com\/b2b\/wp-json\/wp\/v2\/product\/9436\/revisions\/9466"}],"wp:featuredmedia":[{"embeddable":true,"href":"https:\/\/gtmteknoloji.com\/b2b\/wp-json\/wp\/v2\/media\/4889"}],"wp:attachment":[{"href":"https:\/\/gtmteknoloji.com\/b2b\/wp-json\/wp\/v2\/media?parent=9436"}],"wp:term":[{"taxonomy":"product_brand","embeddable":true,"href":"https:\/\/gtmteknoloji.com\/b2b\/wp-json\/wp\/v2\/product_brand?post=9436"},{"taxonomy":"product_cat","embeddable":true,"href":"https:\/\/gtmteknoloji.com\/b2b\/wp-json\/wp\/v2\/product_cat?post=9436"},{"taxonomy":"product_tag","embeddable":true,"href":"https:\/\/gtmteknoloji.com\/b2b\/wp-json\/wp\/v2\/product_tag?post=9436"}],"curies":[{"name":"wp","href":"https:\/\/api.w.org\/{rel}","templated":true}]}}