{"id":9467,"date":"2025-04-14T04:26:37","date_gmt":"2025-04-14T01:26:37","guid":{"rendered":"https:\/\/gtmteknoloji.com\/b2b\/?post_type=product&#038;p=9467"},"modified":"2025-04-14T04:26:40","modified_gmt":"2025-04-14T01:26:40","slug":"superserver-f629p3-rc1b-server","status":"publish","type":"product","link":"https:\/\/gtmteknoloji.com\/b2b\/magaza\/server\/multi-node-server\/fat-twin\/superserver-f629p3-rc1b-server\/","title":{"rendered":"SuperServer F629P3-RC1B Server"},"content":{"rendered":"<table class=\"spec-key-features spec-table\">\n<tbody>\n<tr>\n<td valign=\"middle\" width=\"230\"><span class=\"tertiaryNavSection\">Key Features<\/span><strong>4 Hot-plug System Nodes in 4U<br \/>\nEach node supports:<\/strong><\/p>\n<div class=\"keyFeaturesLine\"><\/div>\n<p><span class=\"keyFeatures\">1. Dual Socket P (LGA 3647) support<br \/>\n2nd Gen Intel\u00ae Xeon\u00ae Scalable<br \/>\nprocessors (Cascade Lake\/Skylake)<span style=\"color: red;\"><sup>\u2021<\/sup><\/span><\/span><\/p>\n<div class=\"keyFeaturesLine\"><\/div>\n<p><span class=\"keyFeatures\">2. 12 DIMMs; up to 3TB 3DS ECC<br \/>\nDDR4-2933MHz<span style=\"color: red;\"><sup>\u2020<\/sup><\/span>\u00a0RDIMM\/LRDIMM,<br \/>\nSupports Intel\u00ae Optane\u2122 DCPMM<span style=\"color: red;\"><sup>\u2020\u2020<\/sup><\/span><\/span><\/p>\n<div class=\"keyFeaturesLine\"><\/div>\n<p><span class=\"keyFeatures\">3. Expansion slots: 1 PCI-E 3.0 x16 (LP)<br \/>\n1 PCI-E 3.0 x16 (for\u00a0<a href=\"https:\/\/www.supermicro.com\/en\/support\/resources\/aoc\/siom?show=SELECT&amp;type=FatTwin\">SIOM<\/a>\u00a0)<\/span><\/p>\n<div class=\"keyFeaturesLine\"><\/div>\n<p><span class=\"keyFeatures\">4. SIOM Network card,<br \/>\n1 dedicated IPMI LAN port<\/span><\/p>\n<div class=\"keyFeaturesLine\"><\/div>\n<p><span class=\"keyFeatures\">5. 1 VGA, 2 USB 3.0 ports<\/span><\/p>\n<div class=\"keyFeaturesLine\"><\/div>\n<p><span class=\"keyFeatures\">6. 8 Hot-swap 3.5&#8243; SAS3\/SATA3 or<br \/>\n6 Hot-swap 3.5&#8243; SAS3\/SATA3 +<br \/>\n2 optional NVMe U.2<br \/>\nM.2 Interface: PCI-E 3.0 x4<br \/>\nM.2 Form Factor: 2260, 2280, 22110<br \/>\nM.2 Key: M-Key<\/span><\/p>\n<div class=\"keyFeaturesLine\"><\/div>\n<p><span class=\"keyFeatures\">7. SAS3 via Broadcom 3108, HW RAID<\/span><\/p>\n<div class=\"keyFeaturesLine\"><\/div>\n<p><span class=\"keyFeatures\">8. 2x 8cm 14k RPM middle fans<\/span><\/p>\n<div class=\"keyFeaturesLine\"><\/div>\n<p><span class=\"keyFeatures\">9. 1200W Redundant Power Supplies<br \/>\n<strong>Titanium Level<\/strong>\u00a0(96% Efficiency)<\/span><\/p>\n<div class=\"keyFeaturesLine\"><\/div>\n<\/td>\n<\/tr>\n<\/tbody>\n<\/table>\n","protected":false},"excerpt":{"rendered":"<h1><a href=\"https:\/\/gtmteknoloji.com\/teklif-talep\/\">TEKL\u0130F AL<\/a><\/h1>\n<p>Supermicro SuperServer SYS-F629P3-RC1B &#8211; FatTwin &#8211; 4 DP Nodes &#8211; LSI 3108 12G SAS &#8211; 1200W Redundant<\/p>\n","protected":false},"featured_media":5022,"template":"","meta":[],"product_brand":[338],"product_cat":[1885,1861,1759],"product_tag":[1886,1864,1865,1809,2144,1843,1866,1867],"class_list":{"0":"post-9467","1":"product","2":"type-product","3":"status-publish","4":"has-post-thumbnail","6":"product_brand-supermicro-server-turkiye","7":"product_cat-fat-twin","8":"product_cat-multi-node-server","9":"product_cat-server","10":"product_tag-fattwin","11":"product_tag-hpc","12":"product_tag-multi-node-server","13":"product_tag-optimize-edilmis-veri-merkezi","14":"product_tag-sys-f629p3-rc1b","15":"product_tag-ust-duzey-kurumsal-sunucu","16":"product_tag-yogun-bilgi-islem-uygulamasi","17":"product_tag-yuksek-olcekli-yakinsama","19":"first","20":"instock","21":"taxable","22":"shipping-taxable","23":"product-type-external"},"yoast_head":"<!-- This site is optimized with the Yoast SEO Premium plugin v27.4 (Yoast SEO v27.4) - https:\/\/yoast.com\/product\/yoast-seo-premium-wordpress\/ -->\n<title>SuperServer F629P3-RC1B Server - GTM Teknoloji<\/title>\n<meta name=\"robots\" content=\"index, follow, max-snippet:-1, max-image-preview:large, max-video-preview:-1\" \/>\n<link rel=\"canonical\" href=\"https:\/\/gtmteknoloji.com\/b2b\/magaza\/server\/multi-node-server\/fat-twin\/superserver-f629p3-rc1b-server\/\" \/>\n<meta property=\"og:locale\" content=\"tr_TR\" \/>\n<meta property=\"og:type\" content=\"article\" \/>\n<meta property=\"og:title\" content=\"SuperServer F629P3-RC1B Server\" \/>\n<meta property=\"og:description\" content=\"TEKL\u0130F AL Supermicro SuperServer SYS-F629P3-RC1B - FatTwin - 4 DP Nodes - LSI 3108 12G SAS - 1200W Redundant\" \/>\n<meta property=\"og:url\" content=\"https:\/\/gtmteknoloji.com\/b2b\/magaza\/server\/multi-node-server\/fat-twin\/superserver-f629p3-rc1b-server\/\" \/>\n<meta property=\"og:site_name\" content=\"GTM Teknoloji\" \/>\n<meta property=\"article:publisher\" content=\"https:\/\/www.facebook.com\/SupermicroTurkiye\/?locale=tr_TR\" \/>\n<meta property=\"article:modified_time\" content=\"2025-04-14T01:26:40+00:00\" \/>\n<meta property=\"og:image\" content=\"https:\/\/gtmteknoloji.com\/b2b\/wp-content\/uploads\/2020\/12\/SYS-F629P3-RTB_-2.png\" \/>\n\t<meta property=\"og:image:width\" content=\"261\" \/>\n\t<meta property=\"og:image:height\" content=\"235\" \/>\n\t<meta property=\"og:image:type\" content=\"image\/png\" \/>\n<meta name=\"twitter:card\" content=\"summary_large_image\" \/>\n<meta name=\"twitter:site\" content=\"@gtmteknoloji\" \/>\n<meta name=\"twitter:label1\" content=\"Fiyat\" \/>\n\t<meta name=\"twitter:data1\" content=\"\" \/>\n\t<meta name=\"twitter:label2\" content=\"Durumu\" \/>\n\t<meta name=\"twitter:data2\" content=\"Stokta var\" \/>\n<script type=\"application\/ld+json\" class=\"yoast-schema-graph\">{\"@context\":\"https:\\\/\\\/schema.org\",\"@graph\":[{\"@type\":\"WebPage\",\"@id\":\"https:\\\/\\\/gtmteknoloji.com\\\/b2b\\\/magaza\\\/server\\\/multi-node-server\\\/fat-twin\\\/superserver-f629p3-rc1b-server\\\/\",\"url\":\"https:\\\/\\\/gtmteknoloji.com\\\/b2b\\\/magaza\\\/server\\\/multi-node-server\\\/fat-twin\\\/superserver-f629p3-rc1b-server\\\/\",\"name\":\"SuperServer F629P3-RC1B Server - GTM Teknoloji\",\"isPartOf\":{\"@id\":\"https:\\\/\\\/gtmteknoloji.com\\\/b2b\\\/#website\"},\"primaryImageOfPage\":{\"@id\":\"https:\\\/\\\/gtmteknoloji.com\\\/b2b\\\/magaza\\\/server\\\/multi-node-server\\\/fat-twin\\\/superserver-f629p3-rc1b-server\\\/#primaryimage\"},\"image\":{\"@id\":\"https:\\\/\\\/gtmteknoloji.com\\\/b2b\\\/magaza\\\/server\\\/multi-node-server\\\/fat-twin\\\/superserver-f629p3-rc1b-server\\\/#primaryimage\"},\"thumbnailUrl\":\"https:\\\/\\\/gtmteknoloji.com\\\/b2b\\\/wp-content\\\/uploads\\\/2020\\\/12\\\/SYS-F629P3-RTB_-2.png\",\"datePublished\":\"2025-04-14T01:26:37+00:00\",\"dateModified\":\"2025-04-14T01:26:40+00:00\",\"breadcrumb\":{\"@id\":\"https:\\\/\\\/gtmteknoloji.com\\\/b2b\\\/magaza\\\/server\\\/multi-node-server\\\/fat-twin\\\/superserver-f629p3-rc1b-server\\\/#breadcrumb\"},\"inLanguage\":\"tr\",\"potentialAction\":[{\"@type\":\"ReadAction\",\"target\":[\"https:\\\/\\\/gtmteknoloji.com\\\/b2b\\\/magaza\\\/server\\\/multi-node-server\\\/fat-twin\\\/superserver-f629p3-rc1b-server\\\/\"]}]},{\"@type\":\"ImageObject\",\"inLanguage\":\"tr\",\"@id\":\"https:\\\/\\\/gtmteknoloji.com\\\/b2b\\\/magaza\\\/server\\\/multi-node-server\\\/fat-twin\\\/superserver-f629p3-rc1b-server\\\/#primaryimage\",\"url\":\"https:\\\/\\\/gtmteknoloji.com\\\/b2b\\\/wp-content\\\/uploads\\\/2020\\\/12\\\/SYS-F629P3-RTB_-2.png\",\"contentUrl\":\"https:\\\/\\\/gtmteknoloji.com\\\/b2b\\\/wp-content\\\/uploads\\\/2020\\\/12\\\/SYS-F629P3-RTB_-2.png\",\"width\":261,\"height\":235},{\"@type\":\"BreadcrumbList\",\"@id\":\"https:\\\/\\\/gtmteknoloji.com\\\/b2b\\\/magaza\\\/server\\\/multi-node-server\\\/fat-twin\\\/superserver-f629p3-rc1b-server\\\/#breadcrumb\",\"itemListElement\":[{\"@type\":\"ListItem\",\"position\":1,\"name\":\"Home\",\"item\":\"https:\\\/\\\/gtmteknoloji.com\\\/b2b\\\/\"},{\"@type\":\"ListItem\",\"position\":2,\"name\":\"Ma\u011faza\",\"item\":\"https:\\\/\\\/gtmteknoloji.com\\\/b2b\\\/magaza\\\/\"},{\"@type\":\"ListItem\",\"position\":3,\"name\":\"SuperServer F629P3-RC1B Server\"}]},{\"@type\":\"WebSite\",\"@id\":\"https:\\\/\\\/gtmteknoloji.com\\\/b2b\\\/#website\",\"url\":\"https:\\\/\\\/gtmteknoloji.com\\\/b2b\\\/\",\"name\":\"GTM Teknoloji\",\"description\":\"B2B Sat\u0131\u015f Portal\u0131\",\"publisher\":{\"@id\":\"https:\\\/\\\/gtmteknoloji.com\\\/b2b\\\/#organization\"},\"potentialAction\":[{\"@type\":\"SearchAction\",\"target\":{\"@type\":\"EntryPoint\",\"urlTemplate\":\"https:\\\/\\\/gtmteknoloji.com\\\/b2b\\\/?s={search_term_string}\"},\"query-input\":{\"@type\":\"PropertyValueSpecification\",\"valueRequired\":true,\"valueName\":\"search_term_string\"}}],\"inLanguage\":\"tr\"},{\"@type\":\"Organization\",\"@id\":\"https:\\\/\\\/gtmteknoloji.com\\\/b2b\\\/#organization\",\"name\":\"GTM Teknoloji\",\"url\":\"https:\\\/\\\/gtmteknoloji.com\\\/b2b\\\/\",\"logo\":{\"@type\":\"ImageObject\",\"inLanguage\":\"tr\",\"@id\":\"https:\\\/\\\/gtmteknoloji.com\\\/b2b\\\/#\\\/schema\\\/logo\\\/image\\\/\",\"url\":\"https:\\\/\\\/gtmteknoloji.com\\\/b2b\\\/wp-content\\\/uploads\\\/2020\\\/12\\\/GTM-logo.png\",\"contentUrl\":\"https:\\\/\\\/gtmteknoloji.com\\\/b2b\\\/wp-content\\\/uploads\\\/2020\\\/12\\\/GTM-logo.png\",\"width\":400,\"height\":400,\"caption\":\"GTM Teknoloji\"},\"image\":{\"@id\":\"https:\\\/\\\/gtmteknoloji.com\\\/b2b\\\/#\\\/schema\\\/logo\\\/image\\\/\"},\"sameAs\":[\"https:\\\/\\\/www.facebook.com\\\/SupermicroTurkiye\\\/?locale=tr_TR\",\"https:\\\/\\\/x.com\\\/gtmteknoloji\"]}]}<\/script>\n<meta property=\"product:brand\" content=\"Supermicro\" \/>\n<meta property=\"product:price:currency\" content=\"USD\" \/>\n<meta property=\"og:availability\" content=\"instock\" \/>\n<meta property=\"product:availability\" content=\"instock\" \/>\n<meta property=\"product:retailer_item_id\" content=\"SYS-F629P3-001\" \/>\n<meta property=\"product:condition\" content=\"new\" \/>\n<!-- \/ Yoast SEO Premium plugin. -->","yoast_head_json":{"title":"SuperServer F629P3-RC1B Server - GTM Teknoloji","robots":{"index":"index","follow":"follow","max-snippet":"max-snippet:-1","max-image-preview":"max-image-preview:large","max-video-preview":"max-video-preview:-1"},"canonical":"https:\/\/gtmteknoloji.com\/b2b\/magaza\/server\/multi-node-server\/fat-twin\/superserver-f629p3-rc1b-server\/","og_locale":"tr_TR","og_type":"article","og_title":"SuperServer F629P3-RC1B Server","og_description":"TEKL\u0130F AL Supermicro SuperServer SYS-F629P3-RC1B - FatTwin - 4 DP Nodes - LSI 3108 12G SAS - 1200W Redundant","og_url":"https:\/\/gtmteknoloji.com\/b2b\/magaza\/server\/multi-node-server\/fat-twin\/superserver-f629p3-rc1b-server\/","og_site_name":"GTM Teknoloji","article_publisher":"https:\/\/www.facebook.com\/SupermicroTurkiye\/?locale=tr_TR","article_modified_time":"2025-04-14T01:26:40+00:00","og_image":[{"width":261,"height":235,"url":"https:\/\/gtmteknoloji.com\/b2b\/wp-content\/uploads\/2020\/12\/SYS-F629P3-RTB_-2.png","type":"image\/png"}],"twitter_card":"summary_large_image","twitter_site":"@gtmteknoloji","twitter_misc":{"Fiyat":"","Durumu":"Stokta var"},"schema":{"@context":"https:\/\/schema.org","@graph":[{"@type":"WebPage","@id":"https:\/\/gtmteknoloji.com\/b2b\/magaza\/server\/multi-node-server\/fat-twin\/superserver-f629p3-rc1b-server\/","url":"https:\/\/gtmteknoloji.com\/b2b\/magaza\/server\/multi-node-server\/fat-twin\/superserver-f629p3-rc1b-server\/","name":"SuperServer F629P3-RC1B Server - GTM Teknoloji","isPartOf":{"@id":"https:\/\/gtmteknoloji.com\/b2b\/#website"},"primaryImageOfPage":{"@id":"https:\/\/gtmteknoloji.com\/b2b\/magaza\/server\/multi-node-server\/fat-twin\/superserver-f629p3-rc1b-server\/#primaryimage"},"image":{"@id":"https:\/\/gtmteknoloji.com\/b2b\/magaza\/server\/multi-node-server\/fat-twin\/superserver-f629p3-rc1b-server\/#primaryimage"},"thumbnailUrl":"https:\/\/gtmteknoloji.com\/b2b\/wp-content\/uploads\/2020\/12\/SYS-F629P3-RTB_-2.png","datePublished":"2025-04-14T01:26:37+00:00","dateModified":"2025-04-14T01:26:40+00:00","breadcrumb":{"@id":"https:\/\/gtmteknoloji.com\/b2b\/magaza\/server\/multi-node-server\/fat-twin\/superserver-f629p3-rc1b-server\/#breadcrumb"},"inLanguage":"tr","potentialAction":[{"@type":"ReadAction","target":["https:\/\/gtmteknoloji.com\/b2b\/magaza\/server\/multi-node-server\/fat-twin\/superserver-f629p3-rc1b-server\/"]}]},{"@type":"ImageObject","inLanguage":"tr","@id":"https:\/\/gtmteknoloji.com\/b2b\/magaza\/server\/multi-node-server\/fat-twin\/superserver-f629p3-rc1b-server\/#primaryimage","url":"https:\/\/gtmteknoloji.com\/b2b\/wp-content\/uploads\/2020\/12\/SYS-F629P3-RTB_-2.png","contentUrl":"https:\/\/gtmteknoloji.com\/b2b\/wp-content\/uploads\/2020\/12\/SYS-F629P3-RTB_-2.png","width":261,"height":235},{"@type":"BreadcrumbList","@id":"https:\/\/gtmteknoloji.com\/b2b\/magaza\/server\/multi-node-server\/fat-twin\/superserver-f629p3-rc1b-server\/#breadcrumb","itemListElement":[{"@type":"ListItem","position":1,"name":"Home","item":"https:\/\/gtmteknoloji.com\/b2b\/"},{"@type":"ListItem","position":2,"name":"Ma\u011faza","item":"https:\/\/gtmteknoloji.com\/b2b\/magaza\/"},{"@type":"ListItem","position":3,"name":"SuperServer F629P3-RC1B Server"}]},{"@type":"WebSite","@id":"https:\/\/gtmteknoloji.com\/b2b\/#website","url":"https:\/\/gtmteknoloji.com\/b2b\/","name":"GTM Teknoloji","description":"B2B Sat\u0131\u015f Portal\u0131","publisher":{"@id":"https:\/\/gtmteknoloji.com\/b2b\/#organization"},"potentialAction":[{"@type":"SearchAction","target":{"@type":"EntryPoint","urlTemplate":"https:\/\/gtmteknoloji.com\/b2b\/?s={search_term_string}"},"query-input":{"@type":"PropertyValueSpecification","valueRequired":true,"valueName":"search_term_string"}}],"inLanguage":"tr"},{"@type":"Organization","@id":"https:\/\/gtmteknoloji.com\/b2b\/#organization","name":"GTM Teknoloji","url":"https:\/\/gtmteknoloji.com\/b2b\/","logo":{"@type":"ImageObject","inLanguage":"tr","@id":"https:\/\/gtmteknoloji.com\/b2b\/#\/schema\/logo\/image\/","url":"https:\/\/gtmteknoloji.com\/b2b\/wp-content\/uploads\/2020\/12\/GTM-logo.png","contentUrl":"https:\/\/gtmteknoloji.com\/b2b\/wp-content\/uploads\/2020\/12\/GTM-logo.png","width":400,"height":400,"caption":"GTM Teknoloji"},"image":{"@id":"https:\/\/gtmteknoloji.com\/b2b\/#\/schema\/logo\/image\/"},"sameAs":["https:\/\/www.facebook.com\/SupermicroTurkiye\/?locale=tr_TR","https:\/\/x.com\/gtmteknoloji"]}]},"product_brand":"Supermicro","product_price_currency":"USD","og_availability":"instock","product_availability":"instock","product_retailer_item_id":"SYS-F629P3-001","product_condition":"new"},"_links":{"self":[{"href":"https:\/\/gtmteknoloji.com\/b2b\/wp-json\/wp\/v2\/product\/9467","targetHints":{"allow":["GET"]}}],"collection":[{"href":"https:\/\/gtmteknoloji.com\/b2b\/wp-json\/wp\/v2\/product"}],"about":[{"href":"https:\/\/gtmteknoloji.com\/b2b\/wp-json\/wp\/v2\/types\/product"}],"version-history":[{"count":1,"href":"https:\/\/gtmteknoloji.com\/b2b\/wp-json\/wp\/v2\/product\/9467\/revisions"}],"predecessor-version":[{"id":9497,"href":"https:\/\/gtmteknoloji.com\/b2b\/wp-json\/wp\/v2\/product\/9467\/revisions\/9497"}],"wp:featuredmedia":[{"embeddable":true,"href":"https:\/\/gtmteknoloji.com\/b2b\/wp-json\/wp\/v2\/media\/5022"}],"wp:attachment":[{"href":"https:\/\/gtmteknoloji.com\/b2b\/wp-json\/wp\/v2\/media?parent=9467"}],"wp:term":[{"taxonomy":"product_brand","embeddable":true,"href":"https:\/\/gtmteknoloji.com\/b2b\/wp-json\/wp\/v2\/product_brand?post=9467"},{"taxonomy":"product_cat","embeddable":true,"href":"https:\/\/gtmteknoloji.com\/b2b\/wp-json\/wp\/v2\/product_cat?post=9467"},{"taxonomy":"product_tag","embeddable":true,"href":"https:\/\/gtmteknoloji.com\/b2b\/wp-json\/wp\/v2\/product_tag?post=9467"}],"curies":[{"name":"wp","href":"https:\/\/api.w.org\/{rel}","templated":true}]}}