{"id":9498,"date":"2025-04-14T04:26:41","date_gmt":"2025-04-14T01:26:41","guid":{"rendered":"https:\/\/gtmteknoloji.com\/b2b\/?post_type=product&#038;p=9498"},"modified":"2025-04-14T04:26:43","modified_gmt":"2025-04-14T01:26:43","slug":"superserver-f628g2-ftpt-server","status":"publish","type":"product","link":"https:\/\/gtmteknoloji.com\/b2b\/magaza\/server\/multi-node-server\/fat-twin\/superserver-f628g2-ftpt-server\/","title":{"rendered":"SuperServer F628G2-FTPT+ Server"},"content":{"rendered":"<div class=\"row \">\n<div class=\"col col-xs-12 col-sm-5 col-md-4\">\n<div class=\"keyFeaturesLine\">\n<div class=\"keyFeaturesLine\">\n<div class=\"row \">\n<div class=\"col col-xs-12 col-sm-5 col-md-4\">\n<div class=\"keyFeaturesLine\">\n<table class=\"spec-key-features spec-table\">\n<tbody>\n<tr>\n<td valign=\"middle\" width=\"230\"><span class=\"tertiaryNavSection\">Key Features<\/span><strong>4 Hot-plug System Nodes in 4U<br \/>\n<span style=\"color: #ff0000;\">Front I\/O<\/span>. Each node supports:<\/strong><\/p>\n<div class=\"keyFeaturesLine\"><\/div>\n<p><span class=\"keyFeatures\">1. Dual socket R3 (LGA 2011) supports<br \/>\nIntel\u00ae Xeon\u00ae processor E5-2600<br \/>\n<strong>v4<\/strong><sup>\u2020<\/sup>\/ v3 family; QPI up to 9.6GT\/s<\/span><\/p>\n<div class=\"keyFeaturesLine\"><\/div>\n<p><span class=\"keyFeatures\">2. Up to\u00a0<strong>2TB<\/strong><sup>\u2020<\/sup>\u00a0ECC 3DS LRDIMM , up to<br \/>\nDDR4-\u00a0<strong>2400<\/strong><sup>\u2020<\/sup>MHz ; 16 DIMM slots<\/span><\/p>\n<div class=\"keyFeaturesLine\"><\/div>\n<p><span class=\"keyFeatures\">3. 3 PCI-E 3.0 x16 slots (support 3<br \/>\nDouble-width GPU\/Xeon Phi cards),<br \/>\n2 PCI-E 3.0 x8 slots<\/span><\/p>\n<div class=\"keyFeaturesLine\"><\/div>\n<p><span class=\"keyFeatures\">4. Front I\/O ports: 2 10GBase-T,<br \/>\n2 USB 3.0 and 1 VGA connector<\/span><\/p>\n<div class=\"keyFeaturesLine\"><\/div>\n<p><span class=\"keyFeatures\">5. Built-in Server management tool<br \/>\n(IPMI 2.0, KVM\/media over LAN) with<br \/>\ndedicated LAN port<\/span><\/p>\n<div class=\"keyFeaturesLine\"><\/div>\n<p><span class=\"keyFeatures\">6. 6 Hot-swap 2.5&#8243; SATA HDDs<\/span><\/p>\n<div class=\"keyFeaturesLine\"><\/div>\n<p><span class=\"keyFeatures\">7. 2000W High efficiency (96%)<br \/>\nRedundant PSU;\u00a0<strong>Titanium Level<\/strong><\/span><\/p>\n<div class=\"keyFeaturesLine\"><\/div>\n<\/td>\n<\/tr>\n<\/tbody>\n<\/table>\n<\/div>\n<\/div>\n<\/div>\n<\/div>\n<\/div>\n<\/div>\n<\/div>\n","protected":false},"excerpt":{"rendered":"<h1><a href=\"https:\/\/gtmteknoloji.com\/teklif-talep\/\">TEKL\u0130F AL<\/a><\/h1>\n<div class=\"grid_2 alignCenter\">\n<div class=\"seoimage\">Supermicro SuperServer SYS-F628G2-FTPT+ &#8211; FatTwin &#8211; 4 DP Nodes with Front I\/O &#8211; Dual 10-Gigabit Ethernet &#8211; 2000W Redundant<\/div>\n<\/div>\n","protected":false},"featured_media":5205,"template":"","meta":[],"product_brand":[338],"product_cat":[1885,1861,1759],"product_tag":[1770,1886,1865,1903,2172],"class_list":{"0":"post-9498","1":"product","2":"type-product","3":"status-publish","4":"has-post-thumbnail","6":"product_brand-supermicro-server-turkiye","7":"product_cat-fat-twin","8":"product_cat-multi-node-server","9":"product_cat-server","10":"product_tag-4u-rackmount-server","11":"product_tag-fattwin","12":"product_tag-multi-node-server","13":"product_tag-sanallastirma-sunucu","14":"product_tag-sys-f628g2-ftpt","16":"first","17":"instock","18":"taxable","19":"shipping-taxable","20":"product-type-external"},"yoast_head":"<!-- This site is optimized with the Yoast SEO Premium plugin v27.4 (Yoast SEO v27.4) - https:\/\/yoast.com\/product\/yoast-seo-premium-wordpress\/ -->\n<title>SuperServer F628G2-FTPT+ Server - GTM Teknoloji<\/title>\n<meta name=\"robots\" content=\"index, follow, max-snippet:-1, max-image-preview:large, max-video-preview:-1\" \/>\n<link rel=\"canonical\" href=\"https:\/\/gtmteknoloji.com\/b2b\/magaza\/server\/multi-node-server\/fat-twin\/superserver-f628g2-ftpt-server\/\" \/>\n<meta property=\"og:locale\" content=\"tr_TR\" \/>\n<meta property=\"og:type\" content=\"article\" \/>\n<meta property=\"og:title\" content=\"SuperServer F628G2-FTPT+ Server\" \/>\n<meta property=\"og:description\" content=\"TEKL\u0130F AL  Supermicro SuperServer SYS-F628G2-FTPT+ - FatTwin - 4 DP Nodes with Front I\/O - Dual 10-Gigabit Ethernet - 2000W Redundant\" \/>\n<meta property=\"og:url\" content=\"https:\/\/gtmteknoloji.com\/b2b\/magaza\/server\/multi-node-server\/fat-twin\/superserver-f628g2-ftpt-server\/\" \/>\n<meta property=\"og:site_name\" content=\"GTM Teknoloji\" \/>\n<meta property=\"article:publisher\" content=\"https:\/\/www.facebook.com\/SupermicroTurkiye\/?locale=tr_TR\" \/>\n<meta property=\"article:modified_time\" content=\"2025-04-14T01:26:43+00:00\" \/>\n<meta property=\"og:image\" content=\"https:\/\/gtmteknoloji.com\/b2b\/wp-content\/uploads\/2020\/12\/SYS-F627G2-FT_-2.png\" \/>\n\t<meta property=\"og:image:width\" content=\"261\" \/>\n\t<meta property=\"og:image:height\" content=\"235\" \/>\n\t<meta property=\"og:image:type\" content=\"image\/png\" \/>\n<meta name=\"twitter:card\" content=\"summary_large_image\" \/>\n<meta name=\"twitter:site\" content=\"@gtmteknoloji\" \/>\n<meta name=\"twitter:label1\" content=\"Fiyat\" \/>\n\t<meta name=\"twitter:data1\" content=\"\" \/>\n\t<meta name=\"twitter:label2\" content=\"Durumu\" \/>\n\t<meta name=\"twitter:data2\" content=\"Stokta var\" \/>\n<script type=\"application\/ld+json\" class=\"yoast-schema-graph\">{\"@context\":\"https:\\\/\\\/schema.org\",\"@graph\":[{\"@type\":\"WebPage\",\"@id\":\"https:\\\/\\\/gtmteknoloji.com\\\/b2b\\\/magaza\\\/server\\\/multi-node-server\\\/fat-twin\\\/superserver-f628g2-ftpt-server\\\/\",\"url\":\"https:\\\/\\\/gtmteknoloji.com\\\/b2b\\\/magaza\\\/server\\\/multi-node-server\\\/fat-twin\\\/superserver-f628g2-ftpt-server\\\/\",\"name\":\"SuperServer F628G2-FTPT+ Server - GTM Teknoloji\",\"isPartOf\":{\"@id\":\"https:\\\/\\\/gtmteknoloji.com\\\/b2b\\\/#website\"},\"primaryImageOfPage\":{\"@id\":\"https:\\\/\\\/gtmteknoloji.com\\\/b2b\\\/magaza\\\/server\\\/multi-node-server\\\/fat-twin\\\/superserver-f628g2-ftpt-server\\\/#primaryimage\"},\"image\":{\"@id\":\"https:\\\/\\\/gtmteknoloji.com\\\/b2b\\\/magaza\\\/server\\\/multi-node-server\\\/fat-twin\\\/superserver-f628g2-ftpt-server\\\/#primaryimage\"},\"thumbnailUrl\":\"https:\\\/\\\/gtmteknoloji.com\\\/b2b\\\/wp-content\\\/uploads\\\/2020\\\/12\\\/SYS-F627G2-FT_-2.png\",\"datePublished\":\"2025-04-14T01:26:41+00:00\",\"dateModified\":\"2025-04-14T01:26:43+00:00\",\"breadcrumb\":{\"@id\":\"https:\\\/\\\/gtmteknoloji.com\\\/b2b\\\/magaza\\\/server\\\/multi-node-server\\\/fat-twin\\\/superserver-f628g2-ftpt-server\\\/#breadcrumb\"},\"inLanguage\":\"tr\",\"potentialAction\":[{\"@type\":\"ReadAction\",\"target\":[\"https:\\\/\\\/gtmteknoloji.com\\\/b2b\\\/magaza\\\/server\\\/multi-node-server\\\/fat-twin\\\/superserver-f628g2-ftpt-server\\\/\"]}]},{\"@type\":\"ImageObject\",\"inLanguage\":\"tr\",\"@id\":\"https:\\\/\\\/gtmteknoloji.com\\\/b2b\\\/magaza\\\/server\\\/multi-node-server\\\/fat-twin\\\/superserver-f628g2-ftpt-server\\\/#primaryimage\",\"url\":\"https:\\\/\\\/gtmteknoloji.com\\\/b2b\\\/wp-content\\\/uploads\\\/2020\\\/12\\\/SYS-F627G2-FT_-2.png\",\"contentUrl\":\"https:\\\/\\\/gtmteknoloji.com\\\/b2b\\\/wp-content\\\/uploads\\\/2020\\\/12\\\/SYS-F627G2-FT_-2.png\",\"width\":261,\"height\":235},{\"@type\":\"BreadcrumbList\",\"@id\":\"https:\\\/\\\/gtmteknoloji.com\\\/b2b\\\/magaza\\\/server\\\/multi-node-server\\\/fat-twin\\\/superserver-f628g2-ftpt-server\\\/#breadcrumb\",\"itemListElement\":[{\"@type\":\"ListItem\",\"position\":1,\"name\":\"Home\",\"item\":\"https:\\\/\\\/gtmteknoloji.com\\\/b2b\\\/\"},{\"@type\":\"ListItem\",\"position\":2,\"name\":\"Ma\u011faza\",\"item\":\"https:\\\/\\\/gtmteknoloji.com\\\/b2b\\\/magaza\\\/\"},{\"@type\":\"ListItem\",\"position\":3,\"name\":\"SuperServer F628G2-FTPT+ Server\"}]},{\"@type\":\"WebSite\",\"@id\":\"https:\\\/\\\/gtmteknoloji.com\\\/b2b\\\/#website\",\"url\":\"https:\\\/\\\/gtmteknoloji.com\\\/b2b\\\/\",\"name\":\"GTM Teknoloji\",\"description\":\"B2B Sat\u0131\u015f Portal\u0131\",\"publisher\":{\"@id\":\"https:\\\/\\\/gtmteknoloji.com\\\/b2b\\\/#organization\"},\"potentialAction\":[{\"@type\":\"SearchAction\",\"target\":{\"@type\":\"EntryPoint\",\"urlTemplate\":\"https:\\\/\\\/gtmteknoloji.com\\\/b2b\\\/?s={search_term_string}\"},\"query-input\":{\"@type\":\"PropertyValueSpecification\",\"valueRequired\":true,\"valueName\":\"search_term_string\"}}],\"inLanguage\":\"tr\"},{\"@type\":\"Organization\",\"@id\":\"https:\\\/\\\/gtmteknoloji.com\\\/b2b\\\/#organization\",\"name\":\"GTM Teknoloji\",\"url\":\"https:\\\/\\\/gtmteknoloji.com\\\/b2b\\\/\",\"logo\":{\"@type\":\"ImageObject\",\"inLanguage\":\"tr\",\"@id\":\"https:\\\/\\\/gtmteknoloji.com\\\/b2b\\\/#\\\/schema\\\/logo\\\/image\\\/\",\"url\":\"https:\\\/\\\/gtmteknoloji.com\\\/b2b\\\/wp-content\\\/uploads\\\/2020\\\/12\\\/GTM-logo.png\",\"contentUrl\":\"https:\\\/\\\/gtmteknoloji.com\\\/b2b\\\/wp-content\\\/uploads\\\/2020\\\/12\\\/GTM-logo.png\",\"width\":400,\"height\":400,\"caption\":\"GTM Teknoloji\"},\"image\":{\"@id\":\"https:\\\/\\\/gtmteknoloji.com\\\/b2b\\\/#\\\/schema\\\/logo\\\/image\\\/\"},\"sameAs\":[\"https:\\\/\\\/www.facebook.com\\\/SupermicroTurkiye\\\/?locale=tr_TR\",\"https:\\\/\\\/x.com\\\/gtmteknoloji\"]}]}<\/script>\n<meta property=\"product:brand\" content=\"Supermicro\" \/>\n<meta property=\"product:price:currency\" content=\"USD\" \/>\n<meta property=\"og:availability\" content=\"instock\" \/>\n<meta property=\"product:availability\" content=\"instock\" \/>\n<meta property=\"product:retailer_item_id\" content=\"SYS-F618R3-004-1\" \/>\n<meta property=\"product:condition\" content=\"new\" \/>\n<!-- \/ Yoast SEO Premium plugin. -->","yoast_head_json":{"title":"SuperServer F628G2-FTPT+ Server - GTM Teknoloji","robots":{"index":"index","follow":"follow","max-snippet":"max-snippet:-1","max-image-preview":"max-image-preview:large","max-video-preview":"max-video-preview:-1"},"canonical":"https:\/\/gtmteknoloji.com\/b2b\/magaza\/server\/multi-node-server\/fat-twin\/superserver-f628g2-ftpt-server\/","og_locale":"tr_TR","og_type":"article","og_title":"SuperServer F628G2-FTPT+ Server","og_description":"TEKL\u0130F AL  Supermicro SuperServer SYS-F628G2-FTPT+ - FatTwin - 4 DP Nodes with Front I\/O - Dual 10-Gigabit Ethernet - 2000W Redundant","og_url":"https:\/\/gtmteknoloji.com\/b2b\/magaza\/server\/multi-node-server\/fat-twin\/superserver-f628g2-ftpt-server\/","og_site_name":"GTM Teknoloji","article_publisher":"https:\/\/www.facebook.com\/SupermicroTurkiye\/?locale=tr_TR","article_modified_time":"2025-04-14T01:26:43+00:00","og_image":[{"width":261,"height":235,"url":"https:\/\/gtmteknoloji.com\/b2b\/wp-content\/uploads\/2020\/12\/SYS-F627G2-FT_-2.png","type":"image\/png"}],"twitter_card":"summary_large_image","twitter_site":"@gtmteknoloji","twitter_misc":{"Fiyat":"","Durumu":"Stokta var"},"schema":{"@context":"https:\/\/schema.org","@graph":[{"@type":"WebPage","@id":"https:\/\/gtmteknoloji.com\/b2b\/magaza\/server\/multi-node-server\/fat-twin\/superserver-f628g2-ftpt-server\/","url":"https:\/\/gtmteknoloji.com\/b2b\/magaza\/server\/multi-node-server\/fat-twin\/superserver-f628g2-ftpt-server\/","name":"SuperServer F628G2-FTPT+ Server - GTM Teknoloji","isPartOf":{"@id":"https:\/\/gtmteknoloji.com\/b2b\/#website"},"primaryImageOfPage":{"@id":"https:\/\/gtmteknoloji.com\/b2b\/magaza\/server\/multi-node-server\/fat-twin\/superserver-f628g2-ftpt-server\/#primaryimage"},"image":{"@id":"https:\/\/gtmteknoloji.com\/b2b\/magaza\/server\/multi-node-server\/fat-twin\/superserver-f628g2-ftpt-server\/#primaryimage"},"thumbnailUrl":"https:\/\/gtmteknoloji.com\/b2b\/wp-content\/uploads\/2020\/12\/SYS-F627G2-FT_-2.png","datePublished":"2025-04-14T01:26:41+00:00","dateModified":"2025-04-14T01:26:43+00:00","breadcrumb":{"@id":"https:\/\/gtmteknoloji.com\/b2b\/magaza\/server\/multi-node-server\/fat-twin\/superserver-f628g2-ftpt-server\/#breadcrumb"},"inLanguage":"tr","potentialAction":[{"@type":"ReadAction","target":["https:\/\/gtmteknoloji.com\/b2b\/magaza\/server\/multi-node-server\/fat-twin\/superserver-f628g2-ftpt-server\/"]}]},{"@type":"ImageObject","inLanguage":"tr","@id":"https:\/\/gtmteknoloji.com\/b2b\/magaza\/server\/multi-node-server\/fat-twin\/superserver-f628g2-ftpt-server\/#primaryimage","url":"https:\/\/gtmteknoloji.com\/b2b\/wp-content\/uploads\/2020\/12\/SYS-F627G2-FT_-2.png","contentUrl":"https:\/\/gtmteknoloji.com\/b2b\/wp-content\/uploads\/2020\/12\/SYS-F627G2-FT_-2.png","width":261,"height":235},{"@type":"BreadcrumbList","@id":"https:\/\/gtmteknoloji.com\/b2b\/magaza\/server\/multi-node-server\/fat-twin\/superserver-f628g2-ftpt-server\/#breadcrumb","itemListElement":[{"@type":"ListItem","position":1,"name":"Home","item":"https:\/\/gtmteknoloji.com\/b2b\/"},{"@type":"ListItem","position":2,"name":"Ma\u011faza","item":"https:\/\/gtmteknoloji.com\/b2b\/magaza\/"},{"@type":"ListItem","position":3,"name":"SuperServer F628G2-FTPT+ Server"}]},{"@type":"WebSite","@id":"https:\/\/gtmteknoloji.com\/b2b\/#website","url":"https:\/\/gtmteknoloji.com\/b2b\/","name":"GTM Teknoloji","description":"B2B Sat\u0131\u015f Portal\u0131","publisher":{"@id":"https:\/\/gtmteknoloji.com\/b2b\/#organization"},"potentialAction":[{"@type":"SearchAction","target":{"@type":"EntryPoint","urlTemplate":"https:\/\/gtmteknoloji.com\/b2b\/?s={search_term_string}"},"query-input":{"@type":"PropertyValueSpecification","valueRequired":true,"valueName":"search_term_string"}}],"inLanguage":"tr"},{"@type":"Organization","@id":"https:\/\/gtmteknoloji.com\/b2b\/#organization","name":"GTM Teknoloji","url":"https:\/\/gtmteknoloji.com\/b2b\/","logo":{"@type":"ImageObject","inLanguage":"tr","@id":"https:\/\/gtmteknoloji.com\/b2b\/#\/schema\/logo\/image\/","url":"https:\/\/gtmteknoloji.com\/b2b\/wp-content\/uploads\/2020\/12\/GTM-logo.png","contentUrl":"https:\/\/gtmteknoloji.com\/b2b\/wp-content\/uploads\/2020\/12\/GTM-logo.png","width":400,"height":400,"caption":"GTM Teknoloji"},"image":{"@id":"https:\/\/gtmteknoloji.com\/b2b\/#\/schema\/logo\/image\/"},"sameAs":["https:\/\/www.facebook.com\/SupermicroTurkiye\/?locale=tr_TR","https:\/\/x.com\/gtmteknoloji"]}]},"product_brand":"Supermicro","product_price_currency":"USD","og_availability":"instock","product_availability":"instock","product_retailer_item_id":"SYS-F618R3-004-1","product_condition":"new"},"_links":{"self":[{"href":"https:\/\/gtmteknoloji.com\/b2b\/wp-json\/wp\/v2\/product\/9498","targetHints":{"allow":["GET"]}}],"collection":[{"href":"https:\/\/gtmteknoloji.com\/b2b\/wp-json\/wp\/v2\/product"}],"about":[{"href":"https:\/\/gtmteknoloji.com\/b2b\/wp-json\/wp\/v2\/types\/product"}],"version-history":[{"count":1,"href":"https:\/\/gtmteknoloji.com\/b2b\/wp-json\/wp\/v2\/product\/9498\/revisions"}],"predecessor-version":[{"id":9528,"href":"https:\/\/gtmteknoloji.com\/b2b\/wp-json\/wp\/v2\/product\/9498\/revisions\/9528"}],"wp:featuredmedia":[{"embeddable":true,"href":"https:\/\/gtmteknoloji.com\/b2b\/wp-json\/wp\/v2\/media\/5205"}],"wp:attachment":[{"href":"https:\/\/gtmteknoloji.com\/b2b\/wp-json\/wp\/v2\/media?parent=9498"}],"wp:term":[{"taxonomy":"product_brand","embeddable":true,"href":"https:\/\/gtmteknoloji.com\/b2b\/wp-json\/wp\/v2\/product_brand?post=9498"},{"taxonomy":"product_cat","embeddable":true,"href":"https:\/\/gtmteknoloji.com\/b2b\/wp-json\/wp\/v2\/product_cat?post=9498"},{"taxonomy":"product_tag","embeddable":true,"href":"https:\/\/gtmteknoloji.com\/b2b\/wp-json\/wp\/v2\/product_tag?post=9498"}],"curies":[{"name":"wp","href":"https:\/\/api.w.org\/{rel}","templated":true}]}}