{"id":9591,"date":"2025-04-14T04:26:52","date_gmt":"2025-04-14T01:26:52","guid":{"rendered":"https:\/\/gtmteknoloji.com\/b2b\/?post_type=product&#038;p=9591"},"modified":"2025-04-14T04:26:55","modified_gmt":"2025-04-14T01:26:55","slug":"superserver-1019p-fhn2t-server","status":"publish","type":"product","link":"https:\/\/gtmteknoloji.com\/b2b\/magaza\/server\/supermicro-server\/superserver-1019p-fhn2t-server\/","title":{"rendered":"SuperServer 1019P-FHN2T Server"},"content":{"rendered":"<table class=\"table_5_10 table_compare\">\n<tbody>\n<tr class=\"category\">\n<td colspan=\"2\">Main Specifications<\/td>\n<\/tr>\n<tr class=\"details\">\n<td class=\"label\">Series<\/td>\n<td>SuperServer<\/td>\n<\/tr>\n<tr class=\"details\">\n<td class=\"label\">Supported Processor<\/td>\n<td>Intel Xeon Scalable Processors<\/td>\n<\/tr>\n<tr class=\"details\">\n<td class=\"label\">Memory Technology<\/td>\n<td>DDR4 ECC Reg<\/td>\n<\/tr>\n<tr class=\"details\">\n<td class=\"label\">Chipset<\/td>\n<td>Intel C622 chipset<\/td>\n<\/tr>\n<tr class=\"details\">\n<td class=\"label\">Form Factor<\/td>\n<td>1U<\/td>\n<\/tr>\n<tr class=\"details\">\n<td class=\"label\">Color<\/td>\n<td>Black<\/td>\n<\/tr>\n<tr class=\"category\">\n<td colspan=\"2\">Detailed Specifications<\/td>\n<\/tr>\n<tr class=\"details\">\n<td class=\"label\">Memory Slots<\/td>\n<td>6x 288-pin DIMM Sockets<\/td>\n<\/tr>\n<tr class=\"details\">\n<td class=\"label\">Max Memory Support<\/td>\n<td>Up to 1.5TB 3DS ECC DDR4-2933MHz RDIMM\/LRDIMM<\/td>\n<\/tr>\n<tr class=\"details\">\n<td class=\"label\">Graphics<\/td>\n<td>ASPEED AST2500 BMC<\/td>\n<\/tr>\n<tr class=\"details\">\n<td class=\"label\">Ethernet<\/td>\n<td>Dual 10GBase-T LAN with Intel\u00ae X722 + X557<\/td>\n<\/tr>\n<tr class=\"details\">\n<td class=\"label\">Serial ATA<\/td>\n<td>Intel\u00ae C622 controller; RAID 0, 1, 5, 10<\/td>\n<\/tr>\n<tr class=\"details\">\n<td class=\"label\">Power<\/td>\n<td>500W High-Efficiency Power Supply w\/ PMBus 1.2, I2C, and PFC<\/td>\n<\/tr>\n<tr class=\"details\">\n<td class=\"label\">External Bays<\/td>\n<td>2 Hot-swap 2.5&#8243; drive bays<\/td>\n<\/tr>\n<tr class=\"details\">\n<td class=\"label\">Internal Bays<\/td>\n<td>2 Internal 2.5&#8243; SSD bays (optional)<\/td>\n<\/tr>\n<tr class=\"details\">\n<td class=\"label\">M.2<\/td>\n<td>M.2: 1 M-Key 2280\/22110 PCI-E 3.0 x4 and SATA<\/td>\n<\/tr>\n<tr class=\"details\">\n<td class=\"label\">Expansion Slots<\/td>\n<td>2 PCI-E 3.0 x16 (FHFL) slots<\/td>\n<\/tr>\n<tr class=\"details\">\n<td class=\"label\">Management<\/td>\n<td>Support for Intelligent Platform Management Interface v.2.0<br \/>\nIPMI 2.0 with virtual media over LAN and KVM-over-LAN support<\/td>\n<\/tr>\n<tr class=\"details\">\n<td class=\"label\">Front Panel<\/td>\n<td>Power On\/Off button<br \/>\nSystem Reset button<br \/>\nPower LED<br \/>\nHard drive activity LED<br \/>\nNetwork activity LEDs<br \/>\nSystem Information LED<\/td>\n<\/tr>\n<tr class=\"details\">\n<td class=\"label\">BIOS<\/td>\n<td>AMI 32Mb SPI Flash ROM<\/td>\n<\/tr>\n<tr class=\"details\">\n<td class=\"label\">Cooling<\/td>\n<td>6x 40x28mm PWM fans<\/td>\n<\/tr>\n<tr class=\"details\">\n<td class=\"label\">Dimensions (WxHxD)<\/td>\n<td>17.2&#8243; (437mm) x 1.7&#8243; (43mm) x 15&#8243; (381mm)<\/td>\n<\/tr>\n<tr class=\"details\">\n<td class=\"label\">Gross Weight<\/td>\n<td>26 lbs (11.79 kg)<\/td>\n<\/tr>\n<tr class=\"details\">\n<td class=\"label\">USB Ports<\/td>\n<td>2 USB 3.0 ports (front)<br \/>\n2 USB 2.0 ports (front)<\/td>\n<\/tr>\n<tr class=\"details\">\n<td class=\"label\">Serial Ports<\/td>\n<td>1 COM port (front)<\/td>\n<\/tr>\n<tr class=\"details\">\n<td class=\"label\">LAN Ports<\/td>\n<td>2 RJ45 10GBase-T LAN ports<br \/>\n1 RJ45 dedicated IPMI LAN port<\/td>\n<\/tr>\n<tr class=\"details\">\n<td class=\"label\">SATA DOM<\/td>\n<td>2 SuperDOM (Disk on Module) ports with built-in power<\/td>\n<\/tr>\n<tr class=\"details\">\n<td class=\"label\">Integrated Graphics<\/td>\n<td>Yes<\/td>\n<\/tr>\n<tr class=\"details\">\n<td class=\"label\">VGA Ports<\/td>\n<td>1 VGA port<\/td>\n<\/tr>\n<\/tbody>\n<\/table>\n","protected":false},"excerpt":{"rendered":"<h1><a href=\"https:\/\/gtmteknoloji.com\/teklif-talep\/\">TEKL\u0130F AL<\/a><\/h1>\n<p>Supermicro SuperServer SYS-1019P-FHN2T &#8211; 1U &#8211; 4x 2.5&#8243; SATA &#8211; 1x M.2 &#8211; 6x DDR4 &#8211; 500W<\/p>\n","protected":false},"featured_media":5697,"template":"","meta":[],"product_brand":[338],"product_cat":[1759,1774],"product_tag":[1839,1903,2133,2264],"class_list":{"0":"post-9591","1":"product","2":"type-product","3":"status-publish","4":"has-post-thumbnail","6":"product_brand-supermicro-server-turkiye","7":"product_cat-server","8":"product_cat-supermicro-server","9":"product_tag-1u-rackmount","10":"product_tag-sanallastirma-sunucu","11":"product_tag-supermicro-server","12":"product_tag-sys-1019p-fhn2t","14":"first","15":"instock","16":"taxable","17":"shipping-taxable","18":"product-type-external"},"yoast_head":"<!-- This site is optimized with the Yoast SEO Premium plugin v27.4 (Yoast SEO v27.4) - https:\/\/yoast.com\/product\/yoast-seo-premium-wordpress\/ -->\n<title>SuperServer 1019P-FHN2T Server - GTM Teknoloji<\/title>\n<meta name=\"robots\" content=\"index, follow, max-snippet:-1, max-image-preview:large, max-video-preview:-1\" \/>\n<link rel=\"canonical\" href=\"https:\/\/gtmteknoloji.com\/b2b\/magaza\/server\/supermicro-server\/superserver-1019p-fhn2t-server\/\" \/>\n<meta property=\"og:locale\" content=\"tr_TR\" \/>\n<meta property=\"og:type\" content=\"article\" \/>\n<meta property=\"og:title\" content=\"SuperServer 1019P-FHN2T Server\" \/>\n<meta property=\"og:description\" content=\"TEKL\u0130F AL Supermicro SuperServer SYS-1019P-FHN2T - 1U - 4x 2.5&quot; SATA - 1x M.2 - 6x DDR4 - 500W\" \/>\n<meta property=\"og:url\" content=\"https:\/\/gtmteknoloji.com\/b2b\/magaza\/server\/supermicro-server\/superserver-1019p-fhn2t-server\/\" \/>\n<meta property=\"og:site_name\" content=\"GTM Teknoloji\" \/>\n<meta property=\"article:publisher\" content=\"https:\/\/www.facebook.com\/SupermicroTurkiye\/?locale=tr_TR\" \/>\n<meta property=\"article:modified_time\" content=\"2025-04-14T01:26:55+00:00\" \/>\n<meta property=\"og:image\" content=\"https:\/\/gtmteknoloji.com\/b2b\/wp-content\/uploads\/2021\/01\/SYS-1019P-FHN2T.png\" \/>\n\t<meta property=\"og:image:width\" content=\"261\" \/>\n\t<meta property=\"og:image:height\" content=\"222\" \/>\n\t<meta property=\"og:image:type\" content=\"image\/png\" \/>\n<meta name=\"twitter:card\" content=\"summary_large_image\" \/>\n<meta name=\"twitter:site\" content=\"@gtmteknoloji\" \/>\n<meta name=\"twitter:label1\" content=\"Fiyat\" \/>\n\t<meta name=\"twitter:data1\" content=\"\" \/>\n\t<meta name=\"twitter:label2\" content=\"Durumu\" \/>\n\t<meta name=\"twitter:data2\" content=\"Stokta var\" \/>\n<script type=\"application\/ld+json\" class=\"yoast-schema-graph\">{\"@context\":\"https:\\\/\\\/schema.org\",\"@graph\":[{\"@type\":\"WebPage\",\"@id\":\"https:\\\/\\\/gtmteknoloji.com\\\/b2b\\\/magaza\\\/server\\\/supermicro-server\\\/superserver-1019p-fhn2t-server\\\/\",\"url\":\"https:\\\/\\\/gtmteknoloji.com\\\/b2b\\\/magaza\\\/server\\\/supermicro-server\\\/superserver-1019p-fhn2t-server\\\/\",\"name\":\"SuperServer 1019P-FHN2T Server - GTM Teknoloji\",\"isPartOf\":{\"@id\":\"https:\\\/\\\/gtmteknoloji.com\\\/b2b\\\/#website\"},\"primaryImageOfPage\":{\"@id\":\"https:\\\/\\\/gtmteknoloji.com\\\/b2b\\\/magaza\\\/server\\\/supermicro-server\\\/superserver-1019p-fhn2t-server\\\/#primaryimage\"},\"image\":{\"@id\":\"https:\\\/\\\/gtmteknoloji.com\\\/b2b\\\/magaza\\\/server\\\/supermicro-server\\\/superserver-1019p-fhn2t-server\\\/#primaryimage\"},\"thumbnailUrl\":\"https:\\\/\\\/gtmteknoloji.com\\\/b2b\\\/wp-content\\\/uploads\\\/2021\\\/01\\\/SYS-1019P-FHN2T.png\",\"datePublished\":\"2025-04-14T01:26:52+00:00\",\"dateModified\":\"2025-04-14T01:26:55+00:00\",\"breadcrumb\":{\"@id\":\"https:\\\/\\\/gtmteknoloji.com\\\/b2b\\\/magaza\\\/server\\\/supermicro-server\\\/superserver-1019p-fhn2t-server\\\/#breadcrumb\"},\"inLanguage\":\"tr\",\"potentialAction\":[{\"@type\":\"ReadAction\",\"target\":[\"https:\\\/\\\/gtmteknoloji.com\\\/b2b\\\/magaza\\\/server\\\/supermicro-server\\\/superserver-1019p-fhn2t-server\\\/\"]}]},{\"@type\":\"ImageObject\",\"inLanguage\":\"tr\",\"@id\":\"https:\\\/\\\/gtmteknoloji.com\\\/b2b\\\/magaza\\\/server\\\/supermicro-server\\\/superserver-1019p-fhn2t-server\\\/#primaryimage\",\"url\":\"https:\\\/\\\/gtmteknoloji.com\\\/b2b\\\/wp-content\\\/uploads\\\/2021\\\/01\\\/SYS-1019P-FHN2T.png\",\"contentUrl\":\"https:\\\/\\\/gtmteknoloji.com\\\/b2b\\\/wp-content\\\/uploads\\\/2021\\\/01\\\/SYS-1019P-FHN2T.png\",\"width\":261,\"height\":222},{\"@type\":\"BreadcrumbList\",\"@id\":\"https:\\\/\\\/gtmteknoloji.com\\\/b2b\\\/magaza\\\/server\\\/supermicro-server\\\/superserver-1019p-fhn2t-server\\\/#breadcrumb\",\"itemListElement\":[{\"@type\":\"ListItem\",\"position\":1,\"name\":\"Home\",\"item\":\"https:\\\/\\\/gtmteknoloji.com\\\/b2b\\\/\"},{\"@type\":\"ListItem\",\"position\":2,\"name\":\"Ma\u011faza\",\"item\":\"https:\\\/\\\/gtmteknoloji.com\\\/b2b\\\/magaza\\\/\"},{\"@type\":\"ListItem\",\"position\":3,\"name\":\"SuperServer 1019P-FHN2T Server\"}]},{\"@type\":\"WebSite\",\"@id\":\"https:\\\/\\\/gtmteknoloji.com\\\/b2b\\\/#website\",\"url\":\"https:\\\/\\\/gtmteknoloji.com\\\/b2b\\\/\",\"name\":\"GTM Teknoloji\",\"description\":\"B2B Sat\u0131\u015f Portal\u0131\",\"publisher\":{\"@id\":\"https:\\\/\\\/gtmteknoloji.com\\\/b2b\\\/#organization\"},\"potentialAction\":[{\"@type\":\"SearchAction\",\"target\":{\"@type\":\"EntryPoint\",\"urlTemplate\":\"https:\\\/\\\/gtmteknoloji.com\\\/b2b\\\/?s={search_term_string}\"},\"query-input\":{\"@type\":\"PropertyValueSpecification\",\"valueRequired\":true,\"valueName\":\"search_term_string\"}}],\"inLanguage\":\"tr\"},{\"@type\":\"Organization\",\"@id\":\"https:\\\/\\\/gtmteknoloji.com\\\/b2b\\\/#organization\",\"name\":\"GTM Teknoloji\",\"url\":\"https:\\\/\\\/gtmteknoloji.com\\\/b2b\\\/\",\"logo\":{\"@type\":\"ImageObject\",\"inLanguage\":\"tr\",\"@id\":\"https:\\\/\\\/gtmteknoloji.com\\\/b2b\\\/#\\\/schema\\\/logo\\\/image\\\/\",\"url\":\"https:\\\/\\\/gtmteknoloji.com\\\/b2b\\\/wp-content\\\/uploads\\\/2020\\\/12\\\/GTM-logo.png\",\"contentUrl\":\"https:\\\/\\\/gtmteknoloji.com\\\/b2b\\\/wp-content\\\/uploads\\\/2020\\\/12\\\/GTM-logo.png\",\"width\":400,\"height\":400,\"caption\":\"GTM Teknoloji\"},\"image\":{\"@id\":\"https:\\\/\\\/gtmteknoloji.com\\\/b2b\\\/#\\\/schema\\\/logo\\\/image\\\/\"},\"sameAs\":[\"https:\\\/\\\/www.facebook.com\\\/SupermicroTurkiye\\\/?locale=tr_TR\",\"https:\\\/\\\/x.com\\\/gtmteknoloji\"]}]}<\/script>\n<meta property=\"product:brand\" content=\"Supermicro\" \/>\n<meta property=\"product:price:currency\" content=\"USD\" \/>\n<meta property=\"og:availability\" content=\"instock\" \/>\n<meta property=\"product:availability\" content=\"instock\" \/>\n<meta property=\"product:retailer_item_id\" content=\"SYS-1019P-010\" \/>\n<meta property=\"product:condition\" content=\"new\" \/>\n<!-- \/ Yoast SEO Premium plugin. -->","yoast_head_json":{"title":"SuperServer 1019P-FHN2T Server - GTM Teknoloji","robots":{"index":"index","follow":"follow","max-snippet":"max-snippet:-1","max-image-preview":"max-image-preview:large","max-video-preview":"max-video-preview:-1"},"canonical":"https:\/\/gtmteknoloji.com\/b2b\/magaza\/server\/supermicro-server\/superserver-1019p-fhn2t-server\/","og_locale":"tr_TR","og_type":"article","og_title":"SuperServer 1019P-FHN2T Server","og_description":"TEKL\u0130F AL Supermicro SuperServer SYS-1019P-FHN2T - 1U - 4x 2.5\" SATA - 1x M.2 - 6x DDR4 - 500W","og_url":"https:\/\/gtmteknoloji.com\/b2b\/magaza\/server\/supermicro-server\/superserver-1019p-fhn2t-server\/","og_site_name":"GTM Teknoloji","article_publisher":"https:\/\/www.facebook.com\/SupermicroTurkiye\/?locale=tr_TR","article_modified_time":"2025-04-14T01:26:55+00:00","og_image":[{"width":261,"height":222,"url":"https:\/\/gtmteknoloji.com\/b2b\/wp-content\/uploads\/2021\/01\/SYS-1019P-FHN2T.png","type":"image\/png"}],"twitter_card":"summary_large_image","twitter_site":"@gtmteknoloji","twitter_misc":{"Fiyat":"","Durumu":"Stokta var"},"schema":{"@context":"https:\/\/schema.org","@graph":[{"@type":"WebPage","@id":"https:\/\/gtmteknoloji.com\/b2b\/magaza\/server\/supermicro-server\/superserver-1019p-fhn2t-server\/","url":"https:\/\/gtmteknoloji.com\/b2b\/magaza\/server\/supermicro-server\/superserver-1019p-fhn2t-server\/","name":"SuperServer 1019P-FHN2T Server - GTM Teknoloji","isPartOf":{"@id":"https:\/\/gtmteknoloji.com\/b2b\/#website"},"primaryImageOfPage":{"@id":"https:\/\/gtmteknoloji.com\/b2b\/magaza\/server\/supermicro-server\/superserver-1019p-fhn2t-server\/#primaryimage"},"image":{"@id":"https:\/\/gtmteknoloji.com\/b2b\/magaza\/server\/supermicro-server\/superserver-1019p-fhn2t-server\/#primaryimage"},"thumbnailUrl":"https:\/\/gtmteknoloji.com\/b2b\/wp-content\/uploads\/2021\/01\/SYS-1019P-FHN2T.png","datePublished":"2025-04-14T01:26:52+00:00","dateModified":"2025-04-14T01:26:55+00:00","breadcrumb":{"@id":"https:\/\/gtmteknoloji.com\/b2b\/magaza\/server\/supermicro-server\/superserver-1019p-fhn2t-server\/#breadcrumb"},"inLanguage":"tr","potentialAction":[{"@type":"ReadAction","target":["https:\/\/gtmteknoloji.com\/b2b\/magaza\/server\/supermicro-server\/superserver-1019p-fhn2t-server\/"]}]},{"@type":"ImageObject","inLanguage":"tr","@id":"https:\/\/gtmteknoloji.com\/b2b\/magaza\/server\/supermicro-server\/superserver-1019p-fhn2t-server\/#primaryimage","url":"https:\/\/gtmteknoloji.com\/b2b\/wp-content\/uploads\/2021\/01\/SYS-1019P-FHN2T.png","contentUrl":"https:\/\/gtmteknoloji.com\/b2b\/wp-content\/uploads\/2021\/01\/SYS-1019P-FHN2T.png","width":261,"height":222},{"@type":"BreadcrumbList","@id":"https:\/\/gtmteknoloji.com\/b2b\/magaza\/server\/supermicro-server\/superserver-1019p-fhn2t-server\/#breadcrumb","itemListElement":[{"@type":"ListItem","position":1,"name":"Home","item":"https:\/\/gtmteknoloji.com\/b2b\/"},{"@type":"ListItem","position":2,"name":"Ma\u011faza","item":"https:\/\/gtmteknoloji.com\/b2b\/magaza\/"},{"@type":"ListItem","position":3,"name":"SuperServer 1019P-FHN2T Server"}]},{"@type":"WebSite","@id":"https:\/\/gtmteknoloji.com\/b2b\/#website","url":"https:\/\/gtmteknoloji.com\/b2b\/","name":"GTM Teknoloji","description":"B2B Sat\u0131\u015f Portal\u0131","publisher":{"@id":"https:\/\/gtmteknoloji.com\/b2b\/#organization"},"potentialAction":[{"@type":"SearchAction","target":{"@type":"EntryPoint","urlTemplate":"https:\/\/gtmteknoloji.com\/b2b\/?s={search_term_string}"},"query-input":{"@type":"PropertyValueSpecification","valueRequired":true,"valueName":"search_term_string"}}],"inLanguage":"tr"},{"@type":"Organization","@id":"https:\/\/gtmteknoloji.com\/b2b\/#organization","name":"GTM Teknoloji","url":"https:\/\/gtmteknoloji.com\/b2b\/","logo":{"@type":"ImageObject","inLanguage":"tr","@id":"https:\/\/gtmteknoloji.com\/b2b\/#\/schema\/logo\/image\/","url":"https:\/\/gtmteknoloji.com\/b2b\/wp-content\/uploads\/2020\/12\/GTM-logo.png","contentUrl":"https:\/\/gtmteknoloji.com\/b2b\/wp-content\/uploads\/2020\/12\/GTM-logo.png","width":400,"height":400,"caption":"GTM Teknoloji"},"image":{"@id":"https:\/\/gtmteknoloji.com\/b2b\/#\/schema\/logo\/image\/"},"sameAs":["https:\/\/www.facebook.com\/SupermicroTurkiye\/?locale=tr_TR","https:\/\/x.com\/gtmteknoloji"]}]},"product_brand":"Supermicro","product_price_currency":"USD","og_availability":"instock","product_availability":"instock","product_retailer_item_id":"SYS-1019P-010","product_condition":"new"},"_links":{"self":[{"href":"https:\/\/gtmteknoloji.com\/b2b\/wp-json\/wp\/v2\/product\/9591","targetHints":{"allow":["GET"]}}],"collection":[{"href":"https:\/\/gtmteknoloji.com\/b2b\/wp-json\/wp\/v2\/product"}],"about":[{"href":"https:\/\/gtmteknoloji.com\/b2b\/wp-json\/wp\/v2\/types\/product"}],"version-history":[{"count":1,"href":"https:\/\/gtmteknoloji.com\/b2b\/wp-json\/wp\/v2\/product\/9591\/revisions"}],"predecessor-version":[{"id":9621,"href":"https:\/\/gtmteknoloji.com\/b2b\/wp-json\/wp\/v2\/product\/9591\/revisions\/9621"}],"wp:featuredmedia":[{"embeddable":true,"href":"https:\/\/gtmteknoloji.com\/b2b\/wp-json\/wp\/v2\/media\/5697"}],"wp:attachment":[{"href":"https:\/\/gtmteknoloji.com\/b2b\/wp-json\/wp\/v2\/media?parent=9591"}],"wp:term":[{"taxonomy":"product_brand","embeddable":true,"href":"https:\/\/gtmteknoloji.com\/b2b\/wp-json\/wp\/v2\/product_brand?post=9591"},{"taxonomy":"product_cat","embeddable":true,"href":"https:\/\/gtmteknoloji.com\/b2b\/wp-json\/wp\/v2\/product_cat?post=9591"},{"taxonomy":"product_tag","embeddable":true,"href":"https:\/\/gtmteknoloji.com\/b2b\/wp-json\/wp\/v2\/product_tag?post=9591"}],"curies":[{"name":"wp","href":"https:\/\/api.w.org\/{rel}","templated":true}]}}