{"id":9653,"date":"2025-04-14T04:26:59","date_gmt":"2025-04-14T01:26:59","guid":{"rendered":"https:\/\/gtmteknoloji.com\/b2b\/?post_type=product&#038;p=9653"},"modified":"2025-04-14T04:27:01","modified_gmt":"2025-04-14T01:27:01","slug":"iot-gateway-system-e100-8q-server","status":"publish","type":"product","link":"https:\/\/gtmteknoloji.com\/b2b\/magaza\/iot\/iot-gateway-system-e100-8q-server\/","title":{"rendered":"IoT Gateway System E100-8Q Server"},"content":{"rendered":"<table class=\"spec-key-features spec-table\">\n<tbody>\n<tr>\n<td valign=\"middle\" width=\"230\"><span class=\"tertiaryNavSection\">Key Features<\/span><\/p>\n<p><span class=\"keyFeatures\"><strong class=\"textA\">\u00a0 &#8211; Smart Factory IoT Gateway based<br \/>\non Intel Quark SoC<br \/>\n&#8211; Compact Embedded System<br \/>\n&#8211; Long Life Cycle Support<br \/>\n&#8211; Smart Building\/Home Gateway<br \/>\n&#8211; Retail store or Warehouse Hub<br \/>\n<\/strong><\/span><\/p>\n<div class=\"keyFeaturesLine\"><\/div>\n<p><span class=\"keyFeatures\">1. Single Intel\u00ae Quark\u2122 SoC X1021;<br \/>\nCPU TDP support 2.2W<\/span><\/p>\n<div class=\"keyFeaturesLine\"><\/div>\n<p><span class=\"keyFeatures\">2. 1x Micro SDHC up to 32GB internal slot<\/span><\/p>\n<div class=\"keyFeaturesLine\"><\/div>\n<p><span class=\"keyFeatures\">3. Onboard 512MB DDR3 ECC memory<\/span><\/p>\n<div class=\"keyFeaturesLine\"><\/div>\n<p><span class=\"keyFeatures\">4. Expansion slots: 2x Mini-PCI-E slots,<br \/>\n1x ZigBee module socket<\/span><\/p>\n<div class=\"keyFeaturesLine\"><\/div>\n<p><span class=\"keyFeatures\">5. I\/O ports: TPM 1.2 onboard Chip,<br \/>\n2x 10\/100Mbps RJ45, 1x RS-232 via<br \/>\nDB9, 1x RS485 via screw terminal<br \/>\ninterface, 2x USB 2.0 (device &amp; host),<br \/>\n8x Analog Input 12-bit, 8x DIO 8 bit<\/span><\/p>\n<div class=\"keyFeaturesLine\"><\/div>\n<p><span class=\"keyFeatures\">6. Power Adapter: 12V DC input<\/span><\/p>\n<div class=\"keyFeaturesLine\"><\/div>\n<p><span class=\"keyFeatures\">7. Environment operating temperature<br \/>\n0\u00b0C to 50\u00b0C<\/span><\/p>\n<div class=\"keyFeaturesLine\"><\/div>\n<\/td>\n<\/tr>\n<\/tbody>\n<\/table>\n","protected":false},"excerpt":{"rendered":"<h1><a href=\"https:\/\/gtmteknoloji.com\/teklif-talep\/\">TEKL\u0130F AL<\/a><\/h1>\n<p><span class=\"keyFeatures\"><strong class=\"textA\">\u00a0 &#8211; Smart Factory IoT Gateway based<br \/>\non Intel Quark SoC<br \/>\n&#8211; Compact Embedded System<br \/>\n&#8211; Long Life Cycle Support<br \/>\n&#8211; Smart Building\/Home Gateway<br \/>\n&#8211; Retail store or Warehouse Hub<\/strong><\/span><\/p>\n<p>IoT Gateway System SYS-E100-8Q Server<\/p>\n","protected":false},"featured_media":5994,"template":"","meta":[],"product_brand":[338],"product_cat":[2308],"product_tag":[2309,1903,1768,2328],"class_list":{"0":"post-9653","1":"product","2":"type-product","3":"status-publish","4":"has-post-thumbnail","6":"product_brand-supermicro-server-turkiye","7":"product_cat-iot","8":"product_tag-embedded","9":"product_tag-sanallastirma-sunucu","10":"product_tag-superserver","11":"product_tag-sys-e100-8q","13":"first","14":"instock","15":"taxable","16":"shipping-taxable","17":"product-type-external"},"yoast_head":"<!-- This site is optimized with the Yoast SEO Premium plugin v27.4 (Yoast SEO v27.4) - https:\/\/yoast.com\/product\/yoast-seo-premium-wordpress\/ -->\n<title>IoT Gateway System E100-8Q Server - GTM Teknoloji<\/title>\n<meta name=\"robots\" content=\"index, follow, max-snippet:-1, max-image-preview:large, max-video-preview:-1\" \/>\n<link rel=\"canonical\" href=\"https:\/\/gtmteknoloji.com\/b2b\/magaza\/iot\/iot-gateway-system-e100-8q-server\/\" \/>\n<meta property=\"og:locale\" content=\"tr_TR\" \/>\n<meta property=\"og:type\" content=\"article\" \/>\n<meta property=\"og:title\" content=\"IoT Gateway System E100-8Q Server\" \/>\n<meta property=\"og:description\" content=\"TEKL\u0130F AL \u00a0 - Smart Factory IoT Gateway based on Intel Quark SoC - Compact Embedded System - Long Life Cycle Support - Smart Building\/Home Gateway - Retail store or Warehouse Hub  IoT Gateway System SYS-E100-8Q Server\" \/>\n<meta property=\"og:url\" content=\"https:\/\/gtmteknoloji.com\/b2b\/magaza\/iot\/iot-gateway-system-e100-8q-server\/\" \/>\n<meta property=\"og:site_name\" content=\"GTM Teknoloji\" \/>\n<meta property=\"article:publisher\" content=\"https:\/\/www.facebook.com\/SupermicroTurkiye\/?locale=tr_TR\" \/>\n<meta property=\"article:modified_time\" content=\"2025-04-14T01:27:01+00:00\" \/>\n<meta property=\"og:image\" content=\"https:\/\/gtmteknoloji.com\/b2b\/wp-content\/uploads\/2021\/01\/SYS-E100-8Q_open.png\" \/>\n\t<meta property=\"og:image:width\" content=\"261\" \/>\n\t<meta property=\"og:image:height\" content=\"222\" \/>\n\t<meta property=\"og:image:type\" content=\"image\/png\" \/>\n<meta name=\"twitter:card\" content=\"summary_large_image\" \/>\n<meta name=\"twitter:site\" content=\"@gtmteknoloji\" \/>\n<meta name=\"twitter:label1\" content=\"Fiyat\" \/>\n\t<meta name=\"twitter:data1\" content=\"\" \/>\n\t<meta name=\"twitter:label2\" content=\"Durumu\" \/>\n\t<meta name=\"twitter:data2\" content=\"Stokta var\" \/>\n<script type=\"application\/ld+json\" class=\"yoast-schema-graph\">{\"@context\":\"https:\\\/\\\/schema.org\",\"@graph\":[{\"@type\":\"WebPage\",\"@id\":\"https:\\\/\\\/gtmteknoloji.com\\\/b2b\\\/magaza\\\/iot\\\/iot-gateway-system-e100-8q-server\\\/\",\"url\":\"https:\\\/\\\/gtmteknoloji.com\\\/b2b\\\/magaza\\\/iot\\\/iot-gateway-system-e100-8q-server\\\/\",\"name\":\"IoT Gateway System E100-8Q Server - GTM Teknoloji\",\"isPartOf\":{\"@id\":\"https:\\\/\\\/gtmteknoloji.com\\\/b2b\\\/#website\"},\"primaryImageOfPage\":{\"@id\":\"https:\\\/\\\/gtmteknoloji.com\\\/b2b\\\/magaza\\\/iot\\\/iot-gateway-system-e100-8q-server\\\/#primaryimage\"},\"image\":{\"@id\":\"https:\\\/\\\/gtmteknoloji.com\\\/b2b\\\/magaza\\\/iot\\\/iot-gateway-system-e100-8q-server\\\/#primaryimage\"},\"thumbnailUrl\":\"https:\\\/\\\/gtmteknoloji.com\\\/b2b\\\/wp-content\\\/uploads\\\/2021\\\/01\\\/SYS-E100-8Q_open.png\",\"datePublished\":\"2025-04-14T01:26:59+00:00\",\"dateModified\":\"2025-04-14T01:27:01+00:00\",\"breadcrumb\":{\"@id\":\"https:\\\/\\\/gtmteknoloji.com\\\/b2b\\\/magaza\\\/iot\\\/iot-gateway-system-e100-8q-server\\\/#breadcrumb\"},\"inLanguage\":\"tr\",\"potentialAction\":[{\"@type\":\"ReadAction\",\"target\":[\"https:\\\/\\\/gtmteknoloji.com\\\/b2b\\\/magaza\\\/iot\\\/iot-gateway-system-e100-8q-server\\\/\"]}]},{\"@type\":\"ImageObject\",\"inLanguage\":\"tr\",\"@id\":\"https:\\\/\\\/gtmteknoloji.com\\\/b2b\\\/magaza\\\/iot\\\/iot-gateway-system-e100-8q-server\\\/#primaryimage\",\"url\":\"https:\\\/\\\/gtmteknoloji.com\\\/b2b\\\/wp-content\\\/uploads\\\/2021\\\/01\\\/SYS-E100-8Q_open.png\",\"contentUrl\":\"https:\\\/\\\/gtmteknoloji.com\\\/b2b\\\/wp-content\\\/uploads\\\/2021\\\/01\\\/SYS-E100-8Q_open.png\",\"width\":261,\"height\":222},{\"@type\":\"BreadcrumbList\",\"@id\":\"https:\\\/\\\/gtmteknoloji.com\\\/b2b\\\/magaza\\\/iot\\\/iot-gateway-system-e100-8q-server\\\/#breadcrumb\",\"itemListElement\":[{\"@type\":\"ListItem\",\"position\":1,\"name\":\"Home\",\"item\":\"https:\\\/\\\/gtmteknoloji.com\\\/b2b\\\/\"},{\"@type\":\"ListItem\",\"position\":2,\"name\":\"Ma\u011faza\",\"item\":\"https:\\\/\\\/gtmteknoloji.com\\\/b2b\\\/magaza\\\/\"},{\"@type\":\"ListItem\",\"position\":3,\"name\":\"IoT Gateway System E100-8Q Server\"}]},{\"@type\":\"WebSite\",\"@id\":\"https:\\\/\\\/gtmteknoloji.com\\\/b2b\\\/#website\",\"url\":\"https:\\\/\\\/gtmteknoloji.com\\\/b2b\\\/\",\"name\":\"GTM Teknoloji\",\"description\":\"B2B Sat\u0131\u015f Portal\u0131\",\"publisher\":{\"@id\":\"https:\\\/\\\/gtmteknoloji.com\\\/b2b\\\/#organization\"},\"potentialAction\":[{\"@type\":\"SearchAction\",\"target\":{\"@type\":\"EntryPoint\",\"urlTemplate\":\"https:\\\/\\\/gtmteknoloji.com\\\/b2b\\\/?s={search_term_string}\"},\"query-input\":{\"@type\":\"PropertyValueSpecification\",\"valueRequired\":true,\"valueName\":\"search_term_string\"}}],\"inLanguage\":\"tr\"},{\"@type\":\"Organization\",\"@id\":\"https:\\\/\\\/gtmteknoloji.com\\\/b2b\\\/#organization\",\"name\":\"GTM Teknoloji\",\"url\":\"https:\\\/\\\/gtmteknoloji.com\\\/b2b\\\/\",\"logo\":{\"@type\":\"ImageObject\",\"inLanguage\":\"tr\",\"@id\":\"https:\\\/\\\/gtmteknoloji.com\\\/b2b\\\/#\\\/schema\\\/logo\\\/image\\\/\",\"url\":\"https:\\\/\\\/gtmteknoloji.com\\\/b2b\\\/wp-content\\\/uploads\\\/2020\\\/12\\\/GTM-logo.png\",\"contentUrl\":\"https:\\\/\\\/gtmteknoloji.com\\\/b2b\\\/wp-content\\\/uploads\\\/2020\\\/12\\\/GTM-logo.png\",\"width\":400,\"height\":400,\"caption\":\"GTM Teknoloji\"},\"image\":{\"@id\":\"https:\\\/\\\/gtmteknoloji.com\\\/b2b\\\/#\\\/schema\\\/logo\\\/image\\\/\"},\"sameAs\":[\"https:\\\/\\\/www.facebook.com\\\/SupermicroTurkiye\\\/?locale=tr_TR\",\"https:\\\/\\\/x.com\\\/gtmteknoloji\"]}]}<\/script>\n<meta property=\"product:brand\" content=\"Supermicro\" \/>\n<meta property=\"product:price:currency\" content=\"USD\" \/>\n<meta property=\"og:availability\" content=\"instock\" \/>\n<meta property=\"product:availability\" content=\"instock\" \/>\n<meta property=\"product:retailer_item_id\" content=\"SYS-E100-001\" \/>\n<meta property=\"product:condition\" content=\"new\" \/>\n<!-- \/ Yoast SEO Premium plugin. -->","yoast_head_json":{"title":"IoT Gateway System E100-8Q Server - GTM Teknoloji","robots":{"index":"index","follow":"follow","max-snippet":"max-snippet:-1","max-image-preview":"max-image-preview:large","max-video-preview":"max-video-preview:-1"},"canonical":"https:\/\/gtmteknoloji.com\/b2b\/magaza\/iot\/iot-gateway-system-e100-8q-server\/","og_locale":"tr_TR","og_type":"article","og_title":"IoT Gateway System E100-8Q Server","og_description":"TEKL\u0130F AL \u00a0 - Smart Factory IoT Gateway based on Intel Quark SoC - Compact Embedded System - Long Life Cycle Support - Smart Building\/Home Gateway - Retail store or Warehouse Hub  IoT Gateway System SYS-E100-8Q Server","og_url":"https:\/\/gtmteknoloji.com\/b2b\/magaza\/iot\/iot-gateway-system-e100-8q-server\/","og_site_name":"GTM Teknoloji","article_publisher":"https:\/\/www.facebook.com\/SupermicroTurkiye\/?locale=tr_TR","article_modified_time":"2025-04-14T01:27:01+00:00","og_image":[{"width":261,"height":222,"url":"https:\/\/gtmteknoloji.com\/b2b\/wp-content\/uploads\/2021\/01\/SYS-E100-8Q_open.png","type":"image\/png"}],"twitter_card":"summary_large_image","twitter_site":"@gtmteknoloji","twitter_misc":{"Fiyat":"","Durumu":"Stokta var"},"schema":{"@context":"https:\/\/schema.org","@graph":[{"@type":"WebPage","@id":"https:\/\/gtmteknoloji.com\/b2b\/magaza\/iot\/iot-gateway-system-e100-8q-server\/","url":"https:\/\/gtmteknoloji.com\/b2b\/magaza\/iot\/iot-gateway-system-e100-8q-server\/","name":"IoT Gateway System E100-8Q Server - GTM Teknoloji","isPartOf":{"@id":"https:\/\/gtmteknoloji.com\/b2b\/#website"},"primaryImageOfPage":{"@id":"https:\/\/gtmteknoloji.com\/b2b\/magaza\/iot\/iot-gateway-system-e100-8q-server\/#primaryimage"},"image":{"@id":"https:\/\/gtmteknoloji.com\/b2b\/magaza\/iot\/iot-gateway-system-e100-8q-server\/#primaryimage"},"thumbnailUrl":"https:\/\/gtmteknoloji.com\/b2b\/wp-content\/uploads\/2021\/01\/SYS-E100-8Q_open.png","datePublished":"2025-04-14T01:26:59+00:00","dateModified":"2025-04-14T01:27:01+00:00","breadcrumb":{"@id":"https:\/\/gtmteknoloji.com\/b2b\/magaza\/iot\/iot-gateway-system-e100-8q-server\/#breadcrumb"},"inLanguage":"tr","potentialAction":[{"@type":"ReadAction","target":["https:\/\/gtmteknoloji.com\/b2b\/magaza\/iot\/iot-gateway-system-e100-8q-server\/"]}]},{"@type":"ImageObject","inLanguage":"tr","@id":"https:\/\/gtmteknoloji.com\/b2b\/magaza\/iot\/iot-gateway-system-e100-8q-server\/#primaryimage","url":"https:\/\/gtmteknoloji.com\/b2b\/wp-content\/uploads\/2021\/01\/SYS-E100-8Q_open.png","contentUrl":"https:\/\/gtmteknoloji.com\/b2b\/wp-content\/uploads\/2021\/01\/SYS-E100-8Q_open.png","width":261,"height":222},{"@type":"BreadcrumbList","@id":"https:\/\/gtmteknoloji.com\/b2b\/magaza\/iot\/iot-gateway-system-e100-8q-server\/#breadcrumb","itemListElement":[{"@type":"ListItem","position":1,"name":"Home","item":"https:\/\/gtmteknoloji.com\/b2b\/"},{"@type":"ListItem","position":2,"name":"Ma\u011faza","item":"https:\/\/gtmteknoloji.com\/b2b\/magaza\/"},{"@type":"ListItem","position":3,"name":"IoT Gateway System E100-8Q Server"}]},{"@type":"WebSite","@id":"https:\/\/gtmteknoloji.com\/b2b\/#website","url":"https:\/\/gtmteknoloji.com\/b2b\/","name":"GTM Teknoloji","description":"B2B Sat\u0131\u015f Portal\u0131","publisher":{"@id":"https:\/\/gtmteknoloji.com\/b2b\/#organization"},"potentialAction":[{"@type":"SearchAction","target":{"@type":"EntryPoint","urlTemplate":"https:\/\/gtmteknoloji.com\/b2b\/?s={search_term_string}"},"query-input":{"@type":"PropertyValueSpecification","valueRequired":true,"valueName":"search_term_string"}}],"inLanguage":"tr"},{"@type":"Organization","@id":"https:\/\/gtmteknoloji.com\/b2b\/#organization","name":"GTM Teknoloji","url":"https:\/\/gtmteknoloji.com\/b2b\/","logo":{"@type":"ImageObject","inLanguage":"tr","@id":"https:\/\/gtmteknoloji.com\/b2b\/#\/schema\/logo\/image\/","url":"https:\/\/gtmteknoloji.com\/b2b\/wp-content\/uploads\/2020\/12\/GTM-logo.png","contentUrl":"https:\/\/gtmteknoloji.com\/b2b\/wp-content\/uploads\/2020\/12\/GTM-logo.png","width":400,"height":400,"caption":"GTM Teknoloji"},"image":{"@id":"https:\/\/gtmteknoloji.com\/b2b\/#\/schema\/logo\/image\/"},"sameAs":["https:\/\/www.facebook.com\/SupermicroTurkiye\/?locale=tr_TR","https:\/\/x.com\/gtmteknoloji"]}]},"product_brand":"Supermicro","product_price_currency":"USD","og_availability":"instock","product_availability":"instock","product_retailer_item_id":"SYS-E100-001","product_condition":"new"},"_links":{"self":[{"href":"https:\/\/gtmteknoloji.com\/b2b\/wp-json\/wp\/v2\/product\/9653","targetHints":{"allow":["GET"]}}],"collection":[{"href":"https:\/\/gtmteknoloji.com\/b2b\/wp-json\/wp\/v2\/product"}],"about":[{"href":"https:\/\/gtmteknoloji.com\/b2b\/wp-json\/wp\/v2\/types\/product"}],"version-history":[{"count":1,"href":"https:\/\/gtmteknoloji.com\/b2b\/wp-json\/wp\/v2\/product\/9653\/revisions"}],"predecessor-version":[{"id":9683,"href":"https:\/\/gtmteknoloji.com\/b2b\/wp-json\/wp\/v2\/product\/9653\/revisions\/9683"}],"wp:featuredmedia":[{"embeddable":true,"href":"https:\/\/gtmteknoloji.com\/b2b\/wp-json\/wp\/v2\/media\/5994"}],"wp:attachment":[{"href":"https:\/\/gtmteknoloji.com\/b2b\/wp-json\/wp\/v2\/media?parent=9653"}],"wp:term":[{"taxonomy":"product_brand","embeddable":true,"href":"https:\/\/gtmteknoloji.com\/b2b\/wp-json\/wp\/v2\/product_brand?post=9653"},{"taxonomy":"product_cat","embeddable":true,"href":"https:\/\/gtmteknoloji.com\/b2b\/wp-json\/wp\/v2\/product_cat?post=9653"},{"taxonomy":"product_tag","embeddable":true,"href":"https:\/\/gtmteknoloji.com\/b2b\/wp-json\/wp\/v2\/product_tag?post=9653"}],"curies":[{"name":"wp","href":"https:\/\/api.w.org\/{rel}","templated":true}]}}