{"id":9684,"date":"2025-04-14T04:27:02","date_gmt":"2025-04-14T01:27:02","guid":{"rendered":"https:\/\/gtmteknoloji.com\/b2b\/?post_type=product&#038;p=9684"},"modified":"2025-04-14T04:27:05","modified_gmt":"2025-04-14T01:27:05","slug":"superserver-e300-9a-4cn8-server","status":"publish","type":"product","link":"https:\/\/gtmteknoloji.com\/b2b\/magaza\/iot\/superserver-e300-9a-4cn8-server\/","title":{"rendered":"SuperServer E300-9A-4CN8 Server"},"content":{"rendered":"<table class=\"table_5_10 table_compare\">\n<tbody>\n<tr class=\"category\">\n<td colspan=\"2\">Main Specifications<\/td>\n<\/tr>\n<tr class=\"details\">\n<td class=\"label\">Series<\/td>\n<td>SuperServer<\/td>\n<\/tr>\n<tr class=\"details\">\n<td class=\"label\">Supported Processor<\/td>\n<td>Intel Atom C3558<\/td>\n<\/tr>\n<tr class=\"details\">\n<td class=\"label\">Memory Technology<\/td>\n<td>DDR4 RDIMM and ECC\/Non-ECC UDIMM<\/td>\n<\/tr>\n<tr class=\"details\">\n<td class=\"label\">Chipset<\/td>\n<td>System on Chip<\/td>\n<\/tr>\n<tr class=\"details\">\n<td class=\"label\">Form Factor<\/td>\n<td>Mini-1U<\/td>\n<\/tr>\n<tr class=\"details\">\n<td class=\"label\">Color<\/td>\n<td>Black<\/td>\n<\/tr>\n<tr class=\"category\">\n<td colspan=\"2\">Detailed Specifications<\/td>\n<\/tr>\n<tr class=\"details\">\n<td class=\"label\">Memory Slots<\/td>\n<td>4x 288-pin DDR4 DIMM sockets<\/td>\n<\/tr>\n<tr class=\"details\">\n<td class=\"label\">Max Memory Support<\/td>\n<td>Supports up to 256GB DDR4 ECC RDIMM<br \/>\nSupports up to 64GB DDR4 ECC\/non-ECC UDIMM<\/td>\n<\/tr>\n<tr class=\"details\">\n<td class=\"label\">Graphics<\/td>\n<td>Aspeed AST2400<\/td>\n<\/tr>\n<tr class=\"details\">\n<td class=\"label\">Ethernet<\/td>\n<td>Quad Gigabit Ethernet LAN via Intel\u00ae i350-AM4<br \/>\nQuad Gigabit Ethernet LAN via Marvell\u00ae Alaska\u00ae 88E1543<\/td>\n<\/tr>\n<tr class=\"details\">\n<td class=\"label\">Serial ATA<\/td>\n<td>SoC controller for 4 SATA3 (6Gbps) ports<\/td>\n<\/tr>\n<tr class=\"details\">\n<td class=\"label\">Power<\/td>\n<td>84W DC power adapter<\/td>\n<\/tr>\n<tr class=\"details\">\n<td class=\"label\">Internal Bays<\/td>\n<td>1 fixed 2.5&#8243; drive bay when AOC area is not occupied<\/td>\n<\/tr>\n<tr class=\"details\">\n<td class=\"label\">M.2<\/td>\n<td>1 M.2 Key<br \/>\nInterface: PCI-E 3.0 x2<br \/>\nForm Factor: B Key 3042\/2280<\/td>\n<\/tr>\n<tr class=\"details\">\n<td class=\"label\">Expansion Slots<\/td>\n<td>1 PCI-E 3.0 x4 AOC slot (LP)<\/td>\n<\/tr>\n<tr class=\"details\">\n<td class=\"label\">Front Panel<\/td>\n<td>Power On\/Off button<br \/>\nPower LED (Hard drive activity LED)<\/td>\n<\/tr>\n<tr class=\"details\">\n<td class=\"label\">BIOS<\/td>\n<td>AMI UEFI<\/td>\n<\/tr>\n<tr class=\"details\">\n<td class=\"label\">Cooling<\/td>\n<td>1x 40mm chassis fan<\/td>\n<\/tr>\n<tr class=\"details\">\n<td class=\"label\">Dimensions (WxHxD)<\/td>\n<td>10&#8243; (254mm) x 1.7&#8243; (43mm) x 8.9&#8243; (226mm)<\/td>\n<\/tr>\n<tr class=\"details\">\n<td class=\"label\">Gross Weight<\/td>\n<td>7.5 lbs (3.4 kg)<\/td>\n<\/tr>\n<tr class=\"details\">\n<td class=\"label\">USB Ports<\/td>\n<td>2 USB 3.0 ports (rear)<\/td>\n<\/tr>\n<tr class=\"details\">\n<td class=\"label\">LAN Ports<\/td>\n<td>8 RJ45 Gigabit Ethernet LAN ports<br \/>\n1 RJ45 Dedicated IPMI LAN port<\/td>\n<\/tr>\n<tr class=\"details\">\n<td class=\"label\">SATA DOM<\/td>\n<td>1 SuperDOM (Disk on Module) power connector<\/td>\n<\/tr>\n<tr class=\"details\">\n<td class=\"label\">VGA Ports<\/td>\n<td>1 VGA port<\/td>\n<\/tr>\n<tr class=\"details\">\n<td class=\"label\">Trusted Platform Module<\/td>\n<td>TPM 2.0 header<\/td>\n<\/tr>\n<\/tbody>\n<\/table>\n","protected":false},"excerpt":{"rendered":"<h1><a href=\"https:\/\/gtmteknoloji.com\/teklif-talep\/\">TEKL\u0130F AL<\/a><\/h1>\n<p>Supermicro SuperServer SYS-E300-9A-4CN8 &#8211; Intel\u00ae Atom\u00ae C3558 &#8211; 1x 2.5&#8243; SATA &#8211; 1x M.2 &#8211; 4x DDR4 &#8211; 84W DC Power Adapter<\/p>\n","protected":false},"featured_media":6151,"template":"","meta":[],"product_brand":[338],"product_cat":[2308],"product_tag":[2309,1903,1768,2358],"class_list":{"0":"post-9684","1":"product","2":"type-product","3":"status-publish","4":"has-post-thumbnail","6":"product_brand-supermicro-server-turkiye","7":"product_cat-iot","8":"product_tag-embedded","9":"product_tag-sanallastirma-sunucu","10":"product_tag-superserver","11":"product_tag-sys-e300-9a-4cn8","13":"first","14":"instock","15":"taxable","16":"shipping-taxable","17":"product-type-external"},"yoast_head":"<!-- This site is optimized with the Yoast SEO Premium plugin v27.4 (Yoast SEO v27.4) - https:\/\/yoast.com\/product\/yoast-seo-premium-wordpress\/ -->\n<title>SuperServer E300-9A-4CN8 Server - GTM Teknoloji<\/title>\n<meta name=\"robots\" content=\"index, follow, max-snippet:-1, max-image-preview:large, max-video-preview:-1\" \/>\n<link rel=\"canonical\" href=\"https:\/\/gtmteknoloji.com\/b2b\/magaza\/iot\/superserver-e300-9a-4cn8-server\/\" \/>\n<meta property=\"og:locale\" content=\"tr_TR\" \/>\n<meta property=\"og:type\" content=\"article\" \/>\n<meta property=\"og:title\" content=\"SuperServer E300-9A-4CN8 Server\" \/>\n<meta property=\"og:description\" content=\"TEKL\u0130F AL Supermicro SuperServer SYS-E300-9A-4CN8 - Intel\u00ae Atom\u00ae C3558 - 1x 2.5&quot; SATA - 1x M.2 - 4x DDR4 - 84W DC Power Adapter\" \/>\n<meta property=\"og:url\" content=\"https:\/\/gtmteknoloji.com\/b2b\/magaza\/iot\/superserver-e300-9a-4cn8-server\/\" \/>\n<meta property=\"og:site_name\" content=\"GTM Teknoloji\" \/>\n<meta property=\"article:publisher\" content=\"https:\/\/www.facebook.com\/SupermicroTurkiye\/?locale=tr_TR\" \/>\n<meta property=\"article:modified_time\" content=\"2025-04-14T01:27:05+00:00\" \/>\n<meta property=\"og:image\" content=\"https:\/\/gtmteknoloji.com\/b2b\/wp-content\/uploads\/2021\/01\/SYS-E300-9A-4CN8.png\" \/>\n\t<meta property=\"og:image:width\" content=\"261\" \/>\n\t<meta property=\"og:image:height\" content=\"222\" \/>\n\t<meta property=\"og:image:type\" content=\"image\/png\" \/>\n<meta name=\"twitter:card\" content=\"summary_large_image\" \/>\n<meta name=\"twitter:site\" content=\"@gtmteknoloji\" \/>\n<meta name=\"twitter:label1\" content=\"Fiyat\" \/>\n\t<meta name=\"twitter:data1\" content=\"\" \/>\n\t<meta name=\"twitter:label2\" content=\"Durumu\" \/>\n\t<meta name=\"twitter:data2\" content=\"Stokta var\" \/>\n<script type=\"application\/ld+json\" class=\"yoast-schema-graph\">{\"@context\":\"https:\\\/\\\/schema.org\",\"@graph\":[{\"@type\":\"WebPage\",\"@id\":\"https:\\\/\\\/gtmteknoloji.com\\\/b2b\\\/magaza\\\/iot\\\/superserver-e300-9a-4cn8-server\\\/\",\"url\":\"https:\\\/\\\/gtmteknoloji.com\\\/b2b\\\/magaza\\\/iot\\\/superserver-e300-9a-4cn8-server\\\/\",\"name\":\"SuperServer E300-9A-4CN8 Server - GTM Teknoloji\",\"isPartOf\":{\"@id\":\"https:\\\/\\\/gtmteknoloji.com\\\/b2b\\\/#website\"},\"primaryImageOfPage\":{\"@id\":\"https:\\\/\\\/gtmteknoloji.com\\\/b2b\\\/magaza\\\/iot\\\/superserver-e300-9a-4cn8-server\\\/#primaryimage\"},\"image\":{\"@id\":\"https:\\\/\\\/gtmteknoloji.com\\\/b2b\\\/magaza\\\/iot\\\/superserver-e300-9a-4cn8-server\\\/#primaryimage\"},\"thumbnailUrl\":\"https:\\\/\\\/gtmteknoloji.com\\\/b2b\\\/wp-content\\\/uploads\\\/2021\\\/01\\\/SYS-E300-9A-4CN8.png\",\"datePublished\":\"2025-04-14T01:27:02+00:00\",\"dateModified\":\"2025-04-14T01:27:05+00:00\",\"breadcrumb\":{\"@id\":\"https:\\\/\\\/gtmteknoloji.com\\\/b2b\\\/magaza\\\/iot\\\/superserver-e300-9a-4cn8-server\\\/#breadcrumb\"},\"inLanguage\":\"tr\",\"potentialAction\":[{\"@type\":\"ReadAction\",\"target\":[\"https:\\\/\\\/gtmteknoloji.com\\\/b2b\\\/magaza\\\/iot\\\/superserver-e300-9a-4cn8-server\\\/\"]}]},{\"@type\":\"ImageObject\",\"inLanguage\":\"tr\",\"@id\":\"https:\\\/\\\/gtmteknoloji.com\\\/b2b\\\/magaza\\\/iot\\\/superserver-e300-9a-4cn8-server\\\/#primaryimage\",\"url\":\"https:\\\/\\\/gtmteknoloji.com\\\/b2b\\\/wp-content\\\/uploads\\\/2021\\\/01\\\/SYS-E300-9A-4CN8.png\",\"contentUrl\":\"https:\\\/\\\/gtmteknoloji.com\\\/b2b\\\/wp-content\\\/uploads\\\/2021\\\/01\\\/SYS-E300-9A-4CN8.png\",\"width\":261,\"height\":222},{\"@type\":\"BreadcrumbList\",\"@id\":\"https:\\\/\\\/gtmteknoloji.com\\\/b2b\\\/magaza\\\/iot\\\/superserver-e300-9a-4cn8-server\\\/#breadcrumb\",\"itemListElement\":[{\"@type\":\"ListItem\",\"position\":1,\"name\":\"Home\",\"item\":\"https:\\\/\\\/gtmteknoloji.com\\\/b2b\\\/\"},{\"@type\":\"ListItem\",\"position\":2,\"name\":\"Ma\u011faza\",\"item\":\"https:\\\/\\\/gtmteknoloji.com\\\/b2b\\\/magaza\\\/\"},{\"@type\":\"ListItem\",\"position\":3,\"name\":\"SuperServer E300-9A-4CN8 Server\"}]},{\"@type\":\"WebSite\",\"@id\":\"https:\\\/\\\/gtmteknoloji.com\\\/b2b\\\/#website\",\"url\":\"https:\\\/\\\/gtmteknoloji.com\\\/b2b\\\/\",\"name\":\"GTM Teknoloji\",\"description\":\"B2B Sat\u0131\u015f Portal\u0131\",\"publisher\":{\"@id\":\"https:\\\/\\\/gtmteknoloji.com\\\/b2b\\\/#organization\"},\"potentialAction\":[{\"@type\":\"SearchAction\",\"target\":{\"@type\":\"EntryPoint\",\"urlTemplate\":\"https:\\\/\\\/gtmteknoloji.com\\\/b2b\\\/?s={search_term_string}\"},\"query-input\":{\"@type\":\"PropertyValueSpecification\",\"valueRequired\":true,\"valueName\":\"search_term_string\"}}],\"inLanguage\":\"tr\"},{\"@type\":\"Organization\",\"@id\":\"https:\\\/\\\/gtmteknoloji.com\\\/b2b\\\/#organization\",\"name\":\"GTM Teknoloji\",\"url\":\"https:\\\/\\\/gtmteknoloji.com\\\/b2b\\\/\",\"logo\":{\"@type\":\"ImageObject\",\"inLanguage\":\"tr\",\"@id\":\"https:\\\/\\\/gtmteknoloji.com\\\/b2b\\\/#\\\/schema\\\/logo\\\/image\\\/\",\"url\":\"https:\\\/\\\/gtmteknoloji.com\\\/b2b\\\/wp-content\\\/uploads\\\/2020\\\/12\\\/GTM-logo.png\",\"contentUrl\":\"https:\\\/\\\/gtmteknoloji.com\\\/b2b\\\/wp-content\\\/uploads\\\/2020\\\/12\\\/GTM-logo.png\",\"width\":400,\"height\":400,\"caption\":\"GTM Teknoloji\"},\"image\":{\"@id\":\"https:\\\/\\\/gtmteknoloji.com\\\/b2b\\\/#\\\/schema\\\/logo\\\/image\\\/\"},\"sameAs\":[\"https:\\\/\\\/www.facebook.com\\\/SupermicroTurkiye\\\/?locale=tr_TR\",\"https:\\\/\\\/x.com\\\/gtmteknoloji\"]}]}<\/script>\n<meta property=\"product:brand\" content=\"Supermicro\" \/>\n<meta property=\"product:price:currency\" content=\"USD\" \/>\n<meta property=\"og:availability\" content=\"instock\" \/>\n<meta property=\"product:availability\" content=\"instock\" \/>\n<meta property=\"product:retailer_item_id\" content=\"SYS-E300-009\" \/>\n<meta property=\"product:condition\" content=\"new\" \/>\n<!-- \/ Yoast SEO Premium plugin. -->","yoast_head_json":{"title":"SuperServer E300-9A-4CN8 Server - GTM Teknoloji","robots":{"index":"index","follow":"follow","max-snippet":"max-snippet:-1","max-image-preview":"max-image-preview:large","max-video-preview":"max-video-preview:-1"},"canonical":"https:\/\/gtmteknoloji.com\/b2b\/magaza\/iot\/superserver-e300-9a-4cn8-server\/","og_locale":"tr_TR","og_type":"article","og_title":"SuperServer E300-9A-4CN8 Server","og_description":"TEKL\u0130F AL Supermicro SuperServer SYS-E300-9A-4CN8 - Intel\u00ae Atom\u00ae C3558 - 1x 2.5\" SATA - 1x M.2 - 4x DDR4 - 84W DC Power Adapter","og_url":"https:\/\/gtmteknoloji.com\/b2b\/magaza\/iot\/superserver-e300-9a-4cn8-server\/","og_site_name":"GTM Teknoloji","article_publisher":"https:\/\/www.facebook.com\/SupermicroTurkiye\/?locale=tr_TR","article_modified_time":"2025-04-14T01:27:05+00:00","og_image":[{"width":261,"height":222,"url":"https:\/\/gtmteknoloji.com\/b2b\/wp-content\/uploads\/2021\/01\/SYS-E300-9A-4CN8.png","type":"image\/png"}],"twitter_card":"summary_large_image","twitter_site":"@gtmteknoloji","twitter_misc":{"Fiyat":"","Durumu":"Stokta var"},"schema":{"@context":"https:\/\/schema.org","@graph":[{"@type":"WebPage","@id":"https:\/\/gtmteknoloji.com\/b2b\/magaza\/iot\/superserver-e300-9a-4cn8-server\/","url":"https:\/\/gtmteknoloji.com\/b2b\/magaza\/iot\/superserver-e300-9a-4cn8-server\/","name":"SuperServer E300-9A-4CN8 Server - GTM Teknoloji","isPartOf":{"@id":"https:\/\/gtmteknoloji.com\/b2b\/#website"},"primaryImageOfPage":{"@id":"https:\/\/gtmteknoloji.com\/b2b\/magaza\/iot\/superserver-e300-9a-4cn8-server\/#primaryimage"},"image":{"@id":"https:\/\/gtmteknoloji.com\/b2b\/magaza\/iot\/superserver-e300-9a-4cn8-server\/#primaryimage"},"thumbnailUrl":"https:\/\/gtmteknoloji.com\/b2b\/wp-content\/uploads\/2021\/01\/SYS-E300-9A-4CN8.png","datePublished":"2025-04-14T01:27:02+00:00","dateModified":"2025-04-14T01:27:05+00:00","breadcrumb":{"@id":"https:\/\/gtmteknoloji.com\/b2b\/magaza\/iot\/superserver-e300-9a-4cn8-server\/#breadcrumb"},"inLanguage":"tr","potentialAction":[{"@type":"ReadAction","target":["https:\/\/gtmteknoloji.com\/b2b\/magaza\/iot\/superserver-e300-9a-4cn8-server\/"]}]},{"@type":"ImageObject","inLanguage":"tr","@id":"https:\/\/gtmteknoloji.com\/b2b\/magaza\/iot\/superserver-e300-9a-4cn8-server\/#primaryimage","url":"https:\/\/gtmteknoloji.com\/b2b\/wp-content\/uploads\/2021\/01\/SYS-E300-9A-4CN8.png","contentUrl":"https:\/\/gtmteknoloji.com\/b2b\/wp-content\/uploads\/2021\/01\/SYS-E300-9A-4CN8.png","width":261,"height":222},{"@type":"BreadcrumbList","@id":"https:\/\/gtmteknoloji.com\/b2b\/magaza\/iot\/superserver-e300-9a-4cn8-server\/#breadcrumb","itemListElement":[{"@type":"ListItem","position":1,"name":"Home","item":"https:\/\/gtmteknoloji.com\/b2b\/"},{"@type":"ListItem","position":2,"name":"Ma\u011faza","item":"https:\/\/gtmteknoloji.com\/b2b\/magaza\/"},{"@type":"ListItem","position":3,"name":"SuperServer E300-9A-4CN8 Server"}]},{"@type":"WebSite","@id":"https:\/\/gtmteknoloji.com\/b2b\/#website","url":"https:\/\/gtmteknoloji.com\/b2b\/","name":"GTM Teknoloji","description":"B2B Sat\u0131\u015f Portal\u0131","publisher":{"@id":"https:\/\/gtmteknoloji.com\/b2b\/#organization"},"potentialAction":[{"@type":"SearchAction","target":{"@type":"EntryPoint","urlTemplate":"https:\/\/gtmteknoloji.com\/b2b\/?s={search_term_string}"},"query-input":{"@type":"PropertyValueSpecification","valueRequired":true,"valueName":"search_term_string"}}],"inLanguage":"tr"},{"@type":"Organization","@id":"https:\/\/gtmteknoloji.com\/b2b\/#organization","name":"GTM Teknoloji","url":"https:\/\/gtmteknoloji.com\/b2b\/","logo":{"@type":"ImageObject","inLanguage":"tr","@id":"https:\/\/gtmteknoloji.com\/b2b\/#\/schema\/logo\/image\/","url":"https:\/\/gtmteknoloji.com\/b2b\/wp-content\/uploads\/2020\/12\/GTM-logo.png","contentUrl":"https:\/\/gtmteknoloji.com\/b2b\/wp-content\/uploads\/2020\/12\/GTM-logo.png","width":400,"height":400,"caption":"GTM Teknoloji"},"image":{"@id":"https:\/\/gtmteknoloji.com\/b2b\/#\/schema\/logo\/image\/"},"sameAs":["https:\/\/www.facebook.com\/SupermicroTurkiye\/?locale=tr_TR","https:\/\/x.com\/gtmteknoloji"]}]},"product_brand":"Supermicro","product_price_currency":"USD","og_availability":"instock","product_availability":"instock","product_retailer_item_id":"SYS-E300-009","product_condition":"new"},"_links":{"self":[{"href":"https:\/\/gtmteknoloji.com\/b2b\/wp-json\/wp\/v2\/product\/9684","targetHints":{"allow":["GET"]}}],"collection":[{"href":"https:\/\/gtmteknoloji.com\/b2b\/wp-json\/wp\/v2\/product"}],"about":[{"href":"https:\/\/gtmteknoloji.com\/b2b\/wp-json\/wp\/v2\/types\/product"}],"version-history":[{"count":1,"href":"https:\/\/gtmteknoloji.com\/b2b\/wp-json\/wp\/v2\/product\/9684\/revisions"}],"predecessor-version":[{"id":9714,"href":"https:\/\/gtmteknoloji.com\/b2b\/wp-json\/wp\/v2\/product\/9684\/revisions\/9714"}],"wp:featuredmedia":[{"embeddable":true,"href":"https:\/\/gtmteknoloji.com\/b2b\/wp-json\/wp\/v2\/media\/6151"}],"wp:attachment":[{"href":"https:\/\/gtmteknoloji.com\/b2b\/wp-json\/wp\/v2\/media?parent=9684"}],"wp:term":[{"taxonomy":"product_brand","embeddable":true,"href":"https:\/\/gtmteknoloji.com\/b2b\/wp-json\/wp\/v2\/product_brand?post=9684"},{"taxonomy":"product_cat","embeddable":true,"href":"https:\/\/gtmteknoloji.com\/b2b\/wp-json\/wp\/v2\/product_cat?post=9684"},{"taxonomy":"product_tag","embeddable":true,"href":"https:\/\/gtmteknoloji.com\/b2b\/wp-json\/wp\/v2\/product_tag?post=9684"}],"curies":[{"name":"wp","href":"https:\/\/api.w.org\/{rel}","templated":true}]}}