{"id":9692,"date":"2025-04-14T04:27:03","date_gmt":"2025-04-14T01:27:03","guid":{"rendered":"https:\/\/gtmteknoloji.com\/b2b\/?post_type=product&#038;p=9692"},"modified":"2025-04-14T04:27:05","modified_gmt":"2025-04-14T01:27:05","slug":"nvidia-bluefield-2-dpu","status":"publish","type":"product","link":"https:\/\/gtmteknoloji.com\/b2b\/magaza\/network\/nvidia-dpu\/nvidia-bluefield-2-dpu\/","title":{"rendered":"NVIDIA Bluefield-2 DPU"},"content":{"rendered":"<p>&nbsp;<\/p>\n<div class=\"wpb_text_column wpb_content_element vc_custom_1606139962976\">\n<div class=\"wpb_wrapper\">\n<h2>NVIDIA Bluefield-2 DPU<\/h2>\n<\/div>\n<\/div>\n<p class=\"vc_custom_heading vc_custom_1606140090124\">NVIDIA BlueField-2, her ana bilgisayarda yenilik\u00e7i h\u0131zlanma, g\u00fcvenlik ve verimlilik sunan yeni bir DPU t\u00fcr\u00fcd\u00fcr. Bir \u00e7ip \u00fczerindeki BlueField-2 veri merkezi altyap\u0131s\u0131, ConnectX-6 Dx&#8217;in g\u00fcc\u00fcn\u00fc, yaz\u0131l\u0131m tan\u0131ml\u0131 depolama, a\u011f olu\u015fturma, g\u00fcvenlik ve y\u00f6netim i\u015f y\u00fckleri i\u00e7in programlanabilir ARM \u00e7ekirdekleriyle ve donan\u0131m aktar\u0131mlar\u0131yla birle\u015ftirir.<\/p>\n<p class=\"vc_custom_heading vc_custom_1606140097304\">NVIDIA BlueField-2 DPU \u00fcr\u00fcn serisi ayr\u0131ca, NVMe depolamas\u0131 i\u00e7in optimize edilmi\u015f, arka u\u00e7 NVMe depolamas\u0131n\u0131, t\u00fcm\u00fcyle flash dizileri (AFA) ve hiper yak\u0131nsamal\u0131 sistemleri y\u00f6netmek i\u00e7in \u00fcst\u00fcn performans ve d\u00fc\u015f\u00fck TCO sa\u011flayan bir Denetleyici i\u00e7erir.<\/p>\n<h5><span style=\"color: #ff6600;\"><a style=\"color: #ff6600;\" href=\"https:\/\/gtmteknoloji.com\/b2b\/wp-content\/uploads\/2021\/01\/datasheet-nvidia-bluefield-2-dpu.pdf\" target=\"_blank\" rel=\"noopener noreferrer\">\u00dcr\u00fcn Bro\u015f\u00fcr\u00fcn\u00fc \u0130ndirin<\/a><\/span><\/h5>\n<p>&nbsp;<\/p>\n<p><img decoding=\"async\" src=\"https:\/\/products.pny.eu\/wp-content\/uploads\/2020\/11\/NVIDIA-Bluefield-2-DPU-PNY-1.jpg\" alt=\"NVIDIA Bluefield-2 DPU\" \/><\/p>\n","protected":false},"excerpt":{"rendered":"<div class=\"wpb_text_column wpb_content_element vc_custom_1606139962976\">\n<div class=\"wpb_wrapper\">\n<h1><a href=\"https:\/\/gtmteknoloji.com\/teklif-talep\/\">TEKL\u0130F AL<\/a><\/h1>\n<h5>NVIDIA Bluefield-2 DPU<\/h5>\n<\/div>\n<\/div>\n<p class=\"vc_custom_heading vc_custom_1606140090124\">NVIDIA BlueField-2, her ana bilgisayarda yenilik\u00e7i h\u0131zlanma, g\u00fcvenlik ve verimlilik sunan yeni bir DPU t\u00fcr\u00fcd\u00fcr. Bir \u00e7ip \u00fczerindeki BlueField-2 veri merkezi altyap\u0131s\u0131, ConnectX-6 Dx&#8217;in g\u00fcc\u00fcn\u00fc, yaz\u0131l\u0131m tan\u0131ml\u0131 depolama, a\u011f olu\u015fturma, g\u00fcvenlik ve y\u00f6netim i\u015f y\u00fckleri i\u00e7in programlanabilir ARM \u00e7ekirdekleriyle ve donan\u0131m aktar\u0131mlar\u0131yla birle\u015ftirir.<\/p>\n","protected":false},"featured_media":6200,"template":"","meta":[],"product_brand":[342,341],"product_cat":[2366,2367],"product_tag":[2368,2369,2370,2371,2372,2373],"class_list":{"0":"post-9692","1":"product","2":"type-product","3":"status-publish","4":"has-post-thumbnail","6":"product_brand-nvidia-npn-partner-gtmteknoloji","7":"product_brand-pny-ekran-karti","8":"product_cat-network","9":"product_cat-nvidia-dpu","10":"product_tag-ag-olusturma","11":"product_tag-guvenlik","12":"product_tag-nvidia-bluefield-2-dpu","13":"product_tag-nvidia-bluefiled-dpu","14":"product_tag-nvidia-dpu","15":"product_tag-yazilim-tanimli-depolama","17":"first","18":"instock","19":"taxable","20":"shipping-taxable","21":"product-type-external"},"yoast_head":"<!-- This site is optimized with the Yoast SEO Premium plugin v27.4 (Yoast SEO v27.4) - https:\/\/yoast.com\/product\/yoast-seo-premium-wordpress\/ -->\n<title>NVIDIA Bluefield-2 DPU - GTM Teknoloji<\/title>\n<meta name=\"robots\" content=\"index, follow, max-snippet:-1, max-image-preview:large, max-video-preview:-1\" \/>\n<link rel=\"canonical\" href=\"https:\/\/gtmteknoloji.com\/b2b\/magaza\/network\/nvidia-dpu\/nvidia-bluefield-2-dpu\/\" \/>\n<meta property=\"og:locale\" content=\"tr_TR\" \/>\n<meta property=\"og:type\" content=\"article\" \/>\n<meta property=\"og:title\" content=\"NVIDIA Bluefield-2 DPU\" \/>\n<meta property=\"og:description\" content=\"TEKL\u0130F AL NVIDIA Bluefield-2 DPU   NVIDIA BlueField-2, her ana bilgisayarda yenilik\u00e7i h\u0131zlanma, g\u00fcvenlik ve verimlilik sunan yeni bir DPU t\u00fcr\u00fcd\u00fcr. Bir \u00e7ip \u00fczerindeki BlueField-2 veri merkezi altyap\u0131s\u0131, ConnectX-6 Dx&#039;in g\u00fcc\u00fcn\u00fc, yaz\u0131l\u0131m tan\u0131ml\u0131 depolama, a\u011f olu\u015fturma, g\u00fcvenlik ve y\u00f6netim i\u015f y\u00fckleri i\u00e7in programlanabilir ARM \u00e7ekirdekleriyle ve donan\u0131m aktar\u0131mlar\u0131yla birle\u015ftirir.\" \/>\n<meta property=\"og:url\" content=\"https:\/\/gtmteknoloji.com\/b2b\/magaza\/network\/nvidia-dpu\/nvidia-bluefield-2-dpu\/\" \/>\n<meta property=\"og:site_name\" content=\"GTM Teknoloji\" \/>\n<meta property=\"article:publisher\" content=\"https:\/\/www.facebook.com\/SupermicroTurkiye\/?locale=tr_TR\" \/>\n<meta property=\"article:modified_time\" content=\"2025-04-14T01:27:05+00:00\" \/>\n<meta property=\"og:image\" content=\"https:\/\/gtmteknoloji.com\/b2b\/wp-content\/uploads\/2021\/01\/NVIDIA-Bluefield-2-DPU-PNY-1.jpg\" \/>\n\t<meta property=\"og:image:width\" content=\"840\" \/>\n\t<meta property=\"og:image:height\" content=\"800\" \/>\n\t<meta property=\"og:image:type\" content=\"image\/jpeg\" \/>\n<meta name=\"twitter:card\" content=\"summary_large_image\" \/>\n<meta name=\"twitter:site\" content=\"@gtmteknoloji\" \/>\n<meta name=\"twitter:label1\" content=\"Fiyat\" \/>\n\t<meta name=\"twitter:data1\" content=\"\" \/>\n\t<meta name=\"twitter:label2\" content=\"Durumu\" \/>\n\t<meta name=\"twitter:data2\" content=\"Stokta var\" \/>\n<script type=\"application\/ld+json\" class=\"yoast-schema-graph\">{\"@context\":\"https:\\\/\\\/schema.org\",\"@graph\":[{\"@type\":\"WebPage\",\"@id\":\"https:\\\/\\\/gtmteknoloji.com\\\/b2b\\\/magaza\\\/network\\\/nvidia-dpu\\\/nvidia-bluefield-2-dpu\\\/\",\"url\":\"https:\\\/\\\/gtmteknoloji.com\\\/b2b\\\/magaza\\\/network\\\/nvidia-dpu\\\/nvidia-bluefield-2-dpu\\\/\",\"name\":\"NVIDIA Bluefield-2 DPU - GTM Teknoloji\",\"isPartOf\":{\"@id\":\"https:\\\/\\\/gtmteknoloji.com\\\/b2b\\\/#website\"},\"primaryImageOfPage\":{\"@id\":\"https:\\\/\\\/gtmteknoloji.com\\\/b2b\\\/magaza\\\/network\\\/nvidia-dpu\\\/nvidia-bluefield-2-dpu\\\/#primaryimage\"},\"image\":{\"@id\":\"https:\\\/\\\/gtmteknoloji.com\\\/b2b\\\/magaza\\\/network\\\/nvidia-dpu\\\/nvidia-bluefield-2-dpu\\\/#primaryimage\"},\"thumbnailUrl\":\"https:\\\/\\\/gtmteknoloji.com\\\/b2b\\\/wp-content\\\/uploads\\\/2021\\\/01\\\/NVIDIA-Bluefield-2-DPU-PNY-1.jpg\",\"datePublished\":\"2025-04-14T01:27:03+00:00\",\"dateModified\":\"2025-04-14T01:27:05+00:00\",\"breadcrumb\":{\"@id\":\"https:\\\/\\\/gtmteknoloji.com\\\/b2b\\\/magaza\\\/network\\\/nvidia-dpu\\\/nvidia-bluefield-2-dpu\\\/#breadcrumb\"},\"inLanguage\":\"tr\",\"potentialAction\":[{\"@type\":\"ReadAction\",\"target\":[\"https:\\\/\\\/gtmteknoloji.com\\\/b2b\\\/magaza\\\/network\\\/nvidia-dpu\\\/nvidia-bluefield-2-dpu\\\/\"]}]},{\"@type\":\"ImageObject\",\"inLanguage\":\"tr\",\"@id\":\"https:\\\/\\\/gtmteknoloji.com\\\/b2b\\\/magaza\\\/network\\\/nvidia-dpu\\\/nvidia-bluefield-2-dpu\\\/#primaryimage\",\"url\":\"https:\\\/\\\/gtmteknoloji.com\\\/b2b\\\/wp-content\\\/uploads\\\/2021\\\/01\\\/NVIDIA-Bluefield-2-DPU-PNY-1.jpg\",\"contentUrl\":\"https:\\\/\\\/gtmteknoloji.com\\\/b2b\\\/wp-content\\\/uploads\\\/2021\\\/01\\\/NVIDIA-Bluefield-2-DPU-PNY-1.jpg\",\"width\":840,\"height\":800},{\"@type\":\"BreadcrumbList\",\"@id\":\"https:\\\/\\\/gtmteknoloji.com\\\/b2b\\\/magaza\\\/network\\\/nvidia-dpu\\\/nvidia-bluefield-2-dpu\\\/#breadcrumb\",\"itemListElement\":[{\"@type\":\"ListItem\",\"position\":1,\"name\":\"Home\",\"item\":\"https:\\\/\\\/gtmteknoloji.com\\\/b2b\\\/\"},{\"@type\":\"ListItem\",\"position\":2,\"name\":\"Ma\u011faza\",\"item\":\"https:\\\/\\\/gtmteknoloji.com\\\/b2b\\\/magaza\\\/\"},{\"@type\":\"ListItem\",\"position\":3,\"name\":\"NVIDIA Bluefield-2 DPU\"}]},{\"@type\":\"WebSite\",\"@id\":\"https:\\\/\\\/gtmteknoloji.com\\\/b2b\\\/#website\",\"url\":\"https:\\\/\\\/gtmteknoloji.com\\\/b2b\\\/\",\"name\":\"GTM Teknoloji\",\"description\":\"B2B Sat\u0131\u015f Portal\u0131\",\"publisher\":{\"@id\":\"https:\\\/\\\/gtmteknoloji.com\\\/b2b\\\/#organization\"},\"potentialAction\":[{\"@type\":\"SearchAction\",\"target\":{\"@type\":\"EntryPoint\",\"urlTemplate\":\"https:\\\/\\\/gtmteknoloji.com\\\/b2b\\\/?s={search_term_string}\"},\"query-input\":{\"@type\":\"PropertyValueSpecification\",\"valueRequired\":true,\"valueName\":\"search_term_string\"}}],\"inLanguage\":\"tr\"},{\"@type\":\"Organization\",\"@id\":\"https:\\\/\\\/gtmteknoloji.com\\\/b2b\\\/#organization\",\"name\":\"GTM Teknoloji\",\"url\":\"https:\\\/\\\/gtmteknoloji.com\\\/b2b\\\/\",\"logo\":{\"@type\":\"ImageObject\",\"inLanguage\":\"tr\",\"@id\":\"https:\\\/\\\/gtmteknoloji.com\\\/b2b\\\/#\\\/schema\\\/logo\\\/image\\\/\",\"url\":\"https:\\\/\\\/gtmteknoloji.com\\\/b2b\\\/wp-content\\\/uploads\\\/2020\\\/12\\\/GTM-logo.png\",\"contentUrl\":\"https:\\\/\\\/gtmteknoloji.com\\\/b2b\\\/wp-content\\\/uploads\\\/2020\\\/12\\\/GTM-logo.png\",\"width\":400,\"height\":400,\"caption\":\"GTM Teknoloji\"},\"image\":{\"@id\":\"https:\\\/\\\/gtmteknoloji.com\\\/b2b\\\/#\\\/schema\\\/logo\\\/image\\\/\"},\"sameAs\":[\"https:\\\/\\\/www.facebook.com\\\/SupermicroTurkiye\\\/?locale=tr_TR\",\"https:\\\/\\\/x.com\\\/gtmteknoloji\"]}]}<\/script>\n<meta property=\"product:brand\" content=\"Nvidia\" \/>\n<meta property=\"product:price:currency\" content=\"USD\" \/>\n<meta property=\"og:availability\" content=\"instock\" \/>\n<meta property=\"product:availability\" content=\"instock\" \/>\n<meta property=\"product:condition\" content=\"new\" \/>\n<!-- \/ Yoast SEO Premium plugin. -->","yoast_head_json":{"title":"NVIDIA Bluefield-2 DPU - GTM Teknoloji","robots":{"index":"index","follow":"follow","max-snippet":"max-snippet:-1","max-image-preview":"max-image-preview:large","max-video-preview":"max-video-preview:-1"},"canonical":"https:\/\/gtmteknoloji.com\/b2b\/magaza\/network\/nvidia-dpu\/nvidia-bluefield-2-dpu\/","og_locale":"tr_TR","og_type":"article","og_title":"NVIDIA Bluefield-2 DPU","og_description":"TEKL\u0130F AL NVIDIA Bluefield-2 DPU   NVIDIA BlueField-2, her ana bilgisayarda yenilik\u00e7i h\u0131zlanma, g\u00fcvenlik ve verimlilik sunan yeni bir DPU t\u00fcr\u00fcd\u00fcr. Bir \u00e7ip \u00fczerindeki BlueField-2 veri merkezi altyap\u0131s\u0131, ConnectX-6 Dx'in g\u00fcc\u00fcn\u00fc, yaz\u0131l\u0131m tan\u0131ml\u0131 depolama, a\u011f olu\u015fturma, g\u00fcvenlik ve y\u00f6netim i\u015f y\u00fckleri i\u00e7in programlanabilir ARM \u00e7ekirdekleriyle ve donan\u0131m aktar\u0131mlar\u0131yla birle\u015ftirir.","og_url":"https:\/\/gtmteknoloji.com\/b2b\/magaza\/network\/nvidia-dpu\/nvidia-bluefield-2-dpu\/","og_site_name":"GTM Teknoloji","article_publisher":"https:\/\/www.facebook.com\/SupermicroTurkiye\/?locale=tr_TR","article_modified_time":"2025-04-14T01:27:05+00:00","og_image":[{"width":840,"height":800,"url":"https:\/\/gtmteknoloji.com\/b2b\/wp-content\/uploads\/2021\/01\/NVIDIA-Bluefield-2-DPU-PNY-1.jpg","type":"image\/jpeg"}],"twitter_card":"summary_large_image","twitter_site":"@gtmteknoloji","twitter_misc":{"Fiyat":"","Durumu":"Stokta var"},"schema":{"@context":"https:\/\/schema.org","@graph":[{"@type":"WebPage","@id":"https:\/\/gtmteknoloji.com\/b2b\/magaza\/network\/nvidia-dpu\/nvidia-bluefield-2-dpu\/","url":"https:\/\/gtmteknoloji.com\/b2b\/magaza\/network\/nvidia-dpu\/nvidia-bluefield-2-dpu\/","name":"NVIDIA Bluefield-2 DPU - GTM Teknoloji","isPartOf":{"@id":"https:\/\/gtmteknoloji.com\/b2b\/#website"},"primaryImageOfPage":{"@id":"https:\/\/gtmteknoloji.com\/b2b\/magaza\/network\/nvidia-dpu\/nvidia-bluefield-2-dpu\/#primaryimage"},"image":{"@id":"https:\/\/gtmteknoloji.com\/b2b\/magaza\/network\/nvidia-dpu\/nvidia-bluefield-2-dpu\/#primaryimage"},"thumbnailUrl":"https:\/\/gtmteknoloji.com\/b2b\/wp-content\/uploads\/2021\/01\/NVIDIA-Bluefield-2-DPU-PNY-1.jpg","datePublished":"2025-04-14T01:27:03+00:00","dateModified":"2025-04-14T01:27:05+00:00","breadcrumb":{"@id":"https:\/\/gtmteknoloji.com\/b2b\/magaza\/network\/nvidia-dpu\/nvidia-bluefield-2-dpu\/#breadcrumb"},"inLanguage":"tr","potentialAction":[{"@type":"ReadAction","target":["https:\/\/gtmteknoloji.com\/b2b\/magaza\/network\/nvidia-dpu\/nvidia-bluefield-2-dpu\/"]}]},{"@type":"ImageObject","inLanguage":"tr","@id":"https:\/\/gtmteknoloji.com\/b2b\/magaza\/network\/nvidia-dpu\/nvidia-bluefield-2-dpu\/#primaryimage","url":"https:\/\/gtmteknoloji.com\/b2b\/wp-content\/uploads\/2021\/01\/NVIDIA-Bluefield-2-DPU-PNY-1.jpg","contentUrl":"https:\/\/gtmteknoloji.com\/b2b\/wp-content\/uploads\/2021\/01\/NVIDIA-Bluefield-2-DPU-PNY-1.jpg","width":840,"height":800},{"@type":"BreadcrumbList","@id":"https:\/\/gtmteknoloji.com\/b2b\/magaza\/network\/nvidia-dpu\/nvidia-bluefield-2-dpu\/#breadcrumb","itemListElement":[{"@type":"ListItem","position":1,"name":"Home","item":"https:\/\/gtmteknoloji.com\/b2b\/"},{"@type":"ListItem","position":2,"name":"Ma\u011faza","item":"https:\/\/gtmteknoloji.com\/b2b\/magaza\/"},{"@type":"ListItem","position":3,"name":"NVIDIA Bluefield-2 DPU"}]},{"@type":"WebSite","@id":"https:\/\/gtmteknoloji.com\/b2b\/#website","url":"https:\/\/gtmteknoloji.com\/b2b\/","name":"GTM Teknoloji","description":"B2B Sat\u0131\u015f Portal\u0131","publisher":{"@id":"https:\/\/gtmteknoloji.com\/b2b\/#organization"},"potentialAction":[{"@type":"SearchAction","target":{"@type":"EntryPoint","urlTemplate":"https:\/\/gtmteknoloji.com\/b2b\/?s={search_term_string}"},"query-input":{"@type":"PropertyValueSpecification","valueRequired":true,"valueName":"search_term_string"}}],"inLanguage":"tr"},{"@type":"Organization","@id":"https:\/\/gtmteknoloji.com\/b2b\/#organization","name":"GTM Teknoloji","url":"https:\/\/gtmteknoloji.com\/b2b\/","logo":{"@type":"ImageObject","inLanguage":"tr","@id":"https:\/\/gtmteknoloji.com\/b2b\/#\/schema\/logo\/image\/","url":"https:\/\/gtmteknoloji.com\/b2b\/wp-content\/uploads\/2020\/12\/GTM-logo.png","contentUrl":"https:\/\/gtmteknoloji.com\/b2b\/wp-content\/uploads\/2020\/12\/GTM-logo.png","width":400,"height":400,"caption":"GTM Teknoloji"},"image":{"@id":"https:\/\/gtmteknoloji.com\/b2b\/#\/schema\/logo\/image\/"},"sameAs":["https:\/\/www.facebook.com\/SupermicroTurkiye\/?locale=tr_TR","https:\/\/x.com\/gtmteknoloji"]}]},"product_brand":"Nvidia","product_price_currency":"USD","og_availability":"instock","product_availability":"instock","product_condition":"new"},"_links":{"self":[{"href":"https:\/\/gtmteknoloji.com\/b2b\/wp-json\/wp\/v2\/product\/9692","targetHints":{"allow":["GET"]}}],"collection":[{"href":"https:\/\/gtmteknoloji.com\/b2b\/wp-json\/wp\/v2\/product"}],"about":[{"href":"https:\/\/gtmteknoloji.com\/b2b\/wp-json\/wp\/v2\/types\/product"}],"version-history":[{"count":1,"href":"https:\/\/gtmteknoloji.com\/b2b\/wp-json\/wp\/v2\/product\/9692\/revisions"}],"predecessor-version":[{"id":9715,"href":"https:\/\/gtmteknoloji.com\/b2b\/wp-json\/wp\/v2\/product\/9692\/revisions\/9715"}],"wp:featuredmedia":[{"embeddable":true,"href":"https:\/\/gtmteknoloji.com\/b2b\/wp-json\/wp\/v2\/media\/6200"}],"wp:attachment":[{"href":"https:\/\/gtmteknoloji.com\/b2b\/wp-json\/wp\/v2\/media?parent=9692"}],"wp:term":[{"taxonomy":"product_brand","embeddable":true,"href":"https:\/\/gtmteknoloji.com\/b2b\/wp-json\/wp\/v2\/product_brand?post=9692"},{"taxonomy":"product_cat","embeddable":true,"href":"https:\/\/gtmteknoloji.com\/b2b\/wp-json\/wp\/v2\/product_cat?post=9692"},{"taxonomy":"product_tag","embeddable":true,"href":"https:\/\/gtmteknoloji.com\/b2b\/wp-json\/wp\/v2\/product_tag?post=9692"}],"curies":[{"name":"wp","href":"https:\/\/api.w.org\/{rel}","templated":true}]}}