{"id":9693,"date":"2025-04-14T04:27:03","date_gmt":"2025-04-14T01:27:03","guid":{"rendered":"https:\/\/gtmteknoloji.com\/b2b\/?post_type=product&#038;p=9693"},"modified":"2025-04-14T04:27:06","modified_gmt":"2025-04-14T01:27:06","slug":"nvidia-ai-powered-dpu-yapay-zeka-destekli-dpu","status":"publish","type":"product","link":"https:\/\/gtmteknoloji.com\/b2b\/magaza\/network\/nvidia-dpu\/nvidia-ai-powered-dpu-yapay-zeka-destekli-dpu\/","title":{"rendered":"NVIDIA AI-Powered DPU (Yapay Zeka Destekli DPU)"},"content":{"rendered":"<p>&nbsp;<\/p>\n<div class=\"wpb_text_column wpb_content_element vc_custom_1606139962976\">\n<div class=\"wpb_wrapper\">\n<div class=\"wpb_text_column wpb_content_element vc_custom_1606143538543\">\n<div class=\"wpb_wrapper\">\n<h2>NVIDIA BlueField-2X Yapay Zeka Destekli DPU<\/h2>\n<\/div>\n<\/div>\n<p class=\"vc_custom_heading vc_custom_1606144977759\">Yapay zeka destekli ilk DPU ile tan\u0131\u015f\u0131n: NVIDIA BlueField-2X.\u00a0Bu geli\u015fmi\u015f DPU, BlueField-2&#8217;nin bir NVIDIA Ampere GPU&#8217;nun yapay zeka \u00f6zellikleriyle geli\u015ftirilmi\u015f t\u00fcm temel \u00f6zelliklerini i\u00e7erir.\u00a0NVIDIA&#8217;n\u0131n \u00fc\u00e7\u00fcnc\u00fc nesil Tensor \u00c7ekirdeklerinden yararlanarak, gizli verilerin h\u0131rs\u0131zl\u0131\u011f\u0131n\u0131 g\u00f6sterebilecek anormal trafi\u011fi, hat h\u0131z\u0131nda \u015fifrelenmi\u015f trafik analiti\u011fini, k\u00f6t\u00fc niyetli etkinli\u011fi tan\u0131mlamak i\u00e7in ana bilgisayar i\u00e7 g\u00f6zlemini ve dinamik g\u00fcvenli\u011fi g\u00f6sterebilecek anormal trafi\u011fi tan\u0131mlama dahil olmak \u00fczere ger\u00e7ek zamanl\u0131 g\u00fcvenlik analiti\u011fi i\u00e7in AI kullanabilir d\u00fczenleme ve otomatik yan\u0131t.<\/p>\n<\/div>\n<\/div>\n<h5><span style=\"color: #ff6600;\"><a style=\"color: #ff6600;\" href=\"https:\/\/gtmteknoloji.com\/b2b\/wp-content\/uploads\/2021\/01\/datasheet-nvidia-bluefield-2-dpu.pdf\" target=\"_blank\" rel=\"noopener noreferrer\">\u00dcr\u00fcn Bro\u015f\u00fcr\u00fcn\u00fc \u0130ndirin<\/a><\/span><\/h5>\n<p>&nbsp;<\/p>\n<p><img decoding=\"async\" src=\"https:\/\/products.pny.eu\/wp-content\/uploads\/2020\/11\/NVIDIA-BlueField-2X-AI-Powered-DPU-PNY.jpg\" alt=\"NVIDIA BlueField-2X Yapay Zeka Destekli DPU-PNY\" \/><\/p>\n","protected":false},"excerpt":{"rendered":"<div class=\"wpb_text_column wpb_content_element vc_custom_1606139962976\">\n<div class=\"wpb_wrapper\">\n<div class=\"wpb_text_column wpb_content_element vc_custom_1606143538543\">\n<div class=\"wpb_wrapper\">\n<h1><a href=\"https:\/\/gtmteknoloji.com\/teklif-talep\/\">TEKL\u0130F AL<\/a><\/h1>\n<h5>NVIDIA BlueField-2X Yapay Zeka Destekli DPU<\/h5>\n<\/div>\n<\/div>\n<p class=\"vc_custom_heading vc_custom_1606144977759\">Yapay zeka destekli ilk DPU ile tan\u0131\u015f\u0131n: NVIDIA BlueField-2X.\u00a0Bu geli\u015fmi\u015f DPU, BlueField-2&#8217;nin bir NVIDIA Ampere GPU&#8217;nun yapay zeka \u00f6zellikleriyle geli\u015ftirilmi\u015f t\u00fcm temel \u00f6zelliklerini i\u00e7erir.<\/p>\n<\/div>\n<\/div>\n","protected":false},"featured_media":6203,"template":"","meta":[],"product_brand":[342,341],"product_cat":[2366,2367],"product_tag":[2368,2374,2369,2370,2372,2375,2373],"class_list":{"0":"post-9693","1":"product","2":"type-product","3":"status-publish","4":"has-post-thumbnail","6":"product_brand-nvidia","7":"product_brand-pny","8":"product_cat-network","9":"product_cat-nvidia-dpu","10":"product_tag-ag-olusturma","11":"product_tag-ai-powered-dpu","12":"product_tag-guvenlik","13":"product_tag-nvidia-bluefield-2-dpu","14":"product_tag-nvidia-dpu","15":"product_tag-yapay-zeka-destekli-dpu","16":"product_tag-yazilim-tanimli-depolama","18":"first","19":"instock","20":"taxable","21":"shipping-taxable","22":"product-type-external"},"yoast_head":"<!-- This site is optimized with the Yoast SEO Premium plugin v26.8 (Yoast SEO v26.8) - https:\/\/yoast.com\/product\/yoast-seo-premium-wordpress\/ -->\n<title>NVIDIA AI-Powered DPU (Yapay Zeka Destekli DPU) - GTM Teknoloji<\/title>\n<meta name=\"robots\" content=\"index, follow, max-snippet:-1, max-image-preview:large, max-video-preview:-1\" \/>\n<link rel=\"canonical\" href=\"https:\/\/gtmteknoloji.com\/b2b\/magaza\/network\/nvidia-dpu\/nvidia-ai-powered-dpu-yapay-zeka-destekli-dpu\/\" \/>\n<meta property=\"og:locale\" content=\"tr_TR\" \/>\n<meta property=\"og:type\" content=\"article\" \/>\n<meta property=\"og:title\" content=\"NVIDIA AI-Powered DPU (Yapay Zeka Destekli DPU)\" \/>\n<meta property=\"og:description\" content=\"TEKL\u0130F AL NVIDIA BlueField-2X Yapay Zeka Destekli DPU   Yapay zeka destekli ilk DPU ile tan\u0131\u015f\u0131n: NVIDIA BlueField-2X.\u00a0Bu geli\u015fmi\u015f DPU, BlueField-2&#039;nin bir NVIDIA Ampere GPU&#039;nun yapay zeka \u00f6zellikleriyle geli\u015ftirilmi\u015f t\u00fcm temel \u00f6zelliklerini i\u00e7erir.\" \/>\n<meta property=\"og:url\" content=\"https:\/\/gtmteknoloji.com\/b2b\/magaza\/network\/nvidia-dpu\/nvidia-ai-powered-dpu-yapay-zeka-destekli-dpu\/\" \/>\n<meta property=\"og:site_name\" content=\"GTM Teknoloji\" \/>\n<meta property=\"article:publisher\" content=\"https:\/\/www.facebook.com\/SupermicroTurkiye\/?locale=tr_TR\" \/>\n<meta property=\"article:modified_time\" content=\"2025-04-14T01:27:06+00:00\" \/>\n<meta property=\"og:image\" content=\"https:\/\/gtmteknoloji.com\/b2b\/wp-content\/uploads\/2021\/01\/NVIDIA-BlueField-2X-AI-Powered-DPU-PNY.jpg\" \/>\n\t<meta property=\"og:image:width\" content=\"840\" \/>\n\t<meta property=\"og:image:height\" content=\"800\" \/>\n\t<meta property=\"og:image:type\" content=\"image\/jpeg\" \/>\n<meta name=\"twitter:card\" content=\"summary_large_image\" \/>\n<meta name=\"twitter:site\" content=\"@gtmteknoloji\" \/>\n<meta name=\"twitter:label1\" content=\"Fiyat\" \/>\n\t<meta name=\"twitter:data1\" content=\"\" \/>\n\t<meta name=\"twitter:label2\" content=\"Durumu\" \/>\n\t<meta name=\"twitter:data2\" content=\"Stokta var\" \/>\n<script type=\"application\/ld+json\" class=\"yoast-schema-graph\">{\"@context\":\"https:\/\/schema.org\",\"@graph\":[{\"@type\":\"WebPage\",\"@id\":\"https:\/\/gtmteknoloji.com\/b2b\/magaza\/network\/nvidia-dpu\/nvidia-ai-powered-dpu-yapay-zeka-destekli-dpu\/\",\"url\":\"https:\/\/gtmteknoloji.com\/b2b\/magaza\/network\/nvidia-dpu\/nvidia-ai-powered-dpu-yapay-zeka-destekli-dpu\/\",\"name\":\"NVIDIA AI-Powered DPU (Yapay Zeka Destekli DPU) - GTM Teknoloji\",\"isPartOf\":{\"@id\":\"https:\/\/gtmteknoloji.com\/b2b\/#website\"},\"primaryImageOfPage\":{\"@id\":\"https:\/\/gtmteknoloji.com\/b2b\/magaza\/network\/nvidia-dpu\/nvidia-ai-powered-dpu-yapay-zeka-destekli-dpu\/#primaryimage\"},\"image\":{\"@id\":\"https:\/\/gtmteknoloji.com\/b2b\/magaza\/network\/nvidia-dpu\/nvidia-ai-powered-dpu-yapay-zeka-destekli-dpu\/#primaryimage\"},\"thumbnailUrl\":\"https:\/\/gtmteknoloji.com\/b2b\/wp-content\/uploads\/2021\/01\/NVIDIA-BlueField-2X-AI-Powered-DPU-PNY.jpg\",\"datePublished\":\"2025-04-14T01:27:03+00:00\",\"dateModified\":\"2025-04-14T01:27:06+00:00\",\"breadcrumb\":{\"@id\":\"https:\/\/gtmteknoloji.com\/b2b\/magaza\/network\/nvidia-dpu\/nvidia-ai-powered-dpu-yapay-zeka-destekli-dpu\/#breadcrumb\"},\"inLanguage\":\"tr\",\"potentialAction\":[{\"@type\":\"ReadAction\",\"target\":[\"https:\/\/gtmteknoloji.com\/b2b\/magaza\/network\/nvidia-dpu\/nvidia-ai-powered-dpu-yapay-zeka-destekli-dpu\/\"]}]},{\"@type\":\"ImageObject\",\"inLanguage\":\"tr\",\"@id\":\"https:\/\/gtmteknoloji.com\/b2b\/magaza\/network\/nvidia-dpu\/nvidia-ai-powered-dpu-yapay-zeka-destekli-dpu\/#primaryimage\",\"url\":\"https:\/\/gtmteknoloji.com\/b2b\/wp-content\/uploads\/2021\/01\/NVIDIA-BlueField-2X-AI-Powered-DPU-PNY.jpg\",\"contentUrl\":\"https:\/\/gtmteknoloji.com\/b2b\/wp-content\/uploads\/2021\/01\/NVIDIA-BlueField-2X-AI-Powered-DPU-PNY.jpg\",\"width\":840,\"height\":800},{\"@type\":\"BreadcrumbList\",\"@id\":\"https:\/\/gtmteknoloji.com\/b2b\/magaza\/network\/nvidia-dpu\/nvidia-ai-powered-dpu-yapay-zeka-destekli-dpu\/#breadcrumb\",\"itemListElement\":[{\"@type\":\"ListItem\",\"position\":1,\"name\":\"Home\",\"item\":\"https:\/\/gtmteknoloji.com\/b2b\/\"},{\"@type\":\"ListItem\",\"position\":2,\"name\":\"Ma\u011faza\",\"item\":\"https:\/\/gtmteknoloji.com\/b2b\/magaza\/\"},{\"@type\":\"ListItem\",\"position\":3,\"name\":\"NVIDIA AI-Powered DPU (Yapay Zeka Destekli DPU)\"}]},{\"@type\":\"WebSite\",\"@id\":\"https:\/\/gtmteknoloji.com\/b2b\/#website\",\"url\":\"https:\/\/gtmteknoloji.com\/b2b\/\",\"name\":\"GTM Teknoloji\",\"description\":\"B2B Sat\u0131\u015f Portal\u0131\",\"publisher\":{\"@id\":\"https:\/\/gtmteknoloji.com\/b2b\/#organization\"},\"potentialAction\":[{\"@type\":\"SearchAction\",\"target\":{\"@type\":\"EntryPoint\",\"urlTemplate\":\"https:\/\/gtmteknoloji.com\/b2b\/?s={search_term_string}\"},\"query-input\":{\"@type\":\"PropertyValueSpecification\",\"valueRequired\":true,\"valueName\":\"search_term_string\"}}],\"inLanguage\":\"tr\"},{\"@type\":\"Organization\",\"@id\":\"https:\/\/gtmteknoloji.com\/b2b\/#organization\",\"name\":\"GTM Teknoloji\",\"url\":\"https:\/\/gtmteknoloji.com\/b2b\/\",\"logo\":{\"@type\":\"ImageObject\",\"inLanguage\":\"tr\",\"@id\":\"https:\/\/gtmteknoloji.com\/b2b\/#\/schema\/logo\/image\/\",\"url\":\"https:\/\/gtmteknoloji.com\/b2b\/wp-content\/uploads\/2020\/12\/GTM-logo.png\",\"contentUrl\":\"https:\/\/gtmteknoloji.com\/b2b\/wp-content\/uploads\/2020\/12\/GTM-logo.png\",\"width\":400,\"height\":400,\"caption\":\"GTM Teknoloji\"},\"image\":{\"@id\":\"https:\/\/gtmteknoloji.com\/b2b\/#\/schema\/logo\/image\/\"},\"sameAs\":[\"https:\/\/www.facebook.com\/SupermicroTurkiye\/?locale=tr_TR\",\"https:\/\/x.com\/gtmteknoloji\"]}]}<\/script>\n<meta property=\"product:brand\" content=\"Nvidia\" \/>\n<meta property=\"product:price:currency\" content=\"USD\" \/>\n<meta property=\"og:availability\" content=\"instock\" \/>\n<meta property=\"product:availability\" content=\"instock\" \/>\n<meta property=\"product:condition\" content=\"new\" \/>\n<!-- \/ Yoast SEO Premium plugin. -->","yoast_head_json":{"title":"NVIDIA AI-Powered DPU (Yapay Zeka Destekli DPU) - GTM Teknoloji","robots":{"index":"index","follow":"follow","max-snippet":"max-snippet:-1","max-image-preview":"max-image-preview:large","max-video-preview":"max-video-preview:-1"},"canonical":"https:\/\/gtmteknoloji.com\/b2b\/magaza\/network\/nvidia-dpu\/nvidia-ai-powered-dpu-yapay-zeka-destekli-dpu\/","og_locale":"tr_TR","og_type":"article","og_title":"NVIDIA AI-Powered DPU (Yapay Zeka Destekli DPU)","og_description":"TEKL\u0130F AL NVIDIA BlueField-2X Yapay Zeka Destekli DPU   Yapay zeka destekli ilk DPU ile tan\u0131\u015f\u0131n: NVIDIA BlueField-2X.\u00a0Bu geli\u015fmi\u015f DPU, BlueField-2'nin bir NVIDIA Ampere GPU'nun yapay zeka \u00f6zellikleriyle geli\u015ftirilmi\u015f t\u00fcm temel \u00f6zelliklerini i\u00e7erir.","og_url":"https:\/\/gtmteknoloji.com\/b2b\/magaza\/network\/nvidia-dpu\/nvidia-ai-powered-dpu-yapay-zeka-destekli-dpu\/","og_site_name":"GTM Teknoloji","article_publisher":"https:\/\/www.facebook.com\/SupermicroTurkiye\/?locale=tr_TR","article_modified_time":"2025-04-14T01:27:06+00:00","og_image":[{"width":840,"height":800,"url":"https:\/\/gtmteknoloji.com\/b2b\/wp-content\/uploads\/2021\/01\/NVIDIA-BlueField-2X-AI-Powered-DPU-PNY.jpg","type":"image\/jpeg"}],"twitter_card":"summary_large_image","twitter_site":"@gtmteknoloji","twitter_misc":{"Fiyat":"","Durumu":"Stokta var"},"schema":{"@context":"https:\/\/schema.org","@graph":[{"@type":"WebPage","@id":"https:\/\/gtmteknoloji.com\/b2b\/magaza\/network\/nvidia-dpu\/nvidia-ai-powered-dpu-yapay-zeka-destekli-dpu\/","url":"https:\/\/gtmteknoloji.com\/b2b\/magaza\/network\/nvidia-dpu\/nvidia-ai-powered-dpu-yapay-zeka-destekli-dpu\/","name":"NVIDIA AI-Powered DPU (Yapay Zeka Destekli DPU) - GTM Teknoloji","isPartOf":{"@id":"https:\/\/gtmteknoloji.com\/b2b\/#website"},"primaryImageOfPage":{"@id":"https:\/\/gtmteknoloji.com\/b2b\/magaza\/network\/nvidia-dpu\/nvidia-ai-powered-dpu-yapay-zeka-destekli-dpu\/#primaryimage"},"image":{"@id":"https:\/\/gtmteknoloji.com\/b2b\/magaza\/network\/nvidia-dpu\/nvidia-ai-powered-dpu-yapay-zeka-destekli-dpu\/#primaryimage"},"thumbnailUrl":"https:\/\/gtmteknoloji.com\/b2b\/wp-content\/uploads\/2021\/01\/NVIDIA-BlueField-2X-AI-Powered-DPU-PNY.jpg","datePublished":"2025-04-14T01:27:03+00:00","dateModified":"2025-04-14T01:27:06+00:00","breadcrumb":{"@id":"https:\/\/gtmteknoloji.com\/b2b\/magaza\/network\/nvidia-dpu\/nvidia-ai-powered-dpu-yapay-zeka-destekli-dpu\/#breadcrumb"},"inLanguage":"tr","potentialAction":[{"@type":"ReadAction","target":["https:\/\/gtmteknoloji.com\/b2b\/magaza\/network\/nvidia-dpu\/nvidia-ai-powered-dpu-yapay-zeka-destekli-dpu\/"]}]},{"@type":"ImageObject","inLanguage":"tr","@id":"https:\/\/gtmteknoloji.com\/b2b\/magaza\/network\/nvidia-dpu\/nvidia-ai-powered-dpu-yapay-zeka-destekli-dpu\/#primaryimage","url":"https:\/\/gtmteknoloji.com\/b2b\/wp-content\/uploads\/2021\/01\/NVIDIA-BlueField-2X-AI-Powered-DPU-PNY.jpg","contentUrl":"https:\/\/gtmteknoloji.com\/b2b\/wp-content\/uploads\/2021\/01\/NVIDIA-BlueField-2X-AI-Powered-DPU-PNY.jpg","width":840,"height":800},{"@type":"BreadcrumbList","@id":"https:\/\/gtmteknoloji.com\/b2b\/magaza\/network\/nvidia-dpu\/nvidia-ai-powered-dpu-yapay-zeka-destekli-dpu\/#breadcrumb","itemListElement":[{"@type":"ListItem","position":1,"name":"Home","item":"https:\/\/gtmteknoloji.com\/b2b\/"},{"@type":"ListItem","position":2,"name":"Ma\u011faza","item":"https:\/\/gtmteknoloji.com\/b2b\/magaza\/"},{"@type":"ListItem","position":3,"name":"NVIDIA AI-Powered DPU (Yapay Zeka Destekli DPU)"}]},{"@type":"WebSite","@id":"https:\/\/gtmteknoloji.com\/b2b\/#website","url":"https:\/\/gtmteknoloji.com\/b2b\/","name":"GTM Teknoloji","description":"B2B Sat\u0131\u015f Portal\u0131","publisher":{"@id":"https:\/\/gtmteknoloji.com\/b2b\/#organization"},"potentialAction":[{"@type":"SearchAction","target":{"@type":"EntryPoint","urlTemplate":"https:\/\/gtmteknoloji.com\/b2b\/?s={search_term_string}"},"query-input":{"@type":"PropertyValueSpecification","valueRequired":true,"valueName":"search_term_string"}}],"inLanguage":"tr"},{"@type":"Organization","@id":"https:\/\/gtmteknoloji.com\/b2b\/#organization","name":"GTM Teknoloji","url":"https:\/\/gtmteknoloji.com\/b2b\/","logo":{"@type":"ImageObject","inLanguage":"tr","@id":"https:\/\/gtmteknoloji.com\/b2b\/#\/schema\/logo\/image\/","url":"https:\/\/gtmteknoloji.com\/b2b\/wp-content\/uploads\/2020\/12\/GTM-logo.png","contentUrl":"https:\/\/gtmteknoloji.com\/b2b\/wp-content\/uploads\/2020\/12\/GTM-logo.png","width":400,"height":400,"caption":"GTM Teknoloji"},"image":{"@id":"https:\/\/gtmteknoloji.com\/b2b\/#\/schema\/logo\/image\/"},"sameAs":["https:\/\/www.facebook.com\/SupermicroTurkiye\/?locale=tr_TR","https:\/\/x.com\/gtmteknoloji"]}]},"product_brand":"Nvidia","product_price_currency":"USD","og_availability":"instock","product_availability":"instock","product_condition":"new"},"_links":{"self":[{"href":"https:\/\/gtmteknoloji.com\/b2b\/wp-json\/wp\/v2\/product\/9693","targetHints":{"allow":["GET"]}}],"collection":[{"href":"https:\/\/gtmteknoloji.com\/b2b\/wp-json\/wp\/v2\/product"}],"about":[{"href":"https:\/\/gtmteknoloji.com\/b2b\/wp-json\/wp\/v2\/types\/product"}],"version-history":[{"count":1,"href":"https:\/\/gtmteknoloji.com\/b2b\/wp-json\/wp\/v2\/product\/9693\/revisions"}],"predecessor-version":[{"id":9716,"href":"https:\/\/gtmteknoloji.com\/b2b\/wp-json\/wp\/v2\/product\/9693\/revisions\/9716"}],"wp:featuredmedia":[{"embeddable":true,"href":"https:\/\/gtmteknoloji.com\/b2b\/wp-json\/wp\/v2\/media\/6203"}],"wp:attachment":[{"href":"https:\/\/gtmteknoloji.com\/b2b\/wp-json\/wp\/v2\/media?parent=9693"}],"wp:term":[{"taxonomy":"product_brand","embeddable":true,"href":"https:\/\/gtmteknoloji.com\/b2b\/wp-json\/wp\/v2\/product_brand?post=9693"},{"taxonomy":"product_cat","embeddable":true,"href":"https:\/\/gtmteknoloji.com\/b2b\/wp-json\/wp\/v2\/product_cat?post=9693"},{"taxonomy":"product_tag","embeddable":true,"href":"https:\/\/gtmteknoloji.com\/b2b\/wp-json\/wp\/v2\/product_tag?post=9693"}],"curies":[{"name":"wp","href":"https:\/\/api.w.org\/{rel}","templated":true}]}}