{"id":9694,"date":"2025-04-14T04:27:03","date_gmt":"2025-04-14T01:27:03","guid":{"rendered":"https:\/\/gtmteknoloji.com\/b2b\/?post_type=product&#038;p=9694"},"modified":"2025-04-14T04:27:06","modified_gmt":"2025-04-14T01:27:06","slug":"nvidia-rtx-a6000","status":"publish","type":"product","link":"https:\/\/gtmteknoloji.com\/b2b\/magaza\/ekran-karti\/profesyonel-grafik-kartlari\/nvidia-rtx-a6000\/","title":{"rendered":"NVIDIA RTX A6000"},"content":{"rendered":"<h3>NVIDIA RTX A6000<br \/>\nPerformans\u0131\u00a0Artt\u0131r\u0131ld\u0131<\/h3>\n<p>\u0130ki y\u0131l \u00f6nce, NVIDIA\u00ae Quadro RTX \u2122 platformu profesyonel g\u00f6rsel hesaplamada sonsuza kadar devrim yaratt\u0131.\u00a0NVIDIA Turing \u2122 GPU mimarisine dayanan ve ger\u00e7ek zamanl\u0131 \u0131\u015f\u0131n izleme, h\u0131zland\u0131r\u0131lm\u0131\u015f yapay zeka ve fotoger\u00e7ek\u00e7i VR ile donanm\u0131\u015f olarak, tasar\u0131mc\u0131lar\u0131n ve m\u00fchendislerin hayatlar\u0131n\u0131n i\u015flerini daha \u00f6nce hi\u00e7 olmad\u0131\u011f\u0131 kadar kaliteli ve performansla yapmalar\u0131n\u0131 sa\u011flad\u0131.\u00a0Ancak yenili\u011fin h\u0131z\u0131 ve yeni at\u0131l\u0131mlara ula\u015fma d\u00fcrt\u00fcs\u00fc durmuyor.\u00a0Ve \u015fimdi, k\u00fcresel ko\u015fullar, profesyonellerin yak\u0131n ge\u00e7mi\u015ften \u00f6nemli \u00f6l\u00e7\u00fcde farkl\u0131 g\u00f6r\u00fcnen bir d\u00fcnyada yaratmalar\u0131, in\u015fa etmeleri, e\u011flendirmeleri ve ke\u015ffetmeleri i\u00e7in yeni bir dizi zorluk sunuyor.<br \/>\nNVIDIA Ampere mimarisine dayanan NVIDIA RTX A6000 masa\u00fcst\u00fc GPU&#8217;nun piyasaya s\u00fcr\u00fclmesiyle, yine profesyonellerin ellerine yepyeni bir performans ve yetenek d\u00fczeyi koyuyoruz.\u00a0Bu nedenle, yaln\u0131zca bug\u00fcn\u00fcn acil ihtiya\u00e7lar\u0131n\u0131 kar\u015f\u0131lamaya haz\u0131r de\u011filler, ayn\u0131 zamanda yar\u0131n\u0131n h\u0131zla geli\u015fen, yo\u011fun taleplerini kar\u015f\u0131lamak i\u00e7in m\u00fckemmel bir donan\u0131ma sahipler.<\/p>\n<p><strong>\u0130nan\u0131lmaz Uygulama Performans\u0131<\/strong><br \/>\n\u2022 Ultra h\u0131zl\u0131, yerle\u015fik grafik bellek teknolojisi ve profesyonel uygulamalar i\u00e7in optimize edilmi\u015f yaz\u0131l\u0131m s\u00fcr\u00fcc\u00fcleri ile en yeni NVIDIA Ampere mimarisine sahip GPU taraf\u0131ndan desteklenen h\u0131zl\u0131, etkile\u015fimli performans\u0131 ya\u015fay\u0131n.<br \/>\n\u2022 NVIDIA RTX A6000, fotoger\u00e7ek\u00e7i \u0131\u015f\u0131n izlemeli i\u015flemeyi \u00f6nceki nesle g\u00f6re% 80&#8217;e kadar daha h\u0131zl\u0131 h\u0131zland\u0131rmak i\u00e7in 84 RT \u00c7ekirde\u011fi i\u00e7erir.\u00a0Donan\u0131m h\u0131zland\u0131rmal\u0131 Motion BVH (s\u0131n\u0131rlay\u0131c\u0131 hacim hiyerar\u015fisi), \u00f6nceki nesle k\u0131yasla hareket bulan\u0131kl\u0131\u011f\u0131 olu\u015fturma performans\u0131n\u0131 7 kata kadar art\u0131r\u0131r.<br \/>\n\u2022 AI i\u015f ak\u0131\u015flar\u0131n\u0131 h\u0131zland\u0131rmak i\u00e7in 336 Tensor \u00c7ekirde\u011fi ile RTX A6000, AI geli\u015ftirme ve e\u011fitim i\u015f y\u00fckleri i\u00e7in gerekli g\u00fcc\u00fc sa\u011flar.\u00a0Quadro kurumsal s\u0131n\u0131f\u0131 kararl\u0131l\u0131k ve g\u00fcvenilirlikle birle\u015ftirilen inan\u0131lmaz \u00e7\u0131kar\u0131m performans\u0131, RTX A6000 destekli masa\u00fcst\u00fc i\u015f istasyonlar\u0131n\u0131 profesyonel yapay zeka e\u011fitimi ve \u00e7\u0131kar\u0131m da\u011f\u0131t\u0131mlar\u0131 i\u00e7in ideal hale getirir.<br \/>\n\u2022 Tek bir i\u015f istasyonu kasas\u0131nda etkili GPU belle\u011fini ve performans\u0131 ikiye katlayarak 96 GB&#8217;a \u00e7\u0131karmak i\u00e7in iki RTX A6000 kart\u0131n\u0131 birle\u015ftirmenize olanak tan\u0131yan NVIDIA NVLink teknolojisi ile uygulama performans\u0131n\u0131 daha da \u00f6l\u00e7eklendirin.<br \/>\n\u2022 NGC \u2122 deste\u011fi, m\u00fchendislere, ara\u015ft\u0131rmac\u0131lara ve veri bilimcilere, en iyi derin \u00f6\u011frenme \u00e7er\u00e7eveleri i\u00e7in NVIDIA taraf\u0131ndan ayarlanm\u0131\u015f, test edilmi\u015f, onaylanm\u0131\u015f ve bak\u0131m\u0131 yap\u0131lan konteynerlerin yan\u0131 s\u0131ra \u00fc\u00e7\u00fcnc\u00fc taraf y\u00f6netilen y\u00fcksek performansl\u0131 bilgi i\u015flem (HPC) konteynerleri, NVIDIA HPC&#8217;ye eri\u015fim sa\u011flar g\u00f6rselle\u015ftirme kapsay\u0131c\u0131lar\u0131 ve ortak uygulamalar.<\/p>\n<p><strong>\u25cf Zengin, Geni\u015f G\u00f6rsel \u00c7al\u0131\u015fma Alan\u0131<\/strong><br \/>\n\u2022 DisplayPort ile tek bir kablodan film kalitesi, kenar yumu\u015fatma teknikleri, y\u00fcksek dinamik aral\u0131k (HDR) renk deste\u011fi, daha y\u00fcksek yenileme h\u0131zlar\u0131 ve 60 Hz&#8217;de 8K&#8217;ya kadar ekran \u00e7\u00f6z\u00fcn\u00fcrl\u00fc\u011f\u00fc arac\u0131l\u0131\u011f\u0131yla \u00e7arp\u0131c\u0131 g\u00f6r\u00fcnt\u00fcler ya\u015fay\u0131n 1.4a standard\u0131.<br \/>\n\u2022 NVIDIA Quadro View masa\u00fcst\u00fc y\u00f6netim yaz\u0131l\u0131m\u0131 ve NVIDIA Mosaic teknolojisi ile masa\u00fcst\u00fc \u00e7al\u0131\u015fma alan\u0131 deneyiminizi geli\u015ftirin.\u00a0Sezgisel pencere yerle\u015fimi, \u00e7oklu sanal masa\u00fcstleri ve kullan\u0131c\u0131 profilleri ile her Quadro kartta d\u00f6rt ekran \u00fczerinde \u00e7al\u0131\u015f\u0131n.<br \/>\n\u2022 G\u00f6r\u00fcnt\u00fcleri senkronize etmek ve birden \u00e7ok projekt\u00f6r veya ekranla bir ekran y\u00fczeyindeki \u00e7\u00f6z\u00fcn\u00fcrl\u00fc\u011f\u00fc \u00f6l\u00e7eklemek i\u00e7in Quadro Sync II, Quadro Mosaic ve Quadro Warp and Blend gibi geli\u015fmi\u015f \u00e7oklu ekran teknolojilerini kullan\u0131n.<\/p>\n<p><strong>\u25cf Kan\u0131tlanm\u0131\u015f G\u00fcvenilirlik<\/strong><br \/>\n\u2022 En iyi i\u015fletim performans\u0131, dayan\u0131kl\u0131l\u0131k ve uzun \u00f6m\u00fcr i\u00e7in se\u00e7ilen, g\u00fc\u00e7 a\u00e7\u0131s\u0131ndan verimli donan\u0131m ve bile\u015fenlerin y\u00f6nlendirdi\u011fi daha y\u00fcksek kaliteli \u00fcr\u00fcnleri deneyin.<br \/>\n\u2022 En zorlu ger\u00e7ek d\u00fcnya ko\u015fullar\u0131n\u0131 sim\u00fcle eden \u00f6nde gelen OEM&#8217;ler ve sistem entegrat\u00f6rleri ile kapsaml\u0131 \u00fcr\u00fcn testi sayesinde maksimum \u00e7al\u0131\u015fma s\u00fcresinin keyfini \u00e7\u0131kar\u0131n.<br \/>\n<strong>\u25cf Kolay Y\u00f6netilebilirlik<\/strong><br \/>\n\u2022 NVIDIA Kurumsal Y\u00f6netim Ara\u00e7 Kitini (NVWMI) BT varl\u0131k y\u00f6netimi \u00e7er\u00e7evenize entegre ederek kurulu\u015funuzdaki Quadro \u00fcr\u00fcnlerini uzaktan izleyin ve y\u00f6netin.<br \/>\n\u2022 NVWMI&#8217;nin g\u00fc\u00e7l\u00fc s\u00fcr\u00fcc\u00fc y\u00fckleyicisini kullanarak Quadro s\u00fcr\u00fcc\u00fc da\u011f\u0131t\u0131m\u0131n\u0131 y\u00fczlerce i\u015f istasyonuna \u00f6l\u00e7eklendirin.<br \/>\n\u2022 Sa\u011flam bir \u00f6zellik geli\u015ftirme ve kalite g\u00fcvence s\u00fcrecine dayal\u0131 d\u00fczenli bir uzun \u00f6m\u00fcrl\u00fc, istikrarl\u0131 s\u00fcr\u00fcc\u00fc s\u00fcr\u00fcmleri arac\u0131l\u0131\u011f\u0131yla yaz\u0131l\u0131m s\u00fcr\u00fcc\u00fcs\u00fc da\u011f\u0131t\u0131m\u0131n\u0131 basitle\u015ftirin.<\/p>\n<p>PNY Technologies, standart 3 y\u0131ll\u0131k garanti, \u00f6zel Quadro Saha Uygulama m\u00fchendisleri ve \u00f6n ve son destek i\u00e7in do\u011frudan teknik destek s\u0131cak hatlar\u0131 sunar.<\/p>\n<p>Yat\u0131r\u0131m\u0131n\u0131z\u0131 daha iyi korumak i\u00e7in PNY Technologies,\u00a0uzat\u0131lm\u0131\u015f \u00fcr\u00fcn de\u011fi\u015fimi dahil (Avrupa Birli\u011fi \u00fclkeleri, Norve\u00e7 ve \u0130svi\u00e7re)\u00a0<a href=\"http:\/\/pny.eu\/professional\/explore-all-products\/warranty-extension-service\/412-warranty-extension-pack-007\">5 y\u0131la kadar<\/a>\u00a0iste\u011fe ba\u011fl\u0131\u00a0<a href=\"http:\/\/pny.eu\/professional\/explore-all-products\/warranty-extension-service\/412-warranty-extension-pack-007\">uzat\u0131lm\u0131\u015f garanti<\/a>\u00a0sunar\u00a0.<\/p>\n<p><strong>NVIDIA RTX A6000 &#8211; Product Specifications<\/strong><\/p>\n<table>\n<tbody>\n<tr>\n<td>CUDA Cores<\/td>\n<td><strong>10752<\/strong><\/td>\n<\/tr>\n<tr>\n<td>NVIDIA RT Cores<\/td>\n<td><strong>84<\/strong><\/td>\n<\/tr>\n<tr>\n<td>NVIDIA Tensor Cores<\/td>\n<td><strong>336<\/strong><\/td>\n<\/tr>\n<tr>\n<td>GPU Memory<\/td>\n<td><strong>48 GB GDDR6 with ECC<\/strong><\/td>\n<\/tr>\n<tr>\n<td>RTX-OPS<\/td>\n<td><strong>NAT<\/strong><\/td>\n<\/tr>\n<tr>\n<td>Rays Cast<\/td>\n<td><strong>NAGiga Rays\/Sec<\/strong><\/td>\n<\/tr>\n<tr>\n<td>Peak FP32 Performance<\/td>\n<td><strong>NA TFLOPS<\/strong><\/td>\n<\/tr>\n<tr>\n<td>Peak FP16 Performance<\/td>\n<td><strong>NA TFLOPS<\/strong><\/td>\n<\/tr>\n<tr>\n<td>Peak INT8 Performance<\/td>\n<td><strong>NA TOPS<\/strong><\/td>\n<\/tr>\n<tr>\n<td>Deep Learning TFLOPS<\/td>\n<td><strong>NA Tensor TFLOPS<\/strong><\/td>\n<\/tr>\n<tr>\n<td>Multi-GPU Scalability<\/td>\n<td><strong>NVLink<\/strong><\/td>\n<\/tr>\n<tr>\n<td>NVLink Bandwidth<\/td>\n<td><strong>112,5 GB\/Sec<\/strong><\/td>\n<\/tr>\n<tr>\n<td>Memory Bandwidth<\/td>\n<td><strong>768 GB\/s<\/strong><\/td>\n<\/tr>\n<tr>\n<td>System Interface<\/td>\n<td><strong>PCI Express 4.0 x16<\/strong><\/td>\n<\/tr>\n<tr>\n<td>Maximum Power Consumption<\/td>\n<td><strong>300 W<\/strong><\/td>\n<\/tr>\n<tr>\n<td>Energy Star Enabling<\/td>\n<td><strong>Yes<\/strong><\/td>\n<\/tr>\n<tr>\n<td>Thermal Solution<\/td>\n<td><strong>Ultra-quiet active fansink<\/strong><\/td>\n<\/tr>\n<tr>\n<td>Form Factor<\/td>\n<td><strong>111.8 mm H x 266.7 mm L, Dual Slot<\/strong><\/td>\n<\/tr>\n<tr>\n<td>Display Connectors<\/td>\n<td><strong>DisplayPort 1.4 (4)<\/strong><\/td>\n<\/tr>\n<tr>\n<td>DisplayPort with Audio<\/td>\n<td><strong>Yes<\/strong><\/td>\n<\/tr>\n<tr>\n<td>DVI-D Single-Link Connector<\/td>\n<td><strong>Yes, via included adapter<\/strong><\/td>\n<\/tr>\n<tr>\n<td>HDMI Support<\/td>\n<td><strong>Yes, via included adapter<\/strong><\/td>\n<\/tr>\n<tr>\n<td>Number of Displays Supported<\/td>\n<td><strong>4<\/strong><\/td>\n<\/tr>\n<tr>\n<td>Maximum DP 1.4 Resolution<\/td>\n<td><strong>HDR 7680 x 4320 at 60 Hz<\/strong><\/td>\n<\/tr>\n<tr>\n<td>5K Display Support<\/td>\n<td><strong>HDR 5120 x 2880 at 60 Hz<\/strong><\/td>\n<\/tr>\n<tr>\n<td>4K Display Support<\/td>\n<td><strong>HDR 4096 x 2160 or 3840 x 2160 at 120 Hz<\/strong><\/td>\n<\/tr>\n<tr>\n<td>Maximum DVI-D DL Resolution<\/td>\n<td><strong>2560 x 1600 at 60 Hz via 3rd party adapter<\/strong><\/td>\n<\/tr>\n<tr>\n<td>Maximum DVI-D SL Resolution<\/td>\n<td><strong>1920 x 1200 at 60 Hz via included adapter<\/strong><\/td>\n<\/tr>\n<tr>\n<td>HDCP Support<\/td>\n<td><strong>Yes<\/strong><\/td>\n<\/tr>\n<tr>\n<td>Professional 3D Support<\/td>\n<td><strong>Via optional Stereo Connector Bracket<\/strong><\/td>\n<\/tr>\n<tr>\n<td>Quadro Sync II Compatible<\/td>\n<td><strong>Yes (Frame Lock and Genlock)<\/strong><\/td>\n<\/tr>\n<tr>\n<td>NVIDIA GPU Direct Compatible<\/td>\n<td><strong>Yes<\/strong><\/td>\n<\/tr>\n<tr>\n<td>Graph APIs<\/td>\n<td><strong>Shader Model 5.1, OpenGL 4.5, DirectX 12.0, Vulkan 1.0<\/strong><\/td>\n<\/tr>\n<tr>\n<td>Compute APIs<\/td>\n<td><strong>CUDA, DirectCompute, OpenCL<\/strong><\/td>\n<\/tr>\n<tr>\n<td>NVIEW<\/td>\n<td><strong>Yes<\/strong><\/td>\n<\/tr>\n<tr>\n<td>NVIDIA MOSAIC<\/td>\n<td><strong>Yes<\/strong><\/td>\n<\/tr>\n<tr>\n<td>Warranty<\/td>\n<td><strong>3 Years<\/strong><\/td>\n<\/tr>\n<\/tbody>\n<\/table>\n<p><strong>NVIDIA RTX A6000 &#8211; SKUs and EANs<\/strong><\/p>\n<table border=\"0\">\n<tbody>\n<tr>\n<td>Retail<\/td>\n<td><em>Unit<\/em><\/td>\n<td>VCNRTXA6000-PB<\/td>\n<td>EAN: 3536403379193<\/td>\n<\/tr>\n<\/tbody>\n<\/table>\n","protected":false},"excerpt":{"rendered":"<div class=\"wpb_text_column wpb_content_element vc_custom_1606139962976\">\n<div class=\"wpb_wrapper\">\n<div class=\"wpb_text_column wpb_content_element vc_custom_1606143538543\">\n<div class=\"wpb_wrapper\">\n<h1><a href=\"https:\/\/gtmteknoloji.com\/teklif-talep\/\">TEKL\u0130F AL<\/a><\/h1>\n<h5>NVIDIA RTX A6000<\/h5>\n<\/div>\n<\/div>\n<\/div>\n<\/div>\n","protected":false},"featured_media":6205,"template":"","meta":[],"product_brand":[342,341],"product_cat":[1736,1737],"product_tag":[2376,2377,2378],"class_list":{"0":"post-9694","1":"product","2":"type-product","3":"status-publish","4":"has-post-thumbnail","6":"product_brand-nvidia","7":"product_brand-pny","8":"product_cat-ekran-karti","9":"product_cat-profesyonel-grafik-kartlari","10":"product_tag-nvidia-quadro-graphic-cards","11":"product_tag-nvidia-rtx-a6000","12":"product_tag-profesyonel-gorsellestirme","14":"first","15":"instock","16":"taxable","17":"shipping-taxable","18":"product-type-external"},"yoast_head":"<!-- This site is optimized with the Yoast SEO Premium plugin v26.8 (Yoast SEO v26.8) - https:\/\/yoast.com\/product\/yoast-seo-premium-wordpress\/ -->\n<title>NVIDIA RTX A6000 - GTM Teknoloji<\/title>\n<meta name=\"robots\" content=\"index, follow, max-snippet:-1, max-image-preview:large, max-video-preview:-1\" \/>\n<link rel=\"canonical\" href=\"https:\/\/gtmteknoloji.com\/b2b\/magaza\/ekran-karti\/profesyonel-grafik-kartlari\/nvidia-rtx-a6000\/\" \/>\n<meta property=\"og:locale\" content=\"tr_TR\" \/>\n<meta property=\"og:type\" content=\"article\" \/>\n<meta property=\"og:title\" content=\"NVIDIA RTX A6000\" \/>\n<meta property=\"og:description\" content=\"TEKL\u0130F AL NVIDIA RTX A6000\" \/>\n<meta property=\"og:url\" content=\"https:\/\/gtmteknoloji.com\/b2b\/magaza\/ekran-karti\/profesyonel-grafik-kartlari\/nvidia-rtx-a6000\/\" \/>\n<meta property=\"og:site_name\" content=\"GTM Teknoloji\" \/>\n<meta property=\"article:publisher\" content=\"https:\/\/www.facebook.com\/SupermicroTurkiye\/?locale=tr_TR\" \/>\n<meta property=\"article:modified_time\" content=\"2025-04-14T01:27:06+00:00\" \/>\n<meta property=\"og:image\" content=\"https:\/\/gtmteknoloji.com\/b2b\/wp-content\/uploads\/2021\/01\/1436-20201013015938.png\" \/>\n\t<meta property=\"og:image:width\" content=\"432\" \/>\n\t<meta property=\"og:image:height\" content=\"432\" \/>\n\t<meta property=\"og:image:type\" content=\"image\/png\" \/>\n<meta name=\"twitter:card\" content=\"summary_large_image\" \/>\n<meta name=\"twitter:site\" content=\"@gtmteknoloji\" \/>\n<meta name=\"twitter:label1\" content=\"Fiyat\" \/>\n\t<meta name=\"twitter:data1\" content=\"\" \/>\n\t<meta name=\"twitter:label2\" content=\"Durumu\" \/>\n\t<meta name=\"twitter:data2\" content=\"Stokta var\" \/>\n<script type=\"application\/ld+json\" class=\"yoast-schema-graph\">{\"@context\":\"https:\/\/schema.org\",\"@graph\":[{\"@type\":\"WebPage\",\"@id\":\"https:\/\/gtmteknoloji.com\/b2b\/magaza\/ekran-karti\/profesyonel-grafik-kartlari\/nvidia-rtx-a6000\/\",\"url\":\"https:\/\/gtmteknoloji.com\/b2b\/magaza\/ekran-karti\/profesyonel-grafik-kartlari\/nvidia-rtx-a6000\/\",\"name\":\"NVIDIA RTX A6000 - GTM Teknoloji\",\"isPartOf\":{\"@id\":\"https:\/\/gtmteknoloji.com\/b2b\/#website\"},\"primaryImageOfPage\":{\"@id\":\"https:\/\/gtmteknoloji.com\/b2b\/magaza\/ekran-karti\/profesyonel-grafik-kartlari\/nvidia-rtx-a6000\/#primaryimage\"},\"image\":{\"@id\":\"https:\/\/gtmteknoloji.com\/b2b\/magaza\/ekran-karti\/profesyonel-grafik-kartlari\/nvidia-rtx-a6000\/#primaryimage\"},\"thumbnailUrl\":\"https:\/\/gtmteknoloji.com\/b2b\/wp-content\/uploads\/2021\/01\/1436-20201013015938.png\",\"datePublished\":\"2025-04-14T01:27:03+00:00\",\"dateModified\":\"2025-04-14T01:27:06+00:00\",\"breadcrumb\":{\"@id\":\"https:\/\/gtmteknoloji.com\/b2b\/magaza\/ekran-karti\/profesyonel-grafik-kartlari\/nvidia-rtx-a6000\/#breadcrumb\"},\"inLanguage\":\"tr\",\"potentialAction\":[{\"@type\":\"ReadAction\",\"target\":[\"https:\/\/gtmteknoloji.com\/b2b\/magaza\/ekran-karti\/profesyonel-grafik-kartlari\/nvidia-rtx-a6000\/\"]}]},{\"@type\":\"ImageObject\",\"inLanguage\":\"tr\",\"@id\":\"https:\/\/gtmteknoloji.com\/b2b\/magaza\/ekran-karti\/profesyonel-grafik-kartlari\/nvidia-rtx-a6000\/#primaryimage\",\"url\":\"https:\/\/gtmteknoloji.com\/b2b\/wp-content\/uploads\/2021\/01\/1436-20201013015938.png\",\"contentUrl\":\"https:\/\/gtmteknoloji.com\/b2b\/wp-content\/uploads\/2021\/01\/1436-20201013015938.png\",\"width\":432,\"height\":432},{\"@type\":\"BreadcrumbList\",\"@id\":\"https:\/\/gtmteknoloji.com\/b2b\/magaza\/ekran-karti\/profesyonel-grafik-kartlari\/nvidia-rtx-a6000\/#breadcrumb\",\"itemListElement\":[{\"@type\":\"ListItem\",\"position\":1,\"name\":\"Home\",\"item\":\"https:\/\/gtmteknoloji.com\/b2b\/\"},{\"@type\":\"ListItem\",\"position\":2,\"name\":\"Ma\u011faza\",\"item\":\"https:\/\/gtmteknoloji.com\/b2b\/magaza\/\"},{\"@type\":\"ListItem\",\"position\":3,\"name\":\"NVIDIA RTX A6000\"}]},{\"@type\":\"WebSite\",\"@id\":\"https:\/\/gtmteknoloji.com\/b2b\/#website\",\"url\":\"https:\/\/gtmteknoloji.com\/b2b\/\",\"name\":\"GTM Teknoloji\",\"description\":\"B2B Sat\u0131\u015f Portal\u0131\",\"publisher\":{\"@id\":\"https:\/\/gtmteknoloji.com\/b2b\/#organization\"},\"potentialAction\":[{\"@type\":\"SearchAction\",\"target\":{\"@type\":\"EntryPoint\",\"urlTemplate\":\"https:\/\/gtmteknoloji.com\/b2b\/?s={search_term_string}\"},\"query-input\":{\"@type\":\"PropertyValueSpecification\",\"valueRequired\":true,\"valueName\":\"search_term_string\"}}],\"inLanguage\":\"tr\"},{\"@type\":\"Organization\",\"@id\":\"https:\/\/gtmteknoloji.com\/b2b\/#organization\",\"name\":\"GTM Teknoloji\",\"url\":\"https:\/\/gtmteknoloji.com\/b2b\/\",\"logo\":{\"@type\":\"ImageObject\",\"inLanguage\":\"tr\",\"@id\":\"https:\/\/gtmteknoloji.com\/b2b\/#\/schema\/logo\/image\/\",\"url\":\"https:\/\/gtmteknoloji.com\/b2b\/wp-content\/uploads\/2020\/12\/GTM-logo.png\",\"contentUrl\":\"https:\/\/gtmteknoloji.com\/b2b\/wp-content\/uploads\/2020\/12\/GTM-logo.png\",\"width\":400,\"height\":400,\"caption\":\"GTM Teknoloji\"},\"image\":{\"@id\":\"https:\/\/gtmteknoloji.com\/b2b\/#\/schema\/logo\/image\/\"},\"sameAs\":[\"https:\/\/www.facebook.com\/SupermicroTurkiye\/?locale=tr_TR\",\"https:\/\/x.com\/gtmteknoloji\"]}]}<\/script>\n<meta property=\"product:brand\" content=\"Nvidia\" \/>\n<meta property=\"product:price:currency\" content=\"USD\" \/>\n<meta property=\"og:availability\" content=\"instock\" \/>\n<meta property=\"product:availability\" content=\"instock\" \/>\n<meta property=\"product:condition\" content=\"new\" \/>\n<!-- \/ Yoast SEO Premium plugin. -->","yoast_head_json":{"title":"NVIDIA RTX A6000 - GTM Teknoloji","robots":{"index":"index","follow":"follow","max-snippet":"max-snippet:-1","max-image-preview":"max-image-preview:large","max-video-preview":"max-video-preview:-1"},"canonical":"https:\/\/gtmteknoloji.com\/b2b\/magaza\/ekran-karti\/profesyonel-grafik-kartlari\/nvidia-rtx-a6000\/","og_locale":"tr_TR","og_type":"article","og_title":"NVIDIA RTX A6000","og_description":"TEKL\u0130F AL NVIDIA RTX A6000","og_url":"https:\/\/gtmteknoloji.com\/b2b\/magaza\/ekran-karti\/profesyonel-grafik-kartlari\/nvidia-rtx-a6000\/","og_site_name":"GTM Teknoloji","article_publisher":"https:\/\/www.facebook.com\/SupermicroTurkiye\/?locale=tr_TR","article_modified_time":"2025-04-14T01:27:06+00:00","og_image":[{"width":432,"height":432,"url":"https:\/\/gtmteknoloji.com\/b2b\/wp-content\/uploads\/2021\/01\/1436-20201013015938.png","type":"image\/png"}],"twitter_card":"summary_large_image","twitter_site":"@gtmteknoloji","twitter_misc":{"Fiyat":"","Durumu":"Stokta var"},"schema":{"@context":"https:\/\/schema.org","@graph":[{"@type":"WebPage","@id":"https:\/\/gtmteknoloji.com\/b2b\/magaza\/ekran-karti\/profesyonel-grafik-kartlari\/nvidia-rtx-a6000\/","url":"https:\/\/gtmteknoloji.com\/b2b\/magaza\/ekran-karti\/profesyonel-grafik-kartlari\/nvidia-rtx-a6000\/","name":"NVIDIA RTX A6000 - GTM Teknoloji","isPartOf":{"@id":"https:\/\/gtmteknoloji.com\/b2b\/#website"},"primaryImageOfPage":{"@id":"https:\/\/gtmteknoloji.com\/b2b\/magaza\/ekran-karti\/profesyonel-grafik-kartlari\/nvidia-rtx-a6000\/#primaryimage"},"image":{"@id":"https:\/\/gtmteknoloji.com\/b2b\/magaza\/ekran-karti\/profesyonel-grafik-kartlari\/nvidia-rtx-a6000\/#primaryimage"},"thumbnailUrl":"https:\/\/gtmteknoloji.com\/b2b\/wp-content\/uploads\/2021\/01\/1436-20201013015938.png","datePublished":"2025-04-14T01:27:03+00:00","dateModified":"2025-04-14T01:27:06+00:00","breadcrumb":{"@id":"https:\/\/gtmteknoloji.com\/b2b\/magaza\/ekran-karti\/profesyonel-grafik-kartlari\/nvidia-rtx-a6000\/#breadcrumb"},"inLanguage":"tr","potentialAction":[{"@type":"ReadAction","target":["https:\/\/gtmteknoloji.com\/b2b\/magaza\/ekran-karti\/profesyonel-grafik-kartlari\/nvidia-rtx-a6000\/"]}]},{"@type":"ImageObject","inLanguage":"tr","@id":"https:\/\/gtmteknoloji.com\/b2b\/magaza\/ekran-karti\/profesyonel-grafik-kartlari\/nvidia-rtx-a6000\/#primaryimage","url":"https:\/\/gtmteknoloji.com\/b2b\/wp-content\/uploads\/2021\/01\/1436-20201013015938.png","contentUrl":"https:\/\/gtmteknoloji.com\/b2b\/wp-content\/uploads\/2021\/01\/1436-20201013015938.png","width":432,"height":432},{"@type":"BreadcrumbList","@id":"https:\/\/gtmteknoloji.com\/b2b\/magaza\/ekran-karti\/profesyonel-grafik-kartlari\/nvidia-rtx-a6000\/#breadcrumb","itemListElement":[{"@type":"ListItem","position":1,"name":"Home","item":"https:\/\/gtmteknoloji.com\/b2b\/"},{"@type":"ListItem","position":2,"name":"Ma\u011faza","item":"https:\/\/gtmteknoloji.com\/b2b\/magaza\/"},{"@type":"ListItem","position":3,"name":"NVIDIA RTX A6000"}]},{"@type":"WebSite","@id":"https:\/\/gtmteknoloji.com\/b2b\/#website","url":"https:\/\/gtmteknoloji.com\/b2b\/","name":"GTM Teknoloji","description":"B2B Sat\u0131\u015f Portal\u0131","publisher":{"@id":"https:\/\/gtmteknoloji.com\/b2b\/#organization"},"potentialAction":[{"@type":"SearchAction","target":{"@type":"EntryPoint","urlTemplate":"https:\/\/gtmteknoloji.com\/b2b\/?s={search_term_string}"},"query-input":{"@type":"PropertyValueSpecification","valueRequired":true,"valueName":"search_term_string"}}],"inLanguage":"tr"},{"@type":"Organization","@id":"https:\/\/gtmteknoloji.com\/b2b\/#organization","name":"GTM Teknoloji","url":"https:\/\/gtmteknoloji.com\/b2b\/","logo":{"@type":"ImageObject","inLanguage":"tr","@id":"https:\/\/gtmteknoloji.com\/b2b\/#\/schema\/logo\/image\/","url":"https:\/\/gtmteknoloji.com\/b2b\/wp-content\/uploads\/2020\/12\/GTM-logo.png","contentUrl":"https:\/\/gtmteknoloji.com\/b2b\/wp-content\/uploads\/2020\/12\/GTM-logo.png","width":400,"height":400,"caption":"GTM Teknoloji"},"image":{"@id":"https:\/\/gtmteknoloji.com\/b2b\/#\/schema\/logo\/image\/"},"sameAs":["https:\/\/www.facebook.com\/SupermicroTurkiye\/?locale=tr_TR","https:\/\/x.com\/gtmteknoloji"]}]},"product_brand":"Nvidia","product_price_currency":"USD","og_availability":"instock","product_availability":"instock","product_condition":"new"},"_links":{"self":[{"href":"https:\/\/gtmteknoloji.com\/b2b\/wp-json\/wp\/v2\/product\/9694","targetHints":{"allow":["GET"]}}],"collection":[{"href":"https:\/\/gtmteknoloji.com\/b2b\/wp-json\/wp\/v2\/product"}],"about":[{"href":"https:\/\/gtmteknoloji.com\/b2b\/wp-json\/wp\/v2\/types\/product"}],"version-history":[{"count":1,"href":"https:\/\/gtmteknoloji.com\/b2b\/wp-json\/wp\/v2\/product\/9694\/revisions"}],"predecessor-version":[{"id":9717,"href":"https:\/\/gtmteknoloji.com\/b2b\/wp-json\/wp\/v2\/product\/9694\/revisions\/9717"}],"wp:featuredmedia":[{"embeddable":true,"href":"https:\/\/gtmteknoloji.com\/b2b\/wp-json\/wp\/v2\/media\/6205"}],"wp:attachment":[{"href":"https:\/\/gtmteknoloji.com\/b2b\/wp-json\/wp\/v2\/media?parent=9694"}],"wp:term":[{"taxonomy":"product_brand","embeddable":true,"href":"https:\/\/gtmteknoloji.com\/b2b\/wp-json\/wp\/v2\/product_brand?post=9694"},{"taxonomy":"product_cat","embeddable":true,"href":"https:\/\/gtmteknoloji.com\/b2b\/wp-json\/wp\/v2\/product_cat?post=9694"},{"taxonomy":"product_tag","embeddable":true,"href":"https:\/\/gtmteknoloji.com\/b2b\/wp-json\/wp\/v2\/product_tag?post=9694"}],"curies":[{"name":"wp","href":"https:\/\/api.w.org\/{rel}","templated":true}]}}