{"id":9700,"date":"2025-04-14T04:27:04","date_gmt":"2025-04-14T01:27:04","guid":{"rendered":"https:\/\/gtmteknoloji.com\/b2b\/?post_type=product&#038;p=9700"},"modified":"2025-04-14T04:27:09","modified_gmt":"2025-04-14T01:27:09","slug":"geforce-rtx-3070-8gb-xlr8-gaming-revel-epic-x-rgb-triple-fan-edition","status":"publish","type":"product","link":"https:\/\/gtmteknoloji.com\/b2b\/magaza\/ekran-karti\/profesyonel-grafik-kartlari\/geforce-rtx-3070-8gb-xlr8-gaming-revel-epic-x-rgb-triple-fan-edition\/","title":{"rendered":"GeForce RTX\u2122 3070 8GB XLR8 Gaming REVEL EPIC-X RGB\u2122 Triple Fan Edition"},"content":{"rendered":"<h3>Teknik \u00d6zellikler<\/h3>\n<table class=\"pny-table\">\n<tbody>\n<tr>\n<td>NVIDIA\u00aeCUDA\u00aeCores<\/td>\n<td>5888<\/td>\n<\/tr>\n<\/tbody>\n<tbody>\n<tr>\n<td>Core Clock<\/td>\n<td>1500 MHz<\/td>\n<\/tr>\n<\/tbody>\n<tbody>\n<tr>\n<td>Boost Clock<\/td>\n<td>1725 MHz<\/td>\n<\/tr>\n<\/tbody>\n<tbody>\n<tr>\n<td>Memory Amount<\/td>\n<td>8GB GDDR6<\/td>\n<\/tr>\n<\/tbody>\n<tbody>\n<tr>\n<td>Memory Interface<\/td>\n<td>256-bit<\/td>\n<\/tr>\n<\/tbody>\n<tbody>\n<tr>\n<td>Memory Frequency<\/td>\n<td>14 Gbps<\/td>\n<\/tr>\n<\/tbody>\n<tbody>\n<tr>\n<td>Memory Bandwidth<\/td>\n<td>448 Gbps<\/td>\n<\/tr>\n<\/tbody>\n<tbody>\n<tr>\n<td>Thermal solution<\/td>\n<td>Triple Fan<\/td>\n<\/tr>\n<\/tbody>\n<tbody>\n<tr>\n<td>Graphics Card Power<\/td>\n<td>220 W<\/td>\n<\/tr>\n<\/tbody>\n<tbody>\n<tr>\n<td>Outputs<\/td>\n<td>DisplayPort 1.4 (x3), HDMI 2.1<\/td>\n<\/tr>\n<\/tbody>\n<tbody>\n<tr>\n<td>Multi-Screen<\/td>\n<td>4<\/td>\n<\/tr>\n<\/tbody>\n<tbody>\n<tr>\n<td>Max Resolution<\/td>\n<td>7680 \u00d7 4320 @60Hz (Digital)<\/td>\n<\/tr>\n<\/tbody>\n<tbody>\n<tr>\n<td>Power input<\/td>\n<td>Two 8-Pin<\/td>\n<\/tr>\n<\/tbody>\n<tbody>\n<tr>\n<td>Bus Support<\/td>\n<td>PCI-Express 4.0 \u00d716<\/td>\n<\/tr>\n<\/tbody>\n<tbody>\n<tr>\n<td>Card Dimensions<\/td>\n<td>29,4 x 11,2 x 5,58cm; 2.7-Slot<\/td>\n<\/tr>\n<\/tbody>\n<tbody>\n<tr>\n<td>Warranty (Years)<\/td>\n<td>3<\/td>\n<\/tr>\n<\/tbody>\n<\/table>\n<p><strong>GRAF\u0130KLER YEN\u0130DEN KE\u015eFED\u0130LD\u0130<\/strong><\/p>\n<p>GeForce RTX \u2122 3070, NVIDIA&#8217;n\u0131n 2. nesil RTX mimarisi olan Ampere taraf\u0131ndan desteklenmektedir.\u00a0Geli\u015ftirilmi\u015f RT \u00c7ekirdekleri ve Tens\u00f6r \u00c7ekirdekleri, yeni ak\u0131\u015f \u00e7oklu i\u015flemcileri ve y\u00fcksek h\u0131zl\u0131 G6 bellek ile olu\u015fturulmu\u015f, size en zorlu oyunlar\u0131 par\u00e7alamak i\u00e7in ihtiyac\u0131n\u0131z olan g\u00fcc\u00fc verir.<\/p>\n<p>Tamamen yeni NVIDIA Ampere mimarisi, yeni 2. nesil I\u015f\u0131n \u0130zleme \u00c7ekirdekleri ve daha y\u00fcksek verimle 3. nesil Tensor \u00c7ekirdekleri i\u00e7erir.\u00a0NVIDIA Ampere ak\u0131\u015fl\u0131 \u00e7oklu i\u015flemcileri, oyuncular ve yarat\u0131c\u0131lar i\u00e7in d\u00fcnyan\u0131n en h\u0131zl\u0131, en verimli GPU&#8217;sunun yap\u0131 ta\u015flar\u0131d\u0131r.<\/p>\n<p>GeForce RTX \u2122 30 Serisi GPU&#8217;lar, NVIDIA&#8217;n\u0131n 2. nesil RTX mimarisi taraf\u0131ndan desteklenmektedir ve oyuncular ve i\u00e7erik olu\u015fturucular i\u00e7in en \u00fcst d\u00fczey performans, \u0131\u015f\u0131n izlemeli grafikler ve yapay zeka h\u0131zland\u0131rma sa\u011flar.<\/p>\n<p><strong>ANA \u00d6ZELL\u0130KLER<\/strong><\/p>\n<p>\u2022 2. Nesil I\u015f\u0131n \u0130zleme \u00c7ekirdekleri<br \/>\n\u2022 3. Nesil Tens\u00f6r \u00c7ekirdekleri<br \/>\n\u2022 PCI Express\u00ae Gen 4<br \/>\n\u2022 Microsoft DirectX\u00a0<sup>\u00ae<\/sup>\u00a012 Ultimate<br \/>\n\u2022 GDDR6 Grafik Belle\u011fi<br \/>\n\u2022 NVIDIA\u00a0DLSS<br \/>\n\u2022 NVIDIA\u00a0<sup>\u00ae<\/sup>\u00a0GeForce Experience \u2122<br \/>\n\u2022 NVIDIA G-SYNC\u00a0<sup>\u00ae<\/sup><br \/>\n\u2022 NVIDIA GPU Boost \u2122<br \/>\n\u2022 NVIDIA NVLink \u2122 (SLI-Ready)<br \/>\n\u2022 Game Ready S\u00fcr\u00fcc\u00fcler<br \/>\n\u2022 Vulkan RT API, OpenGL 4.6<br \/>\n\u2022 HDCP 2.3<br \/>\n\u2022 VR i\u00e7in haz\u0131r<\/p>\n","protected":false},"excerpt":{"rendered":"<h1><a href=\"https:\/\/gtmteknoloji.com\/teklif-talep\/\">TEKL\u0130F AL<\/a><\/h1>\n<h5>GeForce RTX\u2122 3070 8GB XLR8 Gaming REVEL EPIC-X RGB\u2122 Triple Fan Edition<\/h5>\n","protected":false},"featured_media":6228,"template":"","meta":[],"product_brand":[342,341],"product_cat":[1736,1737],"product_tag":[2379,2385,2380,2388,2382,2378],"class_list":{"0":"post-9700","1":"product","2":"type-product","3":"status-publish","4":"has-post-thumbnail","6":"product_brand-nvidia-npn-partner-gtmteknoloji","7":"product_brand-pny-ekran-karti","8":"product_cat-ekran-karti","9":"product_cat-profesyonel-grafik-kartlari","10":"product_tag-gaming-garphics-cards","11":"product_tag-gaming-revel-epic-x-rgb","12":"product_tag-geforce-rtx","13":"product_tag-geforce-rtx-3070-8gb-xlr8-gaming-revel-epic-x-rgb-triple-fan-edition","14":"product_tag-grafik-kart","15":"product_tag-profesyonel-gorsellestirme","17":"first","18":"instock","19":"taxable","20":"shipping-taxable","21":"product-type-external"},"yoast_head":"<!-- This site is optimized with the Yoast SEO Premium plugin v27.4 (Yoast SEO v27.4) - https:\/\/yoast.com\/product\/yoast-seo-premium-wordpress\/ -->\n<title>GeForce RTX\u2122 3070 8GB XLR8 Gaming REVEL EPIC-X RGB\u2122 Triple Fan Edition - GTM Teknoloji<\/title>\n<meta name=\"robots\" content=\"index, follow, max-snippet:-1, max-image-preview:large, max-video-preview:-1\" \/>\n<link rel=\"canonical\" href=\"https:\/\/gtmteknoloji.com\/b2b\/magaza\/ekran-karti\/profesyonel-grafik-kartlari\/geforce-rtx-3070-8gb-xlr8-gaming-revel-epic-x-rgb-triple-fan-edition\/\" \/>\n<meta property=\"og:locale\" content=\"tr_TR\" \/>\n<meta property=\"og:type\" content=\"article\" \/>\n<meta property=\"og:title\" content=\"GeForce RTX\u2122 3070 8GB XLR8 Gaming REVEL EPIC-X RGB\u2122 Triple Fan Edition\" \/>\n<meta property=\"og:description\" content=\"TEKL\u0130F AL GeForce RTX\u2122 3070 8GB XLR8 Gaming REVEL EPIC-X RGB\u2122 Triple Fan Edition\" \/>\n<meta property=\"og:url\" content=\"https:\/\/gtmteknoloji.com\/b2b\/magaza\/ekran-karti\/profesyonel-grafik-kartlari\/geforce-rtx-3070-8gb-xlr8-gaming-revel-epic-x-rgb-triple-fan-edition\/\" \/>\n<meta property=\"og:site_name\" content=\"GTM Teknoloji\" \/>\n<meta property=\"article:publisher\" content=\"https:\/\/www.facebook.com\/SupermicroTurkiye\/?locale=tr_TR\" \/>\n<meta property=\"article:modified_time\" content=\"2025-04-14T01:27:09+00:00\" \/>\n<meta property=\"og:image\" content=\"https:\/\/gtmteknoloji.com\/b2b\/wp-content\/uploads\/2021\/01\/1402-20200922225527.png\" \/>\n\t<meta property=\"og:image:width\" content=\"432\" \/>\n\t<meta property=\"og:image:height\" content=\"432\" \/>\n\t<meta property=\"og:image:type\" content=\"image\/png\" \/>\n<meta name=\"twitter:card\" content=\"summary_large_image\" \/>\n<meta name=\"twitter:site\" content=\"@gtmteknoloji\" \/>\n<meta name=\"twitter:label1\" content=\"Fiyat\" \/>\n\t<meta name=\"twitter:data1\" content=\"\" \/>\n\t<meta name=\"twitter:label2\" content=\"Durumu\" \/>\n\t<meta name=\"twitter:data2\" content=\"Stokta var\" \/>\n<script type=\"application\/ld+json\" class=\"yoast-schema-graph\">{\"@context\":\"https:\\\/\\\/schema.org\",\"@graph\":[{\"@type\":\"WebPage\",\"@id\":\"https:\\\/\\\/gtmteknoloji.com\\\/b2b\\\/magaza\\\/ekran-karti\\\/profesyonel-grafik-kartlari\\\/geforce-rtx-3070-8gb-xlr8-gaming-revel-epic-x-rgb-triple-fan-edition\\\/\",\"url\":\"https:\\\/\\\/gtmteknoloji.com\\\/b2b\\\/magaza\\\/ekran-karti\\\/profesyonel-grafik-kartlari\\\/geforce-rtx-3070-8gb-xlr8-gaming-revel-epic-x-rgb-triple-fan-edition\\\/\",\"name\":\"GeForce RTX\u2122 3070 8GB XLR8 Gaming REVEL EPIC-X RGB\u2122 Triple Fan Edition - GTM Teknoloji\",\"isPartOf\":{\"@id\":\"https:\\\/\\\/gtmteknoloji.com\\\/b2b\\\/#website\"},\"primaryImageOfPage\":{\"@id\":\"https:\\\/\\\/gtmteknoloji.com\\\/b2b\\\/magaza\\\/ekran-karti\\\/profesyonel-grafik-kartlari\\\/geforce-rtx-3070-8gb-xlr8-gaming-revel-epic-x-rgb-triple-fan-edition\\\/#primaryimage\"},\"image\":{\"@id\":\"https:\\\/\\\/gtmteknoloji.com\\\/b2b\\\/magaza\\\/ekran-karti\\\/profesyonel-grafik-kartlari\\\/geforce-rtx-3070-8gb-xlr8-gaming-revel-epic-x-rgb-triple-fan-edition\\\/#primaryimage\"},\"thumbnailUrl\":\"https:\\\/\\\/gtmteknoloji.com\\\/b2b\\\/wp-content\\\/uploads\\\/2021\\\/01\\\/1402-20200922225527.png\",\"datePublished\":\"2025-04-14T01:27:04+00:00\",\"dateModified\":\"2025-04-14T01:27:09+00:00\",\"breadcrumb\":{\"@id\":\"https:\\\/\\\/gtmteknoloji.com\\\/b2b\\\/magaza\\\/ekran-karti\\\/profesyonel-grafik-kartlari\\\/geforce-rtx-3070-8gb-xlr8-gaming-revel-epic-x-rgb-triple-fan-edition\\\/#breadcrumb\"},\"inLanguage\":\"tr\",\"potentialAction\":[{\"@type\":\"ReadAction\",\"target\":[\"https:\\\/\\\/gtmteknoloji.com\\\/b2b\\\/magaza\\\/ekran-karti\\\/profesyonel-grafik-kartlari\\\/geforce-rtx-3070-8gb-xlr8-gaming-revel-epic-x-rgb-triple-fan-edition\\\/\"]}]},{\"@type\":\"ImageObject\",\"inLanguage\":\"tr\",\"@id\":\"https:\\\/\\\/gtmteknoloji.com\\\/b2b\\\/magaza\\\/ekran-karti\\\/profesyonel-grafik-kartlari\\\/geforce-rtx-3070-8gb-xlr8-gaming-revel-epic-x-rgb-triple-fan-edition\\\/#primaryimage\",\"url\":\"https:\\\/\\\/gtmteknoloji.com\\\/b2b\\\/wp-content\\\/uploads\\\/2021\\\/01\\\/1402-20200922225527.png\",\"contentUrl\":\"https:\\\/\\\/gtmteknoloji.com\\\/b2b\\\/wp-content\\\/uploads\\\/2021\\\/01\\\/1402-20200922225527.png\",\"width\":432,\"height\":432},{\"@type\":\"BreadcrumbList\",\"@id\":\"https:\\\/\\\/gtmteknoloji.com\\\/b2b\\\/magaza\\\/ekran-karti\\\/profesyonel-grafik-kartlari\\\/geforce-rtx-3070-8gb-xlr8-gaming-revel-epic-x-rgb-triple-fan-edition\\\/#breadcrumb\",\"itemListElement\":[{\"@type\":\"ListItem\",\"position\":1,\"name\":\"Home\",\"item\":\"https:\\\/\\\/gtmteknoloji.com\\\/b2b\\\/\"},{\"@type\":\"ListItem\",\"position\":2,\"name\":\"Ma\u011faza\",\"item\":\"https:\\\/\\\/gtmteknoloji.com\\\/b2b\\\/magaza\\\/\"},{\"@type\":\"ListItem\",\"position\":3,\"name\":\"GeForce RTX\u2122 3070 8GB XLR8 Gaming REVEL EPIC-X RGB\u2122 Triple Fan Edition\"}]},{\"@type\":\"WebSite\",\"@id\":\"https:\\\/\\\/gtmteknoloji.com\\\/b2b\\\/#website\",\"url\":\"https:\\\/\\\/gtmteknoloji.com\\\/b2b\\\/\",\"name\":\"GTM Teknoloji\",\"description\":\"B2B Sat\u0131\u015f Portal\u0131\",\"publisher\":{\"@id\":\"https:\\\/\\\/gtmteknoloji.com\\\/b2b\\\/#organization\"},\"potentialAction\":[{\"@type\":\"SearchAction\",\"target\":{\"@type\":\"EntryPoint\",\"urlTemplate\":\"https:\\\/\\\/gtmteknoloji.com\\\/b2b\\\/?s={search_term_string}\"},\"query-input\":{\"@type\":\"PropertyValueSpecification\",\"valueRequired\":true,\"valueName\":\"search_term_string\"}}],\"inLanguage\":\"tr\"},{\"@type\":\"Organization\",\"@id\":\"https:\\\/\\\/gtmteknoloji.com\\\/b2b\\\/#organization\",\"name\":\"GTM Teknoloji\",\"url\":\"https:\\\/\\\/gtmteknoloji.com\\\/b2b\\\/\",\"logo\":{\"@type\":\"ImageObject\",\"inLanguage\":\"tr\",\"@id\":\"https:\\\/\\\/gtmteknoloji.com\\\/b2b\\\/#\\\/schema\\\/logo\\\/image\\\/\",\"url\":\"https:\\\/\\\/gtmteknoloji.com\\\/b2b\\\/wp-content\\\/uploads\\\/2020\\\/12\\\/GTM-logo.png\",\"contentUrl\":\"https:\\\/\\\/gtmteknoloji.com\\\/b2b\\\/wp-content\\\/uploads\\\/2020\\\/12\\\/GTM-logo.png\",\"width\":400,\"height\":400,\"caption\":\"GTM Teknoloji\"},\"image\":{\"@id\":\"https:\\\/\\\/gtmteknoloji.com\\\/b2b\\\/#\\\/schema\\\/logo\\\/image\\\/\"},\"sameAs\":[\"https:\\\/\\\/www.facebook.com\\\/SupermicroTurkiye\\\/?locale=tr_TR\",\"https:\\\/\\\/x.com\\\/gtmteknoloji\"]}]}<\/script>\n<meta property=\"product:brand\" content=\"Nvidia\" \/>\n<meta property=\"product:price:currency\" content=\"USD\" \/>\n<meta property=\"og:availability\" content=\"instock\" \/>\n<meta property=\"product:availability\" content=\"instock\" \/>\n<meta property=\"product:condition\" content=\"new\" \/>\n<!-- \/ Yoast SEO Premium plugin. -->","yoast_head_json":{"title":"GeForce RTX\u2122 3070 8GB XLR8 Gaming REVEL EPIC-X RGB\u2122 Triple Fan Edition - GTM Teknoloji","robots":{"index":"index","follow":"follow","max-snippet":"max-snippet:-1","max-image-preview":"max-image-preview:large","max-video-preview":"max-video-preview:-1"},"canonical":"https:\/\/gtmteknoloji.com\/b2b\/magaza\/ekran-karti\/profesyonel-grafik-kartlari\/geforce-rtx-3070-8gb-xlr8-gaming-revel-epic-x-rgb-triple-fan-edition\/","og_locale":"tr_TR","og_type":"article","og_title":"GeForce RTX\u2122 3070 8GB XLR8 Gaming REVEL EPIC-X RGB\u2122 Triple Fan Edition","og_description":"TEKL\u0130F AL GeForce RTX\u2122 3070 8GB XLR8 Gaming REVEL EPIC-X RGB\u2122 Triple Fan Edition","og_url":"https:\/\/gtmteknoloji.com\/b2b\/magaza\/ekran-karti\/profesyonel-grafik-kartlari\/geforce-rtx-3070-8gb-xlr8-gaming-revel-epic-x-rgb-triple-fan-edition\/","og_site_name":"GTM Teknoloji","article_publisher":"https:\/\/www.facebook.com\/SupermicroTurkiye\/?locale=tr_TR","article_modified_time":"2025-04-14T01:27:09+00:00","og_image":[{"width":432,"height":432,"url":"https:\/\/gtmteknoloji.com\/b2b\/wp-content\/uploads\/2021\/01\/1402-20200922225527.png","type":"image\/png"}],"twitter_card":"summary_large_image","twitter_site":"@gtmteknoloji","twitter_misc":{"Fiyat":"","Durumu":"Stokta var"},"schema":{"@context":"https:\/\/schema.org","@graph":[{"@type":"WebPage","@id":"https:\/\/gtmteknoloji.com\/b2b\/magaza\/ekran-karti\/profesyonel-grafik-kartlari\/geforce-rtx-3070-8gb-xlr8-gaming-revel-epic-x-rgb-triple-fan-edition\/","url":"https:\/\/gtmteknoloji.com\/b2b\/magaza\/ekran-karti\/profesyonel-grafik-kartlari\/geforce-rtx-3070-8gb-xlr8-gaming-revel-epic-x-rgb-triple-fan-edition\/","name":"GeForce RTX\u2122 3070 8GB XLR8 Gaming REVEL EPIC-X RGB\u2122 Triple Fan Edition - GTM Teknoloji","isPartOf":{"@id":"https:\/\/gtmteknoloji.com\/b2b\/#website"},"primaryImageOfPage":{"@id":"https:\/\/gtmteknoloji.com\/b2b\/magaza\/ekran-karti\/profesyonel-grafik-kartlari\/geforce-rtx-3070-8gb-xlr8-gaming-revel-epic-x-rgb-triple-fan-edition\/#primaryimage"},"image":{"@id":"https:\/\/gtmteknoloji.com\/b2b\/magaza\/ekran-karti\/profesyonel-grafik-kartlari\/geforce-rtx-3070-8gb-xlr8-gaming-revel-epic-x-rgb-triple-fan-edition\/#primaryimage"},"thumbnailUrl":"https:\/\/gtmteknoloji.com\/b2b\/wp-content\/uploads\/2021\/01\/1402-20200922225527.png","datePublished":"2025-04-14T01:27:04+00:00","dateModified":"2025-04-14T01:27:09+00:00","breadcrumb":{"@id":"https:\/\/gtmteknoloji.com\/b2b\/magaza\/ekran-karti\/profesyonel-grafik-kartlari\/geforce-rtx-3070-8gb-xlr8-gaming-revel-epic-x-rgb-triple-fan-edition\/#breadcrumb"},"inLanguage":"tr","potentialAction":[{"@type":"ReadAction","target":["https:\/\/gtmteknoloji.com\/b2b\/magaza\/ekran-karti\/profesyonel-grafik-kartlari\/geforce-rtx-3070-8gb-xlr8-gaming-revel-epic-x-rgb-triple-fan-edition\/"]}]},{"@type":"ImageObject","inLanguage":"tr","@id":"https:\/\/gtmteknoloji.com\/b2b\/magaza\/ekran-karti\/profesyonel-grafik-kartlari\/geforce-rtx-3070-8gb-xlr8-gaming-revel-epic-x-rgb-triple-fan-edition\/#primaryimage","url":"https:\/\/gtmteknoloji.com\/b2b\/wp-content\/uploads\/2021\/01\/1402-20200922225527.png","contentUrl":"https:\/\/gtmteknoloji.com\/b2b\/wp-content\/uploads\/2021\/01\/1402-20200922225527.png","width":432,"height":432},{"@type":"BreadcrumbList","@id":"https:\/\/gtmteknoloji.com\/b2b\/magaza\/ekran-karti\/profesyonel-grafik-kartlari\/geforce-rtx-3070-8gb-xlr8-gaming-revel-epic-x-rgb-triple-fan-edition\/#breadcrumb","itemListElement":[{"@type":"ListItem","position":1,"name":"Home","item":"https:\/\/gtmteknoloji.com\/b2b\/"},{"@type":"ListItem","position":2,"name":"Ma\u011faza","item":"https:\/\/gtmteknoloji.com\/b2b\/magaza\/"},{"@type":"ListItem","position":3,"name":"GeForce RTX\u2122 3070 8GB XLR8 Gaming REVEL EPIC-X RGB\u2122 Triple Fan Edition"}]},{"@type":"WebSite","@id":"https:\/\/gtmteknoloji.com\/b2b\/#website","url":"https:\/\/gtmteknoloji.com\/b2b\/","name":"GTM Teknoloji","description":"B2B Sat\u0131\u015f Portal\u0131","publisher":{"@id":"https:\/\/gtmteknoloji.com\/b2b\/#organization"},"potentialAction":[{"@type":"SearchAction","target":{"@type":"EntryPoint","urlTemplate":"https:\/\/gtmteknoloji.com\/b2b\/?s={search_term_string}"},"query-input":{"@type":"PropertyValueSpecification","valueRequired":true,"valueName":"search_term_string"}}],"inLanguage":"tr"},{"@type":"Organization","@id":"https:\/\/gtmteknoloji.com\/b2b\/#organization","name":"GTM Teknoloji","url":"https:\/\/gtmteknoloji.com\/b2b\/","logo":{"@type":"ImageObject","inLanguage":"tr","@id":"https:\/\/gtmteknoloji.com\/b2b\/#\/schema\/logo\/image\/","url":"https:\/\/gtmteknoloji.com\/b2b\/wp-content\/uploads\/2020\/12\/GTM-logo.png","contentUrl":"https:\/\/gtmteknoloji.com\/b2b\/wp-content\/uploads\/2020\/12\/GTM-logo.png","width":400,"height":400,"caption":"GTM Teknoloji"},"image":{"@id":"https:\/\/gtmteknoloji.com\/b2b\/#\/schema\/logo\/image\/"},"sameAs":["https:\/\/www.facebook.com\/SupermicroTurkiye\/?locale=tr_TR","https:\/\/x.com\/gtmteknoloji"]}]},"product_brand":"Nvidia","product_price_currency":"USD","og_availability":"instock","product_availability":"instock","product_condition":"new"},"_links":{"self":[{"href":"https:\/\/gtmteknoloji.com\/b2b\/wp-json\/wp\/v2\/product\/9700","targetHints":{"allow":["GET"]}}],"collection":[{"href":"https:\/\/gtmteknoloji.com\/b2b\/wp-json\/wp\/v2\/product"}],"about":[{"href":"https:\/\/gtmteknoloji.com\/b2b\/wp-json\/wp\/v2\/types\/product"}],"version-history":[{"count":1,"href":"https:\/\/gtmteknoloji.com\/b2b\/wp-json\/wp\/v2\/product\/9700\/revisions"}],"predecessor-version":[{"id":9723,"href":"https:\/\/gtmteknoloji.com\/b2b\/wp-json\/wp\/v2\/product\/9700\/revisions\/9723"}],"wp:featuredmedia":[{"embeddable":true,"href":"https:\/\/gtmteknoloji.com\/b2b\/wp-json\/wp\/v2\/media\/6228"}],"wp:attachment":[{"href":"https:\/\/gtmteknoloji.com\/b2b\/wp-json\/wp\/v2\/media?parent=9700"}],"wp:term":[{"taxonomy":"product_brand","embeddable":true,"href":"https:\/\/gtmteknoloji.com\/b2b\/wp-json\/wp\/v2\/product_brand?post=9700"},{"taxonomy":"product_cat","embeddable":true,"href":"https:\/\/gtmteknoloji.com\/b2b\/wp-json\/wp\/v2\/product_cat?post=9700"},{"taxonomy":"product_tag","embeddable":true,"href":"https:\/\/gtmteknoloji.com\/b2b\/wp-json\/wp\/v2\/product_tag?post=9700"}],"curies":[{"name":"wp","href":"https:\/\/api.w.org\/{rel}","templated":true}]}}