{"id":9704,"date":"2025-04-14T04:27:04","date_gmt":"2025-04-14T01:27:04","guid":{"rendered":"https:\/\/gtmteknoloji.com\/b2b\/?post_type=product&#038;p=9704"},"modified":"2025-11-13T19:25:28","modified_gmt":"2025-11-13T16:25:28","slug":"nvidia-a100","status":"publish","type":"product","link":"https:\/\/gtmteknoloji.com\/b2b\/magaza\/ekran-karti\/veri-merkezi-gpu-kartlari\/nvidia-a100\/","title":{"rendered":"(EOL) NVIDIA A100 80GB PCIe"},"content":{"rendered":"<p>Teknik \u00d6zellikler<\/p>\n<table border=\"0\" cellspacing=\"1\" cellpadding=\"1\">\n<tbody>\n<tr>\n<td>Memory size<\/td>\n<td colspan=\"2\"><strong>40 GB HBM2 with ECC<\/strong><\/td>\n<\/tr>\n<tr>\n<td>Memory bus width<\/td>\n<td colspan=\"2\"><strong>5120-bit<\/strong><\/td>\n<\/tr>\n<tr>\n<td>Memory bandwidth<\/td>\n<td colspan=\"2\"><strong>1,6 TB\/s\u00a0<\/strong><\/td>\n<\/tr>\n<tr>\n<td>Cuda cores<\/td>\n<td colspan=\"2\"><strong>6912<\/strong><\/td>\n<\/tr>\n<tr>\n<td>Peak double precision floating point performance<\/td>\n<td colspan=\"2\"><strong>9.7 Tflops (GPU Boost Clocks)<\/strong><\/td>\n<\/tr>\n<tr>\n<td>Peak single precision floating point performance<\/td>\n<td colspan=\"2\"><strong>19.5 Tflops (GPU Boost Clocks)<\/strong><\/td>\n<\/tr>\n<tr>\n<td>Peak half precision<\/td>\n<td colspan=\"2\"><strong>312Tflops (GPU Boost Clocks)<\/strong><\/td>\n<\/tr>\n<tr>\n<td>System interface<\/td>\n<td colspan=\"2\"><strong>PCI\u00a0Express 4.0 x16<\/strong><\/td>\n<\/tr>\n<tr>\n<td>Max power consumption<\/td>\n<td colspan=\"2\"><strong>250 W<\/strong><\/td>\n<\/tr>\n<tr>\n<td>Thermal solution<\/td>\n<td colspan=\"2\"><strong>passive Heatsink<\/strong><\/td>\n<\/tr>\n<tr>\n<td>Form factor<\/td>\n<td colspan=\"2\"><strong>111,15 mm (H) x 267,7 mm (L)\u00a0Dual Slot, Full Height<\/strong><\/td>\n<\/tr>\n<tr>\n<td>Display connectors<\/td>\n<td colspan=\"2\"><strong>None<\/strong><\/td>\n<\/tr>\n<tr>\n<td>Power connectors<\/td>\n<td colspan=\"2\"><strong>8-pin CPU power connector<\/strong><\/td>\n<\/tr>\n<tr>\n<td>Weight (w\/o extender)<\/td>\n<td colspan=\"2\"><strong>1196g* \u00a0 \u00a0 \u00a0 \u00a0 \u00a0 \u00a0 \u00a0 \u00a0 \u00a0 \u00a0 \u00a0 \u00a0 \u00a0 \u00a0 \u00a0 \u00a0 \u00a0 \u00a0 \u00a0 \u00a0 \u00a0 \u00a0 \u00a0 \u00a0 \u00a0 \u00a0 \u00a0 \u00a0 \u00a0 \u00a0 *not final values<\/strong><\/td>\n<\/tr>\n<tr>\n<td>Package content<\/td>\n<td colspan=\"2\"><strong>1x Power adapter (2 x PCIe 8-pin to single CPU 8-pin)<\/strong><\/td>\n<\/tr>\n<tr>\n<td>Part number and EAN<\/td>\n<td colspan=\"2\" rowspan=\"1\"><strong>TCSA100M-PB \u00a0 \u00a0 \u00a0 \u00a0 \u00a0 \u00a0 \u00a0\u00a0 EAN: \u00a0\u00a03536403378035<br \/>\nNVLA100-2SLOT-3PCK\u00a0 EAN: 3536403378189<\/strong><\/td>\n<\/tr>\n<\/tbody>\n<\/table>\n<h3>NVIDIA\u00ae A100 &#8211; Her \u00d6l\u00e7ekte E\u015fi G\u00f6r\u00fclmemi\u015f H\u0131zlanma.<\/h3>\n<p>NVIDIA A100 Tensor Core GPU, d\u00fcnyan\u0131n en zorlu bilgi i\u015flem zorluklar\u0131n\u0131n \u00fcstesinden gelmek i\u00e7in yapay zeka, veri analizi ve HPC i\u00e7in her \u00f6l\u00e7ekte benzeri g\u00f6r\u00fclmemi\u015f h\u0131zlanma sa\u011flar.\u00a0NVIDIA veri merkezi platformunun motoru olan A100, binlerce GPU&#8217;ya kadar verimli bir \u015fekilde \u00f6l\u00e7eklenebilir veya yeni \u00c7oklu \u00d6rnek GPU (MIG) teknolojisini kullanarak, her boyuttaki i\u015f y\u00fck\u00fcn\u00fc h\u0131zland\u0131rmak i\u00e7in yedi izole GPU \u00f6rne\u011fine b\u00f6l\u00fcnebilir.\u00a0A100&#8217;\u00fcn \u00fc\u00e7\u00fcnc\u00fc nesil Tensor Core teknolojisi art\u0131k \u00e7e\u015fitli i\u015f y\u00fckleri i\u00e7in daha fazla hassasiyet d\u00fczeyini h\u0131zland\u0131rarak i\u00e7g\u00f6r\u00fc elde etme ve pazara sunma s\u00fcresini h\u0131zland\u0131r\u0131yor.<\/p>\n<p>PNY,\u00a0<a href=\"http:\/\/supercharged%20performance%20for%20graphics-intensive%20applications%2C%20large%203%20gb%20on-board%20memory%2C%20multi-monitor%20support%2C%20and%20stereo%20capability%20in%20a%20single-slot%20configuration.\/\" target=\"_self\" rel=\"noopener noreferrer\">\u00a0<\/a>profesyonel grafik m\u00fc\u015fterilerine\u00a0e\u015fsiz hizmet ve ba\u011fl\u0131l\u0131k\u00a0sunmaktad\u0131r: 3 y\u0131ll\u0131k garanti, sat\u0131\u015f \u00f6ncesi ve sonras\u0131 destek, \u00f6zel Quadro Saha Uygulama m\u00fchendisleri ve do\u011frudan teknik destek hatt\u0131.<\/p>\n<table border=\"0\" cellspacing=\"0\" cellpadding=\"0\">\n<tbody>\n<tr>\n<td rowspan=\"3\"><strong>PAR\u00c7A NUMARASI VE EAN<\/strong><\/td>\n<td><strong>TCSA100M-PB<\/strong><\/td>\n<td><strong>EAN: 3536403378035<\/strong><\/td>\n<\/tr>\n<tr>\n<td><strong>NVLA100-2SLOT-3PCK<\/strong><\/td>\n<td><strong>EAN: 3536403378189<\/strong><\/td>\n<\/tr>\n<\/tbody>\n<\/table>\n","protected":false},"excerpt":{"rendered":"<h1><a href=\"https:\/\/gtmteknoloji.com\/teklif-talep\/\">TEKL\u0130F AL<\/a><\/h1>\n<h5>GeForce RTX\u2122 3060 Ti 8GB UPRISING Dual Fan Edition<\/h5>\n","protected":false},"featured_media":10262,"template":"","meta":[],"product_brand":[341],"product_cat":[3021,1736],"product_tag":[2382,2393,2394,2378],"class_list":{"0":"post-9704","1":"product","2":"type-product","3":"status-publish","4":"has-post-thumbnail","6":"product_brand-pny-ekran-karti","7":"product_cat-veri-merkezi-gpu-kartlari","8":"product_cat-ekran-karti","9":"product_tag-grafik-kart","10":"product_tag-nvidia-a100","11":"product_tag-nvidia-tesla","12":"product_tag-profesyonel-gorsellestirme","14":"first","15":"instock","16":"taxable","17":"shipping-taxable","18":"product-type-external"},"yoast_head":"<!-- This site is optimized with the Yoast SEO Premium plugin v27.4 (Yoast SEO v27.4) - https:\/\/yoast.com\/product\/yoast-seo-premium-wordpress\/ -->\n<title>(EOL) NVIDIA A100 80GB PCIe - GTM Teknoloji<\/title>\n<meta name=\"robots\" content=\"index, follow, max-snippet:-1, max-image-preview:large, max-video-preview:-1\" \/>\n<link rel=\"canonical\" href=\"https:\/\/gtmteknoloji.com\/b2b\/magaza\/ekran-karti\/veri-merkezi-gpu-kartlari\/nvidia-a100\/\" \/>\n<meta property=\"og:locale\" content=\"tr_TR\" \/>\n<meta property=\"og:type\" content=\"article\" \/>\n<meta property=\"og:title\" content=\"(EOL) NVIDIA A100 80GB PCIe\" \/>\n<meta property=\"og:description\" content=\"TEKL\u0130F AL GeForce RTX\u2122 3060 Ti 8GB UPRISING Dual Fan Edition\" \/>\n<meta property=\"og:url\" content=\"https:\/\/gtmteknoloji.com\/b2b\/magaza\/ekran-karti\/veri-merkezi-gpu-kartlari\/nvidia-a100\/\" \/>\n<meta property=\"og:site_name\" content=\"GTM Teknoloji\" \/>\n<meta property=\"article:publisher\" content=\"https:\/\/www.facebook.com\/SupermicroTurkiye\/?locale=tr_TR\" \/>\n<meta property=\"article:modified_time\" content=\"2025-11-13T16:25:28+00:00\" \/>\n<meta property=\"og:image\" content=\"https:\/\/gtmteknoloji.com\/b2b\/wp-content\/uploads\/2025\/11\/6000-server-edition-product-gtm-teknoloji.png\" \/>\n\t<meta property=\"og:image:width\" content=\"800\" \/>\n\t<meta property=\"og:image:height\" content=\"800\" \/>\n\t<meta property=\"og:image:type\" content=\"image\/png\" \/>\n<meta name=\"twitter:card\" content=\"summary_large_image\" \/>\n<meta name=\"twitter:site\" content=\"@gtmteknoloji\" \/>\n<meta name=\"twitter:label1\" content=\"Fiyat\" \/>\n\t<meta name=\"twitter:data1\" content=\"\" \/>\n\t<meta name=\"twitter:label2\" content=\"Durumu\" \/>\n\t<meta name=\"twitter:data2\" content=\"Stokta var\" \/>\n<script type=\"application\/ld+json\" class=\"yoast-schema-graph\">{\"@context\":\"https:\\\/\\\/schema.org\",\"@graph\":[{\"@type\":\"WebPage\",\"@id\":\"https:\\\/\\\/gtmteknoloji.com\\\/b2b\\\/magaza\\\/ekran-karti\\\/veri-merkezi-gpu-kartlari\\\/nvidia-a100\\\/\",\"url\":\"https:\\\/\\\/gtmteknoloji.com\\\/b2b\\\/magaza\\\/ekran-karti\\\/veri-merkezi-gpu-kartlari\\\/nvidia-a100\\\/\",\"name\":\"(EOL) NVIDIA A100 80GB PCIe - GTM Teknoloji\",\"isPartOf\":{\"@id\":\"https:\\\/\\\/gtmteknoloji.com\\\/b2b\\\/#website\"},\"primaryImageOfPage\":{\"@id\":\"https:\\\/\\\/gtmteknoloji.com\\\/b2b\\\/magaza\\\/ekran-karti\\\/veri-merkezi-gpu-kartlari\\\/nvidia-a100\\\/#primaryimage\"},\"image\":{\"@id\":\"https:\\\/\\\/gtmteknoloji.com\\\/b2b\\\/magaza\\\/ekran-karti\\\/veri-merkezi-gpu-kartlari\\\/nvidia-a100\\\/#primaryimage\"},\"thumbnailUrl\":\"https:\\\/\\\/gtmteknoloji.com\\\/b2b\\\/wp-content\\\/uploads\\\/2025\\\/11\\\/6000-server-edition-product-gtm-teknoloji.png\",\"datePublished\":\"2025-04-14T01:27:04+00:00\",\"dateModified\":\"2025-11-13T16:25:28+00:00\",\"breadcrumb\":{\"@id\":\"https:\\\/\\\/gtmteknoloji.com\\\/b2b\\\/magaza\\\/ekran-karti\\\/veri-merkezi-gpu-kartlari\\\/nvidia-a100\\\/#breadcrumb\"},\"inLanguage\":\"tr\",\"potentialAction\":[{\"@type\":\"ReadAction\",\"target\":[\"https:\\\/\\\/gtmteknoloji.com\\\/b2b\\\/magaza\\\/ekran-karti\\\/veri-merkezi-gpu-kartlari\\\/nvidia-a100\\\/\"]}]},{\"@type\":\"ImageObject\",\"inLanguage\":\"tr\",\"@id\":\"https:\\\/\\\/gtmteknoloji.com\\\/b2b\\\/magaza\\\/ekran-karti\\\/veri-merkezi-gpu-kartlari\\\/nvidia-a100\\\/#primaryimage\",\"url\":\"https:\\\/\\\/gtmteknoloji.com\\\/b2b\\\/wp-content\\\/uploads\\\/2025\\\/11\\\/6000-server-edition-product-gtm-teknoloji.png\",\"contentUrl\":\"https:\\\/\\\/gtmteknoloji.com\\\/b2b\\\/wp-content\\\/uploads\\\/2025\\\/11\\\/6000-server-edition-product-gtm-teknoloji.png\",\"width\":800,\"height\":800},{\"@type\":\"BreadcrumbList\",\"@id\":\"https:\\\/\\\/gtmteknoloji.com\\\/b2b\\\/magaza\\\/ekran-karti\\\/veri-merkezi-gpu-kartlari\\\/nvidia-a100\\\/#breadcrumb\",\"itemListElement\":[{\"@type\":\"ListItem\",\"position\":1,\"name\":\"Home\",\"item\":\"https:\\\/\\\/gtmteknoloji.com\\\/b2b\\\/\"},{\"@type\":\"ListItem\",\"position\":2,\"name\":\"Ma\u011faza\",\"item\":\"https:\\\/\\\/gtmteknoloji.com\\\/b2b\\\/magaza\\\/\"},{\"@type\":\"ListItem\",\"position\":3,\"name\":\"(EOL) NVIDIA A100 80GB PCIe\"}]},{\"@type\":\"WebSite\",\"@id\":\"https:\\\/\\\/gtmteknoloji.com\\\/b2b\\\/#website\",\"url\":\"https:\\\/\\\/gtmteknoloji.com\\\/b2b\\\/\",\"name\":\"GTM Teknoloji\",\"description\":\"B2B Sat\u0131\u015f Portal\u0131\",\"publisher\":{\"@id\":\"https:\\\/\\\/gtmteknoloji.com\\\/b2b\\\/#organization\"},\"potentialAction\":[{\"@type\":\"SearchAction\",\"target\":{\"@type\":\"EntryPoint\",\"urlTemplate\":\"https:\\\/\\\/gtmteknoloji.com\\\/b2b\\\/?s={search_term_string}\"},\"query-input\":{\"@type\":\"PropertyValueSpecification\",\"valueRequired\":true,\"valueName\":\"search_term_string\"}}],\"inLanguage\":\"tr\"},{\"@type\":\"Organization\",\"@id\":\"https:\\\/\\\/gtmteknoloji.com\\\/b2b\\\/#organization\",\"name\":\"GTM Teknoloji\",\"url\":\"https:\\\/\\\/gtmteknoloji.com\\\/b2b\\\/\",\"logo\":{\"@type\":\"ImageObject\",\"inLanguage\":\"tr\",\"@id\":\"https:\\\/\\\/gtmteknoloji.com\\\/b2b\\\/#\\\/schema\\\/logo\\\/image\\\/\",\"url\":\"https:\\\/\\\/gtmteknoloji.com\\\/b2b\\\/wp-content\\\/uploads\\\/2020\\\/12\\\/GTM-logo.png\",\"contentUrl\":\"https:\\\/\\\/gtmteknoloji.com\\\/b2b\\\/wp-content\\\/uploads\\\/2020\\\/12\\\/GTM-logo.png\",\"width\":400,\"height\":400,\"caption\":\"GTM Teknoloji\"},\"image\":{\"@id\":\"https:\\\/\\\/gtmteknoloji.com\\\/b2b\\\/#\\\/schema\\\/logo\\\/image\\\/\"},\"sameAs\":[\"https:\\\/\\\/www.facebook.com\\\/SupermicroTurkiye\\\/?locale=tr_TR\",\"https:\\\/\\\/x.com\\\/gtmteknoloji\"]}]}<\/script>\n<meta property=\"product:brand\" content=\"PNY\" \/>\n<meta property=\"product:price:currency\" content=\"USD\" \/>\n<meta property=\"og:availability\" content=\"instock\" \/>\n<meta property=\"product:availability\" content=\"instock\" \/>\n<meta property=\"product:condition\" content=\"new\" \/>\n<!-- \/ Yoast SEO Premium plugin. -->","yoast_head_json":{"title":"(EOL) NVIDIA A100 80GB PCIe - GTM Teknoloji","robots":{"index":"index","follow":"follow","max-snippet":"max-snippet:-1","max-image-preview":"max-image-preview:large","max-video-preview":"max-video-preview:-1"},"canonical":"https:\/\/gtmteknoloji.com\/b2b\/magaza\/ekran-karti\/veri-merkezi-gpu-kartlari\/nvidia-a100\/","og_locale":"tr_TR","og_type":"article","og_title":"(EOL) NVIDIA A100 80GB PCIe","og_description":"TEKL\u0130F AL GeForce RTX\u2122 3060 Ti 8GB UPRISING Dual Fan Edition","og_url":"https:\/\/gtmteknoloji.com\/b2b\/magaza\/ekran-karti\/veri-merkezi-gpu-kartlari\/nvidia-a100\/","og_site_name":"GTM Teknoloji","article_publisher":"https:\/\/www.facebook.com\/SupermicroTurkiye\/?locale=tr_TR","article_modified_time":"2025-11-13T16:25:28+00:00","og_image":[{"width":800,"height":800,"url":"https:\/\/gtmteknoloji.com\/b2b\/wp-content\/uploads\/2025\/11\/6000-server-edition-product-gtm-teknoloji.png","type":"image\/png"}],"twitter_card":"summary_large_image","twitter_site":"@gtmteknoloji","twitter_misc":{"Fiyat":"","Durumu":"Stokta var"},"schema":{"@context":"https:\/\/schema.org","@graph":[{"@type":"WebPage","@id":"https:\/\/gtmteknoloji.com\/b2b\/magaza\/ekran-karti\/veri-merkezi-gpu-kartlari\/nvidia-a100\/","url":"https:\/\/gtmteknoloji.com\/b2b\/magaza\/ekran-karti\/veri-merkezi-gpu-kartlari\/nvidia-a100\/","name":"(EOL) NVIDIA A100 80GB PCIe - GTM Teknoloji","isPartOf":{"@id":"https:\/\/gtmteknoloji.com\/b2b\/#website"},"primaryImageOfPage":{"@id":"https:\/\/gtmteknoloji.com\/b2b\/magaza\/ekran-karti\/veri-merkezi-gpu-kartlari\/nvidia-a100\/#primaryimage"},"image":{"@id":"https:\/\/gtmteknoloji.com\/b2b\/magaza\/ekran-karti\/veri-merkezi-gpu-kartlari\/nvidia-a100\/#primaryimage"},"thumbnailUrl":"https:\/\/gtmteknoloji.com\/b2b\/wp-content\/uploads\/2025\/11\/6000-server-edition-product-gtm-teknoloji.png","datePublished":"2025-04-14T01:27:04+00:00","dateModified":"2025-11-13T16:25:28+00:00","breadcrumb":{"@id":"https:\/\/gtmteknoloji.com\/b2b\/magaza\/ekran-karti\/veri-merkezi-gpu-kartlari\/nvidia-a100\/#breadcrumb"},"inLanguage":"tr","potentialAction":[{"@type":"ReadAction","target":["https:\/\/gtmteknoloji.com\/b2b\/magaza\/ekran-karti\/veri-merkezi-gpu-kartlari\/nvidia-a100\/"]}]},{"@type":"ImageObject","inLanguage":"tr","@id":"https:\/\/gtmteknoloji.com\/b2b\/magaza\/ekran-karti\/veri-merkezi-gpu-kartlari\/nvidia-a100\/#primaryimage","url":"https:\/\/gtmteknoloji.com\/b2b\/wp-content\/uploads\/2025\/11\/6000-server-edition-product-gtm-teknoloji.png","contentUrl":"https:\/\/gtmteknoloji.com\/b2b\/wp-content\/uploads\/2025\/11\/6000-server-edition-product-gtm-teknoloji.png","width":800,"height":800},{"@type":"BreadcrumbList","@id":"https:\/\/gtmteknoloji.com\/b2b\/magaza\/ekran-karti\/veri-merkezi-gpu-kartlari\/nvidia-a100\/#breadcrumb","itemListElement":[{"@type":"ListItem","position":1,"name":"Home","item":"https:\/\/gtmteknoloji.com\/b2b\/"},{"@type":"ListItem","position":2,"name":"Ma\u011faza","item":"https:\/\/gtmteknoloji.com\/b2b\/magaza\/"},{"@type":"ListItem","position":3,"name":"(EOL) NVIDIA A100 80GB PCIe"}]},{"@type":"WebSite","@id":"https:\/\/gtmteknoloji.com\/b2b\/#website","url":"https:\/\/gtmteknoloji.com\/b2b\/","name":"GTM Teknoloji","description":"B2B Sat\u0131\u015f Portal\u0131","publisher":{"@id":"https:\/\/gtmteknoloji.com\/b2b\/#organization"},"potentialAction":[{"@type":"SearchAction","target":{"@type":"EntryPoint","urlTemplate":"https:\/\/gtmteknoloji.com\/b2b\/?s={search_term_string}"},"query-input":{"@type":"PropertyValueSpecification","valueRequired":true,"valueName":"search_term_string"}}],"inLanguage":"tr"},{"@type":"Organization","@id":"https:\/\/gtmteknoloji.com\/b2b\/#organization","name":"GTM Teknoloji","url":"https:\/\/gtmteknoloji.com\/b2b\/","logo":{"@type":"ImageObject","inLanguage":"tr","@id":"https:\/\/gtmteknoloji.com\/b2b\/#\/schema\/logo\/image\/","url":"https:\/\/gtmteknoloji.com\/b2b\/wp-content\/uploads\/2020\/12\/GTM-logo.png","contentUrl":"https:\/\/gtmteknoloji.com\/b2b\/wp-content\/uploads\/2020\/12\/GTM-logo.png","width":400,"height":400,"caption":"GTM Teknoloji"},"image":{"@id":"https:\/\/gtmteknoloji.com\/b2b\/#\/schema\/logo\/image\/"},"sameAs":["https:\/\/www.facebook.com\/SupermicroTurkiye\/?locale=tr_TR","https:\/\/x.com\/gtmteknoloji"]}]},"product_brand":"PNY","product_price_currency":"USD","og_availability":"instock","product_availability":"instock","product_condition":"new"},"_links":{"self":[{"href":"https:\/\/gtmteknoloji.com\/b2b\/wp-json\/wp\/v2\/product\/9704","targetHints":{"allow":["GET"]}}],"collection":[{"href":"https:\/\/gtmteknoloji.com\/b2b\/wp-json\/wp\/v2\/product"}],"about":[{"href":"https:\/\/gtmteknoloji.com\/b2b\/wp-json\/wp\/v2\/types\/product"}],"version-history":[{"count":2,"href":"https:\/\/gtmteknoloji.com\/b2b\/wp-json\/wp\/v2\/product\/9704\/revisions"}],"predecessor-version":[{"id":10396,"href":"https:\/\/gtmteknoloji.com\/b2b\/wp-json\/wp\/v2\/product\/9704\/revisions\/10396"}],"wp:featuredmedia":[{"embeddable":true,"href":"https:\/\/gtmteknoloji.com\/b2b\/wp-json\/wp\/v2\/media\/10262"}],"wp:attachment":[{"href":"https:\/\/gtmteknoloji.com\/b2b\/wp-json\/wp\/v2\/media?parent=9704"}],"wp:term":[{"taxonomy":"product_brand","embeddable":true,"href":"https:\/\/gtmteknoloji.com\/b2b\/wp-json\/wp\/v2\/product_brand?post=9704"},{"taxonomy":"product_cat","embeddable":true,"href":"https:\/\/gtmteknoloji.com\/b2b\/wp-json\/wp\/v2\/product_cat?post=9704"},{"taxonomy":"product_tag","embeddable":true,"href":"https:\/\/gtmteknoloji.com\/b2b\/wp-json\/wp\/v2\/product_tag?post=9704"}],"curies":[{"name":"wp","href":"https:\/\/api.w.org\/{rel}","templated":true}]}}