{"id":9709,"date":"2025-04-14T04:27:04","date_gmt":"2025-04-14T01:27:04","guid":{"rendered":"https:\/\/gtmteknoloji.com\/b2b\/?post_type=product&#038;p=9709"},"modified":"2025-11-13T17:35:27","modified_gmt":"2025-11-13T14:35:27","slug":"nvidia-quadro-rtx-8000-passive","status":"publish","type":"product","link":"https:\/\/gtmteknoloji.com\/b2b\/magaza\/ekran-karti\/veri-merkezi-gpu-kartlari\/nvidia-quadro-rtx-8000-passive\/","title":{"rendered":"(EOL) NVIDIA Quadro RTX 8000 Passive"},"content":{"rendered":"<p>Teknik \u00d6zellikler<\/p>\n<table border=\"0\" cellspacing=\"1\" cellpadding=\"1\">\n<tbody>\n<tr>\n<td>Memory size<\/td>\n<td colspan=\"2\"><strong>48 GB GDDR6 with ECC<\/strong><\/td>\n<\/tr>\n<tr>\n<td>Memory bus width<\/td>\n<td colspan=\"2\"><strong>384-bit<\/strong><\/td>\n<\/tr>\n<tr>\n<td>Memory bandwidth<\/td>\n<td colspan=\"2\"><strong>672 GB\/s\u00a0<\/strong><\/td>\n<\/tr>\n<tr>\n<td>Cuda cores<\/td>\n<td colspan=\"2\"><strong>4608<\/strong><\/td>\n<\/tr>\n<tr>\n<td>Peak single precision floating point performance<strong>\u00a0<\/strong><\/td>\n<td colspan=\"2\"><strong>14,9 Tflops (GPU Boost Clocks)<\/strong><\/td>\n<\/tr>\n<tr>\n<td>Tensor performance<\/td>\n<td colspan=\"2\"><strong>119,4 Tflops (GPU Boost Clocks)<\/strong><\/td>\n<\/tr>\n<tr>\n<td>System interface<\/td>\n<td colspan=\"2\"><strong>PCI\u00a0Express 3.0 x16<\/strong><\/td>\n<\/tr>\n<tr>\n<td>Max power consumption<\/td>\n<td colspan=\"2\"><strong>250 W<\/strong><\/td>\n<\/tr>\n<tr>\n<td>Thermal solution<\/td>\n<td colspan=\"2\"><strong>passive Heatsink<\/strong><\/td>\n<\/tr>\n<tr>\n<td>Form factor<\/td>\n<td colspan=\"2\"><strong>111,15 mm (H) x 267,7 mm (L)\u00a0Dual Slot, Full Height<\/strong><\/td>\n<\/tr>\n<tr>\n<td>Display connectors<\/td>\n<td colspan=\"2\"><strong>None<\/strong><\/td>\n<\/tr>\n<tr>\n<td>Power connectors<\/td>\n<td colspan=\"2\"><strong>8-pin CPU power connector<\/strong><\/td>\n<\/tr>\n<tr>\n<td>Package content<\/td>\n<td colspan=\"2\"><strong>1x Power adapter (2 x PCIe 8-pit auf single CPU 8-pin)<\/strong><\/td>\n<\/tr>\n<tr>\n<td>Part number and EAN<\/td>\n<td colspan=\"2\" rowspan=\"1\"><strong>VCQRTX8000PAS-BSP\u00a0 \u00a0 \u00a0EAN:\u00a0 \u00a03536403375348<\/strong><\/td>\n<\/tr>\n<\/tbody>\n<\/table>\n<p>&nbsp;<\/p>\n<h3>Pasif Termal \u00c7\u00f6z\u00fcml\u00fc NVIDIA Quadro RTX 8000<\/h3>\n<p>\u0130\u015fletmeler her zamankinden daha b\u00fcy\u00fck ve daha karma\u015f\u0131k i\u015f y\u00fckleriyle u\u011fra\u015f\u0131rken g\u00f6rselle\u015ftirme, olu\u015fturma, veri bilimi ve sim\u00fclasyon talebi artmaya devam ediyor.\u00a0Ancak, g\u00f6rsel bilgi i\u015flem altyap\u0131lar\u0131n\u0131 b\u00fcy\u00fctmek isteyen kurulu\u015flar, artan b\u00fct\u00e7e k\u0131s\u0131tlamalar\u0131 ve da\u011f\u0131t\u0131m gereksinimleri ile kar\u015f\u0131 kar\u015f\u0131yad\u0131r.<\/p>\n<p>Veri merkezindeki NVIDIA Quadro RTX \u2122 GPU&#8217;lar\u0131n g\u00fcc\u00fcyle g\u00f6rsel bilgi i\u015flem zorluklar\u0131n\u0131z\u0131 kar\u015f\u0131lay\u0131n.\u00a0NVIDIA Turing \u2122 mimarisi ve NVIDIA RTX \u2122 platformu \u00fczerine in\u015fa edilen Quadro RTX 8000, ger\u00e7ek zamanl\u0131 \u0131\u015f\u0131n izleme, yapay zeka ve geli\u015fmi\u015f grafik \u00f6zellikleri i\u00e7in RT \u00c7ekirdekleri ve \u00e7ok hassas Tensor \u00c7ekirdekleri i\u00e7erir.\u00a0Kurumsal veri merkezleri i\u00e7in tasarlanm\u0131\u015f NVIDIA Quadro RTX \u2122 ile grafik yo\u011fun karma i\u015f y\u00fckleri, karma\u015f\u0131k tasar\u0131mlar, foto\u011fraf ger\u00e7ekli\u011finde olu\u015fturmalar ve art\u0131r\u0131lm\u0131\u015f ve sanal ortamlar\u0131n \u00fcstesinden gelin.<\/p>\n<p>PNY,\u00a0<a href=\"http:\/\/supercharged%20performance%20for%20graphics-intensive%20applications%2C%20large%203%20gb%20on-board%20memory%2C%20multi-monitor%20support%2C%20and%20stereo%20capability%20in%20a%20single-slot%20configuration.\/\" target=\"_self\" rel=\"noopener noreferrer\">\u00a0<\/a>profesyonel grafik m\u00fc\u015fterilerine\u00a0e\u015fsiz hizmet ve ba\u011fl\u0131l\u0131k\u00a0sunmaktad\u0131r: 3 y\u0131ll\u0131k garanti, sat\u0131\u015f \u00f6ncesi ve sonras\u0131 destek, \u00f6zel Quadro Saha Uygulama m\u00fchendisleri ve do\u011frudan teknik destek hatt\u0131.<\/p>\n<table border=\"0\" cellspacing=\"0\" cellpadding=\"0\">\n<tbody>\n<tr>\n<td rowspan=\"2\"><strong>PAR\u00c7A NUMARASI VE EAN<\/strong><\/td>\n<td><strong>VCQRTX8000PAS-BSP<\/strong><\/td>\n<td><strong>EAN: 3536403375348<\/strong><\/td>\n<\/tr>\n<\/tbody>\n<\/table>\n","protected":false},"excerpt":{"rendered":"<h1><a href=\"https:\/\/gtmteknoloji.com\/teklif-talep\/\">TEKL\u0130F AL<\/a><\/h1>\n<h3>NVIDIA Quadro RTX 8000 Passive<\/h3>\n","protected":false},"featured_media":6271,"template":"","meta":[],"product_brand":[342,341],"product_cat":[3021,1736],"product_tag":[2382,2397,2399,2400,2402,2394],"class_list":{"0":"post-9709","1":"product","2":"type-product","3":"status-publish","4":"has-post-thumbnail","6":"product_brand-nvidia-npn-partner-gtmteknoloji","7":"product_brand-pny-ekran-karti","8":"product_cat-veri-merkezi-gpu-kartlari","9":"product_cat-ekran-karti","10":"product_tag-grafik-kart","11":"product_tag-graphics-cards","12":"product_tag-hpc-ai","13":"product_tag-nvidia-quadro-for-datacenters","14":"product_tag-nvidia-quadro-rtx-8000-passive","15":"product_tag-nvidia-tesla","17":"first","18":"instock","19":"taxable","20":"shipping-taxable","21":"product-type-external"},"yoast_head":"<!-- This site is optimized with the Yoast SEO Premium plugin v27.4 (Yoast SEO v27.4) - https:\/\/yoast.com\/product\/yoast-seo-premium-wordpress\/ -->\n<title>(EOL) NVIDIA Quadro RTX 8000 Passive - GTM Teknoloji<\/title>\n<meta name=\"robots\" content=\"index, follow, max-snippet:-1, max-image-preview:large, max-video-preview:-1\" \/>\n<link rel=\"canonical\" href=\"https:\/\/gtmteknoloji.com\/b2b\/magaza\/ekran-karti\/veri-merkezi-gpu-kartlari\/nvidia-quadro-rtx-8000-passive\/\" \/>\n<meta property=\"og:locale\" content=\"tr_TR\" \/>\n<meta property=\"og:type\" content=\"article\" \/>\n<meta property=\"og:title\" content=\"(EOL) NVIDIA Quadro RTX 8000 Passive\" \/>\n<meta property=\"og:description\" content=\"TEKL\u0130F AL NVIDIA Quadro RTX 8000 Passive\" \/>\n<meta property=\"og:url\" content=\"https:\/\/gtmteknoloji.com\/b2b\/magaza\/ekran-karti\/veri-merkezi-gpu-kartlari\/nvidia-quadro-rtx-8000-passive\/\" \/>\n<meta property=\"og:site_name\" content=\"GTM Teknoloji\" \/>\n<meta property=\"article:publisher\" content=\"https:\/\/www.facebook.com\/SupermicroTurkiye\/?locale=tr_TR\" \/>\n<meta property=\"article:modified_time\" content=\"2025-11-13T14:35:27+00:00\" \/>\n<meta property=\"og:image\" content=\"https:\/\/gtmteknoloji.com\/b2b\/wp-content\/uploads\/2021\/01\/1292-20191220161746.png\" \/>\n\t<meta property=\"og:image:width\" content=\"800\" \/>\n\t<meta property=\"og:image:height\" content=\"800\" \/>\n\t<meta property=\"og:image:type\" content=\"image\/png\" \/>\n<meta name=\"twitter:card\" content=\"summary_large_image\" \/>\n<meta name=\"twitter:site\" content=\"@gtmteknoloji\" \/>\n<meta name=\"twitter:label1\" content=\"Fiyat\" \/>\n\t<meta name=\"twitter:data1\" content=\"\" \/>\n\t<meta name=\"twitter:label2\" content=\"Durumu\" \/>\n\t<meta name=\"twitter:data2\" content=\"Stokta var\" \/>\n<script type=\"application\/ld+json\" class=\"yoast-schema-graph\">{\"@context\":\"https:\\\/\\\/schema.org\",\"@graph\":[{\"@type\":\"WebPage\",\"@id\":\"https:\\\/\\\/gtmteknoloji.com\\\/b2b\\\/magaza\\\/ekran-karti\\\/veri-merkezi-gpu-kartlari\\\/nvidia-quadro-rtx-8000-passive\\\/\",\"url\":\"https:\\\/\\\/gtmteknoloji.com\\\/b2b\\\/magaza\\\/ekran-karti\\\/veri-merkezi-gpu-kartlari\\\/nvidia-quadro-rtx-8000-passive\\\/\",\"name\":\"(EOL) NVIDIA Quadro RTX 8000 Passive - GTM Teknoloji\",\"isPartOf\":{\"@id\":\"https:\\\/\\\/gtmteknoloji.com\\\/b2b\\\/#website\"},\"primaryImageOfPage\":{\"@id\":\"https:\\\/\\\/gtmteknoloji.com\\\/b2b\\\/magaza\\\/ekran-karti\\\/veri-merkezi-gpu-kartlari\\\/nvidia-quadro-rtx-8000-passive\\\/#primaryimage\"},\"image\":{\"@id\":\"https:\\\/\\\/gtmteknoloji.com\\\/b2b\\\/magaza\\\/ekran-karti\\\/veri-merkezi-gpu-kartlari\\\/nvidia-quadro-rtx-8000-passive\\\/#primaryimage\"},\"thumbnailUrl\":\"https:\\\/\\\/gtmteknoloji.com\\\/b2b\\\/wp-content\\\/uploads\\\/2021\\\/01\\\/1292-20191220161746.png\",\"datePublished\":\"2025-04-14T01:27:04+00:00\",\"dateModified\":\"2025-11-13T14:35:27+00:00\",\"breadcrumb\":{\"@id\":\"https:\\\/\\\/gtmteknoloji.com\\\/b2b\\\/magaza\\\/ekran-karti\\\/veri-merkezi-gpu-kartlari\\\/nvidia-quadro-rtx-8000-passive\\\/#breadcrumb\"},\"inLanguage\":\"tr\",\"potentialAction\":[{\"@type\":\"ReadAction\",\"target\":[\"https:\\\/\\\/gtmteknoloji.com\\\/b2b\\\/magaza\\\/ekran-karti\\\/veri-merkezi-gpu-kartlari\\\/nvidia-quadro-rtx-8000-passive\\\/\"]}]},{\"@type\":\"ImageObject\",\"inLanguage\":\"tr\",\"@id\":\"https:\\\/\\\/gtmteknoloji.com\\\/b2b\\\/magaza\\\/ekran-karti\\\/veri-merkezi-gpu-kartlari\\\/nvidia-quadro-rtx-8000-passive\\\/#primaryimage\",\"url\":\"https:\\\/\\\/gtmteknoloji.com\\\/b2b\\\/wp-content\\\/uploads\\\/2021\\\/01\\\/1292-20191220161746.png\",\"contentUrl\":\"https:\\\/\\\/gtmteknoloji.com\\\/b2b\\\/wp-content\\\/uploads\\\/2021\\\/01\\\/1292-20191220161746.png\",\"width\":800,\"height\":800},{\"@type\":\"BreadcrumbList\",\"@id\":\"https:\\\/\\\/gtmteknoloji.com\\\/b2b\\\/magaza\\\/ekran-karti\\\/veri-merkezi-gpu-kartlari\\\/nvidia-quadro-rtx-8000-passive\\\/#breadcrumb\",\"itemListElement\":[{\"@type\":\"ListItem\",\"position\":1,\"name\":\"Home\",\"item\":\"https:\\\/\\\/gtmteknoloji.com\\\/b2b\\\/\"},{\"@type\":\"ListItem\",\"position\":2,\"name\":\"Ma\u011faza\",\"item\":\"https:\\\/\\\/gtmteknoloji.com\\\/b2b\\\/magaza\\\/\"},{\"@type\":\"ListItem\",\"position\":3,\"name\":\"(EOL) NVIDIA Quadro RTX 8000 Passive\"}]},{\"@type\":\"WebSite\",\"@id\":\"https:\\\/\\\/gtmteknoloji.com\\\/b2b\\\/#website\",\"url\":\"https:\\\/\\\/gtmteknoloji.com\\\/b2b\\\/\",\"name\":\"GTM Teknoloji\",\"description\":\"B2B Sat\u0131\u015f Portal\u0131\",\"publisher\":{\"@id\":\"https:\\\/\\\/gtmteknoloji.com\\\/b2b\\\/#organization\"},\"potentialAction\":[{\"@type\":\"SearchAction\",\"target\":{\"@type\":\"EntryPoint\",\"urlTemplate\":\"https:\\\/\\\/gtmteknoloji.com\\\/b2b\\\/?s={search_term_string}\"},\"query-input\":{\"@type\":\"PropertyValueSpecification\",\"valueRequired\":true,\"valueName\":\"search_term_string\"}}],\"inLanguage\":\"tr\"},{\"@type\":\"Organization\",\"@id\":\"https:\\\/\\\/gtmteknoloji.com\\\/b2b\\\/#organization\",\"name\":\"GTM Teknoloji\",\"url\":\"https:\\\/\\\/gtmteknoloji.com\\\/b2b\\\/\",\"logo\":{\"@type\":\"ImageObject\",\"inLanguage\":\"tr\",\"@id\":\"https:\\\/\\\/gtmteknoloji.com\\\/b2b\\\/#\\\/schema\\\/logo\\\/image\\\/\",\"url\":\"https:\\\/\\\/gtmteknoloji.com\\\/b2b\\\/wp-content\\\/uploads\\\/2020\\\/12\\\/GTM-logo.png\",\"contentUrl\":\"https:\\\/\\\/gtmteknoloji.com\\\/b2b\\\/wp-content\\\/uploads\\\/2020\\\/12\\\/GTM-logo.png\",\"width\":400,\"height\":400,\"caption\":\"GTM Teknoloji\"},\"image\":{\"@id\":\"https:\\\/\\\/gtmteknoloji.com\\\/b2b\\\/#\\\/schema\\\/logo\\\/image\\\/\"},\"sameAs\":[\"https:\\\/\\\/www.facebook.com\\\/SupermicroTurkiye\\\/?locale=tr_TR\",\"https:\\\/\\\/x.com\\\/gtmteknoloji\"]}]}<\/script>\n<meta property=\"product:brand\" content=\"Nvidia\" \/>\n<meta property=\"product:price:currency\" content=\"USD\" \/>\n<meta property=\"og:availability\" content=\"instock\" \/>\n<meta property=\"product:availability\" content=\"instock\" \/>\n<meta property=\"product:condition\" content=\"new\" \/>\n<!-- \/ Yoast SEO Premium plugin. -->","yoast_head_json":{"title":"(EOL) NVIDIA Quadro RTX 8000 Passive - GTM Teknoloji","robots":{"index":"index","follow":"follow","max-snippet":"max-snippet:-1","max-image-preview":"max-image-preview:large","max-video-preview":"max-video-preview:-1"},"canonical":"https:\/\/gtmteknoloji.com\/b2b\/magaza\/ekran-karti\/veri-merkezi-gpu-kartlari\/nvidia-quadro-rtx-8000-passive\/","og_locale":"tr_TR","og_type":"article","og_title":"(EOL) NVIDIA Quadro RTX 8000 Passive","og_description":"TEKL\u0130F AL NVIDIA Quadro RTX 8000 Passive","og_url":"https:\/\/gtmteknoloji.com\/b2b\/magaza\/ekran-karti\/veri-merkezi-gpu-kartlari\/nvidia-quadro-rtx-8000-passive\/","og_site_name":"GTM Teknoloji","article_publisher":"https:\/\/www.facebook.com\/SupermicroTurkiye\/?locale=tr_TR","article_modified_time":"2025-11-13T14:35:27+00:00","og_image":[{"width":800,"height":800,"url":"https:\/\/gtmteknoloji.com\/b2b\/wp-content\/uploads\/2021\/01\/1292-20191220161746.png","type":"image\/png"}],"twitter_card":"summary_large_image","twitter_site":"@gtmteknoloji","twitter_misc":{"Fiyat":"","Durumu":"Stokta var"},"schema":{"@context":"https:\/\/schema.org","@graph":[{"@type":"WebPage","@id":"https:\/\/gtmteknoloji.com\/b2b\/magaza\/ekran-karti\/veri-merkezi-gpu-kartlari\/nvidia-quadro-rtx-8000-passive\/","url":"https:\/\/gtmteknoloji.com\/b2b\/magaza\/ekran-karti\/veri-merkezi-gpu-kartlari\/nvidia-quadro-rtx-8000-passive\/","name":"(EOL) NVIDIA Quadro RTX 8000 Passive - GTM Teknoloji","isPartOf":{"@id":"https:\/\/gtmteknoloji.com\/b2b\/#website"},"primaryImageOfPage":{"@id":"https:\/\/gtmteknoloji.com\/b2b\/magaza\/ekran-karti\/veri-merkezi-gpu-kartlari\/nvidia-quadro-rtx-8000-passive\/#primaryimage"},"image":{"@id":"https:\/\/gtmteknoloji.com\/b2b\/magaza\/ekran-karti\/veri-merkezi-gpu-kartlari\/nvidia-quadro-rtx-8000-passive\/#primaryimage"},"thumbnailUrl":"https:\/\/gtmteknoloji.com\/b2b\/wp-content\/uploads\/2021\/01\/1292-20191220161746.png","datePublished":"2025-04-14T01:27:04+00:00","dateModified":"2025-11-13T14:35:27+00:00","breadcrumb":{"@id":"https:\/\/gtmteknoloji.com\/b2b\/magaza\/ekran-karti\/veri-merkezi-gpu-kartlari\/nvidia-quadro-rtx-8000-passive\/#breadcrumb"},"inLanguage":"tr","potentialAction":[{"@type":"ReadAction","target":["https:\/\/gtmteknoloji.com\/b2b\/magaza\/ekran-karti\/veri-merkezi-gpu-kartlari\/nvidia-quadro-rtx-8000-passive\/"]}]},{"@type":"ImageObject","inLanguage":"tr","@id":"https:\/\/gtmteknoloji.com\/b2b\/magaza\/ekran-karti\/veri-merkezi-gpu-kartlari\/nvidia-quadro-rtx-8000-passive\/#primaryimage","url":"https:\/\/gtmteknoloji.com\/b2b\/wp-content\/uploads\/2021\/01\/1292-20191220161746.png","contentUrl":"https:\/\/gtmteknoloji.com\/b2b\/wp-content\/uploads\/2021\/01\/1292-20191220161746.png","width":800,"height":800},{"@type":"BreadcrumbList","@id":"https:\/\/gtmteknoloji.com\/b2b\/magaza\/ekran-karti\/veri-merkezi-gpu-kartlari\/nvidia-quadro-rtx-8000-passive\/#breadcrumb","itemListElement":[{"@type":"ListItem","position":1,"name":"Home","item":"https:\/\/gtmteknoloji.com\/b2b\/"},{"@type":"ListItem","position":2,"name":"Ma\u011faza","item":"https:\/\/gtmteknoloji.com\/b2b\/magaza\/"},{"@type":"ListItem","position":3,"name":"(EOL) NVIDIA Quadro RTX 8000 Passive"}]},{"@type":"WebSite","@id":"https:\/\/gtmteknoloji.com\/b2b\/#website","url":"https:\/\/gtmteknoloji.com\/b2b\/","name":"GTM Teknoloji","description":"B2B Sat\u0131\u015f Portal\u0131","publisher":{"@id":"https:\/\/gtmteknoloji.com\/b2b\/#organization"},"potentialAction":[{"@type":"SearchAction","target":{"@type":"EntryPoint","urlTemplate":"https:\/\/gtmteknoloji.com\/b2b\/?s={search_term_string}"},"query-input":{"@type":"PropertyValueSpecification","valueRequired":true,"valueName":"search_term_string"}}],"inLanguage":"tr"},{"@type":"Organization","@id":"https:\/\/gtmteknoloji.com\/b2b\/#organization","name":"GTM Teknoloji","url":"https:\/\/gtmteknoloji.com\/b2b\/","logo":{"@type":"ImageObject","inLanguage":"tr","@id":"https:\/\/gtmteknoloji.com\/b2b\/#\/schema\/logo\/image\/","url":"https:\/\/gtmteknoloji.com\/b2b\/wp-content\/uploads\/2020\/12\/GTM-logo.png","contentUrl":"https:\/\/gtmteknoloji.com\/b2b\/wp-content\/uploads\/2020\/12\/GTM-logo.png","width":400,"height":400,"caption":"GTM Teknoloji"},"image":{"@id":"https:\/\/gtmteknoloji.com\/b2b\/#\/schema\/logo\/image\/"},"sameAs":["https:\/\/www.facebook.com\/SupermicroTurkiye\/?locale=tr_TR","https:\/\/x.com\/gtmteknoloji"]}]},"product_brand":"Nvidia","product_price_currency":"USD","og_availability":"instock","product_availability":"instock","product_condition":"new"},"_links":{"self":[{"href":"https:\/\/gtmteknoloji.com\/b2b\/wp-json\/wp\/v2\/product\/9709","targetHints":{"allow":["GET"]}}],"collection":[{"href":"https:\/\/gtmteknoloji.com\/b2b\/wp-json\/wp\/v2\/product"}],"about":[{"href":"https:\/\/gtmteknoloji.com\/b2b\/wp-json\/wp\/v2\/types\/product"}],"version-history":[{"count":3,"href":"https:\/\/gtmteknoloji.com\/b2b\/wp-json\/wp\/v2\/product\/9709\/revisions"}],"predecessor-version":[{"id":10361,"href":"https:\/\/gtmteknoloji.com\/b2b\/wp-json\/wp\/v2\/product\/9709\/revisions\/10361"}],"wp:featuredmedia":[{"embeddable":true,"href":"https:\/\/gtmteknoloji.com\/b2b\/wp-json\/wp\/v2\/media\/6271"}],"wp:attachment":[{"href":"https:\/\/gtmteknoloji.com\/b2b\/wp-json\/wp\/v2\/media?parent=9709"}],"wp:term":[{"taxonomy":"product_brand","embeddable":true,"href":"https:\/\/gtmteknoloji.com\/b2b\/wp-json\/wp\/v2\/product_brand?post=9709"},{"taxonomy":"product_cat","embeddable":true,"href":"https:\/\/gtmteknoloji.com\/b2b\/wp-json\/wp\/v2\/product_cat?post=9709"},{"taxonomy":"product_tag","embeddable":true,"href":"https:\/\/gtmteknoloji.com\/b2b\/wp-json\/wp\/v2\/product_tag?post=9709"}],"curies":[{"name":"wp","href":"https:\/\/api.w.org\/{rel}","templated":true}]}}