{"id":9710,"date":"2025-04-14T04:27:04","date_gmt":"2025-04-14T01:27:04","guid":{"rendered":"https:\/\/gtmteknoloji.com\/b2b\/?post_type=product&#038;p=9710"},"modified":"2025-04-14T04:27:14","modified_gmt":"2025-04-14T01:27:14","slug":"rtx-server-6000-up-to-8-x-nvidia-quadro-rtx-6000-gpu","status":"publish","type":"product","link":"https:\/\/gtmteknoloji.com\/b2b\/magaza\/gpu-server\/rtx-server-6000-up-to-8-x-nvidia-quadro-rtx-6000-gpu\/","title":{"rendered":"RTX Server 6000, Up to 8 x NVIDIA QUADRO RTX 6000 GPU"},"content":{"rendered":"<p><strong>PNY RTX Server for NVIDIA Quadro RTX 6000 &#8211; Product Specifications<\/strong><\/p>\n<table>\n<tbody>\n<tr>\n<td>Processors<\/td>\n<td><strong>2 x Intel\u00ae Xeon\u00ae Scalable Skylake Gold 6126 processors<br \/>\n(2.6-3.7GHz; 12 Cores, 24 threads per CPU)<\/strong><\/td>\n<\/tr>\n<tr>\n<td>Socket &amp; Chipset<\/td>\n<td><strong>2 x LGA 3647, Intel\u00ae C621<\/strong><\/td>\n<\/tr>\n<tr>\n<td>System Memory<\/td>\n<td><strong>12 x 32GB Samsung 2666MHz DDR4 ECC RDIMM<\/strong><\/td>\n<\/tr>\n<tr>\n<td>Storage<\/td>\n<td><strong>1 x Intel 240GB SATA3 2.5\u201d SSD<br \/>\n1 x Intel 1.92TB SATA3\u00a0SSD (expansion up to 14 drives in total supported)\u00a0<\/strong><\/td>\n<\/tr>\n<tr>\n<td>Network Controllers<\/td>\n<td><strong>2 x 10GbE LAN ports (Intel\u00ae X550-AT2) +<br \/>\n1 x GbE LAN port dedicated for IPMI (Realtek\u00ae RTL8211E)<\/strong><\/td>\n<\/tr>\n<tr>\n<td>Expansions Slots<\/td>\n<td><strong>8 x PCI-E Gen3 x16 slots (FH \/ FL \/ DW)<br \/>\n1 x PCI-E Gen3 x8 storage mezz. slot<br \/>\n1 x PCI-E Gen3 x8 LAN mezz. slot<br \/>\nproprietary mezzanine slots (for storage controller, NIC)<\/strong><\/td>\n<\/tr>\n<tr>\n<td>Front \/ Back I\/O<\/td>\n<td><strong>2 x USB 3.0<br \/>\n1 x VGA<br \/>\n1 x Serial<br \/>\n3 x RJ45<\/strong><\/td>\n<\/tr>\n<tr>\n<td>System Cooling<\/td>\n<td><strong>5+1 x hot-swappable 12cm system fans<\/strong><\/td>\n<\/tr>\n<tr>\n<td>Power Supply<\/td>\n<td><strong>2+1 x 2200W redundant PSU (80 PLUS Platinum)<\/strong><\/td>\n<\/tr>\n<tr>\n<td>Form Factor &amp; Dimensions<\/td>\n<td><strong>4U, 770 x 438 x 176 (D x W x H, mm)<\/strong><\/td>\n<\/tr>\n<tr>\n<td><\/td>\n<td><\/td>\n<\/tr>\n<\/tbody>\n<\/table>\n<div class=\"sm-6 med-24 lg-24 column\">\n<h3>QUADRO RTX 6000 \u0130LE VER\u0130 MERKEZ\u0130NDE Y\u00dcKSEK PERFORMANS, ESNEK OLU\u015eTURMA \u00d6ZELL\u0130KL\u0130 QUADRO RTX \u2122 SUNUCUSU NVIDIA\u00ae RTX \u2122 SUNUCU<\/h3>\n<p>&nbsp;<\/p>\n<div>\n<div><img decoding=\"async\" src=\"http:\/\/www.pny.eu\/data\/ckeditor\/articles\/\/RTX_Server_RTX8000.png\" alt=\"PNY GPU Sunucu \u00c7\u00f6z\u00fcm\u00fc - Sonraki \u0130\u015f G\u00fcn\u00fc Servis 1 y\u0131ll\u0131k SLA\" \/><\/div>\n<\/div>\n<div>\n<p><strong>MASA\u00dcST\u00dcNDEN VER\u0130 MERKEZ\u0130NE G\u00dc\u00c7 VE ESNEKL\u0130K<\/strong><\/p>\n<p>NVIDIA\u00ae RTX \u2122 Sunucu, masa\u00fcst\u00fcnde i\u015fleme performans\u0131n\u0131 art\u0131rmak, \u00e7evrimd\u0131\u015f\u0131 olu\u015fturmay\u0131 h\u0131zland\u0131rmak ve y\u00fcksek performansl\u0131 sanal i\u015f istasyonlar\u0131 sa\u011flamak i\u00e7in ihtiya\u00e7 duydu\u011funuz g\u00fcc\u00fc sa\u011flayan, NVIDIA\u00ae taraf\u0131ndan onaylanm\u0131\u015f, olduk\u00e7a yap\u0131land\u0131r\u0131labilir bir referans tasar\u0131md\u0131r ve hepsi tek ve esnek bir \u00e7\u00f6z\u00fcmde sanal bilgi i\u015flem sunucular\u0131.<\/p>\n<\/div>\n<div><\/div>\n<h3>T\u00dcM \u0130\u015eLEME \/ B\u0130LG\u0130SAYAR BORU HATTINIZI HIZLANDIRIN<\/h3>\n<div>\n<div><\/div>\n<div><\/div>\n<div><\/div>\n<div>\n<p><strong>\u00c7EVR\u0130MDI\u015eI OLU\u015eTURMA<\/strong><\/p>\n<p>NVIDIA\u00ae RTX \u2122 Sunucusuyla GPU h\u0131zland\u0131rman\u0131n g\u00fcc\u00fcyle \u00e7evrimd\u0131\u015f\u0131 i\u015fleme i\u00e7in gereken s\u00fcreyi \u00f6nemli \u00f6l\u00e7\u00fcde azalt\u0131n.<\/p>\n<\/div>\n<div>\n<p><strong>HIZLANDIRILMI\u015e MASA\u00dcST\u00dc OLU\u015eTURMA<\/strong><\/p>\n<p>NVIDIA\u00ae RTX \u2122 Sunucusuna ba\u011flanarak ve 8&#8217;e kadar GPU&#8217;nun g\u00fcc\u00fcnden yararlanarak yerel i\u015f istasyonu i\u015fleme performans\u0131n\u0131 ve etkile\u015fimi art\u0131r\u0131n.<\/p>\n<\/div>\n<div><strong>SANAL \u0130\u015e \u0130STASYONLARI VE<\/strong><br \/>\nB\u0130LG\u0130SAYAR SUNUCUSU NVIDIA\u00ae GRID \u2122 vDWS \/ vCS ile tek bir NVIDIA\u00ae RTX \u2122 Sunucusundan birden fazla, y\u00f6netimi kolay sanal i\u015f istasyonu \/ hesaplama sunucusu sa\u011flay\u0131n.<\/div>\n<div>\n<h3><strong>HPC, Olu\u015fturma ve Sanalla\u015ft\u0131rma \u0130\u015f Y\u00fckleri i\u00e7in En Uygun<\/strong><\/h3>\n<div><\/div>\n<div><strong>\u00d6ZELL\u0130KLER\u0130<\/strong><\/div>\n<p>&#8211;<br \/>\n\u00c7al\u0131\u015f\u0131r Durumda\u00a0De\u011fi\u015ftirilebilir Yedekli\u00a0PSU&#8217;lar\u00a0ve Sistem Fanlar\u0131\u00a0&#8211; Yerle\u015fik SATA RAID 0\/1\/5\/10 (Intel RSTe)<br \/>\n&#8211; PLX PCIe Anahtar Topolojisi<br \/>\n&#8211; IPMI i\u00e7in AMI MegaRAC\u00ae SP-X SoC:<br \/>\n\u2022 Kullan\u0131c\u0131 Dostu Grafik Kullan\u0131c\u0131 Aray\u00fcz\u00fc \u2022 Kullan\u0131c\u0131 y\u00f6netimi<br \/>\n\u2022 Servis ayarlar\u0131 ve Oturum kontrol\u00fc \u2022 LDAP ayarlar\u0131<br \/>\n\u2022 G\u00fc\u00e7 kontrol\u00fc ve voltajlar, fanlar ve s\u0131cakl\u0131k izleme<br \/>\n\u2022 Olay y\u00f6netimi (platform olaylar\u0131, tuzak ayarlar\u0131, e-posta ayarlar\u0131)<br \/>\n\u2022 LAN \u00dczerinden Seri \u2022 vKVM ve vMedia (ba\u015flatma, yap\u0131land\u0131rma)<\/p>\n<div><\/div>\n<div><strong>\u00d6ZELL\u0130KLER<\/strong><\/div>\n<div><\/div>\n<div>Form Fakt\u00f6r\u00fc ve Boyutlar: 4U, 770 x 438 x 176 (D x G x Y, mm)<\/div>\n<div>&#8211; CPU: 2 x Intel\u00ae Xeon\u00ae \u00d6l\u00e7eklenebilir Skylake Gold 6126 i\u015flemci (2,6-3,7 GHz; 12 \u00c7ekirdek, CPU ba\u015f\u0131na 24 i\u015f par\u00e7ac\u0131\u011f\u0131)<\/div>\n<div>&#8211; Soket ve Yonga Seti: 2 x LGA 3647, Intel\u00ae C621<\/div>\n<div>&#8211; Sistem Belle\u011fi: 12 x 32GB Samsung 2666MHz DDR4 ECC RDIMM<\/div>\n<div>&#8211; Depolama: 1 x Intel 240GB SATA3 2,5 \u201dSSD + 1 x Intel 1,92TB SATA3 SSD (toplamda 14 s\u00fcr\u00fcc\u00fcye kadar geni\u015fletme desteklenir)<\/div>\n<div>&#8211; A\u011f Denetleyicileri: 2 x 10GbE LAN ba\u011flant\u0131 noktas\u0131 (Intel\u00ae X550-AT2) + IPMI i\u00e7in ayr\u0131lm\u0131\u015f 1 x GbE LAN ba\u011flant\u0131 noktas\u0131 (Realtek\u00ae RTL8211E)<\/div>\n<div>&#8211; Geni\u015fletme Yuvalar\u0131: 1 x PCIe Gen3 x16 yuvas\u0131 + 2 x PCIe Gen3 x8 tescilli ara yuvalar (depolama denetleyicisi, NIC i\u00e7in)<\/div>\n<div>&#8211; \u00d6n \/ Arka G \/ \u00c7: 2 x USB 3.0, 1 x VGA, 1 x Seri, 3 x RJ45<\/div>\n<div>&#8211; Sistem So\u011futma: 5 + 1 x \u00e7al\u0131\u015f\u0131r durumda de\u011fi\u015ftirilebilir 12cm sistem fanlar\u0131<\/div>\n<div>G\u00fc\u00e7 Kayna\u011f\u0131: 2 + 1 x 1600W yedekli PSU (80 PLUS Platinum)<\/div>\n<\/div>\n<\/div>\n<\/div>\n","protected":false},"excerpt":{"rendered":"<h1><a href=\"https:\/\/gtmteknoloji.com\/teklif-talep\/\">TEKL\u0130F AL<\/a><\/h1>\n<h3>RTX Server 6000, Up to 8 x NVIDIA QUADRO RTX 6000 GPU<\/h3>\n","protected":false},"featured_media":6275,"template":"","meta":[],"product_brand":[342,341],"product_cat":[1813],"product_tag":[1796,2403,2404,2405,2406],"class_list":{"0":"post-9710","1":"product","2":"type-product","3":"status-publish","4":"has-post-thumbnail","6":"product_brand-nvidia-npn-partner-gtmteknoloji","7":"product_brand-pny-ekran-karti","8":"product_cat-gpu-server","9":"product_tag-gpu-server","10":"product_tag-nvidia-quadro","11":"product_tag-pny-gpu-server","12":"product_tag-rtx-server-6000","13":"product_tag-up-to-8-x-nvidia-quadro-rtx-6000-gpu","15":"first","16":"instock","17":"taxable","18":"shipping-taxable","19":"product-type-external"},"yoast_head":"<!-- This site is optimized with the Yoast SEO Premium plugin v27.4 (Yoast SEO v27.4) - https:\/\/yoast.com\/product\/yoast-seo-premium-wordpress\/ -->\n<title>RTX Server 6000, Up to 8 x NVIDIA QUADRO RTX 6000 GPU - GTM Teknoloji<\/title>\n<meta name=\"robots\" content=\"index, follow, max-snippet:-1, max-image-preview:large, max-video-preview:-1\" \/>\n<link rel=\"canonical\" href=\"https:\/\/gtmteknoloji.com\/b2b\/magaza\/gpu-server\/rtx-server-6000-up-to-8-x-nvidia-quadro-rtx-6000-gpu\/\" \/>\n<meta property=\"og:locale\" content=\"tr_TR\" \/>\n<meta property=\"og:type\" content=\"article\" \/>\n<meta property=\"og:title\" content=\"RTX Server 6000, Up to 8 x NVIDIA QUADRO RTX 6000 GPU\" \/>\n<meta property=\"og:description\" content=\"TEKL\u0130F AL RTX Server 6000, Up to 8 x NVIDIA QUADRO RTX 6000 GPU\" \/>\n<meta property=\"og:url\" content=\"https:\/\/gtmteknoloji.com\/b2b\/magaza\/gpu-server\/rtx-server-6000-up-to-8-x-nvidia-quadro-rtx-6000-gpu\/\" \/>\n<meta property=\"og:site_name\" content=\"GTM Teknoloji\" \/>\n<meta property=\"article:publisher\" content=\"https:\/\/www.facebook.com\/SupermicroTurkiye\/?locale=tr_TR\" \/>\n<meta property=\"article:modified_time\" content=\"2025-04-14T01:27:14+00:00\" \/>\n<meta property=\"og:image\" content=\"https:\/\/gtmteknoloji.com\/b2b\/wp-content\/uploads\/2021\/01\/1267-20200326124854.png\" \/>\n\t<meta property=\"og:image:width\" content=\"432\" \/>\n\t<meta property=\"og:image:height\" content=\"432\" \/>\n\t<meta property=\"og:image:type\" content=\"image\/png\" \/>\n<meta name=\"twitter:card\" content=\"summary_large_image\" \/>\n<meta name=\"twitter:site\" content=\"@gtmteknoloji\" \/>\n<meta name=\"twitter:label1\" content=\"Fiyat\" \/>\n\t<meta name=\"twitter:data1\" content=\"\" \/>\n\t<meta name=\"twitter:label2\" content=\"Durumu\" \/>\n\t<meta name=\"twitter:data2\" content=\"Stokta var\" \/>\n<script type=\"application\/ld+json\" class=\"yoast-schema-graph\">{\"@context\":\"https:\\\/\\\/schema.org\",\"@graph\":[{\"@type\":\"WebPage\",\"@id\":\"https:\\\/\\\/gtmteknoloji.com\\\/b2b\\\/magaza\\\/gpu-server\\\/rtx-server-6000-up-to-8-x-nvidia-quadro-rtx-6000-gpu\\\/\",\"url\":\"https:\\\/\\\/gtmteknoloji.com\\\/b2b\\\/magaza\\\/gpu-server\\\/rtx-server-6000-up-to-8-x-nvidia-quadro-rtx-6000-gpu\\\/\",\"name\":\"RTX Server 6000, Up to 8 x NVIDIA QUADRO RTX 6000 GPU - GTM Teknoloji\",\"isPartOf\":{\"@id\":\"https:\\\/\\\/gtmteknoloji.com\\\/b2b\\\/#website\"},\"primaryImageOfPage\":{\"@id\":\"https:\\\/\\\/gtmteknoloji.com\\\/b2b\\\/magaza\\\/gpu-server\\\/rtx-server-6000-up-to-8-x-nvidia-quadro-rtx-6000-gpu\\\/#primaryimage\"},\"image\":{\"@id\":\"https:\\\/\\\/gtmteknoloji.com\\\/b2b\\\/magaza\\\/gpu-server\\\/rtx-server-6000-up-to-8-x-nvidia-quadro-rtx-6000-gpu\\\/#primaryimage\"},\"thumbnailUrl\":\"https:\\\/\\\/gtmteknoloji.com\\\/b2b\\\/wp-content\\\/uploads\\\/2021\\\/01\\\/1267-20200326124854.png\",\"datePublished\":\"2025-04-14T01:27:04+00:00\",\"dateModified\":\"2025-04-14T01:27:14+00:00\",\"breadcrumb\":{\"@id\":\"https:\\\/\\\/gtmteknoloji.com\\\/b2b\\\/magaza\\\/gpu-server\\\/rtx-server-6000-up-to-8-x-nvidia-quadro-rtx-6000-gpu\\\/#breadcrumb\"},\"inLanguage\":\"tr\",\"potentialAction\":[{\"@type\":\"ReadAction\",\"target\":[\"https:\\\/\\\/gtmteknoloji.com\\\/b2b\\\/magaza\\\/gpu-server\\\/rtx-server-6000-up-to-8-x-nvidia-quadro-rtx-6000-gpu\\\/\"]}]},{\"@type\":\"ImageObject\",\"inLanguage\":\"tr\",\"@id\":\"https:\\\/\\\/gtmteknoloji.com\\\/b2b\\\/magaza\\\/gpu-server\\\/rtx-server-6000-up-to-8-x-nvidia-quadro-rtx-6000-gpu\\\/#primaryimage\",\"url\":\"https:\\\/\\\/gtmteknoloji.com\\\/b2b\\\/wp-content\\\/uploads\\\/2021\\\/01\\\/1267-20200326124854.png\",\"contentUrl\":\"https:\\\/\\\/gtmteknoloji.com\\\/b2b\\\/wp-content\\\/uploads\\\/2021\\\/01\\\/1267-20200326124854.png\",\"width\":432,\"height\":432},{\"@type\":\"BreadcrumbList\",\"@id\":\"https:\\\/\\\/gtmteknoloji.com\\\/b2b\\\/magaza\\\/gpu-server\\\/rtx-server-6000-up-to-8-x-nvidia-quadro-rtx-6000-gpu\\\/#breadcrumb\",\"itemListElement\":[{\"@type\":\"ListItem\",\"position\":1,\"name\":\"Home\",\"item\":\"https:\\\/\\\/gtmteknoloji.com\\\/b2b\\\/\"},{\"@type\":\"ListItem\",\"position\":2,\"name\":\"Ma\u011faza\",\"item\":\"https:\\\/\\\/gtmteknoloji.com\\\/b2b\\\/magaza\\\/\"},{\"@type\":\"ListItem\",\"position\":3,\"name\":\"RTX Server 6000, Up to 8 x NVIDIA QUADRO RTX 6000 GPU\"}]},{\"@type\":\"WebSite\",\"@id\":\"https:\\\/\\\/gtmteknoloji.com\\\/b2b\\\/#website\",\"url\":\"https:\\\/\\\/gtmteknoloji.com\\\/b2b\\\/\",\"name\":\"GTM Teknoloji\",\"description\":\"B2B Sat\u0131\u015f Portal\u0131\",\"publisher\":{\"@id\":\"https:\\\/\\\/gtmteknoloji.com\\\/b2b\\\/#organization\"},\"potentialAction\":[{\"@type\":\"SearchAction\",\"target\":{\"@type\":\"EntryPoint\",\"urlTemplate\":\"https:\\\/\\\/gtmteknoloji.com\\\/b2b\\\/?s={search_term_string}\"},\"query-input\":{\"@type\":\"PropertyValueSpecification\",\"valueRequired\":true,\"valueName\":\"search_term_string\"}}],\"inLanguage\":\"tr\"},{\"@type\":\"Organization\",\"@id\":\"https:\\\/\\\/gtmteknoloji.com\\\/b2b\\\/#organization\",\"name\":\"GTM Teknoloji\",\"url\":\"https:\\\/\\\/gtmteknoloji.com\\\/b2b\\\/\",\"logo\":{\"@type\":\"ImageObject\",\"inLanguage\":\"tr\",\"@id\":\"https:\\\/\\\/gtmteknoloji.com\\\/b2b\\\/#\\\/schema\\\/logo\\\/image\\\/\",\"url\":\"https:\\\/\\\/gtmteknoloji.com\\\/b2b\\\/wp-content\\\/uploads\\\/2020\\\/12\\\/GTM-logo.png\",\"contentUrl\":\"https:\\\/\\\/gtmteknoloji.com\\\/b2b\\\/wp-content\\\/uploads\\\/2020\\\/12\\\/GTM-logo.png\",\"width\":400,\"height\":400,\"caption\":\"GTM Teknoloji\"},\"image\":{\"@id\":\"https:\\\/\\\/gtmteknoloji.com\\\/b2b\\\/#\\\/schema\\\/logo\\\/image\\\/\"},\"sameAs\":[\"https:\\\/\\\/www.facebook.com\\\/SupermicroTurkiye\\\/?locale=tr_TR\",\"https:\\\/\\\/x.com\\\/gtmteknoloji\"]}]}<\/script>\n<meta property=\"product:brand\" content=\"Nvidia\" \/>\n<meta property=\"product:price:currency\" content=\"USD\" \/>\n<meta property=\"og:availability\" content=\"instock\" \/>\n<meta property=\"product:availability\" content=\"instock\" \/>\n<meta property=\"product:condition\" content=\"new\" \/>\n<!-- \/ Yoast SEO Premium plugin. -->","yoast_head_json":{"title":"RTX Server 6000, Up to 8 x NVIDIA QUADRO RTX 6000 GPU - GTM Teknoloji","robots":{"index":"index","follow":"follow","max-snippet":"max-snippet:-1","max-image-preview":"max-image-preview:large","max-video-preview":"max-video-preview:-1"},"canonical":"https:\/\/gtmteknoloji.com\/b2b\/magaza\/gpu-server\/rtx-server-6000-up-to-8-x-nvidia-quadro-rtx-6000-gpu\/","og_locale":"tr_TR","og_type":"article","og_title":"RTX Server 6000, Up to 8 x NVIDIA QUADRO RTX 6000 GPU","og_description":"TEKL\u0130F AL RTX Server 6000, Up to 8 x NVIDIA QUADRO RTX 6000 GPU","og_url":"https:\/\/gtmteknoloji.com\/b2b\/magaza\/gpu-server\/rtx-server-6000-up-to-8-x-nvidia-quadro-rtx-6000-gpu\/","og_site_name":"GTM Teknoloji","article_publisher":"https:\/\/www.facebook.com\/SupermicroTurkiye\/?locale=tr_TR","article_modified_time":"2025-04-14T01:27:14+00:00","og_image":[{"width":432,"height":432,"url":"https:\/\/gtmteknoloji.com\/b2b\/wp-content\/uploads\/2021\/01\/1267-20200326124854.png","type":"image\/png"}],"twitter_card":"summary_large_image","twitter_site":"@gtmteknoloji","twitter_misc":{"Fiyat":"","Durumu":"Stokta var"},"schema":{"@context":"https:\/\/schema.org","@graph":[{"@type":"WebPage","@id":"https:\/\/gtmteknoloji.com\/b2b\/magaza\/gpu-server\/rtx-server-6000-up-to-8-x-nvidia-quadro-rtx-6000-gpu\/","url":"https:\/\/gtmteknoloji.com\/b2b\/magaza\/gpu-server\/rtx-server-6000-up-to-8-x-nvidia-quadro-rtx-6000-gpu\/","name":"RTX Server 6000, Up to 8 x NVIDIA QUADRO RTX 6000 GPU - GTM Teknoloji","isPartOf":{"@id":"https:\/\/gtmteknoloji.com\/b2b\/#website"},"primaryImageOfPage":{"@id":"https:\/\/gtmteknoloji.com\/b2b\/magaza\/gpu-server\/rtx-server-6000-up-to-8-x-nvidia-quadro-rtx-6000-gpu\/#primaryimage"},"image":{"@id":"https:\/\/gtmteknoloji.com\/b2b\/magaza\/gpu-server\/rtx-server-6000-up-to-8-x-nvidia-quadro-rtx-6000-gpu\/#primaryimage"},"thumbnailUrl":"https:\/\/gtmteknoloji.com\/b2b\/wp-content\/uploads\/2021\/01\/1267-20200326124854.png","datePublished":"2025-04-14T01:27:04+00:00","dateModified":"2025-04-14T01:27:14+00:00","breadcrumb":{"@id":"https:\/\/gtmteknoloji.com\/b2b\/magaza\/gpu-server\/rtx-server-6000-up-to-8-x-nvidia-quadro-rtx-6000-gpu\/#breadcrumb"},"inLanguage":"tr","potentialAction":[{"@type":"ReadAction","target":["https:\/\/gtmteknoloji.com\/b2b\/magaza\/gpu-server\/rtx-server-6000-up-to-8-x-nvidia-quadro-rtx-6000-gpu\/"]}]},{"@type":"ImageObject","inLanguage":"tr","@id":"https:\/\/gtmteknoloji.com\/b2b\/magaza\/gpu-server\/rtx-server-6000-up-to-8-x-nvidia-quadro-rtx-6000-gpu\/#primaryimage","url":"https:\/\/gtmteknoloji.com\/b2b\/wp-content\/uploads\/2021\/01\/1267-20200326124854.png","contentUrl":"https:\/\/gtmteknoloji.com\/b2b\/wp-content\/uploads\/2021\/01\/1267-20200326124854.png","width":432,"height":432},{"@type":"BreadcrumbList","@id":"https:\/\/gtmteknoloji.com\/b2b\/magaza\/gpu-server\/rtx-server-6000-up-to-8-x-nvidia-quadro-rtx-6000-gpu\/#breadcrumb","itemListElement":[{"@type":"ListItem","position":1,"name":"Home","item":"https:\/\/gtmteknoloji.com\/b2b\/"},{"@type":"ListItem","position":2,"name":"Ma\u011faza","item":"https:\/\/gtmteknoloji.com\/b2b\/magaza\/"},{"@type":"ListItem","position":3,"name":"RTX Server 6000, Up to 8 x NVIDIA QUADRO RTX 6000 GPU"}]},{"@type":"WebSite","@id":"https:\/\/gtmteknoloji.com\/b2b\/#website","url":"https:\/\/gtmteknoloji.com\/b2b\/","name":"GTM Teknoloji","description":"B2B Sat\u0131\u015f Portal\u0131","publisher":{"@id":"https:\/\/gtmteknoloji.com\/b2b\/#organization"},"potentialAction":[{"@type":"SearchAction","target":{"@type":"EntryPoint","urlTemplate":"https:\/\/gtmteknoloji.com\/b2b\/?s={search_term_string}"},"query-input":{"@type":"PropertyValueSpecification","valueRequired":true,"valueName":"search_term_string"}}],"inLanguage":"tr"},{"@type":"Organization","@id":"https:\/\/gtmteknoloji.com\/b2b\/#organization","name":"GTM Teknoloji","url":"https:\/\/gtmteknoloji.com\/b2b\/","logo":{"@type":"ImageObject","inLanguage":"tr","@id":"https:\/\/gtmteknoloji.com\/b2b\/#\/schema\/logo\/image\/","url":"https:\/\/gtmteknoloji.com\/b2b\/wp-content\/uploads\/2020\/12\/GTM-logo.png","contentUrl":"https:\/\/gtmteknoloji.com\/b2b\/wp-content\/uploads\/2020\/12\/GTM-logo.png","width":400,"height":400,"caption":"GTM Teknoloji"},"image":{"@id":"https:\/\/gtmteknoloji.com\/b2b\/#\/schema\/logo\/image\/"},"sameAs":["https:\/\/www.facebook.com\/SupermicroTurkiye\/?locale=tr_TR","https:\/\/x.com\/gtmteknoloji"]}]},"product_brand":"Nvidia","product_price_currency":"USD","og_availability":"instock","product_availability":"instock","product_condition":"new"},"_links":{"self":[{"href":"https:\/\/gtmteknoloji.com\/b2b\/wp-json\/wp\/v2\/product\/9710","targetHints":{"allow":["GET"]}}],"collection":[{"href":"https:\/\/gtmteknoloji.com\/b2b\/wp-json\/wp\/v2\/product"}],"about":[{"href":"https:\/\/gtmteknoloji.com\/b2b\/wp-json\/wp\/v2\/types\/product"}],"version-history":[{"count":1,"href":"https:\/\/gtmteknoloji.com\/b2b\/wp-json\/wp\/v2\/product\/9710\/revisions"}],"predecessor-version":[{"id":9733,"href":"https:\/\/gtmteknoloji.com\/b2b\/wp-json\/wp\/v2\/product\/9710\/revisions\/9733"}],"wp:featuredmedia":[{"embeddable":true,"href":"https:\/\/gtmteknoloji.com\/b2b\/wp-json\/wp\/v2\/media\/6275"}],"wp:attachment":[{"href":"https:\/\/gtmteknoloji.com\/b2b\/wp-json\/wp\/v2\/media?parent=9710"}],"wp:term":[{"taxonomy":"product_brand","embeddable":true,"href":"https:\/\/gtmteknoloji.com\/b2b\/wp-json\/wp\/v2\/product_brand?post=9710"},{"taxonomy":"product_cat","embeddable":true,"href":"https:\/\/gtmteknoloji.com\/b2b\/wp-json\/wp\/v2\/product_cat?post=9710"},{"taxonomy":"product_tag","embeddable":true,"href":"https:\/\/gtmteknoloji.com\/b2b\/wp-json\/wp\/v2\/product_tag?post=9710"}],"curies":[{"name":"wp","href":"https:\/\/api.w.org\/{rel}","templated":true}]}}