{"id":9739,"date":"2025-04-14T04:27:16","date_gmt":"2025-04-14T01:27:16","guid":{"rendered":"https:\/\/gtmteknoloji.com\/b2b\/?post_type=product&#038;p=9739"},"modified":"2026-04-22T17:32:16","modified_gmt":"2026-04-22T14:32:16","slug":"purley-4u-pedestal-gpu-server-for-hpc-ai-rendering-applications-up-to-5-x-nvidia-gpu","status":"publish","type":"product","link":"https:\/\/gtmteknoloji.com\/b2b\/magaza\/gpu-server\/purley-4u-pedestal-gpu-server-for-hpc-ai-rendering-applications-up-to-5-x-nvidia-gpu\/","title":{"rendered":"(EOL) Purley 4U Pedestal GPU Server for HPC, AI &amp; Rendering Applications, Up to 5 x Nvidia GPU"},"content":{"rendered":"<p>Teknik \u00d6zellikler<\/p>\n<table border=\"0\" cellspacing=\"0\" cellpadding=\"0\" align=\"center\">\n<tbody>\n<tr>\n<td><strong>Dimensions\u00a0<\/strong><\/td>\n<td>4U Pedestal \/ Rackmount<br \/>\n700 x 427 x 176 (D x W x H, mm)<\/td>\n<\/tr>\n<tr>\n<td><strong>CPU<\/strong><\/td>\n<td>2 x Intel\u00ae Xeon\u00ae Scalable\u00a0<strong>Skylake &amp; Cascade Lake<\/strong>\u00a0Platinum \/ Gold \/ Silver \/ Bronze Family Processors<br \/>\nCPU TDP up to 205W<br \/>\nUp to 10.4\/9.6 GT\/s with Intel UltraPath Interconnect (UPI) support<br \/>\nNOTE: If only 1 CPU is installed, some PCIe or memory functions might be unavailable<\/td>\n<\/tr>\n<tr>\n<td><strong>Socket<\/strong><\/td>\n<td>2 x LGA 3647<\/td>\n<\/tr>\n<tr>\n<td><strong>Chipset<\/strong><\/td>\n<td>Intel\u00ae C621 Express Chipset<\/td>\n<\/tr>\n<tr>\n<td><strong>Memory<\/strong><\/td>\n<td>\n<div>Supported DIMM: 12\u00a0x DIMM slots<\/div>\n<div>DIMM Type \/ Speed: DDR4 RDIMM\/RDIMM 3DS\/LRDIMM\/LRDIMM 3DS 2666MHz\/2933MHz<\/div>\n<div>Capacity: Up to 768GB RDIMM\/ 1,536GB LRDIMM\/ 3,072GB RDIMM 3DS\/LRDIMM 3DS *Follow latest Intel DDR4 Memory POR<\/div>\n<div>Memory Channel: 6 channels per CPU<\/div>\n<div>Memory Voltage: 1.2V<\/div>\n<\/td>\n<\/tr>\n<tr>\n<td><strong>LAN<\/strong><\/td>\n<td>\n<div>Port:\u00a02 x\u00a010GbE ports \/ 1 x\u00a0PHY<\/div>\n<div>Controller: Intel X550-AT2<\/div>\n<div>PHY: Realtek RTL8211E<\/div>\n<\/td>\n<\/tr>\n<tr>\n<td><strong>Video<\/strong><\/td>\n<td>\n<div>Connector type: D-Sub 15-pin<\/div>\n<div>Resolution: Up to 1920&#215;1200<\/div>\n<div>Chipset: Aspeed AST2500<\/div>\n<\/td>\n<\/tr>\n<tr>\n<td><strong>External Drive Bays<\/strong><\/td>\n<td>\n<div>Type: 3 x 5.25&#8243;\u00a0device bays for optic drives<br \/>\nType: 4 or 8 x 2.5&#8243;\/3.5&#8243; Hot-Swap HDD\/SSD bays\u00a0<strong>(4 for -100P SKU, 8 for -100A SKU)<\/strong><br \/>\nBackplane Support: SAS 6Gb\/s \/SATA 6Gb\/s<br \/>\nSupported HDD Interface: 4 or 8 x SATA 6Gb\/s<\/div>\n<\/td>\n<\/tr>\n<tr>\n<td><strong>Storage<\/strong><\/td>\n<td>\n<div><strong>PCIe NVMe M.2 Connector:<\/strong>\u00a02 x 22110\/2280 PCIe NVMe M.2\u00a0slots (SATA interfaces)<\/div>\n<div><strong>SATA Connector:<\/strong>\u00a02\u00a0x SATA-DOM<\/div>\n<div>Controller: Intel C621<\/div>\n<div>Speed: 6.0 Gb\/s<\/div>\n<div>RAID: S\/W RAID 0\/1\/10\/5 (Intel RSTe)<\/div>\n<div><strong>sSATA Connector:<\/strong>\u00a02 x Mini-SAS HD (8-ports)<\/div>\n<div>Controller: Intel C621<\/div>\n<div>Speed: 6.0 Gb\/s<\/div>\n<div>RAID: S\/W RAID 0\/1\/10\/5 (Intel RSTe)<\/div>\n<\/td>\n<\/tr>\n<tr>\n<td><strong>SAS<\/strong><\/td>\n<td>Supported via add-on SAS card in option (software or hardware RAID)<\/td>\n<\/tr>\n<tr>\n<td><strong>SATA<\/strong><\/td>\n<td>4 x SATA 6Gb\/s for -100P SKU<br \/>\n8 x SATA 6Gb\/s for -100A SKU<\/td>\n<\/tr>\n<tr>\n<td><strong>RAID<\/strong><\/td>\n<td>According to the RAID card option implemented<\/td>\n<\/tr>\n<tr>\n<td><strong>Expansion Slots<\/strong><\/td>\n<td>5 x PCIe Gen3 x16 slots (FH\/FL\/double-width) for NVIDIA Quadro\/Tesla GPU<br \/>\n1 x PCIe Gen3 x16 slot (FH\/FL\/single-width)<\/td>\n<\/tr>\n<tr>\n<td><strong>Front Panel<\/strong><\/td>\n<td>\n<div>Buttons: 1 x RST \/ 1\u00a0x\u00a0ID \/ 1 x\u00a0PWR w\/ LED<\/div>\n<div>LEDs: 1 x HDD \/ 2 x LAN \/ 1 x ID \/ 1 x System Event<\/div>\n<div>I\/O Ports: 2 x\u00a0USB 3.0 ports<\/div>\n<\/td>\n<\/tr>\n<tr>\n<td><strong>I\/O Ports<\/strong><\/td>\n<td>\n<div>USB: 2 x\u00a0USB3.0 ports (at rear) \/ 2\u00a0x\u00a0USB3.0 ports (at rear)<\/div>\n<div>COM: 1 x\u00a0DB-9 COM port<\/div>\n<div>VGA: 1 x\u00a0D-Sub 15-pin port<\/div>\n<div>RJ-45: 2 x10GbE ports, 1 x\u00a0PHY dedicated for IPMI<\/div>\n<\/td>\n<\/tr>\n<tr>\n<td><strong>TPM<\/strong><\/td>\n<td>1 x TPM header with LPC interface<br \/>\nOptional TPM 1.2\/2.0 kits available<\/td>\n<\/tr>\n<tr>\n<td><strong>Power Supply<\/strong><\/td>\n<td>\n<div>Type: Redundant PSU<\/div>\n<div>Input Range: AC 100-127V\/24A \/ AC 220-240V\/10A<\/div>\n<div>Output Watts: 1,968 Watts<\/div>\n<div>Efficiency: 80 plus Platinum<\/div>\n<div>Redundancy: 1+1<\/div>\n<\/td>\n<\/tr>\n<tr>\n<td><strong>System Monitoring<\/strong><\/td>\n<td>\n<div>Chipset: Aspeed AST2500<\/div>\n<div>Temperature: Monitors temperature for CPU &amp; memory &amp; system environment<\/div>\n<div>Voltage: Monitors voltage for CPU, memory, chipset &amp; power supply<\/div>\n<div>LED: Over temperature warning indicator \/ Fan &amp; PSU fail LED indicator<\/div>\n<div>Others: Watchdog timer support<\/div>\n<\/td>\n<\/tr>\n<tr>\n<td><strong>System Management<\/strong><\/td>\n<td>\n<div>Onboard Chipset Onboard: Aspeed AST2500<\/div>\n<div>AST2500 iKVM Features: IPMI 2.0 compliant baseboard management controller (BMC) \/ Supports storage over IP and remote platform-flash \/ USB 2.0 virtual hub<\/div>\n<div>AST2500 IPMI Features: 24-bit high quality video compression \/ 10\/100\/1000 Mb\/s MAC interface<\/div>\n<\/td>\n<\/tr>\n<tr>\n<td><strong>BIOS<\/strong><\/td>\n<td>\n<div>Brand \/ ROM Size: AMI \/ 32MB<\/div>\n<div>Features: Hardware Monitor \/ SMBIOS 3.0\/PnP\/Wake on LAN \/ Boot from USB device\/PXE via LAN\/Storage \/ User Configurable FAN PWM Duty Cycle \/ Console Redirection \/ ACPI sleeping states S4,S5 \/ ACPI 6.1<\/div>\n<\/td>\n<\/tr>\n<tr>\n<td><strong>OS Supported<\/strong><\/p>\n<p>(Contact us if you can&#8217;t find your OS version here)<\/td>\n<td>Win10 1709-Nov.<br \/>\nWindows Server 2012 R2 update<br \/>\nWindows Server 2016RHEL 6.9 X64<br \/>\nRHEL 7.4 x64<br \/>\nSLES 11 SP4 x64<br \/>\nSLES 12 x64<br \/>\nCentOS 7.4 1708 X64<br \/>\nFreeBSD 11.1 X64<br \/>\nUbuntu 17.04 X64<\/td>\n<\/tr>\n<tr>\n<td><strong>Weight<\/strong><\/td>\n<td>Gross Weight: 40 kg<br \/>\nNet Weight: 34 kg<\/td>\n<\/tr>\n<tr>\n<td><strong>Packaging Content<\/strong><\/td>\n<td>1 x PNYWKS45000000-100A (for NVIDIA Quadro GPU) or PNYWKS45000000-100P (for NVIDIA Tesla GPU)<br \/>\n1 x Quick installation guide<br \/>\n2 x CPU heatsinks<br \/>\n1 x CPU airduct<br \/>\n1 x GPU airduct<br \/>\n1 x Slide rail kit<br \/>\nGPU power cables<br \/>\nGPU holder brackets<br \/>\nPSU power cables<\/td>\n<\/tr>\n<tr>\n<td><strong>System Fans<\/strong><\/td>\n<td>3 x 12cm hot-swap fans for -100A SKU<br \/>\n6 x 12cm hot-swap fans for -100P SKU<\/td>\n<\/tr>\n<tr>\n<td><strong>Operating Properties<\/strong><\/td>\n<td>\n<div>Operating Temperature: 10\u00b0C ~ 35\u00b0C (50\u00b0F~ 95\u00b0F)<br \/>\nNon-operating Temperature: &#8211; 40\u00b0C ~ 70\u00b0C (-40\u00b0F ~ 158\u00b0F)<br \/>\nIn\/Non-operating Humidity: 90%, non-condensing at 35\u00b0C<br \/>\nContact us for details about operating temperature limitation using different GPUs<\/div>\n<\/td>\n<\/tr>\n<\/tbody>\n<\/table>\n","protected":false},"excerpt":{"rendered":"<h1><a href=\"https:\/\/gtmteknoloji.com\/teklif-talep\/\">TEKL\u0130F AL<\/a><\/h1>\n<h2>Purley 4U Pedestal GPU Server for HPC, AI &amp; Rendering Applications, Up to 5 x Nvidia GPU<\/h2>\n","protected":false},"featured_media":6304,"template":"","meta":[],"product_brand":[341],"product_cat":[1813],"product_tag":[2415,1796,1864,2404,2416,2417],"class_list":{"0":"post-9739","1":"product","2":"type-product","3":"status-publish","4":"has-post-thumbnail","6":"product_brand-pny-ekran-karti","7":"product_cat-gpu-server","8":"product_tag-ai-rendering-applications","9":"product_tag-gpu-server","10":"product_tag-hpc","11":"product_tag-pny-gpu-server","12":"product_tag-purley-4u-pedestal-gpu-server-for-hpc","13":"product_tag-up-to-5-x-nvidia-gpu","15":"first","16":"instock","17":"taxable","18":"shipping-taxable","19":"product-type-external"},"yoast_head":"<!-- This site is optimized with the Yoast SEO Premium plugin v27.4 (Yoast SEO v27.4) - https:\/\/yoast.com\/product\/yoast-seo-premium-wordpress\/ -->\n<title>(EOL) Purley 4U Pedestal GPU Server for HPC, AI &amp; Rendering Applications, Up to 5 x Nvidia GPU - GTM Teknoloji<\/title>\n<meta name=\"robots\" content=\"index, follow, max-snippet:-1, max-image-preview:large, max-video-preview:-1\" \/>\n<link rel=\"canonical\" href=\"https:\/\/gtmteknoloji.com\/b2b\/magaza\/gpu-server\/purley-4u-pedestal-gpu-server-for-hpc-ai-rendering-applications-up-to-5-x-nvidia-gpu\/\" \/>\n<meta property=\"og:locale\" content=\"tr_TR\" \/>\n<meta property=\"og:type\" content=\"article\" \/>\n<meta property=\"og:title\" content=\"(EOL) Purley 4U Pedestal GPU Server for HPC, AI &amp; Rendering Applications, Up to 5 x Nvidia GPU\" \/>\n<meta property=\"og:description\" content=\"TEKL\u0130F AL Purley 4U Pedestal GPU Server for HPC, AI &amp; Rendering Applications, Up to 5 x Nvidia GPU\" \/>\n<meta property=\"og:url\" content=\"https:\/\/gtmteknoloji.com\/b2b\/magaza\/gpu-server\/purley-4u-pedestal-gpu-server-for-hpc-ai-rendering-applications-up-to-5-x-nvidia-gpu\/\" \/>\n<meta property=\"og:site_name\" content=\"GTM Teknoloji\" \/>\n<meta property=\"article:publisher\" content=\"https:\/\/www.facebook.com\/SupermicroTurkiye\/?locale=tr_TR\" \/>\n<meta property=\"article:modified_time\" content=\"2026-04-22T14:32:16+00:00\" \/>\n<meta property=\"og:image\" content=\"https:\/\/gtmteknoloji.com\/b2b\/wp-content\/uploads\/2021\/01\/1032-20181001163155.png\" \/>\n\t<meta property=\"og:image:width\" content=\"432\" \/>\n\t<meta property=\"og:image:height\" content=\"432\" \/>\n\t<meta property=\"og:image:type\" content=\"image\/png\" \/>\n<meta name=\"twitter:card\" content=\"summary_large_image\" \/>\n<meta name=\"twitter:site\" content=\"@gtmteknoloji\" \/>\n<meta name=\"twitter:label1\" content=\"Fiyat\" \/>\n\t<meta name=\"twitter:data1\" content=\"\" \/>\n\t<meta name=\"twitter:label2\" content=\"Durumu\" \/>\n\t<meta name=\"twitter:data2\" content=\"Stokta var\" \/>\n<script type=\"application\/ld+json\" class=\"yoast-schema-graph\">{\"@context\":\"https:\\\/\\\/schema.org\",\"@graph\":[{\"@type\":\"WebPage\",\"@id\":\"https:\\\/\\\/gtmteknoloji.com\\\/b2b\\\/magaza\\\/gpu-server\\\/purley-4u-pedestal-gpu-server-for-hpc-ai-rendering-applications-up-to-5-x-nvidia-gpu\\\/\",\"url\":\"https:\\\/\\\/gtmteknoloji.com\\\/b2b\\\/magaza\\\/gpu-server\\\/purley-4u-pedestal-gpu-server-for-hpc-ai-rendering-applications-up-to-5-x-nvidia-gpu\\\/\",\"name\":\"(EOL) Purley 4U Pedestal GPU Server for HPC, AI &amp; Rendering Applications, Up to 5 x Nvidia GPU - GTM Teknoloji\",\"isPartOf\":{\"@id\":\"https:\\\/\\\/gtmteknoloji.com\\\/b2b\\\/#website\"},\"primaryImageOfPage\":{\"@id\":\"https:\\\/\\\/gtmteknoloji.com\\\/b2b\\\/magaza\\\/gpu-server\\\/purley-4u-pedestal-gpu-server-for-hpc-ai-rendering-applications-up-to-5-x-nvidia-gpu\\\/#primaryimage\"},\"image\":{\"@id\":\"https:\\\/\\\/gtmteknoloji.com\\\/b2b\\\/magaza\\\/gpu-server\\\/purley-4u-pedestal-gpu-server-for-hpc-ai-rendering-applications-up-to-5-x-nvidia-gpu\\\/#primaryimage\"},\"thumbnailUrl\":\"https:\\\/\\\/gtmteknoloji.com\\\/b2b\\\/wp-content\\\/uploads\\\/2021\\\/01\\\/1032-20181001163155.png\",\"datePublished\":\"2025-04-14T01:27:16+00:00\",\"dateModified\":\"2026-04-22T14:32:16+00:00\",\"breadcrumb\":{\"@id\":\"https:\\\/\\\/gtmteknoloji.com\\\/b2b\\\/magaza\\\/gpu-server\\\/purley-4u-pedestal-gpu-server-for-hpc-ai-rendering-applications-up-to-5-x-nvidia-gpu\\\/#breadcrumb\"},\"inLanguage\":\"tr\",\"potentialAction\":[{\"@type\":\"ReadAction\",\"target\":[\"https:\\\/\\\/gtmteknoloji.com\\\/b2b\\\/magaza\\\/gpu-server\\\/purley-4u-pedestal-gpu-server-for-hpc-ai-rendering-applications-up-to-5-x-nvidia-gpu\\\/\"]}]},{\"@type\":\"ImageObject\",\"inLanguage\":\"tr\",\"@id\":\"https:\\\/\\\/gtmteknoloji.com\\\/b2b\\\/magaza\\\/gpu-server\\\/purley-4u-pedestal-gpu-server-for-hpc-ai-rendering-applications-up-to-5-x-nvidia-gpu\\\/#primaryimage\",\"url\":\"https:\\\/\\\/gtmteknoloji.com\\\/b2b\\\/wp-content\\\/uploads\\\/2021\\\/01\\\/1032-20181001163155.png\",\"contentUrl\":\"https:\\\/\\\/gtmteknoloji.com\\\/b2b\\\/wp-content\\\/uploads\\\/2021\\\/01\\\/1032-20181001163155.png\",\"width\":432,\"height\":432},{\"@type\":\"BreadcrumbList\",\"@id\":\"https:\\\/\\\/gtmteknoloji.com\\\/b2b\\\/magaza\\\/gpu-server\\\/purley-4u-pedestal-gpu-server-for-hpc-ai-rendering-applications-up-to-5-x-nvidia-gpu\\\/#breadcrumb\",\"itemListElement\":[{\"@type\":\"ListItem\",\"position\":1,\"name\":\"Home\",\"item\":\"https:\\\/\\\/gtmteknoloji.com\\\/b2b\\\/\"},{\"@type\":\"ListItem\",\"position\":2,\"name\":\"Ma\u011faza\",\"item\":\"https:\\\/\\\/gtmteknoloji.com\\\/b2b\\\/magaza\\\/\"},{\"@type\":\"ListItem\",\"position\":3,\"name\":\"(EOL) Purley 4U Pedestal GPU Server for HPC, AI &amp; Rendering Applications, Up to 5 x Nvidia GPU\"}]},{\"@type\":\"WebSite\",\"@id\":\"https:\\\/\\\/gtmteknoloji.com\\\/b2b\\\/#website\",\"url\":\"https:\\\/\\\/gtmteknoloji.com\\\/b2b\\\/\",\"name\":\"GTM Teknoloji\",\"description\":\"B2B Sat\u0131\u015f Portal\u0131\",\"publisher\":{\"@id\":\"https:\\\/\\\/gtmteknoloji.com\\\/b2b\\\/#organization\"},\"potentialAction\":[{\"@type\":\"SearchAction\",\"target\":{\"@type\":\"EntryPoint\",\"urlTemplate\":\"https:\\\/\\\/gtmteknoloji.com\\\/b2b\\\/?s={search_term_string}\"},\"query-input\":{\"@type\":\"PropertyValueSpecification\",\"valueRequired\":true,\"valueName\":\"search_term_string\"}}],\"inLanguage\":\"tr\"},{\"@type\":\"Organization\",\"@id\":\"https:\\\/\\\/gtmteknoloji.com\\\/b2b\\\/#organization\",\"name\":\"GTM Teknoloji\",\"url\":\"https:\\\/\\\/gtmteknoloji.com\\\/b2b\\\/\",\"logo\":{\"@type\":\"ImageObject\",\"inLanguage\":\"tr\",\"@id\":\"https:\\\/\\\/gtmteknoloji.com\\\/b2b\\\/#\\\/schema\\\/logo\\\/image\\\/\",\"url\":\"https:\\\/\\\/gtmteknoloji.com\\\/b2b\\\/wp-content\\\/uploads\\\/2020\\\/12\\\/GTM-logo.png\",\"contentUrl\":\"https:\\\/\\\/gtmteknoloji.com\\\/b2b\\\/wp-content\\\/uploads\\\/2020\\\/12\\\/GTM-logo.png\",\"width\":400,\"height\":400,\"caption\":\"GTM Teknoloji\"},\"image\":{\"@id\":\"https:\\\/\\\/gtmteknoloji.com\\\/b2b\\\/#\\\/schema\\\/logo\\\/image\\\/\"},\"sameAs\":[\"https:\\\/\\\/www.facebook.com\\\/SupermicroTurkiye\\\/?locale=tr_TR\",\"https:\\\/\\\/x.com\\\/gtmteknoloji\"]}]}<\/script>\n<meta property=\"product:brand\" content=\"PNY\" \/>\n<meta property=\"product:price:currency\" content=\"USD\" \/>\n<meta property=\"og:availability\" content=\"instock\" \/>\n<meta property=\"product:availability\" content=\"instock\" \/>\n<meta property=\"product:condition\" content=\"new\" \/>\n<!-- \/ Yoast SEO Premium plugin. -->","yoast_head_json":{"title":"(EOL) Purley 4U Pedestal GPU Server for HPC, AI &amp; Rendering Applications, Up to 5 x Nvidia GPU - GTM Teknoloji","robots":{"index":"index","follow":"follow","max-snippet":"max-snippet:-1","max-image-preview":"max-image-preview:large","max-video-preview":"max-video-preview:-1"},"canonical":"https:\/\/gtmteknoloji.com\/b2b\/magaza\/gpu-server\/purley-4u-pedestal-gpu-server-for-hpc-ai-rendering-applications-up-to-5-x-nvidia-gpu\/","og_locale":"tr_TR","og_type":"article","og_title":"(EOL) Purley 4U Pedestal GPU Server for HPC, AI &amp; Rendering Applications, Up to 5 x Nvidia GPU","og_description":"TEKL\u0130F AL Purley 4U Pedestal GPU Server for HPC, AI &amp; Rendering Applications, Up to 5 x Nvidia GPU","og_url":"https:\/\/gtmteknoloji.com\/b2b\/magaza\/gpu-server\/purley-4u-pedestal-gpu-server-for-hpc-ai-rendering-applications-up-to-5-x-nvidia-gpu\/","og_site_name":"GTM Teknoloji","article_publisher":"https:\/\/www.facebook.com\/SupermicroTurkiye\/?locale=tr_TR","article_modified_time":"2026-04-22T14:32:16+00:00","og_image":[{"width":432,"height":432,"url":"https:\/\/gtmteknoloji.com\/b2b\/wp-content\/uploads\/2021\/01\/1032-20181001163155.png","type":"image\/png"}],"twitter_card":"summary_large_image","twitter_site":"@gtmteknoloji","twitter_misc":{"Fiyat":"","Durumu":"Stokta var"},"schema":{"@context":"https:\/\/schema.org","@graph":[{"@type":"WebPage","@id":"https:\/\/gtmteknoloji.com\/b2b\/magaza\/gpu-server\/purley-4u-pedestal-gpu-server-for-hpc-ai-rendering-applications-up-to-5-x-nvidia-gpu\/","url":"https:\/\/gtmteknoloji.com\/b2b\/magaza\/gpu-server\/purley-4u-pedestal-gpu-server-for-hpc-ai-rendering-applications-up-to-5-x-nvidia-gpu\/","name":"(EOL) Purley 4U Pedestal GPU Server for HPC, AI &amp; Rendering Applications, Up to 5 x Nvidia GPU - GTM Teknoloji","isPartOf":{"@id":"https:\/\/gtmteknoloji.com\/b2b\/#website"},"primaryImageOfPage":{"@id":"https:\/\/gtmteknoloji.com\/b2b\/magaza\/gpu-server\/purley-4u-pedestal-gpu-server-for-hpc-ai-rendering-applications-up-to-5-x-nvidia-gpu\/#primaryimage"},"image":{"@id":"https:\/\/gtmteknoloji.com\/b2b\/magaza\/gpu-server\/purley-4u-pedestal-gpu-server-for-hpc-ai-rendering-applications-up-to-5-x-nvidia-gpu\/#primaryimage"},"thumbnailUrl":"https:\/\/gtmteknoloji.com\/b2b\/wp-content\/uploads\/2021\/01\/1032-20181001163155.png","datePublished":"2025-04-14T01:27:16+00:00","dateModified":"2026-04-22T14:32:16+00:00","breadcrumb":{"@id":"https:\/\/gtmteknoloji.com\/b2b\/magaza\/gpu-server\/purley-4u-pedestal-gpu-server-for-hpc-ai-rendering-applications-up-to-5-x-nvidia-gpu\/#breadcrumb"},"inLanguage":"tr","potentialAction":[{"@type":"ReadAction","target":["https:\/\/gtmteknoloji.com\/b2b\/magaza\/gpu-server\/purley-4u-pedestal-gpu-server-for-hpc-ai-rendering-applications-up-to-5-x-nvidia-gpu\/"]}]},{"@type":"ImageObject","inLanguage":"tr","@id":"https:\/\/gtmteknoloji.com\/b2b\/magaza\/gpu-server\/purley-4u-pedestal-gpu-server-for-hpc-ai-rendering-applications-up-to-5-x-nvidia-gpu\/#primaryimage","url":"https:\/\/gtmteknoloji.com\/b2b\/wp-content\/uploads\/2021\/01\/1032-20181001163155.png","contentUrl":"https:\/\/gtmteknoloji.com\/b2b\/wp-content\/uploads\/2021\/01\/1032-20181001163155.png","width":432,"height":432},{"@type":"BreadcrumbList","@id":"https:\/\/gtmteknoloji.com\/b2b\/magaza\/gpu-server\/purley-4u-pedestal-gpu-server-for-hpc-ai-rendering-applications-up-to-5-x-nvidia-gpu\/#breadcrumb","itemListElement":[{"@type":"ListItem","position":1,"name":"Home","item":"https:\/\/gtmteknoloji.com\/b2b\/"},{"@type":"ListItem","position":2,"name":"Ma\u011faza","item":"https:\/\/gtmteknoloji.com\/b2b\/magaza\/"},{"@type":"ListItem","position":3,"name":"(EOL) Purley 4U Pedestal GPU Server for HPC, AI &amp; Rendering Applications, Up to 5 x Nvidia GPU"}]},{"@type":"WebSite","@id":"https:\/\/gtmteknoloji.com\/b2b\/#website","url":"https:\/\/gtmteknoloji.com\/b2b\/","name":"GTM Teknoloji","description":"B2B Sat\u0131\u015f Portal\u0131","publisher":{"@id":"https:\/\/gtmteknoloji.com\/b2b\/#organization"},"potentialAction":[{"@type":"SearchAction","target":{"@type":"EntryPoint","urlTemplate":"https:\/\/gtmteknoloji.com\/b2b\/?s={search_term_string}"},"query-input":{"@type":"PropertyValueSpecification","valueRequired":true,"valueName":"search_term_string"}}],"inLanguage":"tr"},{"@type":"Organization","@id":"https:\/\/gtmteknoloji.com\/b2b\/#organization","name":"GTM Teknoloji","url":"https:\/\/gtmteknoloji.com\/b2b\/","logo":{"@type":"ImageObject","inLanguage":"tr","@id":"https:\/\/gtmteknoloji.com\/b2b\/#\/schema\/logo\/image\/","url":"https:\/\/gtmteknoloji.com\/b2b\/wp-content\/uploads\/2020\/12\/GTM-logo.png","contentUrl":"https:\/\/gtmteknoloji.com\/b2b\/wp-content\/uploads\/2020\/12\/GTM-logo.png","width":400,"height":400,"caption":"GTM Teknoloji"},"image":{"@id":"https:\/\/gtmteknoloji.com\/b2b\/#\/schema\/logo\/image\/"},"sameAs":["https:\/\/www.facebook.com\/SupermicroTurkiye\/?locale=tr_TR","https:\/\/x.com\/gtmteknoloji"]}]},"product_brand":"PNY","product_price_currency":"USD","og_availability":"instock","product_availability":"instock","product_condition":"new"},"_links":{"self":[{"href":"https:\/\/gtmteknoloji.com\/b2b\/wp-json\/wp\/v2\/product\/9739","targetHints":{"allow":["GET"]}}],"collection":[{"href":"https:\/\/gtmteknoloji.com\/b2b\/wp-json\/wp\/v2\/product"}],"about":[{"href":"https:\/\/gtmteknoloji.com\/b2b\/wp-json\/wp\/v2\/types\/product"}],"version-history":[{"count":2,"href":"https:\/\/gtmteknoloji.com\/b2b\/wp-json\/wp\/v2\/product\/9739\/revisions"}],"predecessor-version":[{"id":12476,"href":"https:\/\/gtmteknoloji.com\/b2b\/wp-json\/wp\/v2\/product\/9739\/revisions\/12476"}],"wp:featuredmedia":[{"embeddable":true,"href":"https:\/\/gtmteknoloji.com\/b2b\/wp-json\/wp\/v2\/media\/6304"}],"wp:attachment":[{"href":"https:\/\/gtmteknoloji.com\/b2b\/wp-json\/wp\/v2\/media?parent=9739"}],"wp:term":[{"taxonomy":"product_brand","embeddable":true,"href":"https:\/\/gtmteknoloji.com\/b2b\/wp-json\/wp\/v2\/product_brand?post=9739"},{"taxonomy":"product_cat","embeddable":true,"href":"https:\/\/gtmteknoloji.com\/b2b\/wp-json\/wp\/v2\/product_cat?post=9739"},{"taxonomy":"product_tag","embeddable":true,"href":"https:\/\/gtmteknoloji.com\/b2b\/wp-json\/wp\/v2\/product_tag?post=9739"}],"curies":[{"name":"wp","href":"https:\/\/api.w.org\/{rel}","templated":true}]}}