{"id":9741,"date":"2025-04-14T04:27:16","date_gmt":"2025-04-14T01:27:16","guid":{"rendered":"https:\/\/gtmteknoloji.com\/b2b\/?post_type=product&#038;p=9741"},"modified":"2025-04-14T04:27:20","modified_gmt":"2025-04-14T01:27:20","slug":"ddn-ai7990","status":"publish","type":"product","link":"https:\/\/gtmteknoloji.com\/b2b\/magaza\/gpu-server\/ddn-ai7990\/","title":{"rendered":"DDN AI7990"},"content":{"rendered":"<h1>Teknik \u00d6zellikler<\/h1>\n<p><strong>System Features<\/strong><\/p>\n<p>High performance GPU-optimized parallel file system<br \/>\nSequential read performance up to 24GB\/s<br \/>\nSequential write performance up to 20GB\/s<br \/>\nUp to 800K IOPs per appliance<\/p>\n<p><strong>Controller Host Ports per Appliance<\/strong><\/p>\n<p>4 x EDR\/HDR100* InfiniBand or 100 GbE<\/p>\n<p><strong>Drive Support<\/strong><\/p>\n<p>Enterprise-grade HDDs (data) and SSDs (metadata)<br \/>\n1PB, 2PB, 4 PB useable capacity configurations<\/p>\n<p><strong>Standard Software Features<\/strong><\/p>\n<p>High performance parallel file system, LUN mapping and masking, intelligent write striping, read QoS, port zoning detection, data integrity check\/correction, interface options (SSH to CLI, web-based GUI, Python API), state change messages (via e-mail, SNMP trap and syslog).<\/p>\n<p><strong>Safety<\/strong><\/p>\n<p>Agency Certifications Ul, cUl, CE, FC<\/p>\n","protected":false},"excerpt":{"rendered":"<h1><a href=\"https:\/\/gtmteknoloji.com\/teklif-talep\/\">TEKL\u0130F AL<\/a><\/h1>\n<p>DDN AI7990X, y\u00fcksek yo\u011funluklu bir sistemde performans fla\u015f\u0131 ve b\u00fcy\u00fck kapasiteli diskin birbirine kar\u0131\u015ft\u0131r\u0131lmas\u0131na olanak tan\u0131yan nihai esneklik i\u00e7in hibrit bir depolama cihaz\u0131d\u0131r.\u00a0AI7990X cihaz\u0131ndaki \u00e7ift aktif denetleyiciler, d\u00f6rt EDR \/ HDR100 IB veya 100GbE ba\u011flant\u0131 noktas\u0131 arac\u0131l\u0131\u011f\u0131yla istemcilere 24 GB \/ sn&#8217;ye kadar ve 800 K IOPS sa\u011flar.<\/p>\n","protected":false},"featured_media":6314,"template":"","meta":[],"product_brand":[341],"product_cat":[1813],"product_tag":[2421,2419,2420],"class_list":{"0":"post-9741","1":"product","2":"type-product","3":"status-publish","4":"has-post-thumbnail","6":"product_brand-pny","7":"product_cat-gpu-server","8":"product_tag-ddn-ai7990","9":"product_tag-pny-ai-storage-server","10":"product_tag-pny-server","12":"first","13":"instock","14":"taxable","15":"shipping-taxable","16":"product-type-external"},"yoast_head":"<!-- This site is optimized with the Yoast SEO Premium plugin v26.8 (Yoast SEO v26.8) - https:\/\/yoast.com\/product\/yoast-seo-premium-wordpress\/ -->\n<title>DDN AI7990 - GTM Teknoloji<\/title>\n<meta name=\"robots\" content=\"index, follow, max-snippet:-1, max-image-preview:large, max-video-preview:-1\" \/>\n<link rel=\"canonical\" href=\"https:\/\/gtmteknoloji.com\/b2b\/magaza\/gpu-server\/ddn-ai7990\/\" \/>\n<meta property=\"og:locale\" content=\"tr_TR\" \/>\n<meta property=\"og:type\" content=\"article\" \/>\n<meta property=\"og:title\" content=\"DDN AI7990\" \/>\n<meta property=\"og:description\" content=\"TEKL\u0130F AL DDN AI7990X, y\u00fcksek yo\u011funluklu bir sistemde performans fla\u015f\u0131 ve b\u00fcy\u00fck kapasiteli diskin birbirine kar\u0131\u015ft\u0131r\u0131lmas\u0131na olanak tan\u0131yan nihai esneklik i\u00e7in hibrit bir depolama cihaz\u0131d\u0131r.\u00a0AI7990X cihaz\u0131ndaki \u00e7ift aktif denetleyiciler, d\u00f6rt EDR \/ HDR100 IB veya 100GbE ba\u011flant\u0131 noktas\u0131 arac\u0131l\u0131\u011f\u0131yla istemcilere 24 GB \/ sn&#039;ye kadar ve 800 K IOPS sa\u011flar.\" \/>\n<meta property=\"og:url\" content=\"https:\/\/gtmteknoloji.com\/b2b\/magaza\/gpu-server\/ddn-ai7990\/\" \/>\n<meta property=\"og:site_name\" content=\"GTM Teknoloji\" \/>\n<meta property=\"article:publisher\" content=\"https:\/\/www.facebook.com\/SupermicroTurkiye\/?locale=tr_TR\" \/>\n<meta property=\"article:modified_time\" content=\"2025-04-14T01:27:20+00:00\" \/>\n<meta property=\"og:image\" content=\"https:\/\/gtmteknoloji.com\/b2b\/wp-content\/uploads\/2021\/01\/1112-20200731145102.png\" \/>\n\t<meta property=\"og:image:width\" content=\"432\" \/>\n\t<meta property=\"og:image:height\" content=\"432\" \/>\n\t<meta property=\"og:image:type\" content=\"image\/png\" \/>\n<meta name=\"twitter:card\" content=\"summary_large_image\" \/>\n<meta name=\"twitter:site\" content=\"@gtmteknoloji\" \/>\n<meta name=\"twitter:label1\" content=\"Fiyat\" \/>\n\t<meta name=\"twitter:data1\" content=\"\" \/>\n\t<meta name=\"twitter:label2\" content=\"Durumu\" \/>\n\t<meta name=\"twitter:data2\" content=\"Stokta var\" \/>\n<script type=\"application\/ld+json\" class=\"yoast-schema-graph\">{\"@context\":\"https:\/\/schema.org\",\"@graph\":[{\"@type\":\"WebPage\",\"@id\":\"https:\/\/gtmteknoloji.com\/b2b\/magaza\/gpu-server\/ddn-ai7990\/\",\"url\":\"https:\/\/gtmteknoloji.com\/b2b\/magaza\/gpu-server\/ddn-ai7990\/\",\"name\":\"DDN AI7990 - GTM Teknoloji\",\"isPartOf\":{\"@id\":\"https:\/\/gtmteknoloji.com\/b2b\/#website\"},\"primaryImageOfPage\":{\"@id\":\"https:\/\/gtmteknoloji.com\/b2b\/magaza\/gpu-server\/ddn-ai7990\/#primaryimage\"},\"image\":{\"@id\":\"https:\/\/gtmteknoloji.com\/b2b\/magaza\/gpu-server\/ddn-ai7990\/#primaryimage\"},\"thumbnailUrl\":\"https:\/\/gtmteknoloji.com\/b2b\/wp-content\/uploads\/2021\/01\/1112-20200731145102.png\",\"datePublished\":\"2025-04-14T01:27:16+00:00\",\"dateModified\":\"2025-04-14T01:27:20+00:00\",\"breadcrumb\":{\"@id\":\"https:\/\/gtmteknoloji.com\/b2b\/magaza\/gpu-server\/ddn-ai7990\/#breadcrumb\"},\"inLanguage\":\"tr\",\"potentialAction\":[{\"@type\":\"ReadAction\",\"target\":[\"https:\/\/gtmteknoloji.com\/b2b\/magaza\/gpu-server\/ddn-ai7990\/\"]}]},{\"@type\":\"ImageObject\",\"inLanguage\":\"tr\",\"@id\":\"https:\/\/gtmteknoloji.com\/b2b\/magaza\/gpu-server\/ddn-ai7990\/#primaryimage\",\"url\":\"https:\/\/gtmteknoloji.com\/b2b\/wp-content\/uploads\/2021\/01\/1112-20200731145102.png\",\"contentUrl\":\"https:\/\/gtmteknoloji.com\/b2b\/wp-content\/uploads\/2021\/01\/1112-20200731145102.png\",\"width\":432,\"height\":432},{\"@type\":\"BreadcrumbList\",\"@id\":\"https:\/\/gtmteknoloji.com\/b2b\/magaza\/gpu-server\/ddn-ai7990\/#breadcrumb\",\"itemListElement\":[{\"@type\":\"ListItem\",\"position\":1,\"name\":\"Home\",\"item\":\"https:\/\/gtmteknoloji.com\/b2b\/\"},{\"@type\":\"ListItem\",\"position\":2,\"name\":\"Ma\u011faza\",\"item\":\"https:\/\/gtmteknoloji.com\/b2b\/magaza\/\"},{\"@type\":\"ListItem\",\"position\":3,\"name\":\"DDN AI7990\"}]},{\"@type\":\"WebSite\",\"@id\":\"https:\/\/gtmteknoloji.com\/b2b\/#website\",\"url\":\"https:\/\/gtmteknoloji.com\/b2b\/\",\"name\":\"GTM Teknoloji\",\"description\":\"B2B Sat\u0131\u015f Portal\u0131\",\"publisher\":{\"@id\":\"https:\/\/gtmteknoloji.com\/b2b\/#organization\"},\"potentialAction\":[{\"@type\":\"SearchAction\",\"target\":{\"@type\":\"EntryPoint\",\"urlTemplate\":\"https:\/\/gtmteknoloji.com\/b2b\/?s={search_term_string}\"},\"query-input\":{\"@type\":\"PropertyValueSpecification\",\"valueRequired\":true,\"valueName\":\"search_term_string\"}}],\"inLanguage\":\"tr\"},{\"@type\":\"Organization\",\"@id\":\"https:\/\/gtmteknoloji.com\/b2b\/#organization\",\"name\":\"GTM Teknoloji\",\"url\":\"https:\/\/gtmteknoloji.com\/b2b\/\",\"logo\":{\"@type\":\"ImageObject\",\"inLanguage\":\"tr\",\"@id\":\"https:\/\/gtmteknoloji.com\/b2b\/#\/schema\/logo\/image\/\",\"url\":\"https:\/\/gtmteknoloji.com\/b2b\/wp-content\/uploads\/2020\/12\/GTM-logo.png\",\"contentUrl\":\"https:\/\/gtmteknoloji.com\/b2b\/wp-content\/uploads\/2020\/12\/GTM-logo.png\",\"width\":400,\"height\":400,\"caption\":\"GTM Teknoloji\"},\"image\":{\"@id\":\"https:\/\/gtmteknoloji.com\/b2b\/#\/schema\/logo\/image\/\"},\"sameAs\":[\"https:\/\/www.facebook.com\/SupermicroTurkiye\/?locale=tr_TR\",\"https:\/\/x.com\/gtmteknoloji\"]}]}<\/script>\n<meta property=\"product:brand\" content=\"PNY\" \/>\n<meta property=\"product:price:currency\" content=\"USD\" \/>\n<meta property=\"og:availability\" content=\"instock\" \/>\n<meta property=\"product:availability\" content=\"instock\" \/>\n<meta property=\"product:condition\" content=\"new\" \/>\n<!-- \/ Yoast SEO Premium plugin. -->","yoast_head_json":{"title":"DDN AI7990 - GTM Teknoloji","robots":{"index":"index","follow":"follow","max-snippet":"max-snippet:-1","max-image-preview":"max-image-preview:large","max-video-preview":"max-video-preview:-1"},"canonical":"https:\/\/gtmteknoloji.com\/b2b\/magaza\/gpu-server\/ddn-ai7990\/","og_locale":"tr_TR","og_type":"article","og_title":"DDN AI7990","og_description":"TEKL\u0130F AL DDN AI7990X, y\u00fcksek yo\u011funluklu bir sistemde performans fla\u015f\u0131 ve b\u00fcy\u00fck kapasiteli diskin birbirine kar\u0131\u015ft\u0131r\u0131lmas\u0131na olanak tan\u0131yan nihai esneklik i\u00e7in hibrit bir depolama cihaz\u0131d\u0131r.\u00a0AI7990X cihaz\u0131ndaki \u00e7ift aktif denetleyiciler, d\u00f6rt EDR \/ HDR100 IB veya 100GbE ba\u011flant\u0131 noktas\u0131 arac\u0131l\u0131\u011f\u0131yla istemcilere 24 GB \/ sn'ye kadar ve 800 K IOPS sa\u011flar.","og_url":"https:\/\/gtmteknoloji.com\/b2b\/magaza\/gpu-server\/ddn-ai7990\/","og_site_name":"GTM Teknoloji","article_publisher":"https:\/\/www.facebook.com\/SupermicroTurkiye\/?locale=tr_TR","article_modified_time":"2025-04-14T01:27:20+00:00","og_image":[{"width":432,"height":432,"url":"https:\/\/gtmteknoloji.com\/b2b\/wp-content\/uploads\/2021\/01\/1112-20200731145102.png","type":"image\/png"}],"twitter_card":"summary_large_image","twitter_site":"@gtmteknoloji","twitter_misc":{"Fiyat":"","Durumu":"Stokta var"},"schema":{"@context":"https:\/\/schema.org","@graph":[{"@type":"WebPage","@id":"https:\/\/gtmteknoloji.com\/b2b\/magaza\/gpu-server\/ddn-ai7990\/","url":"https:\/\/gtmteknoloji.com\/b2b\/magaza\/gpu-server\/ddn-ai7990\/","name":"DDN AI7990 - GTM Teknoloji","isPartOf":{"@id":"https:\/\/gtmteknoloji.com\/b2b\/#website"},"primaryImageOfPage":{"@id":"https:\/\/gtmteknoloji.com\/b2b\/magaza\/gpu-server\/ddn-ai7990\/#primaryimage"},"image":{"@id":"https:\/\/gtmteknoloji.com\/b2b\/magaza\/gpu-server\/ddn-ai7990\/#primaryimage"},"thumbnailUrl":"https:\/\/gtmteknoloji.com\/b2b\/wp-content\/uploads\/2021\/01\/1112-20200731145102.png","datePublished":"2025-04-14T01:27:16+00:00","dateModified":"2025-04-14T01:27:20+00:00","breadcrumb":{"@id":"https:\/\/gtmteknoloji.com\/b2b\/magaza\/gpu-server\/ddn-ai7990\/#breadcrumb"},"inLanguage":"tr","potentialAction":[{"@type":"ReadAction","target":["https:\/\/gtmteknoloji.com\/b2b\/magaza\/gpu-server\/ddn-ai7990\/"]}]},{"@type":"ImageObject","inLanguage":"tr","@id":"https:\/\/gtmteknoloji.com\/b2b\/magaza\/gpu-server\/ddn-ai7990\/#primaryimage","url":"https:\/\/gtmteknoloji.com\/b2b\/wp-content\/uploads\/2021\/01\/1112-20200731145102.png","contentUrl":"https:\/\/gtmteknoloji.com\/b2b\/wp-content\/uploads\/2021\/01\/1112-20200731145102.png","width":432,"height":432},{"@type":"BreadcrumbList","@id":"https:\/\/gtmteknoloji.com\/b2b\/magaza\/gpu-server\/ddn-ai7990\/#breadcrumb","itemListElement":[{"@type":"ListItem","position":1,"name":"Home","item":"https:\/\/gtmteknoloji.com\/b2b\/"},{"@type":"ListItem","position":2,"name":"Ma\u011faza","item":"https:\/\/gtmteknoloji.com\/b2b\/magaza\/"},{"@type":"ListItem","position":3,"name":"DDN AI7990"}]},{"@type":"WebSite","@id":"https:\/\/gtmteknoloji.com\/b2b\/#website","url":"https:\/\/gtmteknoloji.com\/b2b\/","name":"GTM Teknoloji","description":"B2B Sat\u0131\u015f Portal\u0131","publisher":{"@id":"https:\/\/gtmteknoloji.com\/b2b\/#organization"},"potentialAction":[{"@type":"SearchAction","target":{"@type":"EntryPoint","urlTemplate":"https:\/\/gtmteknoloji.com\/b2b\/?s={search_term_string}"},"query-input":{"@type":"PropertyValueSpecification","valueRequired":true,"valueName":"search_term_string"}}],"inLanguage":"tr"},{"@type":"Organization","@id":"https:\/\/gtmteknoloji.com\/b2b\/#organization","name":"GTM Teknoloji","url":"https:\/\/gtmteknoloji.com\/b2b\/","logo":{"@type":"ImageObject","inLanguage":"tr","@id":"https:\/\/gtmteknoloji.com\/b2b\/#\/schema\/logo\/image\/","url":"https:\/\/gtmteknoloji.com\/b2b\/wp-content\/uploads\/2020\/12\/GTM-logo.png","contentUrl":"https:\/\/gtmteknoloji.com\/b2b\/wp-content\/uploads\/2020\/12\/GTM-logo.png","width":400,"height":400,"caption":"GTM Teknoloji"},"image":{"@id":"https:\/\/gtmteknoloji.com\/b2b\/#\/schema\/logo\/image\/"},"sameAs":["https:\/\/www.facebook.com\/SupermicroTurkiye\/?locale=tr_TR","https:\/\/x.com\/gtmteknoloji"]}]},"product_brand":"PNY","product_price_currency":"USD","og_availability":"instock","product_availability":"instock","product_condition":"new"},"_links":{"self":[{"href":"https:\/\/gtmteknoloji.com\/b2b\/wp-json\/wp\/v2\/product\/9741","targetHints":{"allow":["GET"]}}],"collection":[{"href":"https:\/\/gtmteknoloji.com\/b2b\/wp-json\/wp\/v2\/product"}],"about":[{"href":"https:\/\/gtmteknoloji.com\/b2b\/wp-json\/wp\/v2\/types\/product"}],"version-history":[{"count":1,"href":"https:\/\/gtmteknoloji.com\/b2b\/wp-json\/wp\/v2\/product\/9741\/revisions"}],"predecessor-version":[{"id":9771,"href":"https:\/\/gtmteknoloji.com\/b2b\/wp-json\/wp\/v2\/product\/9741\/revisions\/9771"}],"wp:featuredmedia":[{"embeddable":true,"href":"https:\/\/gtmteknoloji.com\/b2b\/wp-json\/wp\/v2\/media\/6314"}],"wp:attachment":[{"href":"https:\/\/gtmteknoloji.com\/b2b\/wp-json\/wp\/v2\/media?parent=9741"}],"wp:term":[{"taxonomy":"product_brand","embeddable":true,"href":"https:\/\/gtmteknoloji.com\/b2b\/wp-json\/wp\/v2\/product_brand?post=9741"},{"taxonomy":"product_cat","embeddable":true,"href":"https:\/\/gtmteknoloji.com\/b2b\/wp-json\/wp\/v2\/product_cat?post=9741"},{"taxonomy":"product_tag","embeddable":true,"href":"https:\/\/gtmteknoloji.com\/b2b\/wp-json\/wp\/v2\/product_tag?post=9741"}],"curies":[{"name":"wp","href":"https:\/\/api.w.org\/{rel}","templated":true}]}}