{"id":9742,"date":"2025-04-14T04:27:16","date_gmt":"2025-04-14T01:27:16","guid":{"rendered":"https:\/\/gtmteknoloji.com\/b2b\/?post_type=product&#038;p=9742"},"modified":"2026-04-22T17:30:20","modified_gmt":"2026-04-22T14:30:20","slug":"ddn-ai400","status":"publish","type":"product","link":"https:\/\/gtmteknoloji.com\/b2b\/magaza\/storage\/ddn-ai400\/","title":{"rendered":"DDN AI400 (EOL)"},"content":{"rendered":"<h1>Teknik \u00d6zellikler<\/h1>\n<p><strong>System Features<\/strong><\/p>\n<p>High performance GPU-optimized parallel file system<br \/>\nSequential read performance up to 48GB\/s<br \/>\nSequential write performance up to 30GB\/s<br \/>\nUp to 3M IOPs per appliance<\/p>\n<p><strong>Controller Host Ports per Appliance<\/strong><\/p>\n<p>8 x EDR\/HDR100* InfiniBand or 100 GbE<\/p>\n<p><strong>Drive Support<\/strong><\/p>\n<p>2.5\u201d dual port NVMe drives<br \/>\n32TB, 64TB, 128TB, 256TB useable capacity configurations<\/p>\n<p><strong>Standard Software Features<\/strong>High performance parallel file system, LUN mapping and masking, intelligent write striping, read QoS, port zoning detection, data integrity check\/correction, interface options (SSH to CLI, web-based GUI, Python API), state change messages (via e-mail, SNMP trap and syslog).<\/p>\n<p><strong>Safety<\/strong><br \/>\nAgency Certifications Ul, cUl, CE, FC<\/p>\n<p>&nbsp;<\/p>\n","protected":false},"excerpt":{"rendered":"<h1><a href=\"https:\/\/gtmteknoloji.com\/teklif-talep\/\">TEKL\u0130F AL<\/a><\/h1>\n<p>DDN AI400X, t\u00fcm \u00f6l\u00e7ekte AI i\u015f ak\u0131\u015flar\u0131 i\u00e7in en h\u0131zl\u0131 performans\u0131 sunan, tamam\u0131 NVME flash arac\u0131d\u0131r.\u00a0\u00c7ift aktif denetleyiciler, sekiz EDR \/ HDR100 IB veya 100GbE ba\u011flant\u0131 noktas\u0131 arac\u0131l\u0131\u011f\u0131yla istemcilere 48 GB \/ sn&#8217;ye kadar ve 3M IOPS sa\u011flar.\u00a0DDN AI400X, i\u015f y\u00fcklerini her yerde t\u00fcm veriler \u00fczerinde \u00e7al\u0131\u015ft\u0131rman\u0131za ve en zorlu i\u015f ak\u0131\u015flar\u0131n\u0131z\u0131 ve uygulamalar\u0131n\u0131z\u0131 h\u0131zland\u0131rman\u0131za olanak tan\u0131r.<\/p>\n<p>AI400X, 4 konfig\u00fcrasyonda ba\u015flar: 32TB, 64TB, 128TB, 256TB.<\/p>\n","protected":false},"featured_media":6316,"template":"","meta":[],"product_brand":[341],"product_cat":[1928,1743],"product_tag":[2422,2419,2420],"class_list":{"0":"post-9742","1":"product","2":"type-product","3":"status-publish","4":"has-post-thumbnail","6":"product_brand-pny-ekran-karti","7":"product_cat-all-flash","8":"product_cat-storage","9":"product_tag-ddn-ai400","10":"product_tag-pny-ai-storage-server","11":"product_tag-pny-server","13":"first","14":"instock","15":"taxable","16":"shipping-taxable","17":"product-type-external"},"yoast_head":"<!-- This site is optimized with the Yoast SEO Premium plugin v27.4 (Yoast SEO v27.4) - https:\/\/yoast.com\/product\/yoast-seo-premium-wordpress\/ -->\n<title>DDN AI400 (EOL) - GTM Teknoloji<\/title>\n<meta name=\"robots\" content=\"index, follow, max-snippet:-1, max-image-preview:large, max-video-preview:-1\" \/>\n<link rel=\"canonical\" href=\"https:\/\/gtmteknoloji.com\/b2b\/magaza\/storage\/ddn-ai400\/\" \/>\n<meta property=\"og:locale\" content=\"tr_TR\" \/>\n<meta property=\"og:type\" content=\"article\" \/>\n<meta property=\"og:title\" content=\"DDN AI400 (EOL)\" \/>\n<meta property=\"og:description\" content=\"TEKL\u0130F AL DDN AI400X, t\u00fcm \u00f6l\u00e7ekte AI i\u015f ak\u0131\u015flar\u0131 i\u00e7in en h\u0131zl\u0131 performans\u0131 sunan, tamam\u0131 NVME flash arac\u0131d\u0131r.\u00a0\u00c7ift aktif denetleyiciler, sekiz EDR \/ HDR100 IB veya 100GbE ba\u011flant\u0131 noktas\u0131 arac\u0131l\u0131\u011f\u0131yla istemcilere 48 GB \/ sn&#039;ye kadar ve 3M IOPS sa\u011flar.\u00a0DDN AI400X, i\u015f y\u00fcklerini her yerde t\u00fcm veriler \u00fczerinde \u00e7al\u0131\u015ft\u0131rman\u0131za ve en zorlu i\u015f ak\u0131\u015flar\u0131n\u0131z\u0131 ve uygulamalar\u0131n\u0131z\u0131 h\u0131zland\u0131rman\u0131za olanak tan\u0131r.  AI400X, 4 konfig\u00fcrasyonda ba\u015flar: 32TB, 64TB, 128TB, 256TB.\" \/>\n<meta property=\"og:url\" content=\"https:\/\/gtmteknoloji.com\/b2b\/magaza\/storage\/ddn-ai400\/\" \/>\n<meta property=\"og:site_name\" content=\"GTM Teknoloji\" \/>\n<meta property=\"article:publisher\" content=\"https:\/\/www.facebook.com\/SupermicroTurkiye\/?locale=tr_TR\" \/>\n<meta property=\"article:modified_time\" content=\"2026-04-22T14:30:20+00:00\" \/>\n<meta property=\"og:image\" content=\"https:\/\/gtmteknoloji.com\/b2b\/wp-content\/uploads\/2021\/01\/1111-20200731161224.png\" \/>\n\t<meta property=\"og:image:width\" content=\"432\" \/>\n\t<meta property=\"og:image:height\" content=\"432\" \/>\n\t<meta property=\"og:image:type\" content=\"image\/png\" \/>\n<meta name=\"twitter:card\" content=\"summary_large_image\" \/>\n<meta name=\"twitter:site\" content=\"@gtmteknoloji\" \/>\n<meta name=\"twitter:label1\" content=\"Fiyat\" \/>\n\t<meta name=\"twitter:data1\" content=\"\" \/>\n\t<meta name=\"twitter:label2\" content=\"Durumu\" \/>\n\t<meta name=\"twitter:data2\" content=\"Stokta var\" \/>\n<script type=\"application\/ld+json\" class=\"yoast-schema-graph\">{\"@context\":\"https:\\\/\\\/schema.org\",\"@graph\":[{\"@type\":\"WebPage\",\"@id\":\"https:\\\/\\\/gtmteknoloji.com\\\/b2b\\\/magaza\\\/storage\\\/ddn-ai400\\\/\",\"url\":\"https:\\\/\\\/gtmteknoloji.com\\\/b2b\\\/magaza\\\/storage\\\/ddn-ai400\\\/\",\"name\":\"DDN AI400 (EOL) - GTM Teknoloji\",\"isPartOf\":{\"@id\":\"https:\\\/\\\/gtmteknoloji.com\\\/b2b\\\/#website\"},\"primaryImageOfPage\":{\"@id\":\"https:\\\/\\\/gtmteknoloji.com\\\/b2b\\\/magaza\\\/storage\\\/ddn-ai400\\\/#primaryimage\"},\"image\":{\"@id\":\"https:\\\/\\\/gtmteknoloji.com\\\/b2b\\\/magaza\\\/storage\\\/ddn-ai400\\\/#primaryimage\"},\"thumbnailUrl\":\"https:\\\/\\\/gtmteknoloji.com\\\/b2b\\\/wp-content\\\/uploads\\\/2021\\\/01\\\/1111-20200731161224.png\",\"datePublished\":\"2025-04-14T01:27:16+00:00\",\"dateModified\":\"2026-04-22T14:30:20+00:00\",\"breadcrumb\":{\"@id\":\"https:\\\/\\\/gtmteknoloji.com\\\/b2b\\\/magaza\\\/storage\\\/ddn-ai400\\\/#breadcrumb\"},\"inLanguage\":\"tr\",\"potentialAction\":[{\"@type\":\"ReadAction\",\"target\":[\"https:\\\/\\\/gtmteknoloji.com\\\/b2b\\\/magaza\\\/storage\\\/ddn-ai400\\\/\"]}]},{\"@type\":\"ImageObject\",\"inLanguage\":\"tr\",\"@id\":\"https:\\\/\\\/gtmteknoloji.com\\\/b2b\\\/magaza\\\/storage\\\/ddn-ai400\\\/#primaryimage\",\"url\":\"https:\\\/\\\/gtmteknoloji.com\\\/b2b\\\/wp-content\\\/uploads\\\/2021\\\/01\\\/1111-20200731161224.png\",\"contentUrl\":\"https:\\\/\\\/gtmteknoloji.com\\\/b2b\\\/wp-content\\\/uploads\\\/2021\\\/01\\\/1111-20200731161224.png\",\"width\":432,\"height\":432},{\"@type\":\"BreadcrumbList\",\"@id\":\"https:\\\/\\\/gtmteknoloji.com\\\/b2b\\\/magaza\\\/storage\\\/ddn-ai400\\\/#breadcrumb\",\"itemListElement\":[{\"@type\":\"ListItem\",\"position\":1,\"name\":\"Home\",\"item\":\"https:\\\/\\\/gtmteknoloji.com\\\/b2b\\\/\"},{\"@type\":\"ListItem\",\"position\":2,\"name\":\"Ma\u011faza\",\"item\":\"https:\\\/\\\/gtmteknoloji.com\\\/b2b\\\/magaza\\\/\"},{\"@type\":\"ListItem\",\"position\":3,\"name\":\"DDN AI400 (EOL)\"}]},{\"@type\":\"WebSite\",\"@id\":\"https:\\\/\\\/gtmteknoloji.com\\\/b2b\\\/#website\",\"url\":\"https:\\\/\\\/gtmteknoloji.com\\\/b2b\\\/\",\"name\":\"GTM Teknoloji\",\"description\":\"B2B Sat\u0131\u015f Portal\u0131\",\"publisher\":{\"@id\":\"https:\\\/\\\/gtmteknoloji.com\\\/b2b\\\/#organization\"},\"potentialAction\":[{\"@type\":\"SearchAction\",\"target\":{\"@type\":\"EntryPoint\",\"urlTemplate\":\"https:\\\/\\\/gtmteknoloji.com\\\/b2b\\\/?s={search_term_string}\"},\"query-input\":{\"@type\":\"PropertyValueSpecification\",\"valueRequired\":true,\"valueName\":\"search_term_string\"}}],\"inLanguage\":\"tr\"},{\"@type\":\"Organization\",\"@id\":\"https:\\\/\\\/gtmteknoloji.com\\\/b2b\\\/#organization\",\"name\":\"GTM Teknoloji\",\"url\":\"https:\\\/\\\/gtmteknoloji.com\\\/b2b\\\/\",\"logo\":{\"@type\":\"ImageObject\",\"inLanguage\":\"tr\",\"@id\":\"https:\\\/\\\/gtmteknoloji.com\\\/b2b\\\/#\\\/schema\\\/logo\\\/image\\\/\",\"url\":\"https:\\\/\\\/gtmteknoloji.com\\\/b2b\\\/wp-content\\\/uploads\\\/2020\\\/12\\\/GTM-logo.png\",\"contentUrl\":\"https:\\\/\\\/gtmteknoloji.com\\\/b2b\\\/wp-content\\\/uploads\\\/2020\\\/12\\\/GTM-logo.png\",\"width\":400,\"height\":400,\"caption\":\"GTM Teknoloji\"},\"image\":{\"@id\":\"https:\\\/\\\/gtmteknoloji.com\\\/b2b\\\/#\\\/schema\\\/logo\\\/image\\\/\"},\"sameAs\":[\"https:\\\/\\\/www.facebook.com\\\/SupermicroTurkiye\\\/?locale=tr_TR\",\"https:\\\/\\\/x.com\\\/gtmteknoloji\"]}]}<\/script>\n<meta property=\"product:brand\" content=\"PNY\" \/>\n<meta property=\"product:price:currency\" content=\"USD\" \/>\n<meta property=\"og:availability\" content=\"instock\" \/>\n<meta property=\"product:availability\" content=\"instock\" \/>\n<meta property=\"product:condition\" content=\"new\" \/>\n<!-- \/ Yoast SEO Premium plugin. -->","yoast_head_json":{"title":"DDN AI400 (EOL) - GTM Teknoloji","robots":{"index":"index","follow":"follow","max-snippet":"max-snippet:-1","max-image-preview":"max-image-preview:large","max-video-preview":"max-video-preview:-1"},"canonical":"https:\/\/gtmteknoloji.com\/b2b\/magaza\/storage\/ddn-ai400\/","og_locale":"tr_TR","og_type":"article","og_title":"DDN AI400 (EOL)","og_description":"TEKL\u0130F AL DDN AI400X, t\u00fcm \u00f6l\u00e7ekte AI i\u015f ak\u0131\u015flar\u0131 i\u00e7in en h\u0131zl\u0131 performans\u0131 sunan, tamam\u0131 NVME flash arac\u0131d\u0131r.\u00a0\u00c7ift aktif denetleyiciler, sekiz EDR \/ HDR100 IB veya 100GbE ba\u011flant\u0131 noktas\u0131 arac\u0131l\u0131\u011f\u0131yla istemcilere 48 GB \/ sn'ye kadar ve 3M IOPS sa\u011flar.\u00a0DDN AI400X, i\u015f y\u00fcklerini her yerde t\u00fcm veriler \u00fczerinde \u00e7al\u0131\u015ft\u0131rman\u0131za ve en zorlu i\u015f ak\u0131\u015flar\u0131n\u0131z\u0131 ve uygulamalar\u0131n\u0131z\u0131 h\u0131zland\u0131rman\u0131za olanak tan\u0131r.  AI400X, 4 konfig\u00fcrasyonda ba\u015flar: 32TB, 64TB, 128TB, 256TB.","og_url":"https:\/\/gtmteknoloji.com\/b2b\/magaza\/storage\/ddn-ai400\/","og_site_name":"GTM Teknoloji","article_publisher":"https:\/\/www.facebook.com\/SupermicroTurkiye\/?locale=tr_TR","article_modified_time":"2026-04-22T14:30:20+00:00","og_image":[{"width":432,"height":432,"url":"https:\/\/gtmteknoloji.com\/b2b\/wp-content\/uploads\/2021\/01\/1111-20200731161224.png","type":"image\/png"}],"twitter_card":"summary_large_image","twitter_site":"@gtmteknoloji","twitter_misc":{"Fiyat":"","Durumu":"Stokta var"},"schema":{"@context":"https:\/\/schema.org","@graph":[{"@type":"WebPage","@id":"https:\/\/gtmteknoloji.com\/b2b\/magaza\/storage\/ddn-ai400\/","url":"https:\/\/gtmteknoloji.com\/b2b\/magaza\/storage\/ddn-ai400\/","name":"DDN AI400 (EOL) - GTM Teknoloji","isPartOf":{"@id":"https:\/\/gtmteknoloji.com\/b2b\/#website"},"primaryImageOfPage":{"@id":"https:\/\/gtmteknoloji.com\/b2b\/magaza\/storage\/ddn-ai400\/#primaryimage"},"image":{"@id":"https:\/\/gtmteknoloji.com\/b2b\/magaza\/storage\/ddn-ai400\/#primaryimage"},"thumbnailUrl":"https:\/\/gtmteknoloji.com\/b2b\/wp-content\/uploads\/2021\/01\/1111-20200731161224.png","datePublished":"2025-04-14T01:27:16+00:00","dateModified":"2026-04-22T14:30:20+00:00","breadcrumb":{"@id":"https:\/\/gtmteknoloji.com\/b2b\/magaza\/storage\/ddn-ai400\/#breadcrumb"},"inLanguage":"tr","potentialAction":[{"@type":"ReadAction","target":["https:\/\/gtmteknoloji.com\/b2b\/magaza\/storage\/ddn-ai400\/"]}]},{"@type":"ImageObject","inLanguage":"tr","@id":"https:\/\/gtmteknoloji.com\/b2b\/magaza\/storage\/ddn-ai400\/#primaryimage","url":"https:\/\/gtmteknoloji.com\/b2b\/wp-content\/uploads\/2021\/01\/1111-20200731161224.png","contentUrl":"https:\/\/gtmteknoloji.com\/b2b\/wp-content\/uploads\/2021\/01\/1111-20200731161224.png","width":432,"height":432},{"@type":"BreadcrumbList","@id":"https:\/\/gtmteknoloji.com\/b2b\/magaza\/storage\/ddn-ai400\/#breadcrumb","itemListElement":[{"@type":"ListItem","position":1,"name":"Home","item":"https:\/\/gtmteknoloji.com\/b2b\/"},{"@type":"ListItem","position":2,"name":"Ma\u011faza","item":"https:\/\/gtmteknoloji.com\/b2b\/magaza\/"},{"@type":"ListItem","position":3,"name":"DDN AI400 (EOL)"}]},{"@type":"WebSite","@id":"https:\/\/gtmteknoloji.com\/b2b\/#website","url":"https:\/\/gtmteknoloji.com\/b2b\/","name":"GTM Teknoloji","description":"B2B Sat\u0131\u015f Portal\u0131","publisher":{"@id":"https:\/\/gtmteknoloji.com\/b2b\/#organization"},"potentialAction":[{"@type":"SearchAction","target":{"@type":"EntryPoint","urlTemplate":"https:\/\/gtmteknoloji.com\/b2b\/?s={search_term_string}"},"query-input":{"@type":"PropertyValueSpecification","valueRequired":true,"valueName":"search_term_string"}}],"inLanguage":"tr"},{"@type":"Organization","@id":"https:\/\/gtmteknoloji.com\/b2b\/#organization","name":"GTM Teknoloji","url":"https:\/\/gtmteknoloji.com\/b2b\/","logo":{"@type":"ImageObject","inLanguage":"tr","@id":"https:\/\/gtmteknoloji.com\/b2b\/#\/schema\/logo\/image\/","url":"https:\/\/gtmteknoloji.com\/b2b\/wp-content\/uploads\/2020\/12\/GTM-logo.png","contentUrl":"https:\/\/gtmteknoloji.com\/b2b\/wp-content\/uploads\/2020\/12\/GTM-logo.png","width":400,"height":400,"caption":"GTM Teknoloji"},"image":{"@id":"https:\/\/gtmteknoloji.com\/b2b\/#\/schema\/logo\/image\/"},"sameAs":["https:\/\/www.facebook.com\/SupermicroTurkiye\/?locale=tr_TR","https:\/\/x.com\/gtmteknoloji"]}]},"product_brand":"PNY","product_price_currency":"USD","og_availability":"instock","product_availability":"instock","product_condition":"new"},"_links":{"self":[{"href":"https:\/\/gtmteknoloji.com\/b2b\/wp-json\/wp\/v2\/product\/9742","targetHints":{"allow":["GET"]}}],"collection":[{"href":"https:\/\/gtmteknoloji.com\/b2b\/wp-json\/wp\/v2\/product"}],"about":[{"href":"https:\/\/gtmteknoloji.com\/b2b\/wp-json\/wp\/v2\/types\/product"}],"version-history":[{"count":2,"href":"https:\/\/gtmteknoloji.com\/b2b\/wp-json\/wp\/v2\/product\/9742\/revisions"}],"predecessor-version":[{"id":12473,"href":"https:\/\/gtmteknoloji.com\/b2b\/wp-json\/wp\/v2\/product\/9742\/revisions\/12473"}],"wp:featuredmedia":[{"embeddable":true,"href":"https:\/\/gtmteknoloji.com\/b2b\/wp-json\/wp\/v2\/media\/6316"}],"wp:attachment":[{"href":"https:\/\/gtmteknoloji.com\/b2b\/wp-json\/wp\/v2\/media?parent=9742"}],"wp:term":[{"taxonomy":"product_brand","embeddable":true,"href":"https:\/\/gtmteknoloji.com\/b2b\/wp-json\/wp\/v2\/product_brand?post=9742"},{"taxonomy":"product_cat","embeddable":true,"href":"https:\/\/gtmteknoloji.com\/b2b\/wp-json\/wp\/v2\/product_cat?post=9742"},{"taxonomy":"product_tag","embeddable":true,"href":"https:\/\/gtmteknoloji.com\/b2b\/wp-json\/wp\/v2\/product_tag?post=9742"}],"curies":[{"name":"wp","href":"https:\/\/api.w.org\/{rel}","templated":true}]}}