{"id":9744,"date":"2025-04-14T04:27:16","date_gmt":"2025-04-14T01:27:16","guid":{"rendered":"https:\/\/gtmteknoloji.com\/b2b\/?post_type=product&#038;p=9744"},"modified":"2025-04-14T04:27:21","modified_gmt":"2025-04-14T01:27:21","slug":"connectx-6-dx-dual-100gbe-single-200gbe","status":"publish","type":"product","link":"https:\/\/gtmteknoloji.com\/b2b\/magaza\/network\/network-kartlari\/connectx-6-dx-dual-100gbe-single-200gbe\/","title":{"rendered":"ConnectX-6 Dx Dual 100GbE \/ Single 200GbE"},"content":{"rendered":"<p>ConnectX\u00a0<sup>\u00ae<\/sup> -6 Dx, Mellanox&#8217;un birinci s\u0131n\u0131f, \u00f6d\u00fcll\u00fc ConnectX serisi a\u011f ba\u011fda\u015ft\u0131r\u0131c\u0131lar\u0131n\u0131n bir \u00fcyesidir. ConnectX-6 Dx, bulut ve veri merkezi i\u015f y\u00fcklerini h\u0131zland\u0131ran ve g\u00fcvenli hale getiren s\u0131n\u0131f\u0131n\u0131n en iyisi donan\u0131m \u00f6zellikleriyle e\u015fle\u015ftirilmi\u015f 10\/25\/40\/50 \/ 100Gb \/ s&#8217;lik iki ba\u011flant\u0131 noktas\u0131 veya tek ba\u011flant\u0131 noktas\u0131 200Gb \/ s Ethernet ba\u011flant\u0131s\u0131 sunar.<\/p>\n<div id=\"overview\" class=\"row overview-row inner-space-mobile\">\n<div class=\"col-sm-12 col-centered overview-section\">\n<div class=\"inner-container no-border overview-section\">\n<div class=\"col-sm-12 col-sm-offset-right-1\">\n<h2>Genel Bak\u0131\u015f<\/h2>\n<\/div>\n<\/div>\n<\/div>\n<\/div>\n<div class=\"clearfix\"><\/div>\n<div class=\"row overview-row inner-space-mobile\">\n<div class=\"col-sm-12 col-centered overview-section\">\n<div class=\"inner-container no-border overview-section\">\n<div class=\"col-sm-6 col-sm-offset-right-1\">\n<p>ConnectX-6 Dx, \u00e7e\u015fitli form fakt\u00f6rlerinde, beslemelerde ve h\u0131zlarda kapsaml\u0131 bir SmartNIC portf\u00f6y\u00fc sunarak m\u00fc\u015fterilerin uygulama h\u0131zland\u0131rma ihtiya\u00e7lar\u0131na en uygun olan\u0131 se\u00e7melerine olanak tan\u0131r:<\/p>\n<ul class=\"circle_list\">\n<li>D\u00fc\u015f\u00fck profilli PCIe, OCP 2.0 ve OCP 3.0 uyumlu kartlar<\/li>\n<li>SFP28 \/ 56, QSFP28 \/ 56 ve SFP-DD<\/li>\n<li>Mellanox \u00c7ok ana\u00a0<sup>\u00ae<\/sup>\u00a0ve Mellanox Soket Direct konfig\u00fcrasyonlar\u0131<br \/>\n<h3 class=\"h3-key-features\"><\/h3>\n<h2 class=\"h3-key-features\">Ana \u00d6zellikler<\/h2>\n<ul class=\"circle_list\">\n<li>2x 10\/25 GbE veya 1&#215;50 GbE<\/li>\n<li>Sekt\u00f6r lideri aktar\u0131m h\u0131z\u0131, d\u00fc\u015f\u00fck gecikme s\u00fcresi, d\u00fc\u015f\u00fck CPU kullan\u0131m\u0131 ve y\u00fcksek mesaj h\u0131z\u0131<\/li>\n<li>X86, Power, ARM ve GPU tabanl\u0131 bilgi i\u015flem ve depolama platformlar\u0131 i\u00e7in ak\u0131ll\u0131<\/li>\n<li>G\u00fcvenli veri merkezi ba\u011flant\u0131s\u0131<\/li>\n<li>G\u00fcvenli web uygulamas\u0131 teslimi<\/li>\n<li>Esnek boru hatt\u0131 programlanabilirli\u011fi<\/li>\n<\/ul>\n<h3 class=\"h3-key-features\">Faydalar\u0131<\/h3>\n<ul class=\"circle_list\">\n<li>200 Gb \/ sn&#8217;ye kadar bant geni\u015fli\u011fi, PAM4 \/ NRZ<\/li>\n<li>215 MPPS&#8217;ye kadar mesaj h\u0131z\u0131<\/li>\n<li>ASAP\u00a0<sup>2<\/sup>\u00a0Sanal Anahtarlar \/ Y\u00f6nlendiriciler i\u00e7in h\u0131zland\u0131r\u0131lm\u0131\u015f anahtarlama ve paket i\u015fleme<\/li>\n<li>IPsec ve TLS sat\u0131r i\u00e7i kripto h\u0131zland\u0131rma<\/li>\n<li>Beklemedeki veriler i\u00e7in kripto h\u0131zland\u0131rmay\u0131 engelle<\/li>\n<li>Donan\u0131m G\u00fcven K\u00f6k\u00fc ve g\u00fcvenli \u00fcr\u00fcn yaz\u0131l\u0131m\u0131 g\u00fcncellemesi<\/li>\n<li>Geli\u015fmi\u015f RoCE yetenekleri<\/li>\n<li>Platform ba\u011f\u0131ms\u0131z: x86, G\u00fc\u00e7, Kol<\/li>\n<\/ul>\n<\/li>\n<\/ul>\n<h2><strong><a href=\"https:\/\/youtu.be\/8kFKZBK1oWU?showinfo=0\">ConnectX-6 Dx SmartNICs<\/a><\/strong><\/h2>\n<h2><strong><a href=\"https:\/\/gtmteknoloji.com\/b2b\/wp-content\/uploads\/2021\/01\/pb-connectx-6-dx-en-card.pdf\">\u00dcr\u00fcn \u00d6zeti i\u00e7in T\u0131klay\u0131n\u0131z<\/a><\/strong><\/h2>\n<h2><a href=\"https:\/\/gtmteknoloji.com\/b2b\/wp-content\/uploads\/2021\/01\/ethernet-adapter-brochure.pdf\"><strong>Ethernet Adapt\u00f6r Bro\u015f\u00fcr\u00fc i\u00e7in T\u0131klay\u0131n\u0131z<\/strong><\/a><\/h2>\n<\/div>\n<\/div>\n<\/div>\n<\/div>\n","protected":false},"excerpt":{"rendered":"<div id=\"home\" class=\"row main-row inner-space-mobile\">\n<div class=\"col-sm-12 col-centered main-section\">\n<div class=\"inner-container no-border overview-section\">\n<div id=\"home\" class=\"col-sm-12\">\n<h1><a href=\"https:\/\/gtmteknoloji.com\/teklif-talep\/\">TEKL\u0130F AL<\/a><\/h1>\n<h5>ConnectX-6 Dx<\/h5>\n<h5>Dual-Port 100GbE\/Single-Port 200GbE SmartNIC<\/h5>\n<\/div>\n<\/div>\n<\/div>\n<\/div>\n","protected":false},"featured_media":6322,"template":"","meta":[],"product_brand":[342],"product_cat":[2366,2424],"product_tag":[2425,2426,2427,2428,2429,2430],"class_list":{"0":"post-9744","1":"product","2":"type-product","3":"status-publish","4":"has-post-thumbnail","6":"product_brand-nvidia-npn-partner-gtmteknoloji","7":"product_cat-network","8":"product_cat-network-kartlari","9":"product_tag-cift-baglanti-noktali-100gbe","10":"product_tag-connectx-6-dx","11":"product_tag-dual-port","12":"product_tag-single-port","13":"product_tag-smartnic","14":"product_tag-tek-baglanti-noktali-200gbe","16":"first","17":"instock","18":"taxable","19":"shipping-taxable","20":"product-type-external"},"yoast_head":"<!-- This site is optimized with the Yoast SEO Premium plugin v27.4 (Yoast SEO v27.4) - https:\/\/yoast.com\/product\/yoast-seo-premium-wordpress\/ -->\n<title>ConnectX-6 Dx Dual 100GbE \/ Single 200GbE - GTM Teknoloji<\/title>\n<meta name=\"robots\" content=\"index, follow, max-snippet:-1, max-image-preview:large, max-video-preview:-1\" \/>\n<link rel=\"canonical\" href=\"https:\/\/gtmteknoloji.com\/b2b\/magaza\/network\/network-kartlari\/connectx-6-dx-dual-100gbe-single-200gbe\/\" \/>\n<meta property=\"og:locale\" content=\"tr_TR\" \/>\n<meta property=\"og:type\" content=\"article\" \/>\n<meta property=\"og:title\" content=\"ConnectX-6 Dx Dual 100GbE \/ Single 200GbE\" \/>\n<meta property=\"og:description\" content=\"TEKL\u0130F AL ConnectX-6 Dx Dual-Port 100GbE\/Single-Port 200GbE SmartNIC\" \/>\n<meta property=\"og:url\" content=\"https:\/\/gtmteknoloji.com\/b2b\/magaza\/network\/network-kartlari\/connectx-6-dx-dual-100gbe-single-200gbe\/\" \/>\n<meta property=\"og:site_name\" content=\"GTM Teknoloji\" \/>\n<meta property=\"article:publisher\" content=\"https:\/\/www.facebook.com\/SupermicroTurkiye\/?locale=tr_TR\" \/>\n<meta property=\"article:modified_time\" content=\"2025-04-14T01:27:21+00:00\" \/>\n<meta property=\"og:image\" content=\"https:\/\/gtmteknoloji.com\/b2b\/wp-content\/uploads\/2021\/01\/connectx-6dx.png\" \/>\n\t<meta property=\"og:image:width\" content=\"1648\" \/>\n\t<meta property=\"og:image:height\" content=\"1138\" \/>\n\t<meta property=\"og:image:type\" content=\"image\/png\" \/>\n<meta name=\"twitter:card\" content=\"summary_large_image\" \/>\n<meta name=\"twitter:site\" content=\"@gtmteknoloji\" \/>\n<meta name=\"twitter:label1\" content=\"Fiyat\" \/>\n\t<meta name=\"twitter:data1\" content=\"\" \/>\n\t<meta name=\"twitter:label2\" content=\"Durumu\" \/>\n\t<meta name=\"twitter:data2\" content=\"Stokta var\" \/>\n<script type=\"application\/ld+json\" class=\"yoast-schema-graph\">{\"@context\":\"https:\\\/\\\/schema.org\",\"@graph\":[{\"@type\":\"WebPage\",\"@id\":\"https:\\\/\\\/gtmteknoloji.com\\\/b2b\\\/magaza\\\/network\\\/network-kartlari\\\/connectx-6-dx-dual-100gbe-single-200gbe\\\/\",\"url\":\"https:\\\/\\\/gtmteknoloji.com\\\/b2b\\\/magaza\\\/network\\\/network-kartlari\\\/connectx-6-dx-dual-100gbe-single-200gbe\\\/\",\"name\":\"ConnectX-6 Dx Dual 100GbE \\\/ Single 200GbE - GTM Teknoloji\",\"isPartOf\":{\"@id\":\"https:\\\/\\\/gtmteknoloji.com\\\/b2b\\\/#website\"},\"primaryImageOfPage\":{\"@id\":\"https:\\\/\\\/gtmteknoloji.com\\\/b2b\\\/magaza\\\/network\\\/network-kartlari\\\/connectx-6-dx-dual-100gbe-single-200gbe\\\/#primaryimage\"},\"image\":{\"@id\":\"https:\\\/\\\/gtmteknoloji.com\\\/b2b\\\/magaza\\\/network\\\/network-kartlari\\\/connectx-6-dx-dual-100gbe-single-200gbe\\\/#primaryimage\"},\"thumbnailUrl\":\"https:\\\/\\\/gtmteknoloji.com\\\/b2b\\\/wp-content\\\/uploads\\\/2021\\\/01\\\/connectx-6dx.png\",\"datePublished\":\"2025-04-14T01:27:16+00:00\",\"dateModified\":\"2025-04-14T01:27:21+00:00\",\"breadcrumb\":{\"@id\":\"https:\\\/\\\/gtmteknoloji.com\\\/b2b\\\/magaza\\\/network\\\/network-kartlari\\\/connectx-6-dx-dual-100gbe-single-200gbe\\\/#breadcrumb\"},\"inLanguage\":\"tr\",\"potentialAction\":[{\"@type\":\"ReadAction\",\"target\":[\"https:\\\/\\\/gtmteknoloji.com\\\/b2b\\\/magaza\\\/network\\\/network-kartlari\\\/connectx-6-dx-dual-100gbe-single-200gbe\\\/\"]}]},{\"@type\":\"ImageObject\",\"inLanguage\":\"tr\",\"@id\":\"https:\\\/\\\/gtmteknoloji.com\\\/b2b\\\/magaza\\\/network\\\/network-kartlari\\\/connectx-6-dx-dual-100gbe-single-200gbe\\\/#primaryimage\",\"url\":\"https:\\\/\\\/gtmteknoloji.com\\\/b2b\\\/wp-content\\\/uploads\\\/2021\\\/01\\\/connectx-6dx.png\",\"contentUrl\":\"https:\\\/\\\/gtmteknoloji.com\\\/b2b\\\/wp-content\\\/uploads\\\/2021\\\/01\\\/connectx-6dx.png\",\"width\":1648,\"height\":1138},{\"@type\":\"BreadcrumbList\",\"@id\":\"https:\\\/\\\/gtmteknoloji.com\\\/b2b\\\/magaza\\\/network\\\/network-kartlari\\\/connectx-6-dx-dual-100gbe-single-200gbe\\\/#breadcrumb\",\"itemListElement\":[{\"@type\":\"ListItem\",\"position\":1,\"name\":\"Home\",\"item\":\"https:\\\/\\\/gtmteknoloji.com\\\/b2b\\\/\"},{\"@type\":\"ListItem\",\"position\":2,\"name\":\"Ma\u011faza\",\"item\":\"https:\\\/\\\/gtmteknoloji.com\\\/b2b\\\/magaza\\\/\"},{\"@type\":\"ListItem\",\"position\":3,\"name\":\"ConnectX-6 Dx Dual 100GbE \\\/ Single 200GbE\"}]},{\"@type\":\"WebSite\",\"@id\":\"https:\\\/\\\/gtmteknoloji.com\\\/b2b\\\/#website\",\"url\":\"https:\\\/\\\/gtmteknoloji.com\\\/b2b\\\/\",\"name\":\"GTM Teknoloji\",\"description\":\"B2B Sat\u0131\u015f Portal\u0131\",\"publisher\":{\"@id\":\"https:\\\/\\\/gtmteknoloji.com\\\/b2b\\\/#organization\"},\"potentialAction\":[{\"@type\":\"SearchAction\",\"target\":{\"@type\":\"EntryPoint\",\"urlTemplate\":\"https:\\\/\\\/gtmteknoloji.com\\\/b2b\\\/?s={search_term_string}\"},\"query-input\":{\"@type\":\"PropertyValueSpecification\",\"valueRequired\":true,\"valueName\":\"search_term_string\"}}],\"inLanguage\":\"tr\"},{\"@type\":\"Organization\",\"@id\":\"https:\\\/\\\/gtmteknoloji.com\\\/b2b\\\/#organization\",\"name\":\"GTM Teknoloji\",\"url\":\"https:\\\/\\\/gtmteknoloji.com\\\/b2b\\\/\",\"logo\":{\"@type\":\"ImageObject\",\"inLanguage\":\"tr\",\"@id\":\"https:\\\/\\\/gtmteknoloji.com\\\/b2b\\\/#\\\/schema\\\/logo\\\/image\\\/\",\"url\":\"https:\\\/\\\/gtmteknoloji.com\\\/b2b\\\/wp-content\\\/uploads\\\/2020\\\/12\\\/GTM-logo.png\",\"contentUrl\":\"https:\\\/\\\/gtmteknoloji.com\\\/b2b\\\/wp-content\\\/uploads\\\/2020\\\/12\\\/GTM-logo.png\",\"width\":400,\"height\":400,\"caption\":\"GTM Teknoloji\"},\"image\":{\"@id\":\"https:\\\/\\\/gtmteknoloji.com\\\/b2b\\\/#\\\/schema\\\/logo\\\/image\\\/\"},\"sameAs\":[\"https:\\\/\\\/www.facebook.com\\\/SupermicroTurkiye\\\/?locale=tr_TR\",\"https:\\\/\\\/x.com\\\/gtmteknoloji\"]}]}<\/script>\n<meta property=\"product:brand\" content=\"Nvidia\" \/>\n<meta property=\"product:price:currency\" content=\"USD\" \/>\n<meta property=\"og:availability\" content=\"instock\" \/>\n<meta property=\"product:availability\" content=\"instock\" \/>\n<meta property=\"product:condition\" content=\"new\" \/>\n<!-- \/ Yoast SEO Premium plugin. -->","yoast_head_json":{"title":"ConnectX-6 Dx Dual 100GbE \/ Single 200GbE - GTM Teknoloji","robots":{"index":"index","follow":"follow","max-snippet":"max-snippet:-1","max-image-preview":"max-image-preview:large","max-video-preview":"max-video-preview:-1"},"canonical":"https:\/\/gtmteknoloji.com\/b2b\/magaza\/network\/network-kartlari\/connectx-6-dx-dual-100gbe-single-200gbe\/","og_locale":"tr_TR","og_type":"article","og_title":"ConnectX-6 Dx Dual 100GbE \/ Single 200GbE","og_description":"TEKL\u0130F AL ConnectX-6 Dx Dual-Port 100GbE\/Single-Port 200GbE SmartNIC","og_url":"https:\/\/gtmteknoloji.com\/b2b\/magaza\/network\/network-kartlari\/connectx-6-dx-dual-100gbe-single-200gbe\/","og_site_name":"GTM Teknoloji","article_publisher":"https:\/\/www.facebook.com\/SupermicroTurkiye\/?locale=tr_TR","article_modified_time":"2025-04-14T01:27:21+00:00","og_image":[{"width":1648,"height":1138,"url":"https:\/\/gtmteknoloji.com\/b2b\/wp-content\/uploads\/2021\/01\/connectx-6dx.png","type":"image\/png"}],"twitter_card":"summary_large_image","twitter_site":"@gtmteknoloji","twitter_misc":{"Fiyat":"","Durumu":"Stokta var"},"schema":{"@context":"https:\/\/schema.org","@graph":[{"@type":"WebPage","@id":"https:\/\/gtmteknoloji.com\/b2b\/magaza\/network\/network-kartlari\/connectx-6-dx-dual-100gbe-single-200gbe\/","url":"https:\/\/gtmteknoloji.com\/b2b\/magaza\/network\/network-kartlari\/connectx-6-dx-dual-100gbe-single-200gbe\/","name":"ConnectX-6 Dx Dual 100GbE \/ Single 200GbE - GTM Teknoloji","isPartOf":{"@id":"https:\/\/gtmteknoloji.com\/b2b\/#website"},"primaryImageOfPage":{"@id":"https:\/\/gtmteknoloji.com\/b2b\/magaza\/network\/network-kartlari\/connectx-6-dx-dual-100gbe-single-200gbe\/#primaryimage"},"image":{"@id":"https:\/\/gtmteknoloji.com\/b2b\/magaza\/network\/network-kartlari\/connectx-6-dx-dual-100gbe-single-200gbe\/#primaryimage"},"thumbnailUrl":"https:\/\/gtmteknoloji.com\/b2b\/wp-content\/uploads\/2021\/01\/connectx-6dx.png","datePublished":"2025-04-14T01:27:16+00:00","dateModified":"2025-04-14T01:27:21+00:00","breadcrumb":{"@id":"https:\/\/gtmteknoloji.com\/b2b\/magaza\/network\/network-kartlari\/connectx-6-dx-dual-100gbe-single-200gbe\/#breadcrumb"},"inLanguage":"tr","potentialAction":[{"@type":"ReadAction","target":["https:\/\/gtmteknoloji.com\/b2b\/magaza\/network\/network-kartlari\/connectx-6-dx-dual-100gbe-single-200gbe\/"]}]},{"@type":"ImageObject","inLanguage":"tr","@id":"https:\/\/gtmteknoloji.com\/b2b\/magaza\/network\/network-kartlari\/connectx-6-dx-dual-100gbe-single-200gbe\/#primaryimage","url":"https:\/\/gtmteknoloji.com\/b2b\/wp-content\/uploads\/2021\/01\/connectx-6dx.png","contentUrl":"https:\/\/gtmteknoloji.com\/b2b\/wp-content\/uploads\/2021\/01\/connectx-6dx.png","width":1648,"height":1138},{"@type":"BreadcrumbList","@id":"https:\/\/gtmteknoloji.com\/b2b\/magaza\/network\/network-kartlari\/connectx-6-dx-dual-100gbe-single-200gbe\/#breadcrumb","itemListElement":[{"@type":"ListItem","position":1,"name":"Home","item":"https:\/\/gtmteknoloji.com\/b2b\/"},{"@type":"ListItem","position":2,"name":"Ma\u011faza","item":"https:\/\/gtmteknoloji.com\/b2b\/magaza\/"},{"@type":"ListItem","position":3,"name":"ConnectX-6 Dx Dual 100GbE \/ Single 200GbE"}]},{"@type":"WebSite","@id":"https:\/\/gtmteknoloji.com\/b2b\/#website","url":"https:\/\/gtmteknoloji.com\/b2b\/","name":"GTM Teknoloji","description":"B2B Sat\u0131\u015f Portal\u0131","publisher":{"@id":"https:\/\/gtmteknoloji.com\/b2b\/#organization"},"potentialAction":[{"@type":"SearchAction","target":{"@type":"EntryPoint","urlTemplate":"https:\/\/gtmteknoloji.com\/b2b\/?s={search_term_string}"},"query-input":{"@type":"PropertyValueSpecification","valueRequired":true,"valueName":"search_term_string"}}],"inLanguage":"tr"},{"@type":"Organization","@id":"https:\/\/gtmteknoloji.com\/b2b\/#organization","name":"GTM Teknoloji","url":"https:\/\/gtmteknoloji.com\/b2b\/","logo":{"@type":"ImageObject","inLanguage":"tr","@id":"https:\/\/gtmteknoloji.com\/b2b\/#\/schema\/logo\/image\/","url":"https:\/\/gtmteknoloji.com\/b2b\/wp-content\/uploads\/2020\/12\/GTM-logo.png","contentUrl":"https:\/\/gtmteknoloji.com\/b2b\/wp-content\/uploads\/2020\/12\/GTM-logo.png","width":400,"height":400,"caption":"GTM Teknoloji"},"image":{"@id":"https:\/\/gtmteknoloji.com\/b2b\/#\/schema\/logo\/image\/"},"sameAs":["https:\/\/www.facebook.com\/SupermicroTurkiye\/?locale=tr_TR","https:\/\/x.com\/gtmteknoloji"]}]},"product_brand":"Nvidia","product_price_currency":"USD","og_availability":"instock","product_availability":"instock","product_condition":"new"},"_links":{"self":[{"href":"https:\/\/gtmteknoloji.com\/b2b\/wp-json\/wp\/v2\/product\/9744","targetHints":{"allow":["GET"]}}],"collection":[{"href":"https:\/\/gtmteknoloji.com\/b2b\/wp-json\/wp\/v2\/product"}],"about":[{"href":"https:\/\/gtmteknoloji.com\/b2b\/wp-json\/wp\/v2\/types\/product"}],"version-history":[{"count":1,"href":"https:\/\/gtmteknoloji.com\/b2b\/wp-json\/wp\/v2\/product\/9744\/revisions"}],"predecessor-version":[{"id":9774,"href":"https:\/\/gtmteknoloji.com\/b2b\/wp-json\/wp\/v2\/product\/9744\/revisions\/9774"}],"wp:featuredmedia":[{"embeddable":true,"href":"https:\/\/gtmteknoloji.com\/b2b\/wp-json\/wp\/v2\/media\/6322"}],"wp:attachment":[{"href":"https:\/\/gtmteknoloji.com\/b2b\/wp-json\/wp\/v2\/media?parent=9744"}],"wp:term":[{"taxonomy":"product_brand","embeddable":true,"href":"https:\/\/gtmteknoloji.com\/b2b\/wp-json\/wp\/v2\/product_brand?post=9744"},{"taxonomy":"product_cat","embeddable":true,"href":"https:\/\/gtmteknoloji.com\/b2b\/wp-json\/wp\/v2\/product_cat?post=9744"},{"taxonomy":"product_tag","embeddable":true,"href":"https:\/\/gtmteknoloji.com\/b2b\/wp-json\/wp\/v2\/product_tag?post=9744"}],"curies":[{"name":"wp","href":"https:\/\/api.w.org\/{rel}","templated":true}]}}