{"id":9745,"date":"2025-04-14T04:27:16","date_gmt":"2025-04-14T01:27:16","guid":{"rendered":"https:\/\/gtmteknoloji.com\/b2b\/?post_type=product&#038;p=9745"},"modified":"2025-04-14T04:27:22","modified_gmt":"2025-04-14T01:27:22","slug":"connectx-6-lx-dual-25gbe-single-50gbe","status":"publish","type":"product","link":"https:\/\/gtmteknoloji.com\/b2b\/magaza\/network\/network-kartlari\/connectx-6-lx-dual-25gbe-single-50gbe\/","title":{"rendered":"ConnectX-6 Lx Dual 25GbE \/ Single 50GbE"},"content":{"rendered":"<p>ConnectX-6 Lx SmartNIC&#8217;ler, bulut, telekom\u00fcnikasyon ve kurumsal veri merkezlerinde 25GbE da\u011f\u0131t\u0131mlar\u0131 i\u00e7in en iyi toplam sahip olma maliyetiyle \u00f6l\u00e7eklenebilirlik, y\u00fcksek performans, geli\u015fmi\u015f g\u00fcvenlik \u00f6zellikleri ve h\u0131zland\u0131r\u0131lm\u0131\u015f a\u011f ileti\u015fimi sa\u011flar.<\/p>\n<p>\u0130ki adede kadar 25GbE ba\u011flant\u0131 noktas\u0131 veya tek ba\u011flant\u0131 noktal\u0131 50GbE ba\u011flant\u0131 ve PCIe Gen 3.0 \/ 4.0 x8 ana bilgisayar ba\u011flant\u0131s\u0131 sa\u011flayan ConnectX-6 Lx, Mellanox&#8217;un birinci s\u0131n\u0131f, \u00f6d\u00fcll\u00fc ConnectX a\u011f ba\u011fda\u015ft\u0131r\u0131c\u0131lar\u0131 ailesinin bir \u00fcyesidir.\u00a0Mellanox&#8217;un a\u011f ileti\u015fimindeki tutarl\u0131 yenili\u011fini s\u00fcrd\u00fcren ConnectX-6 Lx, her \u00f6l\u00e7ekte \u00e7eviklik ve verimlilik sa\u011flar.\u00a0ConnectX-6 Lx, \u00f6d\u00fcn vermeyen veri merkezleri i\u00e7in en son 25GbE performans\u0131 ve g\u00fcvenli\u011fi sunar.<\/p>\n<p>ConnectX-6 Lx SmartNIC&#8217;ler, d\u00fc\u015f\u00fck profilli PCIe ve SFP28 veya QSFP28 konekt\u00f6rl\u00fc OCP 3.0 kartlar\u0131 dahil olmak \u00fczere \u00e7e\u015fitli form fakt\u00f6rlerinde mevcuttur.<\/p>\n<div id=\"overview\" class=\"row overview-row inner-space-mobile\">\n<div class=\"col-sm-12 col-centered overview-section\">\n<div class=\"inner-container no-border overview-section\">\n<div class=\"col-sm-12 col-sm-offset-right-1\">\n<h2><strong>Genel Bak\u0131\u015f<\/strong><\/h2>\n<\/div>\n<\/div>\n<\/div>\n<\/div>\n<div class=\"clearfix\"><\/div>\n<div class=\"row overview-row inner-space-mobile\">\n<div class=\"col-sm-12 col-centered overview-section\">\n<div class=\"inner-container no-border overview-section\">\n<div class=\"col-sm-6 col-sm-offset-right-1\">\n<p>Bulut, u\u00e7, telekom\u00fcnikasyon ve kurumsal i\u015f y\u00fckleri i\u00e7in sekt\u00f6r\u00fcn en uygun maliyetli, g\u00fcvenli ve \u00e7evik SmartNIC&#8217;i.\u00a0ConnectX-6 Lx, en iyi toplam sahip olma maliyetini ve verimlili\u011fi sa\u011flarken, a\u011f sanalla\u015ft\u0131rma h\u0131zland\u0131rma, altyap\u0131 g\u00fcvenli\u011fi ve SDN i\u00e7in geli\u015fmi\u015f a\u011f olu\u015fturma \u00f6zellikleri dahil olmak \u00fczere t\u00fcr\u00fcn\u00fcn en iyi \u00f6zelliklerini sunar.\u00a0\u0130ki adede kadar 25GbE ba\u011flant\u0131 noktas\u0131 veya tek ba\u011flant\u0131 noktal\u0131 50GbE ba\u011flant\u0131 sa\u011flayan ConnectX-6 Lx SmartNIC&#8217;ler, bulut, telekom\u00fcnikasyon ve veri merkezi y\u00fcklerini h\u0131zland\u0131ran yeni \u00f6zellikler sunar.<\/p>\n<p>ConnectX-6 Lx&#8217;in kapsaml\u0131 SmartNIC portf\u00f6y\u00fc, d\u00fc\u015f\u00fck profilli PCIe ve OCP 3.0 kartlar\u0131 dahil olmak \u00fczere \u00e7e\u015fitli form fakt\u00f6rlerinde, beslemelerde ve h\u0131zlarda kartlar sunarak m\u00fc\u015fterilerin ihtiya\u00e7lar\u0131na en uygun olan\u0131 se\u00e7melerini sa\u011flar.<\/p>\n<h2><strong>Ana \u00d6zellikler<\/strong><\/h2>\n<ul class=\"circle_list\">\n<li>2x 10\/25 GbE veya 1&#215;50 GbE<\/li>\n<li>PCIe Gen 3.0 \/ 4.0 x8<\/li>\n<li>DPDK<\/li>\n<li>Geli\u015fmi\u015f RoCE<\/li>\n<li>ASAP\u00a0<sup>2<\/sup>\u00a0&#8211; H\u0131zland\u0131r\u0131lm\u0131\u015f Anahtarlama ve Paket \u0130\u015fleme<\/li>\n<li>Bindirme t\u00fcnelleme ivmeleri<\/li>\n<li>Ba\u011flant\u0131 izleme i\u00e7in durum bilgili kural denetimi<\/li>\n<li>IPsec hat i\u00e7i kripto h\u0131zland\u0131rma<\/li>\n<li>Donan\u0131m G\u00fcven K\u00f6k\u00fc ve g\u00fcvenli \u00fcr\u00fcn yaz\u0131l\u0131m\u0131 g\u00fcncellemesi<\/li>\n<li>Platform ba\u011f\u0131ms\u0131z: x86, G\u00fc\u00e7, Kol<\/li>\n<\/ul>\n<h2 class=\"h3-key-features\"><strong>\u00c7\u00f6z\u00fcmler<\/strong><\/h2>\n<ul class=\"circle_list\">\n<li>Kurumsal veri merkezleri<\/li>\n<li>Bulutta yerel, Web 2.0, hiper \u00f6l\u00e7ek<\/li>\n<li>G\u00fcvenli altyap\u0131<\/li>\n<li>Telekom ve A\u011f \u0130\u015flev Sanalla\u015ft\u0131rma (NFV)<\/li>\n<\/ul>\n<h2><a href=\"https:\/\/youtu.be\/foVPgoV3qas?showinfo=0\"><strong>ConnectX-6 Lx&#8217;e Genel Bak\u0131\u015f<\/strong><\/a><\/h2>\n<h2><a href=\"https:\/\/gtmteknoloji.com\/b2b\/wp-content\/uploads\/2021\/01\/pb-connectx-6-lx-en-card.pdf\"><strong>\u00dcr\u00fcn \u00d6zeti i\u00e7in T\u0131klay\u0131n\u0131z<\/strong><\/a><\/h2>\n<h2><a href=\"https:\/\/gtmteknoloji.com\/b2b\/wp-content\/uploads\/2021\/01\/ethernet-adapter-brochure.pdf\"><strong>Ethernet Adapt\u00f6r Bro\u015f\u00fcr\u00fc i\u00e7in T\u0131klay\u0131n\u0131z<\/strong><\/a><\/h2>\n<\/div>\n<\/div>\n<\/div>\n<\/div>\n","protected":false},"excerpt":{"rendered":"<div id=\"home\" class=\"row main-row inner-space-mobile\">\n<div class=\"col-sm-12 col-centered main-section\">\n<div class=\"inner-container no-border overview-section\">\n<div id=\"home\" class=\"col-sm-12\">\n<div id=\"home\" class=\"row main-row inner-space-mobile\">\n<div class=\"col-sm-12 col-centered main-section\">\n<div class=\"inner-container no-border overview-section\">\n<div id=\"home\" class=\"col-sm-12\">\n<h1><a href=\"https:\/\/gtmteknoloji.com\/teklif-talep\/\">TEKL\u0130F AL<\/a><\/h1>\n<h5>ConnectX<sup>\u00ae<\/sup>-6 Lx<\/h5>\n<h5>Dual-Port 25GbE\/Single-Port 50GbE SmartNIC<\/h5>\n<\/div>\n<\/div>\n<\/div>\n<\/div>\n<\/div>\n<\/div>\n<\/div>\n<\/div>\n","protected":false},"featured_media":6325,"template":"","meta":[],"product_brand":[342],"product_cat":[2366,2424],"product_tag":[2426,2431,2427,2428,2429],"class_list":{"0":"post-9745","1":"product","2":"type-product","3":"status-publish","4":"has-post-thumbnail","6":"product_brand-nvidia-npn-partner-gtmteknoloji","7":"product_cat-network","8":"product_cat-network-kartlari","9":"product_tag-connectx-6-dx","10":"product_tag-connectx-6-lx-dual-25gbe-single-50gbe","11":"product_tag-dual-port","12":"product_tag-single-port","13":"product_tag-smartnic","15":"first","16":"instock","17":"taxable","18":"shipping-taxable","19":"product-type-external"},"yoast_head":"<!-- This site is optimized with the Yoast SEO Premium plugin v27.4 (Yoast SEO v27.4) - https:\/\/yoast.com\/product\/yoast-seo-premium-wordpress\/ -->\n<title>ConnectX-6 Lx Dual 25GbE \/ Single 50GbE - GTM Teknoloji<\/title>\n<meta name=\"robots\" content=\"index, follow, max-snippet:-1, max-image-preview:large, max-video-preview:-1\" \/>\n<link rel=\"canonical\" href=\"https:\/\/gtmteknoloji.com\/b2b\/magaza\/network\/network-kartlari\/connectx-6-lx-dual-25gbe-single-50gbe\/\" \/>\n<meta property=\"og:locale\" content=\"tr_TR\" \/>\n<meta property=\"og:type\" content=\"article\" \/>\n<meta property=\"og:title\" content=\"ConnectX-6 Lx Dual 25GbE \/ Single 50GbE\" \/>\n<meta property=\"og:description\" content=\"TEKL\u0130F AL ConnectX\u00ae-6 Lx Dual-Port 25GbE\/Single-Port 50GbE SmartNIC\" \/>\n<meta property=\"og:url\" content=\"https:\/\/gtmteknoloji.com\/b2b\/magaza\/network\/network-kartlari\/connectx-6-lx-dual-25gbe-single-50gbe\/\" \/>\n<meta property=\"og:site_name\" content=\"GTM Teknoloji\" \/>\n<meta property=\"article:publisher\" content=\"https:\/\/www.facebook.com\/SupermicroTurkiye\/?locale=tr_TR\" \/>\n<meta property=\"article:modified_time\" content=\"2025-04-14T01:27:22+00:00\" \/>\n<meta property=\"og:image\" content=\"https:\/\/gtmteknoloji.com\/b2b\/wp-content\/uploads\/2021\/01\/1111-20200731161224-1.png\" \/>\n\t<meta property=\"og:image:width\" content=\"1650\" \/>\n\t<meta property=\"og:image:height\" content=\"1138\" \/>\n\t<meta property=\"og:image:type\" content=\"image\/png\" \/>\n<meta name=\"twitter:card\" content=\"summary_large_image\" \/>\n<meta name=\"twitter:site\" content=\"@gtmteknoloji\" \/>\n<meta name=\"twitter:label1\" content=\"Fiyat\" \/>\n\t<meta name=\"twitter:data1\" content=\"\" \/>\n\t<meta name=\"twitter:label2\" content=\"Durumu\" \/>\n\t<meta name=\"twitter:data2\" content=\"Stokta var\" \/>\n<script type=\"application\/ld+json\" class=\"yoast-schema-graph\">{\"@context\":\"https:\\\/\\\/schema.org\",\"@graph\":[{\"@type\":\"WebPage\",\"@id\":\"https:\\\/\\\/gtmteknoloji.com\\\/b2b\\\/magaza\\\/network\\\/network-kartlari\\\/connectx-6-lx-dual-25gbe-single-50gbe\\\/\",\"url\":\"https:\\\/\\\/gtmteknoloji.com\\\/b2b\\\/magaza\\\/network\\\/network-kartlari\\\/connectx-6-lx-dual-25gbe-single-50gbe\\\/\",\"name\":\"ConnectX-6 Lx Dual 25GbE \\\/ Single 50GbE - GTM Teknoloji\",\"isPartOf\":{\"@id\":\"https:\\\/\\\/gtmteknoloji.com\\\/b2b\\\/#website\"},\"primaryImageOfPage\":{\"@id\":\"https:\\\/\\\/gtmteknoloji.com\\\/b2b\\\/magaza\\\/network\\\/network-kartlari\\\/connectx-6-lx-dual-25gbe-single-50gbe\\\/#primaryimage\"},\"image\":{\"@id\":\"https:\\\/\\\/gtmteknoloji.com\\\/b2b\\\/magaza\\\/network\\\/network-kartlari\\\/connectx-6-lx-dual-25gbe-single-50gbe\\\/#primaryimage\"},\"thumbnailUrl\":\"https:\\\/\\\/gtmteknoloji.com\\\/b2b\\\/wp-content\\\/uploads\\\/2021\\\/01\\\/1111-20200731161224-1.png\",\"datePublished\":\"2025-04-14T01:27:16+00:00\",\"dateModified\":\"2025-04-14T01:27:22+00:00\",\"breadcrumb\":{\"@id\":\"https:\\\/\\\/gtmteknoloji.com\\\/b2b\\\/magaza\\\/network\\\/network-kartlari\\\/connectx-6-lx-dual-25gbe-single-50gbe\\\/#breadcrumb\"},\"inLanguage\":\"tr\",\"potentialAction\":[{\"@type\":\"ReadAction\",\"target\":[\"https:\\\/\\\/gtmteknoloji.com\\\/b2b\\\/magaza\\\/network\\\/network-kartlari\\\/connectx-6-lx-dual-25gbe-single-50gbe\\\/\"]}]},{\"@type\":\"ImageObject\",\"inLanguage\":\"tr\",\"@id\":\"https:\\\/\\\/gtmteknoloji.com\\\/b2b\\\/magaza\\\/network\\\/network-kartlari\\\/connectx-6-lx-dual-25gbe-single-50gbe\\\/#primaryimage\",\"url\":\"https:\\\/\\\/gtmteknoloji.com\\\/b2b\\\/wp-content\\\/uploads\\\/2021\\\/01\\\/1111-20200731161224-1.png\",\"contentUrl\":\"https:\\\/\\\/gtmteknoloji.com\\\/b2b\\\/wp-content\\\/uploads\\\/2021\\\/01\\\/1111-20200731161224-1.png\",\"width\":1650,\"height\":1138},{\"@type\":\"BreadcrumbList\",\"@id\":\"https:\\\/\\\/gtmteknoloji.com\\\/b2b\\\/magaza\\\/network\\\/network-kartlari\\\/connectx-6-lx-dual-25gbe-single-50gbe\\\/#breadcrumb\",\"itemListElement\":[{\"@type\":\"ListItem\",\"position\":1,\"name\":\"Home\",\"item\":\"https:\\\/\\\/gtmteknoloji.com\\\/b2b\\\/\"},{\"@type\":\"ListItem\",\"position\":2,\"name\":\"Ma\u011faza\",\"item\":\"https:\\\/\\\/gtmteknoloji.com\\\/b2b\\\/magaza\\\/\"},{\"@type\":\"ListItem\",\"position\":3,\"name\":\"ConnectX-6 Lx Dual 25GbE \\\/ Single 50GbE\"}]},{\"@type\":\"WebSite\",\"@id\":\"https:\\\/\\\/gtmteknoloji.com\\\/b2b\\\/#website\",\"url\":\"https:\\\/\\\/gtmteknoloji.com\\\/b2b\\\/\",\"name\":\"GTM Teknoloji\",\"description\":\"B2B Sat\u0131\u015f Portal\u0131\",\"publisher\":{\"@id\":\"https:\\\/\\\/gtmteknoloji.com\\\/b2b\\\/#organization\"},\"potentialAction\":[{\"@type\":\"SearchAction\",\"target\":{\"@type\":\"EntryPoint\",\"urlTemplate\":\"https:\\\/\\\/gtmteknoloji.com\\\/b2b\\\/?s={search_term_string}\"},\"query-input\":{\"@type\":\"PropertyValueSpecification\",\"valueRequired\":true,\"valueName\":\"search_term_string\"}}],\"inLanguage\":\"tr\"},{\"@type\":\"Organization\",\"@id\":\"https:\\\/\\\/gtmteknoloji.com\\\/b2b\\\/#organization\",\"name\":\"GTM Teknoloji\",\"url\":\"https:\\\/\\\/gtmteknoloji.com\\\/b2b\\\/\",\"logo\":{\"@type\":\"ImageObject\",\"inLanguage\":\"tr\",\"@id\":\"https:\\\/\\\/gtmteknoloji.com\\\/b2b\\\/#\\\/schema\\\/logo\\\/image\\\/\",\"url\":\"https:\\\/\\\/gtmteknoloji.com\\\/b2b\\\/wp-content\\\/uploads\\\/2020\\\/12\\\/GTM-logo.png\",\"contentUrl\":\"https:\\\/\\\/gtmteknoloji.com\\\/b2b\\\/wp-content\\\/uploads\\\/2020\\\/12\\\/GTM-logo.png\",\"width\":400,\"height\":400,\"caption\":\"GTM Teknoloji\"},\"image\":{\"@id\":\"https:\\\/\\\/gtmteknoloji.com\\\/b2b\\\/#\\\/schema\\\/logo\\\/image\\\/\"},\"sameAs\":[\"https:\\\/\\\/www.facebook.com\\\/SupermicroTurkiye\\\/?locale=tr_TR\",\"https:\\\/\\\/x.com\\\/gtmteknoloji\"]}]}<\/script>\n<meta property=\"product:brand\" content=\"Nvidia\" \/>\n<meta property=\"product:price:currency\" content=\"USD\" \/>\n<meta property=\"og:availability\" content=\"instock\" \/>\n<meta property=\"product:availability\" content=\"instock\" \/>\n<meta property=\"product:condition\" content=\"new\" \/>\n<!-- \/ Yoast SEO Premium plugin. -->","yoast_head_json":{"title":"ConnectX-6 Lx Dual 25GbE \/ Single 50GbE - GTM Teknoloji","robots":{"index":"index","follow":"follow","max-snippet":"max-snippet:-1","max-image-preview":"max-image-preview:large","max-video-preview":"max-video-preview:-1"},"canonical":"https:\/\/gtmteknoloji.com\/b2b\/magaza\/network\/network-kartlari\/connectx-6-lx-dual-25gbe-single-50gbe\/","og_locale":"tr_TR","og_type":"article","og_title":"ConnectX-6 Lx Dual 25GbE \/ Single 50GbE","og_description":"TEKL\u0130F AL ConnectX\u00ae-6 Lx Dual-Port 25GbE\/Single-Port 50GbE SmartNIC","og_url":"https:\/\/gtmteknoloji.com\/b2b\/magaza\/network\/network-kartlari\/connectx-6-lx-dual-25gbe-single-50gbe\/","og_site_name":"GTM Teknoloji","article_publisher":"https:\/\/www.facebook.com\/SupermicroTurkiye\/?locale=tr_TR","article_modified_time":"2025-04-14T01:27:22+00:00","og_image":[{"width":1650,"height":1138,"url":"https:\/\/gtmteknoloji.com\/b2b\/wp-content\/uploads\/2021\/01\/1111-20200731161224-1.png","type":"image\/png"}],"twitter_card":"summary_large_image","twitter_site":"@gtmteknoloji","twitter_misc":{"Fiyat":"","Durumu":"Stokta var"},"schema":{"@context":"https:\/\/schema.org","@graph":[{"@type":"WebPage","@id":"https:\/\/gtmteknoloji.com\/b2b\/magaza\/network\/network-kartlari\/connectx-6-lx-dual-25gbe-single-50gbe\/","url":"https:\/\/gtmteknoloji.com\/b2b\/magaza\/network\/network-kartlari\/connectx-6-lx-dual-25gbe-single-50gbe\/","name":"ConnectX-6 Lx Dual 25GbE \/ Single 50GbE - GTM Teknoloji","isPartOf":{"@id":"https:\/\/gtmteknoloji.com\/b2b\/#website"},"primaryImageOfPage":{"@id":"https:\/\/gtmteknoloji.com\/b2b\/magaza\/network\/network-kartlari\/connectx-6-lx-dual-25gbe-single-50gbe\/#primaryimage"},"image":{"@id":"https:\/\/gtmteknoloji.com\/b2b\/magaza\/network\/network-kartlari\/connectx-6-lx-dual-25gbe-single-50gbe\/#primaryimage"},"thumbnailUrl":"https:\/\/gtmteknoloji.com\/b2b\/wp-content\/uploads\/2021\/01\/1111-20200731161224-1.png","datePublished":"2025-04-14T01:27:16+00:00","dateModified":"2025-04-14T01:27:22+00:00","breadcrumb":{"@id":"https:\/\/gtmteknoloji.com\/b2b\/magaza\/network\/network-kartlari\/connectx-6-lx-dual-25gbe-single-50gbe\/#breadcrumb"},"inLanguage":"tr","potentialAction":[{"@type":"ReadAction","target":["https:\/\/gtmteknoloji.com\/b2b\/magaza\/network\/network-kartlari\/connectx-6-lx-dual-25gbe-single-50gbe\/"]}]},{"@type":"ImageObject","inLanguage":"tr","@id":"https:\/\/gtmteknoloji.com\/b2b\/magaza\/network\/network-kartlari\/connectx-6-lx-dual-25gbe-single-50gbe\/#primaryimage","url":"https:\/\/gtmteknoloji.com\/b2b\/wp-content\/uploads\/2021\/01\/1111-20200731161224-1.png","contentUrl":"https:\/\/gtmteknoloji.com\/b2b\/wp-content\/uploads\/2021\/01\/1111-20200731161224-1.png","width":1650,"height":1138},{"@type":"BreadcrumbList","@id":"https:\/\/gtmteknoloji.com\/b2b\/magaza\/network\/network-kartlari\/connectx-6-lx-dual-25gbe-single-50gbe\/#breadcrumb","itemListElement":[{"@type":"ListItem","position":1,"name":"Home","item":"https:\/\/gtmteknoloji.com\/b2b\/"},{"@type":"ListItem","position":2,"name":"Ma\u011faza","item":"https:\/\/gtmteknoloji.com\/b2b\/magaza\/"},{"@type":"ListItem","position":3,"name":"ConnectX-6 Lx Dual 25GbE \/ Single 50GbE"}]},{"@type":"WebSite","@id":"https:\/\/gtmteknoloji.com\/b2b\/#website","url":"https:\/\/gtmteknoloji.com\/b2b\/","name":"GTM Teknoloji","description":"B2B Sat\u0131\u015f Portal\u0131","publisher":{"@id":"https:\/\/gtmteknoloji.com\/b2b\/#organization"},"potentialAction":[{"@type":"SearchAction","target":{"@type":"EntryPoint","urlTemplate":"https:\/\/gtmteknoloji.com\/b2b\/?s={search_term_string}"},"query-input":{"@type":"PropertyValueSpecification","valueRequired":true,"valueName":"search_term_string"}}],"inLanguage":"tr"},{"@type":"Organization","@id":"https:\/\/gtmteknoloji.com\/b2b\/#organization","name":"GTM Teknoloji","url":"https:\/\/gtmteknoloji.com\/b2b\/","logo":{"@type":"ImageObject","inLanguage":"tr","@id":"https:\/\/gtmteknoloji.com\/b2b\/#\/schema\/logo\/image\/","url":"https:\/\/gtmteknoloji.com\/b2b\/wp-content\/uploads\/2020\/12\/GTM-logo.png","contentUrl":"https:\/\/gtmteknoloji.com\/b2b\/wp-content\/uploads\/2020\/12\/GTM-logo.png","width":400,"height":400,"caption":"GTM Teknoloji"},"image":{"@id":"https:\/\/gtmteknoloji.com\/b2b\/#\/schema\/logo\/image\/"},"sameAs":["https:\/\/www.facebook.com\/SupermicroTurkiye\/?locale=tr_TR","https:\/\/x.com\/gtmteknoloji"]}]},"product_brand":"Nvidia","product_price_currency":"USD","og_availability":"instock","product_availability":"instock","product_condition":"new"},"_links":{"self":[{"href":"https:\/\/gtmteknoloji.com\/b2b\/wp-json\/wp\/v2\/product\/9745","targetHints":{"allow":["GET"]}}],"collection":[{"href":"https:\/\/gtmteknoloji.com\/b2b\/wp-json\/wp\/v2\/product"}],"about":[{"href":"https:\/\/gtmteknoloji.com\/b2b\/wp-json\/wp\/v2\/types\/product"}],"version-history":[{"count":1,"href":"https:\/\/gtmteknoloji.com\/b2b\/wp-json\/wp\/v2\/product\/9745\/revisions"}],"predecessor-version":[{"id":9775,"href":"https:\/\/gtmteknoloji.com\/b2b\/wp-json\/wp\/v2\/product\/9745\/revisions\/9775"}],"wp:featuredmedia":[{"embeddable":true,"href":"https:\/\/gtmteknoloji.com\/b2b\/wp-json\/wp\/v2\/media\/6325"}],"wp:attachment":[{"href":"https:\/\/gtmteknoloji.com\/b2b\/wp-json\/wp\/v2\/media?parent=9745"}],"wp:term":[{"taxonomy":"product_brand","embeddable":true,"href":"https:\/\/gtmteknoloji.com\/b2b\/wp-json\/wp\/v2\/product_brand?post=9745"},{"taxonomy":"product_cat","embeddable":true,"href":"https:\/\/gtmteknoloji.com\/b2b\/wp-json\/wp\/v2\/product_cat?post=9745"},{"taxonomy":"product_tag","embeddable":true,"href":"https:\/\/gtmteknoloji.com\/b2b\/wp-json\/wp\/v2\/product_tag?post=9745"}],"curies":[{"name":"wp","href":"https:\/\/api.w.org\/{rel}","templated":true}]}}