{"id":9746,"date":"2025-04-14T04:27:16","date_gmt":"2025-04-14T01:27:16","guid":{"rendered":"https:\/\/gtmteknoloji.com\/b2b\/?post_type=product&#038;p=9746"},"modified":"2025-04-14T04:27:22","modified_gmt":"2025-04-14T01:27:22","slug":"connectx-6-200gbe-single-dual-port","status":"publish","type":"product","link":"https:\/\/gtmteknoloji.com\/b2b\/magaza\/network\/network-kartlari\/connectx-6-200gbe-single-dual-port\/","title":{"rendered":"ConnectX-6 200GbE Single\/Dual-Port"},"content":{"rendered":"<p>Mellanox Smart Interconnect paketine en yeni eklemeler olan ve Ortak Tasar\u0131m ve A\u011f \u0130\u00e7i Hesaplamay\u0131 destekleyen Ak\u0131ll\u0131 ConnectX-6 adapt\u00f6r kartlar\u0131, Bulut, Web 2.0, B\u00fcy\u00fck Veri, Depolama ve Makine \u00d6\u011frenimi uygulamalar\u0131n\u0131 en \u00fcst d\u00fczeye \u00e7\u0131karmak i\u00e7in yeni h\u0131zland\u0131rma motorlar\u0131 sunar.<\/p>\n<p>ConnectX-6 EN, en zorlu uygulamalar ve pazarlar i\u00e7in en y\u00fcksek performans\u0131 ve en esnek \u00e7\u00f6z\u00fcm\u00fc sa\u011flayan 200 Gb \/ sn Ethernet ba\u011flant\u0131s\u0131, 800 nanosaniyenin alt\u0131nda gecikme s\u00fcresi ve saniyede 215 milyon mesaj i\u00e7eren iki ba\u011flant\u0131 noktas\u0131n\u0131 destekler.<\/p>\n<p>ConnectX-6, kontrol d\u00fczlemini de\u011fi\u015ftirmeden korurken NIC donan\u0131m\u0131ndaki veri d\u00fczlemini y\u00f6neterek vSwitch \/ vRouter&#8217;\u0131 bo\u015faltmak i\u00e7in Mellanox H\u0131zland\u0131r\u0131lm\u0131\u015f Anahtarlama ve Paket \u0130\u015fleme (ASAP2) Direct teknolojisini sunar.\u00a0Sonu\u00e7 olarak, ili\u015fkili CPU y\u00fck\u00fc olmadan \u00f6nemli \u00f6l\u00e7\u00fcde daha y\u00fcksek vSwitch \/ vRouter performans\u0131 elde edilir.<\/p>\n<p>ConnectX-6, blok d\u00fczeyinde \u015fifreleme sa\u011flayarak a\u011f g\u00fcvenli\u011finde \u00e7ok \u00f6nemli bir yenilik sunar.\u00a0Aktar\u0131m halindeki veriler, depolan\u0131rken veya al\u0131n\u0131rken \u015fifreleme ve \u015fifre \u00e7\u00f6zme i\u015flemine tabi tutulur.\u00a0\u015eifreleme \/ \u015fifre \u00e7\u00f6zme, ConnectX-6 donan\u0131m\u0131 taraf\u0131ndan y\u00fcks\u00fczle\u015ftirilerek gecikmeden ve CPU y\u00fck\u00fcnden tasarruf edilir.\u00a0ConnectX-6 blok d\u00fczeyinde \u015fifreleme aktar\u0131m\u0131, farkl\u0131 \u015fifreleme anahtarlar\u0131 kullan\u0131labildi\u011finden, ayn\u0131 kaynaklar\u0131 payla\u015fan kullan\u0131c\u0131lar aras\u0131nda koruma sa\u011flar.<\/p>\n<p>Makine \u00f6\u011frenimi, derin sinir a\u011flar\u0131n\u0131 e\u011fitmek ve tan\u0131ma ve s\u0131n\u0131fland\u0131rma do\u011frulu\u011funu iyile\u015ftirmek i\u00e7in \u00f6zellikle y\u00fcksek verim ve d\u00fc\u015f\u00fck gecikmeye dayan\u0131r.\u00a0200 Gb \/ sn i\u015flem hacmi sa\u011flayan ilk adapt\u00f6r olan ConnectX-6, makine \u00f6\u011frenimi uygulamalar\u0131na ihtiya\u00e7 duyduklar\u0131 performans ve \u00f6l\u00e7eklenebilirlik d\u00fczeylerini sa\u011flamak i\u00e7in m\u00fckemmel bir \u00e7\u00f6z\u00fcmd\u00fcr.<\/p>\n","protected":false},"excerpt":{"rendered":"<div id=\"home\" class=\"row main-row inner-space-mobile\">\n<div class=\"col-sm-12 col-centered main-section\">\n<div class=\"inner-container no-border overview-section\">\n<div id=\"home\" class=\"col-sm-12\">\n<div id=\"home\" class=\"row main-row inner-space-mobile\">\n<div class=\"col-sm-12 col-centered main-section\">\n<div class=\"inner-container no-border overview-section\">\n<div id=\"home\" class=\"col-sm-12\">\n<h1><a href=\"https:\/\/gtmteknoloji.com\/teklif-talep\/\">TEKL\u0130F AL<\/a><\/h1>\n<h5>ConnectX\u00ae-6 EN Single\/Dual-Port Adapter Supporting 200Gb\/s Ethernet<\/h5>\n<\/div>\n<\/div>\n<\/div>\n<\/div>\n<\/div>\n<\/div>\n<\/div>\n<\/div>\n","protected":false},"featured_media":6328,"template":"","meta":[],"product_brand":[342],"product_cat":[2366,2424],"product_tag":[2426,2432,2427,2428,2429],"class_list":{"0":"post-9746","1":"product","2":"type-product","3":"status-publish","4":"has-post-thumbnail","6":"product_brand-nvidia-npn-partner-gtmteknoloji","7":"product_cat-network","8":"product_cat-network-kartlari","9":"product_tag-connectx-6-dx","10":"product_tag-connectx-6-en-single-dual-port-adapter-supporting-200gb-s-ethernet","11":"product_tag-dual-port","12":"product_tag-single-port","13":"product_tag-smartnic","15":"first","16":"instock","17":"taxable","18":"shipping-taxable","19":"product-type-external"},"yoast_head":"<!-- This site is optimized with the Yoast SEO Premium plugin v27.4 (Yoast SEO v27.4) - https:\/\/yoast.com\/product\/yoast-seo-premium-wordpress\/ -->\n<title>ConnectX-6 200GbE Single\/Dual-Port - GTM Teknoloji<\/title>\n<meta name=\"robots\" content=\"index, follow, max-snippet:-1, max-image-preview:large, max-video-preview:-1\" \/>\n<link rel=\"canonical\" href=\"https:\/\/gtmteknoloji.com\/b2b\/magaza\/network\/network-kartlari\/connectx-6-200gbe-single-dual-port\/\" \/>\n<meta property=\"og:locale\" content=\"tr_TR\" \/>\n<meta property=\"og:type\" content=\"article\" \/>\n<meta property=\"og:title\" content=\"ConnectX-6 200GbE Single\/Dual-Port\" \/>\n<meta property=\"og:description\" content=\"TEKL\u0130F AL ConnectX\u00ae-6 EN Single\/Dual-Port Adapter Supporting 200Gb\/s Ethernet\" \/>\n<meta property=\"og:url\" content=\"https:\/\/gtmteknoloji.com\/b2b\/magaza\/network\/network-kartlari\/connectx-6-200gbe-single-dual-port\/\" \/>\n<meta property=\"og:site_name\" content=\"GTM Teknoloji\" \/>\n<meta property=\"article:publisher\" content=\"https:\/\/www.facebook.com\/SupermicroTurkiye\/?locale=tr_TR\" \/>\n<meta property=\"article:modified_time\" content=\"2025-04-14T01:27:22+00:00\" \/>\n<meta property=\"og:image\" content=\"https:\/\/gtmteknoloji.com\/b2b\/wp-content\/uploads\/2021\/01\/gfx_04030.jpg\" \/>\n\t<meta property=\"og:image:width\" content=\"1000\" \/>\n\t<meta property=\"og:image:height\" content=\"769\" \/>\n\t<meta property=\"og:image:type\" content=\"image\/jpeg\" \/>\n<meta name=\"twitter:card\" content=\"summary_large_image\" \/>\n<meta name=\"twitter:site\" content=\"@gtmteknoloji\" \/>\n<meta name=\"twitter:label1\" content=\"Fiyat\" \/>\n\t<meta name=\"twitter:data1\" content=\"\" \/>\n\t<meta name=\"twitter:label2\" content=\"Durumu\" \/>\n\t<meta name=\"twitter:data2\" content=\"Stokta var\" \/>\n<script type=\"application\/ld+json\" class=\"yoast-schema-graph\">{\"@context\":\"https:\\\/\\\/schema.org\",\"@graph\":[{\"@type\":\"WebPage\",\"@id\":\"https:\\\/\\\/gtmteknoloji.com\\\/b2b\\\/magaza\\\/network\\\/network-kartlari\\\/connectx-6-200gbe-single-dual-port\\\/\",\"url\":\"https:\\\/\\\/gtmteknoloji.com\\\/b2b\\\/magaza\\\/network\\\/network-kartlari\\\/connectx-6-200gbe-single-dual-port\\\/\",\"name\":\"ConnectX-6 200GbE Single\\\/Dual-Port - GTM Teknoloji\",\"isPartOf\":{\"@id\":\"https:\\\/\\\/gtmteknoloji.com\\\/b2b\\\/#website\"},\"primaryImageOfPage\":{\"@id\":\"https:\\\/\\\/gtmteknoloji.com\\\/b2b\\\/magaza\\\/network\\\/network-kartlari\\\/connectx-6-200gbe-single-dual-port\\\/#primaryimage\"},\"image\":{\"@id\":\"https:\\\/\\\/gtmteknoloji.com\\\/b2b\\\/magaza\\\/network\\\/network-kartlari\\\/connectx-6-200gbe-single-dual-port\\\/#primaryimage\"},\"thumbnailUrl\":\"https:\\\/\\\/gtmteknoloji.com\\\/b2b\\\/wp-content\\\/uploads\\\/2021\\\/01\\\/gfx_04030.jpg\",\"datePublished\":\"2025-04-14T01:27:16+00:00\",\"dateModified\":\"2025-04-14T01:27:22+00:00\",\"breadcrumb\":{\"@id\":\"https:\\\/\\\/gtmteknoloji.com\\\/b2b\\\/magaza\\\/network\\\/network-kartlari\\\/connectx-6-200gbe-single-dual-port\\\/#breadcrumb\"},\"inLanguage\":\"tr\",\"potentialAction\":[{\"@type\":\"ReadAction\",\"target\":[\"https:\\\/\\\/gtmteknoloji.com\\\/b2b\\\/magaza\\\/network\\\/network-kartlari\\\/connectx-6-200gbe-single-dual-port\\\/\"]}]},{\"@type\":\"ImageObject\",\"inLanguage\":\"tr\",\"@id\":\"https:\\\/\\\/gtmteknoloji.com\\\/b2b\\\/magaza\\\/network\\\/network-kartlari\\\/connectx-6-200gbe-single-dual-port\\\/#primaryimage\",\"url\":\"https:\\\/\\\/gtmteknoloji.com\\\/b2b\\\/wp-content\\\/uploads\\\/2021\\\/01\\\/gfx_04030.jpg\",\"contentUrl\":\"https:\\\/\\\/gtmteknoloji.com\\\/b2b\\\/wp-content\\\/uploads\\\/2021\\\/01\\\/gfx_04030.jpg\",\"width\":1000,\"height\":769},{\"@type\":\"BreadcrumbList\",\"@id\":\"https:\\\/\\\/gtmteknoloji.com\\\/b2b\\\/magaza\\\/network\\\/network-kartlari\\\/connectx-6-200gbe-single-dual-port\\\/#breadcrumb\",\"itemListElement\":[{\"@type\":\"ListItem\",\"position\":1,\"name\":\"Home\",\"item\":\"https:\\\/\\\/gtmteknoloji.com\\\/b2b\\\/\"},{\"@type\":\"ListItem\",\"position\":2,\"name\":\"Ma\u011faza\",\"item\":\"https:\\\/\\\/gtmteknoloji.com\\\/b2b\\\/magaza\\\/\"},{\"@type\":\"ListItem\",\"position\":3,\"name\":\"ConnectX-6 200GbE Single\\\/Dual-Port\"}]},{\"@type\":\"WebSite\",\"@id\":\"https:\\\/\\\/gtmteknoloji.com\\\/b2b\\\/#website\",\"url\":\"https:\\\/\\\/gtmteknoloji.com\\\/b2b\\\/\",\"name\":\"GTM Teknoloji\",\"description\":\"B2B Sat\u0131\u015f Portal\u0131\",\"publisher\":{\"@id\":\"https:\\\/\\\/gtmteknoloji.com\\\/b2b\\\/#organization\"},\"potentialAction\":[{\"@type\":\"SearchAction\",\"target\":{\"@type\":\"EntryPoint\",\"urlTemplate\":\"https:\\\/\\\/gtmteknoloji.com\\\/b2b\\\/?s={search_term_string}\"},\"query-input\":{\"@type\":\"PropertyValueSpecification\",\"valueRequired\":true,\"valueName\":\"search_term_string\"}}],\"inLanguage\":\"tr\"},{\"@type\":\"Organization\",\"@id\":\"https:\\\/\\\/gtmteknoloji.com\\\/b2b\\\/#organization\",\"name\":\"GTM Teknoloji\",\"url\":\"https:\\\/\\\/gtmteknoloji.com\\\/b2b\\\/\",\"logo\":{\"@type\":\"ImageObject\",\"inLanguage\":\"tr\",\"@id\":\"https:\\\/\\\/gtmteknoloji.com\\\/b2b\\\/#\\\/schema\\\/logo\\\/image\\\/\",\"url\":\"https:\\\/\\\/gtmteknoloji.com\\\/b2b\\\/wp-content\\\/uploads\\\/2020\\\/12\\\/GTM-logo.png\",\"contentUrl\":\"https:\\\/\\\/gtmteknoloji.com\\\/b2b\\\/wp-content\\\/uploads\\\/2020\\\/12\\\/GTM-logo.png\",\"width\":400,\"height\":400,\"caption\":\"GTM Teknoloji\"},\"image\":{\"@id\":\"https:\\\/\\\/gtmteknoloji.com\\\/b2b\\\/#\\\/schema\\\/logo\\\/image\\\/\"},\"sameAs\":[\"https:\\\/\\\/www.facebook.com\\\/SupermicroTurkiye\\\/?locale=tr_TR\",\"https:\\\/\\\/x.com\\\/gtmteknoloji\"]}]}<\/script>\n<meta property=\"product:brand\" content=\"Nvidia\" \/>\n<meta property=\"product:price:currency\" content=\"USD\" \/>\n<meta property=\"og:availability\" content=\"instock\" \/>\n<meta property=\"product:availability\" content=\"instock\" \/>\n<meta property=\"product:condition\" content=\"new\" \/>\n<!-- \/ Yoast SEO Premium plugin. -->","yoast_head_json":{"title":"ConnectX-6 200GbE Single\/Dual-Port - GTM Teknoloji","robots":{"index":"index","follow":"follow","max-snippet":"max-snippet:-1","max-image-preview":"max-image-preview:large","max-video-preview":"max-video-preview:-1"},"canonical":"https:\/\/gtmteknoloji.com\/b2b\/magaza\/network\/network-kartlari\/connectx-6-200gbe-single-dual-port\/","og_locale":"tr_TR","og_type":"article","og_title":"ConnectX-6 200GbE Single\/Dual-Port","og_description":"TEKL\u0130F AL ConnectX\u00ae-6 EN Single\/Dual-Port Adapter Supporting 200Gb\/s Ethernet","og_url":"https:\/\/gtmteknoloji.com\/b2b\/magaza\/network\/network-kartlari\/connectx-6-200gbe-single-dual-port\/","og_site_name":"GTM Teknoloji","article_publisher":"https:\/\/www.facebook.com\/SupermicroTurkiye\/?locale=tr_TR","article_modified_time":"2025-04-14T01:27:22+00:00","og_image":[{"width":1000,"height":769,"url":"https:\/\/gtmteknoloji.com\/b2b\/wp-content\/uploads\/2021\/01\/gfx_04030.jpg","type":"image\/jpeg"}],"twitter_card":"summary_large_image","twitter_site":"@gtmteknoloji","twitter_misc":{"Fiyat":"","Durumu":"Stokta var"},"schema":{"@context":"https:\/\/schema.org","@graph":[{"@type":"WebPage","@id":"https:\/\/gtmteknoloji.com\/b2b\/magaza\/network\/network-kartlari\/connectx-6-200gbe-single-dual-port\/","url":"https:\/\/gtmteknoloji.com\/b2b\/magaza\/network\/network-kartlari\/connectx-6-200gbe-single-dual-port\/","name":"ConnectX-6 200GbE Single\/Dual-Port - GTM Teknoloji","isPartOf":{"@id":"https:\/\/gtmteknoloji.com\/b2b\/#website"},"primaryImageOfPage":{"@id":"https:\/\/gtmteknoloji.com\/b2b\/magaza\/network\/network-kartlari\/connectx-6-200gbe-single-dual-port\/#primaryimage"},"image":{"@id":"https:\/\/gtmteknoloji.com\/b2b\/magaza\/network\/network-kartlari\/connectx-6-200gbe-single-dual-port\/#primaryimage"},"thumbnailUrl":"https:\/\/gtmteknoloji.com\/b2b\/wp-content\/uploads\/2021\/01\/gfx_04030.jpg","datePublished":"2025-04-14T01:27:16+00:00","dateModified":"2025-04-14T01:27:22+00:00","breadcrumb":{"@id":"https:\/\/gtmteknoloji.com\/b2b\/magaza\/network\/network-kartlari\/connectx-6-200gbe-single-dual-port\/#breadcrumb"},"inLanguage":"tr","potentialAction":[{"@type":"ReadAction","target":["https:\/\/gtmteknoloji.com\/b2b\/magaza\/network\/network-kartlari\/connectx-6-200gbe-single-dual-port\/"]}]},{"@type":"ImageObject","inLanguage":"tr","@id":"https:\/\/gtmteknoloji.com\/b2b\/magaza\/network\/network-kartlari\/connectx-6-200gbe-single-dual-port\/#primaryimage","url":"https:\/\/gtmteknoloji.com\/b2b\/wp-content\/uploads\/2021\/01\/gfx_04030.jpg","contentUrl":"https:\/\/gtmteknoloji.com\/b2b\/wp-content\/uploads\/2021\/01\/gfx_04030.jpg","width":1000,"height":769},{"@type":"BreadcrumbList","@id":"https:\/\/gtmteknoloji.com\/b2b\/magaza\/network\/network-kartlari\/connectx-6-200gbe-single-dual-port\/#breadcrumb","itemListElement":[{"@type":"ListItem","position":1,"name":"Home","item":"https:\/\/gtmteknoloji.com\/b2b\/"},{"@type":"ListItem","position":2,"name":"Ma\u011faza","item":"https:\/\/gtmteknoloji.com\/b2b\/magaza\/"},{"@type":"ListItem","position":3,"name":"ConnectX-6 200GbE Single\/Dual-Port"}]},{"@type":"WebSite","@id":"https:\/\/gtmteknoloji.com\/b2b\/#website","url":"https:\/\/gtmteknoloji.com\/b2b\/","name":"GTM Teknoloji","description":"B2B Sat\u0131\u015f Portal\u0131","publisher":{"@id":"https:\/\/gtmteknoloji.com\/b2b\/#organization"},"potentialAction":[{"@type":"SearchAction","target":{"@type":"EntryPoint","urlTemplate":"https:\/\/gtmteknoloji.com\/b2b\/?s={search_term_string}"},"query-input":{"@type":"PropertyValueSpecification","valueRequired":true,"valueName":"search_term_string"}}],"inLanguage":"tr"},{"@type":"Organization","@id":"https:\/\/gtmteknoloji.com\/b2b\/#organization","name":"GTM Teknoloji","url":"https:\/\/gtmteknoloji.com\/b2b\/","logo":{"@type":"ImageObject","inLanguage":"tr","@id":"https:\/\/gtmteknoloji.com\/b2b\/#\/schema\/logo\/image\/","url":"https:\/\/gtmteknoloji.com\/b2b\/wp-content\/uploads\/2020\/12\/GTM-logo.png","contentUrl":"https:\/\/gtmteknoloji.com\/b2b\/wp-content\/uploads\/2020\/12\/GTM-logo.png","width":400,"height":400,"caption":"GTM Teknoloji"},"image":{"@id":"https:\/\/gtmteknoloji.com\/b2b\/#\/schema\/logo\/image\/"},"sameAs":["https:\/\/www.facebook.com\/SupermicroTurkiye\/?locale=tr_TR","https:\/\/x.com\/gtmteknoloji"]}]},"product_brand":"Nvidia","product_price_currency":"USD","og_availability":"instock","product_availability":"instock","product_condition":"new"},"_links":{"self":[{"href":"https:\/\/gtmteknoloji.com\/b2b\/wp-json\/wp\/v2\/product\/9746","targetHints":{"allow":["GET"]}}],"collection":[{"href":"https:\/\/gtmteknoloji.com\/b2b\/wp-json\/wp\/v2\/product"}],"about":[{"href":"https:\/\/gtmteknoloji.com\/b2b\/wp-json\/wp\/v2\/types\/product"}],"version-history":[{"count":1,"href":"https:\/\/gtmteknoloji.com\/b2b\/wp-json\/wp\/v2\/product\/9746\/revisions"}],"predecessor-version":[{"id":9776,"href":"https:\/\/gtmteknoloji.com\/b2b\/wp-json\/wp\/v2\/product\/9746\/revisions\/9776"}],"wp:featuredmedia":[{"embeddable":true,"href":"https:\/\/gtmteknoloji.com\/b2b\/wp-json\/wp\/v2\/media\/6328"}],"wp:attachment":[{"href":"https:\/\/gtmteknoloji.com\/b2b\/wp-json\/wp\/v2\/media?parent=9746"}],"wp:term":[{"taxonomy":"product_brand","embeddable":true,"href":"https:\/\/gtmteknoloji.com\/b2b\/wp-json\/wp\/v2\/product_brand?post=9746"},{"taxonomy":"product_cat","embeddable":true,"href":"https:\/\/gtmteknoloji.com\/b2b\/wp-json\/wp\/v2\/product_cat?post=9746"},{"taxonomy":"product_tag","embeddable":true,"href":"https:\/\/gtmteknoloji.com\/b2b\/wp-json\/wp\/v2\/product_tag?post=9746"}],"curies":[{"name":"wp","href":"https:\/\/api.w.org\/{rel}","templated":true}]}}