{"id":9748,"date":"2025-04-14T04:27:17","date_gmt":"2025-04-14T01:27:17","guid":{"rendered":"https:\/\/gtmteknoloji.com\/b2b\/?post_type=product&#038;p=9748"},"modified":"2025-04-14T04:27:23","modified_gmt":"2025-04-14T01:27:23","slug":"connectx-4-lx-10-25-40-50gbe","status":"publish","type":"product","link":"https:\/\/gtmteknoloji.com\/b2b\/magaza\/network\/network-kartlari\/connectx-4-lx-10-25-40-50gbe\/","title":{"rendered":"ConnectX-4 Lx 10\/25\/40\/50GbE"},"content":{"rendered":"<p>Ethernet ba\u011flant\u0131 adresleri ile ConnectX-4 Lx EN A\u011f Denetleyicisi Sanalla\u015ft\u0131r\u0131lm\u0131\u015f altyap\u0131 zorluklar\u0131, \u00e7e\u015fitli zorlu pazarlara ve uygulamalara s\u0131n\u0131f\u0131n\u0131n en iyisi ve en y\u00fcksek performans\u0131 sunar.\u00a0E\u015fsiz \u00f6l\u00e7eklenebilirlik ve verimlilikle ger\u00e7ek donan\u0131m tabanl\u0131 G \/ \u00c7 izolasyonu sa\u011flayarak Web 2.0, Bulut, veri analizi, veritaban\u0131 ve depolama platformlar\u0131 i\u00e7in en uygun maliyetli ve esnek \u00e7\u00f6z\u00fcm\u00fc elde eder.<\/p>\n<p>ConnectX-4 Lx EN, 1, 10, 25, 40 ve 50GbE bant geni\u015fli\u011fi, mikrosaniyenin alt\u0131nda gecikme ve saniyede 75 milyon paket mesaj h\u0131z\u0131n\u0131n e\u015fsiz bir kombinasyonunu sa\u011flar.\u00a0Yak\u0131nsanm\u0131\u015f Ethernet \u00fczerinden RDMA i\u00e7in yerel donan\u0131m deste\u011fi, Ethernet durumsuz y\u00fck aktar\u0131m\u0131 motorlar\u0131, Yerle\u015fimli A\u011flar ve GPUDirect\u00a0<sup>\u00ae<\/sup>\u00a0Teknolojisi i\u00e7erir.<\/p>\n<p><img decoding=\"async\" src=\"https:\/\/www.mellanox.com\/sites\/default\/files\/img\/products\/open_sml.jpg\" \/><br \/>\nA\u00e7\u0131k Bili\u015fim Projesi (OCP) misyonu, en uygun maliyetli, enerji a\u00e7\u0131s\u0131ndan verimli ve \u00f6l\u00e7eklenebilir kurulu\u015f ve Web 2.0 veri merkezlerini geli\u015ftirmek ve belirlemektir.\u00a0Mellanox ConnectX-4 Lx EN OCP adapt\u00f6r kartlar\u0131, Web 2.0, Kurumsal Veri Merkezleri ve Bulut ortamlar\u0131nda performans odakl\u0131 sunucu ve depolama uygulamalar\u0131 i\u00e7in \u00f6nde gelen Ethernet ba\u011flant\u0131s\u0131 sa\u011flar.\u00a0OCP Mezzanine adapt\u00f6r form fakt\u00f6r\u00fc, OCP sunucular\u0131yla e\u015fle\u015fecek \u015fekilde tasarlanm\u0131\u015ft\u0131r.\u00a0Open Compute Project (OCP) i\u00e7in ConnectX-4 Lx EN, kullan\u0131labilir bant geni\u015fli\u011fini art\u0131rarak a\u011f performans\u0131n\u0131 iyile\u015ftirirken, \u00f6zellikle sanalla\u015ft\u0131r\u0131lm\u0131\u015f sunucu ortamlar\u0131nda CPU \u00fczerindeki ili\u015fkili ta\u015f\u0131ma y\u00fck\u00fcn\u00fc azalt\u0131r.\u00a0Ayr\u0131ca ConnectX-4 Lx EN, yeni Multi-Host teknolojisini sunar,<\/p>\n","protected":false},"excerpt":{"rendered":"<div id=\"home\" class=\"row main-row inner-space-mobile\">\n<div class=\"col-sm-12 col-centered main-section\">\n<div class=\"inner-container no-border overview-section\">\n<div id=\"home\" class=\"col-sm-12\">\n<div id=\"home\" class=\"row main-row inner-space-mobile\">\n<div class=\"col-sm-12 col-centered main-section\">\n<div class=\"inner-container no-border overview-section\">\n<div id=\"home\" class=\"col-sm-12\">\n<h1><a href=\"https:\/\/gtmteknoloji.com\/teklif-talep\/\">TEKL\u0130F AL<\/a><\/h1>\n<h5>ConnectX<sup>\u00ae<\/sup>-4 Lx EN Cards<\/h5>\n<h5><strong>Mellanox Multi-Host\u00a0<sup>\u00ae<\/sup>\u00a0teknolojisini, RDMA&#8217;y\u0131, Overlay Networks Encapsulation \/ Decapsulation ve daha fazlas\u0131n\u0131\u00a0destekleyen 10\/25\/40\/50 Gigabit Ethernet Adapt\u00f6r Kartlar\u0131 1\/10\/25\/40\/50GB\/s<\/strong><\/h5>\n<\/div>\n<\/div>\n<\/div>\n<\/div>\n<\/div>\n<\/div>\n<\/div>\n<\/div>\n","protected":false},"featured_media":6334,"template":"","meta":[],"product_brand":[342],"product_cat":[2366,2424],"product_tag":[2436,2437,2438,2427,2428,2429],"class_list":{"0":"post-9748","1":"product","2":"type-product","3":"status-publish","4":"has-post-thumbnail","6":"product_brand-nvidia-npn-partner-gtmteknoloji","7":"product_cat-network","8":"product_cat-network-kartlari","9":"product_tag-10-25-40-50-gigabit-ethernet-adapter-cards","10":"product_tag-connectx-4-lx-10-25-40-50gbe","11":"product_tag-connectx-4-lx-en-cards","12":"product_tag-dual-port","13":"product_tag-single-port","14":"product_tag-smartnic","16":"first","17":"instock","18":"taxable","19":"shipping-taxable","20":"product-type-external"},"yoast_head":"<!-- This site is optimized with the Yoast SEO Premium plugin v27.4 (Yoast SEO v27.4) - https:\/\/yoast.com\/product\/yoast-seo-premium-wordpress\/ -->\n<title>ConnectX-4 Lx 10\/25\/40\/50GbE - GTM Teknoloji<\/title>\n<meta name=\"robots\" content=\"index, follow, max-snippet:-1, max-image-preview:large, max-video-preview:-1\" \/>\n<link rel=\"canonical\" href=\"https:\/\/gtmteknoloji.com\/b2b\/magaza\/network\/network-kartlari\/connectx-4-lx-10-25-40-50gbe\/\" \/>\n<meta property=\"og:locale\" content=\"tr_TR\" \/>\n<meta property=\"og:type\" content=\"article\" \/>\n<meta property=\"og:title\" content=\"ConnectX-4 Lx 10\/25\/40\/50GbE\" \/>\n<meta property=\"og:description\" content=\"TEKL\u0130F AL ConnectX\u00ae-4 Lx EN Cards Mellanox Multi-Host\u00a0\u00ae\u00a0teknolojisini, RDMA&#039;y\u0131, Overlay Networks Encapsulation \/ Decapsulation ve daha fazlas\u0131n\u0131\u00a0destekleyen 10\/25\/40\/50 Gigabit Ethernet Adapt\u00f6r Kartlar\u0131 1\/10\/25\/40\/50GB\/s\" \/>\n<meta property=\"og:url\" content=\"https:\/\/gtmteknoloji.com\/b2b\/magaza\/network\/network-kartlari\/connectx-4-lx-10-25-40-50gbe\/\" \/>\n<meta property=\"og:site_name\" content=\"GTM Teknoloji\" \/>\n<meta property=\"article:publisher\" content=\"https:\/\/www.facebook.com\/SupermicroTurkiye\/?locale=tr_TR\" \/>\n<meta property=\"article:modified_time\" content=\"2025-04-14T01:27:23+00:00\" \/>\n<meta property=\"og:image\" content=\"https:\/\/gtmteknoloji.com\/b2b\/wp-content\/uploads\/2021\/01\/gfx_04030-1.jpg\" \/>\n\t<meta property=\"og:image:width\" content=\"235\" \/>\n\t<meta property=\"og:image:height\" content=\"187\" \/>\n\t<meta property=\"og:image:type\" content=\"image\/jpeg\" \/>\n<meta name=\"twitter:card\" content=\"summary_large_image\" \/>\n<meta name=\"twitter:site\" content=\"@gtmteknoloji\" \/>\n<meta name=\"twitter:label1\" content=\"Fiyat\" \/>\n\t<meta name=\"twitter:data1\" content=\"\" \/>\n\t<meta name=\"twitter:label2\" content=\"Durumu\" \/>\n\t<meta name=\"twitter:data2\" content=\"Stokta var\" \/>\n<script type=\"application\/ld+json\" class=\"yoast-schema-graph\">{\"@context\":\"https:\\\/\\\/schema.org\",\"@graph\":[{\"@type\":\"WebPage\",\"@id\":\"https:\\\/\\\/gtmteknoloji.com\\\/b2b\\\/magaza\\\/network\\\/network-kartlari\\\/connectx-4-lx-10-25-40-50gbe\\\/\",\"url\":\"https:\\\/\\\/gtmteknoloji.com\\\/b2b\\\/magaza\\\/network\\\/network-kartlari\\\/connectx-4-lx-10-25-40-50gbe\\\/\",\"name\":\"ConnectX-4 Lx 10\\\/25\\\/40\\\/50GbE - GTM Teknoloji\",\"isPartOf\":{\"@id\":\"https:\\\/\\\/gtmteknoloji.com\\\/b2b\\\/#website\"},\"primaryImageOfPage\":{\"@id\":\"https:\\\/\\\/gtmteknoloji.com\\\/b2b\\\/magaza\\\/network\\\/network-kartlari\\\/connectx-4-lx-10-25-40-50gbe\\\/#primaryimage\"},\"image\":{\"@id\":\"https:\\\/\\\/gtmteknoloji.com\\\/b2b\\\/magaza\\\/network\\\/network-kartlari\\\/connectx-4-lx-10-25-40-50gbe\\\/#primaryimage\"},\"thumbnailUrl\":\"https:\\\/\\\/gtmteknoloji.com\\\/b2b\\\/wp-content\\\/uploads\\\/2021\\\/01\\\/gfx_04030-1.jpg\",\"datePublished\":\"2025-04-14T01:27:17+00:00\",\"dateModified\":\"2025-04-14T01:27:23+00:00\",\"breadcrumb\":{\"@id\":\"https:\\\/\\\/gtmteknoloji.com\\\/b2b\\\/magaza\\\/network\\\/network-kartlari\\\/connectx-4-lx-10-25-40-50gbe\\\/#breadcrumb\"},\"inLanguage\":\"tr\",\"potentialAction\":[{\"@type\":\"ReadAction\",\"target\":[\"https:\\\/\\\/gtmteknoloji.com\\\/b2b\\\/magaza\\\/network\\\/network-kartlari\\\/connectx-4-lx-10-25-40-50gbe\\\/\"]}]},{\"@type\":\"ImageObject\",\"inLanguage\":\"tr\",\"@id\":\"https:\\\/\\\/gtmteknoloji.com\\\/b2b\\\/magaza\\\/network\\\/network-kartlari\\\/connectx-4-lx-10-25-40-50gbe\\\/#primaryimage\",\"url\":\"https:\\\/\\\/gtmteknoloji.com\\\/b2b\\\/wp-content\\\/uploads\\\/2021\\\/01\\\/gfx_04030-1.jpg\",\"contentUrl\":\"https:\\\/\\\/gtmteknoloji.com\\\/b2b\\\/wp-content\\\/uploads\\\/2021\\\/01\\\/gfx_04030-1.jpg\",\"width\":235,\"height\":187},{\"@type\":\"BreadcrumbList\",\"@id\":\"https:\\\/\\\/gtmteknoloji.com\\\/b2b\\\/magaza\\\/network\\\/network-kartlari\\\/connectx-4-lx-10-25-40-50gbe\\\/#breadcrumb\",\"itemListElement\":[{\"@type\":\"ListItem\",\"position\":1,\"name\":\"Home\",\"item\":\"https:\\\/\\\/gtmteknoloji.com\\\/b2b\\\/\"},{\"@type\":\"ListItem\",\"position\":2,\"name\":\"Ma\u011faza\",\"item\":\"https:\\\/\\\/gtmteknoloji.com\\\/b2b\\\/magaza\\\/\"},{\"@type\":\"ListItem\",\"position\":3,\"name\":\"ConnectX-4 Lx 10\\\/25\\\/40\\\/50GbE\"}]},{\"@type\":\"WebSite\",\"@id\":\"https:\\\/\\\/gtmteknoloji.com\\\/b2b\\\/#website\",\"url\":\"https:\\\/\\\/gtmteknoloji.com\\\/b2b\\\/\",\"name\":\"GTM Teknoloji\",\"description\":\"B2B Sat\u0131\u015f Portal\u0131\",\"publisher\":{\"@id\":\"https:\\\/\\\/gtmteknoloji.com\\\/b2b\\\/#organization\"},\"potentialAction\":[{\"@type\":\"SearchAction\",\"target\":{\"@type\":\"EntryPoint\",\"urlTemplate\":\"https:\\\/\\\/gtmteknoloji.com\\\/b2b\\\/?s={search_term_string}\"},\"query-input\":{\"@type\":\"PropertyValueSpecification\",\"valueRequired\":true,\"valueName\":\"search_term_string\"}}],\"inLanguage\":\"tr\"},{\"@type\":\"Organization\",\"@id\":\"https:\\\/\\\/gtmteknoloji.com\\\/b2b\\\/#organization\",\"name\":\"GTM Teknoloji\",\"url\":\"https:\\\/\\\/gtmteknoloji.com\\\/b2b\\\/\",\"logo\":{\"@type\":\"ImageObject\",\"inLanguage\":\"tr\",\"@id\":\"https:\\\/\\\/gtmteknoloji.com\\\/b2b\\\/#\\\/schema\\\/logo\\\/image\\\/\",\"url\":\"https:\\\/\\\/gtmteknoloji.com\\\/b2b\\\/wp-content\\\/uploads\\\/2020\\\/12\\\/GTM-logo.png\",\"contentUrl\":\"https:\\\/\\\/gtmteknoloji.com\\\/b2b\\\/wp-content\\\/uploads\\\/2020\\\/12\\\/GTM-logo.png\",\"width\":400,\"height\":400,\"caption\":\"GTM Teknoloji\"},\"image\":{\"@id\":\"https:\\\/\\\/gtmteknoloji.com\\\/b2b\\\/#\\\/schema\\\/logo\\\/image\\\/\"},\"sameAs\":[\"https:\\\/\\\/www.facebook.com\\\/SupermicroTurkiye\\\/?locale=tr_TR\",\"https:\\\/\\\/x.com\\\/gtmteknoloji\"]}]}<\/script>\n<meta property=\"product:brand\" content=\"Nvidia\" \/>\n<meta property=\"product:price:currency\" content=\"USD\" \/>\n<meta property=\"og:availability\" content=\"instock\" \/>\n<meta property=\"product:availability\" content=\"instock\" \/>\n<meta property=\"product:condition\" content=\"new\" \/>\n<!-- \/ Yoast SEO Premium plugin. -->","yoast_head_json":{"title":"ConnectX-4 Lx 10\/25\/40\/50GbE - GTM Teknoloji","robots":{"index":"index","follow":"follow","max-snippet":"max-snippet:-1","max-image-preview":"max-image-preview:large","max-video-preview":"max-video-preview:-1"},"canonical":"https:\/\/gtmteknoloji.com\/b2b\/magaza\/network\/network-kartlari\/connectx-4-lx-10-25-40-50gbe\/","og_locale":"tr_TR","og_type":"article","og_title":"ConnectX-4 Lx 10\/25\/40\/50GbE","og_description":"TEKL\u0130F AL ConnectX\u00ae-4 Lx EN Cards Mellanox Multi-Host\u00a0\u00ae\u00a0teknolojisini, RDMA'y\u0131, Overlay Networks Encapsulation \/ Decapsulation ve daha fazlas\u0131n\u0131\u00a0destekleyen 10\/25\/40\/50 Gigabit Ethernet Adapt\u00f6r Kartlar\u0131 1\/10\/25\/40\/50GB\/s","og_url":"https:\/\/gtmteknoloji.com\/b2b\/magaza\/network\/network-kartlari\/connectx-4-lx-10-25-40-50gbe\/","og_site_name":"GTM Teknoloji","article_publisher":"https:\/\/www.facebook.com\/SupermicroTurkiye\/?locale=tr_TR","article_modified_time":"2025-04-14T01:27:23+00:00","og_image":[{"width":235,"height":187,"url":"https:\/\/gtmteknoloji.com\/b2b\/wp-content\/uploads\/2021\/01\/gfx_04030-1.jpg","type":"image\/jpeg"}],"twitter_card":"summary_large_image","twitter_site":"@gtmteknoloji","twitter_misc":{"Fiyat":"","Durumu":"Stokta var"},"schema":{"@context":"https:\/\/schema.org","@graph":[{"@type":"WebPage","@id":"https:\/\/gtmteknoloji.com\/b2b\/magaza\/network\/network-kartlari\/connectx-4-lx-10-25-40-50gbe\/","url":"https:\/\/gtmteknoloji.com\/b2b\/magaza\/network\/network-kartlari\/connectx-4-lx-10-25-40-50gbe\/","name":"ConnectX-4 Lx 10\/25\/40\/50GbE - GTM Teknoloji","isPartOf":{"@id":"https:\/\/gtmteknoloji.com\/b2b\/#website"},"primaryImageOfPage":{"@id":"https:\/\/gtmteknoloji.com\/b2b\/magaza\/network\/network-kartlari\/connectx-4-lx-10-25-40-50gbe\/#primaryimage"},"image":{"@id":"https:\/\/gtmteknoloji.com\/b2b\/magaza\/network\/network-kartlari\/connectx-4-lx-10-25-40-50gbe\/#primaryimage"},"thumbnailUrl":"https:\/\/gtmteknoloji.com\/b2b\/wp-content\/uploads\/2021\/01\/gfx_04030-1.jpg","datePublished":"2025-04-14T01:27:17+00:00","dateModified":"2025-04-14T01:27:23+00:00","breadcrumb":{"@id":"https:\/\/gtmteknoloji.com\/b2b\/magaza\/network\/network-kartlari\/connectx-4-lx-10-25-40-50gbe\/#breadcrumb"},"inLanguage":"tr","potentialAction":[{"@type":"ReadAction","target":["https:\/\/gtmteknoloji.com\/b2b\/magaza\/network\/network-kartlari\/connectx-4-lx-10-25-40-50gbe\/"]}]},{"@type":"ImageObject","inLanguage":"tr","@id":"https:\/\/gtmteknoloji.com\/b2b\/magaza\/network\/network-kartlari\/connectx-4-lx-10-25-40-50gbe\/#primaryimage","url":"https:\/\/gtmteknoloji.com\/b2b\/wp-content\/uploads\/2021\/01\/gfx_04030-1.jpg","contentUrl":"https:\/\/gtmteknoloji.com\/b2b\/wp-content\/uploads\/2021\/01\/gfx_04030-1.jpg","width":235,"height":187},{"@type":"BreadcrumbList","@id":"https:\/\/gtmteknoloji.com\/b2b\/magaza\/network\/network-kartlari\/connectx-4-lx-10-25-40-50gbe\/#breadcrumb","itemListElement":[{"@type":"ListItem","position":1,"name":"Home","item":"https:\/\/gtmteknoloji.com\/b2b\/"},{"@type":"ListItem","position":2,"name":"Ma\u011faza","item":"https:\/\/gtmteknoloji.com\/b2b\/magaza\/"},{"@type":"ListItem","position":3,"name":"ConnectX-4 Lx 10\/25\/40\/50GbE"}]},{"@type":"WebSite","@id":"https:\/\/gtmteknoloji.com\/b2b\/#website","url":"https:\/\/gtmteknoloji.com\/b2b\/","name":"GTM Teknoloji","description":"B2B Sat\u0131\u015f Portal\u0131","publisher":{"@id":"https:\/\/gtmteknoloji.com\/b2b\/#organization"},"potentialAction":[{"@type":"SearchAction","target":{"@type":"EntryPoint","urlTemplate":"https:\/\/gtmteknoloji.com\/b2b\/?s={search_term_string}"},"query-input":{"@type":"PropertyValueSpecification","valueRequired":true,"valueName":"search_term_string"}}],"inLanguage":"tr"},{"@type":"Organization","@id":"https:\/\/gtmteknoloji.com\/b2b\/#organization","name":"GTM Teknoloji","url":"https:\/\/gtmteknoloji.com\/b2b\/","logo":{"@type":"ImageObject","inLanguage":"tr","@id":"https:\/\/gtmteknoloji.com\/b2b\/#\/schema\/logo\/image\/","url":"https:\/\/gtmteknoloji.com\/b2b\/wp-content\/uploads\/2020\/12\/GTM-logo.png","contentUrl":"https:\/\/gtmteknoloji.com\/b2b\/wp-content\/uploads\/2020\/12\/GTM-logo.png","width":400,"height":400,"caption":"GTM Teknoloji"},"image":{"@id":"https:\/\/gtmteknoloji.com\/b2b\/#\/schema\/logo\/image\/"},"sameAs":["https:\/\/www.facebook.com\/SupermicroTurkiye\/?locale=tr_TR","https:\/\/x.com\/gtmteknoloji"]}]},"product_brand":"Nvidia","product_price_currency":"USD","og_availability":"instock","product_availability":"instock","product_condition":"new"},"_links":{"self":[{"href":"https:\/\/gtmteknoloji.com\/b2b\/wp-json\/wp\/v2\/product\/9748","targetHints":{"allow":["GET"]}}],"collection":[{"href":"https:\/\/gtmteknoloji.com\/b2b\/wp-json\/wp\/v2\/product"}],"about":[{"href":"https:\/\/gtmteknoloji.com\/b2b\/wp-json\/wp\/v2\/types\/product"}],"version-history":[{"count":1,"href":"https:\/\/gtmteknoloji.com\/b2b\/wp-json\/wp\/v2\/product\/9748\/revisions"}],"predecessor-version":[{"id":9778,"href":"https:\/\/gtmteknoloji.com\/b2b\/wp-json\/wp\/v2\/product\/9748\/revisions\/9778"}],"wp:featuredmedia":[{"embeddable":true,"href":"https:\/\/gtmteknoloji.com\/b2b\/wp-json\/wp\/v2\/media\/6334"}],"wp:attachment":[{"href":"https:\/\/gtmteknoloji.com\/b2b\/wp-json\/wp\/v2\/media?parent=9748"}],"wp:term":[{"taxonomy":"product_brand","embeddable":true,"href":"https:\/\/gtmteknoloji.com\/b2b\/wp-json\/wp\/v2\/product_brand?post=9748"},{"taxonomy":"product_cat","embeddable":true,"href":"https:\/\/gtmteknoloji.com\/b2b\/wp-json\/wp\/v2\/product_cat?post=9748"},{"taxonomy":"product_tag","embeddable":true,"href":"https:\/\/gtmteknoloji.com\/b2b\/wp-json\/wp\/v2\/product_tag?post=9748"}],"curies":[{"name":"wp","href":"https:\/\/api.w.org\/{rel}","templated":true}]}}