{"id":9753,"date":"2025-04-14T04:27:17","date_gmt":"2025-04-14T01:27:17","guid":{"rendered":"https:\/\/gtmteknoloji.com\/b2b\/?post_type=product&#038;p=9753"},"modified":"2025-04-14T04:27:25","modified_gmt":"2025-04-14T01:27:25","slug":"linkx-ethernet-dac-splitters-cables","status":"publish","type":"product","link":"https:\/\/gtmteknoloji.com\/b2b\/magaza\/network\/ethernet-cables-and-transceivers\/linkx-ethernet-dac-splitters-cables\/","title":{"rendered":"LinkX\u00ae Ethernet DAC Splitters Cables"},"content":{"rendered":"<p>Mellanox LinkX DAC B\u00f6l\u00fcc\u00fc kablolar\u0131, a\u011f adapt\u00f6rlerini kullanarak 10, 25 ve 50 Gb \/ sn sunucular\u0131 \/ depolamay\u0131 ve cihazlar\u0131 40G ve 100G Raf \u00dcst\u00fc (TOR) anahtarlar\u0131na ba\u011flamay\u0131 kolayla\u015ft\u0131r\u0131r.\u00a0Pasif DAC bak\u0131r kablolar s\u0131f\u0131r g\u00fc\u00e7 t\u00fcketir ve en d\u00fc\u015f\u00fck sinyal gecikmesini sunar.\u00a0Mellanox, her uygulama ihtiyac\u0131 i\u00e7in 0,5 m&#8217;den 7 m&#8217;ye kadar olan mesafeleri desteklemek i\u00e7in geni\u015f bir \u00fcr\u00fcn yelpazesi sunar.<\/p>\n<p>IEEE standartlar\u0131n\u0131 kar\u015f\u0131laman\u0131n veya a\u015fman\u0131n yan\u0131 s\u0131ra, LinkX sertifikal\u0131 \u00fcr\u00fcnler, optimum sinyal b\u00fct\u00fcnl\u00fc\u011f\u00fcn\u00fc ve en iyi u\u00e7tan uca performans\u0131 sa\u011flamak i\u00e7in ger\u00e7ek Mellanox sistemlerinde% 100 test edilir.\u00a0IEEE standartlar\u0131 1E-12 Bit Hata Oran\u0131 (BER) gerektirir, ancak t\u00fcm Mellanox kablolar\u0131 rakiplerinden 1.000 kat daha az bit hatas\u0131 olan 1E-15&#8217;e g\u00f6re test edilmi\u015ftir.\u00a0Mellanox DAC ay\u0131r\u0131c\u0131lar sorunsuz kurulum, uzun vadeli g\u00fcvenilir \u00e7al\u0131\u015fma sunar ve 3. taraf anahtarlar ve adapt\u00f6rlerle \u00e7al\u0131\u015f\u0131r.<\/p>\n<table id=\"hor-minimalist-b\">\n<thead>\n<tr>\n<th colspan=\"6\">LinkX\u00ae Ethernet Do\u011frudan Tak\u0131lan Bak\u0131r B\u00f6l\u00fcc\u00fc Kablolar<\/th>\n<\/tr>\n<tr>\n<th>H\u0131z<\/th>\n<th>Form fakt\u00f6r\u00fc<\/th>\n<th>\u00dcr\u00fcn \u00f6zeti<\/th>\n<th>Fonksiyon<\/th>\n<th>Par\u00e7a Numaras\u0131<\/th>\n<th>xxx Uzunluk Se\u00e7enekleri\u00a0<sup><strong>*<\/strong><\/sup><br \/>\nA\u015fa\u011f\u0131daki D\u00f6n\u00fc\u015ft\u00fcrmeye bak\u0131n<\/th>\n<\/tr>\n<\/thead>\n<tbody>\n<tr>\n<td>400 Gb \/ sn &#8211; 2x 200 Gb \/ sn<\/td>\n<td>QSFP-DD &#8211; 2x QSFP56<\/td>\n<td><a href=\"https:\/\/gtmteknoloji.com\/b2b\/wp-content\/uploads\/2021\/01\/PB_MCP7H60-W0xxRyy_400GbE_QSFP-DD_to_2x200GbE_QSFP56_DAC1.pdf\" target=\"_blank\" rel=\"noopener noreferrer\"><img decoding=\"async\" class=\"alignnone\" src=\"https:\/\/www.mellanox.com\/sites\/default\/files\/products\/interconnect\/img\/common\/pdf.png\" alt=\"\" width=\"20\" height=\"20\" \/><\/a><\/td>\n<td>LSZH B\u00f6l\u00fcc\u00fc<\/td>\n<td>MCP7H60-W<\/td>\n<td>1, 1,5, 2, 2,5, 3<\/td>\n<\/tr>\n<tr>\n<td>400 Gb \/ sn &#8211; 8x 50 Gb \/ sn<\/td>\n<td>QSFP-DD &#8211; 8x SFP56<\/td>\n<td><a href=\"https:\/\/gtmteknoloji.com\/b2b\/wp-content\/uploads\/2021\/01\/PB_MCP7F80-W0xxRyy_400GbE_QSFP-DD_to_8x50GbE_SFP56_DAC2.pdf\" target=\"_blank\" rel=\"noopener noreferrer\"><img decoding=\"async\" class=\"alignnone\" src=\"https:\/\/www.mellanox.com\/sites\/default\/files\/products\/interconnect\/img\/common\/pdf.png\" alt=\"\" width=\"20\" height=\"20\" \/><\/a><\/td>\n<td>LSZH B\u00f6l\u00fcc\u00fc<\/td>\n<td>MCP7F80-W<\/td>\n<td>1, 1,5, 2, 2,5, 3<\/td>\n<\/tr>\n<tr>\n<td>200 Gb \/ sn &#8211; 2x 100 Gb \/ sn<\/td>\n<td>QSFP56 &#8211; 2x QSFP56<\/td>\n<td><a href=\"https:\/\/gtmteknoloji.com\/b2b\/wp-content\/uploads\/2021\/01\/PB_MCP7H50-Vxxxyzz_200GbE_QSFP56_to_2x100GbE_QSFP56_DAC3.pdf\" target=\"_blank\" rel=\"noopener noreferrer\"><img decoding=\"async\" class=\"alignnone\" src=\"https:\/\/www.mellanox.com\/sites\/default\/files\/products\/interconnect\/img\/common\/pdf.png\" alt=\"\" width=\"20\" height=\"20\" \/><\/a><\/td>\n<td>LSZH B\u00f6l\u00fcc\u00fc<\/td>\n<td>MCP7H50-V<\/td>\n<td>1, 1,5, 2, 2,5, 3<\/td>\n<\/tr>\n<tr>\n<td>200 Gb \/ sn &#8211; 4x 50 Gb \/ sn<\/td>\n<td>QSFP56 &#8211; 4x SFP56<\/td>\n<td><a href=\"https:\/\/gtmteknoloji.com\/b2b\/wp-content\/uploads\/2021\/01\/PB_MCP7H70-V0xxRyy_200GbE_QSFP56_to_4x50GbE_SFP56_DAC4.pdf\" target=\"_blank\" rel=\"noopener noreferrer\"><img decoding=\"async\" class=\"alignnone\" src=\"https:\/\/www.mellanox.com\/sites\/default\/files\/products\/interconnect\/img\/common\/pdf.png\" alt=\"\" width=\"20\" height=\"20\" \/><\/a><\/td>\n<td>LSZH B\u00f6l\u00fcc\u00fc<\/td>\n<td>MCP7H70-V<\/td>\n<td>1, 1,5, 2, 2,5, 3<\/td>\n<\/tr>\n<tr>\n<td>100 Gb \/ sn &#8211; 2x 50 Gb \/ sn<\/td>\n<td>QSFP28 &#8211; 2x QSFP28<\/td>\n<td><a href=\"https:\/\/gtmteknoloji.com\/b2b\/wp-content\/uploads\/2021\/01\/PB_MCP7H00-G0xxxxxxx_100GbE_QSFP28_to_2x50GbE_2xQSFP28_DAC_Splitter5.pdf\" target=\"_blank\" rel=\"noopener noreferrer\"><img decoding=\"async\" class=\"alignnone\" src=\"https:\/\/www.mellanox.com\/sites\/default\/files\/products\/interconnect\/img\/common\/pdf.png\" alt=\"\" width=\"20\" height=\"20\" \/><\/a><\/td>\n<td>LSZH B\u00f6l\u00fcc\u00fc<\/td>\n<td>MCP7H00-G<\/td>\n<td>1, 1.5, 2, 2.5, 3, 4<\/td>\n<\/tr>\n<tr>\n<td>100 Gb \/ sn &#8211; 4x 25 Gb \/ sn<\/td>\n<td>QSFP28 &#8211; 4x SFP28<\/td>\n<td><a href=\"https:\/\/gtmteknoloji.com\/b2b\/wp-content\/uploads\/2021\/01\/PB_MCP7F00-A0xxRyyz_100GbE_QSFP28_to_4x25GbE_4xSFP28_DAC_Splitter6.pdf\" target=\"_blank\" rel=\"noopener noreferrer\"><img decoding=\"async\" class=\"alignnone\" src=\"https:\/\/www.mellanox.com\/sites\/default\/files\/products\/interconnect\/img\/common\/pdf.png\" alt=\"\" width=\"20\" height=\"20\" \/><\/a><\/td>\n<td>LSZH B\u00f6l\u00fcc\u00fc<\/td>\n<td>MCP7F00-A<\/td>\n<td>1, 1.5, 2, 2.5, 3, 3.5, 5<\/td>\n<\/tr>\n<tr>\n<td rowspan=\"2\">40 Gb \/ sn &#8211; 4x 10 Gb \/ sn<\/td>\n<td rowspan=\"2\">QSFP + &#8211; 4x SFP +<\/td>\n<td rowspan=\"2\"><a href=\"https:\/\/gtmteknoloji.com\/b2b\/wp-content\/uploads\/2021\/01\/PB_MC2609125-xxx_MC2609130-xxx_MCP790x-XxxxA_40GbE_QSFP_to_10GbE_4xSFP_DAC_Splitter7.pdf\" target=\"_blank\" rel=\"noopener noreferrer\"><img decoding=\"async\" class=\"alignnone\" src=\"https:\/\/www.mellanox.com\/sites\/default\/files\/products\/interconnect\/img\/common\/pdf.png\" alt=\"\" width=\"20\" height=\"20\" \/><\/a><\/td>\n<td rowspan=\"2\">PVC B\u00f6l\u00fcc\u00fc<\/td>\n<td>MC2609130<\/td>\n<td>1, 3<\/td>\n<\/tr>\n<tr>\n<td>MC2609125<\/td>\n<td>5<\/td>\n<\/tr>\n<tr>\n<td rowspan=\"2\">40 Gb \/ sn &#8211; 1x 10 Gb \/ sn<\/td>\n<td rowspan=\"2\">QSFP + ila 1x SFP +<\/td>\n<td rowspan=\"2\"><a href=\"https:\/\/gtmteknoloji.com\/b2b\/wp-content\/uploads\/2021\/01\/PB_MC2309124-xxx_MC2309130-xxx_10GbE_QSFP_to_SFP_DAC8.pdf\" target=\"_blank\" rel=\"noopener noreferrer\"><img decoding=\"async\" class=\"alignnone\" src=\"https:\/\/www.mellanox.com\/sites\/default\/files\/products\/interconnect\/img\/common\/pdf.png\" alt=\"\" width=\"20\" height=\"20\" \/><\/a><\/td>\n<td rowspan=\"2\">Adapt\u00f6r Kablosu<\/td>\n<td>MC2309130<\/td>\n<td>\u00bd, 1, 2, 3<\/td>\n<\/tr>\n<tr>\n<td>MC2309124<\/td>\n<td>5, 7<\/td>\n<\/tr>\n<\/tbody>\n<\/table>\n","protected":false},"excerpt":{"rendered":"<div id=\"home\" class=\"row main-row inner-space-mobile\">\n<div class=\"col-sm-12 col-centered main-section\">\n<div class=\"inner-container no-border overview-section\">\n<div id=\"home\" class=\"col-sm-12\">\n<div id=\"home\" class=\"row main-row inner-space-mobile\">\n<div class=\"col-sm-12 col-centered main-section\">\n<div class=\"inner-container no-border overview-section\">\n<div id=\"home\" class=\"col-sm-12\">\n<h1><a href=\"https:\/\/gtmteknoloji.com\/teklif-talep\/\">TEKL\u0130F AL<\/a><\/h1>\n<h5 class=\"page-headline\">LinkX\u00ae Ethernet DAC Splitters Cables<\/h5>\n<\/div>\n<\/div>\n<\/div>\n<\/div>\n<\/div>\n<\/div>\n<\/div>\n<\/div>\n","protected":false},"featured_media":6365,"template":"","meta":[],"product_brand":[342],"product_cat":[2446,2366],"product_tag":[2450,2448,2451],"class_list":{"0":"post-9753","1":"product","2":"type-product","3":"status-publish","4":"has-post-thumbnail","6":"product_brand-nvidia-npn-partner-gtmteknoloji","7":"product_cat-ethernet-cables-and-transceivers","8":"product_cat-network","9":"product_tag-ethernet-dac-splitters-cables","10":"product_tag-linkx","11":"product_tag-linkx-ethernet-dac-splitters-cables","13":"first","14":"instock","15":"taxable","16":"shipping-taxable","17":"product-type-external"},"yoast_head":"<!-- This site is optimized with the Yoast SEO Premium plugin v27.4 (Yoast SEO v27.4) - https:\/\/yoast.com\/product\/yoast-seo-premium-wordpress\/ -->\n<title>LinkX\u00ae Ethernet DAC Splitters Cables - GTM Teknoloji<\/title>\n<meta name=\"robots\" content=\"index, follow, max-snippet:-1, max-image-preview:large, max-video-preview:-1\" \/>\n<link rel=\"canonical\" href=\"https:\/\/gtmteknoloji.com\/b2b\/magaza\/network\/ethernet-cables-and-transceivers\/linkx-ethernet-dac-splitters-cables\/\" \/>\n<meta property=\"og:locale\" content=\"tr_TR\" \/>\n<meta property=\"og:type\" content=\"article\" \/>\n<meta property=\"og:title\" content=\"LinkX\u00ae Ethernet DAC Splitters Cables\" \/>\n<meta property=\"og:description\" content=\"TEKL\u0130F AL LinkX\u00ae Ethernet DAC Splitters Cables\" \/>\n<meta property=\"og:url\" content=\"https:\/\/gtmteknoloji.com\/b2b\/magaza\/network\/ethernet-cables-and-transceivers\/linkx-ethernet-dac-splitters-cables\/\" \/>\n<meta property=\"og:site_name\" content=\"GTM Teknoloji\" \/>\n<meta property=\"article:publisher\" content=\"https:\/\/www.facebook.com\/SupermicroTurkiye\/?locale=tr_TR\" \/>\n<meta property=\"article:modified_time\" content=\"2025-04-14T01:27:25+00:00\" \/>\n<meta property=\"og:image\" content=\"https:\/\/gtmteknoloji.com\/b2b\/wp-content\/uploads\/2021\/01\/eth_100gbs_to_2x_50gbs.jpg\" \/>\n\t<meta property=\"og:image:width\" content=\"288\" \/>\n\t<meta property=\"og:image:height\" content=\"126\" \/>\n\t<meta property=\"og:image:type\" content=\"image\/jpeg\" \/>\n<meta name=\"twitter:card\" content=\"summary_large_image\" \/>\n<meta name=\"twitter:site\" content=\"@gtmteknoloji\" \/>\n<meta name=\"twitter:label1\" content=\"Fiyat\" \/>\n\t<meta name=\"twitter:data1\" content=\"\" \/>\n\t<meta name=\"twitter:label2\" content=\"Durumu\" \/>\n\t<meta name=\"twitter:data2\" content=\"Stokta var\" \/>\n<script type=\"application\/ld+json\" class=\"yoast-schema-graph\">{\"@context\":\"https:\\\/\\\/schema.org\",\"@graph\":[{\"@type\":\"WebPage\",\"@id\":\"https:\\\/\\\/gtmteknoloji.com\\\/b2b\\\/magaza\\\/network\\\/ethernet-cables-and-transceivers\\\/linkx-ethernet-dac-splitters-cables\\\/\",\"url\":\"https:\\\/\\\/gtmteknoloji.com\\\/b2b\\\/magaza\\\/network\\\/ethernet-cables-and-transceivers\\\/linkx-ethernet-dac-splitters-cables\\\/\",\"name\":\"LinkX\u00ae Ethernet DAC Splitters Cables - GTM Teknoloji\",\"isPartOf\":{\"@id\":\"https:\\\/\\\/gtmteknoloji.com\\\/b2b\\\/#website\"},\"primaryImageOfPage\":{\"@id\":\"https:\\\/\\\/gtmteknoloji.com\\\/b2b\\\/magaza\\\/network\\\/ethernet-cables-and-transceivers\\\/linkx-ethernet-dac-splitters-cables\\\/#primaryimage\"},\"image\":{\"@id\":\"https:\\\/\\\/gtmteknoloji.com\\\/b2b\\\/magaza\\\/network\\\/ethernet-cables-and-transceivers\\\/linkx-ethernet-dac-splitters-cables\\\/#primaryimage\"},\"thumbnailUrl\":\"https:\\\/\\\/gtmteknoloji.com\\\/b2b\\\/wp-content\\\/uploads\\\/2021\\\/01\\\/eth_100gbs_to_2x_50gbs.jpg\",\"datePublished\":\"2025-04-14T01:27:17+00:00\",\"dateModified\":\"2025-04-14T01:27:25+00:00\",\"breadcrumb\":{\"@id\":\"https:\\\/\\\/gtmteknoloji.com\\\/b2b\\\/magaza\\\/network\\\/ethernet-cables-and-transceivers\\\/linkx-ethernet-dac-splitters-cables\\\/#breadcrumb\"},\"inLanguage\":\"tr\",\"potentialAction\":[{\"@type\":\"ReadAction\",\"target\":[\"https:\\\/\\\/gtmteknoloji.com\\\/b2b\\\/magaza\\\/network\\\/ethernet-cables-and-transceivers\\\/linkx-ethernet-dac-splitters-cables\\\/\"]}]},{\"@type\":\"ImageObject\",\"inLanguage\":\"tr\",\"@id\":\"https:\\\/\\\/gtmteknoloji.com\\\/b2b\\\/magaza\\\/network\\\/ethernet-cables-and-transceivers\\\/linkx-ethernet-dac-splitters-cables\\\/#primaryimage\",\"url\":\"https:\\\/\\\/gtmteknoloji.com\\\/b2b\\\/wp-content\\\/uploads\\\/2021\\\/01\\\/eth_100gbs_to_2x_50gbs.jpg\",\"contentUrl\":\"https:\\\/\\\/gtmteknoloji.com\\\/b2b\\\/wp-content\\\/uploads\\\/2021\\\/01\\\/eth_100gbs_to_2x_50gbs.jpg\",\"width\":288,\"height\":126},{\"@type\":\"BreadcrumbList\",\"@id\":\"https:\\\/\\\/gtmteknoloji.com\\\/b2b\\\/magaza\\\/network\\\/ethernet-cables-and-transceivers\\\/linkx-ethernet-dac-splitters-cables\\\/#breadcrumb\",\"itemListElement\":[{\"@type\":\"ListItem\",\"position\":1,\"name\":\"Home\",\"item\":\"https:\\\/\\\/gtmteknoloji.com\\\/b2b\\\/\"},{\"@type\":\"ListItem\",\"position\":2,\"name\":\"Ma\u011faza\",\"item\":\"https:\\\/\\\/gtmteknoloji.com\\\/b2b\\\/magaza\\\/\"},{\"@type\":\"ListItem\",\"position\":3,\"name\":\"LinkX\u00ae Ethernet DAC Splitters Cables\"}]},{\"@type\":\"WebSite\",\"@id\":\"https:\\\/\\\/gtmteknoloji.com\\\/b2b\\\/#website\",\"url\":\"https:\\\/\\\/gtmteknoloji.com\\\/b2b\\\/\",\"name\":\"GTM Teknoloji\",\"description\":\"B2B Sat\u0131\u015f Portal\u0131\",\"publisher\":{\"@id\":\"https:\\\/\\\/gtmteknoloji.com\\\/b2b\\\/#organization\"},\"potentialAction\":[{\"@type\":\"SearchAction\",\"target\":{\"@type\":\"EntryPoint\",\"urlTemplate\":\"https:\\\/\\\/gtmteknoloji.com\\\/b2b\\\/?s={search_term_string}\"},\"query-input\":{\"@type\":\"PropertyValueSpecification\",\"valueRequired\":true,\"valueName\":\"search_term_string\"}}],\"inLanguage\":\"tr\"},{\"@type\":\"Organization\",\"@id\":\"https:\\\/\\\/gtmteknoloji.com\\\/b2b\\\/#organization\",\"name\":\"GTM Teknoloji\",\"url\":\"https:\\\/\\\/gtmteknoloji.com\\\/b2b\\\/\",\"logo\":{\"@type\":\"ImageObject\",\"inLanguage\":\"tr\",\"@id\":\"https:\\\/\\\/gtmteknoloji.com\\\/b2b\\\/#\\\/schema\\\/logo\\\/image\\\/\",\"url\":\"https:\\\/\\\/gtmteknoloji.com\\\/b2b\\\/wp-content\\\/uploads\\\/2020\\\/12\\\/GTM-logo.png\",\"contentUrl\":\"https:\\\/\\\/gtmteknoloji.com\\\/b2b\\\/wp-content\\\/uploads\\\/2020\\\/12\\\/GTM-logo.png\",\"width\":400,\"height\":400,\"caption\":\"GTM Teknoloji\"},\"image\":{\"@id\":\"https:\\\/\\\/gtmteknoloji.com\\\/b2b\\\/#\\\/schema\\\/logo\\\/image\\\/\"},\"sameAs\":[\"https:\\\/\\\/www.facebook.com\\\/SupermicroTurkiye\\\/?locale=tr_TR\",\"https:\\\/\\\/x.com\\\/gtmteknoloji\"]}]}<\/script>\n<meta property=\"product:brand\" content=\"Nvidia\" \/>\n<meta property=\"product:price:currency\" content=\"USD\" \/>\n<meta property=\"og:availability\" content=\"instock\" \/>\n<meta property=\"product:availability\" content=\"instock\" \/>\n<meta property=\"product:condition\" content=\"new\" \/>\n<!-- \/ Yoast SEO Premium plugin. -->","yoast_head_json":{"title":"LinkX\u00ae Ethernet DAC Splitters Cables - GTM Teknoloji","robots":{"index":"index","follow":"follow","max-snippet":"max-snippet:-1","max-image-preview":"max-image-preview:large","max-video-preview":"max-video-preview:-1"},"canonical":"https:\/\/gtmteknoloji.com\/b2b\/magaza\/network\/ethernet-cables-and-transceivers\/linkx-ethernet-dac-splitters-cables\/","og_locale":"tr_TR","og_type":"article","og_title":"LinkX\u00ae Ethernet DAC Splitters Cables","og_description":"TEKL\u0130F AL LinkX\u00ae Ethernet DAC Splitters Cables","og_url":"https:\/\/gtmteknoloji.com\/b2b\/magaza\/network\/ethernet-cables-and-transceivers\/linkx-ethernet-dac-splitters-cables\/","og_site_name":"GTM Teknoloji","article_publisher":"https:\/\/www.facebook.com\/SupermicroTurkiye\/?locale=tr_TR","article_modified_time":"2025-04-14T01:27:25+00:00","og_image":[{"width":288,"height":126,"url":"https:\/\/gtmteknoloji.com\/b2b\/wp-content\/uploads\/2021\/01\/eth_100gbs_to_2x_50gbs.jpg","type":"image\/jpeg"}],"twitter_card":"summary_large_image","twitter_site":"@gtmteknoloji","twitter_misc":{"Fiyat":"","Durumu":"Stokta var"},"schema":{"@context":"https:\/\/schema.org","@graph":[{"@type":"WebPage","@id":"https:\/\/gtmteknoloji.com\/b2b\/magaza\/network\/ethernet-cables-and-transceivers\/linkx-ethernet-dac-splitters-cables\/","url":"https:\/\/gtmteknoloji.com\/b2b\/magaza\/network\/ethernet-cables-and-transceivers\/linkx-ethernet-dac-splitters-cables\/","name":"LinkX\u00ae Ethernet DAC Splitters Cables - GTM Teknoloji","isPartOf":{"@id":"https:\/\/gtmteknoloji.com\/b2b\/#website"},"primaryImageOfPage":{"@id":"https:\/\/gtmteknoloji.com\/b2b\/magaza\/network\/ethernet-cables-and-transceivers\/linkx-ethernet-dac-splitters-cables\/#primaryimage"},"image":{"@id":"https:\/\/gtmteknoloji.com\/b2b\/magaza\/network\/ethernet-cables-and-transceivers\/linkx-ethernet-dac-splitters-cables\/#primaryimage"},"thumbnailUrl":"https:\/\/gtmteknoloji.com\/b2b\/wp-content\/uploads\/2021\/01\/eth_100gbs_to_2x_50gbs.jpg","datePublished":"2025-04-14T01:27:17+00:00","dateModified":"2025-04-14T01:27:25+00:00","breadcrumb":{"@id":"https:\/\/gtmteknoloji.com\/b2b\/magaza\/network\/ethernet-cables-and-transceivers\/linkx-ethernet-dac-splitters-cables\/#breadcrumb"},"inLanguage":"tr","potentialAction":[{"@type":"ReadAction","target":["https:\/\/gtmteknoloji.com\/b2b\/magaza\/network\/ethernet-cables-and-transceivers\/linkx-ethernet-dac-splitters-cables\/"]}]},{"@type":"ImageObject","inLanguage":"tr","@id":"https:\/\/gtmteknoloji.com\/b2b\/magaza\/network\/ethernet-cables-and-transceivers\/linkx-ethernet-dac-splitters-cables\/#primaryimage","url":"https:\/\/gtmteknoloji.com\/b2b\/wp-content\/uploads\/2021\/01\/eth_100gbs_to_2x_50gbs.jpg","contentUrl":"https:\/\/gtmteknoloji.com\/b2b\/wp-content\/uploads\/2021\/01\/eth_100gbs_to_2x_50gbs.jpg","width":288,"height":126},{"@type":"BreadcrumbList","@id":"https:\/\/gtmteknoloji.com\/b2b\/magaza\/network\/ethernet-cables-and-transceivers\/linkx-ethernet-dac-splitters-cables\/#breadcrumb","itemListElement":[{"@type":"ListItem","position":1,"name":"Home","item":"https:\/\/gtmteknoloji.com\/b2b\/"},{"@type":"ListItem","position":2,"name":"Ma\u011faza","item":"https:\/\/gtmteknoloji.com\/b2b\/magaza\/"},{"@type":"ListItem","position":3,"name":"LinkX\u00ae Ethernet DAC Splitters Cables"}]},{"@type":"WebSite","@id":"https:\/\/gtmteknoloji.com\/b2b\/#website","url":"https:\/\/gtmteknoloji.com\/b2b\/","name":"GTM Teknoloji","description":"B2B Sat\u0131\u015f Portal\u0131","publisher":{"@id":"https:\/\/gtmteknoloji.com\/b2b\/#organization"},"potentialAction":[{"@type":"SearchAction","target":{"@type":"EntryPoint","urlTemplate":"https:\/\/gtmteknoloji.com\/b2b\/?s={search_term_string}"},"query-input":{"@type":"PropertyValueSpecification","valueRequired":true,"valueName":"search_term_string"}}],"inLanguage":"tr"},{"@type":"Organization","@id":"https:\/\/gtmteknoloji.com\/b2b\/#organization","name":"GTM Teknoloji","url":"https:\/\/gtmteknoloji.com\/b2b\/","logo":{"@type":"ImageObject","inLanguage":"tr","@id":"https:\/\/gtmteknoloji.com\/b2b\/#\/schema\/logo\/image\/","url":"https:\/\/gtmteknoloji.com\/b2b\/wp-content\/uploads\/2020\/12\/GTM-logo.png","contentUrl":"https:\/\/gtmteknoloji.com\/b2b\/wp-content\/uploads\/2020\/12\/GTM-logo.png","width":400,"height":400,"caption":"GTM Teknoloji"},"image":{"@id":"https:\/\/gtmteknoloji.com\/b2b\/#\/schema\/logo\/image\/"},"sameAs":["https:\/\/www.facebook.com\/SupermicroTurkiye\/?locale=tr_TR","https:\/\/x.com\/gtmteknoloji"]}]},"product_brand":"Nvidia","product_price_currency":"USD","og_availability":"instock","product_availability":"instock","product_condition":"new"},"_links":{"self":[{"href":"https:\/\/gtmteknoloji.com\/b2b\/wp-json\/wp\/v2\/product\/9753","targetHints":{"allow":["GET"]}}],"collection":[{"href":"https:\/\/gtmteknoloji.com\/b2b\/wp-json\/wp\/v2\/product"}],"about":[{"href":"https:\/\/gtmteknoloji.com\/b2b\/wp-json\/wp\/v2\/types\/product"}],"version-history":[{"count":1,"href":"https:\/\/gtmteknoloji.com\/b2b\/wp-json\/wp\/v2\/product\/9753\/revisions"}],"predecessor-version":[{"id":9783,"href":"https:\/\/gtmteknoloji.com\/b2b\/wp-json\/wp\/v2\/product\/9753\/revisions\/9783"}],"wp:featuredmedia":[{"embeddable":true,"href":"https:\/\/gtmteknoloji.com\/b2b\/wp-json\/wp\/v2\/media\/6365"}],"wp:attachment":[{"href":"https:\/\/gtmteknoloji.com\/b2b\/wp-json\/wp\/v2\/media?parent=9753"}],"wp:term":[{"taxonomy":"product_brand","embeddable":true,"href":"https:\/\/gtmteknoloji.com\/b2b\/wp-json\/wp\/v2\/product_brand?post=9753"},{"taxonomy":"product_cat","embeddable":true,"href":"https:\/\/gtmteknoloji.com\/b2b\/wp-json\/wp\/v2\/product_cat?post=9753"},{"taxonomy":"product_tag","embeddable":true,"href":"https:\/\/gtmteknoloji.com\/b2b\/wp-json\/wp\/v2\/product_tag?post=9753"}],"curies":[{"name":"wp","href":"https:\/\/api.w.org\/{rel}","templated":true}]}}