{"id":9757,"date":"2025-04-14T04:27:17","date_gmt":"2025-04-14T01:27:17","guid":{"rendered":"https:\/\/gtmteknoloji.com\/b2b\/?post_type=product&#038;p=9757"},"modified":"2025-04-14T04:27:26","modified_gmt":"2025-04-14T01:27:26","slug":"connectx-6-single-dual-port-adapter-supporting-200gb-s-with-vpi","status":"publish","type":"product","link":"https:\/\/gtmteknoloji.com\/b2b\/magaza\/network\/infiniband-adapters\/connectx-6-single-dual-port-adapter-supporting-200gb-s-with-vpi\/","title":{"rendered":"ConnectX-6 Single\/Dual-Port Adapter supporting 200Gb\/s with VPI"},"content":{"rendered":"<p>Mellanox Smart Interconnect paketine en yeni eklemeler olan ve Ortak Tasar\u0131m ve A\u011f \u0130\u00e7i Hesaplamay\u0131 destekleyen\u00a0Intelligent ConnectX\u00a0<sup>\u00ae<\/sup>\u00a0-6 adapt\u00f6r kartlar\u0131, Y\u00fcksek Performans, Makine \u00d6\u011frenimi, Web 2.0, Bulut, Veri Analizi ve Depolama platformlar\u0131n\u0131 en \u00fcst d\u00fczeye \u00e7\u0131karmak i\u00e7in yeni h\u0131zland\u0131rma motorlar\u0131 sunar .<\/p>\n<p>Virtual Protocol Interconnect\u00ae \u00f6zellikli ConnectX-6, en zorlu uygulamalar ve pazarlar i\u00e7in en y\u00fcksek performans\u0131 ve en esnek \u00e7\u00f6z\u00fcm\u00fc sa\u011flayarak, 200 Gb \/ s InfiniBand ve Ethernet ba\u011flant\u0131s\u0131na sahip iki ba\u011flant\u0131 noktas\u0131n\u0131, 600 nanosaniyenin alt\u0131nda gecikme s\u00fcresini ve 215 milyon mesaj\u0131 destekler.<\/p>\n<p>ConnectX-6 VPI, sekt\u00f6rdeki en y\u00fcksek aktar\u0131m h\u0131z\u0131n\u0131 ve mesaj h\u0131z\u0131n\u0131 sunar.\u00a0200 Gb \/ sn HDR InfiniBand, 100 Gb \/ sn HDR100 InfiniBand ve 200 Gb \/ sn Ethernet h\u0131zlar\u0131 sunan ilk adapt\u00f6r olan ConnectX-6 VPI, HPC veri merkezlerini Exascale performans ve \u00f6l\u00e7eklenebilirlik d\u00fczeylerine y\u00f6nlendiren m\u00fckemmel bir \u00fcr\u00fcnd\u00fcr.<\/p>\n<p>ConnectX-6, blok d\u00fczeyinde \u015fifreleme sa\u011flayarak a\u011f g\u00fcvenli\u011finde \u00e7ok \u00f6nemli bir yenilik sunar.\u00a0Aktar\u0131m halindeki veriler, depolan\u0131rken veya al\u0131n\u0131rken \u015fifreleme ve \u015fifre \u00e7\u00f6zme i\u015flemine tabi tutulur.\u00a0\u015eifreleme \/ \u015fifre \u00e7\u00f6zme, ConnectX-6 donan\u0131m\u0131 taraf\u0131ndan y\u00fcks\u00fczle\u015ftirilerek gecikmeden ve CPU y\u00fck\u00fcnden tasarruf edilir.\u00a0ConnectX-6 blok d\u00fczeyinde \u015fifreleme aktar\u0131m\u0131, farkl\u0131 \u015fifreleme anahtarlar\u0131 kullan\u0131labildi\u011finden, ayn\u0131 kaynaklar\u0131 payla\u015fan kullan\u0131c\u0131lar aras\u0131nda koruma sa\u011flar.<\/p>\n<h2>Faydalar\u0131<\/h2>\n<ul>\n<li>Sekt\u00f6r lideri aktar\u0131m h\u0131z\u0131, d\u00fc\u015f\u00fck gecikme s\u00fcresi, d\u00fc\u015f\u00fck CPU kullan\u0131m\u0131 ve y\u00fcksek mesaj h\u0131z\u0131<\/li>\n<li>Host Chaining teknolojisine dayal\u0131 depolama ve Makine \u00d6\u011frenimi i\u00e7in yenilik\u00e7i raf tasar\u0131m\u0131<\/li>\n<li>X86, Power, ARM ve GPU tabanl\u0131 bilgi i\u015flem ve depolama platformlar\u0131 i\u00e7in ak\u0131ll\u0131 ara ba\u011flant\u0131<\/li>\n<li>NVMe over Fabric aktar\u0131mlar\u0131 dahil geli\u015fmi\u015f depolama yetenekleri<\/li>\n<li>Esnek boru hatt\u0131 programlanabilirli\u011fini destekleyen ak\u0131ll\u0131 a\u011f adapt\u00f6r\u00fc<\/li>\n<li>A\u011f \u0130\u015flevi Sanalla\u015ft\u0131rma (NFV) dahil olmak \u00fczere sanalla\u015ft\u0131r\u0131lm\u0131\u015f a\u011flarda \u00fcst\u00fcn performans<\/li>\n<li>Verimli hizmet zinciri olu\u015fturma yetenekleri i\u00e7in etkinle\u015ftirici<\/li>\n<\/ul>\n<h2>Ana \u00d6zellikler<\/h2>\n<ul class=\"bullet_list\">\n<li>Ba\u011flant\u0131 noktas\u0131 ba\u015f\u0131na HDR 200 Gb \/ sn InfiniBand veya 200 Gb \/ sn Ethernet ve t\u00fcm d\u00fc\u015f\u00fck h\u0131zlar<\/li>\n<li>215 milyon mesaj \/ saniyeye kadar<\/li>\n<li>Etiket E\u015fle\u015ftirme ve Rendezvous Offloads<\/li>\n<li>G\u00fcvenilir Ta\u015f\u0131mac\u0131l\u0131kta Uyarlanabilir Y\u00f6nlendirme<\/li>\n<li>Arka Plan Kontrol \u0130\u015faretlemesi i\u00e7in Burst Buffer Offloads<\/li>\n<li>Yap\u0131 \u00dczerinden NVMe (NVMf) Hedef Aktar\u0131mlar\u0131<\/li>\n<li>Ana Bilgisayar Zincirleme ile Arka U\u00e7 Anahtar\u0131n\u0131 Kald\u0131rma<\/li>\n<li>Geli\u015fmi\u015f vSwitch \/ vRouter Aktar\u0131mlar\u0131<\/li>\n<li>Esnek Boru Hatt\u0131<\/li>\n<li>Yer Payla\u015f\u0131ml\u0131 A\u011flar i\u00e7in RoCE<\/li>\n<li>PCIe Gen3 ve Gen4 Deste\u011fi<\/li>\n<li>Silme Kodlama bo\u015faltma<\/li>\n<li>IBM CAPI v2 deste\u011fi<\/li>\n<li>T10-DIF \u0130mza Devri<\/li>\n<li>Mellanox PeerDirect \u2122 ileti\u015fim h\u0131zland\u0131rma<\/li>\n<li>NVGRE ve VXLAN kaps\u00fcllenmi\u015f trafik i\u00e7in donan\u0131m y\u00fck aktar\u0131mlar\u0131<\/li>\n<li>U\u00e7tan uca QoS ve t\u0131kan\u0131kl\u0131k kontrol\u00fc<\/li>\n<li>Donan\u0131m tabanl\u0131 G \/ \u00c7 sanalla\u015ft\u0131rma<\/li>\n<\/ul>\n","protected":false},"excerpt":{"rendered":"<div id=\"home\" class=\"row main-row inner-space-mobile\">\n<div class=\"col-sm-12 col-centered main-section\">\n<div class=\"inner-container no-border overview-section\">\n<div id=\"home\" class=\"col-sm-12\">\n<div id=\"home\" class=\"row main-row inner-space-mobile\">\n<div class=\"col-sm-12 col-centered main-section\">\n<div class=\"inner-container no-border overview-section\">\n<div id=\"home\" class=\"col-sm-12\">\n<div class=\"row show-grid\">\n<div class=\"col-sm-12\">\n<h1><a href=\"https:\/\/gtmteknoloji.com\/teklif-talep\/\">TEKL\u0130F AL<\/a><\/h1>\n<h5>ConnectX-6 Single\/Dual-Port Adapter supporting 200Gb\/s with VPI<\/h5>\n<\/div>\n<\/div>\n<div class=\"row show-grid\">\n<h5 class=\"col-lg-9\"><\/h5>\n<\/div>\n<\/div>\n<\/div>\n<\/div>\n<\/div>\n<\/div>\n<\/div>\n<\/div>\n<\/div>\n","protected":false},"featured_media":6399,"template":"","meta":[],"product_brand":[342],"product_cat":[2457,2366],"product_tag":[2458,2459,2460,2461],"class_list":{"0":"post-9757","1":"product","2":"type-product","3":"status-publish","4":"has-post-thumbnail","6":"product_brand-nvidia-npn-partner-gtmteknoloji","7":"product_cat-infiniband-adapters","8":"product_cat-network","9":"product_tag-connectx","10":"product_tag-connectx-6-single-dual-port-adapter-supporting-200gb-s-with-vpi","11":"product_tag-connectx-6-vpi-hdr-200gbe","12":"product_tag-virtual-protocol-interconnect","14":"first","15":"instock","16":"taxable","17":"shipping-taxable","18":"product-type-external"},"yoast_head":"<!-- This site is optimized with the Yoast SEO Premium plugin v27.4 (Yoast SEO v27.4) - https:\/\/yoast.com\/product\/yoast-seo-premium-wordpress\/ -->\n<title>ConnectX-6 Single\/Dual-Port Adapter supporting 200Gb\/s with VPI - GTM Teknoloji<\/title>\n<meta name=\"robots\" content=\"index, follow, max-snippet:-1, max-image-preview:large, max-video-preview:-1\" \/>\n<link rel=\"canonical\" href=\"https:\/\/gtmteknoloji.com\/b2b\/magaza\/network\/infiniband-adapters\/connectx-6-single-dual-port-adapter-supporting-200gb-s-with-vpi\/\" \/>\n<meta property=\"og:locale\" content=\"tr_TR\" \/>\n<meta property=\"og:type\" content=\"article\" \/>\n<meta property=\"og:title\" content=\"ConnectX-6 Single\/Dual-Port Adapter supporting 200Gb\/s with VPI\" \/>\n<meta property=\"og:description\" content=\"TEKL\u0130F AL ConnectX-6 Single\/Dual-Port Adapter supporting 200Gb\/s with VPI\" \/>\n<meta property=\"og:url\" content=\"https:\/\/gtmteknoloji.com\/b2b\/magaza\/network\/infiniband-adapters\/connectx-6-single-dual-port-adapter-supporting-200gb-s-with-vpi\/\" \/>\n<meta property=\"og:site_name\" content=\"GTM Teknoloji\" \/>\n<meta property=\"article:publisher\" content=\"https:\/\/www.facebook.com\/SupermicroTurkiye\/?locale=tr_TR\" \/>\n<meta property=\"article:modified_time\" content=\"2025-04-14T01:27:26+00:00\" \/>\n<meta property=\"og:image\" content=\"https:\/\/gtmteknoloji.com\/b2b\/wp-content\/uploads\/2021\/01\/gfx_04027.jpg\" \/>\n\t<meta property=\"og:image:width\" content=\"300\" \/>\n\t<meta property=\"og:image:height\" content=\"231\" \/>\n\t<meta property=\"og:image:type\" content=\"image\/jpeg\" \/>\n<meta name=\"twitter:card\" content=\"summary_large_image\" \/>\n<meta name=\"twitter:site\" content=\"@gtmteknoloji\" \/>\n<meta name=\"twitter:label1\" content=\"Fiyat\" \/>\n\t<meta name=\"twitter:data1\" content=\"\" \/>\n\t<meta name=\"twitter:label2\" content=\"Durumu\" \/>\n\t<meta name=\"twitter:data2\" content=\"Stokta var\" \/>\n<script type=\"application\/ld+json\" class=\"yoast-schema-graph\">{\"@context\":\"https:\\\/\\\/schema.org\",\"@graph\":[{\"@type\":\"WebPage\",\"@id\":\"https:\\\/\\\/gtmteknoloji.com\\\/b2b\\\/magaza\\\/network\\\/infiniband-adapters\\\/connectx-6-single-dual-port-adapter-supporting-200gb-s-with-vpi\\\/\",\"url\":\"https:\\\/\\\/gtmteknoloji.com\\\/b2b\\\/magaza\\\/network\\\/infiniband-adapters\\\/connectx-6-single-dual-port-adapter-supporting-200gb-s-with-vpi\\\/\",\"name\":\"ConnectX-6 Single\\\/Dual-Port Adapter supporting 200Gb\\\/s with VPI - GTM Teknoloji\",\"isPartOf\":{\"@id\":\"https:\\\/\\\/gtmteknoloji.com\\\/b2b\\\/#website\"},\"primaryImageOfPage\":{\"@id\":\"https:\\\/\\\/gtmteknoloji.com\\\/b2b\\\/magaza\\\/network\\\/infiniband-adapters\\\/connectx-6-single-dual-port-adapter-supporting-200gb-s-with-vpi\\\/#primaryimage\"},\"image\":{\"@id\":\"https:\\\/\\\/gtmteknoloji.com\\\/b2b\\\/magaza\\\/network\\\/infiniband-adapters\\\/connectx-6-single-dual-port-adapter-supporting-200gb-s-with-vpi\\\/#primaryimage\"},\"thumbnailUrl\":\"https:\\\/\\\/gtmteknoloji.com\\\/b2b\\\/wp-content\\\/uploads\\\/2021\\\/01\\\/gfx_04027.jpg\",\"datePublished\":\"2025-04-14T01:27:17+00:00\",\"dateModified\":\"2025-04-14T01:27:26+00:00\",\"breadcrumb\":{\"@id\":\"https:\\\/\\\/gtmteknoloji.com\\\/b2b\\\/magaza\\\/network\\\/infiniband-adapters\\\/connectx-6-single-dual-port-adapter-supporting-200gb-s-with-vpi\\\/#breadcrumb\"},\"inLanguage\":\"tr\",\"potentialAction\":[{\"@type\":\"ReadAction\",\"target\":[\"https:\\\/\\\/gtmteknoloji.com\\\/b2b\\\/magaza\\\/network\\\/infiniband-adapters\\\/connectx-6-single-dual-port-adapter-supporting-200gb-s-with-vpi\\\/\"]}]},{\"@type\":\"ImageObject\",\"inLanguage\":\"tr\",\"@id\":\"https:\\\/\\\/gtmteknoloji.com\\\/b2b\\\/magaza\\\/network\\\/infiniband-adapters\\\/connectx-6-single-dual-port-adapter-supporting-200gb-s-with-vpi\\\/#primaryimage\",\"url\":\"https:\\\/\\\/gtmteknoloji.com\\\/b2b\\\/wp-content\\\/uploads\\\/2021\\\/01\\\/gfx_04027.jpg\",\"contentUrl\":\"https:\\\/\\\/gtmteknoloji.com\\\/b2b\\\/wp-content\\\/uploads\\\/2021\\\/01\\\/gfx_04027.jpg\",\"width\":300,\"height\":231},{\"@type\":\"BreadcrumbList\",\"@id\":\"https:\\\/\\\/gtmteknoloji.com\\\/b2b\\\/magaza\\\/network\\\/infiniband-adapters\\\/connectx-6-single-dual-port-adapter-supporting-200gb-s-with-vpi\\\/#breadcrumb\",\"itemListElement\":[{\"@type\":\"ListItem\",\"position\":1,\"name\":\"Home\",\"item\":\"https:\\\/\\\/gtmteknoloji.com\\\/b2b\\\/\"},{\"@type\":\"ListItem\",\"position\":2,\"name\":\"Ma\u011faza\",\"item\":\"https:\\\/\\\/gtmteknoloji.com\\\/b2b\\\/magaza\\\/\"},{\"@type\":\"ListItem\",\"position\":3,\"name\":\"ConnectX-6 Single\\\/Dual-Port Adapter supporting 200Gb\\\/s with VPI\"}]},{\"@type\":\"WebSite\",\"@id\":\"https:\\\/\\\/gtmteknoloji.com\\\/b2b\\\/#website\",\"url\":\"https:\\\/\\\/gtmteknoloji.com\\\/b2b\\\/\",\"name\":\"GTM Teknoloji\",\"description\":\"B2B Sat\u0131\u015f Portal\u0131\",\"publisher\":{\"@id\":\"https:\\\/\\\/gtmteknoloji.com\\\/b2b\\\/#organization\"},\"potentialAction\":[{\"@type\":\"SearchAction\",\"target\":{\"@type\":\"EntryPoint\",\"urlTemplate\":\"https:\\\/\\\/gtmteknoloji.com\\\/b2b\\\/?s={search_term_string}\"},\"query-input\":{\"@type\":\"PropertyValueSpecification\",\"valueRequired\":true,\"valueName\":\"search_term_string\"}}],\"inLanguage\":\"tr\"},{\"@type\":\"Organization\",\"@id\":\"https:\\\/\\\/gtmteknoloji.com\\\/b2b\\\/#organization\",\"name\":\"GTM Teknoloji\",\"url\":\"https:\\\/\\\/gtmteknoloji.com\\\/b2b\\\/\",\"logo\":{\"@type\":\"ImageObject\",\"inLanguage\":\"tr\",\"@id\":\"https:\\\/\\\/gtmteknoloji.com\\\/b2b\\\/#\\\/schema\\\/logo\\\/image\\\/\",\"url\":\"https:\\\/\\\/gtmteknoloji.com\\\/b2b\\\/wp-content\\\/uploads\\\/2020\\\/12\\\/GTM-logo.png\",\"contentUrl\":\"https:\\\/\\\/gtmteknoloji.com\\\/b2b\\\/wp-content\\\/uploads\\\/2020\\\/12\\\/GTM-logo.png\",\"width\":400,\"height\":400,\"caption\":\"GTM Teknoloji\"},\"image\":{\"@id\":\"https:\\\/\\\/gtmteknoloji.com\\\/b2b\\\/#\\\/schema\\\/logo\\\/image\\\/\"},\"sameAs\":[\"https:\\\/\\\/www.facebook.com\\\/SupermicroTurkiye\\\/?locale=tr_TR\",\"https:\\\/\\\/x.com\\\/gtmteknoloji\"]}]}<\/script>\n<meta property=\"product:brand\" content=\"Nvidia\" \/>\n<meta property=\"product:price:currency\" content=\"USD\" \/>\n<meta property=\"og:availability\" content=\"instock\" \/>\n<meta property=\"product:availability\" content=\"instock\" \/>\n<meta property=\"product:condition\" content=\"new\" \/>\n<!-- \/ Yoast SEO Premium plugin. -->","yoast_head_json":{"title":"ConnectX-6 Single\/Dual-Port Adapter supporting 200Gb\/s with VPI - GTM Teknoloji","robots":{"index":"index","follow":"follow","max-snippet":"max-snippet:-1","max-image-preview":"max-image-preview:large","max-video-preview":"max-video-preview:-1"},"canonical":"https:\/\/gtmteknoloji.com\/b2b\/magaza\/network\/infiniband-adapters\/connectx-6-single-dual-port-adapter-supporting-200gb-s-with-vpi\/","og_locale":"tr_TR","og_type":"article","og_title":"ConnectX-6 Single\/Dual-Port Adapter supporting 200Gb\/s with VPI","og_description":"TEKL\u0130F AL ConnectX-6 Single\/Dual-Port Adapter supporting 200Gb\/s with VPI","og_url":"https:\/\/gtmteknoloji.com\/b2b\/magaza\/network\/infiniband-adapters\/connectx-6-single-dual-port-adapter-supporting-200gb-s-with-vpi\/","og_site_name":"GTM Teknoloji","article_publisher":"https:\/\/www.facebook.com\/SupermicroTurkiye\/?locale=tr_TR","article_modified_time":"2025-04-14T01:27:26+00:00","og_image":[{"width":300,"height":231,"url":"https:\/\/gtmteknoloji.com\/b2b\/wp-content\/uploads\/2021\/01\/gfx_04027.jpg","type":"image\/jpeg"}],"twitter_card":"summary_large_image","twitter_site":"@gtmteknoloji","twitter_misc":{"Fiyat":"","Durumu":"Stokta var"},"schema":{"@context":"https:\/\/schema.org","@graph":[{"@type":"WebPage","@id":"https:\/\/gtmteknoloji.com\/b2b\/magaza\/network\/infiniband-adapters\/connectx-6-single-dual-port-adapter-supporting-200gb-s-with-vpi\/","url":"https:\/\/gtmteknoloji.com\/b2b\/magaza\/network\/infiniband-adapters\/connectx-6-single-dual-port-adapter-supporting-200gb-s-with-vpi\/","name":"ConnectX-6 Single\/Dual-Port Adapter supporting 200Gb\/s with VPI - GTM Teknoloji","isPartOf":{"@id":"https:\/\/gtmteknoloji.com\/b2b\/#website"},"primaryImageOfPage":{"@id":"https:\/\/gtmteknoloji.com\/b2b\/magaza\/network\/infiniband-adapters\/connectx-6-single-dual-port-adapter-supporting-200gb-s-with-vpi\/#primaryimage"},"image":{"@id":"https:\/\/gtmteknoloji.com\/b2b\/magaza\/network\/infiniband-adapters\/connectx-6-single-dual-port-adapter-supporting-200gb-s-with-vpi\/#primaryimage"},"thumbnailUrl":"https:\/\/gtmteknoloji.com\/b2b\/wp-content\/uploads\/2021\/01\/gfx_04027.jpg","datePublished":"2025-04-14T01:27:17+00:00","dateModified":"2025-04-14T01:27:26+00:00","breadcrumb":{"@id":"https:\/\/gtmteknoloji.com\/b2b\/magaza\/network\/infiniband-adapters\/connectx-6-single-dual-port-adapter-supporting-200gb-s-with-vpi\/#breadcrumb"},"inLanguage":"tr","potentialAction":[{"@type":"ReadAction","target":["https:\/\/gtmteknoloji.com\/b2b\/magaza\/network\/infiniband-adapters\/connectx-6-single-dual-port-adapter-supporting-200gb-s-with-vpi\/"]}]},{"@type":"ImageObject","inLanguage":"tr","@id":"https:\/\/gtmteknoloji.com\/b2b\/magaza\/network\/infiniband-adapters\/connectx-6-single-dual-port-adapter-supporting-200gb-s-with-vpi\/#primaryimage","url":"https:\/\/gtmteknoloji.com\/b2b\/wp-content\/uploads\/2021\/01\/gfx_04027.jpg","contentUrl":"https:\/\/gtmteknoloji.com\/b2b\/wp-content\/uploads\/2021\/01\/gfx_04027.jpg","width":300,"height":231},{"@type":"BreadcrumbList","@id":"https:\/\/gtmteknoloji.com\/b2b\/magaza\/network\/infiniband-adapters\/connectx-6-single-dual-port-adapter-supporting-200gb-s-with-vpi\/#breadcrumb","itemListElement":[{"@type":"ListItem","position":1,"name":"Home","item":"https:\/\/gtmteknoloji.com\/b2b\/"},{"@type":"ListItem","position":2,"name":"Ma\u011faza","item":"https:\/\/gtmteknoloji.com\/b2b\/magaza\/"},{"@type":"ListItem","position":3,"name":"ConnectX-6 Single\/Dual-Port Adapter supporting 200Gb\/s with VPI"}]},{"@type":"WebSite","@id":"https:\/\/gtmteknoloji.com\/b2b\/#website","url":"https:\/\/gtmteknoloji.com\/b2b\/","name":"GTM Teknoloji","description":"B2B Sat\u0131\u015f Portal\u0131","publisher":{"@id":"https:\/\/gtmteknoloji.com\/b2b\/#organization"},"potentialAction":[{"@type":"SearchAction","target":{"@type":"EntryPoint","urlTemplate":"https:\/\/gtmteknoloji.com\/b2b\/?s={search_term_string}"},"query-input":{"@type":"PropertyValueSpecification","valueRequired":true,"valueName":"search_term_string"}}],"inLanguage":"tr"},{"@type":"Organization","@id":"https:\/\/gtmteknoloji.com\/b2b\/#organization","name":"GTM Teknoloji","url":"https:\/\/gtmteknoloji.com\/b2b\/","logo":{"@type":"ImageObject","inLanguage":"tr","@id":"https:\/\/gtmteknoloji.com\/b2b\/#\/schema\/logo\/image\/","url":"https:\/\/gtmteknoloji.com\/b2b\/wp-content\/uploads\/2020\/12\/GTM-logo.png","contentUrl":"https:\/\/gtmteknoloji.com\/b2b\/wp-content\/uploads\/2020\/12\/GTM-logo.png","width":400,"height":400,"caption":"GTM Teknoloji"},"image":{"@id":"https:\/\/gtmteknoloji.com\/b2b\/#\/schema\/logo\/image\/"},"sameAs":["https:\/\/www.facebook.com\/SupermicroTurkiye\/?locale=tr_TR","https:\/\/x.com\/gtmteknoloji"]}]},"product_brand":"Nvidia","product_price_currency":"USD","og_availability":"instock","product_availability":"instock","product_condition":"new"},"_links":{"self":[{"href":"https:\/\/gtmteknoloji.com\/b2b\/wp-json\/wp\/v2\/product\/9757","targetHints":{"allow":["GET"]}}],"collection":[{"href":"https:\/\/gtmteknoloji.com\/b2b\/wp-json\/wp\/v2\/product"}],"about":[{"href":"https:\/\/gtmteknoloji.com\/b2b\/wp-json\/wp\/v2\/types\/product"}],"version-history":[{"count":1,"href":"https:\/\/gtmteknoloji.com\/b2b\/wp-json\/wp\/v2\/product\/9757\/revisions"}],"predecessor-version":[{"id":9787,"href":"https:\/\/gtmteknoloji.com\/b2b\/wp-json\/wp\/v2\/product\/9757\/revisions\/9787"}],"wp:featuredmedia":[{"embeddable":true,"href":"https:\/\/gtmteknoloji.com\/b2b\/wp-json\/wp\/v2\/media\/6399"}],"wp:attachment":[{"href":"https:\/\/gtmteknoloji.com\/b2b\/wp-json\/wp\/v2\/media?parent=9757"}],"wp:term":[{"taxonomy":"product_brand","embeddable":true,"href":"https:\/\/gtmteknoloji.com\/b2b\/wp-json\/wp\/v2\/product_brand?post=9757"},{"taxonomy":"product_cat","embeddable":true,"href":"https:\/\/gtmteknoloji.com\/b2b\/wp-json\/wp\/v2\/product_cat?post=9757"},{"taxonomy":"product_tag","embeddable":true,"href":"https:\/\/gtmteknoloji.com\/b2b\/wp-json\/wp\/v2\/product_tag?post=9757"}],"curies":[{"name":"wp","href":"https:\/\/api.w.org\/{rel}","templated":true}]}}