{"id":9758,"date":"2025-04-14T04:27:17","date_gmt":"2025-04-14T01:27:17","guid":{"rendered":"https:\/\/gtmteknoloji.com\/b2b\/?post_type=product&#038;p=9758"},"modified":"2025-11-30T21:07:21","modified_gmt":"2025-11-30T18:07:21","slug":"connectx-5-single-dual-port-adapter-supporting-100gb-s-with-vpi","status":"publish","type":"product","link":"https:\/\/gtmteknoloji.com\/b2b\/magaza\/network\/infiniband-adapters\/connectx-5-single-dual-port-adapter-supporting-100gb-s-with-vpi\/","title":{"rendered":"EOL &#8211; ConnectX\u00ae-5 Single\/Dual-Port Adapter supporting 100Gb\/s with VPI"},"content":{"rendered":"<p>Ak\u0131ll\u0131 ConnectX-5 adapt\u00f6r kartlar\u0131 Mellanox Smart Interconnect paketine aittir ve Ortak Tasar\u0131m ve A\u011f \u0130\u00e7i Hesaplamay\u0131 destekleyerek Y\u00fcksek Performans, Web 2.0, Bulut, Veri Analizi ve Depolama platformlar\u0131n\u0131 en \u00fcst d\u00fczeye \u00e7\u0131karmak i\u00e7in h\u0131zland\u0131rma motorlar\u0131 sa\u011flar.<\/p>\n<p>Virtual Protocol Interconnect\u00a0<sup>\u00ae \u00f6zellikli<\/sup>\u00a0ConnectX-5\u00a0, 100Gb \/ s InfiniBand ve Ethernet ba\u011flant\u0131s\u0131na sahip iki ba\u011flant\u0131 noktas\u0131n\u0131, 600 nanosaniyenin alt\u0131nda gecikmeyi ve \u00e7ok y\u00fcksek mesaj oran\u0131n\u0131, ayr\u0131ca PCIe anahtar\u0131 ve NVMe over Fabric aktar\u0131mlar\u0131n\u0131 destekleyerek en y\u00fcksek performans\u0131 ve en esnek \u00e7\u00f6z\u00fcm\u00fc sa\u011flar. en zorlu uygulamalar ve pazarlar.<\/p>\n<p>ConnectX-5, MPI Etiket E\u015fle\u015ftirme ve MPI AlltoAll i\u015flemleri, geli\u015fmi\u015f dinamik y\u00f6nlendirme ve \u00e7e\u015fitli veri algoritmalar\u0131n\u0131 ger\u00e7ekle\u015ftirmek i\u00e7in yeni \u00f6zellikler gibi yeni \u0130leti Ge\u00e7i\u015f Arabirimi (MPI) aktar\u0131mlar\u0131yla daha y\u00fcksek HPC performans\u0131 sa\u011flar.<\/p>\n<p>Ayr\u0131ca ConnectX-5 H\u0131zland\u0131r\u0131lm\u0131\u015f Anahtarlama ve Paket \u0130\u015fleme (ASAP2\u00a0<sup>\u2122<\/sup>\u00a0) teknolojisi, sanal anahtarlar\u0131n y\u00fck\u00a0aktar\u0131m\u0131n\u0131\u00a0geli\u015ftirir, \u00f6rne\u011fin A\u00e7\u0131k V-Anahtar\u0131 (OVS), bu da CPU&#8217;ya a\u015f\u0131r\u0131 y\u00fcklenmeden \u00f6nemli \u00f6l\u00e7\u00fcde daha y\u00fcksek veri aktar\u0131m performans\u0131 sa\u011flar.\u00a0Yerel RDMA ve RoCE deste\u011fiyle birlikte ConnectX-5, Bulut ve NFV platform verimlili\u011fini \u00f6nemli \u00f6l\u00e7\u00fcde iyile\u015ftirir.<\/p>\n<p>Mellanox, alternatif bir ConnectX-5 Socket Direct\u00a0<sup>\u2122 sunar<\/sup>x16 PCIe yuvas\u0131 olmayan sunucular i\u00e7in de 100 Gb \/ sn iletim h\u0131z\u0131n\u0131 etkinle\u015ftirmek i\u00e7in kart.\u00a0Adapt\u00f6r\u00fcn 16 \u015feritli PCIe veri yolu, bir PCIe x8 kenar konekt\u00f6r\u00fcnden eri\u015filebilen ve di\u011fer veri yoluna x8 paralel konekt\u00f6r arac\u0131l\u0131\u011f\u0131yla Yard\u0131mc\u0131 PCIe Ba\u011flant\u0131 Kart\u0131na eri\u015filebilen iki 8 \u015feritli veri yoluna b\u00f6l\u00fcnm\u00fc\u015ft\u00fcr.\u00a0\u0130ki kart, \u00f6zel bir kablo demeti kullan\u0131larak ba\u011flan\u0131r.\u00a0Ayr\u0131ca kart, \u00f6zel PCIe x8 arabirimi arac\u0131l\u0131\u011f\u0131yla \u00e7ift soketli bir sunucudaki her CPU&#8217;dan a\u011fa do\u011frudan eri\u015fim sa\u011flayarak geli\u015fmi\u015f performans sa\u011flar.<\/p>\n<p><img decoding=\"async\" src=\"https:\/\/www.mellanox.com\/sites\/default\/files\/img\/products\/open_sml.jpg\" \/><br \/>\nA\u00e7\u0131k Bili\u015fim Projesi (OCP) misyonu, en uygun maliyetli, enerji a\u00e7\u0131s\u0131ndan verimli ve \u00f6l\u00e7eklenebilir kurulu\u015f ve Web 2.0 veri merkezlerini geli\u015ftirmek ve belirlemektir.\u00a0Mellanox ConnectX-5 VPI OCP adapt\u00f6r kart\u0131, HPC, Makine \u00d6\u011frenimi, Web 2.0, Kurumsal Veri Merkezleri ve Bulut ortamlar\u0131nda performans odakl\u0131 sunucu ve depolama uygulamalar\u0131 i\u00e7in \u00f6nde gelen Ethernet ba\u011flant\u0131s\u0131 sa\u011flar.\u00a0OCP Mezzanine adapt\u00f6r form fakt\u00f6r\u00fc, OCP sunucular\u0131yla e\u015fle\u015fecek \u015fekilde tasarlanm\u0131\u015ft\u0131r.<\/p>\n<h2>Faydalar\u0131<\/h2>\n<ul class=\"bullet_list\">\n<li>Sekt\u00f6r lideri aktar\u0131m h\u0131z\u0131, d\u00fc\u015f\u00fck gecikme s\u00fcresi, d\u00fc\u015f\u00fck CPU kullan\u0131m\u0131 ve y\u00fcksek mesaj h\u0131z\u0131<\/li>\n<li>Host Chaining teknolojisine dayal\u0131 depolama ve Makine \u00d6\u011frenimi i\u00e7in yenilik\u00e7i raf tasar\u0131m\u0131<\/li>\n<li>X86, Power, ARM ve GPU tabanl\u0131 bilgi i\u015flem ve depolama platformlar\u0131 i\u00e7in ak\u0131ll\u0131 ara ba\u011flant\u0131<\/li>\n<li>NVMe over Fabric aktar\u0131mlar\u0131 dahil geli\u015fmi\u015f depolama yetenekleri<\/li>\n<li>Esnek boru hatt\u0131 programlanabilirli\u011fini destekleyen ak\u0131ll\u0131 a\u011f adapt\u00f6r\u00fc<\/li>\n<li>A\u011f \u0130\u015flevi Sanalla\u015ft\u0131rma (NFV) dahil olmak \u00fczere sanalla\u015ft\u0131r\u0131lm\u0131\u015f a\u011flarda \u00fcst\u00fcn performans<\/li>\n<li>Verimli hizmet zinciri olu\u015fturma yetenekleri i\u00e7in etkinle\u015ftirici<\/li>\n<\/ul>\n<h2>Ana \u00d6zellikler<\/h2>\n<ul class=\"bullet_list\">\n<li>Ba\u011flant\u0131 noktas\u0131 ba\u015f\u0131na EDR 100 Gb \/ sn InfiniBand veya 100 Gb \/ sn Ethernet ve t\u00fcm d\u00fc\u015f\u00fck h\u0131zlar<\/li>\n<li>200 milyon mesaj \/ saniyeye kadar<\/li>\n<li>Etiket E\u015fle\u015ftirme ve Rendezvous Offloads<\/li>\n<li>G\u00fcvenilir Ta\u015f\u0131mac\u0131l\u0131kta Uyarlanabilir Y\u00f6nlendirme<\/li>\n<li>Arka Plan Kontrol \u0130\u015faretlemesi i\u00e7in Burst Buffer Offloads<\/li>\n<li>Yap\u0131 \u00dczerinden NVMe (NVMf) Hedef Aktar\u0131mlar\u0131<\/li>\n<li>Ana Bilgisayar Zincirleme ile Arka U\u00e7 Anahtar\u0131n\u0131 Kald\u0131rma<\/li>\n<li>G\u00f6m\u00fcl\u00fc PCIe Anahtar\u0131<\/li>\n<li>Geli\u015fmi\u015f vSwitch \/ vRouter Aktar\u0131mlar\u0131<\/li>\n<li>Esnek Boru Hatt\u0131<\/li>\n<li>Yer Payla\u015f\u0131ml\u0131 A\u011flar i\u00e7in RoCE<\/li>\n<li>PCIe Gen 4 Deste\u011fi<\/li>\n<li>Silme Kodlama bo\u015faltma<\/li>\n<li>IBM CAPI v2 deste\u011fi<\/li>\n<li>T10-DIF \u0130mza Devri<\/li>\n<li>Mellanox PeerDirect \u2122 ileti\u015fim h\u0131zland\u0131rma<\/li>\n<li>NVGRE ve VXLAN kaps\u00fcllenmi\u015f trafik i\u00e7in donan\u0131m y\u00fck aktar\u0131mlar\u0131<\/li>\n<li>U\u00e7tan uca QoS ve t\u0131kan\u0131kl\u0131k kontrol\u00fc<\/li>\n<li>Donan\u0131m tabanl\u0131 G \/ \u00c7 sanalla\u015ft\u0131rma<\/li>\n<\/ul>\n","protected":false},"excerpt":{"rendered":"<div id=\"home\" class=\"row main-row inner-space-mobile\">\n<div class=\"col-sm-12 col-centered main-section\">\n<div class=\"inner-container no-border overview-section\">\n<div id=\"home\" class=\"col-sm-12\">\n<div id=\"home\" class=\"row main-row inner-space-mobile\">\n<div class=\"col-sm-12 col-centered main-section\">\n<div class=\"inner-container no-border overview-section\">\n<div id=\"home\" class=\"col-sm-12\">\n<div class=\"row show-grid\">\n<div class=\"col-sm-12\">\n<h1><a href=\"https:\/\/gtmteknoloji.com\/teklif-talep\/\">TEKL\u0130F AL<\/a><\/h1>\n<h5>ConnectX<sup>\u00ae<\/sup>-5 Single\/Dual-Port Adapter supporting 100Gb\/s with VPI<\/h5>\n<\/div>\n<\/div>\n<\/div>\n<\/div>\n<\/div>\n<\/div>\n<\/div>\n<\/div>\n<\/div>\n<\/div>\n","protected":false},"featured_media":6401,"template":"","meta":[],"product_brand":[342],"product_cat":[2457,2366],"product_tag":[2458,2462,2463,2461],"class_list":{"0":"post-9758","1":"product","2":"type-product","3":"status-publish","4":"has-post-thumbnail","6":"product_brand-nvidia-npn-partner-gtmteknoloji","7":"product_cat-infiniband-adapters","8":"product_cat-network","9":"product_tag-connectx","10":"product_tag-connectx-5-vpi-edr-100gbe","11":"product_tag-connectx-5-single-dual-port-adapter-supporting-100gb-s-with-vpi","12":"product_tag-virtual-protocol-interconnect","14":"first","15":"instock","16":"taxable","17":"shipping-taxable","18":"product-type-external"},"yoast_head":"<!-- This site is optimized with the Yoast SEO Premium plugin v27.4 (Yoast SEO v27.4) - https:\/\/yoast.com\/product\/yoast-seo-premium-wordpress\/ -->\n<title>EOL - ConnectX\u00ae-5 Single\/Dual-Port Adapter supporting 100Gb\/s with VPI - GTM Teknoloji<\/title>\n<meta name=\"robots\" content=\"index, follow, max-snippet:-1, max-image-preview:large, max-video-preview:-1\" \/>\n<link rel=\"canonical\" href=\"https:\/\/gtmteknoloji.com\/b2b\/magaza\/network\/infiniband-adapters\/connectx-5-single-dual-port-adapter-supporting-100gb-s-with-vpi\/\" \/>\n<meta property=\"og:locale\" content=\"tr_TR\" \/>\n<meta property=\"og:type\" content=\"article\" \/>\n<meta property=\"og:title\" content=\"EOL - ConnectX\u00ae-5 Single\/Dual-Port Adapter supporting 100Gb\/s with VPI\" \/>\n<meta property=\"og:description\" content=\"TEKL\u0130F AL ConnectX\u00ae-5 Single\/Dual-Port Adapter supporting 100Gb\/s with VPI\" \/>\n<meta property=\"og:url\" content=\"https:\/\/gtmteknoloji.com\/b2b\/magaza\/network\/infiniband-adapters\/connectx-5-single-dual-port-adapter-supporting-100gb-s-with-vpi\/\" \/>\n<meta property=\"og:site_name\" content=\"GTM Teknoloji\" \/>\n<meta property=\"article:publisher\" content=\"https:\/\/www.facebook.com\/SupermicroTurkiye\/?locale=tr_TR\" \/>\n<meta property=\"article:modified_time\" content=\"2025-11-30T18:07:21+00:00\" \/>\n<meta property=\"og:image\" content=\"https:\/\/gtmteknoloji.com\/b2b\/wp-content\/uploads\/2021\/01\/gfx_03305.png\" \/>\n\t<meta property=\"og:image:width\" content=\"300\" \/>\n\t<meta property=\"og:image:height\" content=\"231\" \/>\n\t<meta property=\"og:image:type\" content=\"image\/png\" \/>\n<meta name=\"twitter:card\" content=\"summary_large_image\" \/>\n<meta name=\"twitter:site\" content=\"@gtmteknoloji\" \/>\n<meta name=\"twitter:label1\" content=\"Fiyat\" \/>\n\t<meta name=\"twitter:data1\" content=\"\" \/>\n\t<meta name=\"twitter:label2\" content=\"Durumu\" \/>\n\t<meta name=\"twitter:data2\" content=\"Stokta var\" \/>\n<script type=\"application\/ld+json\" class=\"yoast-schema-graph\">{\"@context\":\"https:\\\/\\\/schema.org\",\"@graph\":[{\"@type\":\"WebPage\",\"@id\":\"https:\\\/\\\/gtmteknoloji.com\\\/b2b\\\/magaza\\\/network\\\/infiniband-adapters\\\/connectx-5-single-dual-port-adapter-supporting-100gb-s-with-vpi\\\/\",\"url\":\"https:\\\/\\\/gtmteknoloji.com\\\/b2b\\\/magaza\\\/network\\\/infiniband-adapters\\\/connectx-5-single-dual-port-adapter-supporting-100gb-s-with-vpi\\\/\",\"name\":\"EOL - ConnectX\u00ae-5 Single\\\/Dual-Port Adapter supporting 100Gb\\\/s with VPI - GTM Teknoloji\",\"isPartOf\":{\"@id\":\"https:\\\/\\\/gtmteknoloji.com\\\/b2b\\\/#website\"},\"primaryImageOfPage\":{\"@id\":\"https:\\\/\\\/gtmteknoloji.com\\\/b2b\\\/magaza\\\/network\\\/infiniband-adapters\\\/connectx-5-single-dual-port-adapter-supporting-100gb-s-with-vpi\\\/#primaryimage\"},\"image\":{\"@id\":\"https:\\\/\\\/gtmteknoloji.com\\\/b2b\\\/magaza\\\/network\\\/infiniband-adapters\\\/connectx-5-single-dual-port-adapter-supporting-100gb-s-with-vpi\\\/#primaryimage\"},\"thumbnailUrl\":\"https:\\\/\\\/gtmteknoloji.com\\\/b2b\\\/wp-content\\\/uploads\\\/2021\\\/01\\\/gfx_03305.png\",\"datePublished\":\"2025-04-14T01:27:17+00:00\",\"dateModified\":\"2025-11-30T18:07:21+00:00\",\"breadcrumb\":{\"@id\":\"https:\\\/\\\/gtmteknoloji.com\\\/b2b\\\/magaza\\\/network\\\/infiniband-adapters\\\/connectx-5-single-dual-port-adapter-supporting-100gb-s-with-vpi\\\/#breadcrumb\"},\"inLanguage\":\"tr\",\"potentialAction\":[{\"@type\":\"ReadAction\",\"target\":[\"https:\\\/\\\/gtmteknoloji.com\\\/b2b\\\/magaza\\\/network\\\/infiniband-adapters\\\/connectx-5-single-dual-port-adapter-supporting-100gb-s-with-vpi\\\/\"]}]},{\"@type\":\"ImageObject\",\"inLanguage\":\"tr\",\"@id\":\"https:\\\/\\\/gtmteknoloji.com\\\/b2b\\\/magaza\\\/network\\\/infiniband-adapters\\\/connectx-5-single-dual-port-adapter-supporting-100gb-s-with-vpi\\\/#primaryimage\",\"url\":\"https:\\\/\\\/gtmteknoloji.com\\\/b2b\\\/wp-content\\\/uploads\\\/2021\\\/01\\\/gfx_03305.png\",\"contentUrl\":\"https:\\\/\\\/gtmteknoloji.com\\\/b2b\\\/wp-content\\\/uploads\\\/2021\\\/01\\\/gfx_03305.png\",\"width\":300,\"height\":231},{\"@type\":\"BreadcrumbList\",\"@id\":\"https:\\\/\\\/gtmteknoloji.com\\\/b2b\\\/magaza\\\/network\\\/infiniband-adapters\\\/connectx-5-single-dual-port-adapter-supporting-100gb-s-with-vpi\\\/#breadcrumb\",\"itemListElement\":[{\"@type\":\"ListItem\",\"position\":1,\"name\":\"Home\",\"item\":\"https:\\\/\\\/gtmteknoloji.com\\\/b2b\\\/\"},{\"@type\":\"ListItem\",\"position\":2,\"name\":\"Ma\u011faza\",\"item\":\"https:\\\/\\\/gtmteknoloji.com\\\/b2b\\\/magaza\\\/\"},{\"@type\":\"ListItem\",\"position\":3,\"name\":\"EOL &#8211; ConnectX\u00ae-5 Single\\\/Dual-Port Adapter supporting 100Gb\\\/s with VPI\"}]},{\"@type\":\"WebSite\",\"@id\":\"https:\\\/\\\/gtmteknoloji.com\\\/b2b\\\/#website\",\"url\":\"https:\\\/\\\/gtmteknoloji.com\\\/b2b\\\/\",\"name\":\"GTM Teknoloji\",\"description\":\"B2B Sat\u0131\u015f Portal\u0131\",\"publisher\":{\"@id\":\"https:\\\/\\\/gtmteknoloji.com\\\/b2b\\\/#organization\"},\"potentialAction\":[{\"@type\":\"SearchAction\",\"target\":{\"@type\":\"EntryPoint\",\"urlTemplate\":\"https:\\\/\\\/gtmteknoloji.com\\\/b2b\\\/?s={search_term_string}\"},\"query-input\":{\"@type\":\"PropertyValueSpecification\",\"valueRequired\":true,\"valueName\":\"search_term_string\"}}],\"inLanguage\":\"tr\"},{\"@type\":\"Organization\",\"@id\":\"https:\\\/\\\/gtmteknoloji.com\\\/b2b\\\/#organization\",\"name\":\"GTM Teknoloji\",\"url\":\"https:\\\/\\\/gtmteknoloji.com\\\/b2b\\\/\",\"logo\":{\"@type\":\"ImageObject\",\"inLanguage\":\"tr\",\"@id\":\"https:\\\/\\\/gtmteknoloji.com\\\/b2b\\\/#\\\/schema\\\/logo\\\/image\\\/\",\"url\":\"https:\\\/\\\/gtmteknoloji.com\\\/b2b\\\/wp-content\\\/uploads\\\/2020\\\/12\\\/GTM-logo.png\",\"contentUrl\":\"https:\\\/\\\/gtmteknoloji.com\\\/b2b\\\/wp-content\\\/uploads\\\/2020\\\/12\\\/GTM-logo.png\",\"width\":400,\"height\":400,\"caption\":\"GTM Teknoloji\"},\"image\":{\"@id\":\"https:\\\/\\\/gtmteknoloji.com\\\/b2b\\\/#\\\/schema\\\/logo\\\/image\\\/\"},\"sameAs\":[\"https:\\\/\\\/www.facebook.com\\\/SupermicroTurkiye\\\/?locale=tr_TR\",\"https:\\\/\\\/x.com\\\/gtmteknoloji\"]}]}<\/script>\n<meta property=\"product:brand\" content=\"Nvidia\" \/>\n<meta property=\"product:price:currency\" content=\"USD\" \/>\n<meta property=\"og:availability\" content=\"instock\" \/>\n<meta property=\"product:availability\" content=\"instock\" \/>\n<meta property=\"product:condition\" content=\"new\" \/>\n<!-- \/ Yoast SEO Premium plugin. -->","yoast_head_json":{"title":"EOL - ConnectX\u00ae-5 Single\/Dual-Port Adapter supporting 100Gb\/s with VPI - GTM Teknoloji","robots":{"index":"index","follow":"follow","max-snippet":"max-snippet:-1","max-image-preview":"max-image-preview:large","max-video-preview":"max-video-preview:-1"},"canonical":"https:\/\/gtmteknoloji.com\/b2b\/magaza\/network\/infiniband-adapters\/connectx-5-single-dual-port-adapter-supporting-100gb-s-with-vpi\/","og_locale":"tr_TR","og_type":"article","og_title":"EOL - ConnectX\u00ae-5 Single\/Dual-Port Adapter supporting 100Gb\/s with VPI","og_description":"TEKL\u0130F AL ConnectX\u00ae-5 Single\/Dual-Port Adapter supporting 100Gb\/s with VPI","og_url":"https:\/\/gtmteknoloji.com\/b2b\/magaza\/network\/infiniband-adapters\/connectx-5-single-dual-port-adapter-supporting-100gb-s-with-vpi\/","og_site_name":"GTM Teknoloji","article_publisher":"https:\/\/www.facebook.com\/SupermicroTurkiye\/?locale=tr_TR","article_modified_time":"2025-11-30T18:07:21+00:00","og_image":[{"width":300,"height":231,"url":"https:\/\/gtmteknoloji.com\/b2b\/wp-content\/uploads\/2021\/01\/gfx_03305.png","type":"image\/png"}],"twitter_card":"summary_large_image","twitter_site":"@gtmteknoloji","twitter_misc":{"Fiyat":"","Durumu":"Stokta var"},"schema":{"@context":"https:\/\/schema.org","@graph":[{"@type":"WebPage","@id":"https:\/\/gtmteknoloji.com\/b2b\/magaza\/network\/infiniband-adapters\/connectx-5-single-dual-port-adapter-supporting-100gb-s-with-vpi\/","url":"https:\/\/gtmteknoloji.com\/b2b\/magaza\/network\/infiniband-adapters\/connectx-5-single-dual-port-adapter-supporting-100gb-s-with-vpi\/","name":"EOL - ConnectX\u00ae-5 Single\/Dual-Port Adapter supporting 100Gb\/s with VPI - GTM Teknoloji","isPartOf":{"@id":"https:\/\/gtmteknoloji.com\/b2b\/#website"},"primaryImageOfPage":{"@id":"https:\/\/gtmteknoloji.com\/b2b\/magaza\/network\/infiniband-adapters\/connectx-5-single-dual-port-adapter-supporting-100gb-s-with-vpi\/#primaryimage"},"image":{"@id":"https:\/\/gtmteknoloji.com\/b2b\/magaza\/network\/infiniband-adapters\/connectx-5-single-dual-port-adapter-supporting-100gb-s-with-vpi\/#primaryimage"},"thumbnailUrl":"https:\/\/gtmteknoloji.com\/b2b\/wp-content\/uploads\/2021\/01\/gfx_03305.png","datePublished":"2025-04-14T01:27:17+00:00","dateModified":"2025-11-30T18:07:21+00:00","breadcrumb":{"@id":"https:\/\/gtmteknoloji.com\/b2b\/magaza\/network\/infiniband-adapters\/connectx-5-single-dual-port-adapter-supporting-100gb-s-with-vpi\/#breadcrumb"},"inLanguage":"tr","potentialAction":[{"@type":"ReadAction","target":["https:\/\/gtmteknoloji.com\/b2b\/magaza\/network\/infiniband-adapters\/connectx-5-single-dual-port-adapter-supporting-100gb-s-with-vpi\/"]}]},{"@type":"ImageObject","inLanguage":"tr","@id":"https:\/\/gtmteknoloji.com\/b2b\/magaza\/network\/infiniband-adapters\/connectx-5-single-dual-port-adapter-supporting-100gb-s-with-vpi\/#primaryimage","url":"https:\/\/gtmteknoloji.com\/b2b\/wp-content\/uploads\/2021\/01\/gfx_03305.png","contentUrl":"https:\/\/gtmteknoloji.com\/b2b\/wp-content\/uploads\/2021\/01\/gfx_03305.png","width":300,"height":231},{"@type":"BreadcrumbList","@id":"https:\/\/gtmteknoloji.com\/b2b\/magaza\/network\/infiniband-adapters\/connectx-5-single-dual-port-adapter-supporting-100gb-s-with-vpi\/#breadcrumb","itemListElement":[{"@type":"ListItem","position":1,"name":"Home","item":"https:\/\/gtmteknoloji.com\/b2b\/"},{"@type":"ListItem","position":2,"name":"Ma\u011faza","item":"https:\/\/gtmteknoloji.com\/b2b\/magaza\/"},{"@type":"ListItem","position":3,"name":"EOL &#8211; ConnectX\u00ae-5 Single\/Dual-Port Adapter supporting 100Gb\/s with VPI"}]},{"@type":"WebSite","@id":"https:\/\/gtmteknoloji.com\/b2b\/#website","url":"https:\/\/gtmteknoloji.com\/b2b\/","name":"GTM Teknoloji","description":"B2B Sat\u0131\u015f Portal\u0131","publisher":{"@id":"https:\/\/gtmteknoloji.com\/b2b\/#organization"},"potentialAction":[{"@type":"SearchAction","target":{"@type":"EntryPoint","urlTemplate":"https:\/\/gtmteknoloji.com\/b2b\/?s={search_term_string}"},"query-input":{"@type":"PropertyValueSpecification","valueRequired":true,"valueName":"search_term_string"}}],"inLanguage":"tr"},{"@type":"Organization","@id":"https:\/\/gtmteknoloji.com\/b2b\/#organization","name":"GTM Teknoloji","url":"https:\/\/gtmteknoloji.com\/b2b\/","logo":{"@type":"ImageObject","inLanguage":"tr","@id":"https:\/\/gtmteknoloji.com\/b2b\/#\/schema\/logo\/image\/","url":"https:\/\/gtmteknoloji.com\/b2b\/wp-content\/uploads\/2020\/12\/GTM-logo.png","contentUrl":"https:\/\/gtmteknoloji.com\/b2b\/wp-content\/uploads\/2020\/12\/GTM-logo.png","width":400,"height":400,"caption":"GTM Teknoloji"},"image":{"@id":"https:\/\/gtmteknoloji.com\/b2b\/#\/schema\/logo\/image\/"},"sameAs":["https:\/\/www.facebook.com\/SupermicroTurkiye\/?locale=tr_TR","https:\/\/x.com\/gtmteknoloji"]}]},"product_brand":"Nvidia","product_price_currency":"USD","og_availability":"instock","product_availability":"instock","product_condition":"new"},"_links":{"self":[{"href":"https:\/\/gtmteknoloji.com\/b2b\/wp-json\/wp\/v2\/product\/9758","targetHints":{"allow":["GET"]}}],"collection":[{"href":"https:\/\/gtmteknoloji.com\/b2b\/wp-json\/wp\/v2\/product"}],"about":[{"href":"https:\/\/gtmteknoloji.com\/b2b\/wp-json\/wp\/v2\/types\/product"}],"version-history":[{"count":2,"href":"https:\/\/gtmteknoloji.com\/b2b\/wp-json\/wp\/v2\/product\/9758\/revisions"}],"predecessor-version":[{"id":10930,"href":"https:\/\/gtmteknoloji.com\/b2b\/wp-json\/wp\/v2\/product\/9758\/revisions\/10930"}],"wp:featuredmedia":[{"embeddable":true,"href":"https:\/\/gtmteknoloji.com\/b2b\/wp-json\/wp\/v2\/media\/6401"}],"wp:attachment":[{"href":"https:\/\/gtmteknoloji.com\/b2b\/wp-json\/wp\/v2\/media?parent=9758"}],"wp:term":[{"taxonomy":"product_brand","embeddable":true,"href":"https:\/\/gtmteknoloji.com\/b2b\/wp-json\/wp\/v2\/product_brand?post=9758"},{"taxonomy":"product_cat","embeddable":true,"href":"https:\/\/gtmteknoloji.com\/b2b\/wp-json\/wp\/v2\/product_cat?post=9758"},{"taxonomy":"product_tag","embeddable":true,"href":"https:\/\/gtmteknoloji.com\/b2b\/wp-json\/wp\/v2\/product_tag?post=9758"}],"curies":[{"name":"wp","href":"https:\/\/api.w.org\/{rel}","templated":true}]}}